{"id":7953,"date":"2018-04-05T17:51:27","date_gmt":"2018-04-05T17:51:27","guid":{"rendered":"https:\/\/doppelwetten.com\/underlaying\/"},"modified":"2019-12-16T21:10:00","modified_gmt":"2019-12-16T21:10:00","slug":"underlaying-matched-betting-deutschland","status":"publish","type":"page","link":"https:\/\/doppelwetten.com\/de\/underlaying-matched-betting-deutschland\/","title":{"rendered":"Underlaying"},"content":{"rendered":"<p>Underlaying und <a href=\"https:\/\/doppelwetten.com\/de\/knowledge-base\/overlaying\/\">Overlaying<\/a> sind gro\u00dfartige Instrumente, die jeder fortgeschrittene Matched Wettende in seinem Repertoire haben sollte.<\/p>\n<p>Underlaying und Overlaying sind Techniken, die darauf ausgelegt sind, den Gewinn je nach Ergebnis der Wette zu variieren.<\/p>\n<p>Beide k\u00f6nnen genutzt werden, um Angebote, die nicht risikofrei sind, risikofrei zu machen und Verluste bei qualifizierenden Wetten zu minimieren.<\/p>\n<p>Dieser Leitfaden zeigt, wie man Underlaying verwendet. Dieses Wissen wird Dir helfen, diese Methode zu verstehen und damit weiterhin Matched Betting Gewinne reinzuholen.<\/p>\n<h1>Was ist Underlaying?<\/h1>\n<p>Underlaying bei einer Matched Wette bedeutet, dass Du eine kleinere Lay-Wette platzierst, als Du es normalerweise machen w\u00fcrdest.<\/p>\n<p>Der Screenshot unten stammt vom <a href=\"https:\/\/doppelwetten.com\/de\/matched-betting-calculator\/\">Doppelwetten MB-Rechner<\/a>. Wenn man eine bestimmte Wette \u201cunderlayed\u201d, bedeutet dies, dass man den Verlust der qualifizierenden Wette von der Back-Wette (beim Buchmacher ) auf die Lay-Wette (bei der Wettb\u00f6rse) schiebt.<\/p>\n<p>Wie das Beispiel unten zeigt, w\u00fcrde man bei einer ganz normalen Matched Wette einen Verlust von \u20ac0,33 machen. Beim Underlaying allerdings hat man, wenn die Back-Wette gewinnt, gar keinen Verlust, aber wenn die Lay-Wette gewinnt, einen h\u00f6heren Verlust als normal.<\/p>\n<p>Das hei\u00dft also, dass Du Deinen Gewinn erh\u00f6hst, wenn Deine Back-Wette gewinnt. Es bedeutet aber auch, dass man weniger Gewinn macht, wenn die Lay-Wette gewinnt.<\/p>\n<h1><img loading=\"lazy\" class=\" wp-image-13893 alignnone\" src=\"https:\/\/doppelwetten.com\/wp-content\/uploads\/2019\/03\/55.png\" alt=\"Underlaying\" width=\"947\" height=\"908\" srcset=\"https:\/\/doppelwetten.com\/wp-content\/uploads\/2019\/03\/55.png 1225w, https:\/\/doppelwetten.com\/wp-content\/uploads\/2019\/03\/55-300x288.png 300w, https:\/\/doppelwetten.com\/wp-content\/uploads\/2019\/03\/55-768x736.png 768w, https:\/\/doppelwetten.com\/wp-content\/uploads\/2019\/03\/55-1024x981.png 1024w\" sizes=\"(max-width: 947px) 100vw, 947px\" \/><\/h1>\n<h2>Wie funktioniert Underlaying?<\/h2>\n<p>Man benutzt die DoppelWetten Matched Betting Tools, um auszurechnen, wie viel man setzen muss um eine Wette zu \u201cunderlayen\u201d.<\/p>\n<p>Benutzt Du den DoppelWetten Rechner, dann \u00e4nderst Du die Wettart vom Einfachen zum Erweiterten Modus.<\/p>\n<p><img loading=\"lazy\" class=\"size-full wp-image-13877 alignnone\" src=\"https:\/\/doppelwetten.com\/wp-content\/uploads\/2019\/03\/54.png\" alt=\"overlaying\" width=\"954\" height=\"47\" srcset=\"https:\/\/doppelwetten.com\/wp-content\/uploads\/2019\/03\/54.png 954w, https:\/\/doppelwetten.com\/wp-content\/uploads\/2019\/03\/54-300x15.png 300w, https:\/\/doppelwetten.com\/wp-content\/uploads\/2019\/03\/54-768x38.png 768w\" sizes=\"(max-width: 954px) 100vw, 954px\" \/><\/p>\n<p>Benutzt Du den <a href=\"https:\/\/doppelwetten.com\/de\/oddsmatcher\/\">DoppelWetten Oddsmatcher<\/a>, dann musst Du ebenfalls vom Einfachen Modus zum Erweiterten Modus wechseln.<\/p>\n<p><img loading=\"lazy\" class=\"alignnone size-full wp-image-13313\" src=\"https:\/\/doppelwetten.com\/wp-content\/uploads\/2019\/02\/modus-third.png\" alt=\"\" width=\"601\" height=\"99\" srcset=\"https:\/\/doppelwetten.com\/wp-content\/uploads\/2019\/02\/modus-third.png 601w, https:\/\/doppelwetten.com\/wp-content\/uploads\/2019\/02\/modus-third-300x49.png 300w\" sizes=\"(max-width: 601px) 100vw, 601px\" \/><\/p>\n<p>Ganz egal, welches Hilfsmittel von DoppelWetten Du benutzt, Du kannst die Rechnungen immer individuell anpassen.<\/p>\n<p>Das hei\u00dft, Du kannst immer genau eingeben, wie hoch Dein Underlaying-Einsatz bei einer bestimmten Matched Wette sein soll.<\/p>\n<p>Man ver\u00e4ndert den Einsatz ganz einfach, indem man den Schieberegler entweder nach links oder rechts bewegt. Man sollte auf jeden Fall immer ein bisschen mit den Zahlen herumspielen, denn nur dadurch versteht man, wie sich die Berechnungen ver\u00e4ndern, wenn sich die Quoten \u00e4ndern oder, wie in diesem Fall, wenn man Underlay oder Overlay benutzt.<\/p>\n<h1><img loading=\"lazy\" class=\"alignnone size-full wp-image-13305\" src=\"https:\/\/doppelwetten.com\/wp-content\/uploads\/2019\/02\/935-fourth.png\" alt=\"\" width=\"601\" height=\"53\" srcset=\"https:\/\/doppelwetten.com\/wp-content\/uploads\/2019\/02\/935-fourth.png 601w, https:\/\/doppelwetten.com\/wp-content\/uploads\/2019\/02\/935-fourth-300x26.png 300w\" sizes=\"(max-width: 601px) 100vw, 601px\" \/><\/h1>\n<h2>Wann benutzt man Underlaying?<\/h2>\n<p><strong>Beispiel 1 <\/strong><strong>\u2013<\/strong><strong> Boni mit einer Mindestwettanforderung<\/strong><\/p>\n<p>Underlaying ist super einsetzbar, wenn man ein Angebot mit einer bestimmten Mindestwettanforderung hat.<\/p>\n<p>Hier ist es ja immer wichtig, dass man sein ganzes Geld m\u00f6glichst \u201everliert\u201c, um es vom Buchmacherkonto auf das Konto der Wettb\u00f6rse zu schieben. \u00a0Viele der Neukundenangebote in Deutschland beinhalten einen 100% Bonus von bis zu \u20ac100, wenn man \u20ac100 einzahlt. Aber, diese Boni haben meist eine bestimmte Wettanforderung, die erst erf\u00fcllt werden muss, bevor das Geld ausgezahlt werden kann.<\/p>\n<p>Anstatt viele kleine Wetten abzuschlie\u00dfen, ist Underlaying am effektivsten, wenn man eine hohe Summe setzt. Der Screenshot vom DoppelWetten Rechner (unten) erkl\u00e4rt dies.<\/p>\n<p>Hier habe ich einen Back-Einsatz von \u20ac200 angegeben. Hier muss auch der Einfache Modus zum Erweiterten Modus ge\u00e4ndert werden, wenn man den Underlaying Rechner benutzt.<\/p>\n<p>In der Underlay-Berechnung ist zu erkennen, dass, wenn die Back-Wette beim Buchmacher gewinnt, wir weiter Matched Wetten abschlie\u00dfen m\u00fcssten, bis wir die Wettanforderung erf\u00fcllt haben. Mit der Underlaying Technik h\u00e4tten wir\u00a0allerdings kein Geld verloren und der gesamte Bonus st\u00fcnde weiterhin zur Verf\u00fcgung. Aber, gewinnt die Lay-Wette, h\u00e4tte man \u20ac31,49 verloren. Dann allerdings h\u00e4tten wir kein Geld mehr im Buchmacherkonto, das verspielt werden m\u00fcsste.<\/p>\n<p><strong>Bitte beachte: wenn Du Underlaying benutzt, ist Dein Verlust, falls die Lay-Wette gewinnt, niedriger, wenn Du etwas h\u00f6here Quoten ausw\u00e4hlst. Beim Underlaying solltest Du daher Quoten von \u00fcber 3,00 ausw\u00e4hlen.<\/strong><\/p>\n<p><strong><img loading=\"lazy\" class=\" wp-image-13897 alignnone\" src=\"https:\/\/doppelwetten.com\/wp-content\/uploads\/2019\/03\/57.png\" alt=\"underlaying\" width=\"946\" height=\"928\" srcset=\"https:\/\/doppelwetten.com\/wp-content\/uploads\/2019\/03\/57.png 1229w, https:\/\/doppelwetten.com\/wp-content\/uploads\/2019\/03\/57-300x294.png 300w, https:\/\/doppelwetten.com\/wp-content\/uploads\/2019\/03\/57-768x753.png 768w, https:\/\/doppelwetten.com\/wp-content\/uploads\/2019\/03\/57-1024x1004.png 1024w\" sizes=\"(max-width: 946px) 100vw, 946px\" \/><\/strong><\/p>\n<p><strong>Beispiel 2<\/strong><strong>\u2013<\/strong><strong> Risikofreie <a style=\"color: green;\" href=\"https:\/\/doppelwetten.com\/de\/knowledge-base\/trigger-wetten-angebote\/\">Trigger Wetten <\/a><\/strong><\/p>\n<p>Underlaying ist au\u00dferdem sehr hilfreich bei Angeboten wie \u201eWette \u20acx und erhalte eine \u20acx Gratiswette, wenn die Wette verliert\u201c. Mit der Underlaying Technik wird solch ein Angebot risikofrei gemacht.<\/p>\n<p>Der Screenshot des Rechners zeigt dies. Platziert man eine ganz regul\u00e4re qualifizierende Wette, dann hat man einen Verlust von \u20ac-1,19 bzw. \u20ac-1,20, ganz egal welche Wette gewinnt. Dies bedeutet, wenn die Back-Wette gewinnt, dann hat man zwar keinen Verlust bei der qualifizierenden Wette, aber daf\u00fcr erh\u00e4lt man keine Gratiswette.<\/p>\n<p>Beim Underlay hat man keinen Verlust, wenn die Back-Wette gewinnt. Der Verlust betr\u00e4gt, -\u20ac1,73, wenn die Lay-Wette gewinnt, aber daf\u00fcr erh\u00e4lt man dann eine Gratiswette.<\/p>\n<p><img loading=\"lazy\" class=\" wp-image-13899 alignnone\" src=\"https:\/\/doppelwetten.com\/wp-content\/uploads\/2019\/03\/58.png\" alt=\"underlaying\" width=\"873\" height=\"823\" srcset=\"https:\/\/doppelwetten.com\/wp-content\/uploads\/2019\/03\/58.png 759w, https:\/\/doppelwetten.com\/wp-content\/uploads\/2019\/03\/58-300x283.png 300w\" sizes=\"(max-width: 873px) 100vw, 873px\" \/><\/p>\n<p>Schau Dir im\u00a0<a style=\"color: green;\" href=\"https:\/\/doppelwetten.com\/de\/forum\/\" target=\"_blank\" rel=\"noopener noreferrer\">Forum<\/a>\u00a0die besten Angebote der Woche an.<\/p>\n","protected":false},"excerpt":{"rendered":"<p>Underlaying und Overlaying sind gro\u00dfartige Instrumente, die jeder fortgeschrittene Matched Wettende in seinem Repertoire haben sollte. Underlaying und Overlaying sind [&hellip;]<\/p>\n","protected":false},"author":1,"featured_media":0,"parent":0,"menu_order":0,"comment_status":"closed","ping_status":"closed","template":"","meta":{"_mi_skip_tracking":false},"yoast_head":"<!-- This site is optimized with the Yoast SEO plugin v19.13 - https:\/\/yoast.com\/wordpress\/plugins\/seo\/ -->\n<title>Underlaying | Risikolose wetten | Sportwetten bonus<\/title>\n<meta name=\"description\" content=\"Underlaying ist eine gro\u00dfartige Technik, die darauf ausgelegt sind, den Gewinn je nach Ergebnis der Wette zu variieren und Angebote risikofrei zu machen.\" \/>\n<meta name=\"robots\" content=\"index, follow, max-snippet:-1, max-image-preview:large, max-video-preview:-1\" \/>\n<link rel=\"canonical\" href=\"https:\/\/doppelwetten.com\/de\/underlaying-matched-betting-deutschland\/\" \/>\n<meta property=\"og:locale\" content=\"de_DE\" \/>\n<meta property=\"og:type\" content=\"article\" \/>\n<meta property=\"og:title\" content=\"Underlaying | Risikolose wetten | Sportwetten bonus\" \/>\n<meta property=\"og:description\" content=\"Underlaying ist eine gro\u00dfartige Technik, die darauf ausgelegt sind, den Gewinn je nach Ergebnis der Wette zu variieren und Angebote risikofrei zu machen.\" \/>\n<meta property=\"og:url\" content=\"https:\/\/doppelwetten.com\/de\/underlaying-matched-betting-deutschland\/\" \/>\n<meta property=\"og:site_name\" content=\"DoppelWetten\" \/>\n<meta property=\"article:modified_time\" content=\"2019-12-16T21:10:00+00:00\" \/>\n<meta property=\"og:image\" content=\"https:\/\/doppelwetten.com\/wp-content\/uploads\/2019\/03\/55.png\" \/>\n<meta name=\"twitter:card\" content=\"summary_large_image\" \/>\n<meta name=\"twitter:site\" content=\"@doppelwetten\" \/>\n<meta name=\"twitter:label1\" content=\"Gesch\u00e4tzte Lesezeit\" \/>\n\t<meta name=\"twitter:data1\" content=\"4 Minuten\" \/>\n<script type=\"application\/ld+json\" class=\"yoast-schema-graph\">{\"@context\":\"https:\/\/schema.org\",\"@graph\":[{\"@type\":\"WebPage\",\"@id\":\"https:\/\/doppelwetten.com\/de\/underlaying-matched-betting-deutschland\/\",\"url\":\"https:\/\/doppelwetten.com\/de\/underlaying-matched-betting-deutschland\/\",\"name\":\"Underlaying | Risikolose wetten | Sportwetten bonus\",\"isPartOf\":{\"@id\":\"https:\/\/doppelwetten.com\/#website\"},\"datePublished\":\"2018-04-05T17:51:27+00:00\",\"dateModified\":\"2019-12-16T21:10:00+00:00\",\"description\":\"Underlaying ist eine gro\u00dfartige Technik, die darauf ausgelegt sind, den Gewinn je nach Ergebnis der Wette zu variieren und Angebote risikofrei zu machen.\",\"breadcrumb\":{\"@id\":\"https:\/\/doppelwetten.com\/de\/underlaying-matched-betting-deutschland\/#breadcrumb\"},\"inLanguage\":\"de-DE\",\"potentialAction\":[{\"@type\":\"ReadAction\",\"target\":[\"https:\/\/doppelwetten.com\/de\/underlaying-matched-betting-deutschland\/\"]}]},{\"@type\":\"BreadcrumbList\",\"@id\":\"https:\/\/doppelwetten.com\/de\/underlaying-matched-betting-deutschland\/#breadcrumb\",\"itemListElement\":[{\"@type\":\"ListItem\",\"position\":1,\"name\":\"Home\",\"item\":\"https:\/\/doppelwetten.com\/de\/\"},{\"@type\":\"ListItem\",\"position\":2,\"name\":\"Underlaying\"}]},{\"@type\":\"WebSite\",\"@id\":\"https:\/\/doppelwetten.com\/#website\",\"url\":\"https:\/\/doppelwetten.com\/\",\"name\":\"DoppelWetten\",\"description\":\"risikolosen Wetten (Schritt f\u00fcr Schritt)\",\"publisher\":{\"@id\":\"https:\/\/doppelwetten.com\/#organization\"},\"potentialAction\":[{\"@type\":\"SearchAction\",\"target\":{\"@type\":\"EntryPoint\",\"urlTemplate\":\"https:\/\/doppelwetten.com\/?s={search_term_string}\"},\"query-input\":\"required name=search_term_string\"}],\"inLanguage\":\"de-DE\"},{\"@type\":\"Organization\",\"@id\":\"https:\/\/doppelwetten.com\/#organization\",\"name\":\"DoppelWetten\",\"url\":\"https:\/\/doppelwetten.com\/\",\"logo\":{\"@type\":\"ImageObject\",\"inLanguage\":\"de-DE\",\"@id\":\"https:\/\/doppelwetten.com\/#\/schema\/logo\/image\/\",\"url\":\"https:\/\/doppelwetten.com\/wp-content\/uploads\/2021\/05\/google-logo-size.png\",\"contentUrl\":\"https:\/\/doppelwetten.com\/wp-content\/uploads\/2021\/05\/google-logo-size.png\",\"caption\":\"DoppelWetten\"},\"image\":{\"@id\":\"https:\/\/doppelwetten.com\/#\/schema\/logo\/image\/\"},\"sameAs\":[\"https:\/\/twitter.com\/doppelwetten\"]}]}<\/script>\n<!-- \/ Yoast SEO plugin. -->","yoast_head_json":{"title":"Underlaying | Risikolose wetten | Sportwetten bonus","description":"Underlaying ist eine gro\u00dfartige Technik, die darauf ausgelegt sind, den Gewinn je nach Ergebnis der Wette zu variieren und Angebote risikofrei zu machen.","robots":{"index":"index","follow":"follow","max-snippet":"max-snippet:-1","max-image-preview":"max-image-preview:large","max-video-preview":"max-video-preview:-1"},"canonical":"https:\/\/doppelwetten.com\/de\/underlaying-matched-betting-deutschland\/","og_locale":"de_DE","og_type":"article","og_title":"Underlaying | Risikolose wetten | Sportwetten bonus","og_description":"Underlaying ist eine gro\u00dfartige Technik, die darauf ausgelegt sind, den Gewinn je nach Ergebnis der Wette zu variieren und Angebote risikofrei zu machen.","og_url":"https:\/\/doppelwetten.com\/de\/underlaying-matched-betting-deutschland\/","og_site_name":"DoppelWetten","article_modified_time":"2019-12-16T21:10:00+00:00","og_image":[{"url":"https:\/\/doppelwetten.com\/wp-content\/uploads\/2019\/03\/55.png"}],"twitter_card":"summary_large_image","twitter_site":"@doppelwetten","twitter_misc":{"Gesch\u00e4tzte Lesezeit":"4 Minuten"},"schema":{"@context":"https:\/\/schema.org","@graph":[{"@type":"WebPage","@id":"https:\/\/doppelwetten.com\/de\/underlaying-matched-betting-deutschland\/","url":"https:\/\/doppelwetten.com\/de\/underlaying-matched-betting-deutschland\/","name":"Underlaying | Risikolose wetten | Sportwetten bonus","isPartOf":{"@id":"https:\/\/doppelwetten.com\/#website"},"datePublished":"2018-04-05T17:51:27+00:00","dateModified":"2019-12-16T21:10:00+00:00","description":"Underlaying ist eine gro\u00dfartige Technik, die darauf ausgelegt sind, den Gewinn je nach Ergebnis der Wette zu variieren und Angebote risikofrei zu machen.","breadcrumb":{"@id":"https:\/\/doppelwetten.com\/de\/underlaying-matched-betting-deutschland\/#breadcrumb"},"inLanguage":"de-DE","potentialAction":[{"@type":"ReadAction","target":["https:\/\/doppelwetten.com\/de\/underlaying-matched-betting-deutschland\/"]}]},{"@type":"BreadcrumbList","@id":"https:\/\/doppelwetten.com\/de\/underlaying-matched-betting-deutschland\/#breadcrumb","itemListElement":[{"@type":"ListItem","position":1,"name":"Home","item":"https:\/\/doppelwetten.com\/de\/"},{"@type":"ListItem","position":2,"name":"Underlaying"}]},{"@type":"WebSite","@id":"https:\/\/doppelwetten.com\/#website","url":"https:\/\/doppelwetten.com\/","name":"DoppelWetten","description":"risikolosen Wetten (Schritt f\u00fcr Schritt)","publisher":{"@id":"https:\/\/doppelwetten.com\/#organization"},"potentialAction":[{"@type":"SearchAction","target":{"@type":"EntryPoint","urlTemplate":"https:\/\/doppelwetten.com\/?s={search_term_string}"},"query-input":"required name=search_term_string"}],"inLanguage":"de-DE"},{"@type":"Organization","@id":"https:\/\/doppelwetten.com\/#organization","name":"DoppelWetten","url":"https:\/\/doppelwetten.com\/","logo":{"@type":"ImageObject","inLanguage":"de-DE","@id":"https:\/\/doppelwetten.com\/#\/schema\/logo\/image\/","url":"https:\/\/doppelwetten.com\/wp-content\/uploads\/2021\/05\/google-logo-size.png","contentUrl":"https:\/\/doppelwetten.com\/wp-content\/uploads\/2021\/05\/google-logo-size.png","caption":"DoppelWetten"},"image":{"@id":"https:\/\/doppelwetten.com\/#\/schema\/logo\/image\/"},"sameAs":["https:\/\/twitter.com\/doppelwetten"]}]}},"_links":{"self":[{"href":"https:\/\/doppelwetten.com\/de\/wp-json\/wp\/v2\/pages\/7953"}],"collection":[{"href":"https:\/\/doppelwetten.com\/de\/wp-json\/wp\/v2\/pages"}],"about":[{"href":"https:\/\/doppelwetten.com\/de\/wp-json\/wp\/v2\/types\/page"}],"author":[{"embeddable":true,"href":"https:\/\/doppelwetten.com\/de\/wp-json\/wp\/v2\/users\/1"}],"replies":[{"embeddable":true,"href":"https:\/\/doppelwetten.com\/de\/wp-json\/wp\/v2\/comments?post=7953"}],"version-history":[{"count":5,"href":"https:\/\/doppelwetten.com\/de\/wp-json\/wp\/v2\/pages\/7953\/revisions"}],"predecessor-version":[{"id":19339,"href":"https:\/\/doppelwetten.com\/de\/wp-json\/wp\/v2\/pages\/7953\/revisions\/19339"}],"wp:attachment":[{"href":"https:\/\/doppelwetten.com\/de\/wp-json\/wp\/v2\/media?parent=7953"}],"curies":[{"name":"wp","href":"https:\/\/api.w.org\/{rel}","templated":true}]}}