{"id":7934,"date":"2018-04-05T15:26:03","date_gmt":"2018-04-05T15:26:03","guid":{"rendered":"https:\/\/doppelwetten.com\/overlaying\/"},"modified":"2019-06-05T01:58:57","modified_gmt":"2019-06-05T01:58:57","slug":"overlaying-matched-betting-deutschland","status":"publish","type":"page","link":"https:\/\/doppelwetten.com\/de\/overlaying-matched-betting-deutschland\/","title":{"rendered":"Overlaying"},"content":{"rendered":"<p>Underlaying und Overlaying sind gro\u00dfartige Instrumente, die jeder fortgeschrittene Matched Wettende in seinem Repertoire haben sollte.<\/p>\n<p>Underlaying und Overlaying sind Techniken, die darauf ausgelegt sind, den Gewinn je nach Ergebnis der Wette zu variieren. Beide k\u00f6nnen genutzt werden, um Angebote, die nicht risikofrei sind, risikofrei zu machen und Verluste bei qualifizierenden Wetten zu minimieren.<\/p>\n<p>Dieser Leitfaden zeigt, wie man Overlaying verwendet. Dieses Wissen wird Dir helfen, diese Methode zu verstehen und damit weiterhin Matched Betting Gewinne einzuholen.<\/p>\n<h1>Was ist Overlaying?<\/h1>\n<p>Overlaying bei einer Matched Wette bedeutet, dass Du eine gr\u00f6\u00dfere Lay-Wette platzierst, als Du es normalerweise machen w\u00fcrdest.<\/p>\n<p>Der Screenshot unten stammt vom <a href=\"https:\/\/doppelwetten.com\/de\/matched-betting-calculator\/\">DoppelWetten Rechner<\/a>. Wenn man eine bestimmte Wette \u201coverlayed\u201d, bedeutet dies, dass man den Verlust der qualifizierenden Wette von der Lay-Wette (bei der Wettb\u00f6rse) \u00a0auf die Back-Wette (beim Buchmacher) schiebt.<\/p>\n<p>Wie das Beispiel unten zeigt, w\u00fcrde man bei einer ganz normalen Matched Wette einen Verlust von \u20ac0,33 machen. Beim Overlaying allerdings hat man, wenn die Lay-Wette gewinnt, gar keinen Verlust, aber wenn die Back-Wette gewinnt, einen h\u00f6heren Verlust als normal.<\/p>\n<p>Das hei\u00dft also, dass Du Deinen Gewinn erh\u00f6hst, wenn Deine Lay-Wette gewinnt. Es bedeutet aber auch, dass man weniger Gewinn macht, wenn die Back-Wette gewinnt.<\/p>\n<h1><img loading=\"lazy\" class=\" wp-image-13874 alignnone\" src=\"https:\/\/doppelwetten.com\/wp-content\/uploads\/2019\/03\/53.png\" alt=\"overlaying\" width=\"948\" height=\"917\" srcset=\"https:\/\/doppelwetten.com\/wp-content\/uploads\/2019\/03\/53.png 1216w, https:\/\/doppelwetten.com\/wp-content\/uploads\/2019\/03\/53-300x290.png 300w, https:\/\/doppelwetten.com\/wp-content\/uploads\/2019\/03\/53-768x743.png 768w, https:\/\/doppelwetten.com\/wp-content\/uploads\/2019\/03\/53-1024x990.png 1024w\" sizes=\"(max-width: 948px) 100vw, 948px\" \/><\/h1>\n<h2>Wie funktioniert Overlaying?<\/h2>\n<p>Man benutzt die DoppelWetten Matched Betting Tools, um auszurechnen, wie viel man auf die Lay-Wette setzen muss, um eine Wette zu \u201eoverlayen\u201d.<\/p>\n<p>Benutzt Du den <a href=\"https:\/\/doppelwetten.com\/de\/matched-betting-calculator\/\">DoppelWetten MB-Rechner<\/a>, dann \u00e4nderst Du die Wettart vom einfachen auf den erweiterten Modus.<\/p>\n<p><img loading=\"lazy\" class=\"size-full wp-image-13877 alignnone\" src=\"https:\/\/doppelwetten.com\/wp-content\/uploads\/2019\/03\/54.png\" alt=\"overlaying\" width=\"954\" height=\"47\" srcset=\"https:\/\/doppelwetten.com\/wp-content\/uploads\/2019\/03\/54.png 954w, https:\/\/doppelwetten.com\/wp-content\/uploads\/2019\/03\/54-300x15.png 300w, https:\/\/doppelwetten.com\/wp-content\/uploads\/2019\/03\/54-768x38.png 768w\" sizes=\"(max-width: 954px) 100vw, 954px\" \/><\/p>\n<p>Benutzt Du den <a href=\"https:\/\/doppelwetten.com\/de\/oddsmatcher\/\">DoppelWetten Oddsmatcher<\/a>, dann musst Du ebenfalls vom einfachen Modus zum erweiterten Modus wechseln.<\/p>\n<p><img loading=\"lazy\" class=\"alignnone size-full wp-image-13313\" src=\"https:\/\/doppelwetten.com\/wp-content\/uploads\/2019\/02\/modus-third.png\" alt=\"\" width=\"601\" height=\"99\" srcset=\"https:\/\/doppelwetten.com\/wp-content\/uploads\/2019\/02\/modus-third.png 601w, https:\/\/doppelwetten.com\/wp-content\/uploads\/2019\/02\/modus-third-300x49.png 300w\" sizes=\"(max-width: 601px) 100vw, 601px\" \/><\/p>\n<p>Ganz egal, welches Hilfsmittel von DoppelWetten Du benutzt, Du kannst die Berechnungen immer individuell anpassen.<\/p>\n<p>Das hei\u00dft, Du kannst immer genau eingeben, wie hoch Dein Overlaying Einsatz bei einer bestimmten Matched Wette sein soll. Man ver\u00e4ndert den Einsatz ganz einfach, indem man den Regler entweder nach links oder rechts bewegt. Man sollte auf jeden Fall immer ein bisschen mit den Zahlen herumspielen, denn nur dadurch versteht man, wie sich die Berechnungen ver\u00e4ndern, wenn sich die Quoten \u00e4ndern oder, wie in diesem Fall, wenn man Underlay oder Overlay benutzt.<\/p>\n<h1><img loading=\"lazy\" class=\"alignnone size-full wp-image-13305\" src=\"https:\/\/doppelwetten.com\/wp-content\/uploads\/2019\/02\/935-fourth.png\" alt=\"\" width=\"601\" height=\"53\" srcset=\"https:\/\/doppelwetten.com\/wp-content\/uploads\/2019\/02\/935-fourth.png 601w, https:\/\/doppelwetten.com\/wp-content\/uploads\/2019\/02\/935-fourth-300x26.png 300w\" sizes=\"(max-width: 601px) 100vw, 601px\" \/><\/h1>\n<h2>Wann benutzt man Overlaying?<\/h2>\n<p>Am h\u00e4ufigsten wird Overlaying bei <a style=\"color: green;\" href=\"https:\/\/doppelwetten.com\/de\/knowledge-base\/trigger-wetten-angebote\/\">Trigger Wetten<\/a> benutzt. Bei diesen Wetten erh\u00e4lt man eine Gratiswette, wenn seine Back-Wette gewinnt.<\/p>\n<p>Die Trigger Wetten sind nicht risikofrei, denn das Risiko besteht, dass der Trigger (der Ausl\u00f6ser f\u00fcr die Gratiswette) nicht eintritt.<\/p>\n<p>Aber indem man die Overlaying Technik benutzt, kann man genau diese Trigger Wetten risikofrei machen.<\/p>\n<h2>Beispiel \u2013 Overlaying eines <a href=\"https:\/\/doppelwetten.com\/de\/knowledge-base\/trigger-wetten-angebote\/\">Trigger Wetten Angebots<\/a><\/h2>\n<p>Overlaying ist eine herausragende Technik f\u00fcr Trigger Wetten Angebote, bei denen man eine Gratiswette erh\u00e4lt im Falle, dass die Back-Wette gewinnt. Indem man Overlaying benutzt, kann man solch ein Angebot risikofrei wahrnehmen.<\/p>\n<p>Der Screenshot des Rechners zeigt dies. Platziert man eine ganz regul\u00e4re qualifizierende Wette, dann hat man einen Verlust von \u20ac-1,06 bzw. \u20ac-1,07, ganz egal, welche Wette gewinnt. Hinzu kommt, dass man in diesem Fall beim Gewinn der Lay-Wette einen Verlust erzielt, aber keine Gratiswette erh\u00e4lt.<\/p>\n<p>Die Berechnung sieht gleich ganz anders aus, wenn man einen h\u00f6heren Einsatz auf die Lay-Wette setzt und die Wette \u201coverlayed\u201d.<\/p>\n<p>Beim Overlay hat man keinen Verlust, wenn die Lay-Wette gewinnt. Der Verlust betr\u00e4gt \u20ac-4,54, wenn die Back-Wette gewinnt, aber daf\u00fcr erh\u00e4lt man dann eine Gratiswette.<\/p>\n<p><img loading=\"lazy\" class=\"wp-image-13869 alignnone\" src=\"https:\/\/doppelwetten.com\/wp-content\/uploads\/2019\/03\/51.png\" alt=\"Matched Betting Rechner\" width=\"947\" height=\"915\" srcset=\"https:\/\/doppelwetten.com\/wp-content\/uploads\/2019\/03\/51.png 1193w, https:\/\/doppelwetten.com\/wp-content\/uploads\/2019\/03\/51-300x290.png 300w, https:\/\/doppelwetten.com\/wp-content\/uploads\/2019\/03\/51-768x742.png 768w, https:\/\/doppelwetten.com\/wp-content\/uploads\/2019\/03\/51-1024x990.png 1024w\" sizes=\"(max-width: 947px) 100vw, 947px\" \/><\/p>\n<p>Schau Dir im\u00a0<a style=\"color: green;\" href=\"https:\/\/doppelwetten.com\/de\/forum\/\" target=\"_blank\" rel=\"noopener noreferrer\"><span style=\"color: #3366ff;\">Forum<\/span><\/a>\u00a0die besten Angebote der Woche an.<\/p>\n","protected":false},"excerpt":{"rendered":"<p>Underlaying und Overlaying sind gro\u00dfartige Instrumente, die jeder fortgeschrittene Matched Wettende in seinem Repertoire haben sollte. Underlaying und Overlaying sind [&hellip;]<\/p>\n","protected":false},"author":1,"featured_media":0,"parent":0,"menu_order":0,"comment_status":"closed","ping_status":"closed","template":"","meta":{"_mi_skip_tracking":false},"yoast_head":"<!-- This site is optimized with the Yoast SEO plugin v19.13 - https:\/\/yoast.com\/wordpress\/plugins\/seo\/ -->\n<title>Overlaying | Risikolose wetten | Sportwetten bonus<\/title>\n<meta name=\"description\" content=\"Overlaying ist eine gro\u00dfartige Technik, die darauf ausgelegt sind, den Gewinn je nach Ergebnis der Wette zu variieren und Angebote risikofrei zu machen.\" \/>\n<meta name=\"robots\" content=\"index, follow, max-snippet:-1, max-image-preview:large, max-video-preview:-1\" \/>\n<link rel=\"canonical\" href=\"https:\/\/doppelwetten.com\/de\/overlaying-matched-betting-deutschland\/\" \/>\n<meta property=\"og:locale\" content=\"de_DE\" \/>\n<meta property=\"og:type\" content=\"article\" \/>\n<meta property=\"og:title\" content=\"Overlaying | Risikolose wetten | Sportwetten bonus\" \/>\n<meta property=\"og:description\" content=\"Overlaying ist eine gro\u00dfartige Technik, die darauf ausgelegt sind, den Gewinn je nach Ergebnis der Wette zu variieren und Angebote risikofrei zu machen.\" \/>\n<meta property=\"og:url\" content=\"https:\/\/doppelwetten.com\/de\/overlaying-matched-betting-deutschland\/\" \/>\n<meta property=\"og:site_name\" content=\"DoppelWetten\" \/>\n<meta property=\"article:modified_time\" content=\"2019-06-05T01:58:57+00:00\" \/>\n<meta property=\"og:image\" content=\"https:\/\/doppelwetten.com\/wp-content\/uploads\/2019\/03\/53.png\" \/>\n<meta name=\"twitter:card\" content=\"summary_large_image\" \/>\n<meta name=\"twitter:site\" content=\"@doppelwetten\" \/>\n<meta name=\"twitter:label1\" content=\"Gesch\u00e4tzte Lesezeit\" \/>\n\t<meta name=\"twitter:data1\" content=\"3 Minuten\" \/>\n<script type=\"application\/ld+json\" class=\"yoast-schema-graph\">{\"@context\":\"https:\/\/schema.org\",\"@graph\":[{\"@type\":\"WebPage\",\"@id\":\"https:\/\/doppelwetten.com\/de\/overlaying-matched-betting-deutschland\/\",\"url\":\"https:\/\/doppelwetten.com\/de\/overlaying-matched-betting-deutschland\/\",\"name\":\"Overlaying | Risikolose wetten | Sportwetten bonus\",\"isPartOf\":{\"@id\":\"https:\/\/doppelwetten.com\/#website\"},\"datePublished\":\"2018-04-05T15:26:03+00:00\",\"dateModified\":\"2019-06-05T01:58:57+00:00\",\"description\":\"Overlaying ist eine gro\u00dfartige Technik, die darauf ausgelegt sind, den Gewinn je nach Ergebnis der Wette zu variieren und Angebote risikofrei zu machen.\",\"breadcrumb\":{\"@id\":\"https:\/\/doppelwetten.com\/de\/overlaying-matched-betting-deutschland\/#breadcrumb\"},\"inLanguage\":\"de-DE\",\"potentialAction\":[{\"@type\":\"ReadAction\",\"target\":[\"https:\/\/doppelwetten.com\/de\/overlaying-matched-betting-deutschland\/\"]}]},{\"@type\":\"BreadcrumbList\",\"@id\":\"https:\/\/doppelwetten.com\/de\/overlaying-matched-betting-deutschland\/#breadcrumb\",\"itemListElement\":[{\"@type\":\"ListItem\",\"position\":1,\"name\":\"Home\",\"item\":\"https:\/\/doppelwetten.com\/de\/\"},{\"@type\":\"ListItem\",\"position\":2,\"name\":\"Overlaying\"}]},{\"@type\":\"WebSite\",\"@id\":\"https:\/\/doppelwetten.com\/#website\",\"url\":\"https:\/\/doppelwetten.com\/\",\"name\":\"DoppelWetten\",\"description\":\"risikolosen Wetten (Schritt f\u00fcr Schritt)\",\"publisher\":{\"@id\":\"https:\/\/doppelwetten.com\/#organization\"},\"potentialAction\":[{\"@type\":\"SearchAction\",\"target\":{\"@type\":\"EntryPoint\",\"urlTemplate\":\"https:\/\/doppelwetten.com\/?s={search_term_string}\"},\"query-input\":\"required name=search_term_string\"}],\"inLanguage\":\"de-DE\"},{\"@type\":\"Organization\",\"@id\":\"https:\/\/doppelwetten.com\/#organization\",\"name\":\"DoppelWetten\",\"url\":\"https:\/\/doppelwetten.com\/\",\"logo\":{\"@type\":\"ImageObject\",\"inLanguage\":\"de-DE\",\"@id\":\"https:\/\/doppelwetten.com\/#\/schema\/logo\/image\/\",\"url\":\"https:\/\/doppelwetten.com\/wp-content\/uploads\/2021\/05\/google-logo-size.png\",\"contentUrl\":\"https:\/\/doppelwetten.com\/wp-content\/uploads\/2021\/05\/google-logo-size.png\",\"caption\":\"DoppelWetten\"},\"image\":{\"@id\":\"https:\/\/doppelwetten.com\/#\/schema\/logo\/image\/\"},\"sameAs\":[\"https:\/\/twitter.com\/doppelwetten\"]}]}<\/script>\n<!-- \/ Yoast SEO plugin. -->","yoast_head_json":{"title":"Overlaying | Risikolose wetten | Sportwetten bonus","description":"Overlaying ist eine gro\u00dfartige Technik, die darauf ausgelegt sind, den Gewinn je nach Ergebnis der Wette zu variieren und Angebote risikofrei zu machen.","robots":{"index":"index","follow":"follow","max-snippet":"max-snippet:-1","max-image-preview":"max-image-preview:large","max-video-preview":"max-video-preview:-1"},"canonical":"https:\/\/doppelwetten.com\/de\/overlaying-matched-betting-deutschland\/","og_locale":"de_DE","og_type":"article","og_title":"Overlaying | Risikolose wetten | Sportwetten bonus","og_description":"Overlaying ist eine gro\u00dfartige Technik, die darauf ausgelegt sind, den Gewinn je nach Ergebnis der Wette zu variieren und Angebote risikofrei zu machen.","og_url":"https:\/\/doppelwetten.com\/de\/overlaying-matched-betting-deutschland\/","og_site_name":"DoppelWetten","article_modified_time":"2019-06-05T01:58:57+00:00","og_image":[{"url":"https:\/\/doppelwetten.com\/wp-content\/uploads\/2019\/03\/53.png"}],"twitter_card":"summary_large_image","twitter_site":"@doppelwetten","twitter_misc":{"Gesch\u00e4tzte Lesezeit":"3 Minuten"},"schema":{"@context":"https:\/\/schema.org","@graph":[{"@type":"WebPage","@id":"https:\/\/doppelwetten.com\/de\/overlaying-matched-betting-deutschland\/","url":"https:\/\/doppelwetten.com\/de\/overlaying-matched-betting-deutschland\/","name":"Overlaying | Risikolose wetten | Sportwetten bonus","isPartOf":{"@id":"https:\/\/doppelwetten.com\/#website"},"datePublished":"2018-04-05T15:26:03+00:00","dateModified":"2019-06-05T01:58:57+00:00","description":"Overlaying ist eine gro\u00dfartige Technik, die darauf ausgelegt sind, den Gewinn je nach Ergebnis der Wette zu variieren und Angebote risikofrei zu machen.","breadcrumb":{"@id":"https:\/\/doppelwetten.com\/de\/overlaying-matched-betting-deutschland\/#breadcrumb"},"inLanguage":"de-DE","potentialAction":[{"@type":"ReadAction","target":["https:\/\/doppelwetten.com\/de\/overlaying-matched-betting-deutschland\/"]}]},{"@type":"BreadcrumbList","@id":"https:\/\/doppelwetten.com\/de\/overlaying-matched-betting-deutschland\/#breadcrumb","itemListElement":[{"@type":"ListItem","position":1,"name":"Home","item":"https:\/\/doppelwetten.com\/de\/"},{"@type":"ListItem","position":2,"name":"Overlaying"}]},{"@type":"WebSite","@id":"https:\/\/doppelwetten.com\/#website","url":"https:\/\/doppelwetten.com\/","name":"DoppelWetten","description":"risikolosen Wetten (Schritt f\u00fcr Schritt)","publisher":{"@id":"https:\/\/doppelwetten.com\/#organization"},"potentialAction":[{"@type":"SearchAction","target":{"@type":"EntryPoint","urlTemplate":"https:\/\/doppelwetten.com\/?s={search_term_string}"},"query-input":"required name=search_term_string"}],"inLanguage":"de-DE"},{"@type":"Organization","@id":"https:\/\/doppelwetten.com\/#organization","name":"DoppelWetten","url":"https:\/\/doppelwetten.com\/","logo":{"@type":"ImageObject","inLanguage":"de-DE","@id":"https:\/\/doppelwetten.com\/#\/schema\/logo\/image\/","url":"https:\/\/doppelwetten.com\/wp-content\/uploads\/2021\/05\/google-logo-size.png","contentUrl":"https:\/\/doppelwetten.com\/wp-content\/uploads\/2021\/05\/google-logo-size.png","caption":"DoppelWetten"},"image":{"@id":"https:\/\/doppelwetten.com\/#\/schema\/logo\/image\/"},"sameAs":["https:\/\/twitter.com\/doppelwetten"]}]}},"_links":{"self":[{"href":"https:\/\/doppelwetten.com\/de\/wp-json\/wp\/v2\/pages\/7934"}],"collection":[{"href":"https:\/\/doppelwetten.com\/de\/wp-json\/wp\/v2\/pages"}],"about":[{"href":"https:\/\/doppelwetten.com\/de\/wp-json\/wp\/v2\/types\/page"}],"author":[{"embeddable":true,"href":"https:\/\/doppelwetten.com\/de\/wp-json\/wp\/v2\/users\/1"}],"replies":[{"embeddable":true,"href":"https:\/\/doppelwetten.com\/de\/wp-json\/wp\/v2\/comments?post=7934"}],"version-history":[{"count":5,"href":"https:\/\/doppelwetten.com\/de\/wp-json\/wp\/v2\/pages\/7934\/revisions"}],"predecessor-version":[{"id":16164,"href":"https:\/\/doppelwetten.com\/de\/wp-json\/wp\/v2\/pages\/7934\/revisions\/16164"}],"wp:attachment":[{"href":"https:\/\/doppelwetten.com\/de\/wp-json\/wp\/v2\/media?parent=7934"}],"curies":[{"name":"wp","href":"https:\/\/api.w.org\/{rel}","templated":true}]}}