{"id":7918,"date":"2018-04-03T18:51:14","date_gmt":"2018-04-03T18:51:14","guid":{"rendered":"https:\/\/doppelwetten.com\/dutching\/"},"modified":"2022-11-15T12:51:44","modified_gmt":"2022-11-15T12:51:44","slug":"dutching","status":"publish","type":"page","link":"https:\/\/doppelwetten.com\/de\/dutching\/","title":{"rendered":"Dutching"},"content":{"rendered":"<h1 style=\"text-align: left;\">Was ist Dutching?<\/h1>\n<p>Dutching ist eine weitere risikofreie Technik f\u00fcr Matched Wettende.\u00a0 Beim Dutching schlie\u00dft man Wetten auf alle Ergebnisse eines Spiels ab. Aber anstatt einen Buchmacher und eine Wettb\u00f6rse zu nutzen, benutzt man mehrere Buchmacher.<\/p>\n<p>Sehr \u00e4hnlich wie bei einem Arb wird das Dutching zu einer lukrativen Gewinnm\u00f6glichkeit, sobald ein Buchmacher h\u00f6here Quoten auf ein bestimmtes Resultat anbietet als die anderen Buchmacher (die <a href=\"https:\/\/doppelwetten.com\/de\/was-ist-eine-wettboerse\/\">Wettb\u00f6rse<\/a> mal ganz ausgenommen). Kommt dies vor, kann man ganz einfach auf alle Ergebnisse eines Spiels setzen und sichert sich einen netten Gewinn.<\/p>\n<p>Der unten stehende Screenshot zeigt dieses anhand eines Tennisspiels auf.<\/p>\n<p><img loading=\"lazy\" class=\"size-full wp-image-7910 alignnone\" src=\"https:\/\/doppelwetten.com\/wp-content\/uploads\/2018\/04\/example-36.png\" alt=\"Matched Betting Germany\" width=\"946\" height=\"31\" srcset=\"https:\/\/doppelwetten.com\/wp-content\/uploads\/2018\/04\/example-36.png 946w, https:\/\/doppelwetten.com\/wp-content\/uploads\/2018\/04\/example-36-300x10.png 300w, https:\/\/doppelwetten.com\/wp-content\/uploads\/2018\/04\/example-36-768x25.png 768w\" sizes=\"(max-width: 946px) 100vw, 946px\" \/><\/p>\n<p>Das Rating, rot eingef\u00e4rbt, zeigt an, dass es sich hier um eine profitable Dutching M\u00f6glichkeit handelt. F\u00fcr jeden Einsatz von \u20ac100 kann man mit einem Gewinn von 2,86% rechnen, also mit \u20ac2,86.<\/p>\n<p>Allerdings setzen wir nicht einfach blind \u20ac50 auf jedes Ergebnis. Stattdessen benutzen wir den DoppelWetten <a href=\"https:\/\/doppelwetten.com\/dutching-application\/\">Dutch Matcher<\/a>, um uns genau ausrechnen zu lassen, wie hoch unser Einsatz auf das jeweilige Ergebnis sein soll. Damit erhalten wir dann den Gewinn, ganz egal wie das Tennismatch ausgeht.<\/p>\n<p>Hier wird die Berechnung des DoppelWetten Dutch Matchers gezeigt. Dieser ist unter Tools zu finden, und hier ist ein Schritt-f\u00fcr-Schritt <a href=\"https:\/\/doppelwetten.com\/de\/knowledge-base\/anleitung-fuer-den-dutch-matcher\/\">Leitfaden<\/a> dar\u00fcber, wie er benutzt wird.<\/p>\n<p><img loading=\"lazy\" class=\"size-full wp-image-7911 alignnone\" src=\"https:\/\/doppelwetten.com\/wp-content\/uploads\/2018\/04\/example-35.png\" alt=\"Matched Betting Deutsch\" width=\"837\" height=\"308\" srcset=\"https:\/\/doppelwetten.com\/wp-content\/uploads\/2018\/04\/example-35.png 837w, https:\/\/doppelwetten.com\/wp-content\/uploads\/2018\/04\/example-35-300x110.png 300w, https:\/\/doppelwetten.com\/wp-content\/uploads\/2018\/04\/example-35-768x283.png 768w\" sizes=\"(max-width: 837px) 100vw, 837px\" \/><\/p>\n<p>Die Quoten f\u00fcr Spieler 1 liegen bei 1,80. W\u00fcrde man \u20ac57,14 einsetzen, erhielte man \u00a0\u20ac102,85.<\/p>\n<p>Die Quoten f\u00fcr Spieler 2 liegen bei 2,40. Setzt man \u20ac42,86, w\u00fcrde man \u20ac102,86 kriegen.<\/p>\n<p>Das bedeutet also, dass, ganz egal welcher Spieler gewinnt, man \u20ac2,85 an Gewinn macht.<\/p>\n<h2>Wie findet man M\u00f6glichkeiten zum Dutching?<\/h2>\n<p>Am einfachsten findet man Dutching M\u00f6glichkeiten, indem man den DoppelWetten <a href=\"https:\/\/doppelwetten.com\/dutching-application\/\">Dutch Matcher<\/a> benutzt.<\/p>\n<p><img loading=\"lazy\" class=\"wp-image-13836 alignnone\" src=\"https:\/\/doppelwetten.com\/wp-content\/uploads\/2019\/03\/46.png\" alt=\"Dutchmatcher\" width=\"839\" height=\"491\" srcset=\"https:\/\/doppelwetten.com\/wp-content\/uploads\/2019\/03\/46.png 1176w, https:\/\/doppelwetten.com\/wp-content\/uploads\/2019\/03\/46-300x176.png 300w, https:\/\/doppelwetten.com\/wp-content\/uploads\/2019\/03\/46-768x449.png 768w, https:\/\/doppelwetten.com\/wp-content\/uploads\/2019\/03\/46-1024x599.png 1024w\" sizes=\"(max-width: 839px) 100vw, 839px\" \/><\/p>\n<p>Dieser l\u00e4sst einen Filter einsetzen und das Layout des Dutch Matchers ist dem des Oddsmatchers \u00e4hnlich.<\/p>\n<p>Indem man auf das kleine \u201ci\u201d auf der rechten Seite klickt, \u00f6ffnet sich ein neues Fenster mit der detaillierten Berechnung.<\/p>\n<h2>Ist Dutching das gleiche wie Arbing?<\/h2>\n<p>Arbing und Dutching sind, im Gro\u00dfen und Ganzen, die gleichen Techniken.<\/p>\n<p>Der Unterschied besteht darin, dass man beim Arbing die Wette bei der Wettb\u00f6rse layed und beim Dutching die verschiedenen Wetten bei mehreren Buchmachern abschlie\u00dft. Somit ist es wichtig, sowohl beim Arbing als auch beim Dutching, vorsichtig vorzugehen.<\/p>\n<p>Es ist auf jeden Fall sehr wichtig, die unten stehenden Vorsichtsma\u00dfnahmen zu lesen, denn es sollte vermieden werden, Buchmacherkonten zu verlieren.<\/p>\n<h2>Die Vorteile der Methode<\/h2>\n<p>Dutching hat einige Vorteile, die es dem Arbing und dem normalen Matched Betting (bei qualifizierenden Wetten) \u00fcberlegen macht.<\/p>\n<p>Diese Vorteile sind die Folgenden:<br \/>\n<i class=\"icon-circle hb-icon-float-left hb-icon-small hb-icon\" style=\"color:#0099ff\"><\/i>Man reduziert den Verlust bei den qualifizierenden Wetten. Gibt es Angebote bei mehreren Buchmachern, kann man die Methode anwenden und sich f\u00fcr mehrere Angebote mit einem Streich qualifizieren.<br \/>\n<i class=\"icon-circle hb-icon-float-left hb-icon-small hb-icon\" style=\"color:#0099ff\"><\/i>Die Mindestwettanforderungen mehrerer Angebote k\u00f6nnen gleichzeitig vervollst\u00e4ndigt werden. Alternativ kann man die Wettanforderungen f\u00fcr ein Angebot abschlie\u00dfen, w\u00e4hrend man eine qualifizierende Wette f\u00fcr ein weiteres Angebot setzt.<\/p>\n<h2>Vorsicht! Quoten-Falle!<\/h2>\n<p>Dutching ist zwar eine risikofreie Matched Betting Technik und kann Deinen Gewinn hoch ausfallen lassen.\u00a0 Allerdings ist es wichtig, die damit verbundenen Gefahren zu (er)kennen.<\/p>\n<p>Wettanbieter k\u00f6nnen Spieler, die Dutching benutzen, \u00fcberhaupt nicht leiden und werden schnell zuschlagen und Konton, die zuviel \u201edutchen\u201c, einschr\u00e4nken oder sogar sperren. In diesem Zusammenhang sollte man nicht vergessen, dass Konten, die \u201egegubbed\u201c (also eingeschr\u00e4nkt oder gesperrt) wurden, so schnell nicht wieder zu entsperren sind.<\/p>\n<p>Meist ist dies gar nicht m\u00f6glich.\u00a0 Daher sollte man sich immer \u00fcberlegen, ob ein kurzfristiger Gewinn es Wert ist, dass einem das Konto gesperrt wird.<\/p>\n<p>Die Quoten auf dem Markt werden konstant von den Buchmachern beobachtet. Daher werden die es auch wissen, solltest Du einen Dutch benutzen. Als Beispiel: Setzt Du normalerweise immer \u20ac20 Wetten auf die gro\u00dfen Fussballliegen und pl\u00f6tzlich eine \u20ac500 Wette auf irgendein Pferd oder einen russischen Drittligaverein, dann sieht das schon komisch aus, und Dein Konto wird sicher gegubbed.<\/p>\n<h1><img loading=\"lazy\" class=\"alignnone size-full wp-image-10582\" src=\"https:\/\/doppelwetten.com\/wp-content\/uploads\/2018\/12\/Dutching.png\" alt=\"Dutching\" width=\"1036\" height=\"418\" srcset=\"https:\/\/doppelwetten.com\/wp-content\/uploads\/2018\/12\/Dutching.png 1036w, https:\/\/doppelwetten.com\/wp-content\/uploads\/2018\/12\/Dutching-300x121.png 300w, https:\/\/doppelwetten.com\/wp-content\/uploads\/2018\/12\/Dutching-768x310.png 768w, https:\/\/doppelwetten.com\/wp-content\/uploads\/2018\/12\/Dutching-1024x413.png 1024w\" sizes=\"(max-width: 1036px) 100vw, 1036px\" \/><\/h1>\n<h2><img loading=\"lazy\" class=\"alignnone size-full wp-image-10584\" src=\"https:\/\/doppelwetten.com\/wp-content\/uploads\/2018\/12\/Dutching1.png\" alt=\"Dutching\" width=\"1037\" height=\"422\" srcset=\"https:\/\/doppelwetten.com\/wp-content\/uploads\/2018\/12\/Dutching1.png 1037w, https:\/\/doppelwetten.com\/wp-content\/uploads\/2018\/12\/Dutching1-300x122.png 300w, https:\/\/doppelwetten.com\/wp-content\/uploads\/2018\/12\/Dutching1-768x313.png 768w, https:\/\/doppelwetten.com\/wp-content\/uploads\/2018\/12\/Dutching1-1024x417.png 1024w\" sizes=\"(max-width: 1037px) 100vw, 1037px\" \/><br \/>\nWie kann man Dutching auf eine sichere Weise anwenden?<\/h2>\n<p>Jedes Dutching ist mit der Gefahr verbunden, ein gesperrtes Konto\u00a0 davonzutragen. Aber, das Risiko kann etwas minimiert werden, indem man sich an die folgenden Regeln h\u00e4lt.<\/p>\n<p><i class=\"icon\">1<\/i>Benutze Dutching nur bei popul\u00e4ren Teams oder Spielen. Andere Spieler werden da auch drauf wetten und Du hebst Dich nicht von der Masse ab.<\/p>\n<p><i class=\"icon\">2<\/i>Platziere ganz normale Eins\u00e4tze. Setzt Du normalerweise Wetten von \u20ac20, dann schaut eine \u20ac100 Dutch-Wette seltsam aus. Wettest Du normalerweise so zwischen \u20ac20 &#8211; \u20ac50, dann ist ein Einsatz von \u20ac30 aber ok.<\/p>\n<p><i class=\"icon\">3<\/i>Setze die Methode nur bei Buchmachern ein, die keine guten Reload-Angebote im Repertoire haben. Wird Dein Konto im Endeffekt tats\u00e4chlich gesperrt, dann wenigsens bei einem Buchmacher, der eh nicht so profitabel war.<\/p>\n<p><i class=\"icon\">4<\/i>Mache es nur mit den Konten, bei denen bereits eine Sperrung erfolgt ist. Auch wenn Dein Konto bereits eingeschr\u00e4nkt ist und Du bei Angeboten und Boni nicht mehr teilnehmen darfst, ist es meistens m\u00f6glich, noch ganz normale Wetten zu setzen. Ist das Konto halt eh schon eingeschr\u00e4nkt, wird die Begrenzung wahrscheinlich auch nicht mehr aufgehoben. Daher kannst Du es auch riskieren, das Konto ganz geschlossen zu bekommen, aber wenigstens hast Du vorher noch schnell einen Gewinn mit Dutching rausgeschlagen.<\/p>\n<h2>Schlussfolgerung<\/h2>\n<p>Beim Dutching nutzt man den Vorteil f\u00fcr sich, dass die Quoten eines Buchmachers h\u00f6her sind als die, die der Markt hergibt.<\/p>\n<p>Dutching verschafft einem zwar einen schnellen Gewinn, aber auf lange Sicht verspricht diese Technik keinen Mehrwert. Matched Betting ist\u00a0 profitabler.<\/p>\n<p>Ab und an mal eine Dutch-Wette zu setzen, ist kein Problem und wird Dir auch nicht gleich eine Kontosperrung einbringen, solange Du Dich an ein paar Regeln h\u00e4lst, und auch mal eine Mug-Wette abschlie\u00dft.<\/p>\n<p>Regelm\u00e4\u00dfiges Dutching, ohne die Regeln der <a style=\"color: green;\" href=\"https:\/\/doppelwetten.com\/de\/knowledge-base\/kontoerhaltung\/\">Kontoerhaltung<\/a> zu beachten, bringt Dir allerdings den \u00c4rger der Buchmacher ein und Dein Konto wird wahrscheinlich gesperrt.<\/p>\n<p>Bitte lies unseren Leitfaden <a style=\"color: green;\" href=\"https:\/\/doppelwetten.com\/de\/knowledge-base\/kontoerhaltung\/\">Kontoerhaltung<\/a> und stelle Deine Fragen im\u00a0<a style=\"color: green;\" href=\"https:\/\/doppelwetten.com\/forum\/\">Forum<\/a>.<\/p>\n","protected":false},"excerpt":{"rendered":"<p>Was ist Dutching? Dutching ist eine weitere risikofreie Technik f\u00fcr Matched Wettende.\u00a0 Beim Dutching schlie\u00dft man Wetten auf alle Ergebnisse [&hellip;]<\/p>\n","protected":false},"author":1,"featured_media":0,"parent":0,"menu_order":0,"comment_status":"closed","ping_status":"closed","template":"","meta":{"_mi_skip_tracking":false},"yoast_head":"<!-- This site is optimized with the Yoast SEO plugin v19.13 - https:\/\/yoast.com\/wordpress\/plugins\/seo\/ -->\n<title>Dutching | risikofreie Wetten | Matched Betting Deutschland<\/title>\n<meta name=\"description\" content=\"Dutching beschreibt eine der risikofreie Techniken die man f\u00fcrs Matched Wetten benutzt. Man Wetten auf alle Ergebnisse eines Spiels ab\" \/>\n<meta name=\"robots\" content=\"index, follow, max-snippet:-1, max-image-preview:large, max-video-preview:-1\" \/>\n<link rel=\"canonical\" href=\"https:\/\/doppelwetten.com\/de\/dutching\/\" \/>\n<meta property=\"og:locale\" content=\"de_DE\" \/>\n<meta property=\"og:type\" content=\"article\" \/>\n<meta property=\"og:title\" content=\"Dutching | risikofreie Wetten | Matched Betting Deutschland\" \/>\n<meta property=\"og:description\" content=\"Dutching beschreibt eine der risikofreie Techniken die man f\u00fcrs Matched Wetten benutzt. Man Wetten auf alle Ergebnisse eines Spiels ab\" \/>\n<meta property=\"og:url\" content=\"https:\/\/doppelwetten.com\/de\/dutching\/\" \/>\n<meta property=\"og:site_name\" content=\"DoppelWetten\" \/>\n<meta property=\"article:modified_time\" content=\"2022-11-15T12:51:44+00:00\" \/>\n<meta property=\"og:image\" content=\"https:\/\/doppelwetten.com\/wp-content\/uploads\/2018\/04\/example-36.png\" \/>\n<meta name=\"twitter:card\" content=\"summary_large_image\" \/>\n<meta name=\"twitter:site\" content=\"@doppelwetten\" \/>\n<meta name=\"twitter:label1\" content=\"Gesch\u00e4tzte Lesezeit\" \/>\n\t<meta name=\"twitter:data1\" content=\"6 Minuten\" \/>\n<script type=\"application\/ld+json\" class=\"yoast-schema-graph\">{\"@context\":\"https:\/\/schema.org\",\"@graph\":[{\"@type\":\"WebPage\",\"@id\":\"https:\/\/doppelwetten.com\/de\/dutching\/\",\"url\":\"https:\/\/doppelwetten.com\/de\/dutching\/\",\"name\":\"Dutching | risikofreie Wetten | Matched Betting Deutschland\",\"isPartOf\":{\"@id\":\"https:\/\/doppelwetten.com\/#website\"},\"datePublished\":\"2018-04-03T18:51:14+00:00\",\"dateModified\":\"2022-11-15T12:51:44+00:00\",\"description\":\"Dutching beschreibt eine der risikofreie Techniken die man f\u00fcrs Matched Wetten benutzt. Man Wetten auf alle Ergebnisse eines Spiels ab\",\"breadcrumb\":{\"@id\":\"https:\/\/doppelwetten.com\/de\/dutching\/#breadcrumb\"},\"inLanguage\":\"de-DE\",\"potentialAction\":[{\"@type\":\"ReadAction\",\"target\":[\"https:\/\/doppelwetten.com\/de\/dutching\/\"]}]},{\"@type\":\"BreadcrumbList\",\"@id\":\"https:\/\/doppelwetten.com\/de\/dutching\/#breadcrumb\",\"itemListElement\":[{\"@type\":\"ListItem\",\"position\":1,\"name\":\"Home\",\"item\":\"https:\/\/doppelwetten.com\/de\/\"},{\"@type\":\"ListItem\",\"position\":2,\"name\":\"Dutching\"}]},{\"@type\":\"WebSite\",\"@id\":\"https:\/\/doppelwetten.com\/#website\",\"url\":\"https:\/\/doppelwetten.com\/\",\"name\":\"DoppelWetten\",\"description\":\"risikolosen Wetten (Schritt f\u00fcr Schritt)\",\"publisher\":{\"@id\":\"https:\/\/doppelwetten.com\/#organization\"},\"potentialAction\":[{\"@type\":\"SearchAction\",\"target\":{\"@type\":\"EntryPoint\",\"urlTemplate\":\"https:\/\/doppelwetten.com\/?s={search_term_string}\"},\"query-input\":\"required name=search_term_string\"}],\"inLanguage\":\"de-DE\"},{\"@type\":\"Organization\",\"@id\":\"https:\/\/doppelwetten.com\/#organization\",\"name\":\"DoppelWetten\",\"url\":\"https:\/\/doppelwetten.com\/\",\"logo\":{\"@type\":\"ImageObject\",\"inLanguage\":\"de-DE\",\"@id\":\"https:\/\/doppelwetten.com\/#\/schema\/logo\/image\/\",\"url\":\"https:\/\/doppelwetten.com\/wp-content\/uploads\/2021\/05\/google-logo-size.png\",\"contentUrl\":\"https:\/\/doppelwetten.com\/wp-content\/uploads\/2021\/05\/google-logo-size.png\",\"caption\":\"DoppelWetten\"},\"image\":{\"@id\":\"https:\/\/doppelwetten.com\/#\/schema\/logo\/image\/\"},\"sameAs\":[\"https:\/\/twitter.com\/doppelwetten\"]}]}<\/script>\n<!-- \/ Yoast SEO plugin. -->","yoast_head_json":{"title":"Dutching | risikofreie Wetten | Matched Betting Deutschland","description":"Dutching beschreibt eine der risikofreie Techniken die man f\u00fcrs Matched Wetten benutzt. Man Wetten auf alle Ergebnisse eines Spiels ab","robots":{"index":"index","follow":"follow","max-snippet":"max-snippet:-1","max-image-preview":"max-image-preview:large","max-video-preview":"max-video-preview:-1"},"canonical":"https:\/\/doppelwetten.com\/de\/dutching\/","og_locale":"de_DE","og_type":"article","og_title":"Dutching | risikofreie Wetten | Matched Betting Deutschland","og_description":"Dutching beschreibt eine der risikofreie Techniken die man f\u00fcrs Matched Wetten benutzt. Man Wetten auf alle Ergebnisse eines Spiels ab","og_url":"https:\/\/doppelwetten.com\/de\/dutching\/","og_site_name":"DoppelWetten","article_modified_time":"2022-11-15T12:51:44+00:00","og_image":[{"url":"https:\/\/doppelwetten.com\/wp-content\/uploads\/2018\/04\/example-36.png"}],"twitter_card":"summary_large_image","twitter_site":"@doppelwetten","twitter_misc":{"Gesch\u00e4tzte Lesezeit":"6 Minuten"},"schema":{"@context":"https:\/\/schema.org","@graph":[{"@type":"WebPage","@id":"https:\/\/doppelwetten.com\/de\/dutching\/","url":"https:\/\/doppelwetten.com\/de\/dutching\/","name":"Dutching | risikofreie Wetten | Matched Betting Deutschland","isPartOf":{"@id":"https:\/\/doppelwetten.com\/#website"},"datePublished":"2018-04-03T18:51:14+00:00","dateModified":"2022-11-15T12:51:44+00:00","description":"Dutching beschreibt eine der risikofreie Techniken die man f\u00fcrs Matched Wetten benutzt. Man Wetten auf alle Ergebnisse eines Spiels ab","breadcrumb":{"@id":"https:\/\/doppelwetten.com\/de\/dutching\/#breadcrumb"},"inLanguage":"de-DE","potentialAction":[{"@type":"ReadAction","target":["https:\/\/doppelwetten.com\/de\/dutching\/"]}]},{"@type":"BreadcrumbList","@id":"https:\/\/doppelwetten.com\/de\/dutching\/#breadcrumb","itemListElement":[{"@type":"ListItem","position":1,"name":"Home","item":"https:\/\/doppelwetten.com\/de\/"},{"@type":"ListItem","position":2,"name":"Dutching"}]},{"@type":"WebSite","@id":"https:\/\/doppelwetten.com\/#website","url":"https:\/\/doppelwetten.com\/","name":"DoppelWetten","description":"risikolosen Wetten (Schritt f\u00fcr Schritt)","publisher":{"@id":"https:\/\/doppelwetten.com\/#organization"},"potentialAction":[{"@type":"SearchAction","target":{"@type":"EntryPoint","urlTemplate":"https:\/\/doppelwetten.com\/?s={search_term_string}"},"query-input":"required name=search_term_string"}],"inLanguage":"de-DE"},{"@type":"Organization","@id":"https:\/\/doppelwetten.com\/#organization","name":"DoppelWetten","url":"https:\/\/doppelwetten.com\/","logo":{"@type":"ImageObject","inLanguage":"de-DE","@id":"https:\/\/doppelwetten.com\/#\/schema\/logo\/image\/","url":"https:\/\/doppelwetten.com\/wp-content\/uploads\/2021\/05\/google-logo-size.png","contentUrl":"https:\/\/doppelwetten.com\/wp-content\/uploads\/2021\/05\/google-logo-size.png","caption":"DoppelWetten"},"image":{"@id":"https:\/\/doppelwetten.com\/#\/schema\/logo\/image\/"},"sameAs":["https:\/\/twitter.com\/doppelwetten"]}]}},"_links":{"self":[{"href":"https:\/\/doppelwetten.com\/de\/wp-json\/wp\/v2\/pages\/7918"}],"collection":[{"href":"https:\/\/doppelwetten.com\/de\/wp-json\/wp\/v2\/pages"}],"about":[{"href":"https:\/\/doppelwetten.com\/de\/wp-json\/wp\/v2\/types\/page"}],"author":[{"embeddable":true,"href":"https:\/\/doppelwetten.com\/de\/wp-json\/wp\/v2\/users\/1"}],"replies":[{"embeddable":true,"href":"https:\/\/doppelwetten.com\/de\/wp-json\/wp\/v2\/comments?post=7918"}],"version-history":[{"count":5,"href":"https:\/\/doppelwetten.com\/de\/wp-json\/wp\/v2\/pages\/7918\/revisions"}],"predecessor-version":[{"id":29851,"href":"https:\/\/doppelwetten.com\/de\/wp-json\/wp\/v2\/pages\/7918\/revisions\/29851"}],"wp:attachment":[{"href":"https:\/\/doppelwetten.com\/de\/wp-json\/wp\/v2\/media?parent=7918"}],"curies":[{"name":"wp","href":"https:\/\/api.w.org\/{rel}","templated":true}]}}