{"id":7871,"date":"2018-03-28T19:10:01","date_gmt":"2018-03-28T19:10:01","guid":{"rendered":"https:\/\/doppelwetten.com\/arbing\/"},"modified":"2022-11-09T10:32:13","modified_gmt":"2022-11-09T10:32:13","slug":"arbing","status":"publish","type":"page","link":"https:\/\/doppelwetten.com\/de\/arbing\/","title":{"rendered":"Arbing"},"content":{"rendered":"<h1>Was ist Arbing?<\/h1>\n<p>Arbing, Arbs, Surebets, Arbitrage &#8211; dies sind verschiedene Namen f\u00fcr eine einzige Matched-Betting-Technik, die benutzt wird, um risikofreien Gewinn zu machen.<\/p>\n<p>Ein Arb nutzt den Quotenunterschied zwischen einem Buchmacher und der Wettb\u00f6rse aus. Normalerweise ist das Szenario so:&nbsp; Die Lay-Quoten (die der Wettb\u00f6rse) sind h\u00f6her als die Back-Quoten (beim Buchmacher). Daher macht man bei einer qualifizierenden Wette (um Freiwetten und Boni freizuspielen) einen kleinen Verlust.<\/p>\n<p>Sind die Lay-Quoten allerdings niedriger als die Back-Quoten, wird ein Arbitrage, ein Arb, geschaffen und damit ein Weg, um risikofreien Profit zu machen.<\/p>\n<p>Dieser Screenshot vom <a href=\"https:\/\/doppelwetten.com\/de\/matched-betting-calculator\/\">DoppelWetten MB-Rechner<\/a> zeigt sehr gut, wie man einen kleinen Verlust macht, wenn die Back-Quote von 2,00 niedriger ist als die Lay-Quote von 2,20.<\/p>\n<p><img loading=\"lazy\" class=\"alignnone wp-image-13719 size-full\" src=\"https:\/\/doppelwetten.com\/wp-content\/uploads\/2019\/03\/arbing-betting.png\" alt=\"\" width=\"601\" height=\"318\" srcset=\"https:\/\/doppelwetten.com\/wp-content\/uploads\/2019\/03\/arbing-betting.png 601w, https:\/\/doppelwetten.com\/wp-content\/uploads\/2019\/03\/arbing-betting-300x159.png 300w\" sizes=\"(max-width: 601px) 100vw, 601px\" \/><\/p>\n<p>Aber, wenn die Quoten andersherum liegen, macht man einen Gewinn. Das liegt daran, dass die Lay-Quote niedriger liegt als die Back-Quote. Und das ist ein Arb.<\/p>\n<p><img loading=\"lazy\" class=\"alignnone size-full wp-image-13721\" src=\"https:\/\/doppelwetten.com\/wp-content\/uploads\/2019\/03\/arbing-betting-2.png\" alt=\"\" width=\"601\" height=\"318\" srcset=\"https:\/\/doppelwetten.com\/wp-content\/uploads\/2019\/03\/arbing-betting-2.png 601w, https:\/\/doppelwetten.com\/wp-content\/uploads\/2019\/03\/arbing-betting-2-300x159.png 300w\" sizes=\"(max-width: 601px) 100vw, 601px\" \/><\/p>\n<h2>Sind Arbs das Gleiche wie Quoten-Boosts?<\/h2>\n<p>Nein. Arbs und <a href=\"https:\/\/doppelwetten.com\/de\/knowledge-base\/wie-man-von-quoten-boosts-profitieren-kann\/\">Quoten-Boosts<\/a> sind nicht das Gleiche. Aber Arbs und Quoten-Boosts funktionieren, aus der Matched Betting Perspektive, gleich, und sind beide eine profitable Einkommensquelle.<\/p>\n<p>Der gro\u00dfe Unterschied besteht darin, dass Quoten-Boosts ganz absichtlich von den Buchmachern kreiert werden, und zwar, damit die Quoten h\u00f6her sind als die des Wettmarktes. Quoten-Boosts werden meist als Marketingma\u00dfnahme eingesetzt, um Kunden zum Geld setzen zu animieren.<\/p>\n<p>Arbs, hingegen, werden durch Marktmechanismen geschaffen. Quoten schwanken wegen des Gesetzes von Angebot und Nachfrage, genau wie die Finanzm\u00e4rkte. Es gibt die verschiedensten Gr\u00fcnde f\u00fcr die sich ver\u00e4ndernden Quoten (beim Fu\u00dfball zum Beispiel), aber die wichtigsten sind:<\/p>\n<i class=\"icon-circle hb-icon-float-left hb-icon-small hb-icon\" style=\"color:#0099ff\"><\/i>Neue Informationen, z. B. eine neue Mannschaftsaufstellung, News \u00fcber Verletzungen, etc<\/p>\n<i class=\"icon-circle hb-icon-float-left hb-icon-small hb-icon\" style=\"color:#0099ff\"><\/i>Geld \u2013 Der Weg des Geldes entscheidet, wie sich die Quoten ver\u00e4ndern<\/p>\n<p>Normalerweise \u00e4ndern die Wettanbieter ihre Quoten, damit sie denen der anderen Buchmacher \u00e4hnlich sind. Tun sie dies nicht, w\u00fcrden sie sich zu sehr von anderen Anbietern unterscheiden. Dies bedeutet, dass der Buchmacher riskiert, einem bestimmten Spielereignis \u00fcberm\u00e4\u00dfig ausgesetzt zu sein.<\/p>\n<p>Genau um diese Marktschwankungen geht es, wenn wir davon sprechen, Arbs zu unserem Vorteil zu nutzen.<\/p>\n<h2>Wie findet man Arbs?<\/h2>\n<p>Am einfachsten findet man Arbs, indem man den <a href=\"https:\/\/doppelwetten.com\/oddsmatcher\/\">DoppelWetten Oddsmatcher<\/a> benutzt. Dieser findet die Arbs ganz automatisch und zeigt sie in rot an. Alle Ratings, die h\u00f6her als 100 liegen, werden als Arbs bezeichnet und versprechen Gewinn, wenn wir eine Matched Wette setzen. &nbsp;Beim Ausrechnen des Gewinns und vor dem Setzen der Wetten solltest Du allerdings sowohl die 5% Wettsteuer, als auch die Kommission Deiner Wettb\u00f6rse nicht vergessen.<\/p>\n<p><img loading=\"lazy\" class=\" wp-image-7868 alignnone\" src=\"https:\/\/doppelwetten.com\/wp-content\/uploads\/2018\/03\/example-37.png\" alt=\"wettanbieter bonus\" width=\"811\" height=\"426\" srcset=\"https:\/\/doppelwetten.com\/wp-content\/uploads\/2018\/03\/example-37.png 959w, https:\/\/doppelwetten.com\/wp-content\/uploads\/2018\/03\/example-37-300x158.png 300w, https:\/\/doppelwetten.com\/wp-content\/uploads\/2018\/03\/example-37-768x404.png 768w\" sizes=\"(max-width: 811px) 100vw, 811px\" \/><\/p>\n<p>Die Gelegenheit, die Quoten auszunutzen, ist normalerweise sehr kurz. Arbs sind nie lange zu finden, denn der Markt korrigiert sich schnell wieder. Die Wettanbieter werden merken, dass ihre Quoten \u00fcber denen des Marktes liegen und daher die Quoten wieder senken. Die Quoten der Wettb\u00f6rse steigen wieder an, denn auch andere Matched Wettende versuchen, zu profitieren. &nbsp;Solltest Du Dich entscheiden, eine Matched Wette auf einen Arb zu setzen, dann solltest Du es ganz schnell tun und zwar bevor sich die Quoten wieder \u00e4ndern.<\/p>\n<h2>Vorsicht! Quoten-Falle!<\/h2>\n<p>Arbing ist zwar eine risikofreie Matched Betting Technik und kann Deinen Gewinn hoch ausfallen lassen. Allerdings ist es wichtig, die damit verbundenen Gefahren zu (er)kennen.<\/p>\n<p><a href=\"https:\/\/doppelwetten.com\/de\/knowledge-base\/kontoerhaltung\/\">Die Wettanbieter k\u00f6nnen Spieler, die Arbs benutzen, \u00fcberhaupt nicht leiden<\/a> und werden schnell zuschlagen und Konten, die zuviel \u201earben\u201c, einschr\u00e4nken oder sogar sperren. In diesem Zusammenhang sollte man nicht vergessen, dass Konten, die \u201egegubbed\u201c (also eingeschr\u00e4nkt oder gesperrt) wurden, so schnell nicht wieder zu entsperren sind. Meist ist dies gar nicht m\u00f6glich.&nbsp; Daher sollte man sich immer \u00fcberlegen, ob ein kurzfristiger Gewinn es Wert ist, dass einem das Konto gesperrt wird.<\/p>\n<p>Sowohl die Quoten auf dem Markt als auch die Quoten bei den Wettb\u00f6rsen werden konstant von den Buchmachern beobachtet. Daher werden die Buchmacher es auch wissen, solltest Du einen Arb ausnutzen. Als Beispiel: Setzt Du normalerweise immer \u20ac20 Wetten auf die gro\u00dfen Fussballliegen und pl\u00f6tzlich eine \u20ac500 Wette auf irgendein Pferd oder einen russischen Drittligaverein, dann sieht das schon komisch aus, und Dein Konto wird sicher gegubbed.<\/p>\n<h2>Kann man Arbs auch auf eine sichere Weise nutzen?<\/h2>\n<p>Jeder Arb ist verbunden mit der Gefahr, ein gesperrtes Konto davonzutragen. Aber, das Risiko kann etwas minimiert werden, und zwar indem man die folgenden Regeln einh\u00e4lt.<\/p>\n<p><i class=\"icon\">1<\/i>Suche Dir nur solche Arbs aus, die auf popul\u00e4ren Teams oder Spielen haften. Andere Spieler werden da auch drauf wetten und Du wirst Dich nicht von der Masse abheben.<\/p>\n<p><i class=\"icon\">2<\/i>Setze einen ganz normalen Einsatz. Setzt Du normalerweise Wetten von \u20ac20, dann schaut eine \u20ac100 Arb-Wette seltsam aus. Wettest Du normalerweise so zwischen \u20ac20 &#8211; \u20ac50, dann ist ein Arb von \u20ac30 total okay.<\/p>\n<p><i class=\"icon\">3<\/i>Setze einen Arb nur bei Buchmachern, die keine guten Reload-Angebote im Repertoire haben. Wird Dein Konto im Endeffekt tats\u00e4chlich gesperrt, dann wenigstens bei einem Buchmacher, der eh nicht so profitabel war.<\/p>\n<p><i class=\"icon\">4<\/i>Arbe in den Konten, bei denen bereits eine Sperrung erfolgt ist. Auch wenn Dein Konto bereits eingeschr\u00e4nkt ist und Du bei Angeboten und Boni nicht mehr teilnehmen darfst, ist es meistens m\u00f6glich, noch ganz normale Wetten zu setzen. Ist das Konto eh schon eingeschr\u00e4nkt, wird die Begrenzung wahrscheinlich auch nicht mehr aufgehoben. Daher kannst Du es auch riskieren, das Konto ganz geschlossen zu bekommen, aber wenigstens hast Du vorher noch schnell einen Gewinn rausgeschlagen.<\/p>\n<h2>Schlussfolgerung<\/h2>\n<p>Bei einem Arb nutzt man den Vorteil f\u00fcr sich, dass die Quoten der Buchmacher h\u00f6her sind als die der Wettb\u00f6rse.<\/p>\n<p>Arbing verschafft einem zwar einen schnellen Gewinn, aber auf lange Sicht verspricht diese Technik keinen Mehrwert. Matched Betting ist profitabler.<\/p>\n<p>Ab und an mal eine Arb-Wette zu setzen ist kein Problem und wird Dir auch nicht gleich eine Kontosperrung einbringen, solange Du Dich an ein paar Regeln h\u00e4ltst, und auch mal eine Mug-Wette abschlie\u00dft.<\/p>\n<p>Regelm\u00e4\u00dfiges Arbing ohne die Regeln der <a style=\"color: green;\" href=\"https:\/\/doppelwetten.com\/de\/knowledge-base\/kontoerhaltung\/\">Kontoerhaltung<\/a> zu beachten, bringt Dir allerdings den \u00c4rger der Buchmacher ein und Dein Konto wird wahrscheinlich gesperrt.<\/p>\n<p>Schau Dir im&nbsp;<strong><a style=\"color: green;\" href=\"https:\/\/doppelwetten.com\/de\/forum\/\" target=\"_blank\" rel=\"noopener noreferrer\"><span style=\"color: #3366ff;\">Forum<\/span><\/a><\/strong>&nbsp;die besten Angebote der Woche an.<\/p>\n","protected":false},"excerpt":{"rendered":"<p>Was ist Arbing? Arbing, Arbs, Surebets, Arbitrage &#8211; dies sind verschiedene Namen f\u00fcr eine einzige Matched-Betting-Technik, die benutzt wird, um [&hellip;]<\/p>\n","protected":false},"author":1,"featured_media":0,"parent":0,"menu_order":0,"comment_status":"closed","ping_status":"closed","template":"","meta":{"_mi_skip_tracking":false},"yoast_head":"<!-- This site is optimized with the Yoast SEO plugin v19.13 - https:\/\/yoast.com\/wordpress\/plugins\/seo\/ -->\n<title>Arbing | Arbitrage | Die todsichere fussballwette | Surebets<\/title>\n<meta name=\"description\" content=\"Arbing, arbs, safe bets, Arbitrage- dies sind verschiedene Namen f\u00fcr eine einzige Matched-Betting-Technik die benutzt wird um risikofreien Gewinn zu machen.\" \/>\n<meta name=\"robots\" content=\"index, follow, max-snippet:-1, max-image-preview:large, max-video-preview:-1\" \/>\n<link rel=\"canonical\" href=\"https:\/\/doppelwetten.com\/de\/arbing\/\" \/>\n<meta property=\"og:locale\" content=\"de_DE\" \/>\n<meta property=\"og:type\" content=\"article\" \/>\n<meta property=\"og:title\" content=\"Arbing | Arbitrage | Die todsichere fussballwette | Surebets\" \/>\n<meta property=\"og:description\" content=\"Arbing, arbs, safe bets, Arbitrage- dies sind verschiedene Namen f\u00fcr eine einzige Matched-Betting-Technik die benutzt wird um risikofreien Gewinn zu machen.\" \/>\n<meta property=\"og:url\" content=\"https:\/\/doppelwetten.com\/de\/arbing\/\" \/>\n<meta property=\"og:site_name\" content=\"DoppelWetten\" \/>\n<meta property=\"article:modified_time\" content=\"2022-11-09T10:32:13+00:00\" \/>\n<meta property=\"og:image\" content=\"https:\/\/doppelwetten.com\/wp-content\/uploads\/2019\/03\/arbing-betting.png\" \/>\n<meta name=\"twitter:card\" content=\"summary_large_image\" \/>\n<meta name=\"twitter:site\" content=\"@doppelwetten\" \/>\n<meta name=\"twitter:label1\" content=\"Gesch\u00e4tzte Lesezeit\" \/>\n\t<meta name=\"twitter:data1\" content=\"5 Minuten\" \/>\n<script type=\"application\/ld+json\" class=\"yoast-schema-graph\">{\"@context\":\"https:\/\/schema.org\",\"@graph\":[{\"@type\":\"WebPage\",\"@id\":\"https:\/\/doppelwetten.com\/de\/arbing\/\",\"url\":\"https:\/\/doppelwetten.com\/de\/arbing\/\",\"name\":\"Arbing | Arbitrage | Die todsichere fussballwette | Surebets\",\"isPartOf\":{\"@id\":\"https:\/\/doppelwetten.com\/#website\"},\"datePublished\":\"2018-03-28T19:10:01+00:00\",\"dateModified\":\"2022-11-09T10:32:13+00:00\",\"description\":\"Arbing, arbs, safe bets, Arbitrage- dies sind verschiedene Namen f\u00fcr eine einzige Matched-Betting-Technik die benutzt wird um risikofreien Gewinn zu machen.\",\"breadcrumb\":{\"@id\":\"https:\/\/doppelwetten.com\/de\/arbing\/#breadcrumb\"},\"inLanguage\":\"de-DE\",\"potentialAction\":[{\"@type\":\"ReadAction\",\"target\":[\"https:\/\/doppelwetten.com\/de\/arbing\/\"]}]},{\"@type\":\"BreadcrumbList\",\"@id\":\"https:\/\/doppelwetten.com\/de\/arbing\/#breadcrumb\",\"itemListElement\":[{\"@type\":\"ListItem\",\"position\":1,\"name\":\"Home\",\"item\":\"https:\/\/doppelwetten.com\/de\/\"},{\"@type\":\"ListItem\",\"position\":2,\"name\":\"Arbing\"}]},{\"@type\":\"WebSite\",\"@id\":\"https:\/\/doppelwetten.com\/#website\",\"url\":\"https:\/\/doppelwetten.com\/\",\"name\":\"DoppelWetten\",\"description\":\"risikolosen Wetten (Schritt f\u00fcr Schritt)\",\"publisher\":{\"@id\":\"https:\/\/doppelwetten.com\/#organization\"},\"potentialAction\":[{\"@type\":\"SearchAction\",\"target\":{\"@type\":\"EntryPoint\",\"urlTemplate\":\"https:\/\/doppelwetten.com\/?s={search_term_string}\"},\"query-input\":\"required name=search_term_string\"}],\"inLanguage\":\"de-DE\"},{\"@type\":\"Organization\",\"@id\":\"https:\/\/doppelwetten.com\/#organization\",\"name\":\"DoppelWetten\",\"url\":\"https:\/\/doppelwetten.com\/\",\"logo\":{\"@type\":\"ImageObject\",\"inLanguage\":\"de-DE\",\"@id\":\"https:\/\/doppelwetten.com\/#\/schema\/logo\/image\/\",\"url\":\"https:\/\/doppelwetten.com\/wp-content\/uploads\/2021\/05\/google-logo-size.png\",\"contentUrl\":\"https:\/\/doppelwetten.com\/wp-content\/uploads\/2021\/05\/google-logo-size.png\",\"caption\":\"DoppelWetten\"},\"image\":{\"@id\":\"https:\/\/doppelwetten.com\/#\/schema\/logo\/image\/\"},\"sameAs\":[\"https:\/\/twitter.com\/doppelwetten\"]}]}<\/script>\n<!-- \/ Yoast SEO plugin. -->","yoast_head_json":{"title":"Arbing | Arbitrage | Die todsichere fussballwette | Surebets","description":"Arbing, arbs, safe bets, Arbitrage- dies sind verschiedene Namen f\u00fcr eine einzige Matched-Betting-Technik die benutzt wird um risikofreien Gewinn zu machen.","robots":{"index":"index","follow":"follow","max-snippet":"max-snippet:-1","max-image-preview":"max-image-preview:large","max-video-preview":"max-video-preview:-1"},"canonical":"https:\/\/doppelwetten.com\/de\/arbing\/","og_locale":"de_DE","og_type":"article","og_title":"Arbing | Arbitrage | Die todsichere fussballwette | Surebets","og_description":"Arbing, arbs, safe bets, Arbitrage- dies sind verschiedene Namen f\u00fcr eine einzige Matched-Betting-Technik die benutzt wird um risikofreien Gewinn zu machen.","og_url":"https:\/\/doppelwetten.com\/de\/arbing\/","og_site_name":"DoppelWetten","article_modified_time":"2022-11-09T10:32:13+00:00","og_image":[{"url":"https:\/\/doppelwetten.com\/wp-content\/uploads\/2019\/03\/arbing-betting.png"}],"twitter_card":"summary_large_image","twitter_site":"@doppelwetten","twitter_misc":{"Gesch\u00e4tzte Lesezeit":"5 Minuten"},"schema":{"@context":"https:\/\/schema.org","@graph":[{"@type":"WebPage","@id":"https:\/\/doppelwetten.com\/de\/arbing\/","url":"https:\/\/doppelwetten.com\/de\/arbing\/","name":"Arbing | Arbitrage | Die todsichere fussballwette | Surebets","isPartOf":{"@id":"https:\/\/doppelwetten.com\/#website"},"datePublished":"2018-03-28T19:10:01+00:00","dateModified":"2022-11-09T10:32:13+00:00","description":"Arbing, arbs, safe bets, Arbitrage- dies sind verschiedene Namen f\u00fcr eine einzige Matched-Betting-Technik die benutzt wird um risikofreien Gewinn zu machen.","breadcrumb":{"@id":"https:\/\/doppelwetten.com\/de\/arbing\/#breadcrumb"},"inLanguage":"de-DE","potentialAction":[{"@type":"ReadAction","target":["https:\/\/doppelwetten.com\/de\/arbing\/"]}]},{"@type":"BreadcrumbList","@id":"https:\/\/doppelwetten.com\/de\/arbing\/#breadcrumb","itemListElement":[{"@type":"ListItem","position":1,"name":"Home","item":"https:\/\/doppelwetten.com\/de\/"},{"@type":"ListItem","position":2,"name":"Arbing"}]},{"@type":"WebSite","@id":"https:\/\/doppelwetten.com\/#website","url":"https:\/\/doppelwetten.com\/","name":"DoppelWetten","description":"risikolosen Wetten (Schritt f\u00fcr Schritt)","publisher":{"@id":"https:\/\/doppelwetten.com\/#organization"},"potentialAction":[{"@type":"SearchAction","target":{"@type":"EntryPoint","urlTemplate":"https:\/\/doppelwetten.com\/?s={search_term_string}"},"query-input":"required name=search_term_string"}],"inLanguage":"de-DE"},{"@type":"Organization","@id":"https:\/\/doppelwetten.com\/#organization","name":"DoppelWetten","url":"https:\/\/doppelwetten.com\/","logo":{"@type":"ImageObject","inLanguage":"de-DE","@id":"https:\/\/doppelwetten.com\/#\/schema\/logo\/image\/","url":"https:\/\/doppelwetten.com\/wp-content\/uploads\/2021\/05\/google-logo-size.png","contentUrl":"https:\/\/doppelwetten.com\/wp-content\/uploads\/2021\/05\/google-logo-size.png","caption":"DoppelWetten"},"image":{"@id":"https:\/\/doppelwetten.com\/#\/schema\/logo\/image\/"},"sameAs":["https:\/\/twitter.com\/doppelwetten"]}]}},"_links":{"self":[{"href":"https:\/\/doppelwetten.com\/de\/wp-json\/wp\/v2\/pages\/7871"}],"collection":[{"href":"https:\/\/doppelwetten.com\/de\/wp-json\/wp\/v2\/pages"}],"about":[{"href":"https:\/\/doppelwetten.com\/de\/wp-json\/wp\/v2\/types\/page"}],"author":[{"embeddable":true,"href":"https:\/\/doppelwetten.com\/de\/wp-json\/wp\/v2\/users\/1"}],"replies":[{"embeddable":true,"href":"https:\/\/doppelwetten.com\/de\/wp-json\/wp\/v2\/comments?post=7871"}],"version-history":[{"count":5,"href":"https:\/\/doppelwetten.com\/de\/wp-json\/wp\/v2\/pages\/7871\/revisions"}],"predecessor-version":[{"id":29812,"href":"https:\/\/doppelwetten.com\/de\/wp-json\/wp\/v2\/pages\/7871\/revisions\/29812"}],"wp:attachment":[{"href":"https:\/\/doppelwetten.com\/de\/wp-json\/wp\/v2\/media?parent=7871"}],"curies":[{"name":"wp","href":"https:\/\/api.w.org\/{rel}","templated":true}]}}