{"id":7851,"date":"2018-03-26T19:13:12","date_gmt":"2018-03-26T19:13:12","guid":{"rendered":"https:\/\/doppelwetten.com\/bore-draw-geld-zuruck-wenn-das-spiel-00-endet\/"},"modified":"2022-11-09T10:56:22","modified_gmt":"2022-11-09T10:56:22","slug":"bore-draw-geld-zuruck-wenn-das-spiel-00-endet","status":"publish","type":"page","link":"https:\/\/doppelwetten.com\/de\/bore-draw-geld-zuruck-wenn-das-spiel-00-endet\/","title":{"rendered":"Bore draw \u2013 Geld zur\u00fcck, wenn das Spiel 0:0 endet"},"content":{"rendered":"<p>Ein \u201eBore Draw\u201d Angebot ist ein Angebot, bei dem man eine R\u00fcckerstattung bekommt, falls das Spiel 0:0 unentschieden endet. F\u00fcr den flei\u00dfigen Matched Wettenden eine hervorragende M\u00f6glichkeit, den monatlichen Gewinn aufzustocken.<\/p>\n<h1>Worum geht\u2019s bei diesem B<strong>ore Draw&nbsp;<\/strong>Angebot?<\/h1>\n<p>Das \u201cBore Draw\u201d Angebot ist recht einfach. Man platziert eine pre-match Bet (eine Wette vor dem Spiel), und wenn die Wette verliert und das Spiel in einem 0:0 Unentschieden endet, bekommt man sein Geld zur\u00fcck &#8211; entweder als Bargeld oder als Freiwette.<\/p>\n<p>Nachfolgend findest Du eine Liste von <a href=\"https:\/\/doppelwetten.com\/de\/neukunden-angebote\/\">Buchmachern<\/a>, die diese Art von Angeboten anbieten. Wie immer ist es sehr wichtig, die <a href=\"https:\/\/doppelwetten.com\/de\/die-allgemeinen-geschaeftsbedingungen-verstehen\/\" class=\"broken_link\">AGBs<\/a> genau zu lesen und auch zu verstehen. Ein Angebot kann sich von einem anderen minimal unterscheiden. &nbsp;Zum Beispiel sind einige Angebote nur bei bestimmten Spielen oder M\u00e4rkten g\u00fcltig, also bitte genau aufpassen.<\/p>\n<p>Um richtig Profit aus diesem Angebot zu schlagen, ist es wichtig, dass der Verlust der qualifizierenden Wette m\u00f6glichst gering gehalten wird. Am besten verliert man nie mehr als \u20ac1 pro \u20ac10 Einsatz.<\/p>\n<h2>Schritt-f\u00fcr-Schritt Anleitung: den Trigger nicht layen<\/h2>\n<p><strong>Die qualifizierende Wette<\/strong><\/p>\n<p><i class=\"icon\">1<\/i>Stelle sicher, dass Du wei\u00dft, welche Spiele oder M\u00e4rkte bei diesem Angebot gelten<\/p>\n<p><i class=\"icon\">2<\/i>Benutze den <a href=\"https:\/\/doppelwetten.com\/de\/oddsmatcher\/\">Oddsmatcher<\/a>, um die n\u00e4chstgelegenen Quoten zu finden und um den Verlust der qualifizierenden Wette m\u00f6glichst gering zu halten<\/p>\n<p><i class=\"icon\">3<\/i>Platziere eine Wette in einem der qualifizierenden M\u00e4rkte (aber kein 0:0)<\/p>\n<p><i class=\"icon\">4<\/i>Laye die gleiche Wette bei Deiner Wettb\u00f6rse<\/p>\n<p><strong>Das Spiel endet 0:0<\/strong><\/p>\n<p><i class=\"icon\">1<\/i>Gl\u00fcckwunsch! Jetzt erh\u00e4ltst Du entweder Bargeld zur\u00fcck oder eine Freiwette. Wenn Du Geld zur\u00fcck bekommst, musst Du nichts weiter machen. Erh\u00e4ltst Du eine Freiwette, mach bitte mit dem n\u00e4chsten Schritt weiter.<\/p>\n<p><i class=\"icon\">2<\/i>Benutze den Oddsmatcher, um ein Spiel mit m\u00f6glichst naheliegenden Quoten zu finden. Versuche, Quoten \u00fcber 5,0 zu kriegen. Platziere die Freiwette als \u201eFreiwette (SNR)\u201d<\/p>\n<p><i class=\"icon\">3<\/i>Laye die gleiche Wette bei Deiner Wettb\u00f6rse<\/p>\n<p><strong>Das Spiel endet nicht 0:0<\/strong><\/p>\n<p><i class=\"icon\">1<\/i>Leider machst Du einen kleinen Verlust von der qualifizierenden Wette und Du wirst kein Geld zur\u00fcck bekommen.<\/p>\n<h1>&nbsp;<\/h1>\n<h2>Schritt-f\u00fcr-Schritt Anleitung: den Trigger layen<\/h2>\n<p>Du kannst Dir den gesamten Trigger-Wetten-Leitfaden <a href=\"https:\/\/doppelwetten.com\/de\/knowledge-base\/trigger-wetten-angebote\/\">hier<\/a> durchlesen.<\/p>\n<p>F\u00fcr diese Methode platzieren wir zus\u00e4tzlich eine Lay-Wette auf den Trigger, d. h. in diesem Fall auf ein 0:0 Ergebnis. Indem man dies macht, wird das Angebot risikofrei und man macht einen Gewinn, ganz egal, wie das Spiel endet. Passiert der Trigger nicht, gewinnt die Lay-Wette. Passiert der Trigger doch, verliert die Lay-Wette, aber man erh\u00e4lt eine Freiwette.<\/p>\n<p>Benutze den <a href=\"https:\/\/doppelwetten.com\/de\/trigger-bet-rechner\/\">Trigger-Wetten-Rechner<\/a>, um Dir ausrechnen zu lassen, wie viel Du auf den Trigger layen musst.<\/p>\n<p><strong>Die qualifizierende Wette<\/strong><\/p>\n<p><i class=\"icon\">1<\/i>Schaue genau nach, welche Spiele und M\u00e4rkte bei dem Angebot g\u00fcltig sind<\/p>\n<p><i class=\"icon\">2<\/i>Benutze den Oddsmatcher, um die n\u00e4chstgelegenen Quoten zu finden und um den Verlust der qualifizierenden Wette m\u00f6glichst gering zu halten<\/p>\n<p><i class=\"icon\">3<\/i>Platziere eine Wette in einem der qualifizierenden M\u00e4rkte (aber kein 0:0)<\/p>\n<p><i class=\"icon\">4<\/i>Laye die Wette, ganz normal, bei Deiner Wettb\u00f6rse<\/p>\n<p><i class=\"icon\">5<\/i>Platziere eine Lay-Wette auf den Trigger und benutze den <a href=\"https:\/\/doppelwetten.com\/de\/trigger-bet-rechner\/\">Trigger-Wetten-Rechner<\/a>, um zu kalkulieren, wie viel Du layen musst.<\/p>\n<p><strong>Das Spiel endet 0:0<\/strong><\/p>\n<p><i class=\"icon\">1<\/i>Der Trigger ist passiert und Du verlierst die Trigger-Lay-Wette, aber daf\u00fcr bekommst Du eine Freiwette<\/p>\n<p><i class=\"icon\">2<\/i>Benutze den Oddsmatcher um ein gutes Spiel zu finden; versuche eines mit einer Quote von \u00fcber 5,0 zu kriegen. Platziere die Wette als \u201cFreiwette (SNR)\u201d<\/p>\n<p><i class=\"icon\">3<\/i>Laye das gleiche Ergebnis bei Deiner Wettb\u00f6rse<\/p>\n<p><strong>Das Spiel endet nicht 0:0<\/strong><\/p>\n<p><i class=\"icon\">1<\/i>Der Trigger ist nicht passiert, aber die Trigger-Lay-Wette hat gewonnen<\/p>\n<h2>Die 0:0 Statistik<\/h2>\n<p>Wie hoch liegt die Wahrscheinlichkeit, dass ein Spiel in einem torlosen Unentschieden endet? Die Stastiken von unten sind zwar aus der Saison 2014\/15, aber sollten dennoch einen guten Hinweis darauf geben, wie viele Spiele in den gr\u00f6\u00dften Europ\u00e4ischen Ligen torlos enden.<\/p>\n<i class=\"icon-circle hb-icon-float-left hb-icon-small hb-icon\" style=\"color:#0099ff\"><\/i>Englische Premier League&nbsp;8,2%<\/p>\n<i class=\"icon-circle hb-icon-float-left hb-icon-small hb-icon\" style=\"color:#0099ff\"><\/i>Spanische Primera&nbsp;7,9%<\/p>\n<i class=\"icon-circle hb-icon-float-left hb-icon-small hb-icon\" style=\"color:#0099ff\"><\/i>Deutsche Bundesliga&nbsp;9,2%<\/p>\n<i class=\"icon-circle hb-icon-float-left hb-icon-small hb-icon\" style=\"color:#0099ff\"><\/i>Italienische Serie A 7,9%<\/p>\n<i class=\"icon-circle hb-icon-float-left hb-icon-small hb-icon\" style=\"color:#0099ff\"><\/i>Franz\u00f6sische Ligue 1&nbsp;8,9%<\/p>\n<i class=\"icon-circle hb-icon-float-left hb-icon-small hb-icon\" style=\"color:#0099ff\"><\/i>Niederl\u00e4ndische Eredivisie 5,2%<\/p>\n<h1>&nbsp;<\/h1>\n<h2>Wo findet man die B<strong>ore Draw<\/strong> Angebote?<\/h2>\n<p><strong>10Bet<\/strong><\/p>\n<p>10Bet &#8211;&nbsp;<a href=\"http:\/\/www.safeurl.co.uk\/redirect.aspx?url=https:\/\/www.10bet.com\/de\/promotions\/\">http:\/\/www.safeurl.co.uk\/redirect.aspx?url=https:\/\/www.10bet.com\/de\/promotions\/<\/a><\/p>\n<p>Wette 5 \u20ac auf Fu\u00dfball. Wenn du verlierst und es geht 0-0 aus, kassierst du deinen Einsatz zur\u00fcck als Gratiswette bis zu 10 \u20ac. Pre-match bets only on the following competitions: English Premier League, EFL Championship, Champions League, Europa League, La Liga, 1.Bundesliga, Serie A &amp; Ligue 1; Nur 5+ \u20ac Wetten &#8211; Gen. Ergebnis, Torsch\u00fctze (1., Letzter, Irgendwann); Gratiswette=verl. Einsatz (bis 10 \u20ac).<\/p>\n<p><strong>Bet365<\/strong><\/p>\n<p>Bet365 <a style=\"color: green;\" href=\"http:\/\/www.safeurl.co.uk\/redirect.aspx?url=https:\/\/extra.bet365.com\/promotions\/de\/soccer\/bore-draw-money-back\">https:\/\/extra.bet365.com\/promotions\/de\/soccer\/bore-draw-money-back<\/a><\/p>\n<p>Dieses Angebot gilt f\u00fcr pre-Match games, also f\u00fcr \u201evor dem Spiel platzierte Wetten\u201c auf &#8222;Halbzeit\/Endergebnis&#8220;, &#8222;Genaues Ergebnis&#8220; oder &#8222;Scorecast&#8220;. Wenn das Spiel 0:0 endet, erstatten wir Ihren Einsatz zur\u00fcck, falls Ihre Wette verliert. Endet das Spiel 0:0, erhalten Sie bei verlorenen Wetten auf diese M\u00f6glichkeiten Ihren Einsatz zur\u00fcck.<\/p>\n<p>Dieses Angebot ist f\u00fcr alle Fu\u00dfballspiele g\u00fcltig. Man erh\u00e4lt sein Geld in Cash zur\u00fcck. Das ist nat\u00fcrlich attraktiver, als eine Freiwette zu kriegen.<\/p>\n<p><strong>Betano<\/strong><\/p>\n<p>Betano &#8211;&nbsp;<a href=\"http:\/\/www.safeurl.co.uk\/redirect.aspx?url=https:\/\/de.betano.com\/offers\/\">http:\/\/www.safeurl.co.uk\/redirect.aspx?url=https:\/\/de.betano.com\/offers\/<\/a><\/p>\n<p>0:0 Einsatz zur\u00fcck. Platzieren Sie vor Beginn des Wettereignisses eine Wette auf \u201eHalbzeit\/Endstand\u201c oder auf das genaue Ergebnis nach regul\u00e4rer Spielzeit. Lautet das Endergebnis nach regul\u00e4rer Spielzeit 0:0, erstatten wir Ihnen den Wetteinsatz zur\u00fcck.<\/p>\n<p><strong>Bet-at-Home<\/strong><\/p>\n<p>Bet-at-Home &#8211;&nbsp;<a href=\"http:\/\/www.safeurl.co.uk\/redirect.aspx?url=https:\/\/www.bet-at-home.com\/en\/promotion\/cashbackbonusnogoalengpremierleague\/5768\">http:\/\/www.safeurl.co.uk\/redirect.aspx?url=https:\/\/www.bet-at-home.com\/en\/promotion\/cashbackbonusnogoalengpremierleague\/5768<\/a><\/p>\n<p>0-0 Cashback Bonus. Gilt nur f\u00fcr ausgew\u00e4hlte Spiele. Man muss sich vorher anmelden, und die Erstattung erfolgt als Bonusguthaben, das 3x zu einer Mindestquote von 1,50 umgesetzt werden muss.<\/p>\n<p><strong>Betser<\/strong><\/p>\n<p>Betser &#8211; <a style=\"color: green;\" href=\"http:\/\/www.safeurl.co.uk\/redirect.aspx?url=https:\/\/www.betser.com\/de\/offers\/terms-conditions-nil-nil\">https:\/\/www.betser.com\/de\/offers\/terms-conditions-nil-nil<\/a><\/p>\n<p>Dieses Angebot gilt f\u00fcr alle Spiele, die in der Eliteserien, der Allsvenskan und der Veikkausliiga gespielt werden. Das Null Null Angebot ist f\u00fcr Deine erste 1X2 Vollzeit Wette, platziert vor Ansto\u00df in allen oben genannten Ligen. Wenn ein f\u00fcr dieses Angebot g\u00fcltiges Spiel mit einem Null Null (0-0) Unentschieden endet, dann qualifiziert sich dieses Spiel f\u00fcr diese Aktion und wir erstatten jede 1X2 Vollzeit Wette bis zu maximal \u20ac25 mit einer Gratis-Wette ohne Umsatzanforderung.<\/p>\n<p><strong>Energybet<\/strong><\/p>\n<p>Energybet &#8211;<br \/>\n<a href=\"http:\/\/www.safeurl.co.uk\/redirect.aspx?url=https:\/\/energybet.com\/de\/Promotions\/Terms-and-conditions\/premier-league-goalless-refund-int\">http:\/\/www.safeurl.co.uk\/redirect.aspx?url=https:\/\/energybet.com\/de\/Promotion<\/a><br \/>\n<a href=\"http:\/\/www.safeurl.co.uk\/redirect.aspx?url=https:\/\/energybet.com\/de\/Promotions\/Terms-and-conditions\/premier-league-goalless-refund-int\">s\/Terms-and-conditions\/premier-league-goalless-refund-int<\/a><br \/>\nDas Angebot gilt nur f\u00fcr Premier League Spiele am Samstag und Sonntag f\u00fcr<br \/>\nWetten auf den Spielergebnis Markt (1-2, nicht Unentschieden).<br \/>\nH\u00f6chsteinsatz\/-erstattung: \u20ac10.<\/p>\n<p><strong>Intertops<\/strong><\/p>\n<p>Intertops &#8211;<br \/>\n<a href=\"http:\/\/www.safeurl.co.uk\/redirect.aspx?url=https:\/\/sports.intertops.eu\/de\/Account\/MyOffers\">http:\/\/www.safeurl.co.uk\/redirect.aspx?url= https:\/\/sports.intertops.eu\/de\/Accou<\/a><br \/>\n<a href=\"http:\/\/www.safeurl.co.uk\/redirect.aspx?url=https:\/\/sports.intertops.eu\/de\/Account\/MyOffers\">nt\/MyOffers<\/a><br \/>\nNur Einzelwetten auf Spiel-Gewinner-Optionen f\u00fcr Spiele der 1. Bundesliga<br \/>\ngelten f\u00fcr diese Aktion. Der minimale Einsatz f\u00fcr die \u20ac25-Freiwette betr\u00e4gt<br \/>\n\u20ac25. Der Bonuscode f\u00fcr die gewonnene Freiwette wird nach dem Spieltag per<br \/>\nE-Mail geschickt und kann dann auf der Seite Spezielle Angebote eingel\u00f6st<br \/>\nwerden. Die Freiwette muss 6x zu einer Mindestquote von 1.5 umgesetzt<br \/>\nwerden, bevor eine Auszahlung m\u00f6glich ist bzw. eine neue Sportwetten-<br \/>\nBonusaktion in Anspruch genommen werden darf.<\/p>\n<p><strong>Interwetten<\/strong><\/p>\n<p>Interwetten &#8211;&nbsp;<a href=\"http:\/\/www.safeurl.co.uk\/redirect.aspx?url=https:\/\/www.interwetten.com\/en\/SportsBook\/LandingPages\/ContentSportsBook.aspx?ln=Promotions&amp;cat=Reactivation100&amp;st=SportsBook&amp;UseKeys=true&amp;participate=1\">https:\/\/www.interwetten.com<\/a><\/p>\n<p><strong>Tonybet<\/strong><\/p>\n<p>Tonybet &#8211;&nbsp;<a href=\"http:\/\/www.safeurl.co.uk\/redirect.aspx?url=https:\/\/tonybet.com\/no_goals_no_loss\">http:\/\/www.safeurl.co.uk\/redirect.aspx?url=https:\/\/tonybet.com\/no_goals_no_loss<\/a><\/p>\n<p>No goals &#8211; no loss. Place a bet on the team you think will win and if the match ends up in a scoreless draw we\u2019ll give you up to \u00a3\/\u20ac20 back as a FREE BET. The offer is applicable for the listed matches only. The list of matches eligible for the offer is renewed every Monday.<\/p>\n<p>Bitte meldet Euch im <a href=\"https:\/\/forum.doppelwetten.com\">Forum<\/a>, falls Ihr einen veralteten oder unvollst\u00e4ndigen<br \/>\nLink findet oder falls \u00c4nderungen vorgenommen werden sollten.<\/p>\n","protected":false},"excerpt":{"rendered":"<p>Ein \u201eBore Draw\u201d Angebot ist ein Angebot, bei dem man eine R\u00fcckerstattung bekommt, falls das Spiel 0:0 unentschieden endet. F\u00fcr [&hellip;]<\/p>\n","protected":false},"author":1,"featured_media":0,"parent":0,"menu_order":0,"comment_status":"closed","ping_status":"closed","template":"","meta":{"_mi_skip_tracking":false},"yoast_head":"<!-- This site is optimized with the Yoast SEO plugin v19.13 - https:\/\/yoast.com\/wordpress\/plugins\/seo\/ -->\n<title>Bore Draw | Geld zur\u00fcck wenn das Spiel 0:0 endet | Matched Betting<\/title>\n<meta name=\"description\" content=\"Bore Draw Angebot | Wenn die Wette verliert und da das Spiel 0:0 Unentschieden endet, bekommt man sein Geld zur\u00fcck als Freiwette.\" \/>\n<meta name=\"robots\" content=\"index, follow, max-snippet:-1, max-image-preview:large, max-video-preview:-1\" \/>\n<link rel=\"canonical\" href=\"https:\/\/doppelwetten.com\/de\/bore-draw-geld-zuruck-wenn-das-spiel-00-endet\/\" \/>\n<meta property=\"og:locale\" content=\"de_DE\" \/>\n<meta property=\"og:type\" content=\"article\" \/>\n<meta property=\"og:title\" content=\"Bore Draw | Geld zur\u00fcck wenn das Spiel 0:0 endet | Matched Betting\" \/>\n<meta property=\"og:description\" content=\"Bore Draw Angebot | Wenn die Wette verliert und da das Spiel 0:0 Unentschieden endet, bekommt man sein Geld zur\u00fcck als Freiwette.\" \/>\n<meta property=\"og:url\" content=\"https:\/\/doppelwetten.com\/de\/bore-draw-geld-zuruck-wenn-das-spiel-00-endet\/\" \/>\n<meta property=\"og:site_name\" content=\"DoppelWetten\" \/>\n<meta property=\"article:modified_time\" content=\"2022-11-09T10:56:22+00:00\" \/>\n<meta name=\"twitter:card\" content=\"summary_large_image\" \/>\n<meta name=\"twitter:site\" content=\"@doppelwetten\" \/>\n<meta name=\"twitter:label1\" content=\"Gesch\u00e4tzte Lesezeit\" \/>\n\t<meta name=\"twitter:data1\" content=\"5 Minuten\" \/>\n<script type=\"application\/ld+json\" class=\"yoast-schema-graph\">{\"@context\":\"https:\/\/schema.org\",\"@graph\":[{\"@type\":\"WebPage\",\"@id\":\"https:\/\/doppelwetten.com\/de\/bore-draw-geld-zuruck-wenn-das-spiel-00-endet\/\",\"url\":\"https:\/\/doppelwetten.com\/de\/bore-draw-geld-zuruck-wenn-das-spiel-00-endet\/\",\"name\":\"Bore Draw | Geld zur\u00fcck wenn das Spiel 0:0 endet | Matched Betting\",\"isPartOf\":{\"@id\":\"https:\/\/doppelwetten.com\/#website\"},\"datePublished\":\"2018-03-26T19:13:12+00:00\",\"dateModified\":\"2022-11-09T10:56:22+00:00\",\"description\":\"Bore Draw Angebot | Wenn die Wette verliert und da das Spiel 0:0 Unentschieden endet, bekommt man sein Geld zur\u00fcck als Freiwette.\",\"breadcrumb\":{\"@id\":\"https:\/\/doppelwetten.com\/de\/bore-draw-geld-zuruck-wenn-das-spiel-00-endet\/#breadcrumb\"},\"inLanguage\":\"de-DE\",\"potentialAction\":[{\"@type\":\"ReadAction\",\"target\":[\"https:\/\/doppelwetten.com\/de\/bore-draw-geld-zuruck-wenn-das-spiel-00-endet\/\"]}]},{\"@type\":\"BreadcrumbList\",\"@id\":\"https:\/\/doppelwetten.com\/de\/bore-draw-geld-zuruck-wenn-das-spiel-00-endet\/#breadcrumb\",\"itemListElement\":[{\"@type\":\"ListItem\",\"position\":1,\"name\":\"Home\",\"item\":\"https:\/\/doppelwetten.com\/de\/\"},{\"@type\":\"ListItem\",\"position\":2,\"name\":\"Bore draw \u2013 Geld zur\u00fcck, wenn das Spiel 0:0 endet\"}]},{\"@type\":\"WebSite\",\"@id\":\"https:\/\/doppelwetten.com\/#website\",\"url\":\"https:\/\/doppelwetten.com\/\",\"name\":\"DoppelWetten\",\"description\":\"risikolosen Wetten (Schritt f\u00fcr Schritt)\",\"publisher\":{\"@id\":\"https:\/\/doppelwetten.com\/#organization\"},\"potentialAction\":[{\"@type\":\"SearchAction\",\"target\":{\"@type\":\"EntryPoint\",\"urlTemplate\":\"https:\/\/doppelwetten.com\/?s={search_term_string}\"},\"query-input\":\"required name=search_term_string\"}],\"inLanguage\":\"de-DE\"},{\"@type\":\"Organization\",\"@id\":\"https:\/\/doppelwetten.com\/#organization\",\"name\":\"DoppelWetten\",\"url\":\"https:\/\/doppelwetten.com\/\",\"logo\":{\"@type\":\"ImageObject\",\"inLanguage\":\"de-DE\",\"@id\":\"https:\/\/doppelwetten.com\/#\/schema\/logo\/image\/\",\"url\":\"https:\/\/doppelwetten.com\/wp-content\/uploads\/2021\/05\/google-logo-size.png\",\"contentUrl\":\"https:\/\/doppelwetten.com\/wp-content\/uploads\/2021\/05\/google-logo-size.png\",\"caption\":\"DoppelWetten\"},\"image\":{\"@id\":\"https:\/\/doppelwetten.com\/#\/schema\/logo\/image\/\"},\"sameAs\":[\"https:\/\/twitter.com\/doppelwetten\"]}]}<\/script>\n<!-- \/ Yoast SEO plugin. -->","yoast_head_json":{"title":"Bore Draw | Geld zur\u00fcck wenn das Spiel 0:0 endet | Matched Betting","description":"Bore Draw Angebot | Wenn die Wette verliert und da das Spiel 0:0 Unentschieden endet, bekommt man sein Geld zur\u00fcck als Freiwette.","robots":{"index":"index","follow":"follow","max-snippet":"max-snippet:-1","max-image-preview":"max-image-preview:large","max-video-preview":"max-video-preview:-1"},"canonical":"https:\/\/doppelwetten.com\/de\/bore-draw-geld-zuruck-wenn-das-spiel-00-endet\/","og_locale":"de_DE","og_type":"article","og_title":"Bore Draw | Geld zur\u00fcck wenn das Spiel 0:0 endet | Matched Betting","og_description":"Bore Draw Angebot | Wenn die Wette verliert und da das Spiel 0:0 Unentschieden endet, bekommt man sein Geld zur\u00fcck als Freiwette.","og_url":"https:\/\/doppelwetten.com\/de\/bore-draw-geld-zuruck-wenn-das-spiel-00-endet\/","og_site_name":"DoppelWetten","article_modified_time":"2022-11-09T10:56:22+00:00","twitter_card":"summary_large_image","twitter_site":"@doppelwetten","twitter_misc":{"Gesch\u00e4tzte Lesezeit":"5 Minuten"},"schema":{"@context":"https:\/\/schema.org","@graph":[{"@type":"WebPage","@id":"https:\/\/doppelwetten.com\/de\/bore-draw-geld-zuruck-wenn-das-spiel-00-endet\/","url":"https:\/\/doppelwetten.com\/de\/bore-draw-geld-zuruck-wenn-das-spiel-00-endet\/","name":"Bore Draw | Geld zur\u00fcck wenn das Spiel 0:0 endet | Matched Betting","isPartOf":{"@id":"https:\/\/doppelwetten.com\/#website"},"datePublished":"2018-03-26T19:13:12+00:00","dateModified":"2022-11-09T10:56:22+00:00","description":"Bore Draw Angebot | Wenn die Wette verliert und da das Spiel 0:0 Unentschieden endet, bekommt man sein Geld zur\u00fcck als Freiwette.","breadcrumb":{"@id":"https:\/\/doppelwetten.com\/de\/bore-draw-geld-zuruck-wenn-das-spiel-00-endet\/#breadcrumb"},"inLanguage":"de-DE","potentialAction":[{"@type":"ReadAction","target":["https:\/\/doppelwetten.com\/de\/bore-draw-geld-zuruck-wenn-das-spiel-00-endet\/"]}]},{"@type":"BreadcrumbList","@id":"https:\/\/doppelwetten.com\/de\/bore-draw-geld-zuruck-wenn-das-spiel-00-endet\/#breadcrumb","itemListElement":[{"@type":"ListItem","position":1,"name":"Home","item":"https:\/\/doppelwetten.com\/de\/"},{"@type":"ListItem","position":2,"name":"Bore draw \u2013 Geld zur\u00fcck, wenn das Spiel 0:0 endet"}]},{"@type":"WebSite","@id":"https:\/\/doppelwetten.com\/#website","url":"https:\/\/doppelwetten.com\/","name":"DoppelWetten","description":"risikolosen Wetten (Schritt f\u00fcr Schritt)","publisher":{"@id":"https:\/\/doppelwetten.com\/#organization"},"potentialAction":[{"@type":"SearchAction","target":{"@type":"EntryPoint","urlTemplate":"https:\/\/doppelwetten.com\/?s={search_term_string}"},"query-input":"required name=search_term_string"}],"inLanguage":"de-DE"},{"@type":"Organization","@id":"https:\/\/doppelwetten.com\/#organization","name":"DoppelWetten","url":"https:\/\/doppelwetten.com\/","logo":{"@type":"ImageObject","inLanguage":"de-DE","@id":"https:\/\/doppelwetten.com\/#\/schema\/logo\/image\/","url":"https:\/\/doppelwetten.com\/wp-content\/uploads\/2021\/05\/google-logo-size.png","contentUrl":"https:\/\/doppelwetten.com\/wp-content\/uploads\/2021\/05\/google-logo-size.png","caption":"DoppelWetten"},"image":{"@id":"https:\/\/doppelwetten.com\/#\/schema\/logo\/image\/"},"sameAs":["https:\/\/twitter.com\/doppelwetten"]}]}},"_links":{"self":[{"href":"https:\/\/doppelwetten.com\/de\/wp-json\/wp\/v2\/pages\/7851"}],"collection":[{"href":"https:\/\/doppelwetten.com\/de\/wp-json\/wp\/v2\/pages"}],"about":[{"href":"https:\/\/doppelwetten.com\/de\/wp-json\/wp\/v2\/types\/page"}],"author":[{"embeddable":true,"href":"https:\/\/doppelwetten.com\/de\/wp-json\/wp\/v2\/users\/1"}],"replies":[{"embeddable":true,"href":"https:\/\/doppelwetten.com\/de\/wp-json\/wp\/v2\/comments?post=7851"}],"version-history":[{"count":5,"href":"https:\/\/doppelwetten.com\/de\/wp-json\/wp\/v2\/pages\/7851\/revisions"}],"predecessor-version":[{"id":29824,"href":"https:\/\/doppelwetten.com\/de\/wp-json\/wp\/v2\/pages\/7851\/revisions\/29824"}],"wp:attachment":[{"href":"https:\/\/doppelwetten.com\/de\/wp-json\/wp\/v2\/media?parent=7851"}],"curies":[{"name":"wp","href":"https:\/\/api.w.org\/{rel}","templated":true}]}}