{"id":7733,"date":"2018-03-23T19:32:35","date_gmt":"2018-03-23T19:32:35","guid":{"rendered":"https:\/\/doppelwetten.com\/cash-back-angebote\/"},"modified":"2019-06-04T04:46:44","modified_gmt":"2019-06-04T04:46:44","slug":"cash-back-angebote","status":"publish","type":"page","link":"https:\/\/doppelwetten.com\/de\/cash-back-angebote\/","title":{"rendered":"Cashback-Angebote"},"content":{"rendered":"<p>Cashback-Angebote: \u201cCashback auf Nettoverluste\u201d ist eine h\u00e4ufige Art von <a href=\"https:\/\/doppelwetten.com\/de\/angebot-fur-bestandskunden\/\">Buchmacherangebot<\/a>.<\/p>\n<p>Ein Beispiel ist das unten stehende von Wetten.com, wo man 50% Cashback bei einem Nettoverlust von bis zu \u20ac50 erhalten kann, sofern man mindestens drei Wetten platziert hat.<\/p>\n<p><img loading=\"lazy\" class=\"alignnone wp-image-7727\" src=\"https:\/\/doppelwetten.com\/wp-content\/uploads\/2018\/03\/example-31.png\" alt=\"Cash Back Angebote\" width=\"588\" height=\"351\" srcset=\"https:\/\/doppelwetten.com\/wp-content\/uploads\/2018\/03\/example-31.png 1277w, https:\/\/doppelwetten.com\/wp-content\/uploads\/2018\/03\/example-31-300x179.png 300w, https:\/\/doppelwetten.com\/wp-content\/uploads\/2018\/03\/example-31-768x458.png 768w, https:\/\/doppelwetten.com\/wp-content\/uploads\/2018\/03\/example-31-1024x611.png 1024w\" sizes=\"(max-width: 588px) 100vw, 588px\" \/><\/p>\n<p>Wie bei jedem Angebot ist es wichtig, die <a href=\"https:\/\/doppelwetten.com\/de\/die-allgemeinen-geschaeftsbedingungen-verstehen\/\" class=\"broken_link\">Allgemeinen Gesch\u00e4ftsbedingungen<\/a> zu \u00fcberpr\u00fcfen. Einige Angebote haben eine Wettanforderung auf den Cashback-Bonus; bei anderen bekommt man den Cashback als Gratiswette.<\/p>\n<p>Die Strategie f\u00fcr diese Art von Angeboten ist ganz einfach. Man platziert einfach die erforderliche Anzahl von Wetten, um sich f\u00fcr das Angebot mit den in den Allgemeinen Gesch\u00e4ftsbedingungen genannten Mindestquoten zu qualifizieren.<\/p>\n<p>Dann hofft man, dass man einen Nettoverlust in seinem Buchmacher-Konto macht (aber einen Gewinn auf dem Wettb\u00f6rsen-Konto), damit man Geld zur\u00fcckerh\u00e4lt.<\/p>\n<p>Man sollte aufh\u00f6ren, weitere Wetten zu platzieren, sobald man einen Nettoverlust (und damit Cashback) erreicht hat, mit dem man zufrieden ist. Im folgenden Beispiel bek\u00e4me ich \u20ac35 als Cash (also Bargeld) zur\u00fcck. W\u00fcrde ich jedoch weiterhin Wetten platzieren, best\u00fcnde die Gefahr, dass diese gewinnen. Eine einzige Wette k\u00f6nnte meinen Verlust in einen Gewinn auf dem Buchmacher-Konto verwandeln. Dies w\u00fcrde bedeuten, dass ich mich nicht f\u00fcr den Cashback qualifizieren w\u00fcrde.<\/p>\n<p>Diese Angebote sind nicht risikofrei, da es m\u00f6glich ist, am Ende einen Gewinn auf dem Buchmacher-Konto zu haben. Das wiederum bedeutet, dass man einen kleinen Verlust von den qualifizierenden Wetten gemacht hat und man sich damit nicht f\u00fcr einen Cashback qualifiziert hat.<\/p>\n<h1>Beispiel\u00a0Cash Back Angebote<\/h1>\n<p>Platziere mindestens drei Wetten mit Quoten von mindestens 2,00 und erhalte bis zu 50% Cashback von bis zu \u20ac50 wenn Du verlierst.<\/p>\n<p>Wette 1: \u20ac40-Wette bei Quoten von 2,00. Die Wette verliert. Der derzeitige Verlust ist -\u20ac40<\/p>\n<p>Wette 2: \u20ac20-Wette bei Quoten von 2,00. Die Wette gewinnt. Der derzeitige Verlust ist -\u20ac20<\/p>\n<p>Wette 3: \u20ac50-Wette bei Quoten von 2,00. Die Wette verliert. Der derzeitige Verlust ist -\u20ac70<\/p>\n<p>Mit einem Nettoverlust von -\u20ac70 kann ich erwarten, \u20ac35 als Cashback zu bekommen. Denn das Angebot besagt, dass man 50% Cashback des Wertes des Nettoverlustes bekommt.<\/p>\n<p>Im\u00a0<a style=\"color: green;\" href=\"https:\/\/doppelwetten.com\/de\/forum\/\">Forum<\/a>\u00a0findest Du die besten aktuellen Reload-Angebote.<\/p>\n","protected":false},"excerpt":{"rendered":"<p>Cashback-Angebote: \u201cCashback auf Nettoverluste\u201d ist eine h\u00e4ufige Art von Buchmacherangebot. Ein Beispiel ist das unten stehende von Wetten.com, wo man [&hellip;]<\/p>\n","protected":false},"author":1,"featured_media":0,"parent":0,"menu_order":0,"comment_status":"closed","ping_status":"closed","template":"","meta":{"_mi_skip_tracking":false},"yoast_head":"<!-- This site is optimized with the Yoast SEO plugin v19.13 - https:\/\/yoast.com\/wordpress\/plugins\/seo\/ -->\n<title>Cash Back Angebote | Matched Betting | Buchmacherangebot<\/title>\n<meta name=\"description\" content=\"Cash Back Angebote: \u201cCash-Back auf Nettoverlust\u201d ist eine h\u00e4ufige Art von Buchmacherangebot. Risikofrei, denn man wendet die Matched Betting Technik an.\" \/>\n<meta name=\"robots\" content=\"index, follow, max-snippet:-1, max-image-preview:large, max-video-preview:-1\" \/>\n<link rel=\"canonical\" href=\"https:\/\/doppelwetten.com\/de\/cash-back-angebote\/\" \/>\n<meta property=\"og:locale\" content=\"de_DE\" \/>\n<meta property=\"og:type\" content=\"article\" \/>\n<meta property=\"og:title\" content=\"Cash Back Angebote | Matched Betting | Buchmacherangebot\" \/>\n<meta property=\"og:description\" content=\"Cash Back Angebote: \u201cCash-Back auf Nettoverlust\u201d ist eine h\u00e4ufige Art von Buchmacherangebot. Risikofrei, denn man wendet die Matched Betting Technik an.\" \/>\n<meta property=\"og:url\" content=\"https:\/\/doppelwetten.com\/de\/cash-back-angebote\/\" \/>\n<meta property=\"og:site_name\" content=\"DoppelWetten\" \/>\n<meta property=\"article:modified_time\" content=\"2019-06-04T04:46:44+00:00\" \/>\n<meta property=\"og:image\" content=\"https:\/\/doppelwetten.com\/wp-content\/uploads\/2018\/03\/example-31.png\" \/>\n<meta name=\"twitter:card\" content=\"summary_large_image\" \/>\n<meta name=\"twitter:site\" content=\"@doppelwetten\" \/>\n<meta name=\"twitter:label1\" content=\"Gesch\u00e4tzte Lesezeit\" \/>\n\t<meta name=\"twitter:data1\" content=\"2 Minuten\" \/>\n<script type=\"application\/ld+json\" class=\"yoast-schema-graph\">{\"@context\":\"https:\/\/schema.org\",\"@graph\":[{\"@type\":\"WebPage\",\"@id\":\"https:\/\/doppelwetten.com\/de\/cash-back-angebote\/\",\"url\":\"https:\/\/doppelwetten.com\/de\/cash-back-angebote\/\",\"name\":\"Cash Back Angebote | Matched Betting | Buchmacherangebot\",\"isPartOf\":{\"@id\":\"https:\/\/doppelwetten.com\/#website\"},\"datePublished\":\"2018-03-23T19:32:35+00:00\",\"dateModified\":\"2019-06-04T04:46:44+00:00\",\"description\":\"Cash Back Angebote: \u201cCash-Back auf Nettoverlust\u201d ist eine h\u00e4ufige Art von Buchmacherangebot. Risikofrei, denn man wendet die Matched Betting Technik an.\",\"breadcrumb\":{\"@id\":\"https:\/\/doppelwetten.com\/de\/cash-back-angebote\/#breadcrumb\"},\"inLanguage\":\"de-DE\",\"potentialAction\":[{\"@type\":\"ReadAction\",\"target\":[\"https:\/\/doppelwetten.com\/de\/cash-back-angebote\/\"]}]},{\"@type\":\"BreadcrumbList\",\"@id\":\"https:\/\/doppelwetten.com\/de\/cash-back-angebote\/#breadcrumb\",\"itemListElement\":[{\"@type\":\"ListItem\",\"position\":1,\"name\":\"Home\",\"item\":\"https:\/\/doppelwetten.com\/de\/\"},{\"@type\":\"ListItem\",\"position\":2,\"name\":\"Cashback-Angebote\"}]},{\"@type\":\"WebSite\",\"@id\":\"https:\/\/doppelwetten.com\/#website\",\"url\":\"https:\/\/doppelwetten.com\/\",\"name\":\"DoppelWetten\",\"description\":\"risikolosen Wetten (Schritt f\u00fcr Schritt)\",\"publisher\":{\"@id\":\"https:\/\/doppelwetten.com\/#organization\"},\"potentialAction\":[{\"@type\":\"SearchAction\",\"target\":{\"@type\":\"EntryPoint\",\"urlTemplate\":\"https:\/\/doppelwetten.com\/?s={search_term_string}\"},\"query-input\":\"required name=search_term_string\"}],\"inLanguage\":\"de-DE\"},{\"@type\":\"Organization\",\"@id\":\"https:\/\/doppelwetten.com\/#organization\",\"name\":\"DoppelWetten\",\"url\":\"https:\/\/doppelwetten.com\/\",\"logo\":{\"@type\":\"ImageObject\",\"inLanguage\":\"de-DE\",\"@id\":\"https:\/\/doppelwetten.com\/#\/schema\/logo\/image\/\",\"url\":\"https:\/\/doppelwetten.com\/wp-content\/uploads\/2021\/05\/google-logo-size.png\",\"contentUrl\":\"https:\/\/doppelwetten.com\/wp-content\/uploads\/2021\/05\/google-logo-size.png\",\"caption\":\"DoppelWetten\"},\"image\":{\"@id\":\"https:\/\/doppelwetten.com\/#\/schema\/logo\/image\/\"},\"sameAs\":[\"https:\/\/twitter.com\/doppelwetten\"]}]}<\/script>\n<!-- \/ Yoast SEO plugin. -->","yoast_head_json":{"title":"Cash Back Angebote | Matched Betting | Buchmacherangebot","description":"Cash Back Angebote: \u201cCash-Back auf Nettoverlust\u201d ist eine h\u00e4ufige Art von Buchmacherangebot. Risikofrei, denn man wendet die Matched Betting Technik an.","robots":{"index":"index","follow":"follow","max-snippet":"max-snippet:-1","max-image-preview":"max-image-preview:large","max-video-preview":"max-video-preview:-1"},"canonical":"https:\/\/doppelwetten.com\/de\/cash-back-angebote\/","og_locale":"de_DE","og_type":"article","og_title":"Cash Back Angebote | Matched Betting | Buchmacherangebot","og_description":"Cash Back Angebote: \u201cCash-Back auf Nettoverlust\u201d ist eine h\u00e4ufige Art von Buchmacherangebot. Risikofrei, denn man wendet die Matched Betting Technik an.","og_url":"https:\/\/doppelwetten.com\/de\/cash-back-angebote\/","og_site_name":"DoppelWetten","article_modified_time":"2019-06-04T04:46:44+00:00","og_image":[{"url":"https:\/\/doppelwetten.com\/wp-content\/uploads\/2018\/03\/example-31.png"}],"twitter_card":"summary_large_image","twitter_site":"@doppelwetten","twitter_misc":{"Gesch\u00e4tzte Lesezeit":"2 Minuten"},"schema":{"@context":"https:\/\/schema.org","@graph":[{"@type":"WebPage","@id":"https:\/\/doppelwetten.com\/de\/cash-back-angebote\/","url":"https:\/\/doppelwetten.com\/de\/cash-back-angebote\/","name":"Cash Back Angebote | Matched Betting | Buchmacherangebot","isPartOf":{"@id":"https:\/\/doppelwetten.com\/#website"},"datePublished":"2018-03-23T19:32:35+00:00","dateModified":"2019-06-04T04:46:44+00:00","description":"Cash Back Angebote: \u201cCash-Back auf Nettoverlust\u201d ist eine h\u00e4ufige Art von Buchmacherangebot. Risikofrei, denn man wendet die Matched Betting Technik an.","breadcrumb":{"@id":"https:\/\/doppelwetten.com\/de\/cash-back-angebote\/#breadcrumb"},"inLanguage":"de-DE","potentialAction":[{"@type":"ReadAction","target":["https:\/\/doppelwetten.com\/de\/cash-back-angebote\/"]}]},{"@type":"BreadcrumbList","@id":"https:\/\/doppelwetten.com\/de\/cash-back-angebote\/#breadcrumb","itemListElement":[{"@type":"ListItem","position":1,"name":"Home","item":"https:\/\/doppelwetten.com\/de\/"},{"@type":"ListItem","position":2,"name":"Cashback-Angebote"}]},{"@type":"WebSite","@id":"https:\/\/doppelwetten.com\/#website","url":"https:\/\/doppelwetten.com\/","name":"DoppelWetten","description":"risikolosen Wetten (Schritt f\u00fcr Schritt)","publisher":{"@id":"https:\/\/doppelwetten.com\/#organization"},"potentialAction":[{"@type":"SearchAction","target":{"@type":"EntryPoint","urlTemplate":"https:\/\/doppelwetten.com\/?s={search_term_string}"},"query-input":"required name=search_term_string"}],"inLanguage":"de-DE"},{"@type":"Organization","@id":"https:\/\/doppelwetten.com\/#organization","name":"DoppelWetten","url":"https:\/\/doppelwetten.com\/","logo":{"@type":"ImageObject","inLanguage":"de-DE","@id":"https:\/\/doppelwetten.com\/#\/schema\/logo\/image\/","url":"https:\/\/doppelwetten.com\/wp-content\/uploads\/2021\/05\/google-logo-size.png","contentUrl":"https:\/\/doppelwetten.com\/wp-content\/uploads\/2021\/05\/google-logo-size.png","caption":"DoppelWetten"},"image":{"@id":"https:\/\/doppelwetten.com\/#\/schema\/logo\/image\/"},"sameAs":["https:\/\/twitter.com\/doppelwetten"]}]}},"_links":{"self":[{"href":"https:\/\/doppelwetten.com\/de\/wp-json\/wp\/v2\/pages\/7733"}],"collection":[{"href":"https:\/\/doppelwetten.com\/de\/wp-json\/wp\/v2\/pages"}],"about":[{"href":"https:\/\/doppelwetten.com\/de\/wp-json\/wp\/v2\/types\/page"}],"author":[{"embeddable":true,"href":"https:\/\/doppelwetten.com\/de\/wp-json\/wp\/v2\/users\/1"}],"replies":[{"embeddable":true,"href":"https:\/\/doppelwetten.com\/de\/wp-json\/wp\/v2\/comments?post=7733"}],"version-history":[{"count":5,"href":"https:\/\/doppelwetten.com\/de\/wp-json\/wp\/v2\/pages\/7733\/revisions"}],"predecessor-version":[{"id":15003,"href":"https:\/\/doppelwetten.com\/de\/wp-json\/wp\/v2\/pages\/7733\/revisions\/15003"}],"wp:attachment":[{"href":"https:\/\/doppelwetten.com\/de\/wp-json\/wp\/v2\/media?parent=7733"}],"curies":[{"name":"wp","href":"https:\/\/api.w.org\/{rel}","templated":true}]}}