{"id":7404,"date":"2018-02-24T19:34:57","date_gmt":"2018-02-24T19:34:57","guid":{"rendered":"https:\/\/doppelwetten.com\/spielautomatenangebote\/"},"modified":"2019-06-05T02:49:45","modified_gmt":"2019-06-05T02:49:45","slug":"spielautomatenangebote","status":"publish","type":"page","link":"https:\/\/doppelwetten.com\/de\/spielautomatenangebote\/","title":{"rendered":"Spielautomatenangebote"},"content":{"rendered":"<p>Eine der h\u00e4ufigsten Arten von\u00a0Spielautomatenangeboten ist das \u201cFree Spin\u201d (oder Freispiel)-Angebot, das an Spielautomaten gespielt wird.<\/p>\n<p>Der \u201cReturn to Player\u201d (RTP) Prozentsatz (also die Gewinnaussch\u00fcttung oder Auszahlerwartung) ist ein wichtiger Faktor bei Slotmaschinenangeboten.<\/p>\n<p>RTP ist eine weitere M\u00f6glichkeit, den House Edge (den Hausvorteil) zu beschreiben.<\/p>\n<p>Hat der Spielautomat eine RTP von 95%, bedeutet dies, dass f\u00fcr jede gespielten \u20ac100 95% an den Spieler zur\u00fcckbezahlt werden, w\u00e4hrend das Casino \u20ac5 beh\u00e4lt.<\/p>\n<p>Es ist m\u00f6glich, die Varianz zu reduzieren, so dass man n\u00e4her an den Erwartungswert herankommt oder diesen sogar erreicht. Man kann die Varianz reduzieren, indem man nur mit einem sehr kleinen Einsatz spielt, oder wirklich nur mit dem Mindesteinsatz, wie im Angebot erw\u00e4hnt. Spielt man z. B. 400 Runden zu \u20ac0,25 an einem Spielautomaten, minimiert man damit die Varianz (und damit das Risiko) im Vergleich zu 100 Runden zu \u20ac1. Die erste Option nimmt allerdings mehr Zeit in Anspruch.<\/p>\n<p>Daher ist es immer ratsam, bei Slotmaschinen folgenderma\u00dfen an die Angebote ranzugehen: \u201cEins\u00e4tze minimieren und Gewinnlinien (lines) maximieren\u201d. Dies bedeutet im Grunde genommen, den geringstm\u00f6glichen Einsatz mit der maximalen Anzahl an Gewinnlinien zu spielen. Gewinnlinien sind die Linien auf einem Spielautomaten, die einen Gewinn auszahlen.<\/p>\n<h1>Spielautomatenangebote<\/h1>\n<p>Vor dem Start eines Slotmaschinen-Angebots ist es wichtig, den Erwartungswert (EV) zu berechnen. F\u00fcr ein wenig Hintergrundwissen \u00fcber den EV ist der Leitfaden &#8222;<a style=\"color: green;\" href=\"https:\/\/doppelwetten.com\/de\/knowledge-base\/ist-ein-casino-angebot-das-risiko-wert\/\">Ist ein Casino-Angebot das Risiko wert?<\/a>\u201d sehr gut. In dem Artikel werden auch andere h\u00e4ufig verwendete Begriffe erkl\u00e4rt.<\/p>\n<p>Die Allgemeinen Gesch\u00e4ftsbedingungen des Slot-Angebots geben sehr wahrscheinlich an, mit welcher Art von Spielautomaten man spielen darf, um sich f\u00fcr den Bonus zu qualifizieren. Man darf meist jedoch w\u00e4hlen, welchen Spielautomaten man f\u00fcr das Freispielen des Bonus nutzen kann.<\/p>\n<p>Ist dies der Fall, sollte man den Spielautomaten mit dem h\u00f6chsten Return to Player (RTP)-Prozentsatz w\u00e4hlen, um den Gewinn zu erh\u00f6hen.<\/p>\n<h2>Slot-Angebot Beispiel<\/h2>\n<p>\u20ac20 spielen, um einen \u20ac5 Bonus mit einer x5 Umsatzbedingung zu erhalten.<\/p>\n<p>Zuerst muss man Spins im Wert von \u20ac20 durchspielen, um sich f\u00fcr den Bonus zu qualifizieren. Danach werden an einem Spielautomaten \u20ac25 durchspielt, um den Bonus in Geld zu verwandeln.<\/p>\n<p>Angenommen, der Spielautomat hat einen RTP von 95%. Damit kann man erwarten, \u20ac1 von den qualifizierenden Spins zu verlieren. Beim Durchspielen des Bonus (mit dem gleichen RTP von 95%) sollte man mit einem Verlust von \u20ac1,25 rechnen. Der erwartete Reingewinn betr\u00e4gt daher \u20ac5 &#8211; \u20ac1 &#8211; \u20ac1,25 = \u20ac2,75. Da der Erwartungswert positiv ist, sollte man das Angebot machen.<\/p>\n<p>Genaue Informationen \u00fcber RTP\u00a0 f\u00fcr die verschiedensten Spielautomaten gibt es hier:<\/p>\n<p><strong><a href=\"https:\/\/www.trickybet.net\/betting\/slot-rtp-percentages\/\">https:\/\/www.trickybet.net\/betting\/slot-rtp-percentages\/<\/a><\/strong><\/p>\n<p>Dieser online Rechner berechnet einem schnell den Erwartungswert von Slotmaschinen-Angeboten:<\/p>\n<p><strong><a href=\"https:\/\/www.trickybet.net\/betting\/ev-calculator\/\">https:\/\/www.trickybet.net\/betting\/ev-calc\/<\/a><\/strong><\/p>\n<p>Den Wert von Gratis-Spin-Angeboten ermittelt man hier:<\/p>\n<p><strong><a href=\"https:\/\/www.trickybet.net\/betting\/expected-value-free-spins-slot-offers\/\">https:\/\/www.trickybet.net\/betting\/expected-value-free-spins-slot-offer s\/<\/a><\/strong><\/p>\n<h2>Free Spin (Freispiel)<\/h2>\n<p>Erh\u00e4lt man ein paar kostenlose Spins (ohne zuerst sein eigenes Geld gesetzt zu haben), kann man das Angebot ruhig mal machen. Free Spins sind risikofrei und man kann Gl\u00fcck haben und einen Jackpot knacken.<\/p>\n<p>Aber man sollte immer sichergehen, dass man die Teilnahmebedingungen gut verstanden hat, denn in einigen Angeboten wird verlangt, dass man einen Gewinn noch ein paar weitere Male durchspielen muss. Hat man beispielsweise \u20ac1 von den Gratiswetten gewonnen, aber es besteht eine Wettanforderung von x5, bedeutet dies, dass man weitere \u20ac5 spielen muss, bevor man sich den Gewinn auszahlen lassen kann. Im Falle, dass man die \u20ac1 dabei wieder verliert, muss man nicht die ganzen \u20ac5 durchspielen und kann direkt aufh\u00f6ren.<\/p>\n<h2>Sport- und Casino-Kombinationsangebote<\/h2>\n<p>Eine interessante Variante eines Casino-Angebots ist, wenn ein Buchmacher ein Sport- und Casino-Angebot vermischt.<\/p>\n<p>Ich habe eine Reihe von Variationen gesehen, aber die beiden H\u00e4ufigsten sind, dass man entweder Free Spins erh\u00e4lt oder einen Casino-Bonus, wenn eine Sportwette in H\u00f6he von \u20acx platziert wird.<\/p>\n<p>Die andere Variante ist, dass man \u20acx im Casino spielen muss, bevor man eine kostenlose Sportwette erh\u00e4lt. Diese Arten von Angeboten sind gro\u00dfartig, da man sich nicht um die Varianz bei der Sportwette k\u00fcmmern muss. Bevor die Sportwette platziert wird, hat man bereits das Ergebnis vom Oddsmatcher. Von einer qualifizierenden Wette w\u00fcrde man einen Verlust von etwa 5% erwarten. Daher liegt der RTP-Wert bei etwa 95%. Ebenso w\u00fcrde man eine Rendite von rund 75% aus einer Gratiswette erwarten. Unter Ber\u00fccksichtigung dieser beiden Zahlen kann man berechnen, ob ein bestimmtes Kombinationsangebot einen positiven Erwartungswert hat oder nicht.<\/p>\n<h2>Dies zeigt ein Beispiel:<\/h2>\n<p>\u20ac20 wetten, um einen \u20ac5 Casino Bonus mit einer x10 Einsatzbedingung zu erhalten.<\/p>\n<p>Von der qualifizierenden Wette wird erwartet, ungef\u00e4hr 5% zu verlieren; das w\u00e4re 1 \u20ac.<\/p>\n<p>\u20ac50 m\u00fcssen umgesetzt werden, um den Casino-Bonus in Bargeld umzuwandeln.<\/p>\n<p>Spielt man Blackjack, wird ein Gesamtgewinn von \u20ac3,75 erwartet. Denn Blackjack hat einen RTP von etwa 99,5% (aber nur wenn die grundlegende <a style=\"color: green;\" href=\"https:\/\/doppelwetten.com\/de\/knowledge-base\/die-perfekte-blackjack-strategie\/\">Blackjack Strategie<\/a> verfolgt wird).<\/p>\n<p>Die Berechnung ist wie folgt:<\/p>\n<p>Qualifikationsverlust: \u20ac1<\/p>\n<p>zu erwartender Verlust durch Casino-Bonus: \u20ac5 x 10 (das ist die Wettanforderung), also betr\u00e4gt dieser \u20ac50. Der RTP betr\u00e4gt 99,5% oder \u20ac49,75. Daher \u20ac50 &#8211; \u20ac49,75 = \u20ac0,25<\/p>\n<p>Gesamtgewinn: \u20ac5 &#8211; \u20ac1 (aus der qualifizierenden Wette) &#8211; \u20ac0,25 (aus dem Casino Bonuseinsatz) = \u20ac3,75.<\/p>\n","protected":false},"excerpt":{"rendered":"<p>Eine der h\u00e4ufigsten Arten von\u00a0Spielautomatenangeboten ist das \u201cFree Spin\u201d (oder Freispiel)-Angebot, das an Spielautomaten gespielt wird. Der \u201cReturn to Player\u201d [&hellip;]<\/p>\n","protected":false},"author":1,"featured_media":0,"parent":0,"menu_order":0,"comment_status":"closed","ping_status":"closed","template":"","meta":{"_mi_skip_tracking":false},"yoast_head":"<!-- This site is optimized with the Yoast SEO plugin v19.13 - https:\/\/yoast.com\/wordpress\/plugins\/seo\/ -->\n<title>Spielautomatenangebote - DoppelWetten Matched Betting geld online<\/title>\n<meta name=\"description\" content=\"Spielautomatenangebote | Eine der h\u00e4ufigsten Arten von\u00a0Spielautomatenangebote ist \u201cFree Spin\u201d (oder Freispiel-), das an Spielautomaten gespielt wird.\" \/>\n<meta name=\"robots\" content=\"index, follow, max-snippet:-1, max-image-preview:large, max-video-preview:-1\" \/>\n<link rel=\"canonical\" href=\"https:\/\/doppelwetten.com\/de\/spielautomatenangebote\/\" \/>\n<meta property=\"og:locale\" content=\"de_DE\" \/>\n<meta property=\"og:type\" content=\"article\" \/>\n<meta property=\"og:title\" content=\"Spielautomatenangebote - DoppelWetten Matched Betting geld online\" \/>\n<meta property=\"og:description\" content=\"Spielautomatenangebote | Eine der h\u00e4ufigsten Arten von\u00a0Spielautomatenangebote ist \u201cFree Spin\u201d (oder Freispiel-), das an Spielautomaten gespielt wird.\" \/>\n<meta property=\"og:url\" content=\"https:\/\/doppelwetten.com\/de\/spielautomatenangebote\/\" \/>\n<meta property=\"og:site_name\" content=\"DoppelWetten\" \/>\n<meta property=\"article:modified_time\" content=\"2019-06-05T02:49:45+00:00\" \/>\n<meta name=\"twitter:card\" content=\"summary_large_image\" \/>\n<meta name=\"twitter:site\" content=\"@doppelwetten\" \/>\n<meta name=\"twitter:label1\" content=\"Gesch\u00e4tzte Lesezeit\" \/>\n\t<meta name=\"twitter:data1\" content=\"4 Minuten\" \/>\n<script type=\"application\/ld+json\" class=\"yoast-schema-graph\">{\"@context\":\"https:\/\/schema.org\",\"@graph\":[{\"@type\":\"WebPage\",\"@id\":\"https:\/\/doppelwetten.com\/de\/spielautomatenangebote\/\",\"url\":\"https:\/\/doppelwetten.com\/de\/spielautomatenangebote\/\",\"name\":\"Spielautomatenangebote - DoppelWetten Matched Betting geld online\",\"isPartOf\":{\"@id\":\"https:\/\/doppelwetten.com\/#website\"},\"datePublished\":\"2018-02-24T19:34:57+00:00\",\"dateModified\":\"2019-06-05T02:49:45+00:00\",\"description\":\"Spielautomatenangebote | Eine der h\u00e4ufigsten Arten von\u00a0Spielautomatenangebote ist \u201cFree Spin\u201d (oder Freispiel-), das an Spielautomaten gespielt wird.\",\"breadcrumb\":{\"@id\":\"https:\/\/doppelwetten.com\/de\/spielautomatenangebote\/#breadcrumb\"},\"inLanguage\":\"de-DE\",\"potentialAction\":[{\"@type\":\"ReadAction\",\"target\":[\"https:\/\/doppelwetten.com\/de\/spielautomatenangebote\/\"]}]},{\"@type\":\"BreadcrumbList\",\"@id\":\"https:\/\/doppelwetten.com\/de\/spielautomatenangebote\/#breadcrumb\",\"itemListElement\":[{\"@type\":\"ListItem\",\"position\":1,\"name\":\"Home\",\"item\":\"https:\/\/doppelwetten.com\/de\/\"},{\"@type\":\"ListItem\",\"position\":2,\"name\":\"Spielautomatenangebote\"}]},{\"@type\":\"WebSite\",\"@id\":\"https:\/\/doppelwetten.com\/#website\",\"url\":\"https:\/\/doppelwetten.com\/\",\"name\":\"DoppelWetten\",\"description\":\"risikolosen Wetten (Schritt f\u00fcr Schritt)\",\"publisher\":{\"@id\":\"https:\/\/doppelwetten.com\/#organization\"},\"potentialAction\":[{\"@type\":\"SearchAction\",\"target\":{\"@type\":\"EntryPoint\",\"urlTemplate\":\"https:\/\/doppelwetten.com\/?s={search_term_string}\"},\"query-input\":\"required name=search_term_string\"}],\"inLanguage\":\"de-DE\"},{\"@type\":\"Organization\",\"@id\":\"https:\/\/doppelwetten.com\/#organization\",\"name\":\"DoppelWetten\",\"url\":\"https:\/\/doppelwetten.com\/\",\"logo\":{\"@type\":\"ImageObject\",\"inLanguage\":\"de-DE\",\"@id\":\"https:\/\/doppelwetten.com\/#\/schema\/logo\/image\/\",\"url\":\"https:\/\/doppelwetten.com\/wp-content\/uploads\/2021\/05\/google-logo-size.png\",\"contentUrl\":\"https:\/\/doppelwetten.com\/wp-content\/uploads\/2021\/05\/google-logo-size.png\",\"caption\":\"DoppelWetten\"},\"image\":{\"@id\":\"https:\/\/doppelwetten.com\/#\/schema\/logo\/image\/\"},\"sameAs\":[\"https:\/\/twitter.com\/doppelwetten\"]}]}<\/script>\n<!-- \/ Yoast SEO plugin. -->","yoast_head_json":{"title":"Spielautomatenangebote - DoppelWetten Matched Betting geld online","description":"Spielautomatenangebote | Eine der h\u00e4ufigsten Arten von\u00a0Spielautomatenangebote ist \u201cFree Spin\u201d (oder Freispiel-), das an Spielautomaten gespielt wird.","robots":{"index":"index","follow":"follow","max-snippet":"max-snippet:-1","max-image-preview":"max-image-preview:large","max-video-preview":"max-video-preview:-1"},"canonical":"https:\/\/doppelwetten.com\/de\/spielautomatenangebote\/","og_locale":"de_DE","og_type":"article","og_title":"Spielautomatenangebote - DoppelWetten Matched Betting geld online","og_description":"Spielautomatenangebote | Eine der h\u00e4ufigsten Arten von\u00a0Spielautomatenangebote ist \u201cFree Spin\u201d (oder Freispiel-), das an Spielautomaten gespielt wird.","og_url":"https:\/\/doppelwetten.com\/de\/spielautomatenangebote\/","og_site_name":"DoppelWetten","article_modified_time":"2019-06-05T02:49:45+00:00","twitter_card":"summary_large_image","twitter_site":"@doppelwetten","twitter_misc":{"Gesch\u00e4tzte Lesezeit":"4 Minuten"},"schema":{"@context":"https:\/\/schema.org","@graph":[{"@type":"WebPage","@id":"https:\/\/doppelwetten.com\/de\/spielautomatenangebote\/","url":"https:\/\/doppelwetten.com\/de\/spielautomatenangebote\/","name":"Spielautomatenangebote - DoppelWetten Matched Betting geld online","isPartOf":{"@id":"https:\/\/doppelwetten.com\/#website"},"datePublished":"2018-02-24T19:34:57+00:00","dateModified":"2019-06-05T02:49:45+00:00","description":"Spielautomatenangebote | Eine der h\u00e4ufigsten Arten von\u00a0Spielautomatenangebote ist \u201cFree Spin\u201d (oder Freispiel-), das an Spielautomaten gespielt wird.","breadcrumb":{"@id":"https:\/\/doppelwetten.com\/de\/spielautomatenangebote\/#breadcrumb"},"inLanguage":"de-DE","potentialAction":[{"@type":"ReadAction","target":["https:\/\/doppelwetten.com\/de\/spielautomatenangebote\/"]}]},{"@type":"BreadcrumbList","@id":"https:\/\/doppelwetten.com\/de\/spielautomatenangebote\/#breadcrumb","itemListElement":[{"@type":"ListItem","position":1,"name":"Home","item":"https:\/\/doppelwetten.com\/de\/"},{"@type":"ListItem","position":2,"name":"Spielautomatenangebote"}]},{"@type":"WebSite","@id":"https:\/\/doppelwetten.com\/#website","url":"https:\/\/doppelwetten.com\/","name":"DoppelWetten","description":"risikolosen Wetten (Schritt f\u00fcr Schritt)","publisher":{"@id":"https:\/\/doppelwetten.com\/#organization"},"potentialAction":[{"@type":"SearchAction","target":{"@type":"EntryPoint","urlTemplate":"https:\/\/doppelwetten.com\/?s={search_term_string}"},"query-input":"required name=search_term_string"}],"inLanguage":"de-DE"},{"@type":"Organization","@id":"https:\/\/doppelwetten.com\/#organization","name":"DoppelWetten","url":"https:\/\/doppelwetten.com\/","logo":{"@type":"ImageObject","inLanguage":"de-DE","@id":"https:\/\/doppelwetten.com\/#\/schema\/logo\/image\/","url":"https:\/\/doppelwetten.com\/wp-content\/uploads\/2021\/05\/google-logo-size.png","contentUrl":"https:\/\/doppelwetten.com\/wp-content\/uploads\/2021\/05\/google-logo-size.png","caption":"DoppelWetten"},"image":{"@id":"https:\/\/doppelwetten.com\/#\/schema\/logo\/image\/"},"sameAs":["https:\/\/twitter.com\/doppelwetten"]}]}},"_links":{"self":[{"href":"https:\/\/doppelwetten.com\/de\/wp-json\/wp\/v2\/pages\/7404"}],"collection":[{"href":"https:\/\/doppelwetten.com\/de\/wp-json\/wp\/v2\/pages"}],"about":[{"href":"https:\/\/doppelwetten.com\/de\/wp-json\/wp\/v2\/types\/page"}],"author":[{"embeddable":true,"href":"https:\/\/doppelwetten.com\/de\/wp-json\/wp\/v2\/users\/1"}],"replies":[{"embeddable":true,"href":"https:\/\/doppelwetten.com\/de\/wp-json\/wp\/v2\/comments?post=7404"}],"version-history":[{"count":5,"href":"https:\/\/doppelwetten.com\/de\/wp-json\/wp\/v2\/pages\/7404\/revisions"}],"predecessor-version":[{"id":16202,"href":"https:\/\/doppelwetten.com\/de\/wp-json\/wp\/v2\/pages\/7404\/revisions\/16202"}],"wp:attachment":[{"href":"https:\/\/doppelwetten.com\/de\/wp-json\/wp\/v2\/media?parent=7404"}],"curies":[{"name":"wp","href":"https:\/\/api.w.org\/{rel}","templated":true}]}}