{"id":7358,"date":"2018-02-22T08:11:12","date_gmt":"2018-02-22T08:11:12","guid":{"rendered":"https:\/\/doppelwetten.com\/ist-ein-casino-angebot-das-risiko-wert\/"},"modified":"2022-11-15T13:00:19","modified_gmt":"2022-11-15T13:00:19","slug":"ist-ein-casino-angebot-das-risiko-wert","status":"publish","type":"page","link":"https:\/\/doppelwetten.com\/de\/ist-ein-casino-angebot-das-risiko-wert\/","title":{"rendered":"Ist ein Casino-Angebot das Risiko wert?"},"content":{"rendered":"<p>Ist ein Casino-Angebot das Risiko wert? Casino-Angebote k\u00f6nnen sehr profitabel sein. Daher sollten sie beim Matched Betting nicht unbedingt links liegen gelassen werden.<\/p>\n<p>Nachdem man sich bei den Buchmacher-Newslettern angemeldet hat (was man unbedingt tun sollte), erh\u00e4lt man unter der Woche (besonders an Fu\u00dfball-freien Tagen) zahlreiche Casino-Angebote per E-Mail.<\/p>\n<p>Casino-Angebote sind ein reines Vorteilsspiel in der Matched-Betting-Welt. Das bedeutet, ein Angebot wird nur gespielt, wenn der Vorteil klar zugunsten des Matched Wettenden ist. Es darf nicht vergessen werden, dass Casino-Angebote nicht risikofrei sind und Gewinn und Verlust immer vom Erwartungswert (EV) abweichen werden.<\/p>\n<h2><strong>Als Einstieg in Casino-Angebote sollte man auf jeden Fall erst einmal den vollst\u00e4ndigen <a href=\"https:\/\/doppelwetten.com\/de\/knowledge-base\/leitfaden-spielcasino\/\">Casino-Leitartikel&nbsp;<\/a>lesen.<\/strong><\/h2>\n<h1>Return to Player (RTP)\/Ertrag f\u00fcr Spieler\/Durchschnittliche Verteilungsquote<\/h1>\n<p>Der Begriff \u201cReturn To Player\u201d (RTP) beschreibt den Prozentsatz des eingesetzten Geldes, der im Laufe der Zeit an den Spieler zur\u00fcckgezahlt wird. Das RTP ist ein n\u00fctzlicher Indikator bei der Entscheidung, ob sich ein Slot-Angebot (Spielautomat) lohnt. Es ist jedoch darauf hinzuweisen, dass der RTP-Prozentsatz auf einem langen Zeitraum und einer gro\u00dfen Anzahl von Spielen basiert und kein bestimmtes Ergebnis auf kurze Sicht garantiert.<\/p>\n<p>Der RTP-Prozentsatz gibt an, wie viel Geld man \u201dzur\u00fcck\u201d erwarten kann, wenn man \u20ac100 setzt. Verwendet man die grundlegende Blackjack-Strategie, dann liegt der House Edge (Hausvorteil) bei Blackjack bei 0,50% und der RTP bei 99,5%. Das bedeutet, dass man mit einem Verlust von ca. \u20ac0,50 pro \u20ac100 Einsatz rechnen muss. Im Vergleich dazu liegt der RTP einer durchschnittlichen Slotmaschine bei 95%.<\/p>\n<h2><strong>Der Erwartungswert\/Expected Value (EV)<\/strong><\/h2>\n<p>Den Erwartungswert (EV) zu verstehen, ist sehr wichtig. Dieser n\u00e4mlich gibt uns Aufschluss dar\u00fcber, ob sich ein Angebot lohnt oder nicht. Grunds\u00e4tzlich ist der Erwartungswert der Geldbetrag, von dem man mathematisch erwarten kann, ihn \u201dzur\u00fcckzuerhalten\u201d. Bei einem positiven Expected Value erwartet man, dass mit dem Angebot Geld verdient wird. Bei einem negativen Expected Value wird wahrscheinlich Geld verloren.<\/p>\n<h2><strong>Beispiel 1<\/strong><\/h2>\n<p>\u20ac20 bei Blackjack spielen und einen Bonus von \u20ac10 erhalten (bei einer Einsatzbedingung von x10).<\/p>\n<p>Man spielt, wie erforderlich, \u20ac20 bei Blackjack. Dabei rechnet man mit einem EV von 99,5%, was also bedeutet, dass man bei \u20ac20 99,5% dieser Summe \u201czur\u00fcckerhalten&#8220; wird. Somit verliert man, nach Abschluss der Qualifikationsbedingungen, um die \u20ac0,10.<\/p>\n<p>Damit hat man den \u20ac10 Bonus freigeschaltet. Bei einer Wettanforderung von x10 muss man nun H\u00e4nde im Wert von \u20ac10 x 10 = \u20ac100 spielen, bis das Angebot abgeschlossen ist und der Bonus in Bargeld umgewandelt werden kann. Man erwartet eine Rendite von 99,5%. Von der \u20ac100 Wettanforderung erwartet man einen Verlust von \u20ac0,50. Dies ergibt einen Erwartungswert von \u20ac9,40.<\/p>\n<p>Rein rechnerisch ist es also so: Man hat einen Bonus von \u20ac10 erhalten, aber man verliert \u20ac0,10 wegen der Qualifikationspflicht und \u20ac0,50 wegen der Wettanforderung.<\/p>\n<h2><strong>Beispiel 2<\/strong><\/h2>\n<p>\u20ac10 am Spielautomaten (Slots) spielen und eine kostenlose \u20ac5 Wette erhalten.<\/p>\n<p>Man spielt die \u20ac10 an einem ausgew\u00e4hlten Slot (Spielautomat). Man erwartet einen RTP\/Erwartungswert (EV) von 95%. Das bedeutet beim Einsatz von \u20ac10, dass man \u20ac0,50 verliert.<\/p>\n<p>Man hat eine Freiwette von \u20ac5 freigeschaltet. Von dieser Gratis-Wette wird ein Gewinn von ca. \u20ac3,50 erwartet. Also rechnet man insgesamt mit einem Reingewinn von \u20ac3 (\u20ac3,50 &#8211; \u20ac0,50).<\/p>\n<h2><strong>Der DoppelWetten EV Rechner<\/strong><\/h2>\n<p><strong><img loading=\"lazy\" class=\" wp-image-14118 aligncenter\" src=\"https:\/\/doppelwetten.com\/wp-content\/uploads\/2019\/03\/79.png\" alt=\"Erwartungswert-Rechner\" width=\"948\" height=\"449\" srcset=\"https:\/\/doppelwetten.com\/wp-content\/uploads\/2019\/03\/79.png 1191w, https:\/\/doppelwetten.com\/wp-content\/uploads\/2019\/03\/79-300x142.png 300w, https:\/\/doppelwetten.com\/wp-content\/uploads\/2019\/03\/79-768x364.png 768w, https:\/\/doppelwetten.com\/wp-content\/uploads\/2019\/03\/79-1024x485.png 1024w\" sizes=\"(max-width: 948px) 100vw, 948px\" \/><i class=\"icon\">1<\/i>Bonus-Betrag: <\/strong>Dies ist die Summe des Bonus (vom Angebot)<\/p>\n<p><strong><i class=\"icon\">2<\/i>Umsatzanforderung: <\/strong>Dies ist die Wettbedingung. Diese Summe findet man in den AGBs des Angebots.<\/p>\n<p><strong><i class=\"icon\">3<\/i>Hausvorteil: <\/strong>Hier muss man angeben, welche Art von Spiel Du w\u00e4hlen m\u00f6chtest. Die AGBs des Angebots geben dies eventuell vor.<\/p>\n<p><strong><i class=\"icon\">4<\/i><\/strong><strong>Erwartungswert: <\/strong>Dies ist der Durchschnittsgewinn oder der Durchschnittsverlust, den man von diesem Angebot erwarten kann.<\/p>\n<p><strong><i class=\"icon\">5<\/i>Ja or Nein: <\/strong>Ja: das Angebot ist es wert. Nein: Lass es besser bleiben.<\/p>\n<h1>&nbsp;<\/h1>\n<h2>Eine Liste von detaillierten Spielautomat-Prozents\u00e4tzen findet sich hier<\/h2>\n<p><a href=\"https:\/\/www.trickybet.net\/betting\/slot-rtp-percentages\/\"><i class=\"icon-circle hb-icon-float-left hb-icon-small hb-icon\" style=\"color:#0099ff\"><\/i><\/a><a href=\"https:\/\/www.oddsmonkey.com\/training\/ViewGuide.aspx?guideId=98\" class=\"broken_link\">https:\/\/www.oddsmonkey.com\/training\/ViewGuide.aspx?guideId=98<\/a><\/p>\n<p><a href=\"https:\/\/www.trickybet.net\/betting\/slot-rtp-percentages\/\"><i class=\"icon-circle hb-icon-float-left hb-icon-small hb-icon\" style=\"color:#0099ff\"><\/i><\/a><a href=\"https:\/\/www.trickybet.net\/betting\/slot-rtp-percentages\/\">https:\/\/www.trickybet.net\/betting\/slot-rtp-percentages\/<\/a><\/p>\n","protected":false},"excerpt":{"rendered":"<p>Ist ein Casino-Angebot das Risiko wert? Casino-Angebote k\u00f6nnen sehr profitabel sein. Daher sollten sie beim Matched Betting nicht unbedingt links [&hellip;]<\/p>\n","protected":false},"author":1,"featured_media":0,"parent":0,"menu_order":0,"comment_status":"closed","ping_status":"closed","template":"","meta":{"_mi_skip_tracking":false},"yoast_head":"<!-- This site is optimized with the Yoast SEO plugin v19.13 - https:\/\/yoast.com\/wordpress\/plugins\/seo\/ -->\n<title>Ist ein Casino-Angebot das Risiko wert? Eine Matched Betting Analyse<\/title>\n<meta name=\"description\" content=\"Ist ein Casino-Angebot das Risiko wert? Casino-Angebote k\u00f6nnen sehr profitabel sein und sollten bei Matched Betting daher nicht links liegen gelassen werden\" \/>\n<meta name=\"robots\" content=\"index, follow, max-snippet:-1, max-image-preview:large, max-video-preview:-1\" \/>\n<link rel=\"canonical\" href=\"https:\/\/doppelwetten.com\/de\/ist-ein-casino-angebot-das-risiko-wert\/\" \/>\n<meta property=\"og:locale\" content=\"de_DE\" \/>\n<meta property=\"og:type\" content=\"article\" \/>\n<meta property=\"og:title\" content=\"Ist ein Casino-Angebot das Risiko wert? Eine Matched Betting Analyse\" \/>\n<meta property=\"og:description\" content=\"Ist ein Casino-Angebot das Risiko wert? Casino-Angebote k\u00f6nnen sehr profitabel sein und sollten bei Matched Betting daher nicht links liegen gelassen werden\" \/>\n<meta property=\"og:url\" content=\"https:\/\/doppelwetten.com\/de\/ist-ein-casino-angebot-das-risiko-wert\/\" \/>\n<meta property=\"og:site_name\" content=\"DoppelWetten\" \/>\n<meta property=\"article:modified_time\" content=\"2022-11-15T13:00:19+00:00\" \/>\n<meta property=\"og:image\" content=\"https:\/\/doppelwetten.com\/wp-content\/uploads\/2019\/03\/79.png\" \/>\n<meta name=\"twitter:card\" content=\"summary_large_image\" \/>\n<meta name=\"twitter:site\" content=\"@doppelwetten\" \/>\n<meta name=\"twitter:label1\" content=\"Gesch\u00e4tzte Lesezeit\" \/>\n\t<meta name=\"twitter:data1\" content=\"3 Minuten\" \/>\n<script type=\"application\/ld+json\" class=\"yoast-schema-graph\">{\"@context\":\"https:\/\/schema.org\",\"@graph\":[{\"@type\":\"WebPage\",\"@id\":\"https:\/\/doppelwetten.com\/de\/ist-ein-casino-angebot-das-risiko-wert\/\",\"url\":\"https:\/\/doppelwetten.com\/de\/ist-ein-casino-angebot-das-risiko-wert\/\",\"name\":\"Ist ein Casino-Angebot das Risiko wert? Eine Matched Betting Analyse\",\"isPartOf\":{\"@id\":\"https:\/\/doppelwetten.com\/#website\"},\"datePublished\":\"2018-02-22T08:11:12+00:00\",\"dateModified\":\"2022-11-15T13:00:19+00:00\",\"description\":\"Ist ein Casino-Angebot das Risiko wert? Casino-Angebote k\u00f6nnen sehr profitabel sein und sollten bei Matched Betting daher nicht links liegen gelassen werden\",\"breadcrumb\":{\"@id\":\"https:\/\/doppelwetten.com\/de\/ist-ein-casino-angebot-das-risiko-wert\/#breadcrumb\"},\"inLanguage\":\"de-DE\",\"potentialAction\":[{\"@type\":\"ReadAction\",\"target\":[\"https:\/\/doppelwetten.com\/de\/ist-ein-casino-angebot-das-risiko-wert\/\"]}]},{\"@type\":\"BreadcrumbList\",\"@id\":\"https:\/\/doppelwetten.com\/de\/ist-ein-casino-angebot-das-risiko-wert\/#breadcrumb\",\"itemListElement\":[{\"@type\":\"ListItem\",\"position\":1,\"name\":\"Home\",\"item\":\"https:\/\/doppelwetten.com\/de\/\"},{\"@type\":\"ListItem\",\"position\":2,\"name\":\"Ist ein Casino-Angebot das Risiko wert?\"}]},{\"@type\":\"WebSite\",\"@id\":\"https:\/\/doppelwetten.com\/#website\",\"url\":\"https:\/\/doppelwetten.com\/\",\"name\":\"DoppelWetten\",\"description\":\"risikolosen Wetten (Schritt f\u00fcr Schritt)\",\"publisher\":{\"@id\":\"https:\/\/doppelwetten.com\/#organization\"},\"potentialAction\":[{\"@type\":\"SearchAction\",\"target\":{\"@type\":\"EntryPoint\",\"urlTemplate\":\"https:\/\/doppelwetten.com\/?s={search_term_string}\"},\"query-input\":\"required name=search_term_string\"}],\"inLanguage\":\"de-DE\"},{\"@type\":\"Organization\",\"@id\":\"https:\/\/doppelwetten.com\/#organization\",\"name\":\"DoppelWetten\",\"url\":\"https:\/\/doppelwetten.com\/\",\"logo\":{\"@type\":\"ImageObject\",\"inLanguage\":\"de-DE\",\"@id\":\"https:\/\/doppelwetten.com\/#\/schema\/logo\/image\/\",\"url\":\"https:\/\/doppelwetten.com\/wp-content\/uploads\/2021\/05\/google-logo-size.png\",\"contentUrl\":\"https:\/\/doppelwetten.com\/wp-content\/uploads\/2021\/05\/google-logo-size.png\",\"caption\":\"DoppelWetten\"},\"image\":{\"@id\":\"https:\/\/doppelwetten.com\/#\/schema\/logo\/image\/\"},\"sameAs\":[\"https:\/\/twitter.com\/doppelwetten\"]}]}<\/script>\n<!-- \/ Yoast SEO plugin. -->","yoast_head_json":{"title":"Ist ein Casino-Angebot das Risiko wert? Eine Matched Betting Analyse","description":"Ist ein Casino-Angebot das Risiko wert? Casino-Angebote k\u00f6nnen sehr profitabel sein und sollten bei Matched Betting daher nicht links liegen gelassen werden","robots":{"index":"index","follow":"follow","max-snippet":"max-snippet:-1","max-image-preview":"max-image-preview:large","max-video-preview":"max-video-preview:-1"},"canonical":"https:\/\/doppelwetten.com\/de\/ist-ein-casino-angebot-das-risiko-wert\/","og_locale":"de_DE","og_type":"article","og_title":"Ist ein Casino-Angebot das Risiko wert? Eine Matched Betting Analyse","og_description":"Ist ein Casino-Angebot das Risiko wert? Casino-Angebote k\u00f6nnen sehr profitabel sein und sollten bei Matched Betting daher nicht links liegen gelassen werden","og_url":"https:\/\/doppelwetten.com\/de\/ist-ein-casino-angebot-das-risiko-wert\/","og_site_name":"DoppelWetten","article_modified_time":"2022-11-15T13:00:19+00:00","og_image":[{"url":"https:\/\/doppelwetten.com\/wp-content\/uploads\/2019\/03\/79.png"}],"twitter_card":"summary_large_image","twitter_site":"@doppelwetten","twitter_misc":{"Gesch\u00e4tzte Lesezeit":"3 Minuten"},"schema":{"@context":"https:\/\/schema.org","@graph":[{"@type":"WebPage","@id":"https:\/\/doppelwetten.com\/de\/ist-ein-casino-angebot-das-risiko-wert\/","url":"https:\/\/doppelwetten.com\/de\/ist-ein-casino-angebot-das-risiko-wert\/","name":"Ist ein Casino-Angebot das Risiko wert? Eine Matched Betting Analyse","isPartOf":{"@id":"https:\/\/doppelwetten.com\/#website"},"datePublished":"2018-02-22T08:11:12+00:00","dateModified":"2022-11-15T13:00:19+00:00","description":"Ist ein Casino-Angebot das Risiko wert? Casino-Angebote k\u00f6nnen sehr profitabel sein und sollten bei Matched Betting daher nicht links liegen gelassen werden","breadcrumb":{"@id":"https:\/\/doppelwetten.com\/de\/ist-ein-casino-angebot-das-risiko-wert\/#breadcrumb"},"inLanguage":"de-DE","potentialAction":[{"@type":"ReadAction","target":["https:\/\/doppelwetten.com\/de\/ist-ein-casino-angebot-das-risiko-wert\/"]}]},{"@type":"BreadcrumbList","@id":"https:\/\/doppelwetten.com\/de\/ist-ein-casino-angebot-das-risiko-wert\/#breadcrumb","itemListElement":[{"@type":"ListItem","position":1,"name":"Home","item":"https:\/\/doppelwetten.com\/de\/"},{"@type":"ListItem","position":2,"name":"Ist ein Casino-Angebot das Risiko wert?"}]},{"@type":"WebSite","@id":"https:\/\/doppelwetten.com\/#website","url":"https:\/\/doppelwetten.com\/","name":"DoppelWetten","description":"risikolosen Wetten (Schritt f\u00fcr Schritt)","publisher":{"@id":"https:\/\/doppelwetten.com\/#organization"},"potentialAction":[{"@type":"SearchAction","target":{"@type":"EntryPoint","urlTemplate":"https:\/\/doppelwetten.com\/?s={search_term_string}"},"query-input":"required name=search_term_string"}],"inLanguage":"de-DE"},{"@type":"Organization","@id":"https:\/\/doppelwetten.com\/#organization","name":"DoppelWetten","url":"https:\/\/doppelwetten.com\/","logo":{"@type":"ImageObject","inLanguage":"de-DE","@id":"https:\/\/doppelwetten.com\/#\/schema\/logo\/image\/","url":"https:\/\/doppelwetten.com\/wp-content\/uploads\/2021\/05\/google-logo-size.png","contentUrl":"https:\/\/doppelwetten.com\/wp-content\/uploads\/2021\/05\/google-logo-size.png","caption":"DoppelWetten"},"image":{"@id":"https:\/\/doppelwetten.com\/#\/schema\/logo\/image\/"},"sameAs":["https:\/\/twitter.com\/doppelwetten"]}]}},"_links":{"self":[{"href":"https:\/\/doppelwetten.com\/de\/wp-json\/wp\/v2\/pages\/7358"}],"collection":[{"href":"https:\/\/doppelwetten.com\/de\/wp-json\/wp\/v2\/pages"}],"about":[{"href":"https:\/\/doppelwetten.com\/de\/wp-json\/wp\/v2\/types\/page"}],"author":[{"embeddable":true,"href":"https:\/\/doppelwetten.com\/de\/wp-json\/wp\/v2\/users\/1"}],"replies":[{"embeddable":true,"href":"https:\/\/doppelwetten.com\/de\/wp-json\/wp\/v2\/comments?post=7358"}],"version-history":[{"count":5,"href":"https:\/\/doppelwetten.com\/de\/wp-json\/wp\/v2\/pages\/7358\/revisions"}],"predecessor-version":[{"id":29859,"href":"https:\/\/doppelwetten.com\/de\/wp-json\/wp\/v2\/pages\/7358\/revisions\/29859"}],"wp:attachment":[{"href":"https:\/\/doppelwetten.com\/de\/wp-json\/wp\/v2\/media?parent=7358"}],"curies":[{"name":"wp","href":"https:\/\/api.w.org\/{rel}","templated":true}]}}