{"id":7343,"date":"2018-02-21T20:45:45","date_gmt":"2018-02-21T20:45:45","guid":{"rendered":"https:\/\/doppelwetten.com\/leitfaden-spielcasino\/"},"modified":"2019-06-04T04:50:07","modified_gmt":"2019-06-04T04:50:07","slug":"leitfaden-spielcasino-matched-betting","status":"publish","type":"page","link":"https:\/\/doppelwetten.com\/de\/leitfaden-spielcasino-matched-betting\/","title":{"rendered":"Leitfaden Spielcasino"},"content":{"rendered":"<h1>Leitfaden Spielcasino<\/h1>\n<i class=\"icon-circle hb-icon-float-left hb-icon-small hb-icon\" style=\"color:#0099ff\"><\/i>F\u00fchrt in das Thema Online Spielcasino ein<\/p>\n<i class=\"icon-circle hb-icon-float-left hb-icon-small hb-icon\" style=\"color:#0099ff\"><\/i>Macht deutlich, wie Casinoangebote ein lukrativer Bestandteil von Matched Betting sein k\u00f6nnen<\/p>\n<i class=\"icon-circle hb-icon-float-left hb-icon-small hb-icon\" style=\"color:#0099ff\"><\/i>Erkl\u00e4rt grundlegende Begriffe der Casinos<\/p>\n<i class=\"icon-circle hb-icon-float-left hb-icon-small hb-icon\" style=\"color:#0099ff\"><\/i>Zeigt, wie man Casinoangebote f\u00fcrs Matched Betting ausnutzt<\/p>\n<h1><\/h1>\n<h2>Online Casinos: Eine Einf\u00fchrung<\/h2>\n<p>Casino-Angebote k\u00f6nnen tats\u00e4chlich profitabel sein und sollten daher bei Matched Betting nicht \u00fcbersehen werden.<\/p>\n<p>Traditionelle Casinos sind seit Jahrzehnten ein sehr beliebtes Ziel f\u00fcr Gl\u00fccksspieler, Junggesellenabschiede und Partyabende. Las Vegas ist einer der Top-Touristenorte in den USA; jeden Tag jagen Millionen von Menschen dort dem Traum vom gro\u00dfen Gewinn hinterher.<\/p>\n<p>Seit der Einf\u00fchrung von Online-Casinos hat diese Form des Gl\u00fccksspiels an Beliebtheit gewonnen, da sie viel einfacher und zug\u00e4nglicher geworden ist. Man kann jetzt auf die verschiedensten Spiele setzen &#8211; alles bequem von zuhause aus.<\/p>\n<p>Die meisten Casinospiele sind sehr einfach und basieren auf Gl\u00fcck statt auf F\u00e4higkeiten. Ein gutes Beispiel ist der Spielautomat. Total simpel, denn man muss nur auf einen Knopf dr\u00fccken; man hat allerdings keinerlei Einfluss auf das Ergebnis.<\/p>\n<p>Beim Matched Betting erscheinen Casino-Angebote anfangs etwas abschreckend, zumal sie nicht risikofrei sind.\u00a0Und genau deshalb habe ich diesen Einf\u00fchrungsleitfaden zusammengestellt. Er soll den Einstieg ins Casinospielen erleichtern und einige der anf\u00e4nglichen Bedenken und Fragen kl\u00e4ren.<\/p>\n<p>Mein Vorschlag ist es, vor dem Spielen mit echtem Geld ein paar \u00dcbungsdurchl\u00e4ufe zu machen. Das hilft, Regeln zu verstehen. Online gibt es viele Sites, wo man \u00fcben kann, und auch viele Onlinecasinos bieten \u00dcbungen an. Am Ende dieses Artikels ist ein Link zu einer ganz guten Site, wo man Blackjack, Roulette usw. ausprobieren kann, ohne dabei sein eigenes Geld zu riskieren.<\/p>\n<h2><strong>Warum gibt es Boni und Angebote bei den online Spielbanken?<\/strong><\/h2>\n<p>Genau wie bei den Sportwetten versuchen die Casinos ihr M\u00f6glichstes, Kunden anzulocken. Boni und Angebote erm\u00f6glichen es, die verschiedensten Spiele auszuprobieren, und der Kunde wird so eher Lust haben, weiterzuspielen.<\/p>\n<p>An dieser Stelle ist es eine gute Idee, den Leitfaden <a href=\"https:\/\/doppelwetten.com\/de\/knowledge-base\/ist-ein-casino-angebot-das-risiko-wert\/\" target=\"_blank\" rel=\"noopener noreferrer\">&#8222;Ist ein Casino-Angebot das Risiko wert?\u201d<\/a> zu lesen, um sicherzustellen, dass man nur Casino-Angebote macht, die einen positiven Erwartungswert (EV) haben.<\/p>\n<h2><strong>Welche Casino Spiele sind online verf\u00fcgbar?<\/strong><\/h2>\n<p>Alle. Nenne irgendein Dir bekanntes Casino-Spiel, und Du wirst es online finden. Zus\u00e4tzlich zu den traditionellen Casinospielen Blackjack, Roulette und Poker findet man auch eine ganze Reihe von weniger traditionellen Spielen wie Rubbelkarten, Slot Machines und Bingo.<\/p>\n<h2><strong>Wallets<\/strong><\/h2>\n<p>Normalerweise kann das Geld, das sich in einem Buchmacher-Konto befindet, verwendet werden, um auch Casinospiele zu spielen. Hat man also 20\u20ac in einem Wettanbieter-Konto, kann man damit entweder eine Wette im Sportwettenbereich oder im Casinobereich platzieren.\u00a0Kann man sein Geld sowohl f\u00fcr Sportwetten, als auch im Casino ausgeben, spricht man von einem \u201dshared wallet\u201d.<\/p>\n<p>Die andere M\u00f6glichkeit ist, dass man \u201cseparate wallets\u201d, also getrennte Geldb\u00f6rsen, f\u00fcr die Sportwetten und das Casino hat. In diesem Fall kann man seine 20\u20ac, die sich in der Sportwetten \u201dGeldb\u00f6rse\u201d beim Wettanbieter befinden, nicht f\u00fcr Casinospiele ausgeben. Das geht nur dann, wenn man Geld in die\u00a0Casino-Geldb\u00f6rse einzahlt oder Geld vom Sportwetten-Wallet transferiert. Diese Art von \u201cseparate wallet\u201d ist ein wenig \u00e4rgerlich, da man Geld hin- und her bewegen muss. Ich mache es normalerweise so, dass ich Geld von meinem Sportwettenbereich hin zum Casino \u00fcbertrage, das Angebot mache und es dann sofort wieder zur\u00fcck \u00fcberweise, so dass sich mein ganzes Geld wieder in nur einer Geldb\u00f6rse befindet. Aber hier kann nat\u00fcrlich jeder selbst entscheiden, wie es am besten passt.<\/p>\n<h2><strong>Verschiedene Bereiche der Online Casinos<\/strong><\/h2>\n<p>Einige Online Casinos haben unterschiedliche Bereiche. Das folgende Beispiel stammt von Ladbrokes.<\/p>\n<p><img loading=\"lazy\" class=\"alignnone wp-image-7345 size-full\" src=\"https:\/\/doppelwetten.com\/wp-content\/uploads\/2018\/02\/example-21.png\" alt=\"Leitfaden Spielcasino\" width=\"533\" height=\"37\" srcset=\"https:\/\/doppelwetten.com\/wp-content\/uploads\/2018\/02\/example-21.png 533w, https:\/\/doppelwetten.com\/wp-content\/uploads\/2018\/02\/example-21-300x21.png 300w\" sizes=\"(max-width: 533px) 100vw, 533px\" \/><\/p>\n<p>Oftmals haben verschiedene Bereiche des Online-Casinos unterschiedliche Angebote. Man sollte daher immer alle \u00fcberpr\u00fcfen. Au\u00dferdem ist es wichtig, zu beachten, dass man nicht immer ein Angebot von z. B. dem Casino-Bereich im Slot-Bereich nutzen kann.<\/p>\n<h2><strong>Live-Casino<\/strong><\/h2>\n<p>Die meisten Casinos haben einen Live-Bereich. Hier spielt man tats\u00e4chlich mit einer realen Person, die die Karten austeilt oder das Roulette-Rad dreht, im Gegensatz zu Videografiken, die man normalerweise vor sich hat. Da es live ist, hat man auch nur begrenzt Zeit, Wetten zu platzieren und zu entscheiden, ob man eine andere Karte m\u00f6chte oder nicht. Daher empfehle ich, nur dann im Live-Casino zu spielen, wenn man gut mit Online-Casinos vertraut ist.<\/p>\n<h2><strong>Verbindungsst\u00f6rungen w\u00e4hrend des Spiels<\/strong><\/h2>\n<p>Es kann vorkommen, dass die Verbindung zum Casinoserver verloren geht oder gest\u00f6rt wird. Obwohl das \u00e4rgerlich ist,\u00a0ist es kein Grund zur Sorge. H\u00f6chstwahrscheinlich erscheint eine Fehlermeldung, woraufhin man erst einmal die Seite aktualisieren sollte. Reicht dies nicht aus, sollte man die Seite schlie\u00dfen und wieder \u00f6ffnen. Spiele werden immer auf dem Casino-Server gespeichert. Es sollte daher automatisch neu gestartet werden, nachdem die Verbindung unterbrochen wurde. Wird das Spiel nicht dort neu gestartet, wo aufgeh\u00f6rt wurde, dann sollte man den Live-Chat oder den Kundendienst kontaktieren und und erkl\u00e4ren, was passiert ist. Normalerweise wird einem schnell bei der Behebung des Problems geholfen.<\/p>\n<h2>Wie\u00a0k\u00f6nnen Casino-Angebote als Matched Betting eingestuft werden?<\/h2>\n<p>Matched Betting ist kein Gl\u00fccksspiel. Warum also w\u00fcrde man Casino-Angebote als Matched Betting klassifizieren? Casino-Angebote sind nicht risikofrei &#8211; das ist ganz wichtig! In jedem Casino verliert man langfristig, denn die Casinos haben den mathematischen Vorteil (Hausvorteil\/House Edge). Klar, irgendwer gewinnt immer mal, aber die Meisten verlieren. Das ist Gl\u00fccksspiel. In diesem Sinne ist es nichts anderes, als eine Wette bei einem Buchmacher zu platzieren, was ja auch Gl\u00fccksspiel ist.<\/p>\n<p>Wie bei den Sportwetten auch, gibt es jedoch einen starken Wettbewerb zwischen den Online Casinos. Um Kunden zu gewinnen, werden Boni angeboten. Und hier kommt Matched Betting ins Spiel &#8211; mit dieser Technik kann der House Edge zum Vorteil werden. Wie bei Sportwetten auch wird nur dann ein Einsatz gemacht, wenn es ein Angebot gibt und die Quoten, d. h. der mathematische Vorteil, zu den Gunsten des Matched Wettenden stehen. Das klingt vielleicht sehr kompliziert, ist es aber nicht. Und super News: DoppelWetten hat einen <a href=\"https:\/\/doppelwetten.com\/de\/erwartungswert-rechner\/\">Rechner<\/a> erstellt, der einem genau sagt, ob ein Casino-Angebot gemacht werden sollte oder nicht.<\/p>\n<p>Aber zuerst einige wichtige Casino-Begriffe.<\/p>\n<h2>Grundlegende Casino-Begriffe<\/h2>\n<h2><strong>Wettanforderung (WR)<\/strong><\/h2>\n<p>Wenn man ein Casino-Angebot in Betracht zieht, ist es sehr wichtig, die Wettanforderungen zu beachten. Dies funktioniert genau wie bei Sportangeboten und ist im Grunde genommen der Geldbetrag, der gespielt werden muss, bevor der Bonus in Bargeld umwandelt und Geld abgehoben werden kann. Genau wie bei Sportangeboten ist die Mindesteinsatzanforderung an die H\u00f6he des Bonus gebunden. Angenommen, man erh\u00e4lt einen Bonus von \u20ac10 mit einer Mindesteinsatzanforderung von x1. Das bedeutet, dass man 10\u20ac spielen muss, bevor man Geld abheben kann. Ein WR von x10, zum Beispiel, w\u00fcrde bedeuten, dass man 100\u20ac durchspielen muss, bevor man das Geld abheben kann. Aber wie auch immer ist es ganz wichtig, sicherzustellen, dass man die AGBs liest, bevor ein Angebot angenommen wird.<\/p>\n<h2><strong>House Edge<\/strong><\/h2>\n<p>Dieser Begriff wird verwendet, um den mathematischen Vorteil zu beschreiben, den das Casino gegen\u00fcber den Spielern hat. Dieser Vorteilsmargin ist es, der die Casinos Geld verdienen l\u00e4sst. Es handelt sich um einen Prozentsatz des Gewinns.<\/p>\n<p>Man kann dies gut mit einem Beispiel eines Spielautomaten darstellen.<\/p>\n<p>Slotmaschinen haben im Durchschnitt einen House Edge von ca. 5%. Das bedeutet, dass f\u00fcr jede 100\u20ac, die auf diese Spielautomaten gesetzt werden, 95\u20ac an die Spieler ausgezahlt wird und das Casino einen Gewinn von 5\u20ac erzielt. Nat\u00fcrlich ist das nur ein Durchschnittswert. Denn einige Leute bekommen einen gro\u00dfen Gewinn, aber die meisten verlieren halt.<\/p>\n<h2><strong>Auszahlungsquote (RTP)<\/strong><\/h2>\n<p>RTP ist eine andere M\u00f6glichkeit, den House Edge darzustellen. Nimmt man das obige Beispiel der Slotmaschine, betr\u00e4gt der RTP-Prozentsatz 95%. Das bedeutet genau das Gleiche wie oben, d.h. dass f\u00fcr jede \u20ac100, die im Spielautomaten gesetzt werden, 95% an die Spieler zur\u00fcckgezahlt wird und das Casino \u20ac5 gewinnt.\u00a0Der RTP ist ein n\u00fctzlicher Hinweis darauf, um zu entscheiden, ob es wert ist, ein Slot-Angebot anzunehmen. Man sollte jedoch beachten, dass der RTP-Prozentsatz auf einem langen Zeitraum und einer hohen Anzahl von Spielen basiert und kurzfristig kein bestimmtes Ergebnis garantiert.<\/p>\n<h2><strong>Expected Value (EV)<\/strong><\/h2>\n<p>Das ist auf gut Deutsch der Wertbetrag oder Erwartungswert. Kennt man die Wettanforderung und den House Edge bzw. die Auszahlungsquote, kann man den Erwartungswert eines bestimmten <a href=\"https:\/\/doppelwetten.com\/de\/erwartungswert-rechner\/\">Angebots berechnen<\/a>. Dieser ist sehr wichtig, denn er gibt Aufschluss dar\u00fcber, ob sich ein Angebot lohnt oder nicht. Grunds\u00e4tzlich ist der EV der Geldbetrag, den man rein mathematisch erwartet, zu erhalten. Bei einem positiven EV w\u00fcrde man erwarten, dass mit dem Angebot Geld verdient wird. Bei einem negativen EV erwartet man, dass Geld verloren wird.<\/p>\n<p>Dabei darf nat\u00fcrlich nicht vergessen werden, dass dies die theoretische Rendite des Angebots ist und dass Casino-Angebote generell nicht risikofrei sind. Nimmt man aber immer Angebote mit einem positiven EV, sollte man langfristig Geld verdienen.<\/p>\n<p>Mein Leitfaden \u201e<a href=\"https:\/\/doppelwetten.com\/de\/knowledge-base\/ist-ein-casino-angebot-das-risiko-wert\/\">Ist ein Casino-Angebot das Risiko wert?<\/a>\u201d zeigt, wie man den EV berechnet.<\/p>\n<h2><strong>Varianz\/Abweichung<\/strong><\/h2>\n<p>Der Grund, warum Casino-Angebote nicht risikofrei sind und warum man sich nicht sicher sein kann, dass man aus einem Angebot mit einem positiven Erwartungswert Geld verdient, liegt an der Abweichung, der Varianz. Im Laufe der Zeit wird die mathematische Wahrscheinlichkeit dem Erwartungswert (EV) nahe oder gleichkommen. Hat man dementsprechend ein Angebot mit einem EV von \u20ac5, erreicht man im Laufe der Zeit (wenn man das Angebot sehr h\u00e4ufig durchspielt) wahrscheinlich den EV. Macht man das Angebot das erste Mal, verliert man m\u00f6glicherweise, aber das n\u00e4chste Mal k\u00f6nnte man gewinnen.<\/p>\n<p>Als Matched Wettender minimiert man in diesem Fall das Risiko. Das Risiko wird m\u00f6glichst gering gehalten, indem man am besten nur kleine Eins\u00e4tzespielt. Spielt man, zum Beispiel, 400 Runden zu \u20ac0,25 an einem Spielautomaten, minimiert man die Varianz (und damit das Risiko) im Vergleich zu 100 Runden zu \u20ac1. Die Option mit den 400 Runden wird allerdings mehr Zeit in Anspruch nehmen. Deswegen sollte man bei Spielautomaten immer \u201cminimalen Einsatz und maximale Gewinnlinien\u201d spielen, also den niedrigsten Einsatz mit der maximalen Anzahl an Gewinnlinien. Gewinnlinien sind die Linien auf einem Spielautomaten, die einen Gewinn ausspucken.<\/p>\n<h2>Wo beginnen?<\/h2>\n<p>Die meisten Online-Buchmacher haben einen Online-Casino-Bereich. Logge Dich in eines Deiner Buchmacher-Konten ein und gehe zum Online-Casino-Bereich. Schau dort einfach mal rein, aber ohne wirklich zu spielen. Du kannst auskundschaften, welche Spiele angeboten werden, und ob es m\u00f6glich ist, einige der Spiele auszuprobieren, ohne mit echtem Geld zu spielen.<\/p>\n<p>Hast Du zuvor noch nie ein Casino-Spiel gespielt, schlage ich vor, dass Du mit ein paar kostenlosen Spielen beginnst; entweder in Deinem Online-Casino-Konto oder unter <a href=\"https:\/\/wizardofodds.com\/play\/\">https:\/\/wizardofodds.com\/play\/<\/a>.<\/p>\n<p>Die einfachsten Casinospiele f\u00fcr Anf\u00e4nger sind Roulette und Spielautomaten. Das Casinospiel mit dem niedrigsten House Edge ist Blackjack. Ich schlage daher vor, dass Du die grundlegende Blackjack-Strategie (Siehe Leitfaden \u201dDie perfekte Blackjack Strategie\u201d) ausdruckst und solange kostenlos spielst, bis Du Dich sicher genug f\u00fchlst, um ein Angebot auszuprobieren. Nicht vergessen, dass die Varianz beim Casino ein riesiger Faktor ist. Also versuche es ruhig weiter, auch wenn Du mit Deinem ersten Angebot keinen Gewinn gemacht hast.<\/p>\n<h2><strong>Weitere Leitf\u00e4den<\/strong><\/h2>\n<p>Unter der Rubrik \u201cCasino\u201d auf der Leitf\u00e4denseite auf DoppelWetten findet man weitere Informationen. Die sollte man sich alle durchgelesen und verstanden haben, bevor man irgendein Casinoangebot macht.<\/p>\n<p><strong><a href=\"https:\/\/doppelwetten.com\/de\/knowledge-base\/die-perfekte-blackjack-strategie\/\"><i class=\"icon-circle hb-icon-float-left hb-icon-small hb-icon\" style=\"color:#0099ff\"><\/i>\u00a0Die perfekte Blackjack Strategie<\/a><\/strong><\/p>\n<p><a href=\"https:\/\/doppelwetten.com\/de\/knowledge-base\/spielautomatenangebote\/\"><strong><i class=\"icon-circle hb-icon-float-left hb-icon-small hb-icon\" style=\"color:#0099ff\"><\/i>Slotmachinen (Spielautomaten)<\/strong><\/a><\/p>\n<p><a href=\"https:\/\/doppelwetten.com\/de\/knowledge-base\/golden-chips-angebote\/\"><strong><i class=\"icon-circle hb-icon-float-left hb-icon-small hb-icon\" style=\"color:#0099ff\"><\/i>Golden Chip Angebote<\/strong><\/a><\/p>\n<p><a href=\"https:\/\/doppelwetten.com\/de\/knowledge-base\/ist-ein-casino-angebot-das-risiko-wert\/\"><strong><i class=\"icon-circle hb-icon-float-left hb-icon-small hb-icon\" style=\"color:#0099ff\"><\/i>Ist ein Casino-Angebot das Risiko wert?<\/strong><\/a><\/p>\n<p>Wie immer kann sich jeder gerne im <a style=\"color: green;\" href=\"https:\/\/doppelwetten.com\/forum\/\">Forum<\/a> melden, wenn Fragen auftauchen.<\/p>\n<h2>Verantwortungsvoll spielen<\/h2>\n<p>Online Casinos sind sehr sorgf\u00e4ltig entworfen, um die Kunden zum Spielen und Geld ausgeben anzuhalten. So wird man st\u00e4ndig mit Versprechungen von hohen Gewinnen und massiven Jackpots bombardiert. Es ist auch wirklich verlockend, dem nachzugeben und einfach zu spielen, auch wenn ein Angebot l\u00e4ngst abgeschlossen ist.<\/p>\n<p>Das passiert besonders einfach, wenn man bei einem Angebot Geld verloren hat. Sobald man ein Angebot abgeschlossen hat, bitte <strong>sofort<\/strong> aufh\u00f6ren, ganz egal, wie das Angebot ausgegangen ist.<\/p>\n<p>Bitte lies meinen Leitfaden zur Vermeidung von <a style=\"color: green;\" href=\"https:\/\/doppelwetten.com\/de\/knowledge-base\/vermeide-gluecksspiel\/\">Gl\u00fccksspielen<\/a>.<\/p>\n","protected":false},"excerpt":{"rendered":"<p>Leitfaden Spielcasino F\u00fchrt in das Thema Online Spielcasino ein Macht deutlich, wie Casinoangebote ein lukrativer Bestandteil von Matched Betting sein [&hellip;]<\/p>\n","protected":false},"author":1,"featured_media":0,"parent":0,"menu_order":0,"comment_status":"closed","ping_status":"closed","template":"","meta":{"_mi_skip_tracking":false},"yoast_head":"<!-- This site is optimized with the Yoast SEO plugin v19.13 - https:\/\/yoast.com\/wordpress\/plugins\/seo\/ -->\n<title>Leitfaden Spielcasino. Vom Matched Betting Blickwinkel<\/title>\n<meta name=\"description\" content=\"Dieser Leitfaden Spielcasino f\u00fchrt in das Thema Online Spielcasino ein | Casinoangebote ein lukrativer Bestandteil von Matched Betting\" \/>\n<meta name=\"robots\" content=\"index, follow, max-snippet:-1, max-image-preview:large, max-video-preview:-1\" \/>\n<link rel=\"canonical\" href=\"https:\/\/doppelwetten.com\/de\/leitfaden-spielcasino-matched-betting\/\" \/>\n<meta property=\"og:locale\" content=\"de_DE\" \/>\n<meta property=\"og:type\" content=\"article\" \/>\n<meta property=\"og:title\" content=\"Leitfaden Spielcasino. Vom Matched Betting Blickwinkel\" \/>\n<meta property=\"og:description\" content=\"Dieser Leitfaden Spielcasino f\u00fchrt in das Thema Online Spielcasino ein | Casinoangebote ein lukrativer Bestandteil von Matched Betting\" \/>\n<meta property=\"og:url\" content=\"https:\/\/doppelwetten.com\/de\/leitfaden-spielcasino-matched-betting\/\" \/>\n<meta property=\"og:site_name\" content=\"DoppelWetten\" \/>\n<meta property=\"article:modified_time\" content=\"2019-06-04T04:50:07+00:00\" \/>\n<meta property=\"og:image\" content=\"https:\/\/doppelwetten.com\/wp-content\/uploads\/2018\/02\/example-21.png\" \/>\n<meta name=\"twitter:card\" content=\"summary_large_image\" \/>\n<meta name=\"twitter:site\" content=\"@doppelwetten\" \/>\n<meta name=\"twitter:label1\" content=\"Gesch\u00e4tzte Lesezeit\" \/>\n\t<meta name=\"twitter:data1\" content=\"10 Minuten\" \/>\n<script type=\"application\/ld+json\" class=\"yoast-schema-graph\">{\"@context\":\"https:\/\/schema.org\",\"@graph\":[{\"@type\":\"WebPage\",\"@id\":\"https:\/\/doppelwetten.com\/de\/leitfaden-spielcasino-matched-betting\/\",\"url\":\"https:\/\/doppelwetten.com\/de\/leitfaden-spielcasino-matched-betting\/\",\"name\":\"Leitfaden Spielcasino. Vom Matched Betting Blickwinkel\",\"isPartOf\":{\"@id\":\"https:\/\/doppelwetten.com\/#website\"},\"datePublished\":\"2018-02-21T20:45:45+00:00\",\"dateModified\":\"2019-06-04T04:50:07+00:00\",\"description\":\"Dieser Leitfaden Spielcasino f\u00fchrt in das Thema Online Spielcasino ein | Casinoangebote ein lukrativer Bestandteil von Matched Betting\",\"breadcrumb\":{\"@id\":\"https:\/\/doppelwetten.com\/de\/leitfaden-spielcasino-matched-betting\/#breadcrumb\"},\"inLanguage\":\"de-DE\",\"potentialAction\":[{\"@type\":\"ReadAction\",\"target\":[\"https:\/\/doppelwetten.com\/de\/leitfaden-spielcasino-matched-betting\/\"]}]},{\"@type\":\"BreadcrumbList\",\"@id\":\"https:\/\/doppelwetten.com\/de\/leitfaden-spielcasino-matched-betting\/#breadcrumb\",\"itemListElement\":[{\"@type\":\"ListItem\",\"position\":1,\"name\":\"Home\",\"item\":\"https:\/\/doppelwetten.com\/de\/\"},{\"@type\":\"ListItem\",\"position\":2,\"name\":\"Leitfaden Spielcasino\"}]},{\"@type\":\"WebSite\",\"@id\":\"https:\/\/doppelwetten.com\/#website\",\"url\":\"https:\/\/doppelwetten.com\/\",\"name\":\"DoppelWetten\",\"description\":\"risikolosen Wetten (Schritt f\u00fcr Schritt)\",\"publisher\":{\"@id\":\"https:\/\/doppelwetten.com\/#organization\"},\"potentialAction\":[{\"@type\":\"SearchAction\",\"target\":{\"@type\":\"EntryPoint\",\"urlTemplate\":\"https:\/\/doppelwetten.com\/?s={search_term_string}\"},\"query-input\":\"required name=search_term_string\"}],\"inLanguage\":\"de-DE\"},{\"@type\":\"Organization\",\"@id\":\"https:\/\/doppelwetten.com\/#organization\",\"name\":\"DoppelWetten\",\"url\":\"https:\/\/doppelwetten.com\/\",\"logo\":{\"@type\":\"ImageObject\",\"inLanguage\":\"de-DE\",\"@id\":\"https:\/\/doppelwetten.com\/#\/schema\/logo\/image\/\",\"url\":\"https:\/\/doppelwetten.com\/wp-content\/uploads\/2021\/05\/google-logo-size.png\",\"contentUrl\":\"https:\/\/doppelwetten.com\/wp-content\/uploads\/2021\/05\/google-logo-size.png\",\"caption\":\"DoppelWetten\"},\"image\":{\"@id\":\"https:\/\/doppelwetten.com\/#\/schema\/logo\/image\/\"},\"sameAs\":[\"https:\/\/twitter.com\/doppelwetten\"]}]}<\/script>\n<!-- \/ Yoast SEO plugin. -->","yoast_head_json":{"title":"Leitfaden Spielcasino. Vom Matched Betting Blickwinkel","description":"Dieser Leitfaden Spielcasino f\u00fchrt in das Thema Online Spielcasino ein | Casinoangebote ein lukrativer Bestandteil von Matched Betting","robots":{"index":"index","follow":"follow","max-snippet":"max-snippet:-1","max-image-preview":"max-image-preview:large","max-video-preview":"max-video-preview:-1"},"canonical":"https:\/\/doppelwetten.com\/de\/leitfaden-spielcasino-matched-betting\/","og_locale":"de_DE","og_type":"article","og_title":"Leitfaden Spielcasino. Vom Matched Betting Blickwinkel","og_description":"Dieser Leitfaden Spielcasino f\u00fchrt in das Thema Online Spielcasino ein | Casinoangebote ein lukrativer Bestandteil von Matched Betting","og_url":"https:\/\/doppelwetten.com\/de\/leitfaden-spielcasino-matched-betting\/","og_site_name":"DoppelWetten","article_modified_time":"2019-06-04T04:50:07+00:00","og_image":[{"url":"https:\/\/doppelwetten.com\/wp-content\/uploads\/2018\/02\/example-21.png"}],"twitter_card":"summary_large_image","twitter_site":"@doppelwetten","twitter_misc":{"Gesch\u00e4tzte Lesezeit":"10 Minuten"},"schema":{"@context":"https:\/\/schema.org","@graph":[{"@type":"WebPage","@id":"https:\/\/doppelwetten.com\/de\/leitfaden-spielcasino-matched-betting\/","url":"https:\/\/doppelwetten.com\/de\/leitfaden-spielcasino-matched-betting\/","name":"Leitfaden Spielcasino. Vom Matched Betting Blickwinkel","isPartOf":{"@id":"https:\/\/doppelwetten.com\/#website"},"datePublished":"2018-02-21T20:45:45+00:00","dateModified":"2019-06-04T04:50:07+00:00","description":"Dieser Leitfaden Spielcasino f\u00fchrt in das Thema Online Spielcasino ein | Casinoangebote ein lukrativer Bestandteil von Matched Betting","breadcrumb":{"@id":"https:\/\/doppelwetten.com\/de\/leitfaden-spielcasino-matched-betting\/#breadcrumb"},"inLanguage":"de-DE","potentialAction":[{"@type":"ReadAction","target":["https:\/\/doppelwetten.com\/de\/leitfaden-spielcasino-matched-betting\/"]}]},{"@type":"BreadcrumbList","@id":"https:\/\/doppelwetten.com\/de\/leitfaden-spielcasino-matched-betting\/#breadcrumb","itemListElement":[{"@type":"ListItem","position":1,"name":"Home","item":"https:\/\/doppelwetten.com\/de\/"},{"@type":"ListItem","position":2,"name":"Leitfaden Spielcasino"}]},{"@type":"WebSite","@id":"https:\/\/doppelwetten.com\/#website","url":"https:\/\/doppelwetten.com\/","name":"DoppelWetten","description":"risikolosen Wetten (Schritt f\u00fcr Schritt)","publisher":{"@id":"https:\/\/doppelwetten.com\/#organization"},"potentialAction":[{"@type":"SearchAction","target":{"@type":"EntryPoint","urlTemplate":"https:\/\/doppelwetten.com\/?s={search_term_string}"},"query-input":"required name=search_term_string"}],"inLanguage":"de-DE"},{"@type":"Organization","@id":"https:\/\/doppelwetten.com\/#organization","name":"DoppelWetten","url":"https:\/\/doppelwetten.com\/","logo":{"@type":"ImageObject","inLanguage":"de-DE","@id":"https:\/\/doppelwetten.com\/#\/schema\/logo\/image\/","url":"https:\/\/doppelwetten.com\/wp-content\/uploads\/2021\/05\/google-logo-size.png","contentUrl":"https:\/\/doppelwetten.com\/wp-content\/uploads\/2021\/05\/google-logo-size.png","caption":"DoppelWetten"},"image":{"@id":"https:\/\/doppelwetten.com\/#\/schema\/logo\/image\/"},"sameAs":["https:\/\/twitter.com\/doppelwetten"]}]}},"_links":{"self":[{"href":"https:\/\/doppelwetten.com\/de\/wp-json\/wp\/v2\/pages\/7343"}],"collection":[{"href":"https:\/\/doppelwetten.com\/de\/wp-json\/wp\/v2\/pages"}],"about":[{"href":"https:\/\/doppelwetten.com\/de\/wp-json\/wp\/v2\/types\/page"}],"author":[{"embeddable":true,"href":"https:\/\/doppelwetten.com\/de\/wp-json\/wp\/v2\/users\/1"}],"replies":[{"embeddable":true,"href":"https:\/\/doppelwetten.com\/de\/wp-json\/wp\/v2\/comments?post=7343"}],"version-history":[{"count":5,"href":"https:\/\/doppelwetten.com\/de\/wp-json\/wp\/v2\/pages\/7343\/revisions"}],"predecessor-version":[{"id":16139,"href":"https:\/\/doppelwetten.com\/de\/wp-json\/wp\/v2\/pages\/7343\/revisions\/16139"}],"wp:attachment":[{"href":"https:\/\/doppelwetten.com\/de\/wp-json\/wp\/v2\/media?parent=7343"}],"curies":[{"name":"wp","href":"https:\/\/api.w.org\/{rel}","templated":true}]}}