{"id":7323,"date":"2018-02-21T20:14:49","date_gmt":"2018-02-21T20:14:49","guid":{"rendered":"https:\/\/doppelwetten.com\/die-perfekte-blackjack-strategie\/"},"modified":"2022-12-01T10:04:36","modified_gmt":"2022-12-01T10:04:36","slug":"die-perfekte-blackjack-strategie","status":"publish","type":"page","link":"https:\/\/doppelwetten.com\/de\/die-perfekte-blackjack-strategie\/","title":{"rendered":"Die perfekte Blackjack Strategie"},"content":{"rendered":"<p>Wegen des niedrigen Hausvorteils (House Edge) ist Blackjack eines der beliebtesten Casinospiele. Die perfekte Blackjack Strategie&nbsp;mit DoppelWetten.<\/p>\n<p>Verwendet man die perfekte Blackjack Strategie, liegt der Hausvorteil bei 0,50% und der RTP-Prozentsatz (Return To Player\/ Ertrag f\u00fcr Spieler\/ durchschnittliche Verteilungsquote) bei 99,5%. Das bedeutet, dass man mit einem Verlust von ca. \u20ac0,50 pro \u20ac100 Einsatz rechnen muss. Im Vergleich dazu liegt die durchschnittliche RTP einer Slotmaschine bei 95%.<\/p>\n<p>Aber aufgrund des niedrigen Hausvorteils ist Blackjack auch eines der am wenigsten profitablen Spiele f\u00fcr das Casino. Dies macht Blackjack nat\u00fcrlich zu einem sehr interessanten Spiel f\u00fcr Matched Wettende. Blackjack wird gerne ausgew\u00e4hlt, um die Bonusangebote, die eine Wettanforderung haben, zu vervollst\u00e4ndigen.<\/p>\n<h1>Ein paar Regeln<\/h1>\n<p>Blackjack ist ein relativ einfaches Spiel. Das Ziel ist, den Dealer zu schlagen, indem man so nahe wie m\u00f6glich an die 21 herankommt.<\/p>\n<p>Zu Beginn des Spiels erh\u00e4lt man zwei Karten; der Dealer erh\u00e4lt eine. Alle Karten sind aufgedeckt und jeder kann somit die Karten sehen. Asse z\u00e4hlen entweder als 1 oder 11; die Karten 2 bis 9 entsprechend ihrem jeweiligen Nennwert, und Zehner und Bildkarten z\u00e4hlen 10.<\/p>\n<p>Nun kann man w\u00e4hlen, ob man eine zus\u00e4tzliche Karte erhalten oder \u201dstehen&#8220; (stand) m\u00f6chte. Stand bedeutet, dass man keine weiteren Karten mehr erhalten m\u00f6chte. Sobald man sich entschieden hat, zu stehen, d. h. keine weiteren Karten mehr erhalten m\u00f6chte, ist der Dealer an der Reihe. Erh\u00e4lt man ein Ass und eine Karte, die als 10 z\u00e4hlt, hat man einen Blackjack und man gewinnt x2,5 seines Einsatzes \u201dzur\u00fcck\u201d. Es sei denn, der Dealer hat auch Blackjack. In diesem Fall bekommt man den Einsatz zur\u00fcck.<\/p>\n<p>Geht man \u201dbust\u201d, hat man die Hand verloren. Den Einsatz verliert man so oder so, auch wenn der Dealer eine h\u00f6here Hand hat, ohne dabei \u00fcber 21 zu gehen. Hat man den gleichen Wert wie der Dealer, ist das ein Push (Draw) und man bekommt den Einsatz zur\u00fcck.<\/p>\n<p>Eine \u201dHard Hand\u201d, also harte Hand, ist, wenn man keine Asse hat, oder wenn das Ass gezwungenerma\u00dfen als 1 z\u00e4hlt (weil man sonst \u00fcber 21 hinausgehen w\u00fcrde). Beispiele sind ein Ass, 5 und 7. Dies ist immer 13, weil man sonst bei \u00fcber 21 w\u00e4re, wenn das Ass als 11 gez\u00e4hlt w\u00fcrde (in dem Fall h\u00e4tte man 23).<\/p>\n<p>Eine \u201cSoft Hand\u201d, also weiche Hand, ist, wenn man ein Ass hat, das entweder als 1 oder 11 z\u00e4hlen kann, z. B. ein Ass und eine 4. Dies k\u00f6nnte entweder als 5 oder 15 gelten.<\/p>\n<p>Sobald die ersten Karten ausgeteilt wurden, hat man normalerweise vier Optionen f\u00fcr den n\u00e4chsten Zug.<\/p>\n<p><i class=\"icon\">1<\/i>Stand: Man entscheidet sich, keine weiteren Karten zu erhalten. Der Zug wird beendet.<\/p>\n<p><i class=\"icon\">2<\/i>Hit: Man bekommt eine weitere Karte. Man kann solange weitere Karten erhalten (Hit) bis man \u201dbust\u201d geht und \u00fcber die 21 kommt.<\/p>\n<p><i class=\"icon\">3<\/i>ouble: Man verdoppelt den Einsatz und erh\u00e4lt nur noch eine weitere Karte.<\/p>\n<p><i class=\"icon\">4<\/i>Split: Bekommt man ein Paar ausgeteilt, kann man seine Karten aufteilen (\u201dsplit\u201d). Dazu geh\u00f6ren Karten mit einem Wert von 10. So kann man z. B. einen K\u00f6nig und eine K\u00f6nigin teilen. Der Einsatz wird verdoppelt, da man jetzt zwei H\u00e4nde hat. Jedes Blatt erh\u00e4lt eine zweite Karte.<\/p>\n<p>In dem Falle, in dem die erste Karte des Dealers ein Ass ist, wird man m\u00f6glicherweise gefragt, ob man eine Versicherung (Insurance) w\u00fcnscht. Es wird nicht empfohlen, eine Versicherung abzuschlie\u00dfen, da es mathematisch besser ist, auf eine solche zu verzichten.<\/p>\n<h2>Hier kann man die Blackjack Strategie kostenlos \u00fcben:<\/h2>\n<i class=\"icon-circle hb-icon-float-left hb-icon-small hb-icon\" style=\"color:#0099ff\"><\/i><a style=\"color: green;\" href=\"https:\/\/wizardofodds.com\/play\/\">https:\/\/wizardofodds.com\/play\/<\/a><\/p>\n<i class=\"icon-circle hb-icon-float-left hb-icon-small hb-icon\" style=\"color:#0099ff\"><\/i><a style=\"color: green;\" href=\"https:\/\/www.casino.org\/blackjack\/free\/\">https:\/\/www.casino.org\/blackjack\/free\/<\/a><\/p>\n<p>Wer noch ganz neu ist beim Blackjack sollte sich am besten ein paar YouTube Videos ansehen, um die Regeln zu erlernen. Einfach mal \u201cWie spielt man Blackjack\u201d eingeben und schon bekommmt man eine ganze Liste mit Videos angezeigt.<\/p>\n<h2>Die perfekte Blackjack Strategie<\/h2>\n<p>Bitte immer daran denken, dass das Spielen von Blackjack durch die Verwendung der Blackjack-Strategie nicht risikofrei wird. Das Anwenden der Strategie erh\u00f6ht nur die Chance, einen Verlust zu minimieren.<\/p>\n<p>Man verwendet die perfekte Blackjack Strategie, indem man sein eigenes Blatt mit dem des Dealers vergleicht und dann dem empfohlenen n\u00e4chsten Zug folgt. Eine grundlegende Blackjack-Anleitung findet sich am Ende dieser Anleitung.<\/p>\n<h2>Ein kleiner Tipp<\/h2>\n<div>Es ist viel schneller, der perfekten Blackjack-Strategie zu folgen, wenn diese ausgedruckt neben einem liegt. Druckt man nicht aus, sondern hat die Strategie auf dem Laptop oder Handy, ist sie nicht so schnell zur Stelle.<\/div>\n<div>&nbsp;<\/div>\n<div>Bei Fragen bitte im DoppelWetten <a href=\"https:\/\/forum.doppelwetten.com\" target=\"_blank\" rel=\"noopener noreferrer\">Forum<\/a> melden!<\/div>\n<div>&nbsp;<\/div>\n<p><img loading=\"lazy\" class=\"alignleft wp-image-7321 size-full\" src=\"https:\/\/doppelwetten.com\/wp-content\/uploads\/2018\/02\/example-25.png\" alt=\"Die perfekte Blackjack Strategie\" width=\"585\" height=\"903\" srcset=\"https:\/\/doppelwetten.com\/wp-content\/uploads\/2018\/02\/example-25.png 585w, https:\/\/doppelwetten.com\/wp-content\/uploads\/2018\/02\/example-25-194x300.png 194w\" sizes=\"(max-width: 585px) 100vw, 585px\" \/><\/p>\n","protected":false},"excerpt":{"rendered":"<p>Wegen des niedrigen Hausvorteils (House Edge) ist Blackjack eines der beliebtesten Casinospiele. Die perfekte Blackjack Strategie&nbsp;mit DoppelWetten. Verwendet man die [&hellip;]<\/p>\n","protected":false},"author":1,"featured_media":0,"parent":0,"menu_order":0,"comment_status":"closed","ping_status":"closed","template":"","meta":{"_mi_skip_tracking":false},"yoast_head":"<!-- This site is optimized with the Yoast SEO plugin v19.13 - https:\/\/yoast.com\/wordpress\/plugins\/seo\/ -->\n<title>Die perfekte Blackjack Strategie (Einfach zu verwenden)<\/title>\n<meta name=\"description\" content=\"Die perfekte Blackjack Strategie | geld verdienen von zuhause mit Matched Betting | Ganz einfach zu verwenden | Buchmacher bonus\" \/>\n<meta name=\"robots\" content=\"index, follow, max-snippet:-1, max-image-preview:large, max-video-preview:-1\" \/>\n<link rel=\"canonical\" href=\"https:\/\/doppelwetten.com\/de\/die-perfekte-blackjack-strategie\/\" \/>\n<meta property=\"og:locale\" content=\"de_DE\" \/>\n<meta property=\"og:type\" content=\"article\" \/>\n<meta property=\"og:title\" content=\"Die perfekte Blackjack Strategie (Einfach zu verwenden)\" \/>\n<meta property=\"og:description\" content=\"Die perfekte Blackjack Strategie | geld verdienen von zuhause mit Matched Betting | Ganz einfach zu verwenden | Buchmacher bonus\" \/>\n<meta property=\"og:url\" content=\"https:\/\/doppelwetten.com\/de\/die-perfekte-blackjack-strategie\/\" \/>\n<meta property=\"og:site_name\" content=\"DoppelWetten\" \/>\n<meta property=\"article:modified_time\" content=\"2022-12-01T10:04:36+00:00\" \/>\n<meta property=\"og:image\" content=\"https:\/\/doppelwetten.com\/wp-content\/uploads\/2018\/02\/example-25.png\" \/>\n<meta name=\"twitter:card\" content=\"summary_large_image\" \/>\n<meta name=\"twitter:site\" content=\"@doppelwetten\" \/>\n<meta name=\"twitter:label1\" content=\"Gesch\u00e4tzte Lesezeit\" \/>\n\t<meta name=\"twitter:data1\" content=\"4 Minuten\" \/>\n<script type=\"application\/ld+json\" class=\"yoast-schema-graph\">{\"@context\":\"https:\/\/schema.org\",\"@graph\":[{\"@type\":\"WebPage\",\"@id\":\"https:\/\/doppelwetten.com\/de\/die-perfekte-blackjack-strategie\/\",\"url\":\"https:\/\/doppelwetten.com\/de\/die-perfekte-blackjack-strategie\/\",\"name\":\"Die perfekte Blackjack Strategie (Einfach zu verwenden)\",\"isPartOf\":{\"@id\":\"https:\/\/doppelwetten.com\/#website\"},\"datePublished\":\"2018-02-21T20:14:49+00:00\",\"dateModified\":\"2022-12-01T10:04:36+00:00\",\"description\":\"Die perfekte Blackjack Strategie | geld verdienen von zuhause mit Matched Betting | Ganz einfach zu verwenden | Buchmacher bonus\",\"breadcrumb\":{\"@id\":\"https:\/\/doppelwetten.com\/de\/die-perfekte-blackjack-strategie\/#breadcrumb\"},\"inLanguage\":\"de-DE\",\"potentialAction\":[{\"@type\":\"ReadAction\",\"target\":[\"https:\/\/doppelwetten.com\/de\/die-perfekte-blackjack-strategie\/\"]}]},{\"@type\":\"BreadcrumbList\",\"@id\":\"https:\/\/doppelwetten.com\/de\/die-perfekte-blackjack-strategie\/#breadcrumb\",\"itemListElement\":[{\"@type\":\"ListItem\",\"position\":1,\"name\":\"Home\",\"item\":\"https:\/\/doppelwetten.com\/de\/\"},{\"@type\":\"ListItem\",\"position\":2,\"name\":\"Die perfekte Blackjack Strategie\"}]},{\"@type\":\"WebSite\",\"@id\":\"https:\/\/doppelwetten.com\/#website\",\"url\":\"https:\/\/doppelwetten.com\/\",\"name\":\"DoppelWetten\",\"description\":\"risikolosen Wetten (Schritt f\u00fcr Schritt)\",\"publisher\":{\"@id\":\"https:\/\/doppelwetten.com\/#organization\"},\"potentialAction\":[{\"@type\":\"SearchAction\",\"target\":{\"@type\":\"EntryPoint\",\"urlTemplate\":\"https:\/\/doppelwetten.com\/?s={search_term_string}\"},\"query-input\":\"required name=search_term_string\"}],\"inLanguage\":\"de-DE\"},{\"@type\":\"Organization\",\"@id\":\"https:\/\/doppelwetten.com\/#organization\",\"name\":\"DoppelWetten\",\"url\":\"https:\/\/doppelwetten.com\/\",\"logo\":{\"@type\":\"ImageObject\",\"inLanguage\":\"de-DE\",\"@id\":\"https:\/\/doppelwetten.com\/#\/schema\/logo\/image\/\",\"url\":\"https:\/\/doppelwetten.com\/wp-content\/uploads\/2021\/05\/google-logo-size.png\",\"contentUrl\":\"https:\/\/doppelwetten.com\/wp-content\/uploads\/2021\/05\/google-logo-size.png\",\"caption\":\"DoppelWetten\"},\"image\":{\"@id\":\"https:\/\/doppelwetten.com\/#\/schema\/logo\/image\/\"},\"sameAs\":[\"https:\/\/twitter.com\/doppelwetten\"]}]}<\/script>\n<!-- \/ Yoast SEO plugin. -->","yoast_head_json":{"title":"Die perfekte Blackjack Strategie (Einfach zu verwenden)","description":"Die perfekte Blackjack Strategie | geld verdienen von zuhause mit Matched Betting | Ganz einfach zu verwenden | Buchmacher bonus","robots":{"index":"index","follow":"follow","max-snippet":"max-snippet:-1","max-image-preview":"max-image-preview:large","max-video-preview":"max-video-preview:-1"},"canonical":"https:\/\/doppelwetten.com\/de\/die-perfekte-blackjack-strategie\/","og_locale":"de_DE","og_type":"article","og_title":"Die perfekte Blackjack Strategie (Einfach zu verwenden)","og_description":"Die perfekte Blackjack Strategie | geld verdienen von zuhause mit Matched Betting | Ganz einfach zu verwenden | Buchmacher bonus","og_url":"https:\/\/doppelwetten.com\/de\/die-perfekte-blackjack-strategie\/","og_site_name":"DoppelWetten","article_modified_time":"2022-12-01T10:04:36+00:00","og_image":[{"url":"https:\/\/doppelwetten.com\/wp-content\/uploads\/2018\/02\/example-25.png"}],"twitter_card":"summary_large_image","twitter_site":"@doppelwetten","twitter_misc":{"Gesch\u00e4tzte Lesezeit":"4 Minuten"},"schema":{"@context":"https:\/\/schema.org","@graph":[{"@type":"WebPage","@id":"https:\/\/doppelwetten.com\/de\/die-perfekte-blackjack-strategie\/","url":"https:\/\/doppelwetten.com\/de\/die-perfekte-blackjack-strategie\/","name":"Die perfekte Blackjack Strategie (Einfach zu verwenden)","isPartOf":{"@id":"https:\/\/doppelwetten.com\/#website"},"datePublished":"2018-02-21T20:14:49+00:00","dateModified":"2022-12-01T10:04:36+00:00","description":"Die perfekte Blackjack Strategie | geld verdienen von zuhause mit Matched Betting | Ganz einfach zu verwenden | Buchmacher bonus","breadcrumb":{"@id":"https:\/\/doppelwetten.com\/de\/die-perfekte-blackjack-strategie\/#breadcrumb"},"inLanguage":"de-DE","potentialAction":[{"@type":"ReadAction","target":["https:\/\/doppelwetten.com\/de\/die-perfekte-blackjack-strategie\/"]}]},{"@type":"BreadcrumbList","@id":"https:\/\/doppelwetten.com\/de\/die-perfekte-blackjack-strategie\/#breadcrumb","itemListElement":[{"@type":"ListItem","position":1,"name":"Home","item":"https:\/\/doppelwetten.com\/de\/"},{"@type":"ListItem","position":2,"name":"Die perfekte Blackjack Strategie"}]},{"@type":"WebSite","@id":"https:\/\/doppelwetten.com\/#website","url":"https:\/\/doppelwetten.com\/","name":"DoppelWetten","description":"risikolosen Wetten (Schritt f\u00fcr Schritt)","publisher":{"@id":"https:\/\/doppelwetten.com\/#organization"},"potentialAction":[{"@type":"SearchAction","target":{"@type":"EntryPoint","urlTemplate":"https:\/\/doppelwetten.com\/?s={search_term_string}"},"query-input":"required name=search_term_string"}],"inLanguage":"de-DE"},{"@type":"Organization","@id":"https:\/\/doppelwetten.com\/#organization","name":"DoppelWetten","url":"https:\/\/doppelwetten.com\/","logo":{"@type":"ImageObject","inLanguage":"de-DE","@id":"https:\/\/doppelwetten.com\/#\/schema\/logo\/image\/","url":"https:\/\/doppelwetten.com\/wp-content\/uploads\/2021\/05\/google-logo-size.png","contentUrl":"https:\/\/doppelwetten.com\/wp-content\/uploads\/2021\/05\/google-logo-size.png","caption":"DoppelWetten"},"image":{"@id":"https:\/\/doppelwetten.com\/#\/schema\/logo\/image\/"},"sameAs":["https:\/\/twitter.com\/doppelwetten"]}]}},"_links":{"self":[{"href":"https:\/\/doppelwetten.com\/de\/wp-json\/wp\/v2\/pages\/7323"}],"collection":[{"href":"https:\/\/doppelwetten.com\/de\/wp-json\/wp\/v2\/pages"}],"about":[{"href":"https:\/\/doppelwetten.com\/de\/wp-json\/wp\/v2\/types\/page"}],"author":[{"embeddable":true,"href":"https:\/\/doppelwetten.com\/de\/wp-json\/wp\/v2\/users\/1"}],"replies":[{"embeddable":true,"href":"https:\/\/doppelwetten.com\/de\/wp-json\/wp\/v2\/comments?post=7323"}],"version-history":[{"count":5,"href":"https:\/\/doppelwetten.com\/de\/wp-json\/wp\/v2\/pages\/7323\/revisions"}],"predecessor-version":[{"id":29926,"href":"https:\/\/doppelwetten.com\/de\/wp-json\/wp\/v2\/pages\/7323\/revisions\/29926"}],"wp:attachment":[{"href":"https:\/\/doppelwetten.com\/de\/wp-json\/wp\/v2\/media?parent=7323"}],"curies":[{"name":"wp","href":"https:\/\/api.w.org\/{rel}","templated":true}]}}