{"id":7211,"date":"2018-02-05T18:45:35","date_gmt":"2018-02-05T18:45:35","guid":{"rendered":"https:\/\/doppelwetten.com\/wette-ex-und-erhalte-eine-ex-gratis-livewette\/"},"modified":"2021-10-21T01:42:42","modified_gmt":"2021-10-21T01:42:42","slug":"livewette","status":"publish","type":"page","link":"https:\/\/doppelwetten.com\/de\/livewette\/","title":{"rendered":"Wette x\u20ac und erhalte eine x\u20ac gratis Livewette"},"content":{"rendered":"\n\n\t<iframe loading=\"lazy\" title=\"Bet365 \u20ac50 Gratis-Livewetten Angebot\" width=\"500\" height=\"281\" src=\"https:\/\/www.youtube.com\/embed\/doLyldgA1ak?start=1&#038;feature=oembed\" frameborder=\"0\" allow=\"accelerometer; autoplay; clipboard-write; encrypted-media; gyroscope; picture-in-picture\" allowfullscreen><\/iframe>\n\t<p>Das Angebot &#8222;Wette x\u20ac und erhalte eine \u20acx Gratis-Livewette&#8220; ist eine Variante des Angebots &#8220; <a href=\"https:\/\/doppelwetten.com\/de\/knowledge-base\/wette-ex-und-erhalte-eine-ex-gratiswette\/\">\u201eWette \u20acx und bekomme eine \u20acx Gratiswette (Freiwette)&#8220;.<\/a><\/p>\n<p>Der einzige Unterschied besteht darin, dass Du die geschenkte Wette, Livewette oder auch in-play-Wette genannt, platzieren musst, w\u00e4hrend das Spiel gespielt wird.<\/p>\n<p>Bei vielen Angeboten ist die Gratiswette nur f\u00fcr ein ganz bestimmtes Spiel g\u00fcltig, also bitte immer in den <a href=\"https:\/\/doppelwetten.com\/de\/die-allgemeinen-geschaeftsbedingungen-verstehen\/\" class=\"broken_link\">AGBs<\/a> \u00fcberpr\u00fcfen, um welches Spiel es sich handelt.<\/p>\n<h2>Das Angebot wird in zwei Schritten durchgef\u00fchrt<\/h2>\n<p>Schritt 1: Platziere die Qualifikationswette<\/p>\n<p>Schritt 2: Platziere die Livewette, w\u00e4hrend das Spiel stattfindet<\/p>\n<p>Der <a href=\"https:\/\/doppelwetten.com\/de\/oddsmatcher\/\">Oddsmatcher<\/a> kann leider dieses Mal nicht benutzt werden, um die besten Quoten f\u00fcr das Live-Spiel zu finden. Daher muss man hierbei manuell arbeiten.<\/p>\n<p>F\u00fcr die Berechnungen nutzt man den Rechner auf DoppelWetten.<\/p>\n<p>Mein Vorschlag ist auf jeden Fall, diese Art von Angebot mitzunehmen, auch wenn nur ein paar \u20ac damit gemacht werden. Die kleinen Gewinne summieren sich schnell &#8211; und genau deswegen ist Matched Betting lukrativ.<\/p>\n<p>Hier ein paar Leitlinien, wie viel man erwarten sollte, von der qualifizierenden Wette zu verlieren, und wie viel man erwarten kann, von einer kostenlosen Wette zu profitieren (siehe dazu auch meinen Leitfaden &#8222;Warum erh\u00e4lt man nicht 10\u20ac beim Einsatz einer 10\u20ac Gratiswette?&#8220;).<\/p>\n<h2>Die qualifizierende Wette<\/h2>\n<p>Man verliert um die 5-7%; oder 0,50\u20ac &#8211; 0,70\u20ac, pro 10\u20ac Einsatz.<\/p>\n<h2>Freiwette<\/h2>\n<p>Man erh\u00e4lt um die 70% bis 80% des Wertes der Freiwette als Reingewinn. Bei einer 10\u20ac Freiwette macht man um die 7\u20ac bis 8\u20ac.<\/p>\n<p>Die oben genannten Werte sind nur ungef\u00e4hre Angaben. Keine Sorge, wenn die qualifizierende Wette ein bisschen mehr verliert, oder man ein bisschen weniger mit der Freiwette gewinnt.<\/p>\n<p>Hauptsache, man gewinnt, und die kleinen Gewinne summieren sich zu einem gro\u00dfen Wert.<\/p>\n<h1>Schritt f\u00fcr Schritt Anleitung, wie man mit einer Livewette\u00a0Geld verdient<\/h1>\n<h2>Schritt 1 &#8211; Platzierung der qualifizierenden Wette<\/h2>\n<p>Zuerst musst Du Dich f\u00fcr die Freiwette qualifizieren.\u00a0 Die AGBs bitte genau lesen, um die Wettbedingungen zu verstehen.<\/p>\n<p>Es gibt die verschiedensten Arten von Qualifizierungswetten. Hier einige der g\u00e4ngigsten:<\/p>\n<i class=\"icon-circle hb-icon-float-left hb-icon-small hb-icon\" style=\"color:#0099ff\"><\/i>Man muss einen bestimmten Betrag setzen, z. B. \u20ac10<\/p>\n<i class=\"icon-circle hb-icon-float-left hb-icon-small hb-icon\" style=\"color:#0099ff\"><\/i>Setzen eines bestimmten Betrags bei einem bestimmten Spiel, z. B. \u20ac10 auf das Spiel Arsenal gegen Manchester United<\/p>\n<i class=\"icon-circle hb-icon-float-left hb-icon-small hb-icon\" style=\"color:#0099ff\"><\/i>Die Wette muss auf ein Spiel einer bestimmten Fussballliga gesetzt werden, wie z. B. \u20ac10 auf ein Spiel der Premier League<\/p>\n<p>Sobald Du wei\u00dft, was f\u00fcr eine Art von Qualifizierungswette Du f\u00fcr Deine Freiwette brauchst, lass Dir vom <a href=\"https:\/\/doppelwetten.com\/de\/oddsmatcher\/\">Oddsmatcher<\/a> das beste Spiel suchen.<\/p>\n<h2>Schritt 2 &#8211; Platziere die geschenkte Livewette<\/h2>\n<p>Meistens bekommt man die Freiwette erst, nachdem das Spiel bereits begonnen hat. Aber das h\u00e4ngt vom Angebot und vom Buchmacher ab.<\/p>\n<p>Es ist empfehlenswert, die kostenlose Livewette w\u00e4hrend der Halbzeit zu platzieren, da sich die Quoten in dieser Zeit nicht so schnell \u00e4ndern.<\/p>\n<p>Daher hast Du dann mehr Zeit f\u00fcr die Berechnungen. Au\u00dferdem wird nicht riskiert, dass ein Team w\u00e4hrend der Zeit, in der man die Wette platziert, ein Tor schie\u00dft.<\/p>\n<p>Der beste und schnellste Weg, die kostenlose Livewette zu platzieren, ist, drei Registerkarten im Browser zu \u00f6ffnen. Eine f\u00fcr den Buchmacher, eine f\u00fcr Deine Wettb\u00f6rse und eine f\u00fcr den <a href=\"https:\/\/doppelwetten.com\/de\/matched-betting-calculator\/\">DoppelWetten-Rechner<\/a>. Der Rechner findet sich unter &#8222;Tools&#8220; gleich unter dem Oddsmatcher.<\/p>\n<p>Hier ein Bild des <a href=\"https:\/\/doppelwetten.com\/de\/matched-betting-calculator\/\">DoppelWetten Rechners<\/a>.<\/p>\n<p><img loading=\"lazy\" src=\"https:\/\/doppelwetten.com\/wp-content\/uploads\/2019\/03\/63.png\" alt=\"Livewette\" width=\"722\" height=\"415\" \/><\/p>\n<p>Nun zur Erkl\u00e4rung jeder einzelnen Zeile:<\/p>\n<i class=\"icon-circle hb-icon-float-left hb-icon-small hb-icon\" style=\"color:#0099ff\"><\/i>Freiwette (SNR). Zu 99% ist die Freiwette eine Stake Not Returned Freiwette. Dies bedeutet, dass man den Einsatz der Freiwette nicht zur\u00fcckerh\u00e4lt.<\/p>\n<i class=\"icon-circle hb-icon-float-left hb-icon-small hb-icon\" style=\"color:#0099ff\"><\/i>Einfach\/Erweitert: Hier gibt es zwei Optionen, den Rechner einzustellen. Ich schlage vor, &#8222;einfach&#8220; zu w\u00e4hlen, es sei denn, Du kennst Dich gut mit underlaying und overlaying\u00a0aus.<\/p>\n<i class=\"icon-circle hb-icon-float-left hb-icon-small hb-icon\" style=\"color:#0099ff\"><\/i>Quote: Das ist die Quote des Buchmachers.<\/p>\n<i class=\"icon-circle hb-icon-float-left hb-icon-small hb-icon\" style=\"color:#0099ff\"><\/i>Provision: Im Falle, dass der Buchmacher die deutsche Wettsteuer berechnet, kann man dies hier als Provision angeben.<\/p>\n<i class=\"icon-circle hb-icon-float-left hb-icon-small hb-icon\" style=\"color:#0099ff\"><\/i>Quote: Das ist die Quote der Wettb\u00f6rse.<\/p>\n<i class=\"icon-circle hb-icon-float-left hb-icon-small hb-icon\" style=\"color:#0099ff\"><\/i>Provision: Die Provision der Wettb\u00f6rse<\/p>\n<p>Du kannst die Berechnung schneller durchf\u00fchren, wenn Du bereits vor Spielbeginn &#8222;Freiwette&#8220; ausw\u00e4hlst und die Lay-Provision und Back-Provision (wenn der Buchmacher die 5% <a href=\"https:\/\/doppelwetten.com\/de\/knowledge-base\/die-deutsche-wettsteuer\/\">deutsche Wettsteuer<\/a> berechnet) hinzuf\u00fcgst.<\/p>\n<p>Sobald das Spiel l\u00e4uft, musst Du nur noch die aktuellen Quoten hinzuf\u00fcgen. Sobald das Spiel begonnen hat, kannst Du nach Quoten \u00fcber 4,00 suchen und zwischen Buchmacher und Wettb\u00f6rse wechseln, um die Quoten zu vergleichen. Die besten M\u00e4rkte sind die &#8222;match odds&#8220; (Spielergebnis), &#8222;over\/under goals&#8220; (Tore \u00fcber\/unter) oder auch der &#8222;correct score&#8220; (genaues Ergebnis).<\/p>\n<p>Hast Du eine enge \u00dcbereinstimmung gefunden, gibst Du die Quoten in den DoppelWetten Rechner ein. Denk daran, sofort \u00c4nderungen im Rechner vorzunehmen, wenn sich die Quoten \u00e4ndern. Gib den Einsatz beim Buchmacher an und dann an der Wettb\u00f6rse.<\/p>\n<h4>Platzierung der Wetten<\/h4>\n<p>Platziere die Back-Wette zuerst. Normalerweise dauert es ein paar Sekunden, bis der Einsatz best\u00e4tigt ist. Sobald dies geschehen ist, platzierst Du die Lay-Wette. Direkt vorher bitte noch schnell schauen, ob sich die Quoten ge\u00e4ndert haben und den Einsatz gegebenenfalls im Rechner nachrechnen lassen.<\/p>\n<p>Im\u00a0<a href=\"https:\/\/doppelwetten.com\/de\/forum\/\">Forum<\/a> findest Du die besten aktuellen Reload-Angebote.<\/p>\n\n","protected":false},"excerpt":{"rendered":"<p>Das Angebot &#8222;Wette x\u20ac und erhalte eine \u20acx Gratis-Livewette&#8220; ist eine Variante des Angebots &#8220; \u201eWette \u20acx und bekomme eine [&hellip;]<\/p>\n","protected":false},"author":1,"featured_media":0,"parent":0,"menu_order":0,"comment_status":"closed","ping_status":"closed","template":"","meta":{"_mi_skip_tracking":false},"yoast_head":"<!-- This site is optimized with the Yoast SEO plugin v19.13 - https:\/\/yoast.com\/wordpress\/plugins\/seo\/ -->\n<title>Livewette | Livewetten angebot | Risikolose wetten | Matched Betting<\/title>\n<meta name=\"description\" content=\"Livewette | Risikolose wetten | wettbonus | Sportwetten bonus | Im internet geld verdienen | Die todsichere fussballwette\" \/>\n<meta name=\"robots\" content=\"index, follow, max-snippet:-1, max-image-preview:large, max-video-preview:-1\" \/>\n<link rel=\"canonical\" href=\"https:\/\/doppelwetten.com\/de\/livewette\/\" \/>\n<meta property=\"og:locale\" content=\"de_DE\" \/>\n<meta property=\"og:type\" content=\"article\" \/>\n<meta property=\"og:title\" content=\"Livewette | Livewetten angebot | Risikolose wetten | Matched Betting\" \/>\n<meta property=\"og:description\" content=\"Livewette | Risikolose wetten | wettbonus | Sportwetten bonus | Im internet geld verdienen | Die todsichere fussballwette\" \/>\n<meta property=\"og:url\" content=\"https:\/\/doppelwetten.com\/de\/livewette\/\" \/>\n<meta property=\"og:site_name\" content=\"DoppelWetten\" \/>\n<meta property=\"article:modified_time\" content=\"2021-10-21T01:42:42+00:00\" \/>\n<meta property=\"og:image\" content=\"https:\/\/doppelwetten.com\/wp-content\/uploads\/2019\/03\/63.png\" \/>\n<meta name=\"twitter:card\" content=\"summary_large_image\" \/>\n<meta name=\"twitter:site\" content=\"@doppelwetten\" \/>\n<meta name=\"twitter:label1\" content=\"Gesch\u00e4tzte Lesezeit\" \/>\n\t<meta name=\"twitter:data1\" content=\"5 Minuten\" \/>\n<script type=\"application\/ld+json\" class=\"yoast-schema-graph\">{\"@context\":\"https:\/\/schema.org\",\"@graph\":[{\"@type\":\"WebPage\",\"@id\":\"https:\/\/doppelwetten.com\/de\/livewette\/\",\"url\":\"https:\/\/doppelwetten.com\/de\/livewette\/\",\"name\":\"Livewette | Livewetten angebot | Risikolose wetten | Matched Betting\",\"isPartOf\":{\"@id\":\"https:\/\/doppelwetten.com\/#website\"},\"datePublished\":\"2018-02-05T18:45:35+00:00\",\"dateModified\":\"2021-10-21T01:42:42+00:00\",\"description\":\"Livewette | Risikolose wetten | wettbonus | Sportwetten bonus | Im internet geld verdienen | Die todsichere fussballwette\",\"breadcrumb\":{\"@id\":\"https:\/\/doppelwetten.com\/de\/livewette\/#breadcrumb\"},\"inLanguage\":\"de-DE\",\"potentialAction\":[{\"@type\":\"ReadAction\",\"target\":[\"https:\/\/doppelwetten.com\/de\/livewette\/\"]}]},{\"@type\":\"BreadcrumbList\",\"@id\":\"https:\/\/doppelwetten.com\/de\/livewette\/#breadcrumb\",\"itemListElement\":[{\"@type\":\"ListItem\",\"position\":1,\"name\":\"Home\",\"item\":\"https:\/\/doppelwetten.com\/de\/\"},{\"@type\":\"ListItem\",\"position\":2,\"name\":\"Wette x\u20ac und erhalte eine x\u20ac gratis Livewette\"}]},{\"@type\":\"WebSite\",\"@id\":\"https:\/\/doppelwetten.com\/#website\",\"url\":\"https:\/\/doppelwetten.com\/\",\"name\":\"DoppelWetten\",\"description\":\"risikolosen Wetten (Schritt f\u00fcr Schritt)\",\"publisher\":{\"@id\":\"https:\/\/doppelwetten.com\/#organization\"},\"potentialAction\":[{\"@type\":\"SearchAction\",\"target\":{\"@type\":\"EntryPoint\",\"urlTemplate\":\"https:\/\/doppelwetten.com\/?s={search_term_string}\"},\"query-input\":\"required name=search_term_string\"}],\"inLanguage\":\"de-DE\"},{\"@type\":\"Organization\",\"@id\":\"https:\/\/doppelwetten.com\/#organization\",\"name\":\"DoppelWetten\",\"url\":\"https:\/\/doppelwetten.com\/\",\"logo\":{\"@type\":\"ImageObject\",\"inLanguage\":\"de-DE\",\"@id\":\"https:\/\/doppelwetten.com\/#\/schema\/logo\/image\/\",\"url\":\"https:\/\/doppelwetten.com\/wp-content\/uploads\/2021\/05\/google-logo-size.png\",\"contentUrl\":\"https:\/\/doppelwetten.com\/wp-content\/uploads\/2021\/05\/google-logo-size.png\",\"caption\":\"DoppelWetten\"},\"image\":{\"@id\":\"https:\/\/doppelwetten.com\/#\/schema\/logo\/image\/\"},\"sameAs\":[\"https:\/\/twitter.com\/doppelwetten\"]}]}<\/script>\n<!-- \/ Yoast SEO plugin. -->","yoast_head_json":{"title":"Livewette | Livewetten angebot | Risikolose wetten | Matched Betting","description":"Livewette | Risikolose wetten | wettbonus | Sportwetten bonus | Im internet geld verdienen | Die todsichere fussballwette","robots":{"index":"index","follow":"follow","max-snippet":"max-snippet:-1","max-image-preview":"max-image-preview:large","max-video-preview":"max-video-preview:-1"},"canonical":"https:\/\/doppelwetten.com\/de\/livewette\/","og_locale":"de_DE","og_type":"article","og_title":"Livewette | Livewetten angebot | Risikolose wetten | Matched Betting","og_description":"Livewette | Risikolose wetten | wettbonus | Sportwetten bonus | Im internet geld verdienen | Die todsichere fussballwette","og_url":"https:\/\/doppelwetten.com\/de\/livewette\/","og_site_name":"DoppelWetten","article_modified_time":"2021-10-21T01:42:42+00:00","og_image":[{"url":"https:\/\/doppelwetten.com\/wp-content\/uploads\/2019\/03\/63.png"}],"twitter_card":"summary_large_image","twitter_site":"@doppelwetten","twitter_misc":{"Gesch\u00e4tzte Lesezeit":"5 Minuten"},"schema":{"@context":"https:\/\/schema.org","@graph":[{"@type":"WebPage","@id":"https:\/\/doppelwetten.com\/de\/livewette\/","url":"https:\/\/doppelwetten.com\/de\/livewette\/","name":"Livewette | Livewetten angebot | Risikolose wetten | Matched Betting","isPartOf":{"@id":"https:\/\/doppelwetten.com\/#website"},"datePublished":"2018-02-05T18:45:35+00:00","dateModified":"2021-10-21T01:42:42+00:00","description":"Livewette | Risikolose wetten | wettbonus | Sportwetten bonus | Im internet geld verdienen | Die todsichere fussballwette","breadcrumb":{"@id":"https:\/\/doppelwetten.com\/de\/livewette\/#breadcrumb"},"inLanguage":"de-DE","potentialAction":[{"@type":"ReadAction","target":["https:\/\/doppelwetten.com\/de\/livewette\/"]}]},{"@type":"BreadcrumbList","@id":"https:\/\/doppelwetten.com\/de\/livewette\/#breadcrumb","itemListElement":[{"@type":"ListItem","position":1,"name":"Home","item":"https:\/\/doppelwetten.com\/de\/"},{"@type":"ListItem","position":2,"name":"Wette x\u20ac und erhalte eine x\u20ac gratis Livewette"}]},{"@type":"WebSite","@id":"https:\/\/doppelwetten.com\/#website","url":"https:\/\/doppelwetten.com\/","name":"DoppelWetten","description":"risikolosen Wetten (Schritt f\u00fcr Schritt)","publisher":{"@id":"https:\/\/doppelwetten.com\/#organization"},"potentialAction":[{"@type":"SearchAction","target":{"@type":"EntryPoint","urlTemplate":"https:\/\/doppelwetten.com\/?s={search_term_string}"},"query-input":"required name=search_term_string"}],"inLanguage":"de-DE"},{"@type":"Organization","@id":"https:\/\/doppelwetten.com\/#organization","name":"DoppelWetten","url":"https:\/\/doppelwetten.com\/","logo":{"@type":"ImageObject","inLanguage":"de-DE","@id":"https:\/\/doppelwetten.com\/#\/schema\/logo\/image\/","url":"https:\/\/doppelwetten.com\/wp-content\/uploads\/2021\/05\/google-logo-size.png","contentUrl":"https:\/\/doppelwetten.com\/wp-content\/uploads\/2021\/05\/google-logo-size.png","caption":"DoppelWetten"},"image":{"@id":"https:\/\/doppelwetten.com\/#\/schema\/logo\/image\/"},"sameAs":["https:\/\/twitter.com\/doppelwetten"]}]}},"_links":{"self":[{"href":"https:\/\/doppelwetten.com\/de\/wp-json\/wp\/v2\/pages\/7211"}],"collection":[{"href":"https:\/\/doppelwetten.com\/de\/wp-json\/wp\/v2\/pages"}],"about":[{"href":"https:\/\/doppelwetten.com\/de\/wp-json\/wp\/v2\/types\/page"}],"author":[{"embeddable":true,"href":"https:\/\/doppelwetten.com\/de\/wp-json\/wp\/v2\/users\/1"}],"replies":[{"embeddable":true,"href":"https:\/\/doppelwetten.com\/de\/wp-json\/wp\/v2\/comments?post=7211"}],"version-history":[{"count":5,"href":"https:\/\/doppelwetten.com\/de\/wp-json\/wp\/v2\/pages\/7211\/revisions"}],"predecessor-version":[{"id":27165,"href":"https:\/\/doppelwetten.com\/de\/wp-json\/wp\/v2\/pages\/7211\/revisions\/27165"}],"wp:attachment":[{"href":"https:\/\/doppelwetten.com\/de\/wp-json\/wp\/v2\/media?parent=7211"}],"curies":[{"name":"wp","href":"https:\/\/api.w.org\/{rel}","templated":true}]}}