{"id":7064,"date":"2018-01-11T19:11:11","date_gmt":"2018-01-11T19:11:11","guid":{"rendered":"https:\/\/doppelwetten.com\/wette-ex-und-erhalte-eine-ex-gratiswette-falls-die-erste-wette-verliert\/"},"modified":"2022-11-09T10:45:44","modified_gmt":"2022-11-09T10:45:44","slug":"wette-ex-und-erhalte-eine-ex-gratiswette-falls-die-erste-wette-verliert","status":"publish","type":"page","link":"https:\/\/doppelwetten.com\/de\/wette-ex-und-erhalte-eine-ex-gratiswette-falls-die-erste-wette-verliert\/","title":{"rendered":"Wette \u20acx und erhalte eine \u20acx Gratiswette falls die erste Wette verliert"},"content":{"rendered":"<p>Wette \u20acx und erhalte eine \u20acx Gratiswette, falls die erste Wette verliert. Dieses <a href=\"https:\/\/doppelwetten.com\/de\/angebot-fur-bestandskunden\/\">Angebot<\/a> gibt es recht h\u00e4ufig.<\/p>\n<p>Der Buchmacher gibt Dir eine Gratiswette, sollte Deine erste Wette verlieren. Also hei\u00dft das, ganz einfach, dass man es hier mit einer risikofreien Wette zu tun hat.<\/p>\n<p>Manchmal steht auch in dem Angebot, wette \u20acx und erhalte eine \u20acx Gratiswette, wenn Deine erste Wette verliert. Hierbei handelt es sich, wie unten erl\u00e4utert, um das gleiche Angebot. Das hei\u00dft, wenn Du zwei Wetten platzieren w\u00fcrdest, w\u00fcrde sich nur die erste Wette f\u00fcr das Angebot qualifizieren, und wenn Deine erste Wette gewinnt und Deine zweite Wette verliert, bekommst Du keine Gratiswette. Untenstehend ein Beispiel f\u00fcr ein solches Angebot.<\/p>\n<p>Um Dich zu qualifizieren, musst Du eine Wette auf das Spiel Bayern M\u00fcnchen gegen Benfica platzieren. Sagen wir, Du wettest auf ein Unentschieden. Wenn entweder Bayern M\u00fcnchen oder Benfica das Spiel gewinnt, verliert Deine Wette, aber Du bekommst dann eine Gratiswette.<\/p>\n<h1>Wie kann man von diesem Angebot profitieren?<\/h1>\n<p>Es gibt mehrere M\u00f6glichkeiten, dieses Angebot zu machen.<\/p>\n<p>Welche Strategie Du Dir aussuchst, sollte vom spezifischen Angebot und Deiner Risikobereitschaft abh\u00e4ngen.<\/p>\n<h2><strong>Hier erst einmal ein paar Faustregeln:<\/strong><\/h2>\n<i class=\"icon-circle hb-icon-float-left hb-icon-small hb-icon\" style=\"color:#0099ff\"><\/i> Bei einer qualifizierenden Wette verliert man normalerweise um die 7% oder \u20ac0,70 pro \u20ac10 Einsatz<\/p>\n<i class=\"icon-circle hb-icon-float-left hb-icon-small hb-icon\" style=\"color:#0099ff\"><\/i> Man kann in der Regel zwischen 70%-80% des Wertes einer Gratiswette einbehalten. Das ist dementsprechend ein Gewinn von etwa \u20ac7-8 pro \u20ac10 Gratiswette<\/p>\n<i class=\"icon-circle hb-icon-float-left hb-icon-small hb-icon\" style=\"color:#0099ff\"><\/i> Am besten findest Du Wettpaarungen mit h\u00f6heren Quoten, da dies einen h\u00f6heren Gewinn bedeutet. Versuche mal, die Zahlen im Rechner zu variieren, damit Du den Unterschied siehst.<\/p>\n<p>Nun gehen wir die verschiedenen Strategien mit folgendem Beispiel einmal durch: \u201cWette \u20ac10 und erhalte \u20ac10 falls die erste Wette verliert\u201d<\/p>\n<h2><strong>Insgesamt gibt es vier Strategien (vorgeschlagen in keiner bestimmten Reihenfolge)<\/strong><\/h2>\n<p><strong><i class=\"icon\">1<\/i>Risikofrei mit gleichem Gewinn (Risikofrei)<\/strong><\/p>\n<p>Der (sichere) Gewinn wird auf die beiden Wetten verteilt<\/p>\n<p><strong><i class=\"icon\">2<\/i>Wetten ohne die Lay-Wette (Risiko)<\/strong><\/p>\n<p>Birgt das h\u00f6chste Risiko; daf\u00fcr ist der Gewinn&nbsp;potentiell hoch<\/p>\n<p><strong><i class=\"icon\">3<\/i>Es darauf ankommen lassen, dass die Wette beim Buchmacher verliert, um die Gratiswette zu erhalten (Risiko)<\/strong><\/p>\n<p>Funktioniert vielleicht, wenn es eine hohe Chance gibt, dass die erste Wette tats\u00e4chlich verliert<\/p>\n<p><strong><i class=\"icon\">4<\/i>Benutzung der SNR Strategie (Risikofrei)<\/strong><\/p>\n<p>Funktioniert am besten mit hohen Quoten (\u00fcber 5,0)<\/p>\n<h2>Strategie 1 &#8211; Risikofrei mit gleichem Gewinn (Risikofrei)<\/h2>\n<p>Um dieser Strategie nachzugehen, braucht man den DoppelWetten \u201e<a href=\"https:\/\/doppelwetten.com\/de\/rechner-fuer-risikofreie-wetten\/\">Rechner f\u00fcr risikofreie Wetten<\/a>\u201d.<\/p>\n<p>Dieses Hilfsmittel findet man ganz einfach unter Tools.<\/p>\n<p>Ein Rechner (wie unten gezeigt) \u00f6ffnet sich in einem neuen Fenster. Nun muss man ihn mit einigen Informationen f\u00fcttern. Dazu braucht man a) die AGBs des Angebots und b) ein Spiel mit guter \u00dcbereinstimmung, das der Oddsmatcher einem finden kann.<\/p>\n<p><img loading=\"lazy\" class=\"alignnone size-full wp-image-14788\" src=\"https:\/\/doppelwetten.com\/wp-content\/uploads\/2019\/04\/bet-ex-de.png\" alt=\"\" width=\"601\" height=\"450\" srcset=\"https:\/\/doppelwetten.com\/wp-content\/uploads\/2019\/04\/bet-ex-de.png 601w, https:\/\/doppelwetten.com\/wp-content\/uploads\/2019\/04\/bet-ex-de-300x225.png 300w\" sizes=\"(max-width: 601px) 100vw, 601px\" \/><\/p>\n<p>Hier wird jede einzelne Zeile des Rechners erkl\u00e4rt.<\/p>\n<p><strong><i class=\"icon\">1<\/i>Back-Einsatz<\/strong>&nbsp;(Der Einsatz der Back-Wette): Hier gibt man den Betrag des Einsatzes ein. Ich habe \u20ac10 eingegeben, denn dies entspricht dem Beispiel, dem wir hier folgen (\u201eWette \u20ac10 und erhalte \u20ac10 falls die erste Wette verliert\u201c)<\/p>\n<p><strong><i class=\"icon\">2<\/i>Back-Quote<\/strong>&nbsp;(Quote der Back-Wette): Dies ist die Quote beim Buchmacher<\/p>\n<p><strong><i class=\"icon\">3<\/i>Lay-Quote<\/strong>&nbsp;(Quote der Lay-Wette): Dies ist die Quote bei der Wettb\u00f6rse<\/p>\n<p><strong><i class=\"icon\">4<\/i>Lay-Provision<\/strong>&nbsp;(Die Geb\u00fchr f\u00fcr die Lay-Wette) : z. B. 1,7% f\u00fcr Matchbook Benutzer<\/p>\n<p><strong><i class=\"icon\">5<\/i>Betrag der Freiwette<\/strong>&nbsp;(Die Gratiswette, die Du bekommst): Wieviel ist die Gratiswette wert, solltest Du Dich daf\u00fcr qualifizieren? In diesem Beispiel (Wette \u20ac10 und erhalte \u20ac10 als Gratiswette sollte Deine erste Wette verlieren) ist es \u20ac10<\/p>\n<p><b><i class=\"icon\">6<\/i>Profitanteil aus der Freiwette<\/b> (Gewinn der Gratiswette): Hier wird eingegeben, wie viel Profitanteil wir von der Gratiswette erwarten. Wie oben erw\u00e4hnt, ist die Faustregel zwischen 70% and 80%. In diesem Beispiel habe ich 75% angegeben (bekommt man anstatt der Gratiswette Geld vom Buchmacher zur\u00fcck, dann gib 100% ein)<\/p>\n<p><strong><i class=\"icon\">7<\/i>Idealer Lay-Einsatz<\/strong>&nbsp;(Die ideale Lay-Wette): Dieser Teil des Rechners zeigt an, wie viel man an der Wettb\u00f6rse als Lay-Wette setzen soll und wie hoch die Haftung ist. In diesem Beispiel wird mit der Ausgangsposition gerechnet, dass die Back Bet \u20ac10 betr\u00e4gt.<\/p>\n<p><strong><i class=\"icon\">8<\/i>Profit-Aufschl\u00fcsselung<\/strong> (Auflistung des Gewinns): Je nachdem, ob die erste Wette verliert oder gewinnt, wird hier der Gewinn gezeigt. Gewinnt die erste Wette, hat man ja direkt gewonnen und es gibt keine Gratiswette. Aber verliert die erste Wette, bekommt man eine weitere, kostenlose Wette. Und von dieser erhalten wir unseren Gewinn.<\/p>\n<h2><strong>Schritt 1&nbsp;<\/strong><\/h2>\n<p>\u00d6ffne den Oddsmatcher, um das beste Spiel f\u00fcr diese Wette zu finden. Gib alle relevanten Informationen in den Rechner ein.<\/p>\n<p>Wenn das Angebot f\u00fcr ein bestimmtes Spiel ist wie das Bayern M\u00fcnchen gegen Benfica Beispiel, solltest Du den <a href=\"https:\/\/doppelwetten.com\/oddsmatcher\/\">Oddsmatcher<\/a> so filtern, dass Du nur die Quoten f\u00fcr dieses Spiel siehst.<\/p>\n<h2><strong>Schritt 2<\/strong><\/h2>\n<p>Setze Deine Matched Wette<\/p>\n<h2><strong>Schritt 3<\/strong><\/h2>\n<p>Szenario 1: Die Back-Wette (beim Buchmacher) hat gewonnen. Super! Du hast einen Gewinn gemacht und Du brauchst keine weiteren Wetten zu platzieren.<\/p>\n<p>Szenario 2: Die Lay-Wette (bei der Wettb\u00f6rse) hat gewonnen; also hat die Wette beim Buchmacher verloren. Kein Thema. Der Buchmacher gibt Dir eine Gratiswette. Weiter mit Schritt&nbsp;4, um Deine Gratiswette einzul\u00f6sen.<\/p>\n<h2><strong>Schritt 4<\/strong><\/h2>\n<p>Finde das beste Spiel f\u00fcr diese Gratiswette im Oddsmacher. Vergiss nicht, Freiwette (SNR) zu benutzen.<\/p>\n<h2>Strategie 2 &#8211; Wetten ohne die Lay-Wette (Risiko)<\/h2>\n<p>Bei dieser Strategie setzt man eine einfache Back-Wette, aber keine Lay-Wette. Gewinnt die Back-Wette (also die Buchmacherwette), hat man Gewinn gemacht.<\/p>\n<h2><strong>Schritt 1<\/strong><\/h2>\n<p>Setzen einer Back-Wette beim Buchmacher; aber es wird keine Lay-Wette gesetzt.<\/p>\n<h2><strong>Schritt 2<\/strong><\/h2>\n<p>Szenario 1: Die erste Wette (beim Buchmacher) hat gewonnen. Fantastisch! Wir haben Gewinn gemacht und keine weitere Wette ist hier n\u00f6tig.<\/p>\n<p>Szenario 2: Die erste Wette hat verloren, und wir erhalten eine Gratiswette.<\/p>\n<p>Jetzt gibt es zwei M\u00f6glichkeiten:<\/p>\n<p>Entweder wir setzen risikofrei und benutzen die Matched Betting Technik mit dieser Gratiswette. Dabei verlieren wir um die 70%-80% des urspr\u00fcnglichen Wertes der Wette. Im Beispiel von \u201eWette \u20ac10 und erhalte \u20ac10 falls die Wette verliert\u201d verliert man daher insgesamt um die \u20ac2-3.<\/p>\n<p>Oder wir setzen eine weitere Back-Wette ohne eine Lay-Wette. Allerdings bekommt man normalerweise den Einsatz nicht wieder, wenn man eine Gratiswette benutzt. Daher sollte man eine Wette mit einer Quote von \u00fcber 2,0 setzen, um die Kosten zu decken. Das allerdings erh\u00f6ht das Risiko, den gesamten Einsatz zu verlieren. Sollte diese zweite Wette nun auch velieren, hat man einen Verlust von \u20ac10 gemacht.<\/p>\n<h1>&nbsp;<\/h1>\n<h2>Strategie 3 &#8211; Es darauf ankommen lassen, dass die Wette beim Buchmacher verliert, um die Gratiswette zu erhalten (Risiko)<\/h2>\n<p>Bei dieser Strategie setzt man zuerst eine ganz normale Matched Wette mit einem kleinen Verlust (ungef\u00e4hr \u20ac0,50 &#8211;&nbsp;\u20ac0,70 pro \u20ac10 Einsatz) and hofft darauf, dass die Wette beim Buchmacher verliert, so dass man eine Gratiswette erh\u00e4lt.<\/p>\n<h2><strong>Schritt 1<\/strong><\/h2>\n<p>Finde beim <a href=\"https:\/\/doppelwetten.com\/oddsmatcher\/\">Oddsmatcher<\/a> ein passendes Spiel und setze darauf Deine Matched Wette. Du solltest eine Wette suchen, von der Du denkst, dass sie verlieren wird. Allerdings solltest Du daran denken, dass es keine sicheren Verlierer or Gewinner gibt. Der Favorit kann auch mal verlieren, und der Underdog gewinnen.<\/p>\n<h2><strong>Schritt 2<\/strong><\/h2>\n<p>Szenario 1: Die Back-Wette (die Buchmacher-Wette) verliert. Gut f\u00fcr uns, denn wir erhalten jetzt eine Gratiswette. Weiter mit Schritt 3.<\/p>\n<p>Szenario 2: Die Back-Wette (die Buchmacher-Wette) gewinnt. Man erh\u00e4lt keine Gratiswette. Der Verlust betr\u00e4gt etwa &nbsp;\u20ac0,50&nbsp;&#8211; \u20ac0,70.<\/p>\n<h2><strong>Schritt 3<\/strong><\/h2>\n<p>Finde beim Oddsmatcher&nbsp; ein passendes Spiel und setze eine Gratiswette als Freiwette (SNR).<\/p>\n<h2>Strategie 4 &#8211; Benutzung der SNR-Strategie (Risikofrei)<\/h2>\n<p>Bei dieser Strategie sucht man ein Spiel mit hohen Quoten und platziert die erste Wette, als w\u00e4re es eine Gratiswette. Der Grund f\u00fcr dieses Vorgehen ist dieser: Falls die erste Wette verliert, bekommt man eine Gratiswette. Aus dieser Gratiswette holt man um die 70% and 80% Gewinn heraus. Wir schauen uns wieder das Beispiel \u201cWette \u20ac10 und erhalte &nbsp;\u20ac10 falls die Wette verliert\u201d an:<\/p>\n<i class=\"icon-circle hb-icon-float-left hb-icon-small hb-icon\" style=\"color:#0099ff\"><\/i>Gewinnt die Back Bet (die beim Buchmacher), machen wir Gewinn von etwa \u20ac7-\u20ac8 (70-80% der \u20ac10 Gratiswette).<\/p>\n<i class=\"icon-circle hb-icon-float-left hb-icon-small hb-icon\" style=\"color:#0099ff\"><\/i>Verliert die Back Bet (beim Buchmacher), verlieren wir um die 20-30% der qualifizierenden Wette. Dies ist die Differenz zwischen dem Gewinn von etwa 70-80% und 100%. Daf\u00fcr haben wir nun eine Gratiswette erhalten, von der wir etwa \u20ac7-\u20ac8 Gewinn machen.<\/p>\n<i class=\"icon-circle hb-icon-float-left hb-icon-small hb-icon\" style=\"color:#0099ff\"><\/i>Verliert die erste Wette, sieht die Kalkulation ungef\u00e4hr so aus:<\/p>\n<i class=\"icon-circle hb-icon-float-left hb-icon-small hb-icon\" style=\"color:#0099ff\"><\/i>Verlust der ersten Wette: -\u20ac3<\/p>\n<i class=\"icon-circle hb-icon-float-left hb-icon-small hb-icon\" style=\"color:#0099ff\"><\/i>Gewinn der Gratiswette: \u20ac7<\/p>\n<i class=\"icon-circle hb-icon-float-left hb-icon-small hb-icon\" style=\"color:#0099ff\"><\/i>Reingewinn:\u20ac4<\/p>\n<p>Diese Strategie ist recht mathematisch. Solltest Du nicht alles verstanden haben, kein Problem. Nimm erst einmal eine der anderen vorgeschlagenen Strategien. Nach einigen weiteren Matched Wetten und Angeboten, und wenn Du Dich etwas sicherer f\u00fchlst, kannst Du ein solches Angebot mit einer SNR Strategie immer noch benutzen.<\/p>\n<h2><strong>Schritt 1<\/strong><\/h2>\n<p>Benutze den Oddsmatcher und finde ein gutes Spiel mit Quote 5,0 oder h\u00f6her und platziere die Matched Wette als Gratiswette (SNR).<\/p>\n<h2>&nbsp;<\/h2>\n<h2><strong>Schritt 2<\/strong><\/h2>\n<p>Szenario 1: Die Back-Wette (Buchmacher-Wette) gewinnt. Super, wir haben Gewinn erzielt und das war&#8217;s.<\/p>\n<p>Szenario 2: Die Back-Wette verliert. Wir erhalten eine Gratiswette. Weiter mit Schritt 3.<\/p>\n<h2><strong>Schritt 3<\/strong><\/h2>\n<p>Finde das beste Spiel im Oddsmatcher und platziere die Gratiswette.<\/p>\n<p>Denk dran, Freiwette (SNR) im Oddsmatcher anzugeben.<\/p>\n<h2>Welche Strategie soll ich benutzen?<\/h2>\n<p>Das liegt voll und ganz an Dir. Mein Vorschlag w\u00e4re, dass Du Dir alle Strategien anschaust und sie verstehst, und dann entscheidest, ob Du eine risikofreie Strategie vorziehst, oder ob Du einen gr\u00f6\u00dferen Gewinn anstrebst.<\/p>\n<p>Machst Du Matched Betting noch nicht so lange, oder wenn Deine Bankroll nicht so gro\u00df ist, dann schlage ich Strategie 1 vor. Ein risikofreier Gewinn ist ja gar nicht so schlecht.<\/p>\n<p>Hier geht\u2019s zum&nbsp;<a href=\"https:\/\/doppelwetten.com\/de\/forum\/\">Forum<\/a>. Die aktuell besten Buchmacherangebote werden hier gepostet.<\/p>\n","protected":false},"excerpt":{"rendered":"<p>Wette \u20acx und erhalte eine \u20acx Gratiswette, falls die erste Wette verliert. Dieses Angebot gibt es recht h\u00e4ufig. Der Buchmacher [&hellip;]<\/p>\n","protected":false},"author":1,"featured_media":0,"parent":0,"menu_order":0,"comment_status":"closed","ping_status":"closed","template":"","meta":{"_mi_skip_tracking":false},"yoast_head":"<!-- This site is optimized with the Yoast SEO plugin v19.13 - https:\/\/yoast.com\/wordpress\/plugins\/seo\/ -->\n<title>Wette \u20acx und erhalte eine \u20acx Gratiswette falls die erste Wette verliert<\/title>\n<meta name=\"description\" content=\"Wette \u20acx und erhalte eine \u20acx Gratiswette falls die erste Wette verliert | Vier Strategien um Gewinn aus diesem Angebot zu schlagen\" \/>\n<meta name=\"robots\" content=\"index, follow, max-snippet:-1, max-image-preview:large, max-video-preview:-1\" \/>\n<link rel=\"canonical\" href=\"https:\/\/doppelwetten.com\/de\/wette-ex-und-erhalte-eine-ex-gratiswette-falls-die-erste-wette-verliert\/\" \/>\n<meta property=\"og:locale\" content=\"de_DE\" \/>\n<meta property=\"og:type\" content=\"article\" \/>\n<meta property=\"og:title\" content=\"Wette \u20acx und erhalte eine \u20acx Gratiswette falls die erste Wette verliert\" \/>\n<meta property=\"og:description\" content=\"Wette \u20acx und erhalte eine \u20acx Gratiswette falls die erste Wette verliert | Vier Strategien um Gewinn aus diesem Angebot zu schlagen\" \/>\n<meta property=\"og:url\" content=\"https:\/\/doppelwetten.com\/de\/wette-ex-und-erhalte-eine-ex-gratiswette-falls-die-erste-wette-verliert\/\" \/>\n<meta property=\"og:site_name\" content=\"DoppelWetten\" \/>\n<meta property=\"article:modified_time\" content=\"2022-11-09T10:45:44+00:00\" \/>\n<meta property=\"og:image\" content=\"https:\/\/doppelwetten.com\/wp-content\/uploads\/2019\/04\/bet-ex-de.png\" \/>\n<meta name=\"twitter:card\" content=\"summary_large_image\" \/>\n<meta name=\"twitter:site\" content=\"@doppelwetten\" \/>\n<meta name=\"twitter:label1\" content=\"Gesch\u00e4tzte Lesezeit\" \/>\n\t<meta name=\"twitter:data1\" content=\"8 Minuten\" \/>\n<script type=\"application\/ld+json\" class=\"yoast-schema-graph\">{\"@context\":\"https:\/\/schema.org\",\"@graph\":[{\"@type\":\"WebPage\",\"@id\":\"https:\/\/doppelwetten.com\/de\/wette-ex-und-erhalte-eine-ex-gratiswette-falls-die-erste-wette-verliert\/\",\"url\":\"https:\/\/doppelwetten.com\/de\/wette-ex-und-erhalte-eine-ex-gratiswette-falls-die-erste-wette-verliert\/\",\"name\":\"Wette \u20acx und erhalte eine \u20acx Gratiswette falls die erste Wette verliert\",\"isPartOf\":{\"@id\":\"https:\/\/doppelwetten.com\/#website\"},\"datePublished\":\"2018-01-11T19:11:11+00:00\",\"dateModified\":\"2022-11-09T10:45:44+00:00\",\"description\":\"Wette \u20acx und erhalte eine \u20acx Gratiswette falls die erste Wette verliert | Vier Strategien um Gewinn aus diesem Angebot zu schlagen\",\"breadcrumb\":{\"@id\":\"https:\/\/doppelwetten.com\/de\/wette-ex-und-erhalte-eine-ex-gratiswette-falls-die-erste-wette-verliert\/#breadcrumb\"},\"inLanguage\":\"de-DE\",\"potentialAction\":[{\"@type\":\"ReadAction\",\"target\":[\"https:\/\/doppelwetten.com\/de\/wette-ex-und-erhalte-eine-ex-gratiswette-falls-die-erste-wette-verliert\/\"]}]},{\"@type\":\"BreadcrumbList\",\"@id\":\"https:\/\/doppelwetten.com\/de\/wette-ex-und-erhalte-eine-ex-gratiswette-falls-die-erste-wette-verliert\/#breadcrumb\",\"itemListElement\":[{\"@type\":\"ListItem\",\"position\":1,\"name\":\"Home\",\"item\":\"https:\/\/doppelwetten.com\/de\/\"},{\"@type\":\"ListItem\",\"position\":2,\"name\":\"Wette \u20acx und erhalte eine \u20acx Gratiswette falls die erste Wette verliert\"}]},{\"@type\":\"WebSite\",\"@id\":\"https:\/\/doppelwetten.com\/#website\",\"url\":\"https:\/\/doppelwetten.com\/\",\"name\":\"DoppelWetten\",\"description\":\"risikolosen Wetten (Schritt f\u00fcr Schritt)\",\"publisher\":{\"@id\":\"https:\/\/doppelwetten.com\/#organization\"},\"potentialAction\":[{\"@type\":\"SearchAction\",\"target\":{\"@type\":\"EntryPoint\",\"urlTemplate\":\"https:\/\/doppelwetten.com\/?s={search_term_string}\"},\"query-input\":\"required name=search_term_string\"}],\"inLanguage\":\"de-DE\"},{\"@type\":\"Organization\",\"@id\":\"https:\/\/doppelwetten.com\/#organization\",\"name\":\"DoppelWetten\",\"url\":\"https:\/\/doppelwetten.com\/\",\"logo\":{\"@type\":\"ImageObject\",\"inLanguage\":\"de-DE\",\"@id\":\"https:\/\/doppelwetten.com\/#\/schema\/logo\/image\/\",\"url\":\"https:\/\/doppelwetten.com\/wp-content\/uploads\/2021\/05\/google-logo-size.png\",\"contentUrl\":\"https:\/\/doppelwetten.com\/wp-content\/uploads\/2021\/05\/google-logo-size.png\",\"caption\":\"DoppelWetten\"},\"image\":{\"@id\":\"https:\/\/doppelwetten.com\/#\/schema\/logo\/image\/\"},\"sameAs\":[\"https:\/\/twitter.com\/doppelwetten\"]}]}<\/script>\n<!-- \/ Yoast SEO plugin. -->","yoast_head_json":{"title":"Wette \u20acx und erhalte eine \u20acx Gratiswette falls die erste Wette verliert","description":"Wette \u20acx und erhalte eine \u20acx Gratiswette falls die erste Wette verliert | Vier Strategien um Gewinn aus diesem Angebot zu schlagen","robots":{"index":"index","follow":"follow","max-snippet":"max-snippet:-1","max-image-preview":"max-image-preview:large","max-video-preview":"max-video-preview:-1"},"canonical":"https:\/\/doppelwetten.com\/de\/wette-ex-und-erhalte-eine-ex-gratiswette-falls-die-erste-wette-verliert\/","og_locale":"de_DE","og_type":"article","og_title":"Wette \u20acx und erhalte eine \u20acx Gratiswette falls die erste Wette verliert","og_description":"Wette \u20acx und erhalte eine \u20acx Gratiswette falls die erste Wette verliert | Vier Strategien um Gewinn aus diesem Angebot zu schlagen","og_url":"https:\/\/doppelwetten.com\/de\/wette-ex-und-erhalte-eine-ex-gratiswette-falls-die-erste-wette-verliert\/","og_site_name":"DoppelWetten","article_modified_time":"2022-11-09T10:45:44+00:00","og_image":[{"url":"https:\/\/doppelwetten.com\/wp-content\/uploads\/2019\/04\/bet-ex-de.png"}],"twitter_card":"summary_large_image","twitter_site":"@doppelwetten","twitter_misc":{"Gesch\u00e4tzte Lesezeit":"8 Minuten"},"schema":{"@context":"https:\/\/schema.org","@graph":[{"@type":"WebPage","@id":"https:\/\/doppelwetten.com\/de\/wette-ex-und-erhalte-eine-ex-gratiswette-falls-die-erste-wette-verliert\/","url":"https:\/\/doppelwetten.com\/de\/wette-ex-und-erhalte-eine-ex-gratiswette-falls-die-erste-wette-verliert\/","name":"Wette \u20acx und erhalte eine \u20acx Gratiswette falls die erste Wette verliert","isPartOf":{"@id":"https:\/\/doppelwetten.com\/#website"},"datePublished":"2018-01-11T19:11:11+00:00","dateModified":"2022-11-09T10:45:44+00:00","description":"Wette \u20acx und erhalte eine \u20acx Gratiswette falls die erste Wette verliert | Vier Strategien um Gewinn aus diesem Angebot zu schlagen","breadcrumb":{"@id":"https:\/\/doppelwetten.com\/de\/wette-ex-und-erhalte-eine-ex-gratiswette-falls-die-erste-wette-verliert\/#breadcrumb"},"inLanguage":"de-DE","potentialAction":[{"@type":"ReadAction","target":["https:\/\/doppelwetten.com\/de\/wette-ex-und-erhalte-eine-ex-gratiswette-falls-die-erste-wette-verliert\/"]}]},{"@type":"BreadcrumbList","@id":"https:\/\/doppelwetten.com\/de\/wette-ex-und-erhalte-eine-ex-gratiswette-falls-die-erste-wette-verliert\/#breadcrumb","itemListElement":[{"@type":"ListItem","position":1,"name":"Home","item":"https:\/\/doppelwetten.com\/de\/"},{"@type":"ListItem","position":2,"name":"Wette \u20acx und erhalte eine \u20acx Gratiswette falls die erste Wette verliert"}]},{"@type":"WebSite","@id":"https:\/\/doppelwetten.com\/#website","url":"https:\/\/doppelwetten.com\/","name":"DoppelWetten","description":"risikolosen Wetten (Schritt f\u00fcr Schritt)","publisher":{"@id":"https:\/\/doppelwetten.com\/#organization"},"potentialAction":[{"@type":"SearchAction","target":{"@type":"EntryPoint","urlTemplate":"https:\/\/doppelwetten.com\/?s={search_term_string}"},"query-input":"required name=search_term_string"}],"inLanguage":"de-DE"},{"@type":"Organization","@id":"https:\/\/doppelwetten.com\/#organization","name":"DoppelWetten","url":"https:\/\/doppelwetten.com\/","logo":{"@type":"ImageObject","inLanguage":"de-DE","@id":"https:\/\/doppelwetten.com\/#\/schema\/logo\/image\/","url":"https:\/\/doppelwetten.com\/wp-content\/uploads\/2021\/05\/google-logo-size.png","contentUrl":"https:\/\/doppelwetten.com\/wp-content\/uploads\/2021\/05\/google-logo-size.png","caption":"DoppelWetten"},"image":{"@id":"https:\/\/doppelwetten.com\/#\/schema\/logo\/image\/"},"sameAs":["https:\/\/twitter.com\/doppelwetten"]}]}},"_links":{"self":[{"href":"https:\/\/doppelwetten.com\/de\/wp-json\/wp\/v2\/pages\/7064"}],"collection":[{"href":"https:\/\/doppelwetten.com\/de\/wp-json\/wp\/v2\/pages"}],"about":[{"href":"https:\/\/doppelwetten.com\/de\/wp-json\/wp\/v2\/types\/page"}],"author":[{"embeddable":true,"href":"https:\/\/doppelwetten.com\/de\/wp-json\/wp\/v2\/users\/1"}],"replies":[{"embeddable":true,"href":"https:\/\/doppelwetten.com\/de\/wp-json\/wp\/v2\/comments?post=7064"}],"version-history":[{"count":5,"href":"https:\/\/doppelwetten.com\/de\/wp-json\/wp\/v2\/pages\/7064\/revisions"}],"predecessor-version":[{"id":29815,"href":"https:\/\/doppelwetten.com\/de\/wp-json\/wp\/v2\/pages\/7064\/revisions\/29815"}],"wp:attachment":[{"href":"https:\/\/doppelwetten.com\/de\/wp-json\/wp\/v2\/media?parent=7064"}],"curies":[{"name":"wp","href":"https:\/\/api.w.org\/{rel}","templated":true}]}}