{"id":7049,"date":"2018-01-11T18:21:00","date_gmt":"2018-01-11T18:21:00","guid":{"rendered":"https:\/\/doppelwetten.com\/von-price-boosts-profitieren\/"},"modified":"2020-07-07T01:46:55","modified_gmt":"2020-07-07T01:46:55","slug":"quoten-boosts","status":"publish","type":"page","link":"https:\/\/doppelwetten.com\/de\/quoten-boosts\/","title":{"rendered":"Wie man von Quoten Boosts profitieren kann"},"content":{"rendered":"<p>Der Quoten Boosts Forum Thread ist <a style=\"color: green;\" href=\"https:\/\/forum.doppelwetten.com\/category\/2\/reload-angebote\" class=\"broken_link\">hier<\/a> zu finden.<\/p>\n<h1>Was sind erh\u00f6hte Quoten oder Quoten-Boosts?<\/h1>\n<p>Erh\u00f6hte Quoten. Sonderquoten. Quoten-Boosts. Price-Boosts. Oder auch Odds-Boosts. All diese Namen umschreiben die gleiche Situation: Ein Buchmacher bietet erh\u00f6hte Quoten auf bestimmte Spiele und\/oder zu bestimmten Zeiten an. Beim Abstauben erh\u00f6hter Wettquoten kann der Matched Wettende auch gleich gut Gewinn mitnehmen. Im Englischen wird dies meist als \u201eprice boost\u201c oder \u201eodds boost\u201c bezeichnet.<\/p>\n<p>Es sind Surebets, und nur eine Back- und eine Lay-Wette ist erforderlich, d. h. Du bekommst Deinen Gewinn sofort.<\/p>\n<p>W\u00e4hrend dieses Angebot gilt, \u00a0werden die Quoten f\u00fcr bestimmte Wetten oft \u00fcber dendes normalen Marktwertes erh\u00f6ht. Diese erh\u00f6hten Quoten machen es dem Matched Wettenden leicht, Gewinn zu extrahieren. Risikofrei nat\u00fcrlich.<\/p>\n<p><img loading=\"lazy\" class=\"size-full wp-image-9550 alignnone\" src=\"https:\/\/doppelwetten.com\/wp-content\/uploads\/2018\/01\/example-8.png\" alt=\"Quoten Boosts\" width=\"873\" height=\"182\" srcset=\"https:\/\/doppelwetten.com\/wp-content\/uploads\/2018\/01\/example-8.png 873w, https:\/\/doppelwetten.com\/wp-content\/uploads\/2018\/01\/example-8-300x63.png 300w, https:\/\/doppelwetten.com\/wp-content\/uploads\/2018\/01\/example-8-768x160.png 768w\" sizes=\"(max-width: 873px) 100vw, 873px\" \/><\/p>\n<h2>Sind Odds-Boosts das Gleiche wie Arbs oder Arbing?<\/h2>\n<p>Jein.<\/p>\n<p>Odds-Boosts funktionieren genauso wie ein <a href=\"https:\/\/doppelwetten.com\/de\/knowledge-base\/arbing\/\">Arb<\/a>. Du musst nur eine Back- und eine Lay-Wette setzen, um eine Surebet und sofortigen Profit zu schaffen.<\/p>\n<p><strong>Es gibt jedoch einen wichtigen Unterschied.<\/strong><\/p>\n<p>Der Unterschied ist, dass Arbs aufgrund von Ungleichgewichten im Markt auftreten. Dieses Ungleichgewicht k\u00f6nnte dadurch entstehen, dass ein Buchmacher seine Quoten nicht schnell genug aktualisiert, oder dass er bei der Festsetzung der Quoten gewisse Informationen nicht in Betracht gezogen hat. Wenn zum Beispiel der Star-Spieler eines Teams verletzt ist, k\u00f6nnte dies die Quoten beeinflussen. Falls jedoch ein Buchmacher noch nichts von dieser Tatsache wusste, hat er vielleicht seine Quoten noch nicht im Zuge des Marktes ge\u00e4ndert.<\/p>\n<p>Aus der Perspektive eines Buchmachers ist ein Arb ein ungewollter oder unbeabsichtigter Fehler.<\/p>\n<p>Odds-Boosts sind dagegen gewollte oder beabsichtigte Quotenerh\u00f6hungen eines Buchmachers, um sich vom Markt abzuheben.<\/p>\n<p>Diese Odds-Boosts werden oft als ein Angebot beworben. Buchmacher w\u00e4hlen oft Resultate aus, die nach ihrer Einsch\u00e4tzung unwahrscheinlicher sind, und mit den erh\u00f6hten Quoten hoffen sie, Geld von leichtgl\u00e4ubigen Kunden anzulocken.<\/p>\n<h2>Vergewissere Dich, dass Du die Back- und Lay-Wetten auf den gleichen Markt setzt<\/h2>\n<p>Es ist sehr wichtig, sicherzustellen, dass Du die gleiche Wette backst und layst.<\/p>\n<p>Untenstehend zeige ich Dir einige Beispiele.<\/p>\n<p><img loading=\"lazy\" class=\"alignnone wp-image-10472\" src=\"https:\/\/doppelwetten.com\/wp-content\/uploads\/2018\/11\/odds-boosts.png\" alt=\"odds boosts\" width=\"910\" height=\"561\" srcset=\"https:\/\/doppelwetten.com\/wp-content\/uploads\/2018\/11\/odds-boosts.png 1225w, https:\/\/doppelwetten.com\/wp-content\/uploads\/2018\/11\/odds-boosts-300x185.png 300w, https:\/\/doppelwetten.com\/wp-content\/uploads\/2018\/11\/odds-boosts-768x473.png 768w, https:\/\/doppelwetten.com\/wp-content\/uploads\/2018\/11\/odds-boosts-1024x631.png 1024w\" sizes=\"(max-width: 910px) 100vw, 910px\" \/><\/p>\n<p>Ich habe drei Wetten in den obigen Preis-Boosts umrahmt.<\/p>\n<p>Der erste Boost ist auf das Spiel zwischen Holland und Frankreich. Die Quoten sind geboostet oder erh\u00f6ht auf den Markt Holland gewinnt UND \u00fcber 2,5 Tore, d. h. zwei Ergebnisse m\u00fcssen eintreten, damit die Wette gewinnt. Zun\u00e4chst muss Holland das Spiel gewinnen, und es m\u00fcssen \u00fcber 2,5 Tore im Spiel fallen. Falls Holland 1-0 gewinnt, verliert die Wette, da nicht genug Tore gefallen sind. Um diese Wette zu layen, musst Du genau den gleichen Markt bei Deiner Wettb\u00f6rse finden.<\/p>\n<p>Der zweite Boost ist auf das Spiel zwischen Brasilien und Uruguay. Hier sind die Quoten auf Neymar als den ersten Torsch\u00fctzen geboostet. Dies ist leicht zu layen, da Du nur Neymar als den ersten Torsch\u00fctzen layen musst.<\/p>\n<p>Der letzte Boost, den ich hervorheben m\u00f6chte, ist der Letzte oder Nummer 5. Es ist das Spiel zwischen England und Kroatien. Die Quoten sind darauf erh\u00f6ht, dass England zu Null gewinnt. Dies bedeutet, dass England das Spiel\u00a0gewinnen muss, UND Kroatien darf kein Tor schie\u00dfen. Falls England 2-1 gewinnt, verliert die Wette, da Kroatien ein Tor erzielt hat. Au\u00dferdem ist es wichtig, sich zu vergewissern, dass man die gleiche Wette bei der Wettb\u00f6rse gelayt hat und nicht nur z. B. dass England gewinnt.<\/p>\n<h2>Wie man von Odds-Boosts profitiert<\/h2>\n<p>Es gibt zwei Wege, sich einen risikofreien Gewinn aus Odds-Boosts zu sichern.<\/p>\n<p>F\u00fcr beide Methoden musst Du den DoppelWetten <a href=\"https:\/\/doppelwetten.com\/mb-calculator\/\">MB Rechner<\/a> benutzen.<\/p>\n<p>Du findest den <a href=\"https:\/\/doppelwetten.com\/de\/matched-betting-calculator\/\">Rechner<\/a> unter Tools.<\/p>\n<h2>Methode 1 \u2013 Normale Lay-Wette<\/h2>\n<p>Die erste Methode ist die Platzierung einer normalen Matched Wette.<\/p>\n<p>Du musst eine Back- und eine Lay-Wette platzieren.<\/p>\n<p>Als Beispiel nehmen wir das Spiel Chelsea gegen Arsenal. Die Quoten f\u00fcr Chelsea werden von 2,00 auf 2,30 angehoben. Nehmen wir an, die Quoten f\u00fcr die Lay-Wette liegen bei 2,10. Das hei\u00dft also, dass die Back-Quoten h\u00f6her sind als die Lay-Quoten.\u00a0Unten kannst Du sehen, wie die Quoten in den Rechner eingetragen werden.<\/p>\n<p>Man gibt die Quoten des Quoten-Boost-Angebotes ein, also zum Beispiel 2,3 f\u00fcr die Back-Wette und 2,1 von Matchbook f\u00fcr die Lay-Wette. Wir geben die Back-Kommission von 5% ein f\u00fcr die Wettsteuer. Die Lay-Kommission muss auf 1,7 ge\u00e4ndert werden, weil wir Matchbook benutzen.<\/p>\n<p><img loading=\"lazy\" class=\"alignnone size-full wp-image-13803\" src=\"https:\/\/doppelwetten.com\/wp-content\/uploads\/2019\/03\/de-oddsboost-result.png\" alt=\"\" width=\"1197\" height=\"691\" srcset=\"https:\/\/doppelwetten.com\/wp-content\/uploads\/2019\/03\/de-oddsboost-result.png 1197w, https:\/\/doppelwetten.com\/wp-content\/uploads\/2019\/03\/de-oddsboost-result-300x173.png 300w, https:\/\/doppelwetten.com\/wp-content\/uploads\/2019\/03\/de-oddsboost-result-768x443.png 768w, https:\/\/doppelwetten.com\/wp-content\/uploads\/2019\/03\/de-oddsboost-result-1024x591.png 1024w\" sizes=\"(max-width: 1197px) 100vw, 1197px\" \/><\/p>\n<p>Der obige Screenshot zeigt genau an, dass man einen risikofreien Gewinn von \u20ac0,62 machen kann; bei Verwendung dieser Quoten und einem Einsatz von \u20ac20.<\/p>\n<h2>Methode 2 \u2013 Underlay<\/h2>\n<p>Die zweite Methode ist die Underlay-Methode.<\/p>\n<p>Wenn Du diese Methode benutzt, hast Du die M\u00f6glichkeit, Deinen Gewinn zu steigern, falls Dein Odds-Boost gewinnt. Du verlierst jedoch kein Geld, wenn er nicht gewinnt.<\/p>\n<p>F\u00fcr dieses Beispiel sagen wir, ein Buchmacher erh\u00f6ht die Quoten f\u00fcr einen Sieg von Chelsea von 2,00 auf 2,30.<\/p>\n<p>Sagen wir, die Lay-Quote bei Deiner Wettb\u00f6rse ist 2,10.<\/p>\n<p>Unten kannst Du sehen, wie man die Quoten in den Rechner eintr\u00e4gt.<\/p>\n<p><img loading=\"lazy\" class=\"alignnone size-full wp-image-14061\" src=\"https:\/\/doppelwetten.com\/wp-content\/uploads\/2019\/03\/mb-calculator-de.png\" alt=\"\" width=\"1205\" height=\"1177\" srcset=\"https:\/\/doppelwetten.com\/wp-content\/uploads\/2019\/03\/mb-calculator-de.png 1205w, https:\/\/doppelwetten.com\/wp-content\/uploads\/2019\/03\/mb-calculator-de-300x293.png 300w, https:\/\/doppelwetten.com\/wp-content\/uploads\/2019\/03\/mb-calculator-de-768x750.png 768w, https:\/\/doppelwetten.com\/wp-content\/uploads\/2019\/03\/mb-calculator-de-1024x1000.png 1024w\" sizes=\"(max-width: 1205px) 100vw, 1205px\" \/><\/p>\n<p>Von diesem Screenshot ist ersichtlich, dass wir bei diesen Quoten und mit einem Einsatz von \u20ac20 einen risikofreien Gewinn von \u20ac1,18 erzielen k\u00f6nnen, falls die Back-Wette gewinnt, und dass wir kein Geld verlieren, falls die Lay- Wette gewinnt.<\/p>\n<h2>Abschlie\u00dfende Anmerkungen<\/h2>\n<p>Man k\u00f6nnte theoretisch auch eine Back-Wette von \u20ac100 oder noch mehr setzen, um einen h\u00f6heren Gewinn zu erzielen. Allerdings gibt es meistens ein Einsatzlimit, denn du kannst nicht einen beliebig hohen Betrag bei diesen \u201eOdds-Boost\u201cAngeboten setzen. H\u00f6here Eins\u00e4tze w\u00fcrden auch das <a href=\"https:\/\/doppelwetten.com\/de\/knowledge-base\/kontoerhaltung\/\">Gubbing<\/a>-Risiko erh\u00f6hen (also dass Dein Buchmacherkonto limitiert oder gesperrt wird). Setzt Du normalerweise immer um die \u20ac10 und pl\u00f6tzlich \u20ac100, dann lenkst Du Aufmerksamkeit auf Dich. Wenn man viele Odds-Boost-Angebote wahrnimmt, l\u00e4uft man ebenfalls Gefahr, gegubbt zu werden. Bitte lies unseren Leitfaden \u00fcber die <a href=\"https:\/\/doppelwetten.com\/de\/knowledge-base\/kontoerhaltung\/\">Kontoerhaltung<\/a> f\u00fcr weitere Informationen \u00fcber Gubbing. Zu guter Letzt, der Gewinn aus Odds-Boosts scheint gering zu sein, die geringen Betr\u00e4ge summieren sich jedoch schnell, und es ist v\u00f6llig risikofrei. Gewinne aus Odds-Boosts zu erzielen sollte zweifelsohne im Repertoire eines jeden Matched Bettors sein.<\/p>\n","protected":false},"excerpt":{"rendered":"<p>Der Quoten Boosts Forum Thread ist hier zu finden. Was sind erh\u00f6hte Quoten oder Quoten-Boosts? Erh\u00f6hte Quoten. Sonderquoten. Quoten-Boosts. Price-Boosts. [&hellip;]<\/p>\n","protected":false},"author":1,"featured_media":0,"parent":0,"menu_order":0,"comment_status":"closed","ping_status":"closed","template":"","meta":{"_mi_skip_tracking":false},"yoast_head":"<!-- This site is optimized with the Yoast SEO plugin v19.13 - https:\/\/yoast.com\/wordpress\/plugins\/seo\/ -->\n<title>Quoten Boosts profit | Risikolose wetten | Surebets<\/title>\n<meta name=\"description\" content=\"Quoten Boosts | Sure bets | Erh\u00f6hte Quoten machen es dem Matched Wettenden leicht, Gewinn zu extrahieren. Risikofrei nat\u00fcrlich.\" \/>\n<meta name=\"robots\" content=\"index, follow, max-snippet:-1, max-image-preview:large, max-video-preview:-1\" \/>\n<link rel=\"canonical\" href=\"https:\/\/doppelwetten.com\/de\/quoten-boosts\/\" \/>\n<meta property=\"og:locale\" content=\"de_DE\" \/>\n<meta property=\"og:type\" content=\"article\" \/>\n<meta property=\"og:title\" content=\"Quoten Boosts profit | Risikolose wetten | Surebets\" \/>\n<meta property=\"og:description\" content=\"Quoten Boosts | Sure bets | Erh\u00f6hte Quoten machen es dem Matched Wettenden leicht, Gewinn zu extrahieren. Risikofrei nat\u00fcrlich.\" \/>\n<meta property=\"og:url\" content=\"https:\/\/doppelwetten.com\/de\/quoten-boosts\/\" \/>\n<meta property=\"og:site_name\" content=\"DoppelWetten\" \/>\n<meta property=\"article:modified_time\" content=\"2020-07-07T01:46:55+00:00\" \/>\n<meta property=\"og:image\" content=\"https:\/\/doppelwetten.com\/wp-content\/uploads\/2018\/01\/example-8.png\" \/>\n<meta name=\"twitter:card\" content=\"summary_large_image\" \/>\n<meta name=\"twitter:site\" content=\"@doppelwetten\" \/>\n<meta name=\"twitter:label1\" content=\"Gesch\u00e4tzte Lesezeit\" \/>\n\t<meta name=\"twitter:data1\" content=\"5 Minuten\" \/>\n<script type=\"application\/ld+json\" class=\"yoast-schema-graph\">{\"@context\":\"https:\/\/schema.org\",\"@graph\":[{\"@type\":\"WebPage\",\"@id\":\"https:\/\/doppelwetten.com\/de\/quoten-boosts\/\",\"url\":\"https:\/\/doppelwetten.com\/de\/quoten-boosts\/\",\"name\":\"Quoten Boosts profit | Risikolose wetten | Surebets\",\"isPartOf\":{\"@id\":\"https:\/\/doppelwetten.com\/#website\"},\"datePublished\":\"2018-01-11T18:21:00+00:00\",\"dateModified\":\"2020-07-07T01:46:55+00:00\",\"description\":\"Quoten Boosts | Sure bets | Erh\u00f6hte Quoten machen es dem Matched Wettenden leicht, Gewinn zu extrahieren. Risikofrei nat\u00fcrlich.\",\"breadcrumb\":{\"@id\":\"https:\/\/doppelwetten.com\/de\/quoten-boosts\/#breadcrumb\"},\"inLanguage\":\"de-DE\",\"potentialAction\":[{\"@type\":\"ReadAction\",\"target\":[\"https:\/\/doppelwetten.com\/de\/quoten-boosts\/\"]}]},{\"@type\":\"BreadcrumbList\",\"@id\":\"https:\/\/doppelwetten.com\/de\/quoten-boosts\/#breadcrumb\",\"itemListElement\":[{\"@type\":\"ListItem\",\"position\":1,\"name\":\"Home\",\"item\":\"https:\/\/doppelwetten.com\/de\/\"},{\"@type\":\"ListItem\",\"position\":2,\"name\":\"Wie man von Quoten Boosts profitieren kann\"}]},{\"@type\":\"WebSite\",\"@id\":\"https:\/\/doppelwetten.com\/#website\",\"url\":\"https:\/\/doppelwetten.com\/\",\"name\":\"DoppelWetten\",\"description\":\"risikolosen Wetten (Schritt f\u00fcr Schritt)\",\"publisher\":{\"@id\":\"https:\/\/doppelwetten.com\/#organization\"},\"potentialAction\":[{\"@type\":\"SearchAction\",\"target\":{\"@type\":\"EntryPoint\",\"urlTemplate\":\"https:\/\/doppelwetten.com\/?s={search_term_string}\"},\"query-input\":\"required name=search_term_string\"}],\"inLanguage\":\"de-DE\"},{\"@type\":\"Organization\",\"@id\":\"https:\/\/doppelwetten.com\/#organization\",\"name\":\"DoppelWetten\",\"url\":\"https:\/\/doppelwetten.com\/\",\"logo\":{\"@type\":\"ImageObject\",\"inLanguage\":\"de-DE\",\"@id\":\"https:\/\/doppelwetten.com\/#\/schema\/logo\/image\/\",\"url\":\"https:\/\/doppelwetten.com\/wp-content\/uploads\/2021\/05\/google-logo-size.png\",\"contentUrl\":\"https:\/\/doppelwetten.com\/wp-content\/uploads\/2021\/05\/google-logo-size.png\",\"caption\":\"DoppelWetten\"},\"image\":{\"@id\":\"https:\/\/doppelwetten.com\/#\/schema\/logo\/image\/\"},\"sameAs\":[\"https:\/\/twitter.com\/doppelwetten\"]}]}<\/script>\n<!-- \/ Yoast SEO plugin. -->","yoast_head_json":{"title":"Quoten Boosts profit | Risikolose wetten | Surebets","description":"Quoten Boosts | Sure bets | Erh\u00f6hte Quoten machen es dem Matched Wettenden leicht, Gewinn zu extrahieren. Risikofrei nat\u00fcrlich.","robots":{"index":"index","follow":"follow","max-snippet":"max-snippet:-1","max-image-preview":"max-image-preview:large","max-video-preview":"max-video-preview:-1"},"canonical":"https:\/\/doppelwetten.com\/de\/quoten-boosts\/","og_locale":"de_DE","og_type":"article","og_title":"Quoten Boosts profit | Risikolose wetten | Surebets","og_description":"Quoten Boosts | Sure bets | Erh\u00f6hte Quoten machen es dem Matched Wettenden leicht, Gewinn zu extrahieren. Risikofrei nat\u00fcrlich.","og_url":"https:\/\/doppelwetten.com\/de\/quoten-boosts\/","og_site_name":"DoppelWetten","article_modified_time":"2020-07-07T01:46:55+00:00","og_image":[{"url":"https:\/\/doppelwetten.com\/wp-content\/uploads\/2018\/01\/example-8.png"}],"twitter_card":"summary_large_image","twitter_site":"@doppelwetten","twitter_misc":{"Gesch\u00e4tzte Lesezeit":"5 Minuten"},"schema":{"@context":"https:\/\/schema.org","@graph":[{"@type":"WebPage","@id":"https:\/\/doppelwetten.com\/de\/quoten-boosts\/","url":"https:\/\/doppelwetten.com\/de\/quoten-boosts\/","name":"Quoten Boosts profit | Risikolose wetten | Surebets","isPartOf":{"@id":"https:\/\/doppelwetten.com\/#website"},"datePublished":"2018-01-11T18:21:00+00:00","dateModified":"2020-07-07T01:46:55+00:00","description":"Quoten Boosts | Sure bets | Erh\u00f6hte Quoten machen es dem Matched Wettenden leicht, Gewinn zu extrahieren. Risikofrei nat\u00fcrlich.","breadcrumb":{"@id":"https:\/\/doppelwetten.com\/de\/quoten-boosts\/#breadcrumb"},"inLanguage":"de-DE","potentialAction":[{"@type":"ReadAction","target":["https:\/\/doppelwetten.com\/de\/quoten-boosts\/"]}]},{"@type":"BreadcrumbList","@id":"https:\/\/doppelwetten.com\/de\/quoten-boosts\/#breadcrumb","itemListElement":[{"@type":"ListItem","position":1,"name":"Home","item":"https:\/\/doppelwetten.com\/de\/"},{"@type":"ListItem","position":2,"name":"Wie man von Quoten Boosts profitieren kann"}]},{"@type":"WebSite","@id":"https:\/\/doppelwetten.com\/#website","url":"https:\/\/doppelwetten.com\/","name":"DoppelWetten","description":"risikolosen Wetten (Schritt f\u00fcr Schritt)","publisher":{"@id":"https:\/\/doppelwetten.com\/#organization"},"potentialAction":[{"@type":"SearchAction","target":{"@type":"EntryPoint","urlTemplate":"https:\/\/doppelwetten.com\/?s={search_term_string}"},"query-input":"required name=search_term_string"}],"inLanguage":"de-DE"},{"@type":"Organization","@id":"https:\/\/doppelwetten.com\/#organization","name":"DoppelWetten","url":"https:\/\/doppelwetten.com\/","logo":{"@type":"ImageObject","inLanguage":"de-DE","@id":"https:\/\/doppelwetten.com\/#\/schema\/logo\/image\/","url":"https:\/\/doppelwetten.com\/wp-content\/uploads\/2021\/05\/google-logo-size.png","contentUrl":"https:\/\/doppelwetten.com\/wp-content\/uploads\/2021\/05\/google-logo-size.png","caption":"DoppelWetten"},"image":{"@id":"https:\/\/doppelwetten.com\/#\/schema\/logo\/image\/"},"sameAs":["https:\/\/twitter.com\/doppelwetten"]}]}},"_links":{"self":[{"href":"https:\/\/doppelwetten.com\/de\/wp-json\/wp\/v2\/pages\/7049"}],"collection":[{"href":"https:\/\/doppelwetten.com\/de\/wp-json\/wp\/v2\/pages"}],"about":[{"href":"https:\/\/doppelwetten.com\/de\/wp-json\/wp\/v2\/types\/page"}],"author":[{"embeddable":true,"href":"https:\/\/doppelwetten.com\/de\/wp-json\/wp\/v2\/users\/1"}],"replies":[{"embeddable":true,"href":"https:\/\/doppelwetten.com\/de\/wp-json\/wp\/v2\/comments?post=7049"}],"version-history":[{"count":5,"href":"https:\/\/doppelwetten.com\/de\/wp-json\/wp\/v2\/pages\/7049\/revisions"}],"predecessor-version":[{"id":22823,"href":"https:\/\/doppelwetten.com\/de\/wp-json\/wp\/v2\/pages\/7049\/revisions\/22823"}],"wp:attachment":[{"href":"https:\/\/doppelwetten.com\/de\/wp-json\/wp\/v2\/media?parent=7049"}],"curies":[{"name":"wp","href":"https:\/\/api.w.org\/{rel}","templated":true}]}}