{"id":6968,"date":"2018-01-08T18:56:02","date_gmt":"2018-01-08T18:56:02","guid":{"rendered":"https:\/\/doppelwetten.com\/anleitung-wette-ex-und-erhalte-eine-ex-gratiswette\/"},"modified":"2019-04-07T09:15:55","modified_gmt":"2019-04-07T09:15:55","slug":"gratiswette","status":"publish","type":"page","link":"https:\/\/doppelwetten.com\/de\/gratiswette\/","title":{"rendered":"Anleitung: Wette \u20acx und erhalte eine \u20acx Gratiswette"},"content":{"rendered":"<p>Die Wette \u201eWette \u20acx und bekomme eine \u20acx Gratiswette&#8220; ist die einfachste Art von <a href=\"https:\/\/doppelwetten.com\/de\/angebot-fur-bestandskunden\/\">Reload-Angebot<\/a>.<\/p>\n<p>Dieses Angebot eignet sich gut f\u00fcr Matched Betting oder doppelseitiges Wetten.<\/p>\n<p>Es geht ganz schnell in zwei Schritten.<\/p>\n<p><strong>Schritt 1:<\/strong> Platziere die qualifizierende Wette<\/p>\n<p><strong>Schritt 2:<\/strong> Platziere die Gratiswette<\/p>\n<p>Ich schlage vor, diese Art von Angebot immer mitzunehmen, auch wenn man bei einer Matched Wette nur ein paar Euro verdient. Die kleinen Betr\u00e4ge summieren sich recht schnell und tragen so dazu bei, gutes Geld zu verdienen.<\/p>\n<p>Im folgenden finden sich einige Berechnungen.<\/p>\n<p>Wie viel verliert man durchschnittlich bei einer qualifizierenden Wette? Wie viel kann man von einer Gratiswette profitieren (dazu siehe auch meinen Artikel <a style=\"color: green;\" href=\"https:\/\/doppelwetten.com\/de\/knowledge-base\/warum-erhaelt-man-nicht-e10-beim-einsatz-einer-e10-gratiswette\/\">Warum erh\u00e4lt man nicht \u20ac10 beim Einsatz einer \u20ac10 Gratiswette?<\/a>)?<\/p>\n<h2><strong>Qualifizierende Wette<\/strong><\/h2>\n<p>Man sollte damit rechnen, dass man etwa 5-7%, oder \u20ac0,50 bis \u20ac0,70 pro \u20ac10 Einsatz, verliert.<\/p>\n<h2><strong>Gratiswette<\/strong><\/h2>\n<p>Man macht einen Reingewinn zwischen 70% und 80% des Wertes einer Gratiswette. Bei einer \u20ac10 Gratiswette sollte man daher mit einem Gewinn von zwischen \u20ac7 und \u20ac8 rechnen.<\/p>\n<h3><strong>Ist ein \u201eWette \u20acx und erhalte \u20acx als Gratiswette\u201c Angebot wirklich profitabel?<\/strong><\/h3>\n<p>Nicht immer.<\/p>\n<h4><strong>Beispiel 1: Setze \u20ac20 und bekomme eine \u20ac5 Gratiswette. <\/strong><\/h4>\n<i class=\"icon-circle hb-icon-float-left hb-icon-small hb-icon\" style=\"color:#0099ff\"><\/i>Von der Qualifikationswette wird ein Verlust von etwa 5-7% erwartet. Das sind um die \u20ac1.<\/p>\n<i class=\"icon-circle hb-icon-float-left hb-icon-small hb-icon\" style=\"color:#0099ff\"><\/i>Von der Gratiswette erwartet man einen Gewinn von etwa 70%. Das sind ca. \u20ac3,50.<\/p>\n<i class=\"icon-circle hb-icon-float-left hb-icon-small hb-icon\" style=\"color:#0099ff\"><\/i>Dieses Angebot beinhaltet einen voraussichtlichen Gewinn von \u20ac2,50 (\u20ac3,50-\u20ac1). Man sollte es auf jeden Fall mitnehmen.<\/p>\n<h4>Beispiel 2: Platziere \u20ac100 und erhalte eine \u20ac5 Gratiswette.<\/h4>\n<i class=\"icon-circle hb-icon-float-left hb-icon-small hb-icon\" style=\"color:#0099ff\"><\/i>Von der Qualifikationswette erwartet man einen Verlust von ca. 5-7%. Das sind um die \u20ac5.<\/p>\n<i class=\"icon-circle hb-icon-float-left hb-icon-small hb-icon\" style=\"color:#0099ff\"><\/i>Von der Gratiswette wird ein Gewinn von etwa 70% erwartet, also etwa \u20ac3,50.<\/p>\n<i class=\"icon-circle hb-icon-float-left hb-icon-small hb-icon\" style=\"color:#0099ff\"><\/i>Dieses Angebot bringt einen Verlust von etwa -\u20ac1,50 (\u20ac3,50-\u20ac5) und man sollte es deshalb links liegen lassen.<\/p>\n<h1>Schritt-f\u00fcr-Schritt Anleitung, um Geld von Gratiswetten zu verdienen<\/h1>\n<h2><strong>Schritt 1: Platziere die qualifizierende Wette<\/strong><\/h2>\n<p>Zuerst muss man sich f\u00fcr die Gratiswette qualifizieren. Auf jeden Fall muss man die <a href=\"https:\/\/doppelwetten.com\/de\/die-allgemeinen-geschaeftsbedingungen-verstehen\/\" class=\"broken_link\">AGBs<\/a> des Angebots genau pr\u00fcfen. Darin findet man die Voraussetzungen, oder die Mindestanforderungen, die n\u00f6tig sind, um die Gratiswette zu bekommen.<\/p>\n<i class=\"icon-circle hb-icon-float-left hb-icon-small hb-icon\" style=\"color:#0099ff\"><\/i>Es gibt zahlreiche Variationen qualifizierender Wetten. Nachfolgend sind einige der gebr\u00e4uchlichsten aufgelistet. Man muss auf einen bestimmten Betrag, z. B. \u20ac10, setzen.<\/p>\n<i class=\"icon-circle hb-icon-float-left hb-icon-small hb-icon\" style=\"color:#0099ff\"><\/i>Es muss auf einen bestimmten Betrag auf ein bestimmtes Spiel gesetzt werden, z. B. \u20ac10 auf das Spiel zwischen Arsenal und Manchester United.<\/p>\n<i class=\"icon-circle hb-icon-float-left hb-icon-small hb-icon\" style=\"color:#0099ff\"><\/i>Ein bestimmter Betrag muss auf eine bestimmte Fu\u00dfballliga gesetzt werden, z. B. \u20ac10 auf die Bundesliga.<\/p>\n<p>Sobald man wei\u00df, welche Art von qualifizierender Wette platziert werden muss, um die Freiwette freizuschalten, f\u00fchrt einen der n\u00e4chste Schritt zum Oddsmatcher. Hier wird das beste Spiel gefunden, um die Matched Bet zu platzieren.<\/p>\n<h2><strong>Schritt 2: Die Gratiswette setzen<\/strong><\/h2>\n<p>Sobald die qualifizierende Wette beendet ist, sollte der Buchmacher einem die Freiwette bereitstellen. Dann geht\u2019s zum Oddsmatcher, um das beste Spiel f\u00fcr die nachfolgende Matched Bet zu finden. Dabei darf nicht vergessen werden, im Oddsmatcher-Rechner von &#8222;normale&#8220; Wette auf &#8222;Freiwette&#8220; umzustellen. Dies muss gemacht werden, bevor die Gratiswette platziert wird.<\/p>\n<p><img loading=\"lazy\" class=\"alignnone size-full wp-image-13941\" src=\"https:\/\/doppelwetten.com\/wp-content\/uploads\/2019\/03\/free-bet.png\" alt=\"\" width=\"454\" height=\"62\" srcset=\"https:\/\/doppelwetten.com\/wp-content\/uploads\/2019\/03\/free-bet.png 454w, https:\/\/doppelwetten.com\/wp-content\/uploads\/2019\/03\/free-bet-300x41.png 300w\" sizes=\"(max-width: 454px) 100vw, 454px\" \/><\/p>\n<div class=\"shortcode-wrapper shortcode-infomessage clearfix\"><div class=\"hb-notif-box info\" ><div class=\"message-text\"><p><i class='icon-lightbulb'><\/i>Tipp: beim Oddsmatcher nach SNR-Prozentsatz sortieren. Der SNR-Prozentsatz bestimmt, wie viel man an der Freiwette verdient. <\/p><\/div><\/div><\/div>\n<p><img loading=\"lazy\" class=\"alignnone size-full wp-image-13945\" src=\"https:\/\/doppelwetten.com\/wp-content\/uploads\/2019\/03\/free-bet-image-1.png\" alt=\"\" width=\"601\" height=\"270\" srcset=\"https:\/\/doppelwetten.com\/wp-content\/uploads\/2019\/03\/free-bet-image-1.png 601w, https:\/\/doppelwetten.com\/wp-content\/uploads\/2019\/03\/free-bet-image-1-300x135.png 300w\" sizes=\"(max-width: 601px) 100vw, 601px\" \/><\/p>\n<p>Im <a style=\"color: green;\" href=\"https:\/\/doppelwetten.com\/de\/forum\/\">Forum<\/a> findest Du die besten aktuellen Reload-Angebote.<\/p>\n","protected":false},"excerpt":{"rendered":"<p>Die Wette \u201eWette \u20acx und bekomme eine \u20acx Gratiswette&#8220; ist die einfachste Art von Reload-Angebot. Dieses Angebot eignet sich gut [&hellip;]<\/p>\n","protected":false},"author":1,"featured_media":0,"parent":0,"menu_order":0,"comment_status":"closed","ping_status":"closed","template":"","meta":{"_mi_skip_tracking":false},"yoast_head":"<!-- This site is optimized with the Yoast SEO plugin v19.13 - https:\/\/yoast.com\/wordpress\/plugins\/seo\/ -->\n<title>Gratiswette | Freebet | Free bet tips | Doppelseitiges Wetten<\/title>\n<meta name=\"description\" content=\"Gratiswette | Risikolose wetten | Matched Betting | Doppelseitinges Wetten | Nebenjobs f\u00fcr studenten | Sportwetten bonus | Deutschland\" \/>\n<meta name=\"robots\" content=\"index, follow, max-snippet:-1, max-image-preview:large, max-video-preview:-1\" \/>\n<link rel=\"canonical\" href=\"https:\/\/doppelwetten.com\/de\/gratiswette\/\" \/>\n<meta property=\"og:locale\" content=\"de_DE\" \/>\n<meta property=\"og:type\" content=\"article\" \/>\n<meta property=\"og:title\" content=\"Gratiswette | Freebet | Free bet tips | Doppelseitiges Wetten\" \/>\n<meta property=\"og:description\" content=\"Gratiswette | Risikolose wetten | Matched Betting | Doppelseitinges Wetten | Nebenjobs f\u00fcr studenten | Sportwetten bonus | Deutschland\" \/>\n<meta property=\"og:url\" content=\"https:\/\/doppelwetten.com\/de\/gratiswette\/\" \/>\n<meta property=\"og:site_name\" content=\"DoppelWetten\" \/>\n<meta property=\"article:modified_time\" content=\"2019-04-07T09:15:55+00:00\" \/>\n<meta property=\"og:image\" content=\"https:\/\/doppelwetten.com\/wp-content\/uploads\/2019\/03\/free-bet.png\" \/>\n<meta name=\"twitter:card\" content=\"summary_large_image\" \/>\n<meta name=\"twitter:site\" content=\"@doppelwetten\" \/>\n<meta name=\"twitter:label1\" content=\"Gesch\u00e4tzte Lesezeit\" \/>\n\t<meta name=\"twitter:data1\" content=\"3 Minuten\" \/>\n<script type=\"application\/ld+json\" class=\"yoast-schema-graph\">{\"@context\":\"https:\/\/schema.org\",\"@graph\":[{\"@type\":\"WebPage\",\"@id\":\"https:\/\/doppelwetten.com\/de\/gratiswette\/\",\"url\":\"https:\/\/doppelwetten.com\/de\/gratiswette\/\",\"name\":\"Gratiswette | Freebet | Free bet tips | Doppelseitiges Wetten\",\"isPartOf\":{\"@id\":\"https:\/\/doppelwetten.com\/#website\"},\"datePublished\":\"2018-01-08T18:56:02+00:00\",\"dateModified\":\"2019-04-07T09:15:55+00:00\",\"description\":\"Gratiswette | Risikolose wetten | Matched Betting | Doppelseitinges Wetten | Nebenjobs f\u00fcr studenten | Sportwetten bonus | Deutschland\",\"breadcrumb\":{\"@id\":\"https:\/\/doppelwetten.com\/de\/gratiswette\/#breadcrumb\"},\"inLanguage\":\"de-DE\",\"potentialAction\":[{\"@type\":\"ReadAction\",\"target\":[\"https:\/\/doppelwetten.com\/de\/gratiswette\/\"]}]},{\"@type\":\"BreadcrumbList\",\"@id\":\"https:\/\/doppelwetten.com\/de\/gratiswette\/#breadcrumb\",\"itemListElement\":[{\"@type\":\"ListItem\",\"position\":1,\"name\":\"Home\",\"item\":\"https:\/\/doppelwetten.com\/de\/\"},{\"@type\":\"ListItem\",\"position\":2,\"name\":\"Anleitung: Wette \u20acx und erhalte eine \u20acx Gratiswette\"}]},{\"@type\":\"WebSite\",\"@id\":\"https:\/\/doppelwetten.com\/#website\",\"url\":\"https:\/\/doppelwetten.com\/\",\"name\":\"DoppelWetten\",\"description\":\"risikolosen Wetten (Schritt f\u00fcr Schritt)\",\"publisher\":{\"@id\":\"https:\/\/doppelwetten.com\/#organization\"},\"potentialAction\":[{\"@type\":\"SearchAction\",\"target\":{\"@type\":\"EntryPoint\",\"urlTemplate\":\"https:\/\/doppelwetten.com\/?s={search_term_string}\"},\"query-input\":\"required name=search_term_string\"}],\"inLanguage\":\"de-DE\"},{\"@type\":\"Organization\",\"@id\":\"https:\/\/doppelwetten.com\/#organization\",\"name\":\"DoppelWetten\",\"url\":\"https:\/\/doppelwetten.com\/\",\"logo\":{\"@type\":\"ImageObject\",\"inLanguage\":\"de-DE\",\"@id\":\"https:\/\/doppelwetten.com\/#\/schema\/logo\/image\/\",\"url\":\"https:\/\/doppelwetten.com\/wp-content\/uploads\/2021\/05\/google-logo-size.png\",\"contentUrl\":\"https:\/\/doppelwetten.com\/wp-content\/uploads\/2021\/05\/google-logo-size.png\",\"caption\":\"DoppelWetten\"},\"image\":{\"@id\":\"https:\/\/doppelwetten.com\/#\/schema\/logo\/image\/\"},\"sameAs\":[\"https:\/\/twitter.com\/doppelwetten\"]}]}<\/script>\n<!-- \/ Yoast SEO plugin. -->","yoast_head_json":{"title":"Gratiswette | Freebet | Free bet tips | Doppelseitiges Wetten","description":"Gratiswette | Risikolose wetten | Matched Betting | Doppelseitinges Wetten | Nebenjobs f\u00fcr studenten | Sportwetten bonus | Deutschland","robots":{"index":"index","follow":"follow","max-snippet":"max-snippet:-1","max-image-preview":"max-image-preview:large","max-video-preview":"max-video-preview:-1"},"canonical":"https:\/\/doppelwetten.com\/de\/gratiswette\/","og_locale":"de_DE","og_type":"article","og_title":"Gratiswette | Freebet | Free bet tips | Doppelseitiges Wetten","og_description":"Gratiswette | Risikolose wetten | Matched Betting | Doppelseitinges Wetten | Nebenjobs f\u00fcr studenten | Sportwetten bonus | Deutschland","og_url":"https:\/\/doppelwetten.com\/de\/gratiswette\/","og_site_name":"DoppelWetten","article_modified_time":"2019-04-07T09:15:55+00:00","og_image":[{"url":"https:\/\/doppelwetten.com\/wp-content\/uploads\/2019\/03\/free-bet.png"}],"twitter_card":"summary_large_image","twitter_site":"@doppelwetten","twitter_misc":{"Gesch\u00e4tzte Lesezeit":"3 Minuten"},"schema":{"@context":"https:\/\/schema.org","@graph":[{"@type":"WebPage","@id":"https:\/\/doppelwetten.com\/de\/gratiswette\/","url":"https:\/\/doppelwetten.com\/de\/gratiswette\/","name":"Gratiswette | Freebet | Free bet tips | Doppelseitiges Wetten","isPartOf":{"@id":"https:\/\/doppelwetten.com\/#website"},"datePublished":"2018-01-08T18:56:02+00:00","dateModified":"2019-04-07T09:15:55+00:00","description":"Gratiswette | Risikolose wetten | Matched Betting | Doppelseitinges Wetten | Nebenjobs f\u00fcr studenten | Sportwetten bonus | Deutschland","breadcrumb":{"@id":"https:\/\/doppelwetten.com\/de\/gratiswette\/#breadcrumb"},"inLanguage":"de-DE","potentialAction":[{"@type":"ReadAction","target":["https:\/\/doppelwetten.com\/de\/gratiswette\/"]}]},{"@type":"BreadcrumbList","@id":"https:\/\/doppelwetten.com\/de\/gratiswette\/#breadcrumb","itemListElement":[{"@type":"ListItem","position":1,"name":"Home","item":"https:\/\/doppelwetten.com\/de\/"},{"@type":"ListItem","position":2,"name":"Anleitung: Wette \u20acx und erhalte eine \u20acx Gratiswette"}]},{"@type":"WebSite","@id":"https:\/\/doppelwetten.com\/#website","url":"https:\/\/doppelwetten.com\/","name":"DoppelWetten","description":"risikolosen Wetten (Schritt f\u00fcr Schritt)","publisher":{"@id":"https:\/\/doppelwetten.com\/#organization"},"potentialAction":[{"@type":"SearchAction","target":{"@type":"EntryPoint","urlTemplate":"https:\/\/doppelwetten.com\/?s={search_term_string}"},"query-input":"required name=search_term_string"}],"inLanguage":"de-DE"},{"@type":"Organization","@id":"https:\/\/doppelwetten.com\/#organization","name":"DoppelWetten","url":"https:\/\/doppelwetten.com\/","logo":{"@type":"ImageObject","inLanguage":"de-DE","@id":"https:\/\/doppelwetten.com\/#\/schema\/logo\/image\/","url":"https:\/\/doppelwetten.com\/wp-content\/uploads\/2021\/05\/google-logo-size.png","contentUrl":"https:\/\/doppelwetten.com\/wp-content\/uploads\/2021\/05\/google-logo-size.png","caption":"DoppelWetten"},"image":{"@id":"https:\/\/doppelwetten.com\/#\/schema\/logo\/image\/"},"sameAs":["https:\/\/twitter.com\/doppelwetten"]}]}},"_links":{"self":[{"href":"https:\/\/doppelwetten.com\/de\/wp-json\/wp\/v2\/pages\/6968"}],"collection":[{"href":"https:\/\/doppelwetten.com\/de\/wp-json\/wp\/v2\/pages"}],"about":[{"href":"https:\/\/doppelwetten.com\/de\/wp-json\/wp\/v2\/types\/page"}],"author":[{"embeddable":true,"href":"https:\/\/doppelwetten.com\/de\/wp-json\/wp\/v2\/users\/1"}],"replies":[{"embeddable":true,"href":"https:\/\/doppelwetten.com\/de\/wp-json\/wp\/v2\/comments?post=6968"}],"version-history":[{"count":5,"href":"https:\/\/doppelwetten.com\/de\/wp-json\/wp\/v2\/pages\/6968\/revisions"}],"predecessor-version":[{"id":14938,"href":"https:\/\/doppelwetten.com\/de\/wp-json\/wp\/v2\/pages\/6968\/revisions\/14938"}],"wp:attachment":[{"href":"https:\/\/doppelwetten.com\/de\/wp-json\/wp\/v2\/media?parent=6968"}],"curies":[{"name":"wp","href":"https:\/\/api.w.org\/{rel}","templated":true}]}}