{"id":6616,"date":"2017-12-24T18:32:37","date_gmt":"2017-12-24T18:32:37","guid":{"rendered":"https:\/\/doppelwetten.com\/disclaimer\/"},"modified":"2021-05-09T22:24:58","modified_gmt":"2021-05-09T22:24:58","slug":"disclaimer","status":"publish","type":"page","link":"https:\/\/doppelwetten.com\/de\/disclaimer\/","title":{"rendered":"Disclaimer"},"content":{"rendered":"<p>Wir versuchen, die Mitgliedsbeitr\u00e4ge so niedrig wie m\u00f6glich zu halten. Eine Seite wie DoppelWetten zu unterhalten, ist jedoch leider mit Kosten verbunden. Daher nutzen wir Affiliate Links zu verschiedenen anderen Seiten, bei denen es ausschlie\u00dflich um Services und Seiten geht, die wir auch selbst nutzen und die Dir dabei helfen k\u00f6nnen, Deinen Profit von Matched Betting zu erh\u00f6hen. Bei DoppelWetten gibt es keine Affiliate Links zu Buchmachern. Unsere einzige Priorit\u00e4t ist es, Dir dabei zu helfen, Geld mit Matched Betting zu verdienen.<\/p>\n<p>Wir w\u00e4ren Dir sehr dankbar, wenn Du Dich \u00fcber die Affiliate Links anmelden w\u00fcrdest, da wir ein kleines Entgelt erhalten, wenn Du Dich anmeldest, ohne dass Dir zus\u00e4tzliche Kosten entstehen. Dadurch hilfst Du uns dabei, unsere Seite zu finanzieren und die Mitgliedschaftsbeitr\u00e4ge niedrig zu halten.<\/p>\n<p>Wir garantieren nicht, dass Du jeden Monat bestimmte Ergebnisse erzielen wirst. Es ist m\u00f6glich, 500\u20ac oder mehr pro Monat zu verdienen. Der Geldbetrag, den Du verdienst, h\u00e4ngt jedoch davon ab, wie viel Zeit und Aufwand Du jeden Monat investierst.<\/p>\n<p>Schlie\u00dflich solltest Du alle Aspekte Deiner Wetten pr\u00fcfen, bevor Du sie platzierst. Wir bem\u00fchen uns zwar stets, sicherzustellen, dass alle Informationen, die auf dieser Seite angegeben werden, korrekt und aktuell sind und tun unser Bestes, um alles zu erkl\u00e4ren und Unterst\u00fctzung zu bieten, wir haften jedoch nicht f\u00fcr Irrt\u00fcmer, und es liegt in Deiner Verantwortung, die Quoten bei dem Buchmacher oder der B\u00f6rse zu pr\u00fcfen, bevor Du eine Wette platzierst. Es liegt in Deiner Verantwortung, Buchmacher zu recherchieren, bevor Du ein Konto er\u00f6ffnest und stets die allgemeinen Gesch\u00e4ftsbedingungen von Buchmacher-Angeboten zu pr\u00fcfen. Buchmacher, die auf dieser Webseite gelistet werden, werden nicht von dieser Seite empfohlen oder gebilligt. Wir sind nicht f\u00fcr Irrt\u00fcmer und daraus resultierende Verluste, die Du evtl. erleidest, weil Du auf dieser Seite gelistete Buchmacher verwendet hast, verantwortlich.<\/p>\n","protected":false},"excerpt":{"rendered":"<p>Wir versuchen, die Mitgliedsbeitr\u00e4ge so niedrig wie m\u00f6glich zu halten. Eine Seite wie DoppelWetten zu unterhalten, ist jedoch leider mit [&hellip;]<\/p>\n","protected":false},"author":1,"featured_media":0,"parent":0,"menu_order":0,"comment_status":"closed","ping_status":"closed","template":"","meta":{"_mi_skip_tracking":false},"yoast_head":"<!-- This site is optimized with the Yoast SEO plugin v19.13 - https:\/\/yoast.com\/wordpress\/plugins\/seo\/ -->\n<title>Disclaimer - DoppelWetten<\/title>\n<meta name=\"robots\" content=\"index, follow, max-snippet:-1, max-image-preview:large, max-video-preview:-1\" \/>\n<link rel=\"canonical\" href=\"https:\/\/doppelwetten.com\/de\/disclaimer\/\" \/>\n<meta property=\"og:locale\" content=\"de_DE\" \/>\n<meta property=\"og:type\" content=\"article\" \/>\n<meta property=\"og:title\" content=\"Disclaimer - DoppelWetten\" \/>\n<meta property=\"og:description\" content=\"Wir versuchen, die Mitgliedsbeitr\u00e4ge so niedrig wie m\u00f6glich zu halten. Eine Seite wie DoppelWetten zu unterhalten, ist jedoch leider mit [&hellip;]\" \/>\n<meta property=\"og:url\" content=\"https:\/\/doppelwetten.com\/de\/disclaimer\/\" \/>\n<meta property=\"og:site_name\" content=\"DoppelWetten\" \/>\n<meta property=\"article:modified_time\" content=\"2021-05-09T22:24:58+00:00\" \/>\n<meta name=\"twitter:card\" content=\"summary_large_image\" \/>\n<meta name=\"twitter:site\" content=\"@doppelwetten\" \/>\n<meta name=\"twitter:label1\" content=\"Gesch\u00e4tzte Lesezeit\" \/>\n\t<meta name=\"twitter:data1\" content=\"2 Minuten\" \/>\n<script type=\"application\/ld+json\" class=\"yoast-schema-graph\">{\"@context\":\"https:\/\/schema.org\",\"@graph\":[{\"@type\":\"WebPage\",\"@id\":\"https:\/\/doppelwetten.com\/de\/disclaimer\/\",\"url\":\"https:\/\/doppelwetten.com\/de\/disclaimer\/\",\"name\":\"Disclaimer - DoppelWetten\",\"isPartOf\":{\"@id\":\"https:\/\/doppelwetten.com\/#website\"},\"datePublished\":\"2017-12-24T18:32:37+00:00\",\"dateModified\":\"2021-05-09T22:24:58+00:00\",\"breadcrumb\":{\"@id\":\"https:\/\/doppelwetten.com\/de\/disclaimer\/#breadcrumb\"},\"inLanguage\":\"de-DE\",\"potentialAction\":[{\"@type\":\"ReadAction\",\"target\":[\"https:\/\/doppelwetten.com\/de\/disclaimer\/\"]}]},{\"@type\":\"BreadcrumbList\",\"@id\":\"https:\/\/doppelwetten.com\/de\/disclaimer\/#breadcrumb\",\"itemListElement\":[{\"@type\":\"ListItem\",\"position\":1,\"name\":\"Home\",\"item\":\"https:\/\/doppelwetten.com\/de\/\"},{\"@type\":\"ListItem\",\"position\":2,\"name\":\"Disclaimer\"}]},{\"@type\":\"WebSite\",\"@id\":\"https:\/\/doppelwetten.com\/#website\",\"url\":\"https:\/\/doppelwetten.com\/\",\"name\":\"DoppelWetten\",\"description\":\"risikolosen Wetten (Schritt f\u00fcr Schritt)\",\"publisher\":{\"@id\":\"https:\/\/doppelwetten.com\/#organization\"},\"potentialAction\":[{\"@type\":\"SearchAction\",\"target\":{\"@type\":\"EntryPoint\",\"urlTemplate\":\"https:\/\/doppelwetten.com\/?s={search_term_string}\"},\"query-input\":\"required name=search_term_string\"}],\"inLanguage\":\"de-DE\"},{\"@type\":\"Organization\",\"@id\":\"https:\/\/doppelwetten.com\/#organization\",\"name\":\"DoppelWetten\",\"url\":\"https:\/\/doppelwetten.com\/\",\"logo\":{\"@type\":\"ImageObject\",\"inLanguage\":\"de-DE\",\"@id\":\"https:\/\/doppelwetten.com\/#\/schema\/logo\/image\/\",\"url\":\"https:\/\/doppelwetten.com\/wp-content\/uploads\/2021\/05\/google-logo-size.png\",\"contentUrl\":\"https:\/\/doppelwetten.com\/wp-content\/uploads\/2021\/05\/google-logo-size.png\",\"caption\":\"DoppelWetten\"},\"image\":{\"@id\":\"https:\/\/doppelwetten.com\/#\/schema\/logo\/image\/\"},\"sameAs\":[\"https:\/\/twitter.com\/doppelwetten\"]}]}<\/script>\n<!-- \/ Yoast SEO plugin. -->","yoast_head_json":{"title":"Disclaimer - DoppelWetten","robots":{"index":"index","follow":"follow","max-snippet":"max-snippet:-1","max-image-preview":"max-image-preview:large","max-video-preview":"max-video-preview:-1"},"canonical":"https:\/\/doppelwetten.com\/de\/disclaimer\/","og_locale":"de_DE","og_type":"article","og_title":"Disclaimer - DoppelWetten","og_description":"Wir versuchen, die Mitgliedsbeitr\u00e4ge so niedrig wie m\u00f6glich zu halten. Eine Seite wie DoppelWetten zu unterhalten, ist jedoch leider mit [&hellip;]","og_url":"https:\/\/doppelwetten.com\/de\/disclaimer\/","og_site_name":"DoppelWetten","article_modified_time":"2021-05-09T22:24:58+00:00","twitter_card":"summary_large_image","twitter_site":"@doppelwetten","twitter_misc":{"Gesch\u00e4tzte Lesezeit":"2 Minuten"},"schema":{"@context":"https:\/\/schema.org","@graph":[{"@type":"WebPage","@id":"https:\/\/doppelwetten.com\/de\/disclaimer\/","url":"https:\/\/doppelwetten.com\/de\/disclaimer\/","name":"Disclaimer - DoppelWetten","isPartOf":{"@id":"https:\/\/doppelwetten.com\/#website"},"datePublished":"2017-12-24T18:32:37+00:00","dateModified":"2021-05-09T22:24:58+00:00","breadcrumb":{"@id":"https:\/\/doppelwetten.com\/de\/disclaimer\/#breadcrumb"},"inLanguage":"de-DE","potentialAction":[{"@type":"ReadAction","target":["https:\/\/doppelwetten.com\/de\/disclaimer\/"]}]},{"@type":"BreadcrumbList","@id":"https:\/\/doppelwetten.com\/de\/disclaimer\/#breadcrumb","itemListElement":[{"@type":"ListItem","position":1,"name":"Home","item":"https:\/\/doppelwetten.com\/de\/"},{"@type":"ListItem","position":2,"name":"Disclaimer"}]},{"@type":"WebSite","@id":"https:\/\/doppelwetten.com\/#website","url":"https:\/\/doppelwetten.com\/","name":"DoppelWetten","description":"risikolosen Wetten (Schritt f\u00fcr Schritt)","publisher":{"@id":"https:\/\/doppelwetten.com\/#organization"},"potentialAction":[{"@type":"SearchAction","target":{"@type":"EntryPoint","urlTemplate":"https:\/\/doppelwetten.com\/?s={search_term_string}"},"query-input":"required name=search_term_string"}],"inLanguage":"de-DE"},{"@type":"Organization","@id":"https:\/\/doppelwetten.com\/#organization","name":"DoppelWetten","url":"https:\/\/doppelwetten.com\/","logo":{"@type":"ImageObject","inLanguage":"de-DE","@id":"https:\/\/doppelwetten.com\/#\/schema\/logo\/image\/","url":"https:\/\/doppelwetten.com\/wp-content\/uploads\/2021\/05\/google-logo-size.png","contentUrl":"https:\/\/doppelwetten.com\/wp-content\/uploads\/2021\/05\/google-logo-size.png","caption":"DoppelWetten"},"image":{"@id":"https:\/\/doppelwetten.com\/#\/schema\/logo\/image\/"},"sameAs":["https:\/\/twitter.com\/doppelwetten"]}]}},"_links":{"self":[{"href":"https:\/\/doppelwetten.com\/de\/wp-json\/wp\/v2\/pages\/6616"}],"collection":[{"href":"https:\/\/doppelwetten.com\/de\/wp-json\/wp\/v2\/pages"}],"about":[{"href":"https:\/\/doppelwetten.com\/de\/wp-json\/wp\/v2\/types\/page"}],"author":[{"embeddable":true,"href":"https:\/\/doppelwetten.com\/de\/wp-json\/wp\/v2\/users\/1"}],"replies":[{"embeddable":true,"href":"https:\/\/doppelwetten.com\/de\/wp-json\/wp\/v2\/comments?post=6616"}],"version-history":[{"count":6,"href":"https:\/\/doppelwetten.com\/de\/wp-json\/wp\/v2\/pages\/6616\/revisions"}],"predecessor-version":[{"id":25120,"href":"https:\/\/doppelwetten.com\/de\/wp-json\/wp\/v2\/pages\/6616\/revisions\/25120"}],"wp:attachment":[{"href":"https:\/\/doppelwetten.com\/de\/wp-json\/wp\/v2\/media?parent=6616"}],"curies":[{"name":"wp","href":"https:\/\/api.w.org\/{rel}","templated":true}]}}