{"id":6355,"date":"2017-12-03T12:21:52","date_gmt":"2017-12-03T12:21:52","guid":{"rendered":"https:\/\/doppelwetten.com\/get-started\/"},"modified":"2022-01-05T01:21:39","modified_gmt":"2022-01-05T01:21:39","slug":"matched-betting-deutschland-2","status":"publish","type":"page","link":"https:\/\/doppelwetten.com\/de\/matched-betting-deutschland-2\/","title":{"rendered":"Was ist Matched Betting?"},"content":{"rendered":"\r\n<h1>\r\n\t\tWas ist Matched Betting\r\n\t<\/h1>\r\n\t<p>Mit Matched Betting verwandelst Du Freiwetten und Promotionsangebote von Buchmachern zu Cash.<\/p>\r\n<p>Dieser Technik liegt Mathematik zugrunde, nicht Gl\u00fcck oder Zufall, wodurch Risiko eliminiert wird.<\/p>\r\n<p>Alle Berechnungen werden von unseren speziell entwickelten Tools und Rechnern durchgef\u00fchrt.<\/p>\r\n<p>Matched Betting ist, als w\u00fcrdest Du im Supermarkt nur die Produkte kaufen, die gerade im Angebot sind.<\/p>\r\n\t<img loading=\"lazy\" src=\"https:\/\/doppelwetten.com\/wp-content\/uploads\/2021\/05\/174-edited-1-1024x527.jpg\" alt=\"\" width=\"1024\" height=\"527\" \/>\r\n<a href=\"https:\/\/doppelwetten.com\/de\/free-trial\">Los geht&#8217;s<\/a>\r\n\t<h2>Ist Matched Betting legal?<\/h2>\r\n<p><img loading=\"lazy\" src=\"https:\/\/doppelwetten.com\/wp-content\/uploads\/2018\/07\/dreamstime_xxl_109901122-compressor.jpg\" alt=\"Extraeinkommen\" width=\"327\" height=\"181\" \/><\/p>\r\n<p>Ja, <strong>Matched Betting ist legal<\/strong> in Deutschland. Du musst \u00fcber 18 Jahre alt sein, um wetten zu d\u00fcrfen.<\/p>\r\n<p>Sportwetten sind in den letzten Jahren in Deutschland immer beliebter geworden.<\/p>\r\n<p><strong>Die Grundlage des Matched Betting ist, zwei Wetten statt einer zu setzen<\/strong>.<\/p>\r\n<p>Die Wettbranche hat best\u00e4tigt, dass es keinen illegalen Bestandteil beim Matched Betting gibt.<\/p>\r\n<p>In einem Artikel der Britischen Zeitung <a href=\"https:\/\/www.telegraph.co.uk\/finance\/personalfinance\/money-saving-tips\/8185280\/Is-this-a-bet-you-cant-lose.html\" class=\"broken_link\">The Telegraph<\/a> sagt Graham Sharpe, Sprecher f\u00fcr William Hill, dass die Branche kein Problem mit Matched Betting habe. Es habe keinerlei illegalen Bezug. Es sei eine Freiwette und damit k\u00f6nne man machen, was man wolle.<\/p>\r\nSogar das <a href=\"https:\/\/www.handelsblatt.com\/unternehmen\/handel-konsumgueter\/matched-betting-so-bringen-clevere-spieler-die-sportwettenanbieter-in-probleme\/23135758.html?ticket=ST-5335-TE7oeaRibYOwRmPwZrzt-ap4\">Handelsblatt<\/a> berichtet, dass immer mehr Menschen in Deutschland mit Matched Betting Geld online verdienen.\r\n<p>&nbsp;<\/p>\r\n<h2>Ach komm! Was wird hier verheimlicht?<\/h2>\r\n<p>Es ist legal. Es ist risikofrei. Tausende von Leuten verdienen sich damit Geld.<\/p>\r\n<p><strong>Das h\u00f6rt sich doch einfach zu gut an. Warum habe ich noch nie davon geh\u00f6rt?<\/strong><\/p>\r\n<p><strong>Warum macht denn nicht jeder Matched Betting? <\/strong><\/p>\r\n<p>Es gibt einige Gr\u00fcnde, warum jemand nicht mit Matched Betting anfangen m\u00f6chte. Hier sind die 5 scheinbar h\u00e4ufigsten Gr\u00fcnde.<\/p>\r\n<i class=\"icon-circle hb-icon-float-left hb-icon-small hb-icon\" style=\"color:#0099ff\"><\/i>Es h\u00f6rt sich einfach zu gut an, um wahr zu sein. Und weil der Mensch von Natur aus Skeptiker ist, widmet er sich dem Thema nicht weiter und stempelt das Ganze einfach als Betrug ab.<\/p>\r\n<i class=\"icon-circle hb-icon-float-left hb-icon-small hb-icon\" style=\"color:#0099ff\"><\/i>Das Konzept des Matched Betting zu verstehen, ist nicht ganz einfach, besonders wenn man kein Sportfan ist oder noch nie eine Wette platziert hat.<\/p>\r\n<i class=\"icon-circle hb-icon-float-left hb-icon-small hb-icon\" style=\"color:#0099ff\"><\/i>Leider sind Sportwetten mit einem Stigma behaftet, was vielleicht manche Leute fernh\u00e4lt.<\/p>\r\n<i class=\"icon-circle hb-icon-float-left hb-icon-small hb-icon\" style=\"color:#0099ff\"><\/i>Geld zu verlieren ist ein hoher Angstfaktor. Aber bei Matched Betting Deutschland ist das nicht m\u00f6glich, denn man wettet auf alle Ergebnisse eines Spiels.<\/p>\r\n<p><strong>Aber dies ist wohl der Hauptgrund:<\/strong><\/p>\r\n<i class=\"icon-circle hb-icon-float-left hb-icon-small hb-icon\" style=\"color:#0099ff\"><\/i>Mit Matched Betting wird man nicht \u00fcber Nacht reich. Die meisten Leute wollen Geld verdienen, ohne daf\u00fcr arbeiten zu m\u00fcssen.<\/p>\r\n<p>Es gibt wahrscheinlich noch zahlreiche andere Gr\u00fcnde, dies sind jedoch die Hauptgr\u00fcnde, die mir bekannt sind.<\/p>\r\n<h2>\u2192 Geld verdienen mit Matched Betting\u00a0Wachsende Beliebtheit<\/h2>\r\n<p>Die unten stehende Kurve von Google Trends zeigt, wie sehr Matched Betting an Popularit\u00e4t gewonnen hat.<\/p>\r\n<p><img loading=\"lazy\" src=\"https:\/\/doppelwetten.com\/wp-content\/uploads\/2021\/01\/matched-betting-graph.png\" alt=\"\" width=\"1435\" height=\"485\" \/><\/p>\r\n<p><strong>Warum das wichtig ist?<\/strong><\/p>\r\n<p>Es best\u00e4tigt, dass Matched Betting funktioniert und dass sich gute Neuigkeiten verbreiten.<\/p>\r\n<p>Jetzt kannst auch Du online Geld verdienen.<\/p>\r\n<p><a href=\"https:\/\/doppelwetten.com\/de\/free-trial\">Ich m\u00f6chte Geld verdienen<\/a><\/p>\r\n<p>&nbsp;<\/p>\r\n<h2>Ist Matched Betting Gl\u00fccksspiel?<\/h2>\r\n<p><strong>Nein, Matched Betting hat nichts mit traditionellem Wetten zu tun<\/strong>; obwohl das Wort \u201ebetting&#8220; das nahelegt. Wir hier bei DoppelWetten ermutigen niemanden zum Wetten und m\u00f6chten auf keinen Fall zum Gl\u00fccksspiel auffordern. Lasst die Finger davon!<\/p>\r\n<p>Denn: Beim Wetten setzt man auf Risiko und hofft, dass das Gl\u00fcck einem zur Seite steht. Verliert die Wette, verliert man auch seinen Einsatz.<\/p>\r\n<p><strong>Das Konzept beim Matched Betting ist es, Risiko zu entfernen.<\/strong><\/p>\r\n<p>Das Risiko wird eliminiert, indem man auf alle Ergebnisse, z. B. eines Fu\u00dfballspiels, setzt.<\/p>\r\n<p>V\u00f6llig egal, welches Team am Ende gewinnt, oder ob das Spiel unentschieden ausgeht, eine der Wetten gewinnt auf jeden Fall.<\/p>\r\n<p>Sogar der Buchmacher <a href=\"http:\/\/www.safeurl.co.uk\/redirect.aspx?url=https:\/\/www.nordicbet.com\/de\/web\/PopUpWindows\/Terms.aspx\">Nordicbet<\/a> best\u00e4tigt in seinen AGBs, dass <strong>Matched Betting nicht mit Risiko verbunden ist.<\/strong><\/p>\r\n<p>\u201e12.5 Doppelseitige Wetten (<strong>Matched Bets<\/strong>, d. h. das teilweise Setzen auf verschiedene Ergebnisse in der gleichen Hand, um\u00a0<strong>ohne Risiko <\/strong>eine Aktion durchzuf\u00fchren) tragen in keinem Spiel zur Erf\u00fcllung dieser Mindesteinsatzanforderungen bei.&#8220; Nordicbet AGBs (V.1 vom 18 Januar 2016).<\/p>\r\n<h2>Wie viel Geld kann ich mit Matched Betting verdienen?<\/h2>\r\n<p>Es ist durchaus m\u00f6glich, 500\u20ac oder mehr pro Monat beim Matched Betting zu verdienen.<\/p>\r\n<p>Um Dir einen Eindruck der Boni zu verschaffen, die verf\u00fcgbar sind, wenn Du Dich bei neuen Buchmachern anmeldest, sieh Dir einen Screenshot von unserer Liste an Buchmacher-Neukundenangeboten an.<\/p>\r\n<p>Wir haben zur Zeit 59 Buchmacher auf unserer Liste, und bei jedem gibt es einen Schritt-f\u00fcr-Schritt Leitfaden, der Dir zeigt, wie Du von dem Angebot profitieren kannst.<\/p>\r\n<p><strong>Es gibt \u00fcber 6.000<\/strong><strong>\u20ac in Neukunden-Boni, und das ist erst der Anfang&#8230;<\/strong><\/p>\r\n<div class=\"hb-box-frame\"><span><a href=\"https:\/\/doppelwetten.com\/wp-content\/uploads\/2019\/05\/offer-guide-de.jpg\" rel=\"prettyPhoto\" data-title=\"\"><img src=\"https:\/\/doppelwetten.com\/wp-content\/uploads\/2019\/05\/offer-guide-de.jpg\" width=\"\" height=\"\" alt=\"Bild\"\/><div class=\"overlay\"><div class=\"plus-sign\"><\/div><\/div><\/a><\/span><\/div>\r\n<h2>Buchmacherangebote f\u00fcr Bestandskunden<\/h2>\r\n<p><strong>Und wei\u00dft Du, was das Beste ist?<\/strong><\/p>\r\n<p>Die Neukundenangebote sind erst der Anfang. Weiter geht es mit Angeboten f\u00fcr Bestandskunden.<\/p>\r\n<p>Als Bestandskunde bekommt man regelm\u00e4\u00dfig Promotionsangebote direkt vom Buchmacher.<\/p>\r\n<p>In unserem Newsletter zeigen wir w\u00f6chentlich die besten Angebote auf; hier ein paar Beispiele:<\/p>\r\n<i class=\"icon-arrow-right hb-icon-float-left hb-icon-small hb-icon\" style=\"color:#0099ff\"><\/i>Angebote Und Bonusse Diese Woche Im Wert Von \u20ac250<\/p>\r\n<i class=\"icon-arrow-right hb-icon-float-left hb-icon-small hb-icon\" style=\"color:#0099ff\"><\/i>50\u20ac Mit Freiwetten, 25\u20ac Extra-Guthaben Zu Verdienen<\/p>\r\n<i class=\"icon-arrow-right hb-icon-float-left hb-icon-small hb-icon\" style=\"color:#0099ff\"><\/i>\u20ac85 In Freiwetten Und \u20ac80 Als Bonus Verdienen<\/p>\r\n<p>Zus\u00e4tzlich gibt es auf DoppelWetten hilfreiche Matched Betting Blog-Beitr\u00e4ge. Diese helfen Dir, einen h\u00f6chstm\u00f6glichen Gewinn zu erzielen. Zum Beispiel \u201e<a href=\"https:\/\/doppelwetten.com\/de\/177-champions-league-verdient-hier-die-erklarung\/\">Wie ich 177\u20ac mit dem Champions League Finale verdient habe.<\/a>&#8220; <strong>\u00dcbrigens, mit der WM habe ich 1015\u20ac eingefahren.<\/strong><\/p>\r\n<h2><strong>Was brauche ich, um mit Matched Betting anzufangen?<\/strong><\/h2>\r\n<div class=\"shortcode-wrapper shortcode-blog-boxes\"><div class=\"hb-flipbox-container flip-horizontal\" style=\"height:1px; height:350px\">      <div class=\"hb-flipbox-flipper\"><div class=\"hb-flipbox-front \" style=\"background-color: #bf5d52;\" > <div class=\"hb-flipbox-content\"> <div class=\"front-icon\"><i class=\"hb-moon-vcard\" style=\"font-size:64px; color:#eaeaea;\"><\/i><\/div>       <h4 class=\"modern\" style=\"font-size:28px; color:#eaeaea;\">Mindest-alter 18<\/h4>       <div class=\"front-desc\" style=\"font-size:inherit; color:inherit;\"><\/div> <\/div><\/div><div class=\"hb-flipbox-back\" style=\"background-color: #5b6c7d;\">  <div class=\"hb-flipbox-content\">        <h4 class=\"modern\" style=\"font-size:18px; color:#eaeaea;\">Mindestalter 18<\/h4>        <div class=\"back-desc\" style=\"font-size:inherit; color:#eaeaea; \">Du musst mindestens 18 Jahre alt sein, um bei Buchmachern Wetten abschlie\u00dfen zu d\u00fcrfen.<\/div>  <\/div><\/div>            <div class=\"clearboth\"><\/div>      <\/div><\/div><\/div>\r\n<div class=\"shortcode-wrapper shortcode-blog-boxes\"><div class=\"hb-flipbox-container flip-horizontal\" style=\"height:1px; height:350px\">      <div class=\"hb-flipbox-flipper\"><div class=\"hb-flipbox-front \" style=\"background-color: #bf5d52;\" > <div class=\"hb-flipbox-content\"> <div class=\"front-icon\"><i class=\"icon-eur\" style=\"font-size:56px; color:#eaeaea;\"><\/i><\/div>       <h4 class=\"modern\" style=\"font-size:28px; color:#eaeaea;\">Start-kapital<\/h4>       <div class=\"front-desc\" style=\"font-size:inherit; color:inherit;\"><\/div> <\/div><\/div><div class=\"hb-flipbox-back\" style=\"background-color: #5b6c7d;\">  <div class=\"hb-flipbox-content\">        <h4 class=\"modern\" style=\"font-size:18px; color:#eaeaea;\">Start-kapital<\/h4>        <div class=\"back-desc\" style=\"font-size:inherit; color:#eaeaea; \">Die Summe, die Du zu Beginn brauchst. Mit 30\u20ac anzufangen, ist OK, DoppelWetten schl\u00e4gt aber eher ein Startkapital von 300\u20ac vor.<\/div>  <\/div><\/div>            <div class=\"clearboth\"><\/div>      <\/div><\/div><\/div>\r\n<div class=\"shortcode-wrapper shortcode-blog-boxes\"><div class=\"hb-flipbox-container flip-horizontal\" style=\"height:1px; height:350px\">      <div class=\"hb-flipbox-flipper\"><div class=\"hb-flipbox-front \" style=\"background-color: #bf5d52;\" > <div class=\"hb-flipbox-content\"> <div class=\"front-icon\"><i class=\"hb-moon-screen\" style=\"font-size:56px; color:#eaeaea;\"><\/i><\/div>       <h4 class=\"modern\" style=\"font-size:28px; color:#eaeaea;\">PC und Internet<\/h4>       <div class=\"front-desc\" style=\"font-size:inherit; color:inherit;\"><\/div> <\/div><\/div><div class=\"hb-flipbox-back\" style=\"background-color: #5b6c7d;\">  <div class=\"hb-flipbox-content\">        <h4 class=\"modern\" style=\"font-size:18px; color:#eaeaea;\">PC und Internet<\/h4>        <div class=\"back-desc\" style=\"font-size:inherit; color:#eaeaea; \">Einen Laptop oder PC mit Internetzugang. Mit Tablet oder Handy geht es zwar auch, aber einfacher ist es auf einem gr\u00f6\u00dferen Bildschirm.<\/div>  <\/div><\/div>            <div class=\"clearboth\"><\/div>      <\/div><\/div><\/div>\r\n<div class=\"shortcode-wrapper shortcode-blog-boxes\"><div class=\"hb-flipbox-container flip-horizontal\" style=\"height:1px; height:350px\">      <div class=\"hb-flipbox-flipper\"><div class=\"hb-flipbox-front \" style=\"background-color: #bf5d52;\" > <div class=\"hb-flipbox-content\"> <div class=\"front-icon\"><i class=\"icon-time\" style=\"font-size:56px; color:#eaeaea;\"><\/i><\/div>       <h4 class=\"modern\" style=\"font-size:28px; color:#eaeaea;\">Zeit und Geduld<\/h4>       <div class=\"front-desc\" style=\"font-size:inherit; color:inherit;\"><\/div> <\/div><\/div><div class=\"hb-flipbox-back\" style=\"background-color: #5b6c7d;\">  <div class=\"hb-flipbox-content\">        <h4 class=\"modern\" style=\"font-size:18px; color:#eaeaea;\">Zeit und Geduld<\/h4>        <div class=\"back-desc\" style=\"font-size:inherit; color:#eaeaea; \">Zu Beginn Zeit und auch ein wenig Geduld. Nicht aufgeben. Es wird die M\u00fche wert sein.<\/div>  <\/div><\/div>            <div class=\"clearboth\"><\/div>      <\/div><\/div><\/div>\r\n<h2>Wie fange ich mit Matched Betting an?<\/h2>\r\n<p>Ganz einfach. Du klickst auf den Button unten.<\/p>\r\n<p><a href=\"https:\/\/doppelwetten.com\/de\/free-trial\">Los Geht&#8217;s<\/a><\/p>\r\n\r\n","protected":false},"excerpt":{"rendered":"<p>Was ist Matched Betting Mit Matched Betting verwandelst Du Freiwetten und Promotionsangebote von Buchmachern zu Cash. Dieser Technik liegt Mathematik [&hellip;]<\/p>\n","protected":false},"author":1,"featured_media":0,"parent":0,"menu_order":0,"comment_status":"closed","ping_status":"closed","template":"","meta":{"_mi_skip_tracking":false},"yoast_head":"<!-- This site is optimized with the Yoast SEO plugin v19.13 - https:\/\/yoast.com\/wordpress\/plugins\/seo\/ -->\n<title>Online Geld verdienen mit Matched Betting Deutschland (2022)<\/title>\n<meta name=\"description\" content=\"Die Matched Betting Experten im deutschsprachigen Raum. Erstklassiger Support, unschlagbare Tools und eine fantastische Community.\" \/>\n<meta name=\"robots\" content=\"index, follow, max-snippet:-1, max-image-preview:large, max-video-preview:-1\" \/>\n<link rel=\"canonical\" href=\"https:\/\/doppelwetten.com\/de\/matched-betting-deutschland-2\/\" \/>\n<meta property=\"og:locale\" content=\"de_DE\" \/>\n<meta property=\"og:type\" content=\"article\" \/>\n<meta property=\"og:title\" content=\"Online Geld verdienen mit Matched Betting Deutschland (2022)\" \/>\n<meta property=\"og:description\" content=\"Die Matched Betting Experten im deutschsprachigen Raum. Erstklassiger Support, unschlagbare Tools und eine fantastische Community.\" \/>\n<meta property=\"og:url\" content=\"https:\/\/doppelwetten.com\/de\/matched-betting-deutschland-2\/\" \/>\n<meta property=\"og:site_name\" content=\"DoppelWetten\" \/>\n<meta property=\"article:modified_time\" content=\"2022-01-05T01:21:39+00:00\" \/>\n<meta property=\"og:image\" content=\"https:\/\/doppelwetten.com\/wp-content\/uploads\/2021\/05\/174-edited-1-1024x527.jpg\" \/>\n<meta name=\"twitter:card\" content=\"summary_large_image\" \/>\n<meta name=\"twitter:site\" content=\"@doppelwetten\" \/>\n<meta name=\"twitter:label1\" content=\"Gesch\u00e4tzte Lesezeit\" \/>\n\t<meta name=\"twitter:data1\" content=\"6 Minuten\" \/>\n<script type=\"application\/ld+json\" class=\"yoast-schema-graph\">{\"@context\":\"https:\/\/schema.org\",\"@graph\":[{\"@type\":\"WebPage\",\"@id\":\"https:\/\/doppelwetten.com\/de\/matched-betting-deutschland-2\/\",\"url\":\"https:\/\/doppelwetten.com\/de\/matched-betting-deutschland-2\/\",\"name\":\"Online Geld verdienen mit Matched Betting Deutschland (2022)\",\"isPartOf\":{\"@id\":\"https:\/\/doppelwetten.com\/#website\"},\"datePublished\":\"2017-12-03T12:21:52+00:00\",\"dateModified\":\"2022-01-05T01:21:39+00:00\",\"description\":\"Die Matched Betting Experten im deutschsprachigen Raum. Erstklassiger Support, unschlagbare Tools und eine fantastische Community.\",\"breadcrumb\":{\"@id\":\"https:\/\/doppelwetten.com\/de\/matched-betting-deutschland-2\/#breadcrumb\"},\"inLanguage\":\"de-DE\",\"potentialAction\":[{\"@type\":\"ReadAction\",\"target\":[\"https:\/\/doppelwetten.com\/de\/matched-betting-deutschland-2\/\"]}]},{\"@type\":\"BreadcrumbList\",\"@id\":\"https:\/\/doppelwetten.com\/de\/matched-betting-deutschland-2\/#breadcrumb\",\"itemListElement\":[{\"@type\":\"ListItem\",\"position\":1,\"name\":\"Home\",\"item\":\"https:\/\/doppelwetten.com\/de\/\"},{\"@type\":\"ListItem\",\"position\":2,\"name\":\"Was ist Matched Betting?\"}]},{\"@type\":\"WebSite\",\"@id\":\"https:\/\/doppelwetten.com\/#website\",\"url\":\"https:\/\/doppelwetten.com\/\",\"name\":\"DoppelWetten\",\"description\":\"risikolosen Wetten (Schritt f\u00fcr Schritt)\",\"publisher\":{\"@id\":\"https:\/\/doppelwetten.com\/#organization\"},\"potentialAction\":[{\"@type\":\"SearchAction\",\"target\":{\"@type\":\"EntryPoint\",\"urlTemplate\":\"https:\/\/doppelwetten.com\/?s={search_term_string}\"},\"query-input\":\"required name=search_term_string\"}],\"inLanguage\":\"de-DE\"},{\"@type\":\"Organization\",\"@id\":\"https:\/\/doppelwetten.com\/#organization\",\"name\":\"DoppelWetten\",\"url\":\"https:\/\/doppelwetten.com\/\",\"logo\":{\"@type\":\"ImageObject\",\"inLanguage\":\"de-DE\",\"@id\":\"https:\/\/doppelwetten.com\/#\/schema\/logo\/image\/\",\"url\":\"https:\/\/doppelwetten.com\/wp-content\/uploads\/2021\/05\/google-logo-size.png\",\"contentUrl\":\"https:\/\/doppelwetten.com\/wp-content\/uploads\/2021\/05\/google-logo-size.png\",\"caption\":\"DoppelWetten\"},\"image\":{\"@id\":\"https:\/\/doppelwetten.com\/#\/schema\/logo\/image\/\"},\"sameAs\":[\"https:\/\/twitter.com\/doppelwetten\"]}]}<\/script>\n<!-- \/ Yoast SEO plugin. -->","yoast_head_json":{"title":"Online Geld verdienen mit Matched Betting Deutschland (2022)","description":"Die Matched Betting Experten im deutschsprachigen Raum. Erstklassiger Support, unschlagbare Tools und eine fantastische Community.","robots":{"index":"index","follow":"follow","max-snippet":"max-snippet:-1","max-image-preview":"max-image-preview:large","max-video-preview":"max-video-preview:-1"},"canonical":"https:\/\/doppelwetten.com\/de\/matched-betting-deutschland-2\/","og_locale":"de_DE","og_type":"article","og_title":"Online Geld verdienen mit Matched Betting Deutschland (2022)","og_description":"Die Matched Betting Experten im deutschsprachigen Raum. Erstklassiger Support, unschlagbare Tools und eine fantastische Community.","og_url":"https:\/\/doppelwetten.com\/de\/matched-betting-deutschland-2\/","og_site_name":"DoppelWetten","article_modified_time":"2022-01-05T01:21:39+00:00","og_image":[{"url":"https:\/\/doppelwetten.com\/wp-content\/uploads\/2021\/05\/174-edited-1-1024x527.jpg"}],"twitter_card":"summary_large_image","twitter_site":"@doppelwetten","twitter_misc":{"Gesch\u00e4tzte Lesezeit":"6 Minuten"},"schema":{"@context":"https:\/\/schema.org","@graph":[{"@type":"WebPage","@id":"https:\/\/doppelwetten.com\/de\/matched-betting-deutschland-2\/","url":"https:\/\/doppelwetten.com\/de\/matched-betting-deutschland-2\/","name":"Online Geld verdienen mit Matched Betting Deutschland (2022)","isPartOf":{"@id":"https:\/\/doppelwetten.com\/#website"},"datePublished":"2017-12-03T12:21:52+00:00","dateModified":"2022-01-05T01:21:39+00:00","description":"Die Matched Betting Experten im deutschsprachigen Raum. Erstklassiger Support, unschlagbare Tools und eine fantastische Community.","breadcrumb":{"@id":"https:\/\/doppelwetten.com\/de\/matched-betting-deutschland-2\/#breadcrumb"},"inLanguage":"de-DE","potentialAction":[{"@type":"ReadAction","target":["https:\/\/doppelwetten.com\/de\/matched-betting-deutschland-2\/"]}]},{"@type":"BreadcrumbList","@id":"https:\/\/doppelwetten.com\/de\/matched-betting-deutschland-2\/#breadcrumb","itemListElement":[{"@type":"ListItem","position":1,"name":"Home","item":"https:\/\/doppelwetten.com\/de\/"},{"@type":"ListItem","position":2,"name":"Was ist Matched Betting?"}]},{"@type":"WebSite","@id":"https:\/\/doppelwetten.com\/#website","url":"https:\/\/doppelwetten.com\/","name":"DoppelWetten","description":"risikolosen Wetten (Schritt f\u00fcr Schritt)","publisher":{"@id":"https:\/\/doppelwetten.com\/#organization"},"potentialAction":[{"@type":"SearchAction","target":{"@type":"EntryPoint","urlTemplate":"https:\/\/doppelwetten.com\/?s={search_term_string}"},"query-input":"required name=search_term_string"}],"inLanguage":"de-DE"},{"@type":"Organization","@id":"https:\/\/doppelwetten.com\/#organization","name":"DoppelWetten","url":"https:\/\/doppelwetten.com\/","logo":{"@type":"ImageObject","inLanguage":"de-DE","@id":"https:\/\/doppelwetten.com\/#\/schema\/logo\/image\/","url":"https:\/\/doppelwetten.com\/wp-content\/uploads\/2021\/05\/google-logo-size.png","contentUrl":"https:\/\/doppelwetten.com\/wp-content\/uploads\/2021\/05\/google-logo-size.png","caption":"DoppelWetten"},"image":{"@id":"https:\/\/doppelwetten.com\/#\/schema\/logo\/image\/"},"sameAs":["https:\/\/twitter.com\/doppelwetten"]}]}},"_links":{"self":[{"href":"https:\/\/doppelwetten.com\/de\/wp-json\/wp\/v2\/pages\/6355"}],"collection":[{"href":"https:\/\/doppelwetten.com\/de\/wp-json\/wp\/v2\/pages"}],"about":[{"href":"https:\/\/doppelwetten.com\/de\/wp-json\/wp\/v2\/types\/page"}],"author":[{"embeddable":true,"href":"https:\/\/doppelwetten.com\/de\/wp-json\/wp\/v2\/users\/1"}],"replies":[{"embeddable":true,"href":"https:\/\/doppelwetten.com\/de\/wp-json\/wp\/v2\/comments?post=6355"}],"version-history":[{"count":6,"href":"https:\/\/doppelwetten.com\/de\/wp-json\/wp\/v2\/pages\/6355\/revisions"}],"predecessor-version":[{"id":27351,"href":"https:\/\/doppelwetten.com\/de\/wp-json\/wp\/v2\/pages\/6355\/revisions\/27351"}],"wp:attachment":[{"href":"https:\/\/doppelwetten.com\/de\/wp-json\/wp\/v2\/media?parent=6355"}],"curies":[{"name":"wp","href":"https:\/\/api.w.org\/{rel}","templated":true}]}}