{"id":6348,"date":"2017-12-03T12:19:47","date_gmt":"2017-12-03T12:19:47","guid":{"rendered":"https:\/\/doppelwetten.com\/launching-page\/"},"modified":"2023-02-09T07:25:25","modified_gmt":"2023-02-09T07:25:25","slug":"matched-betting-deutschland","status":"publish","type":"page","link":"https:\/\/doppelwetten.com\/de\/","title":{"rendered":"Doppelwetten"},"content":{"rendered":"\n<h1>\n\t\tDoppelwetten ist jetzt NinjaBet!\n\t<\/h1>\n\t<p>Unsere Mitglieder verdienen regelm\u00e4\u00dfig mehr als 500\u20ac im Monat.<\/p>\n\t<p><strong>Willst Du auch dabei sein?<\/strong><\/p>\n\t<section>\n<ul>\n<li><a href=\"https:\/\/www.ninja-bet.de?aff=48072\" target=\"_blank\" rel=\"noopener\">KOSTENLOS AUSPROBIEREN<\/a><\/li>\n<\/ul>\n<\/section>\n<section><!-- TrustBox widget - Starter --><\/section>\n<a href=\"https:\/\/uk.trustpilot.com\/review\/doppelwetten.com\" target=\"_blank\" rel=\"noopener\">Trustpilot<\/a>\n<p><!-- End TrustBox widget --><\/p>\n<h1>\n\t\tWas ist Matched Betting?\n\t<\/h1>\n<p>Mit Matched Betting verwandelst Du Freiwetten und Boni von Buchmachern in Bargeld.<\/p>\n<p>Matched Betting ist kein Gl\u00fccksspiel. Es beruht auf mathematischen Formeln, nicht Gl\u00fcck, und es ist risikofrei.<\/p>\n<p>Der Prozess ist einfach, und unsere speziellen Tools t\u00e4tigen s\u00e4mtliche Berechnungen f\u00fcr Dich.<\/p>\n<p>Matched Betting ist wie in einen Laden gehen und nur Artikel kaufen, die im Angebot sind.<\/p>\n\t\t\t\t\t\t\t<iframe loading=\"lazy\" width=\"560\" height=\"315\" src=\"https:\/\/www.youtube.com\/embed\/SPLPo8vl0og\" title=\"YouTube video player\" frameborder=\"0\" allow=\"accelerometer; autoplay; clipboard-write; encrypted-media; gyroscope; picture-in-picture\" allowfullscreen><\/iframe>\n<p><img src=\"https:\/\/doppelwetten.com\/wp-content\/uploads\/2021\/10\/monthly-graph-earnings-de.png\" alt=\"our members earning\" \/><\/p>\n<p>Im Juni haben unsere Mitglieder 547\u20ac verdient.<\/p>\n<p>Hier kannst Du die durchschnittlichen Verdienste unserer Mitglieder, die \u00fcber die letzten 6 Monate im Forum gepostet wurden, sehen.<\/p>\n<p>Du kannst auch ein in Medium ver\u00f6ffentlichtes Interview mit einem unserer Mitglieder lesen, der k\u00fcrzlich einen tollen Meilenstein erreicht hat. Er hat als DoppelWetten-Mitglied \u00fcber 15000\u20ac mit Matched Betting verdient.<\/p>\n<p><a href=\"https:\/\/www.ninja-bet.de?aff=48072\">JETZT KOSTENLOS AUSPROBIERENl<\/a><\/p>\n<h1>\n\t\tIn den Medien wird auch \u00fcber Matched Betting gesprochen.\n\t<\/h1>\n\t<img src=\"https:\/\/doppelwetten.com\/wp-content\/uploads\/2020\/07\/Handelsblatt.png\" alt=\"\" width=\"250px\" \/>\u201eDamit k\u00f6nnen risikolos Bonusaktionen abgegriffen werden. Bis zu 9000 Euro sind so pro Person drin&#8220;<br \/>\n\t<img src=\"https:\/\/doppelwetten.com\/wp-content\/uploads\/2021\/09\/bildplus-4.jpg\" alt=\"\" width=\"250px\" \/>\u201eDer Berliner hat damit bereits 3000 Euro verdient, kann diesen Betrag sogar noch verdoppeln oder verdreifachen.&#8220;<br \/>\n\t<img src=\"https:\/\/doppelwetten.com\/wp-content\/themes\/HighendWP-child\/images\/huffpost-edited.jpg\" alt=\"\" width=\"250px\" \/>\u201eNach meiner ersten Matched Betting Erfahrung hatte ich \u00fcber 800\u00a3 verdient. Das war genug f\u00fcr einen tollen Urlaub.&#8220;<br \/>\n\t<a href=\"https:\/\/www.ninja-bet.de?aff=48072\">JETZT KOSTENLOS TESTEN<\/a>\n<h1>\n\t\tWas unsere Mitglieder sagen\n\t<\/h1>\n<p>Super Support!!<\/p>\n<p>Freundlicher und schneller Support, viele Tools f\u00fcr Matched Betting und viele Angebote. Was will man mehr?<\/p>\n<ul>\n<li>Walram<\/li>\n<\/ul>\n<p>Top Preis Leistungsverh\u00e4ltnis &#8211; super Support<\/p>\nIch besch\u00e4ftige mich nun seit ca. 3 Monaten mit Matched Betting und konnte<br \/>\nschon einen guten Nebenverdienst erreichen. Die Leitf\u00e4den und Tutorials von Doppelwetten sind leicht zu verstehen und umzusetzen. Das Team steht immer f\u00fcr Fragen oder Erkl\u00e4rungen zur Verf\u00fcgung. F\u00fcr den monatlichen Beitrag f\u00fcr Fragen oder Erkl\u00e4rungen zur Verf\u00fcgung. F\u00fcr den monatlichen Beitrag erh\u00e4lt man neben dem tollen Support auch sehr viele hilfreiche Tools. Gro\u00dfes Plus im Vergleich zu vielen anderen Anbietern: Die Quoten des Oddsmatchers sind (bis auf wenige Ausnahmen) immer korrekt und daher spart man sich viel Arbeit beim nachrechmen\n<ul>\n<li>Saphira<\/li>\n<\/ul>\n<p>Beste Matchbetting Community<\/p>\n<p>Hatte mir anfangs wirklich nichts unter Matchbetting vorstellen k\u00f6nnen. Aber nach einigen Einf\u00fchrungsvideos und Fragen im super informativen und hilfsbereitem Forum war ich schnell im Thema drin. Auch der Kundenservice antwortet superschnell und hilfreich. Das ganze Layout, die Bonusangebote und weitere sehr interessante M\u00f6glichkeiten von Doppelwetten und der Community machen es zum besten Matchbettingforum weit und breit. Top Empfehlung<\/p>\n<ul>\n<li>Wolle L<\/li>\n<\/ul>\n<p>Man kann wirklich gutes Geld verdienen<\/p>\nIch mache es bereits ein Jahr, bin im Gewinn bereits f\u00fcnfstellig. Doppelwetten ist der<br \/>\nbeste Anbieter, hat aus meiner Sicht die hilfreichsten Tools und einen Super Support.\n<ul>\n<li>Oliver<\/li>\n<\/ul>\n<h1>\n\t\tIn unserer Premium Mitgliedschaft enthalten\n\t<\/h1>\n<ul>\n<li>Sofortiger Zugang zu \u00fcber 3000\u20ac an Boni und Freiwetten<\/li>\n<li>Oddsmatcher mit deutschen Buchmachern<\/li>\n<li>Schritt-f\u00fcr-Schritt Leitf\u00e4den zu \u00fcber 50 Buchmacher-Willkommensboni<\/li>\n<li>10+ verschiedene Tools, speziell entwickelt, um Deinen Profit zu steigern<\/li>\n<\/ul>\n<ul>\n<li>Erhalte Zugriff auf unser Forum mit allen aktuellen Angeboten<\/li>\n<li>Verdiene jeden Monat 500,-\u20ac und mehr<\/li>\n<li>Leitf\u00e4den und Tutorials f\u00fcr jedes Angebot und Tool<\/li>\n<li>Online Customer Support<\/li>\n<\/ul>\n\t<a href=\"https:\/\/www.ninja-bet.de?aff=48072\">JETZT KOSTENLOS AUSPROBIERENl<\/a>\n<h1>\n\t\tOddsmatcher &#8211; der Klassensieger\n\t<\/h1>\n<p>Der Oddsmatcher ist ein hochentwickeltes Software-Tool, das die besten Matched Betting-M\u00f6glichkeiten findet, und der eingebaute Rechner t\u00e4tigt alle Berechnungen f\u00fcr Dich. Durch die Filterfunktion wird sichergestellt, dass Du immer genau das findest, wonach Du suchst.<\/p>\n<p>Der Oddsmatcher sucht unter gut 90 Buchmachern nach den n\u00e4chstgelegenen Quoten, wobei Du auch auf Deine Wettb\u00f6rse(n) filtern kannst.<\/p>\n<p>Mit diesem Tool stellst Du sicher, dass Du Deinen monatlichen Profit in einem Mindestma\u00df an Zeit maximieren kannst.<\/p>\n\t\t\t\t<img src=\"https:\/\/doppelwetten.com\/wp-content\/themes\/HighendWP-child\/images\/frontpage\/oddmatcher.png\" alt=\"oddmatcher.png\" itemprop=\"image\" title=\"oddmatcher.png\" onerror=\"this.style.display='none'\"  \/>\n<h1>\n\t\tTolle Matched Betting Tools\n\t<\/h1>\n\t\t\t\t<img loading=\"lazy\" src=\"https:\/\/doppelwetten.com\/wp-content\/uploads\/2021\/09\/trigger-bet-calculator-1.png\" alt=\"trigger-bet-calculator\" itemprop=\"image\" height=\"1188\" width=\"1734\" title=\"trigger-bet-calculator\" onerror=\"this.style.display='none'\"  \/>\n<p>Unsere Matched Betting Rechner t\u00e4tigen alle fortgeschrittenen Berechnungen f\u00fcr Dich. Du findest das Ergebnis Deiner Wette heraus, bevor Du sie platzierst und sorgst so daf\u00fcr, dass alles risikofrei ist.<\/p>\n<p>F\u00fcr jeden Matched Betting Rechner gibt es auch eine leicht verst\u00e4ndliche Anleitung. So wirst Du im Handumdrehen zum Experten.<\/p>\n<h1>\n\t\tSchritt-f\u00fcr-Schritt Tutorials und Zugang zu \u00fcber 3000\u20ac an Freiwetten und Boni\n\t<\/h1>\n<p>Wir haben alle Leitf\u00e4den, Tutorials und Videos, die Du brauchst, um die Grundlagen zu erlernen, inklusive Schritt-f\u00fcr-Schritt Leitf\u00e4den zu \u00fcber 50 Buchmacher-Willkommensboni.<\/p>\n<p>Wir haben weiterhin Matched Betting Strategien, um Deinen Profit zu maximieren, und es ist f\u00fcr jeden etwas dabei: sowohl f\u00fcr komplette Anf\u00e4nger, also auch f\u00fcr erfahrene Matched Wettende.<\/p>\n<p>Wir arbeiten st\u00e4ndig an der Aktualisierung und Verbesserung unseres Schulungsmaterials und f\u00fcgen neue Leitf\u00e4den und Videos hinzu.<\/p>\n\t\t\t\t<img loading=\"lazy\" src=\"https:\/\/doppelwetten.com\/wp-content\/uploads\/2021\/09\/guides-table-1.png\" alt=\"guides-table\" itemprop=\"image\" height=\"1206\" width=\"1734\" title=\"guides-table\" onerror=\"this.style.display='none'\"  \/>\n<h1>\n\t\tFreundliches Forum mit t\u00e4glichen Angeboten\n\t<\/h1>\n\t\t\t\t<img src=\"https:\/\/doppelwetten.com\/wp-content\/themes\/HighendWP-child\/images\/frontpage\/forum.png\" alt=\"forum.png\" itemprop=\"image\" title=\"forum.png\" onerror=\"this.style.display='none'\"  \/>\n<p>Neu oder erfahren. Alt oder jung. Das DoppelWetten Matched Betting Forum ist das Herzst\u00fcck unserer Community.<\/p>\n<p>Das Forum ist voll von Leuten, die genau wissen, auf welcher Reise Du Dich befindest. Jeder kann Fragen stellen, Tipps teilen und Ratschl\u00e4ge zu jedem Aspekt von Matched Betting erhalten.<\/p>\n<p>Im Forum posten wir auch alle aktuellen Reload-Angebote (Angebote f\u00fcr Bestandskunden), die wir finden. Du sparst jede Woche Stunden Deiner Zeit, indem Du nicht selbst Freiwetten und Angebote suchen musst.<\/p>\n<h1>\n\t\tAusgezeichneter Kundendienst\n\t<\/h1>\n<p>F\u00fcr uns bist Du viel mehr als nur eine Mitgliedsnummer. Wir sind stolz darauf, den bestm\u00f6glichen Kundendienst anzubieten.<\/p>\n<p>Egal, ob Du einen pers\u00f6nlichen Skype Anruf, Live Chat oder E-Mail-Kontakt bevorzugst, wir sind immer f\u00fcr Dich da, ob Du uns nun Dein Feedback geben willst oder Unterst\u00fctzung brauchst, wenn Du nicht mehr weiter wei\u00dft.<\/p>\n\t\t\t\t<img loading=\"lazy\" src=\"https:\/\/doppelwetten.com\/wp-content\/uploads\/2021\/09\/support-icons-300x300.png\" alt=\"support-icons\" itemprop=\"image\" height=\"300\" width=\"300\" title=\"support-icons\" onerror=\"this.style.display='none'\"  \/>\n<h1>\n\t\tJeder kann Matched Betting betreiben\n\t<\/h1>\n\t<ul>\n<li>Studenten<\/li>\n<li>M\u00fctter oder V\u00e4ter in Elternzeit<\/li>\n<li>Rentner<\/li>\n<\/ul>\n\t<ul>\n<li>Arbeitsuchende<\/li>\n<li>Berufst\u00e4tige in Voll- oder Teilzeit<\/li>\n<li>Alle, die zus\u00e4tzliches Geld verdienen wollen<\/li>\n<\/ul>\n\t<a href=\"https:\/\/www.ninja-bet.de?aff=48072\">JETZT KOSTENLOS AUSPROBIEREN<\/a>\n\n","protected":false},"excerpt":{"rendered":"<p>Doppelwetten ist jetzt NinjaBet! Unsere Mitglieder verdienen regelm\u00e4\u00dfig mehr als 500\u20ac im Monat. Willst Du auch dabei sein? KOSTENLOS AUSPROBIEREN [&hellip;]<\/p>\n","protected":false},"author":1,"featured_media":0,"parent":0,"menu_order":0,"comment_status":"closed","ping_status":"closed","template":"","meta":{"_mi_skip_tracking":false},"yoast_head":"<!-- This site is optimized with the Yoast SEO plugin v19.13 - https:\/\/yoast.com\/wordpress\/plugins\/seo\/ -->\n<title>Geld verdienen mit risikolosen Wetten (Schritt f\u00fcr Schritt) | DoppelWetten<\/title>\n<meta name=\"description\" content=\"500\u20ac Gewinn monatlich | Risikofrei Geld verdienen | Matched Betting Schritt f\u00fcr Schritt Anleitungen, Video Erkl\u00e4rungen | Einfach zu lernen | Doppelwetten\" \/>\n<meta name=\"robots\" content=\"index, follow, max-snippet:-1, max-image-preview:large, max-video-preview:-1\" \/>\n<link rel=\"canonical\" href=\"https:\/\/doppelwetten.com\/de\/\" \/>\n<meta property=\"og:locale\" content=\"de_DE\" \/>\n<meta property=\"og:type\" content=\"article\" \/>\n<meta property=\"og:title\" content=\"Geld verdienen mit risikolosen Wetten (Schritt f\u00fcr Schritt) | DoppelWetten\" \/>\n<meta property=\"og:description\" content=\"500\u20ac Gewinn monatlich | Risikofrei Geld verdienen | Matched Betting Schritt f\u00fcr Schritt Anleitungen, Video Erkl\u00e4rungen | Einfach zu lernen | Doppelwetten\" \/>\n<meta property=\"og:url\" content=\"https:\/\/doppelwetten.com\/de\/\" \/>\n<meta property=\"og:site_name\" content=\"DoppelWetten\" \/>\n<meta property=\"article:modified_time\" content=\"2023-02-09T07:25:25+00:00\" \/>\n<meta property=\"og:image\" content=\"https:\/\/doppelwetten.com\/wp-content\/uploads\/2021\/10\/monthly-graph-earnings-de.png\" \/>\n<meta name=\"twitter:card\" content=\"summary_large_image\" \/>\n<meta name=\"twitter:site\" content=\"@doppelwetten\" \/>\n<script type=\"application\/ld+json\" class=\"yoast-schema-graph\">{\"@context\":\"https:\/\/schema.org\",\"@graph\":[{\"@type\":\"WebPage\",\"@id\":\"https:\/\/doppelwetten.com\/de\/\",\"url\":\"https:\/\/doppelwetten.com\/de\/\",\"name\":\"Geld verdienen mit risikolosen Wetten (Schritt f\u00fcr Schritt) | DoppelWetten\",\"isPartOf\":{\"@id\":\"https:\/\/doppelwetten.com\/#website\"},\"datePublished\":\"2017-12-03T12:19:47+00:00\",\"dateModified\":\"2023-02-09T07:25:25+00:00\",\"description\":\"500\u20ac Gewinn monatlich | Risikofrei Geld verdienen | Matched Betting Schritt f\u00fcr Schritt Anleitungen, Video Erkl\u00e4rungen | Einfach zu lernen | Doppelwetten\",\"breadcrumb\":{\"@id\":\"https:\/\/doppelwetten.com\/de\/#breadcrumb\"},\"inLanguage\":\"de-DE\",\"potentialAction\":[{\"@type\":\"ReadAction\",\"target\":[\"https:\/\/doppelwetten.com\/de\/\"]}]},{\"@type\":\"BreadcrumbList\",\"@id\":\"https:\/\/doppelwetten.com\/de\/#breadcrumb\",\"itemListElement\":[{\"@type\":\"ListItem\",\"position\":1,\"name\":\"Home\",\"item\":\"https:\/\/doppelwetten.com\/de\/\"},{\"@type\":\"ListItem\",\"position\":2,\"name\":\"Doppelwetten\"}]},{\"@type\":\"WebSite\",\"@id\":\"https:\/\/doppelwetten.com\/#website\",\"url\":\"https:\/\/doppelwetten.com\/\",\"name\":\"DoppelWetten\",\"description\":\"risikolosen Wetten (Schritt f\u00fcr Schritt)\",\"publisher\":{\"@id\":\"https:\/\/doppelwetten.com\/#organization\"},\"potentialAction\":[{\"@type\":\"SearchAction\",\"target\":{\"@type\":\"EntryPoint\",\"urlTemplate\":\"https:\/\/doppelwetten.com\/?s={search_term_string}\"},\"query-input\":\"required name=search_term_string\"}],\"inLanguage\":\"de-DE\"},{\"@type\":\"Organization\",\"@id\":\"https:\/\/doppelwetten.com\/#organization\",\"name\":\"DoppelWetten\",\"url\":\"https:\/\/doppelwetten.com\/\",\"logo\":{\"@type\":\"ImageObject\",\"inLanguage\":\"de-DE\",\"@id\":\"https:\/\/doppelwetten.com\/#\/schema\/logo\/image\/\",\"url\":\"https:\/\/doppelwetten.com\/wp-content\/uploads\/2021\/05\/google-logo-size.png\",\"contentUrl\":\"https:\/\/doppelwetten.com\/wp-content\/uploads\/2021\/05\/google-logo-size.png\",\"caption\":\"DoppelWetten\"},\"image\":{\"@id\":\"https:\/\/doppelwetten.com\/#\/schema\/logo\/image\/\"},\"sameAs\":[\"https:\/\/twitter.com\/doppelwetten\"]}]}<\/script>\n<!-- \/ Yoast SEO plugin. -->","yoast_head_json":{"title":"Geld verdienen mit risikolosen Wetten (Schritt f\u00fcr Schritt) | DoppelWetten","description":"500\u20ac Gewinn monatlich | Risikofrei Geld verdienen | Matched Betting Schritt f\u00fcr Schritt Anleitungen, Video Erkl\u00e4rungen | Einfach zu lernen | Doppelwetten","robots":{"index":"index","follow":"follow","max-snippet":"max-snippet:-1","max-image-preview":"max-image-preview:large","max-video-preview":"max-video-preview:-1"},"canonical":"https:\/\/doppelwetten.com\/de\/","og_locale":"de_DE","og_type":"article","og_title":"Geld verdienen mit risikolosen Wetten (Schritt f\u00fcr Schritt) | DoppelWetten","og_description":"500\u20ac Gewinn monatlich | Risikofrei Geld verdienen | Matched Betting Schritt f\u00fcr Schritt Anleitungen, Video Erkl\u00e4rungen | Einfach zu lernen | Doppelwetten","og_url":"https:\/\/doppelwetten.com\/de\/","og_site_name":"DoppelWetten","article_modified_time":"2023-02-09T07:25:25+00:00","og_image":[{"url":"https:\/\/doppelwetten.com\/wp-content\/uploads\/2021\/10\/monthly-graph-earnings-de.png"}],"twitter_card":"summary_large_image","twitter_site":"@doppelwetten","schema":{"@context":"https:\/\/schema.org","@graph":[{"@type":"WebPage","@id":"https:\/\/doppelwetten.com\/de\/","url":"https:\/\/doppelwetten.com\/de\/","name":"Geld verdienen mit risikolosen Wetten (Schritt f\u00fcr Schritt) | DoppelWetten","isPartOf":{"@id":"https:\/\/doppelwetten.com\/#website"},"datePublished":"2017-12-03T12:19:47+00:00","dateModified":"2023-02-09T07:25:25+00:00","description":"500\u20ac Gewinn monatlich | Risikofrei Geld verdienen | Matched Betting Schritt f\u00fcr Schritt Anleitungen, Video Erkl\u00e4rungen | Einfach zu lernen | Doppelwetten","breadcrumb":{"@id":"https:\/\/doppelwetten.com\/de\/#breadcrumb"},"inLanguage":"de-DE","potentialAction":[{"@type":"ReadAction","target":["https:\/\/doppelwetten.com\/de\/"]}]},{"@type":"BreadcrumbList","@id":"https:\/\/doppelwetten.com\/de\/#breadcrumb","itemListElement":[{"@type":"ListItem","position":1,"name":"Home","item":"https:\/\/doppelwetten.com\/de\/"},{"@type":"ListItem","position":2,"name":"Doppelwetten"}]},{"@type":"WebSite","@id":"https:\/\/doppelwetten.com\/#website","url":"https:\/\/doppelwetten.com\/","name":"DoppelWetten","description":"risikolosen Wetten (Schritt f\u00fcr Schritt)","publisher":{"@id":"https:\/\/doppelwetten.com\/#organization"},"potentialAction":[{"@type":"SearchAction","target":{"@type":"EntryPoint","urlTemplate":"https:\/\/doppelwetten.com\/?s={search_term_string}"},"query-input":"required name=search_term_string"}],"inLanguage":"de-DE"},{"@type":"Organization","@id":"https:\/\/doppelwetten.com\/#organization","name":"DoppelWetten","url":"https:\/\/doppelwetten.com\/","logo":{"@type":"ImageObject","inLanguage":"de-DE","@id":"https:\/\/doppelwetten.com\/#\/schema\/logo\/image\/","url":"https:\/\/doppelwetten.com\/wp-content\/uploads\/2021\/05\/google-logo-size.png","contentUrl":"https:\/\/doppelwetten.com\/wp-content\/uploads\/2021\/05\/google-logo-size.png","caption":"DoppelWetten"},"image":{"@id":"https:\/\/doppelwetten.com\/#\/schema\/logo\/image\/"},"sameAs":["https:\/\/twitter.com\/doppelwetten"]}]}},"_links":{"self":[{"href":"https:\/\/doppelwetten.com\/de\/wp-json\/wp\/v2\/pages\/6348"}],"collection":[{"href":"https:\/\/doppelwetten.com\/de\/wp-json\/wp\/v2\/pages"}],"about":[{"href":"https:\/\/doppelwetten.com\/de\/wp-json\/wp\/v2\/types\/page"}],"author":[{"embeddable":true,"href":"https:\/\/doppelwetten.com\/de\/wp-json\/wp\/v2\/users\/1"}],"replies":[{"embeddable":true,"href":"https:\/\/doppelwetten.com\/de\/wp-json\/wp\/v2\/comments?post=6348"}],"version-history":[{"count":5,"href":"https:\/\/doppelwetten.com\/de\/wp-json\/wp\/v2\/pages\/6348\/revisions"}],"predecessor-version":[{"id":30063,"href":"https:\/\/doppelwetten.com\/de\/wp-json\/wp\/v2\/pages\/6348\/revisions\/30063"}],"wp:attachment":[{"href":"https:\/\/doppelwetten.com\/de\/wp-json\/wp\/v2\/media?parent=6348"}],"curies":[{"name":"wp","href":"https:\/\/api.w.org\/{rel}","templated":true}]}}