{"id":6347,"date":"2017-12-03T12:17:17","date_gmt":"2017-12-03T12:17:17","guid":{"rendered":"https:\/\/doppelwetten.com\/uber\/"},"modified":"2022-09-12T11:26:58","modified_gmt":"2022-09-12T11:26:58","slug":"von-zuhause-geld-verdienen","status":"publish","type":"page","link":"https:\/\/doppelwetten.com\/de\/von-zuhause-geld-verdienen\/","title":{"rendered":"\u00dcber"},"content":{"rendered":"\n<h1>\n\t\tM\u00f6chtest Du nebenbei Geld verdienen?\n\t<\/h1>\n<h2>\n\t\tDann bist Du hier genau richtig.\n\t<\/h2>\n\t\t\t\t<img src=\"https:\/\/doppelwetten.com\/wp-content\/uploads\/2019\/01\/dreamstime_s_59571241-300x290.jpg\" alt=\"dreamstime_s_59571241-300x290.jpg\" itemprop=\"image\" title=\"dreamstime_s_59571241-300x290.jpg\" onerror=\"this.style.display='none'\"  \/>\n<h2>\n\t\tWorum es bei Doppelwetten geht\n\t<\/h2>\n\t<p>Wir wollen\u00a0<b>Dir\u00a0<\/b>dabei helfen, zus\u00e4tzlich Geld zu verdienen.<\/p>\n<p>Und mit unseren schrittweisen Leitf\u00e4den zeigen wir Dir\u00a0<strong>ganz genau, wie das geht<\/strong>.<\/p>\n<p>Unser Ziel ist es, eine freundliche und hilfsbereite Matched Betting Community in Deutschland und \u00d6sterreich zu schaffen.<\/p>\n<p>DoppelWetten ist ein Matched Betting Service, wo jeder Ideen, Techniken und Buchmacher-Angebote teilen kann.<\/p>\n<p>Du kannst Dich sehr gerne aktiv an unserem\u00a0<a href=\"https:\/\/doppelwetten.com\/?p=8815\">Forum<\/a>\u00a0beteiligen.<\/p>\n<p>Wenn Matched Betting noch neu f\u00fcr Dich ist, empfehlen wir Dir, den\u00a0<a href=\"https:\/\/doppelwetten.com\/de\/matched-betting-deutschland-2\/\">Matched Betting Leitfaden<\/a>\u00a0zu lesen, damit Du<strong>\u00a0sofort anfangen\u00a0<\/strong>kannst.<\/p>\n<h2>\n\t\tWie es zu DoppelWetten kam\n\t<\/h2>\n\t<p>Ob Ihr es glaubt oder nicht, alles hat mit Gl\u00fccksspiel angefangen &#8230; unser Gr\u00fcnder Rasmus hat Matched Betting vor einigen Jahren von England mit nach Deutschland gebracht.<\/p>\n<p><em>&#8218;Ich hatte schon immer Interesse an Sportwetten, aber als ich auf das Konzept von Matched Betting gesto\u00dfen bin, war ich sofort fasziniert davon. Es klang fast zu sch\u00f6n, um wahr zu sein, aber nach gr\u00fcndlichen Recherchen habe ich mich entschlossen, es einfach mal auszuprobieren. Ziemlich schnell konnte ich \u00fcber 1000\u20ac im Monat damit verdienen und habe es nie bereut. Es war auf jeden Fall besser, als mein Geld zu verspielen.<\/em><\/p>\n<p><em>In Deutschland kam jedoch das gro\u00dfe Erwachen: es gab keine Matched Betting Seiten, und auch keinerlei Informationen auf Deutsch und f\u00fcr den deutschen Markt. Daher habe ich mich entschlossen, zusammen mit meiner Frau einfach mein eigenes Matched Betting Forum zu starten, um Angebote und Ideen mit anderen vielleicht in Deutschland aktiven Matched Wettenden zu teilen.<\/em><\/p>\n<p><em>Das Forum ist schnell gewachsen, und wir waren \u00fcberw\u00e4ltigt davon, wie lukrativ die deutschen Wettanbieter-Angebote waren. F\u00fcr uns war klar: die Zeit war gekommen, Matched Betting in Deutschland einzuf\u00fchren.&#8216;<\/em><\/p>\n<p>So ist DoppelWetten entstanden. Seit unseren Anf\u00e4ngen in 2017 haben Leonie und Gigipanzer unser kleines Team verst\u00e4rkt. Leonie war eine der ersten in Deutschland, die mit DoppelWetten Matched Betting gelernt haben. Seit 2022 wird DoppelWetten von Leonie, Gigipanzer, MBHero und Gealany gef\u00fchrt.<\/p>\n<p>Wir freuen uns darauf, auch Euch beizubringen, wie man mit Matched Betting online Geld verdienen kann, und wir hoffen, dass Ihr genauso begeistert sein werdet wie wir.<\/p>\n\t<a href=\"https:\/\/doppelwetten.com\/de\/free-trial\">Jetzt kostenlos ausprobieren<\/a>\n\n","protected":false},"excerpt":{"rendered":"<p>M\u00f6chtest Du nebenbei Geld verdienen? Dann bist Du hier genau richtig. Worum es bei Doppelwetten geht Wir wollen\u00a0Dir\u00a0dabei helfen, zus\u00e4tzlich [&hellip;]<\/p>\n","protected":false},"author":1,"featured_media":0,"parent":0,"menu_order":0,"comment_status":"open","ping_status":"open","template":"","meta":{"_mi_skip_tracking":false},"yoast_head":"<!-- This site is optimized with the Yoast SEO plugin v19.13 - https:\/\/yoast.com\/wordpress\/plugins\/seo\/ -->\n<title>\u00dcber - DoppelWetten - Wetten - Deutschland<\/title>\n<meta name=\"description\" content=\"About me. I\u2019m just a regular guy with a family and full-time job who was looking to make a little bit of extra money to spend on fun things\" \/>\n<meta name=\"robots\" content=\"index, follow, max-snippet:-1, max-image-preview:large, max-video-preview:-1\" \/>\n<link rel=\"canonical\" href=\"https:\/\/doppelwetten.com\/de\/von-zuhause-geld-verdienen\/\" \/>\n<meta property=\"og:locale\" content=\"de_DE\" \/>\n<meta property=\"og:type\" content=\"article\" \/>\n<meta property=\"og:title\" content=\"\u00dcber - DoppelWetten - Wetten - Deutschland\" \/>\n<meta property=\"og:description\" content=\"About me. I\u2019m just a regular guy with a family and full-time job who was looking to make a little bit of extra money to spend on fun things\" \/>\n<meta property=\"og:url\" content=\"https:\/\/doppelwetten.com\/de\/von-zuhause-geld-verdienen\/\" \/>\n<meta property=\"og:site_name\" content=\"DoppelWetten\" \/>\n<meta property=\"article:modified_time\" content=\"2022-09-12T11:26:58+00:00\" \/>\n<meta property=\"og:image\" content=\"https:\/\/doppelwetten.com\/wp-content\/uploads\/2019\/01\/dreamstime_s_59571241-300x290.jpg\" \/>\n<meta name=\"twitter:card\" content=\"summary_large_image\" \/>\n<meta name=\"twitter:site\" content=\"@doppelwetten\" \/>\n<meta name=\"twitter:label1\" content=\"Gesch\u00e4tzte Lesezeit\" \/>\n\t<meta name=\"twitter:data1\" content=\"2 Minuten\" \/>\n<script type=\"application\/ld+json\" class=\"yoast-schema-graph\">{\"@context\":\"https:\/\/schema.org\",\"@graph\":[{\"@type\":\"WebPage\",\"@id\":\"https:\/\/doppelwetten.com\/de\/von-zuhause-geld-verdienen\/\",\"url\":\"https:\/\/doppelwetten.com\/de\/von-zuhause-geld-verdienen\/\",\"name\":\"\u00dcber - DoppelWetten - Wetten - Deutschland\",\"isPartOf\":{\"@id\":\"https:\/\/doppelwetten.com\/#website\"},\"datePublished\":\"2017-12-03T12:17:17+00:00\",\"dateModified\":\"2022-09-12T11:26:58+00:00\",\"description\":\"About me. I\u2019m just a regular guy with a family and full-time job who was looking to make a little bit of extra money to spend on fun things\",\"breadcrumb\":{\"@id\":\"https:\/\/doppelwetten.com\/de\/von-zuhause-geld-verdienen\/#breadcrumb\"},\"inLanguage\":\"de-DE\",\"potentialAction\":[{\"@type\":\"ReadAction\",\"target\":[\"https:\/\/doppelwetten.com\/de\/von-zuhause-geld-verdienen\/\"]}]},{\"@type\":\"BreadcrumbList\",\"@id\":\"https:\/\/doppelwetten.com\/de\/von-zuhause-geld-verdienen\/#breadcrumb\",\"itemListElement\":[{\"@type\":\"ListItem\",\"position\":1,\"name\":\"Home\",\"item\":\"https:\/\/doppelwetten.com\/de\/\"},{\"@type\":\"ListItem\",\"position\":2,\"name\":\"\u00dcber\"}]},{\"@type\":\"WebSite\",\"@id\":\"https:\/\/doppelwetten.com\/#website\",\"url\":\"https:\/\/doppelwetten.com\/\",\"name\":\"DoppelWetten\",\"description\":\"risikolosen Wetten (Schritt f\u00fcr Schritt)\",\"publisher\":{\"@id\":\"https:\/\/doppelwetten.com\/#organization\"},\"potentialAction\":[{\"@type\":\"SearchAction\",\"target\":{\"@type\":\"EntryPoint\",\"urlTemplate\":\"https:\/\/doppelwetten.com\/?s={search_term_string}\"},\"query-input\":\"required name=search_term_string\"}],\"inLanguage\":\"de-DE\"},{\"@type\":\"Organization\",\"@id\":\"https:\/\/doppelwetten.com\/#organization\",\"name\":\"DoppelWetten\",\"url\":\"https:\/\/doppelwetten.com\/\",\"logo\":{\"@type\":\"ImageObject\",\"inLanguage\":\"de-DE\",\"@id\":\"https:\/\/doppelwetten.com\/#\/schema\/logo\/image\/\",\"url\":\"https:\/\/doppelwetten.com\/wp-content\/uploads\/2021\/05\/google-logo-size.png\",\"contentUrl\":\"https:\/\/doppelwetten.com\/wp-content\/uploads\/2021\/05\/google-logo-size.png\",\"caption\":\"DoppelWetten\"},\"image\":{\"@id\":\"https:\/\/doppelwetten.com\/#\/schema\/logo\/image\/\"},\"sameAs\":[\"https:\/\/twitter.com\/doppelwetten\"]}]}<\/script>\n<!-- \/ Yoast SEO plugin. -->","yoast_head_json":{"title":"\u00dcber - DoppelWetten - Wetten - Deutschland","description":"About me. I\u2019m just a regular guy with a family and full-time job who was looking to make a little bit of extra money to spend on fun things","robots":{"index":"index","follow":"follow","max-snippet":"max-snippet:-1","max-image-preview":"max-image-preview:large","max-video-preview":"max-video-preview:-1"},"canonical":"https:\/\/doppelwetten.com\/de\/von-zuhause-geld-verdienen\/","og_locale":"de_DE","og_type":"article","og_title":"\u00dcber - DoppelWetten - Wetten - Deutschland","og_description":"About me. I\u2019m just a regular guy with a family and full-time job who was looking to make a little bit of extra money to spend on fun things","og_url":"https:\/\/doppelwetten.com\/de\/von-zuhause-geld-verdienen\/","og_site_name":"DoppelWetten","article_modified_time":"2022-09-12T11:26:58+00:00","og_image":[{"url":"https:\/\/doppelwetten.com\/wp-content\/uploads\/2019\/01\/dreamstime_s_59571241-300x290.jpg"}],"twitter_card":"summary_large_image","twitter_site":"@doppelwetten","twitter_misc":{"Gesch\u00e4tzte Lesezeit":"2 Minuten"},"schema":{"@context":"https:\/\/schema.org","@graph":[{"@type":"WebPage","@id":"https:\/\/doppelwetten.com\/de\/von-zuhause-geld-verdienen\/","url":"https:\/\/doppelwetten.com\/de\/von-zuhause-geld-verdienen\/","name":"\u00dcber - DoppelWetten - Wetten - Deutschland","isPartOf":{"@id":"https:\/\/doppelwetten.com\/#website"},"datePublished":"2017-12-03T12:17:17+00:00","dateModified":"2022-09-12T11:26:58+00:00","description":"About me. I\u2019m just a regular guy with a family and full-time job who was looking to make a little bit of extra money to spend on fun things","breadcrumb":{"@id":"https:\/\/doppelwetten.com\/de\/von-zuhause-geld-verdienen\/#breadcrumb"},"inLanguage":"de-DE","potentialAction":[{"@type":"ReadAction","target":["https:\/\/doppelwetten.com\/de\/von-zuhause-geld-verdienen\/"]}]},{"@type":"BreadcrumbList","@id":"https:\/\/doppelwetten.com\/de\/von-zuhause-geld-verdienen\/#breadcrumb","itemListElement":[{"@type":"ListItem","position":1,"name":"Home","item":"https:\/\/doppelwetten.com\/de\/"},{"@type":"ListItem","position":2,"name":"\u00dcber"}]},{"@type":"WebSite","@id":"https:\/\/doppelwetten.com\/#website","url":"https:\/\/doppelwetten.com\/","name":"DoppelWetten","description":"risikolosen Wetten (Schritt f\u00fcr Schritt)","publisher":{"@id":"https:\/\/doppelwetten.com\/#organization"},"potentialAction":[{"@type":"SearchAction","target":{"@type":"EntryPoint","urlTemplate":"https:\/\/doppelwetten.com\/?s={search_term_string}"},"query-input":"required name=search_term_string"}],"inLanguage":"de-DE"},{"@type":"Organization","@id":"https:\/\/doppelwetten.com\/#organization","name":"DoppelWetten","url":"https:\/\/doppelwetten.com\/","logo":{"@type":"ImageObject","inLanguage":"de-DE","@id":"https:\/\/doppelwetten.com\/#\/schema\/logo\/image\/","url":"https:\/\/doppelwetten.com\/wp-content\/uploads\/2021\/05\/google-logo-size.png","contentUrl":"https:\/\/doppelwetten.com\/wp-content\/uploads\/2021\/05\/google-logo-size.png","caption":"DoppelWetten"},"image":{"@id":"https:\/\/doppelwetten.com\/#\/schema\/logo\/image\/"},"sameAs":["https:\/\/twitter.com\/doppelwetten"]}]}},"_links":{"self":[{"href":"https:\/\/doppelwetten.com\/de\/wp-json\/wp\/v2\/pages\/6347"}],"collection":[{"href":"https:\/\/doppelwetten.com\/de\/wp-json\/wp\/v2\/pages"}],"about":[{"href":"https:\/\/doppelwetten.com\/de\/wp-json\/wp\/v2\/types\/page"}],"author":[{"embeddable":true,"href":"https:\/\/doppelwetten.com\/de\/wp-json\/wp\/v2\/users\/1"}],"replies":[{"embeddable":true,"href":"https:\/\/doppelwetten.com\/de\/wp-json\/wp\/v2\/comments?post=6347"}],"version-history":[{"count":5,"href":"https:\/\/doppelwetten.com\/de\/wp-json\/wp\/v2\/pages\/6347\/revisions"}],"predecessor-version":[{"id":29476,"href":"https:\/\/doppelwetten.com\/de\/wp-json\/wp\/v2\/pages\/6347\/revisions\/29476"}],"wp:attachment":[{"href":"https:\/\/doppelwetten.com\/de\/wp-json\/wp\/v2\/media?parent=6347"}],"curies":[{"name":"wp","href":"https:\/\/api.w.org\/{rel}","templated":true}]}}