{"id":27258,"date":"2021-10-27T00:47:21","date_gmt":"2021-10-27T00:47:21","guid":{"rendered":"https:\/\/doppelwetten.com\/500e-dein-erster-monat-mit-matched-betting\/"},"modified":"2022-11-15T12:53:34","modified_gmt":"2022-11-15T12:53:34","slug":"500e-dein-erster-monat-mit-matched-betting","status":"publish","type":"page","link":"https:\/\/doppelwetten.com\/de\/500e-dein-erster-monat-mit-matched-betting\/","title":{"rendered":"500\u20ac \u2013 Dein erster Monat mit Matched Betting"},"content":{"rendered":"\n<h1>\n\t\t500\u20ac &#8211; Dein erster Monat mit Matched Betting\n\t<\/h1>\n\t<h2><strong>Dieser Leitfaden zeigt Dir unsere Empfehlungen f\u00fcr Deinen ersten Monat.<\/strong><\/h2>\n<p>In diesem Leitfaden nehmen wir an, dass Du bereits unseren Schnupperkurs beendet hast oder dass Du Matched Betting Erfahrung hast.<\/p>\n<p>Falls Du noch nicht unseren Schnupperkurs durchlaufen hast, klicke einfach auf den folgenden Button, um direkt dorthin zu kommen.<\/p>\n<p><a href=\"https:\/\/doppelwetten.com\/de\/lektion-0-wie-deine-probephase-ablauft\/\">Schnupperkurs<\/a><\/p>\n<p><strong>Einige allgemeine Bemerkungen, bevor Du anf<\/strong><strong>\u00e4ngst:<\/strong><\/p>\n<p><i>1<\/i>Die in diesem Leitfaden enthaltenen Angebote sind <strong>lediglich Vorschl\u00e4ge<\/strong>. Wir haben eine Liste von Angeboten zusammengestellt, die unserer Ansicht nach recht anf\u00e4ngerfreundlich sind.<\/p>\n<p><i>2<\/i>Wenn Du diesem Leitfaden folgst und die Angebote machst, ist ein Verdienst von 500\u20ac in Deinem ersten Monat realistisch.<\/p>\n<p><i>3<\/i>Gehe nach Deinem eigenen Tempo vor. Wenn Du schneller vorankommen willst, kannst Du das nat\u00fcrlich tun. Genauso brauchst Du aber auch nicht alles gleich im ersten Monat zu machen.<\/p>\n<p><i>4<\/i>Bei den angegebenen Zahlen handelt es sich <strong>nur um Durchschnittswerte<\/strong>! Da die meisten Neukundenangebote in Deutschland Angebote mit Einzahlungsboni sind (das hei\u00dft, dass der Buchmacher einen Bonus zu Deiner Einzahlung dazugibt, und die Bedingung ist, dass Du vor einer Auszahlung Wetten im Wert von beispielsweise 6 Mal dem Bonusbetrag platzieren musst), h\u00e4ngen die aufgewendete Zeit sowie der verdiente Profit stark davon ab, wie viele Wetten Du platzieren musst, um das Angebot zu beenden. Du kannst z. B. mehr verdienen, wenn gleich Deine erste Wette verliert (Angebot beendet), als wenn Du durch den Rollover musst, also mehrere Wetten platzieren musst, bis das Angebot beendet ist.<\/p>\n<p><strong><i>5<\/i>Bitte pr\u00fcfe IMMER selbst die allgemeinen Gesch\u00e4ftsbedingungen des jeweiligen Buchmachers, bevor Du Dich f\u00fcr ein Willkommensangebot anmeldest.<\/strong> Die AGBs \u00e4ndern sich ab und zu, und obwohl wir alle Anstrengungen unternehmen, unsere Leitf\u00e4den zu aktualisieren, k\u00f6nnen wir keine Verantwortung \u00fcbernehmen, wenn sich Einzelheiten ge\u00e4ndert haben.<\/p>\n<p><i>6<\/i>Wenn Du an irgendeinem Punkt Fragen oder Kommentare hast, besuche bitte unser <a href=\"https:\/\/forum.doppelwetten.com\/\">Forum<\/a>.<\/p>\n<p>&nbsp;<\/p>\n<h2><strong><u>Woche 1<\/u><\/strong><\/h2>\n<p>Du hast die erste Woche bereits beendet, in der Du Dich bei Orbit und bei <b>Bet365 <\/b>angemeldet hast. Du hast zwei oder mehr Wetten platziert und hast hoffentlich Deinen ersten Profit von ca. <strong>65\u20ac <\/strong>gemacht.<\/p>\n<h2><strong><u>Woche 2<\/u><\/strong><\/h2>\n<p>Diese Woche f\u00e4ngst Du mit dem <b>Tipico <\/b>Neukundenangebot an.<\/p>\n<p>Hier ist unser Tipico Neukunden-Leitfaden:\u00a0<a href=\"https:\/\/doppelwetten.com\/de\/guide\/tipico-neukundenbonus\/\">Tipico Angebot<\/a><\/p>\n<p>Dies ist ein Angebot mit einem Einzahlungsbonus. Da diese Art von Angebot noch neu f\u00fcr Dich ist, solltest Du zun\u00e4chst unseren Leitfaden hier lesen: <a href=\"https:\/\/doppelwetten.com\/de\/knowledge-base\/buchmacher-einzahlungsbonus\/\">Einzahlungsbonus-Leitfaden<\/a><\/p>\n<p>Denke daran, dass Tipico nicht die Wettsteuer berechnet, also musst Du die Back-Kommission im Oddsmatcher auf 0% ab\u00e4ndern. Dein Profit aus diesem Angebot wird ca. <strong>85\u20ac <\/strong>sein.<\/p>\n<p><strong>Bitte beachte, dass es nicht unbedingt notwendig ist, dass Du den Bonus-Rechner bei dem Tipico Angebot benutzt.<\/strong> Diese Technik kannst Du auch sp\u00e4ter noch erlernen, und Du wirst den entsprechenden Leitfaden in unserer Anleitung f\u00fcr die vierte Woche finden.<\/p>\n<p><b>Mobilebet <\/b>ist das n\u00e4chste Angebot diese Woche, auch mit einem Einzahlungsangebot (Rollover-Bonus). Die \u00fcberwiegende Zahl der Willkommensangebote in Deutschland sind solche Angebote.\u00a0<a href=\"https:\/\/doppelwetten.com\/de\/guide\/mobilebet-neukundenbonus\/\" class=\"broken_link\">Mobilebet Angebot<\/a><\/p>\n<p>Dieses Angebot ist jedoch etwas anders, da Du den Rollover beenden musst, bevor Du den Bonus bekommst. Daher k\u00f6nnte es etwas l\u00e4nger dauern, Du solltest jedoch am Ende einen Profit von ca. <strong>50\u20ac <\/strong>haben.<\/p>\n<h2><strong><u>Woche 3<\/u><\/strong><\/h2>\n<p>Beginne diese Woche mit dem <b>Bet3000 <\/b>Angebot. Noch ein Angebot mit einem Einzahlungsbonus, womit Du bereits von dem Tipico Angebot vertraut bist. Hier findest Du unseren Bet3000 Neukundenbonus Leitfaden: <a href=\"https:\/\/doppelwetten.com\/de\/guide\/bet3000-neukundenbonus\/\">Bet3000 Angebot<\/a><\/p>\n<p>Bet3000 ist noch ein Buchmacher, der nicht die deutsche Wettsteuer berechnet, und dieses Angebot sollte Dir einen Profit von ca. <strong>64\u20ac <\/strong>bringen.<\/p>\n<p>Das zweite Angebot, das wir f\u00fcr diese Woche vorschlagen (<strong>Bwin<\/strong>) ist eine neue Art von Angebot, das schnell und einfach zu spielen ist. Lies bitte jetzt unseren Leitfaden f\u00fcr Angebote mit risikofreien Wetten hier: <a href=\"https:\/\/doppelwetten.com\/de\/knowledge-base\/anleitung-wette-ex-und-erhalte-eine-ex-gratiswette\/\">Leitfaden f\u00fcr risikofreie Wetten<\/a><\/p>\n<p>Mach Dir keine Gedanken, wenn Du nicht genau verstehst, wie die Berechnungen funktionieren. Vertraue einfach unserem Rechner f\u00fcr risikofreie Wetten, und folge dem Bwin Neukundenbonus Leitfaden hier: <a href=\"https:\/\/doppelwetten.com\/de\/guide\/bwin-neukundenbonus\/\">Bwin Angebot<\/a><\/p>\n<p>Du solltest durchschnittlich <strong>53\u20ac <\/strong>an diesem Angebot verdienen.<\/p>\n<h2><strong><u>Woche 4<\/u><\/strong><\/h2>\n<p>Du hast jetzt beinahe den ersten Monat beendet, und die beiden Angebote, die wir f\u00fcr diese Woche vorschlagen, sind beide sehr lukrativ und sollten Deinen Profit genug erh\u00f6hen, um Dich bequem auf 500\u20ac zu bringen. Sie sind beide Einzahlungsboni und sehr unkompliziert.<\/p>\n<p>Es ist jedoch f\u00fcr beide notwendig, dass Du Dich mit dem Bonus-Rechner vertraut machst. Hier ist unsere <a href=\"https:\/\/doppelwetten.com\/de\/knowledge-base\/der-bonus-rechner\/\">Produktanleitung f\u00fcr den Bonus-Rechner<\/a>. Du solltest den Bonus-Rechner bei allen Angeboten mit Umsatzanforderungen verwenden, und wir empfehlen dies auch in allen individuellen Buchmacher-Leitf\u00e4den.<\/p>\n<p>Das erste Angebot ist <strong>Sportwetten.de<\/strong>, und hier ist der Leitfaden f\u00fcr das Angebot: <a href=\"https:\/\/doppelwetten.com\/de\/guide\/sportwetten-de-neukundenbonus\/\">Sportwetten.de Angebot<\/a><\/p>\n<p>Hierbei kannst Du einen durchschnittlichen Profit von <strong>90\u20ac <\/strong>erwarten.<\/p>\n<p>Der zweite Buchmacher diesen Monat, mit dem Du den ersten Monat abschlie\u00dft, ist <strong>Admiral<\/strong>.<\/p>\n<p>Du solltest von diesem Angebot einen Profit von ca. <strong>115\u20ac <\/strong>erhalten, und hier ist der Leitfaden: <a href=\"https:\/\/doppelwetten.com\/de\/guide\/admiralbet-neukundenbonus\/\">Admiral Angebot<\/a><\/p>\n<p>Sportwetten.de und Admiral haben beide regelm\u00e4\u00dfige Reload-Angebote, die in unserem <a href=\"https:\/\/forum.doppelwetten.com\/\">Forum<\/a>\u00a0gepostet werden.<\/p>\n<table>\n<tbody>\n<tr>\n<th>Buchmacher<\/th>\n<th>Zeitaufwand<\/th>\n<th>Durchschnittlicher Profit<\/th>\n<\/tr>\n<tr>\n<td>Bet365<\/td>\n<td>\u00be Stunde<\/td>\n<td>65\u20ac<\/td>\n<\/tr>\n<tr>\n<td>Tipico<\/td>\n<td>1 bis 2 Stunden<\/td>\n<td>85\u20ac<\/td>\n<\/tr>\n<tr>\n<td>Mobilebet<\/td>\n<td>1 bis 2 Stunden<\/td>\n<td>50\u20ac<\/td>\n<\/tr>\n<tr>\n<td>Bet3000<\/td>\n<td>1 bis 2 Stunden<\/td>\n<td>64\u20ac<\/td>\n<\/tr>\n<tr>\n<td>Bwin<\/td>\n<td>\u00be bis 1 Stunde<\/td>\n<td>53\u20ac<\/td>\n<\/tr>\n<tr>\n<td>Sportwetten.de<\/td>\n<td>1 bis 2 Stunden<\/td>\n<td>90\u20ac<\/td>\n<\/tr>\n<tr>\n<td>Admiral<\/td>\n<td>1 bis 2 Stunden<\/td>\n<td>115\u20ac<\/td>\n<\/tr>\n<tr>\n<td><strong>Gesamt<\/strong><\/td>\n<td><strong>6\u00bd bis 11\u00be Stunden<\/strong><\/td>\n<td><strong>522\u20ac<\/strong><\/td>\n<\/tr>\n<\/tbody>\n<\/table>\n\n","protected":false},"excerpt":{"rendered":"<p>500\u20ac &#8211; Dein erster Monat mit Matched Betting Dieser Leitfaden zeigt Dir unsere Empfehlungen f\u00fcr Deinen ersten Monat. In diesem [&hellip;]<\/p>\n","protected":false},"author":232,"featured_media":0,"parent":0,"menu_order":0,"comment_status":"closed","ping_status":"closed","template":"","meta":{"_mi_skip_tracking":false},"yoast_head":"<!-- This site is optimized with the Yoast SEO plugin v19.13 - https:\/\/yoast.com\/wordpress\/plugins\/seo\/ -->\n<title>500\u20ac \u2013 Dein erster Monat mit Matched Betting - DoppelWetten<\/title>\n<meta name=\"robots\" content=\"index, follow, max-snippet:-1, max-image-preview:large, max-video-preview:-1\" \/>\n<link rel=\"canonical\" href=\"https:\/\/doppelwetten.com\/de\/500e-dein-erster-monat-mit-matched-betting\/\" \/>\n<meta property=\"og:locale\" content=\"de_DE\" \/>\n<meta property=\"og:type\" content=\"article\" \/>\n<meta property=\"og:title\" content=\"500\u20ac \u2013 Dein erster Monat mit Matched Betting - DoppelWetten\" \/>\n<meta property=\"og:description\" content=\"500\u20ac &#8211; Dein erster Monat mit Matched Betting Dieser Leitfaden zeigt Dir unsere Empfehlungen f\u00fcr Deinen ersten Monat. In diesem [&hellip;]\" \/>\n<meta property=\"og:url\" content=\"https:\/\/doppelwetten.com\/de\/500e-dein-erster-monat-mit-matched-betting\/\" \/>\n<meta property=\"og:site_name\" content=\"DoppelWetten\" \/>\n<meta property=\"article:modified_time\" content=\"2022-11-15T12:53:34+00:00\" \/>\n<meta name=\"twitter:card\" content=\"summary_large_image\" \/>\n<meta name=\"twitter:site\" content=\"@doppelwetten\" \/>\n<meta name=\"twitter:label1\" content=\"Gesch\u00e4tzte Lesezeit\" \/>\n\t<meta name=\"twitter:data1\" content=\"4 Minuten\" \/>\n<script type=\"application\/ld+json\" class=\"yoast-schema-graph\">{\"@context\":\"https:\/\/schema.org\",\"@graph\":[{\"@type\":\"WebPage\",\"@id\":\"https:\/\/doppelwetten.com\/de\/500e-dein-erster-monat-mit-matched-betting\/\",\"url\":\"https:\/\/doppelwetten.com\/de\/500e-dein-erster-monat-mit-matched-betting\/\",\"name\":\"500\u20ac \u2013 Dein erster Monat mit Matched Betting - DoppelWetten\",\"isPartOf\":{\"@id\":\"https:\/\/doppelwetten.com\/#website\"},\"datePublished\":\"2021-10-27T00:47:21+00:00\",\"dateModified\":\"2022-11-15T12:53:34+00:00\",\"breadcrumb\":{\"@id\":\"https:\/\/doppelwetten.com\/de\/500e-dein-erster-monat-mit-matched-betting\/#breadcrumb\"},\"inLanguage\":\"de-DE\",\"potentialAction\":[{\"@type\":\"ReadAction\",\"target\":[\"https:\/\/doppelwetten.com\/de\/500e-dein-erster-monat-mit-matched-betting\/\"]}]},{\"@type\":\"BreadcrumbList\",\"@id\":\"https:\/\/doppelwetten.com\/de\/500e-dein-erster-monat-mit-matched-betting\/#breadcrumb\",\"itemListElement\":[{\"@type\":\"ListItem\",\"position\":1,\"name\":\"Home\",\"item\":\"https:\/\/doppelwetten.com\/de\/\"},{\"@type\":\"ListItem\",\"position\":2,\"name\":\"500\u20ac \u2013 Dein erster Monat mit Matched Betting\"}]},{\"@type\":\"WebSite\",\"@id\":\"https:\/\/doppelwetten.com\/#website\",\"url\":\"https:\/\/doppelwetten.com\/\",\"name\":\"DoppelWetten\",\"description\":\"risikolosen Wetten (Schritt f\u00fcr Schritt)\",\"publisher\":{\"@id\":\"https:\/\/doppelwetten.com\/#organization\"},\"potentialAction\":[{\"@type\":\"SearchAction\",\"target\":{\"@type\":\"EntryPoint\",\"urlTemplate\":\"https:\/\/doppelwetten.com\/?s={search_term_string}\"},\"query-input\":\"required name=search_term_string\"}],\"inLanguage\":\"de-DE\"},{\"@type\":\"Organization\",\"@id\":\"https:\/\/doppelwetten.com\/#organization\",\"name\":\"DoppelWetten\",\"url\":\"https:\/\/doppelwetten.com\/\",\"logo\":{\"@type\":\"ImageObject\",\"inLanguage\":\"de-DE\",\"@id\":\"https:\/\/doppelwetten.com\/#\/schema\/logo\/image\/\",\"url\":\"https:\/\/doppelwetten.com\/wp-content\/uploads\/2021\/05\/google-logo-size.png\",\"contentUrl\":\"https:\/\/doppelwetten.com\/wp-content\/uploads\/2021\/05\/google-logo-size.png\",\"caption\":\"DoppelWetten\"},\"image\":{\"@id\":\"https:\/\/doppelwetten.com\/#\/schema\/logo\/image\/\"},\"sameAs\":[\"https:\/\/twitter.com\/doppelwetten\"]}]}<\/script>\n<!-- \/ Yoast SEO plugin. -->","yoast_head_json":{"title":"500\u20ac \u2013 Dein erster Monat mit Matched Betting - DoppelWetten","robots":{"index":"index","follow":"follow","max-snippet":"max-snippet:-1","max-image-preview":"max-image-preview:large","max-video-preview":"max-video-preview:-1"},"canonical":"https:\/\/doppelwetten.com\/de\/500e-dein-erster-monat-mit-matched-betting\/","og_locale":"de_DE","og_type":"article","og_title":"500\u20ac \u2013 Dein erster Monat mit Matched Betting - DoppelWetten","og_description":"500\u20ac &#8211; Dein erster Monat mit Matched Betting Dieser Leitfaden zeigt Dir unsere Empfehlungen f\u00fcr Deinen ersten Monat. In diesem [&hellip;]","og_url":"https:\/\/doppelwetten.com\/de\/500e-dein-erster-monat-mit-matched-betting\/","og_site_name":"DoppelWetten","article_modified_time":"2022-11-15T12:53:34+00:00","twitter_card":"summary_large_image","twitter_site":"@doppelwetten","twitter_misc":{"Gesch\u00e4tzte Lesezeit":"4 Minuten"},"schema":{"@context":"https:\/\/schema.org","@graph":[{"@type":"WebPage","@id":"https:\/\/doppelwetten.com\/de\/500e-dein-erster-monat-mit-matched-betting\/","url":"https:\/\/doppelwetten.com\/de\/500e-dein-erster-monat-mit-matched-betting\/","name":"500\u20ac \u2013 Dein erster Monat mit Matched Betting - DoppelWetten","isPartOf":{"@id":"https:\/\/doppelwetten.com\/#website"},"datePublished":"2021-10-27T00:47:21+00:00","dateModified":"2022-11-15T12:53:34+00:00","breadcrumb":{"@id":"https:\/\/doppelwetten.com\/de\/500e-dein-erster-monat-mit-matched-betting\/#breadcrumb"},"inLanguage":"de-DE","potentialAction":[{"@type":"ReadAction","target":["https:\/\/doppelwetten.com\/de\/500e-dein-erster-monat-mit-matched-betting\/"]}]},{"@type":"BreadcrumbList","@id":"https:\/\/doppelwetten.com\/de\/500e-dein-erster-monat-mit-matched-betting\/#breadcrumb","itemListElement":[{"@type":"ListItem","position":1,"name":"Home","item":"https:\/\/doppelwetten.com\/de\/"},{"@type":"ListItem","position":2,"name":"500\u20ac \u2013 Dein erster Monat mit Matched Betting"}]},{"@type":"WebSite","@id":"https:\/\/doppelwetten.com\/#website","url":"https:\/\/doppelwetten.com\/","name":"DoppelWetten","description":"risikolosen Wetten (Schritt f\u00fcr Schritt)","publisher":{"@id":"https:\/\/doppelwetten.com\/#organization"},"potentialAction":[{"@type":"SearchAction","target":{"@type":"EntryPoint","urlTemplate":"https:\/\/doppelwetten.com\/?s={search_term_string}"},"query-input":"required name=search_term_string"}],"inLanguage":"de-DE"},{"@type":"Organization","@id":"https:\/\/doppelwetten.com\/#organization","name":"DoppelWetten","url":"https:\/\/doppelwetten.com\/","logo":{"@type":"ImageObject","inLanguage":"de-DE","@id":"https:\/\/doppelwetten.com\/#\/schema\/logo\/image\/","url":"https:\/\/doppelwetten.com\/wp-content\/uploads\/2021\/05\/google-logo-size.png","contentUrl":"https:\/\/doppelwetten.com\/wp-content\/uploads\/2021\/05\/google-logo-size.png","caption":"DoppelWetten"},"image":{"@id":"https:\/\/doppelwetten.com\/#\/schema\/logo\/image\/"},"sameAs":["https:\/\/twitter.com\/doppelwetten"]}]}},"_links":{"self":[{"href":"https:\/\/doppelwetten.com\/de\/wp-json\/wp\/v2\/pages\/27258"}],"collection":[{"href":"https:\/\/doppelwetten.com\/de\/wp-json\/wp\/v2\/pages"}],"about":[{"href":"https:\/\/doppelwetten.com\/de\/wp-json\/wp\/v2\/types\/page"}],"author":[{"embeddable":true,"href":"https:\/\/doppelwetten.com\/de\/wp-json\/wp\/v2\/users\/232"}],"replies":[{"embeddable":true,"href":"https:\/\/doppelwetten.com\/de\/wp-json\/wp\/v2\/comments?post=27258"}],"version-history":[{"count":5,"href":"https:\/\/doppelwetten.com\/de\/wp-json\/wp\/v2\/pages\/27258\/revisions"}],"predecessor-version":[{"id":29855,"href":"https:\/\/doppelwetten.com\/de\/wp-json\/wp\/v2\/pages\/27258\/revisions\/29855"}],"wp:attachment":[{"href":"https:\/\/doppelwetten.com\/de\/wp-json\/wp\/v2\/media?parent=27258"}],"curies":[{"name":"wp","href":"https:\/\/api.w.org\/{rel}","templated":true}]}}