{"id":26452,"date":"2021-08-24T05:22:26","date_gmt":"2021-08-24T05:22:26","guid":{"rendered":"https:\/\/doppelwetten.com\/?page_id=26452"},"modified":"2022-01-05T01:20:58","modified_gmt":"2022-01-05T01:20:58","slug":"leitfaden-zu-optione-2-anmeldung-uber-betinasia","status":"publish","type":"page","link":"https:\/\/doppelwetten.com\/de\/leitfaden-zu-optione-2-anmeldung-uber-betinasia\/","title":{"rendered":"Leitfaden zu Option 2 \u2013 Anmeldung \u00fcber BetinAsia"},"content":{"rendered":"\r\n<h1>\r\n\t\tLeitfaden zu Option 2 &#8211; Anmeldung \u00fcber BetinAsia\r\n\t<\/h1>\r\n\t<p>Du hast Option 2 ausgew\u00e4hlt, die Anmeldung zu einer Wettb\u00f6rse \u00fcber BetinAsia.<\/p>\r\n<p>Dies sind die einzelnen Schritte des Prozesses.<\/p>\r\n<h2><i class=\"hb-moon-seven-segment-1 hb-icon-float-left hb-icon-medium hb-icon\" style=\"color:#0099ff\"><\/i> Anmeldung<\/h2>\r\n\t<p>Klicke auf das Logo oder button, um zu dem Anmeldeformular zu gelangen<\/p>\r\n\t\t\t\t<a href=\"https:\/\/betinasia.com\/?utm_source=doppelwetten&#038;utm_medium=affiliate\" target=\"_blank\" rel=\"noopener\" itemprop=\"url\">\r\n\t\t\t\t<img loading=\"lazy\" src=\"https:\/\/doppelwetten.com\/wp-content\/uploads\/2021\/08\/bet-in-asia-300x300.png\" alt=\"bet-in-asia\" itemprop=\"image\" height=\"300\" width=\"300\" title=\"bet-in-asia\" onerror=\"this.style.display='none'\"  \/>\r\n\t\t\t\t<\/a>\r\n\t<a href=\"https:\/\/betinasia.com\/?utm_source=doppelwetten&#038;utm_medium=affiliate\">Hier Anmelden<\/a>\r\n\t<h2><i class=\"hb-moon-seven-segment-2 hb-icon-float-left hb-icon-medium hb-icon\" style=\"color:#0099ff\"><\/i> Ausf\u00fcllen des Anmeldeformulars<\/h2>\r\n<p>Sobald Du es ausgef\u00fcllt hast, klicke auf &#8222;register&#8220;.<\/p>\r\n\t\t\t\t<img loading=\"lazy\" src=\"https:\/\/doppelwetten.com\/wp-content\/uploads\/2021\/08\/bet-asia-account-600x400.png\" alt=\"bet-asia-account\" itemprop=\"image\" height=\"400\" width=\"600\" title=\"bet-asia-account\" onerror=\"this.style.display='none'\"  \/>\r\n\t<h2><i class=\"hb-moon-seven-segment-3 hb-icon-float-left hb-icon-medium hb-icon\" style=\"color:#0099ff\"><\/i> Best\u00e4tige Deine E-Mail-Adresse<\/h2>\r\n<p>Du wirst dann ein E-Mail erhalten, um Deine E-Mail-Adresse zu best\u00e4tigen.<\/p>\r\n\t\t\t\t<img loading=\"lazy\" src=\"https:\/\/doppelwetten.com\/wp-content\/uploads\/2021\/08\/welcome-bet-asia.png\" alt=\"welcome-bet-asia\" itemprop=\"image\" height=\"546\" width=\"1077\" title=\"welcome-bet-asia\" onerror=\"this.style.display='none'\"  \/>\r\n\t<h2><i class=\"hb-moon-seven-segment-4 hb-icon-float-left hb-icon-medium hb-icon\" style=\"color:#0099ff\"><\/i> Die KYC Pr\u00fcfung durchlaufen<\/h2>\r\n<p>Logge Dich in Dein Konto ein und gehe zu My Details -&gt; KYC.<\/p>\r\n<p>Du musst einen Identit\u00e4tsnachweis hochladen. Dies kann ein Reisepass, ein F\u00fchrerschein oder Personalausweis sein.<\/p>\r\n<p>Du musst ausserdem einen Adressennachweis senden. Dies kann ein Kontoauszug oder eine Rechnung eines Versorgungsunternehmens sein. Bitte beachte, dass das Dokument nicht \u00e4lter als 3 Monate sein darf.<\/p>\r\n<p>Sobald Deine Dokumente akzeptiert worden sind, wirst Du die untenstehende Nachricht sehen.<\/p>\r\n\t\t\t\t<img loading=\"lazy\" src=\"https:\/\/doppelwetten.com\/wp-content\/uploads\/2021\/08\/dashboard.png\" alt=\"dashboard\" itemprop=\"image\" height=\"993\" width=\"1377\" title=\"dashboard\" onerror=\"this.style.display='none'\"  \/>\r\n\t<p>Du wirst auch ein Best\u00e4tigungs-E-Mail erhalten.<\/p>\r\n\t\t\t\t<img loading=\"lazy\" src=\"https:\/\/doppelwetten.com\/wp-content\/uploads\/2021\/08\/sara.png\" alt=\"sara\" itemprop=\"image\" height=\"908\" width=\"1182\" title=\"sara\" onerror=\"this.style.display='none'\"  \/>\r\n\t<h2><i class=\"hb-moon-seven-segment-5 hb-icon-float-left hb-icon-medium hb-icon\" style=\"color:#0099ff\"><\/i> T\u00e4tige eine Einzahlung und Du bist startklar<\/h2>\r\n<p>W\u00e4hle Deine bevorzugte Einzahlungsmethode aus. Zum Zeitpunkt der Verfassung dieses Leitfadens hast Du die folgenden Optionen:<\/p>\r\n<i class=\"icon-circle hb-icon-float-left hb-icon-small hb-icon\" style=\"color:#0099ff\"><\/i>Kreditkarte<\/p>\r\n<i class=\"icon-circle hb-icon-float-left hb-icon-small hb-icon\" style=\"color:#0099ff\"><\/i>Bank\u00fcberweisung<\/p>\r\n<i class=\"icon-circle hb-icon-float-left hb-icon-small hb-icon\" style=\"color:#0099ff\"><\/i>Jeton<\/p>\r\n<i class=\"icon-circle hb-icon-float-left hb-icon-small hb-icon\" style=\"color:#0099ff\"><\/i>CashtoCode<\/p>\r\n\r\n","protected":false},"excerpt":{"rendered":"<p>Leitfaden zu Option 2 &#8211; Anmeldung \u00fcber BetinAsia Du hast Option 2 ausgew\u00e4hlt, die Anmeldung zu einer Wettb\u00f6rse \u00fcber BetinAsia. [&hellip;]<\/p>\n","protected":false},"author":232,"featured_media":0,"parent":0,"menu_order":0,"comment_status":"closed","ping_status":"closed","template":"","meta":{"_mi_skip_tracking":false},"yoast_head":"<!-- This site is optimized with the Yoast SEO plugin v19.13 - https:\/\/yoast.com\/wordpress\/plugins\/seo\/ -->\n<title>Leitfaden zu Option 2 \u2013 Anmeldung \u00fcber BetinAsia - DoppelWetten<\/title>\n<meta name=\"robots\" content=\"index, follow, max-snippet:-1, max-image-preview:large, max-video-preview:-1\" \/>\n<link rel=\"canonical\" href=\"https:\/\/doppelwetten.com\/de\/leitfaden-zu-optione-2-anmeldung-uber-betinasia\/\" \/>\n<meta property=\"og:locale\" content=\"de_DE\" \/>\n<meta property=\"og:type\" content=\"article\" \/>\n<meta property=\"og:title\" content=\"Leitfaden zu Option 2 \u2013 Anmeldung \u00fcber BetinAsia - DoppelWetten\" \/>\n<meta property=\"og:description\" content=\"Leitfaden zu Option 2 &#8211; Anmeldung \u00fcber BetinAsia Du hast Option 2 ausgew\u00e4hlt, die Anmeldung zu einer Wettb\u00f6rse \u00fcber BetinAsia. [&hellip;]\" \/>\n<meta property=\"og:url\" content=\"https:\/\/doppelwetten.com\/de\/leitfaden-zu-optione-2-anmeldung-uber-betinasia\/\" \/>\n<meta property=\"og:site_name\" content=\"DoppelWetten\" \/>\n<meta property=\"article:modified_time\" content=\"2022-01-05T01:20:58+00:00\" \/>\n<meta property=\"og:image\" content=\"https:\/\/doppelwetten.com\/wp-content\/uploads\/2021\/08\/bet-in-asia-300x300.png\" \/>\n<meta name=\"twitter:card\" content=\"summary_large_image\" \/>\n<meta name=\"twitter:site\" content=\"@doppelwetten\" \/>\n<meta name=\"twitter:label1\" content=\"Gesch\u00e4tzte Lesezeit\" \/>\n\t<meta name=\"twitter:data1\" content=\"1 Minute\" \/>\n<script type=\"application\/ld+json\" class=\"yoast-schema-graph\">{\"@context\":\"https:\/\/schema.org\",\"@graph\":[{\"@type\":\"WebPage\",\"@id\":\"https:\/\/doppelwetten.com\/de\/leitfaden-zu-optione-2-anmeldung-uber-betinasia\/\",\"url\":\"https:\/\/doppelwetten.com\/de\/leitfaden-zu-optione-2-anmeldung-uber-betinasia\/\",\"name\":\"Leitfaden zu Option 2 \u2013 Anmeldung \u00fcber BetinAsia - DoppelWetten\",\"isPartOf\":{\"@id\":\"https:\/\/doppelwetten.com\/#website\"},\"datePublished\":\"2021-08-24T05:22:26+00:00\",\"dateModified\":\"2022-01-05T01:20:58+00:00\",\"breadcrumb\":{\"@id\":\"https:\/\/doppelwetten.com\/de\/leitfaden-zu-optione-2-anmeldung-uber-betinasia\/#breadcrumb\"},\"inLanguage\":\"de-DE\",\"potentialAction\":[{\"@type\":\"ReadAction\",\"target\":[\"https:\/\/doppelwetten.com\/de\/leitfaden-zu-optione-2-anmeldung-uber-betinasia\/\"]}]},{\"@type\":\"BreadcrumbList\",\"@id\":\"https:\/\/doppelwetten.com\/de\/leitfaden-zu-optione-2-anmeldung-uber-betinasia\/#breadcrumb\",\"itemListElement\":[{\"@type\":\"ListItem\",\"position\":1,\"name\":\"Home\",\"item\":\"https:\/\/doppelwetten.com\/de\/\"},{\"@type\":\"ListItem\",\"position\":2,\"name\":\"Leitfaden zu Option 2 \u2013 Anmeldung \u00fcber BetinAsia\"}]},{\"@type\":\"WebSite\",\"@id\":\"https:\/\/doppelwetten.com\/#website\",\"url\":\"https:\/\/doppelwetten.com\/\",\"name\":\"DoppelWetten\",\"description\":\"risikolosen Wetten (Schritt f\u00fcr Schritt)\",\"publisher\":{\"@id\":\"https:\/\/doppelwetten.com\/#organization\"},\"potentialAction\":[{\"@type\":\"SearchAction\",\"target\":{\"@type\":\"EntryPoint\",\"urlTemplate\":\"https:\/\/doppelwetten.com\/?s={search_term_string}\"},\"query-input\":\"required name=search_term_string\"}],\"inLanguage\":\"de-DE\"},{\"@type\":\"Organization\",\"@id\":\"https:\/\/doppelwetten.com\/#organization\",\"name\":\"DoppelWetten\",\"url\":\"https:\/\/doppelwetten.com\/\",\"logo\":{\"@type\":\"ImageObject\",\"inLanguage\":\"de-DE\",\"@id\":\"https:\/\/doppelwetten.com\/#\/schema\/logo\/image\/\",\"url\":\"https:\/\/doppelwetten.com\/wp-content\/uploads\/2021\/05\/google-logo-size.png\",\"contentUrl\":\"https:\/\/doppelwetten.com\/wp-content\/uploads\/2021\/05\/google-logo-size.png\",\"caption\":\"DoppelWetten\"},\"image\":{\"@id\":\"https:\/\/doppelwetten.com\/#\/schema\/logo\/image\/\"},\"sameAs\":[\"https:\/\/twitter.com\/doppelwetten\"]}]}<\/script>\n<!-- \/ Yoast SEO plugin. -->","yoast_head_json":{"title":"Leitfaden zu Option 2 \u2013 Anmeldung \u00fcber BetinAsia - DoppelWetten","robots":{"index":"index","follow":"follow","max-snippet":"max-snippet:-1","max-image-preview":"max-image-preview:large","max-video-preview":"max-video-preview:-1"},"canonical":"https:\/\/doppelwetten.com\/de\/leitfaden-zu-optione-2-anmeldung-uber-betinasia\/","og_locale":"de_DE","og_type":"article","og_title":"Leitfaden zu Option 2 \u2013 Anmeldung \u00fcber BetinAsia - DoppelWetten","og_description":"Leitfaden zu Option 2 &#8211; Anmeldung \u00fcber BetinAsia Du hast Option 2 ausgew\u00e4hlt, die Anmeldung zu einer Wettb\u00f6rse \u00fcber BetinAsia. [&hellip;]","og_url":"https:\/\/doppelwetten.com\/de\/leitfaden-zu-optione-2-anmeldung-uber-betinasia\/","og_site_name":"DoppelWetten","article_modified_time":"2022-01-05T01:20:58+00:00","og_image":[{"url":"https:\/\/doppelwetten.com\/wp-content\/uploads\/2021\/08\/bet-in-asia-300x300.png"}],"twitter_card":"summary_large_image","twitter_site":"@doppelwetten","twitter_misc":{"Gesch\u00e4tzte Lesezeit":"1 Minute"},"schema":{"@context":"https:\/\/schema.org","@graph":[{"@type":"WebPage","@id":"https:\/\/doppelwetten.com\/de\/leitfaden-zu-optione-2-anmeldung-uber-betinasia\/","url":"https:\/\/doppelwetten.com\/de\/leitfaden-zu-optione-2-anmeldung-uber-betinasia\/","name":"Leitfaden zu Option 2 \u2013 Anmeldung \u00fcber BetinAsia - DoppelWetten","isPartOf":{"@id":"https:\/\/doppelwetten.com\/#website"},"datePublished":"2021-08-24T05:22:26+00:00","dateModified":"2022-01-05T01:20:58+00:00","breadcrumb":{"@id":"https:\/\/doppelwetten.com\/de\/leitfaden-zu-optione-2-anmeldung-uber-betinasia\/#breadcrumb"},"inLanguage":"de-DE","potentialAction":[{"@type":"ReadAction","target":["https:\/\/doppelwetten.com\/de\/leitfaden-zu-optione-2-anmeldung-uber-betinasia\/"]}]},{"@type":"BreadcrumbList","@id":"https:\/\/doppelwetten.com\/de\/leitfaden-zu-optione-2-anmeldung-uber-betinasia\/#breadcrumb","itemListElement":[{"@type":"ListItem","position":1,"name":"Home","item":"https:\/\/doppelwetten.com\/de\/"},{"@type":"ListItem","position":2,"name":"Leitfaden zu Option 2 \u2013 Anmeldung \u00fcber BetinAsia"}]},{"@type":"WebSite","@id":"https:\/\/doppelwetten.com\/#website","url":"https:\/\/doppelwetten.com\/","name":"DoppelWetten","description":"risikolosen Wetten (Schritt f\u00fcr Schritt)","publisher":{"@id":"https:\/\/doppelwetten.com\/#organization"},"potentialAction":[{"@type":"SearchAction","target":{"@type":"EntryPoint","urlTemplate":"https:\/\/doppelwetten.com\/?s={search_term_string}"},"query-input":"required name=search_term_string"}],"inLanguage":"de-DE"},{"@type":"Organization","@id":"https:\/\/doppelwetten.com\/#organization","name":"DoppelWetten","url":"https:\/\/doppelwetten.com\/","logo":{"@type":"ImageObject","inLanguage":"de-DE","@id":"https:\/\/doppelwetten.com\/#\/schema\/logo\/image\/","url":"https:\/\/doppelwetten.com\/wp-content\/uploads\/2021\/05\/google-logo-size.png","contentUrl":"https:\/\/doppelwetten.com\/wp-content\/uploads\/2021\/05\/google-logo-size.png","caption":"DoppelWetten"},"image":{"@id":"https:\/\/doppelwetten.com\/#\/schema\/logo\/image\/"},"sameAs":["https:\/\/twitter.com\/doppelwetten"]}]}},"_links":{"self":[{"href":"https:\/\/doppelwetten.com\/de\/wp-json\/wp\/v2\/pages\/26452"}],"collection":[{"href":"https:\/\/doppelwetten.com\/de\/wp-json\/wp\/v2\/pages"}],"about":[{"href":"https:\/\/doppelwetten.com\/de\/wp-json\/wp\/v2\/types\/page"}],"author":[{"embeddable":true,"href":"https:\/\/doppelwetten.com\/de\/wp-json\/wp\/v2\/users\/232"}],"replies":[{"embeddable":true,"href":"https:\/\/doppelwetten.com\/de\/wp-json\/wp\/v2\/comments?post=26452"}],"version-history":[{"count":5,"href":"https:\/\/doppelwetten.com\/de\/wp-json\/wp\/v2\/pages\/26452\/revisions"}],"predecessor-version":[{"id":26518,"href":"https:\/\/doppelwetten.com\/de\/wp-json\/wp\/v2\/pages\/26452\/revisions\/26518"}],"wp:attachment":[{"href":"https:\/\/doppelwetten.com\/de\/wp-json\/wp\/v2\/media?parent=26452"}],"curies":[{"name":"wp","href":"https:\/\/api.w.org\/{rel}","templated":true}]}}