{"id":26448,"date":"2021-08-24T05:03:36","date_gmt":"2021-08-24T05:03:36","guid":{"rendered":"https:\/\/doppelwetten.com\/?page_id=26448"},"modified":"2021-08-24T05:14:23","modified_gmt":"2021-08-24T05:14:23","slug":"leitfaden-zu-option-1-melde-dich-ueber-doppelwetten-und-bet-football-an","status":"publish","type":"page","link":"https:\/\/doppelwetten.com\/de\/leitfaden-zu-option-1-melde-dich-ueber-doppelwetten-und-bet-football-an\/","title":{"rendered":"Leitfaden zu Option 1 \u2013 Melde Dich \u00fcber DoppelWetten und Bet-Football an"},"content":{"rendered":"\n<h1>\n\t\tLeitfaden zu Option 1 &#8211; Melde Dich \u00fcber DoppelWetten und Bet-Football an\n\t<\/h1>\n\t<p>Du hast Option 1 gew\u00e4hlt, d. h. Dich \u00fcber DoppelWetten und Bet-Football anzumelden.<\/p>\n<p>Dies sind die einzelnen Schritte des Prozesses.<\/p>\n<h2><i class=\"hb-moon-seven-segment-1 hb-icon-float-left hb-icon-medium hb-icon\" style=\"color:#0099ff\"><\/i> Kontaktiere DoppelWetten<\/h2>\n<p>Kontaktiere uns unter <a href=\"mailto:account@doppelwetten.com\">account@doppelwetten.com<\/a> und teile uns mit, dass Du gerne ein Konto bei der Wettb\u00f6rse er\u00f6ffnen m\u00f6chtest.<\/p>\n<p>Du musst dazu nicht viel schreiben. Du kannst einfach sagen: &#8222;Hallo DoppelWetten, ich m\u00f6chte gerne ein Orbit Konto er\u00f6ffnen&#8220;.<\/p>\n<h2><i class=\"hb-moon-seven-segment-2 hb-icon-float-left hb-icon-medium hb-icon\" style=\"color:#0099ff\"><\/i> Antwort<\/h2>\n<p>Wir schicken Dir dann ein E-Mail zur\u00fcck mit ausf\u00fchrlichen Informationen \u00fcber die n\u00e4chsten Schritte.<\/p>\n<h2><i class=\"hb-moon-seven-segment-3 hb-icon-float-left hb-icon-medium hb-icon\" style=\"color:#0099ff\"><\/i> KYC Prozess<\/h2>\n<p><a href=\"https:\/\/doppelwetten.com\/de\/was-ist-kyc\/\">Hier<\/a> kannst Du mehr dar\u00fcber lesen, was KYC bedeutet.<\/p>\n<p>Bitte schicke die folgenden Dokumente:<\/p>\n\n<i class=\"icon-circle hb-icon-float-left hb-icon-small hb-icon\" style=\"color:#0099ff\"><\/i>Reisepass<\/p>\n<i class=\"icon-circle hb-icon-float-left hb-icon-small hb-icon\" style=\"color:#0099ff\"><\/i>F\u00fchrerschein<\/p>\n<i class=\"icon-circle hb-icon-float-left hb-icon-small hb-icon\" style=\"color:#0099ff\"><\/i>Personalausweis<\/p>\n\n<i class=\"icon-circle hb-icon-float-left hb-icon-small hb-icon\" style=\"color:#0099ff\"><\/i>Rechnung eines Versorgungsunternehmens<\/p>\n<i class=\"icon-circle hb-icon-float-left hb-icon-small hb-icon\" style=\"color:#0099ff\"><\/i>Kontoauszug<\/p>\n<p>Du solltest darauf achten, dass alle vier Ecken des Dokumentes sichtbar sind, und dass das Bild in Farbe ist.<\/p>\n<h2><i class=\"hb-moon-seven-segment-4 hb-icon-float-left hb-icon-medium hb-icon\" style=\"color:#0099ff\"><\/i> Akzeptierung und Einzahlung<\/h2>\n<p>Sobald die Dokumente akzeptiert worden sind, schicken wir Dir eine Best\u00e4tigung und teilen Dir auch mit, wie Du Deine erste Einzahlung t\u00e4tigen kannst.<\/p>\n<p><a href=\"https:\/\/doppelwetten.com\/de\/der-ideale-kontostand-bei-orbit\/\">In diesem Leitfaden<\/a> kannst Du mehr dar\u00fcber lesen, wie viel Guthaben Du auf Deinem Konto bei der Wettb\u00f6rse haben solltest.<\/p>\n<h2><i class=\"hb-moon-seven-segment-5 hb-icon-float-left hb-icon-medium hb-icon\" style=\"color:#0099ff\"><\/i> Login f\u00fcr Dein neues Konto<\/h2>\n<p>Das war&#8217;s. Jetzt schicken wir Dir eine E-Mail mit Deinen Login-Daten und einer Best\u00e4tigung Deiner Einzahlung.<\/p>\n\n","protected":false},"excerpt":{"rendered":"<p>Leitfaden zu Option 1 &#8211; Melde Dich \u00fcber DoppelWetten und Bet-Football an Du hast Option 1 gew\u00e4hlt, d. h. Dich [&hellip;]<\/p>\n","protected":false},"author":232,"featured_media":0,"parent":0,"menu_order":0,"comment_status":"closed","ping_status":"closed","template":"","meta":{"_mi_skip_tracking":false},"yoast_head":"<!-- This site is optimized with the Yoast SEO plugin v19.13 - https:\/\/yoast.com\/wordpress\/plugins\/seo\/ -->\n<title>Leitfaden zu Option 1 \u2013 Melde Dich \u00fcber DoppelWetten und Bet-Football an - DoppelWetten<\/title>\n<meta name=\"robots\" content=\"index, follow, max-snippet:-1, max-image-preview:large, max-video-preview:-1\" \/>\n<link rel=\"canonical\" href=\"https:\/\/doppelwetten.com\/de\/leitfaden-zu-option-1-melde-dich-ueber-doppelwetten-und-bet-football-an\/\" \/>\n<meta property=\"og:locale\" content=\"de_DE\" \/>\n<meta property=\"og:type\" content=\"article\" \/>\n<meta property=\"og:title\" content=\"Leitfaden zu Option 1 \u2013 Melde Dich \u00fcber DoppelWetten und Bet-Football an - DoppelWetten\" \/>\n<meta property=\"og:description\" content=\"Leitfaden zu Option 1 &#8211; Melde Dich \u00fcber DoppelWetten und Bet-Football an Du hast Option 1 gew\u00e4hlt, d. h. Dich [&hellip;]\" \/>\n<meta property=\"og:url\" content=\"https:\/\/doppelwetten.com\/de\/leitfaden-zu-option-1-melde-dich-ueber-doppelwetten-und-bet-football-an\/\" \/>\n<meta property=\"og:site_name\" content=\"DoppelWetten\" \/>\n<meta property=\"article:modified_time\" content=\"2021-08-24T05:14:23+00:00\" \/>\n<meta name=\"twitter:card\" content=\"summary_large_image\" \/>\n<meta name=\"twitter:site\" content=\"@doppelwetten\" \/>\n<meta name=\"twitter:label1\" content=\"Gesch\u00e4tzte Lesezeit\" \/>\n\t<meta name=\"twitter:data1\" content=\"2 Minuten\" \/>\n<script type=\"application\/ld+json\" class=\"yoast-schema-graph\">{\"@context\":\"https:\/\/schema.org\",\"@graph\":[{\"@type\":\"WebPage\",\"@id\":\"https:\/\/doppelwetten.com\/de\/leitfaden-zu-option-1-melde-dich-ueber-doppelwetten-und-bet-football-an\/\",\"url\":\"https:\/\/doppelwetten.com\/de\/leitfaden-zu-option-1-melde-dich-ueber-doppelwetten-und-bet-football-an\/\",\"name\":\"Leitfaden zu Option 1 \u2013 Melde Dich \u00fcber DoppelWetten und Bet-Football an - DoppelWetten\",\"isPartOf\":{\"@id\":\"https:\/\/doppelwetten.com\/#website\"},\"datePublished\":\"2021-08-24T05:03:36+00:00\",\"dateModified\":\"2021-08-24T05:14:23+00:00\",\"breadcrumb\":{\"@id\":\"https:\/\/doppelwetten.com\/de\/leitfaden-zu-option-1-melde-dich-ueber-doppelwetten-und-bet-football-an\/#breadcrumb\"},\"inLanguage\":\"de-DE\",\"potentialAction\":[{\"@type\":\"ReadAction\",\"target\":[\"https:\/\/doppelwetten.com\/de\/leitfaden-zu-option-1-melde-dich-ueber-doppelwetten-und-bet-football-an\/\"]}]},{\"@type\":\"BreadcrumbList\",\"@id\":\"https:\/\/doppelwetten.com\/de\/leitfaden-zu-option-1-melde-dich-ueber-doppelwetten-und-bet-football-an\/#breadcrumb\",\"itemListElement\":[{\"@type\":\"ListItem\",\"position\":1,\"name\":\"Home\",\"item\":\"https:\/\/doppelwetten.com\/de\/\"},{\"@type\":\"ListItem\",\"position\":2,\"name\":\"Leitfaden zu Option 1 \u2013 Melde Dich \u00fcber DoppelWetten und Bet-Football an\"}]},{\"@type\":\"WebSite\",\"@id\":\"https:\/\/doppelwetten.com\/#website\",\"url\":\"https:\/\/doppelwetten.com\/\",\"name\":\"DoppelWetten\",\"description\":\"risikolosen Wetten (Schritt f\u00fcr Schritt)\",\"publisher\":{\"@id\":\"https:\/\/doppelwetten.com\/#organization\"},\"potentialAction\":[{\"@type\":\"SearchAction\",\"target\":{\"@type\":\"EntryPoint\",\"urlTemplate\":\"https:\/\/doppelwetten.com\/?s={search_term_string}\"},\"query-input\":\"required name=search_term_string\"}],\"inLanguage\":\"de-DE\"},{\"@type\":\"Organization\",\"@id\":\"https:\/\/doppelwetten.com\/#organization\",\"name\":\"DoppelWetten\",\"url\":\"https:\/\/doppelwetten.com\/\",\"logo\":{\"@type\":\"ImageObject\",\"inLanguage\":\"de-DE\",\"@id\":\"https:\/\/doppelwetten.com\/#\/schema\/logo\/image\/\",\"url\":\"https:\/\/doppelwetten.com\/wp-content\/uploads\/2021\/05\/google-logo-size.png\",\"contentUrl\":\"https:\/\/doppelwetten.com\/wp-content\/uploads\/2021\/05\/google-logo-size.png\",\"caption\":\"DoppelWetten\"},\"image\":{\"@id\":\"https:\/\/doppelwetten.com\/#\/schema\/logo\/image\/\"},\"sameAs\":[\"https:\/\/twitter.com\/doppelwetten\"]}]}<\/script>\n<!-- \/ Yoast SEO plugin. -->","yoast_head_json":{"title":"Leitfaden zu Option 1 \u2013 Melde Dich \u00fcber DoppelWetten und Bet-Football an - DoppelWetten","robots":{"index":"index","follow":"follow","max-snippet":"max-snippet:-1","max-image-preview":"max-image-preview:large","max-video-preview":"max-video-preview:-1"},"canonical":"https:\/\/doppelwetten.com\/de\/leitfaden-zu-option-1-melde-dich-ueber-doppelwetten-und-bet-football-an\/","og_locale":"de_DE","og_type":"article","og_title":"Leitfaden zu Option 1 \u2013 Melde Dich \u00fcber DoppelWetten und Bet-Football an - DoppelWetten","og_description":"Leitfaden zu Option 1 &#8211; Melde Dich \u00fcber DoppelWetten und Bet-Football an Du hast Option 1 gew\u00e4hlt, d. h. Dich [&hellip;]","og_url":"https:\/\/doppelwetten.com\/de\/leitfaden-zu-option-1-melde-dich-ueber-doppelwetten-und-bet-football-an\/","og_site_name":"DoppelWetten","article_modified_time":"2021-08-24T05:14:23+00:00","twitter_card":"summary_large_image","twitter_site":"@doppelwetten","twitter_misc":{"Gesch\u00e4tzte Lesezeit":"2 Minuten"},"schema":{"@context":"https:\/\/schema.org","@graph":[{"@type":"WebPage","@id":"https:\/\/doppelwetten.com\/de\/leitfaden-zu-option-1-melde-dich-ueber-doppelwetten-und-bet-football-an\/","url":"https:\/\/doppelwetten.com\/de\/leitfaden-zu-option-1-melde-dich-ueber-doppelwetten-und-bet-football-an\/","name":"Leitfaden zu Option 1 \u2013 Melde Dich \u00fcber DoppelWetten und Bet-Football an - DoppelWetten","isPartOf":{"@id":"https:\/\/doppelwetten.com\/#website"},"datePublished":"2021-08-24T05:03:36+00:00","dateModified":"2021-08-24T05:14:23+00:00","breadcrumb":{"@id":"https:\/\/doppelwetten.com\/de\/leitfaden-zu-option-1-melde-dich-ueber-doppelwetten-und-bet-football-an\/#breadcrumb"},"inLanguage":"de-DE","potentialAction":[{"@type":"ReadAction","target":["https:\/\/doppelwetten.com\/de\/leitfaden-zu-option-1-melde-dich-ueber-doppelwetten-und-bet-football-an\/"]}]},{"@type":"BreadcrumbList","@id":"https:\/\/doppelwetten.com\/de\/leitfaden-zu-option-1-melde-dich-ueber-doppelwetten-und-bet-football-an\/#breadcrumb","itemListElement":[{"@type":"ListItem","position":1,"name":"Home","item":"https:\/\/doppelwetten.com\/de\/"},{"@type":"ListItem","position":2,"name":"Leitfaden zu Option 1 \u2013 Melde Dich \u00fcber DoppelWetten und Bet-Football an"}]},{"@type":"WebSite","@id":"https:\/\/doppelwetten.com\/#website","url":"https:\/\/doppelwetten.com\/","name":"DoppelWetten","description":"risikolosen Wetten (Schritt f\u00fcr Schritt)","publisher":{"@id":"https:\/\/doppelwetten.com\/#organization"},"potentialAction":[{"@type":"SearchAction","target":{"@type":"EntryPoint","urlTemplate":"https:\/\/doppelwetten.com\/?s={search_term_string}"},"query-input":"required name=search_term_string"}],"inLanguage":"de-DE"},{"@type":"Organization","@id":"https:\/\/doppelwetten.com\/#organization","name":"DoppelWetten","url":"https:\/\/doppelwetten.com\/","logo":{"@type":"ImageObject","inLanguage":"de-DE","@id":"https:\/\/doppelwetten.com\/#\/schema\/logo\/image\/","url":"https:\/\/doppelwetten.com\/wp-content\/uploads\/2021\/05\/google-logo-size.png","contentUrl":"https:\/\/doppelwetten.com\/wp-content\/uploads\/2021\/05\/google-logo-size.png","caption":"DoppelWetten"},"image":{"@id":"https:\/\/doppelwetten.com\/#\/schema\/logo\/image\/"},"sameAs":["https:\/\/twitter.com\/doppelwetten"]}]}},"_links":{"self":[{"href":"https:\/\/doppelwetten.com\/de\/wp-json\/wp\/v2\/pages\/26448"}],"collection":[{"href":"https:\/\/doppelwetten.com\/de\/wp-json\/wp\/v2\/pages"}],"about":[{"href":"https:\/\/doppelwetten.com\/de\/wp-json\/wp\/v2\/types\/page"}],"author":[{"embeddable":true,"href":"https:\/\/doppelwetten.com\/de\/wp-json\/wp\/v2\/users\/232"}],"replies":[{"embeddable":true,"href":"https:\/\/doppelwetten.com\/de\/wp-json\/wp\/v2\/comments?post=26448"}],"version-history":[{"count":3,"href":"https:\/\/doppelwetten.com\/de\/wp-json\/wp\/v2\/pages\/26448\/revisions"}],"predecessor-version":[{"id":26451,"href":"https:\/\/doppelwetten.com\/de\/wp-json\/wp\/v2\/pages\/26448\/revisions\/26451"}],"wp:attachment":[{"href":"https:\/\/doppelwetten.com\/de\/wp-json\/wp\/v2\/media?parent=26448"}],"curies":[{"name":"wp","href":"https:\/\/api.w.org\/{rel}","templated":true}]}}