{"id":26006,"date":"2021-07-23T02:40:39","date_gmt":"2021-07-23T02:40:39","guid":{"rendered":"https:\/\/doppelwetten.com\/haeufig-gestellte-fragen-und-antworten\/"},"modified":"2021-07-23T03:46:09","modified_gmt":"2021-07-23T03:46:09","slug":"faqs-trial","status":"publish","type":"page","link":"https:\/\/doppelwetten.com\/de\/faqs-trial\/","title":{"rendered":"H\u00e4ufig gestellte Fragen (und Antworten)"},"content":{"rendered":"\n<h1>\n\t\tH\u00e4ufig gestellte Fragen (und Antworten)\n\t<\/h1>\n\t<h2>WIE VIEL GELD KANN ICH MIT MATCHED BETTING VERDIENEN?<\/h2>\n<p>Wenn Du anf\u00e4ngst, ist es realistisch, 100\u20ac &#8211; 200\u20ac pro Monat zu verdienen. Wenn Du jedoch mehr Erfahrung hast, kannst Du bis zu 500\u20ac pro Monat verdienen.<\/p>\n<h2>WIE VIEL GELD BRAUCHE ICH, UM ANZUFANGEN?<\/h2>\n<p>Um das in der Probephase enthaltene Angebot wahrzunehmen, brauchst Du 120\u20ac. Dies beinhaltet die Mindesteinzahlung bei der Wettb\u00f6rse, die Du auch f\u00fcr die weiteren Angebote nutzen wirst. Ich empfehle jedoch im Allgemeinen, dass Du ca. 300\u20ac zur Verf\u00fcgung hast, wenn Du anf\u00e4ngst.<\/p>\n<h2>WAS PASSIERT NACH DEN WILLKOMMENSANGEBOTEN?<\/h2>\n<p>Die Willkommensangebote sind lediglich ein Teil von Matched Betting. Sobald Du ein Willkommensangebot bei einem Wettanbieter abgeschlossen hast, erh\u00e4ltst du Zugang zu allen Angeboten f\u00fcr Bestandskunden.<\/p>\n<h2>WIE MELDE ICH MICH BEI DER WETTB\u00d6RSE ORBIT EXCHANGE AN?<\/h2>\n<p>Um ein Konto bei Orbit zu er\u00f6ffnen, musst Du Dich erst bei dem Wettbroker Bet-Football anmelden. Wenn Du Dich registriert hast, wird Bet-Football ein Orbit-Konto f\u00fcr Dich einrichten.<\/p>\n<h2>MUSS ICH AHNUNG VON SPORT HABEN?<\/h2>\n<p>Nein, brauchst Du nicht, und Du musst noch nicht einmal Sport m\u00f6gen. Beim Matched Betting werden online Tools genutzt, um alle Spiele und Quoten zu finden und alles f\u00fcr uns auszurechnen.<\/p>\n<p>&nbsp;<\/p>\n\t<h2>GIBT ES WETTB\u00d6RSEN, DIE IN DEUTSCHLAND VERF\u00dcGBAR SIND?<\/h2>\n<p>Ja, es gibt mehrere in Deutschland zug\u00e4ngliche Wettb\u00f6rsen, und Du kannst durch einen Wettbroker Zugang zu ihnen bekommen. Bei DoppelWetten empfehlen wir Orbit Exchange.<\/p>\n<h2>WAS IST EIN WETTBROKER?<\/h2>\n<p>Ein Wettbroker ist ein Unternehmen, das einen speziellen Dienst anbietet, bei dem seine Kunden mehrere Wettanbieter und Wettb\u00f6rsen in einem einzigen Konto vereinigt.<\/p>\n<h2>SIND MATCHBOOK ODER BETFAIR IN DEUTSCHLAND ZUG\u00c4NGLICH?<\/h2>\n<p>Nein. Weder Matchbook noch Betfair sind in Deutschland zug\u00e4nglich. Wir empfehlen jedoch Orbit Exchange. Matchbook ist au\u00dferdem f\u00fcr Kunden in \u00d6sterreich und der Schweiz direkt zug\u00e4nglich, allerdings mit einer Provision von 4%.<\/p>\n<h2>WAS IST EINE WHITE LABEL BETFAIR WETTB\u00d6RSE?<\/h2>\n<p>Eine White Label Betfair Wettb\u00f6rse ist eine Wettb\u00f6rse mit einem anderen Namen, z. B. Orbit Exchange, wo Kunden die gleichen Quoten und die gleiche Liquidit\u00e4t erhalten, die man auch bei Betfair sieht.<\/p>\n<h2>KANN ICH MEINE MITGLIEDSCHAFT NACH DER PROBEPHASE WIEDER STORNIEREN?<\/h2>\n\n\t\n\n","protected":false},"excerpt":{"rendered":"<p>H\u00e4ufig gestellte Fragen (und Antworten) WIE VIEL GELD KANN ICH MIT MATCHED BETTING VERDIENEN? Wenn Du anf\u00e4ngst, ist es realistisch, [&hellip;]<\/p>\n","protected":false},"author":232,"featured_media":0,"parent":0,"menu_order":0,"comment_status":"closed","ping_status":"closed","template":"","meta":{"_mi_skip_tracking":false},"yoast_head":"<!-- This site is optimized with the Yoast SEO plugin v19.13 - https:\/\/yoast.com\/wordpress\/plugins\/seo\/ -->\n<title>H\u00e4ufig gestellte Fragen (und Antworten) - DoppelWetten<\/title>\n<meta name=\"robots\" content=\"index, follow, max-snippet:-1, max-image-preview:large, max-video-preview:-1\" \/>\n<link rel=\"canonical\" href=\"https:\/\/doppelwetten.com\/de\/faqs-trial\/\" \/>\n<meta property=\"og:locale\" content=\"de_DE\" \/>\n<meta property=\"og:type\" content=\"article\" \/>\n<meta property=\"og:title\" content=\"H\u00e4ufig gestellte Fragen (und Antworten) - DoppelWetten\" \/>\n<meta property=\"og:description\" content=\"H\u00e4ufig gestellte Fragen (und Antworten) WIE VIEL GELD KANN ICH MIT MATCHED BETTING VERDIENEN? Wenn Du anf\u00e4ngst, ist es realistisch, [&hellip;]\" \/>\n<meta property=\"og:url\" content=\"https:\/\/doppelwetten.com\/de\/faqs-trial\/\" \/>\n<meta property=\"og:site_name\" content=\"DoppelWetten\" \/>\n<meta property=\"article:modified_time\" content=\"2021-07-23T03:46:09+00:00\" \/>\n<meta name=\"twitter:card\" content=\"summary_large_image\" \/>\n<meta name=\"twitter:site\" content=\"@doppelwetten\" \/>\n<meta name=\"twitter:label1\" content=\"Gesch\u00e4tzte Lesezeit\" \/>\n\t<meta name=\"twitter:data1\" content=\"2 Minuten\" \/>\n<script type=\"application\/ld+json\" class=\"yoast-schema-graph\">{\"@context\":\"https:\/\/schema.org\",\"@graph\":[{\"@type\":\"WebPage\",\"@id\":\"https:\/\/doppelwetten.com\/de\/faqs-trial\/\",\"url\":\"https:\/\/doppelwetten.com\/de\/faqs-trial\/\",\"name\":\"H\u00e4ufig gestellte Fragen (und Antworten) - DoppelWetten\",\"isPartOf\":{\"@id\":\"https:\/\/doppelwetten.com\/#website\"},\"datePublished\":\"2021-07-23T02:40:39+00:00\",\"dateModified\":\"2021-07-23T03:46:09+00:00\",\"breadcrumb\":{\"@id\":\"https:\/\/doppelwetten.com\/de\/faqs-trial\/#breadcrumb\"},\"inLanguage\":\"de-DE\",\"potentialAction\":[{\"@type\":\"ReadAction\",\"target\":[\"https:\/\/doppelwetten.com\/de\/faqs-trial\/\"]}]},{\"@type\":\"BreadcrumbList\",\"@id\":\"https:\/\/doppelwetten.com\/de\/faqs-trial\/#breadcrumb\",\"itemListElement\":[{\"@type\":\"ListItem\",\"position\":1,\"name\":\"Home\",\"item\":\"https:\/\/doppelwetten.com\/de\/\"},{\"@type\":\"ListItem\",\"position\":2,\"name\":\"H\u00e4ufig gestellte Fragen (und Antworten)\"}]},{\"@type\":\"WebSite\",\"@id\":\"https:\/\/doppelwetten.com\/#website\",\"url\":\"https:\/\/doppelwetten.com\/\",\"name\":\"DoppelWetten\",\"description\":\"risikolosen Wetten (Schritt f\u00fcr Schritt)\",\"publisher\":{\"@id\":\"https:\/\/doppelwetten.com\/#organization\"},\"potentialAction\":[{\"@type\":\"SearchAction\",\"target\":{\"@type\":\"EntryPoint\",\"urlTemplate\":\"https:\/\/doppelwetten.com\/?s={search_term_string}\"},\"query-input\":\"required name=search_term_string\"}],\"inLanguage\":\"de-DE\"},{\"@type\":\"Organization\",\"@id\":\"https:\/\/doppelwetten.com\/#organization\",\"name\":\"DoppelWetten\",\"url\":\"https:\/\/doppelwetten.com\/\",\"logo\":{\"@type\":\"ImageObject\",\"inLanguage\":\"de-DE\",\"@id\":\"https:\/\/doppelwetten.com\/#\/schema\/logo\/image\/\",\"url\":\"https:\/\/doppelwetten.com\/wp-content\/uploads\/2021\/05\/google-logo-size.png\",\"contentUrl\":\"https:\/\/doppelwetten.com\/wp-content\/uploads\/2021\/05\/google-logo-size.png\",\"caption\":\"DoppelWetten\"},\"image\":{\"@id\":\"https:\/\/doppelwetten.com\/#\/schema\/logo\/image\/\"},\"sameAs\":[\"https:\/\/twitter.com\/doppelwetten\"]}]}<\/script>\n<!-- \/ Yoast SEO plugin. -->","yoast_head_json":{"title":"H\u00e4ufig gestellte Fragen (und Antworten) - DoppelWetten","robots":{"index":"index","follow":"follow","max-snippet":"max-snippet:-1","max-image-preview":"max-image-preview:large","max-video-preview":"max-video-preview:-1"},"canonical":"https:\/\/doppelwetten.com\/de\/faqs-trial\/","og_locale":"de_DE","og_type":"article","og_title":"H\u00e4ufig gestellte Fragen (und Antworten) - DoppelWetten","og_description":"H\u00e4ufig gestellte Fragen (und Antworten) WIE VIEL GELD KANN ICH MIT MATCHED BETTING VERDIENEN? Wenn Du anf\u00e4ngst, ist es realistisch, [&hellip;]","og_url":"https:\/\/doppelwetten.com\/de\/faqs-trial\/","og_site_name":"DoppelWetten","article_modified_time":"2021-07-23T03:46:09+00:00","twitter_card":"summary_large_image","twitter_site":"@doppelwetten","twitter_misc":{"Gesch\u00e4tzte Lesezeit":"2 Minuten"},"schema":{"@context":"https:\/\/schema.org","@graph":[{"@type":"WebPage","@id":"https:\/\/doppelwetten.com\/de\/faqs-trial\/","url":"https:\/\/doppelwetten.com\/de\/faqs-trial\/","name":"H\u00e4ufig gestellte Fragen (und Antworten) - DoppelWetten","isPartOf":{"@id":"https:\/\/doppelwetten.com\/#website"},"datePublished":"2021-07-23T02:40:39+00:00","dateModified":"2021-07-23T03:46:09+00:00","breadcrumb":{"@id":"https:\/\/doppelwetten.com\/de\/faqs-trial\/#breadcrumb"},"inLanguage":"de-DE","potentialAction":[{"@type":"ReadAction","target":["https:\/\/doppelwetten.com\/de\/faqs-trial\/"]}]},{"@type":"BreadcrumbList","@id":"https:\/\/doppelwetten.com\/de\/faqs-trial\/#breadcrumb","itemListElement":[{"@type":"ListItem","position":1,"name":"Home","item":"https:\/\/doppelwetten.com\/de\/"},{"@type":"ListItem","position":2,"name":"H\u00e4ufig gestellte Fragen (und Antworten)"}]},{"@type":"WebSite","@id":"https:\/\/doppelwetten.com\/#website","url":"https:\/\/doppelwetten.com\/","name":"DoppelWetten","description":"risikolosen Wetten (Schritt f\u00fcr Schritt)","publisher":{"@id":"https:\/\/doppelwetten.com\/#organization"},"potentialAction":[{"@type":"SearchAction","target":{"@type":"EntryPoint","urlTemplate":"https:\/\/doppelwetten.com\/?s={search_term_string}"},"query-input":"required name=search_term_string"}],"inLanguage":"de-DE"},{"@type":"Organization","@id":"https:\/\/doppelwetten.com\/#organization","name":"DoppelWetten","url":"https:\/\/doppelwetten.com\/","logo":{"@type":"ImageObject","inLanguage":"de-DE","@id":"https:\/\/doppelwetten.com\/#\/schema\/logo\/image\/","url":"https:\/\/doppelwetten.com\/wp-content\/uploads\/2021\/05\/google-logo-size.png","contentUrl":"https:\/\/doppelwetten.com\/wp-content\/uploads\/2021\/05\/google-logo-size.png","caption":"DoppelWetten"},"image":{"@id":"https:\/\/doppelwetten.com\/#\/schema\/logo\/image\/"},"sameAs":["https:\/\/twitter.com\/doppelwetten"]}]}},"_links":{"self":[{"href":"https:\/\/doppelwetten.com\/de\/wp-json\/wp\/v2\/pages\/26006"}],"collection":[{"href":"https:\/\/doppelwetten.com\/de\/wp-json\/wp\/v2\/pages"}],"about":[{"href":"https:\/\/doppelwetten.com\/de\/wp-json\/wp\/v2\/types\/page"}],"author":[{"embeddable":true,"href":"https:\/\/doppelwetten.com\/de\/wp-json\/wp\/v2\/users\/232"}],"replies":[{"embeddable":true,"href":"https:\/\/doppelwetten.com\/de\/wp-json\/wp\/v2\/comments?post=26006"}],"version-history":[{"count":5,"href":"https:\/\/doppelwetten.com\/de\/wp-json\/wp\/v2\/pages\/26006\/revisions"}],"predecessor-version":[{"id":26016,"href":"https:\/\/doppelwetten.com\/de\/wp-json\/wp\/v2\/pages\/26006\/revisions\/26016"}],"wp:attachment":[{"href":"https:\/\/doppelwetten.com\/de\/wp-json\/wp\/v2\/media?parent=26006"}],"curies":[{"name":"wp","href":"https:\/\/api.w.org\/{rel}","templated":true}]}}