{"id":25834,"date":"2021-06-28T20:40:41","date_gmt":"2021-06-28T20:40:41","guid":{"rendered":"https:\/\/doppelwetten.com\/?page_id=25834"},"modified":"2021-07-14T01:25:14","modified_gmt":"2021-07-14T01:25:14","slug":"die-ewo-cashback-strategie","status":"publish","type":"page","link":"https:\/\/doppelwetten.com\/de\/die-ewo-cashback-strategie\/","title":{"rendered":"Die Ewo-Cashback-Strategie"},"content":{"rendered":"\r\n<h2>Die Ewo-Cashback-Strategie<\/h2>\r\n<p>Ich m\u00f6chte Euch meine pers\u00f6nliche Cashback-Strategie mit Hilfe von eWallet-Optimizer vorstellen:<\/p>\r\n\r\n\r\n\r\n<p>Das Grundprinzip der Strategie ist, so viel Geld wie m\u00f6glich zu verschieben, um entsprechend Cashback zu generieren. Cashback wird \u00fcber die Transaktionen Eures E-Wallets generiert und monatlich ausgezahlt.<\/p>\r\n\r\n\r\n\r\n<p>Wie Ihr Euer Geld empfangen wollt, ist dabei Euch \u00fcberlassen.<\/p>\r\n\r\n\r\n\r\n<p>Dazu nutzen wir unsere Matched Betting Kenntnisse, sowie die M\u00f6glichkeiten und das Wissen, die uns das DoppelWetten Forum bietet.<\/p>\r\n\r\n\r\n\r\n<p>Um die Sache zu verdeutlichen, schauen wir uns den \u201eregul\u00e4ren\u201c Matched-Betting-Kreislauf mal genauer an. Der Ablauf ist im Regelfall:<\/p>\r\n\r\n\r\n\r\n<i class=\"hb-moon-seven-segment-1 hb-icon-float-left hb-icon-small hb-icon\" style=\"color:#0099ff\"><\/i> Einzahlen<\/p>\r\n<i class=\"hb-moon-seven-segment-2 hb-icon-float-left hb-icon-small hb-icon\" style=\"color:#0099ff\"><\/i> Bonus kassieren + \u20ac\u20ac\u20ac\u00a0 \u00a0 \u00a0 \u00a0 \u00a0 \u00a0 \u00a0 \u00a0 \u00a0 \u00a0 \u00a0 \u00a0 \u00a0 \u00a0 \u00a0 \u00a0<\/p>\r\n<i class=\"hb-moon-seven-segment-3 hb-icon-float-left hb-icon-small hb-icon\" style=\"color:#0099ff\"><\/i> Umsetzen &#8211; \u20ac\u20ac\u20ac<\/p>\r\n<i class=\"hb-moon-seven-segment-4 hb-icon-float-left hb-icon-small hb-icon\" style=\"color:#0099ff\"><\/i> Auszahlen<\/p>\r\n<i class=\"hb-moon-seven-segment-5 hb-icon-float-left hb-icon-small hb-icon\" style=\"color:#0099ff\"><\/i> Wiederholen<\/p>\r\n\r\n\r\n\r\n<p>Wir bringen nun eine weitere Komponente mit ein:<\/p>\r\n\r\n\r\n\r\n<h3><strong>Das hei\u00dft der Kreislauf sieht ab sofort so aus:<\/strong><\/h3>\r\n\r\n\r\n\r\n<i class=\"hb-moon-seven-segment-1 hb-icon-float-left hb-icon-small hb-icon\" style=\"color:#0099ff\"><\/i> Einzahlen<\/p>\r\n<i class=\"icon-circle-blank hb-icon-float-left hb-icon-small hb-icon\" style=\"color:#0099ff\"><\/i> Cashback kassieren + \u20ac\u20ac\u20ac\u00a0 \u00a0 \u00a0 \u00a0 \u00a0 \u00a0 \u00a0 \u00a0 \u00a0 \u00a0 \u00a0 \u00a0 \u00a0 \u00a0 \u00a0 \u00a0 \u00a0 \u00a0 \u00a0 \u00a0 \u00a0<\/p>\r\n<i class=\"hb-moon-seven-segment-2 hb-icon-float-left hb-icon-small hb-icon\" style=\"color:#0099ff\"><\/i> Bonus kassieren + \u20ac\u20ac\u20ac<\/p>\r\n<i class=\"hb-moon-seven-segment-3 hb-icon-float-left hb-icon-small hb-icon\" style=\"color:#0099ff\"><\/i> Umsetzen &#8211; \u20ac\u20ac\u20ac<\/p>\r\n<i class=\"hb-moon-seven-segment-4 hb-icon-float-left hb-icon-small hb-icon\" style=\"color:#0099ff\"><\/i> Auszahlen<\/p>\r\n<i class=\"hb-moon-seven-segment-5 hb-icon-float-left hb-icon-small hb-icon\" style=\"color:#0099ff\"><\/i> Wiederholen<\/p>\r\n\r\n\r\n\r\n<p>Wie Ihr sehen k\u00f6nnt, kassiert Ihr ab sofort 2x pro Angebot. Das verringert unseren Qualifying Loss f\u00fcr jedes Angebot, was als logische Folge unseren Profit auf lange Sicht steigert.<\/p>\r\n\r\n\r\n\r\n<h3><strong>Was wir daf\u00fcr brauchen:<\/strong><\/h3>\r\n\r\n\r\n\r\n<i class=\"icon-circle hb-icon-float-left hb-icon-small hb-icon\" style=\"color:#0099ff\"><\/i> Einen Account bei eWallet-Optimizer (Code DoppelWetten)<\/p>\r\n<i class=\"icon-circle hb-icon-float-left hb-icon-small hb-icon\" style=\"color:#0099ff\"><\/i> Einen oder mehr E-Wallet Accounts (bevorzugt ecoPayz, Link: <a href=\"https:\/\/secure.ecopayz.com\/Registration.aspx?_atc=ixyks78u8ot80dlau6ab9rvld)\" target=\"_blank\" rel=\"noreferrer noopener\">https:\/\/secure.ecopayz.com\/Registration.aspx?_atc=ixyks78u8ot80dlau6ab9rvld)<\/a><\/p>\r\n<i class=\"icon-circle hb-icon-float-left hb-icon-small hb-icon\" style=\"color:#0099ff\"><\/i> DoppelWetten<\/p>\r\n\r\n\r\n\r\n\r\n\r\n\r\n\r\n<h3><strong>Verdienst:<\/strong><\/h3>\r\n\r\n\r\n\r\n<p>Der Verdienst h\u00e4ngt nat\u00fcrlich stark von Eurer Bankroll und Euren Matched Betting Aktivit\u00e4ten ab. Wie \u00fcberall im Leben gilt, je mehr man tut, umso mehr ist m\u00f6glich. Zur Veranschaulichung habe ich sp\u00e4ter im Artikel meine Statistiken mit abgebildet.<\/p>\r\n\r\n\r\n\r\n<h3><strong>Vorgehensweise:<\/strong><\/h3>\r\n\r\n\r\n\r\n<p>Meldet Euch beim Anbieter eWallet-Optimizer mit dem Code DoppelWetten an und lasst euch wie beim Buchmacher verifizieren.<\/p>\r\n\r\n\r\n\r\n<figure class=\"wp-block-image size-large\"><img loading=\"lazy\" class=\"wp-image-23052\" src=\"https:\/\/doppelwetten.com\/wp-content\/uploads\/2020\/07\/register-new-account-1.png\" alt=\"\" width=\"375\" height=\"549\" srcset=\"https:\/\/doppelwetten.com\/wp-content\/uploads\/2020\/07\/register-new-account-1.png 566w, https:\/\/doppelwetten.com\/wp-content\/uploads\/2020\/07\/register-new-account-1-205x300.png 205w, https:\/\/doppelwetten.com\/wp-content\/uploads\/2020\/07\/register-new-account-1-34x50.png 34w\" sizes=\"(max-width: 375px) 100vw, 375px\" \/><\/figure>\r\n\r\n\r\n\r\n<p>Durch den Werbecode seid Ihr berechtigt, eigene Konten f\u00fcr Cashback anzuwerben oder auch aufzuwerten. Das hei\u00dft, Ihr k\u00f6nnt Eure eigenen E-Wallet Konten entweder aufwerten lassen, bzw. Eure Konten direkt in einer h\u00f6heren VIP-Stufe anlegen lassen.<\/p>\r\n\r\n\r\n\r\n<p>Eine h\u00f6here Stufe bedeutet geringere bis gar keine Geb\u00fchren f\u00fcr Transaktionen und besseren Support.<\/p>\r\n\r\n\r\n\r\n<figure class=\"wp-block-image size-large\"><img loading=\"lazy\" width=\"355\" height=\"693\" class=\"wp-image-23054\" src=\"https:\/\/doppelwetten.com\/wp-content\/uploads\/2020\/07\/ecopayz-2.png\" alt=\"\" srcset=\"https:\/\/doppelwetten.com\/wp-content\/uploads\/2020\/07\/ecopayz-2.png 355w, https:\/\/doppelwetten.com\/wp-content\/uploads\/2020\/07\/ecopayz-2-154x300.png 154w, https:\/\/doppelwetten.com\/wp-content\/uploads\/2020\/07\/ecopayz-2-26x50.png 26w\" sizes=\"(max-width: 355px) 100vw, 355px\" \/><\/figure>\r\n\r\n\r\n\r\n<p>Am besten geeignet f\u00fcr diese Vorgehensweise ist ein Konto bei ecoPayz, (Link: <a href=\"https:\/\/secure.ecopayz.com\/Registration.aspx?_atc=ixyks78u8ot80dlau6ab9rvld\">https:\/\/secure.ecopayz.com\/Registration.aspx?_atc=ixyks78u8ot80dlau6ab9rvld<\/a> ) da hier nicht nur der h\u00f6chste Cashback-Prozentsatz angeboten wird, sondern auch der Gro\u00dfteil aller Anbieter ecoPayz als qualifizierte Einzahlungsmethode akzeptiert.<\/p>\r\n\r\n\r\n\r\n<figure class=\"wp-block-image size-large\"><img loading=\"lazy\" class=\"wp-image-23056\" src=\"https:\/\/doppelwetten.com\/wp-content\/uploads\/2020\/07\/eure-ecopayz-3.png\" alt=\"\" width=\"709\" height=\"285\" srcset=\"https:\/\/doppelwetten.com\/wp-content\/uploads\/2020\/07\/eure-ecopayz-3.png 799w, https:\/\/doppelwetten.com\/wp-content\/uploads\/2020\/07\/eure-ecopayz-3-300x121.png 300w, https:\/\/doppelwetten.com\/wp-content\/uploads\/2020\/07\/eure-ecopayz-3-768x309.png 768w, https:\/\/doppelwetten.com\/wp-content\/uploads\/2020\/07\/eure-ecopayz-3-50x20.png 50w\" sizes=\"(max-width: 709px) 100vw, 709px\" \/><\/figure>\r\n\r\n\r\n\r\n<p>Nat\u00fcrlich ist auch das Anlegen von Skrill- (<a href=\"https:\/\/doppelwetten.com\/de\/die-ewo-cashback-strategie\" target=\"_blank\" rel=\"noreferrer noopener\">Link: www.skupgrade.vip\/DoppelWetten<\/a>) und Neteller- (<a href=\"https:\/\/doppelwetten.com\/de\/die-ewo-cashback-strategie\/\" target=\"_blank\" rel=\"noreferrer noopener\">Link:www.ntupgrade.vip\/DoppelWetten<\/a> ) Konten m\u00f6glich!<\/p>\r\n\r\n\r\n\r\n<figure class=\"wp-block-image size-large\"><img loading=\"lazy\" width=\"468\" height=\"255\" class=\"wp-image-23058\" src=\"https:\/\/doppelwetten.com\/wp-content\/uploads\/2020\/07\/my-deals-4.png\" alt=\"\" srcset=\"https:\/\/doppelwetten.com\/wp-content\/uploads\/2020\/07\/my-deals-4.png 468w, https:\/\/doppelwetten.com\/wp-content\/uploads\/2020\/07\/my-deals-4-300x163.png 300w, https:\/\/doppelwetten.com\/wp-content\/uploads\/2020\/07\/my-deals-4-50x27.png 50w\" sizes=\"(max-width: 468px) 100vw, 468px\" \/><\/figure>\r\n\r\n\r\n\r\n<p>Cashback wird bei jeder Einzahlung \u00fcber den Anbieter Eurer Wahl generiert, \u00fcber den Monat gesammelt und am Ende des Monats auf das Konto Eurer Wahl ausgezahlt.<\/p>\r\n\r\n\r\n\r\n<figure class=\"wp-block-image size-large\"><img loading=\"lazy\" width=\"1024\" height=\"212\" class=\"wp-image-23060\" src=\"https:\/\/doppelwetten.com\/wp-content\/uploads\/2020\/07\/Comission-5-1024x212.png\" alt=\"\" srcset=\"https:\/\/doppelwetten.com\/wp-content\/uploads\/2020\/07\/Comission-5-1024x212.png 1024w, https:\/\/doppelwetten.com\/wp-content\/uploads\/2020\/07\/Comission-5-300x62.png 300w, https:\/\/doppelwetten.com\/wp-content\/uploads\/2020\/07\/Comission-5-768x159.png 768w, https:\/\/doppelwetten.com\/wp-content\/uploads\/2020\/07\/Comission-5-50x10.png 50w, https:\/\/doppelwetten.com\/wp-content\/uploads\/2020\/07\/Comission-5.png 1139w\" sizes=\"(max-width: 1024px) 100vw, 1024px\" \/><\/figure>\r\n\r\n\r\n\r\n<h3><strong>Weshalb solltet Ihr ein E-Wallet einsetzen?<\/strong><\/h3>\r\n\r\n\r\n\r\n<p>E-Wallets bieten Euch (begrenzt) Anonymit\u00e4t. Da Ihr in der Regel auch eine physische Geldkarte zu Eurem Konto bestellen k\u00f6nnt, seid ihr nicht darauf angewiesen, Transfers \u00fcber Eure Kreditkarte oder Euer Girokonto laufen zu lassen.<\/p>\r\n\r\n\r\n\r\n<p>Wir alle freuen uns \u00fcber unser Hobby, bei dem man mit einfachsten Rechenmitteln seine Haushaltskasse aufbessern kann. Allerdings handelt es sich innerhalb von Deutschland bei Online-Wetten immer noch um einen (rechtlichen) Graubereich, der immer ein wenig argw\u00f6hnisch beobachtet wird.<\/p>\r\n\r\n\r\n\r\n<p>Das gilt z.B. f\u00fcr Banken.<\/p>\r\n\r\n\r\n\r\n<p>Wenn Ihr beispielsweise einen Kredit f\u00fcr ein Haus o. \u00e4. beantragen wollt, werden Eure Finanzen gepr\u00fcft.<\/p>\r\n\r\n\r\n\r\n<p>Bankangestellten glaubhaft zu versichern, dass man nicht spiels\u00fcchtig ist, wenn sie gef\u00fchlte 300 Einzahlungen bei Casinos sehen, ist nicht unm\u00f6glich, aber auch nicht einfach.<\/p>\r\n\r\n\r\n\r\n<p>Solltet Ihr erfolgreich sein in dem, was Ihr tut, wird mit Pech irgendwann das Finanzamt Fragen haben.<\/p>\r\n\r\n\r\n\r\n<p>Auch das gilt es ab einem gewissen Level zu vermeiden (muss jeder f\u00fcr sich selber ausmachen).<\/p>\r\n\r\n\r\n\r\n<p>Dar\u00fcber hinaus bieten Euch die E-Wallets eine physische Mastercard an, die Ihr Euch bestellen k\u00f6nnt. Damit k\u00f6nnt Ihr wie mit einer Kreditkarte Geld abheben, an der Tankstelle bezahlen und vieles mehr.<\/p>\r\n\r\n\r\n\r\n<h3><strong>Wie generieren wir jetzt einen m\u00f6glichst hohen Umsatz und damit auch Cashback?<\/strong><\/h3>\r\n\r\n\r\n\r\n<p>Nat\u00fcrlich mit unserem Handwerk, dem Matched Betting.<\/p>\r\n\r\n\r\n\r\n<p>Fast jeder Wettanbieter, der ecoPayz Einzahlungen anbietet, akzeptiert dies auch als qualifizierte Einzahlung.<\/p>\r\n\r\n\r\n\r\n<p>Bonusangebote werden so freigeschaltet und damit nochmals lukrativer. Mug Bets oder auch Angebote wie 2UP k\u00f6nnen mit weniger Verlust angespielt werden.<\/p>\r\n\r\n\r\n\r\n<p>Und wenn Euch das nicht reicht, habt Ihr hier bei DoppelWetten die exklusive M\u00f6glichkeit, diesen Cashback drastisch zu erh\u00f6hen.<\/p>\r\n\r\n\r\n\r\n<p>Und das macht ihr mit unserem exklusiven Angebot f\u00fcr risikofreie Casino-Angebote. \ud83d\ude42<\/p>\r\n\r\n\r\n\r\n<h3><strong>Was hat es mit den risikofreien Casino-Angeboten auf sich?<\/strong><\/h3>\r\n\r\n\r\n\r\n<p>DoppelWetten ist eine Zusammenarbeit mit einer anderen Seite eingegangen, um Dir die Chance zu geben, v\u00f6llig risikofrei von Sportwetten oder Casino zu profitieren. Es handelt sich hierbei nicht um Matched Betting, sondern um traditionelle Sportwetten und Casino, jedoch v\u00f6llig ohne Risiko f\u00fcr Dich. <b>Hierbei kannst Du Geld verdienen, ohne vorher Dein eigenes Geld zu riskieren.<\/b> Die Eins\u00e4tze werden Dir vorab zur Verf\u00fcgung gestellt, und Du wirst von einem Mitarbeiter per Live Chat und Screensharing durch die Wetten gef\u00fchrt. Vorkenntnisse sind nicht erforderlich. <strong>Wenn Du an diesen risikofreien Casino-Angeboten Interesse hast, kontaktiere uns einfach im Forum oder per E-Mail.<\/strong><\/p>\r\n\r\n\r\n\r\n<h3><strong>Wie generiert Ihr dabei Cashback?<\/strong><\/h3>\r\n\r\n\r\n\r\n<p>Die Casinoangebote k\u00f6nnen zu einem sehr gro\u00dfen Teil mit ecoPayz-Einzahlungen angespielt werden.<\/p>\r\n\r\n\r\n\r\n<figure class=\"wp-block-image size-large\"><img loading=\"lazy\" width=\"367\" height=\"521\" class=\"wp-image-23062\" src=\"https:\/\/doppelwetten.com\/wp-content\/uploads\/2020\/07\/einzhulang-6.png\" alt=\"\" srcset=\"https:\/\/doppelwetten.com\/wp-content\/uploads\/2020\/07\/einzhulang-6.png 367w, https:\/\/doppelwetten.com\/wp-content\/uploads\/2020\/07\/einzhulang-6-211x300.png 211w, https:\/\/doppelwetten.com\/wp-content\/uploads\/2020\/07\/einzhulang-6-35x50.png 35w\" sizes=\"(max-width: 367px) 100vw, 367px\" \/><\/figure>\r\n\r\n\r\n\r\n<p>Daher k\u00f6nnt ihr entsprechend oft Transfers \u00fcber das Konto Eurer Wahl leisten und damit ein hohes monatliches Volumen aufrecht erhalten.<\/p>\r\n\r\n\r\n\r\n<p>Und je mehr Geld flie\u00dft, umso h\u00f6her f\u00e4llt Euer Cashback aus!<\/p>\r\n\r\n\r\n\r\n<p><strong>Beispiel:<\/strong><\/p>\r\n\r\n\r\n\r\n<p>Um ecoPayz nutzen zu k\u00f6nnen, m\u00fcsst Ihr nat\u00fcrlich Geld einzahlen.<\/p>\r\n\r\n\r\n\r\n<p>Im Gold-Status betr\u00e4gt die Geb\u00fchr 1,5% bei Zahlung via Klarna.<\/p>\r\n\r\n\r\n\r\n<p>Wenn wir 300\u20ac einzahlen, liegt die Geb\u00fchr bei 4,50\u20ac.<\/p>\r\n\r\n\r\n\r\n\r\n\r\n<p>Angenommen Ihr nehmt Euch einen Tag f\u00fcr die Casinoangebote. Einzahlungsmethode ist ecoPayz.<\/p>\r\n\r\n\r\n\r\n<p>2 mal seid Ihr schon Bust, aber Ihr habt noch Zeit und Lust f\u00fcr ein 3. Angebot.<\/p>\r\n\r\n\r\n\r\n\r\n\r\n<p>Dieses 3. Angebot trifft und Ihr schafft den Durchmarsch oder Loop und erhaltet eine Auszahlung von 350\u20ac, Auszahlung \u00fcber ecoPayz. Das Geld wird ausgezahlt und Ihr habt nun 350\u20ac auf ecoPayz. Ihr habt 3x 100\u20ac eingezahlt, also erhaltet ihr bereits 3\u20ac Cashback, bei 1% \u00fcber Ewo.<\/p>\r\n\r\n\r\n\r\n<p>Bei den \u00fcblichen 13% betr\u00e4gt Euer Anteil 39\u20ac. Den Rest zahlt Ihr \u00fcber Paypal zur\u00fcck + 11\u20ac Eigenanteil (Bank oder evtl. noch anderes Guthaben).<\/p>\r\n\r\n\r\n\r\n<p>Ab sofort nutzt Ihr das Guthaben \u00fcber ecoPayz f\u00fcr weitere Casino-Angebote und habt bereits mit den n\u00e4chsten 2 Angeboten die anf\u00e4ngliche Geb\u00fchr \u00fcber Cashback wieder drin.<\/p>\r\n\r\n\r\n\r\n<p>Alles was danach kommt, ist Gewinn. Selbstverst\u00e4ndlich zu dem Gewinn, der \u00fcber die Casino-Angebote generiert wird.<\/p>\r\n\r\n\r\n\r\n<p>*** Erweiterung f\u00fcr die Multi-Accounter<\/p>\r\n\r\n\r\n\r\n<p>Da Ihr mit Eurer Anmeldung bei Ewo Eure eigenen Links kreieren k\u00f6nnt, k\u00f6nnt Ihr alle Eure Konten auf Euch selber tracken und dementsprechend Euren Cashback erh\u00f6hen.<\/p>\r\n\r\n\r\n\r\n<p>Wenn Ihr mit diesen Konten Transaktionen leistet, wird Euch der Cashback transparent berechnet.<\/p>\r\n\r\n\r\n\r\n<figure class=\"wp-block-image size-large\"><img loading=\"lazy\" width=\"802\" height=\"275\" class=\"wp-image-23064\" src=\"https:\/\/doppelwetten.com\/wp-content\/uploads\/2020\/07\/july-7.png\" alt=\"\" srcset=\"https:\/\/doppelwetten.com\/wp-content\/uploads\/2020\/07\/july-7.png 802w, https:\/\/doppelwetten.com\/wp-content\/uploads\/2020\/07\/july-7-300x103.png 300w, https:\/\/doppelwetten.com\/wp-content\/uploads\/2020\/07\/july-7-768x263.png 768w, https:\/\/doppelwetten.com\/wp-content\/uploads\/2020\/07\/july-7-50x17.png 50w\" sizes=\"(max-width: 802px) 100vw, 802px\" \/><\/figure>\r\n\r\n\r\n\r\n<p>Mit dem Vorteil, dass die Geb\u00fchren zwischen Personen entfallen, k\u00f6nnt Ihr alle Konten voll f\u00fcr Matched Betting\/Casino ausnutzen und Cashback sammeln.<\/p>\r\n\r\n\r\n\r\n<figure class=\"wp-block-image size-large\"><img loading=\"lazy\" width=\"430\" height=\"768\" class=\"wp-image-23066\" src=\"https:\/\/doppelwetten.com\/wp-content\/uploads\/2020\/07\/uberweisung-8.png\" alt=\"\" srcset=\"https:\/\/doppelwetten.com\/wp-content\/uploads\/2020\/07\/uberweisung-8.png 430w, https:\/\/doppelwetten.com\/wp-content\/uploads\/2020\/07\/uberweisung-8-168x300.png 168w, https:\/\/doppelwetten.com\/wp-content\/uploads\/2020\/07\/uberweisung-8-28x50.png 28w\" sizes=\"(max-width: 430px) 100vw, 430px\" \/><\/figure>\r\n\r\n\r\n\r\n<p>***Erweiterung f\u00fcr die Fortgeschrittenen<\/p>\r\n\r\n\r\n\r\n<p>Wenn Ihr den Cashback noch h\u00f6her pushen wollt, habt Ihr die M\u00f6glichkeit, auch bei allen gro\u00dfen Pokeranbietern E-Wallets zu nutzen. Bei Poker-Anbietern werden der Erfahrung nach geringere Ums\u00e4tze verlangt, bis wieder ausgezahlt werden kann.<\/p>\r\n\r\n\r\n\r\n<p>In der Praxis w\u00fcrde das in etwa so aussehen:<\/p>\r\n\r\n\r\n\r\n<p>Ihr zahlt 1000\u20ac ein, spielt einen Abend Microlimit Poker, oder je nach Spielst\u00e4rke auch h\u00f6her. Und lasst am (\u00fcber-)n\u00e4chsten Tag wieder auszahlen.<\/p>\r\n\r\n\r\n\r\n<p>Die Poker-Ergebnisse au\u00dfer Acht gelassen, w\u00fcrdet Ihr bei 1% entsprechend schon 10\u20ac Cashback erhalten. Angenommen, Ihr macht das 3 mal die Woche, kommen damit schon ca 120\u20ac im Monat zusammen.<\/p>\r\n\r\n\r\n\r\n<p>Da wir diese Strategie gerne mit Euch ausbauen m\u00f6chten, freuen wir uns auf Anregungen und Erfahrungsberichte von Euch.<\/p>\r\n\r\n\r\n\r\n<p>Fragen zur Vorgehensweise oder Anmeldung beantworten wir Euch gern.<\/p>\r\n","protected":false},"excerpt":{"rendered":"<p>Die Ewo-Cashback-Strategie Ich m\u00f6chte Euch meine pers\u00f6nliche Cashback-Strategie mit Hilfe von eWallet-Optimizer vorstellen: Das Grundprinzip der Strategie ist, so viel [&hellip;]<\/p>\n","protected":false},"author":1,"featured_media":0,"parent":0,"menu_order":0,"comment_status":"closed","ping_status":"closed","template":"","meta":{"_mi_skip_tracking":false},"yoast_head":"<!-- This site is optimized with the Yoast SEO plugin v19.13 - https:\/\/yoast.com\/wordpress\/plugins\/seo\/ -->\n<title>Die Ewo-Cashback-Strategie - DoppelWetten<\/title>\n<meta name=\"robots\" content=\"index, follow, max-snippet:-1, max-image-preview:large, max-video-preview:-1\" \/>\n<link rel=\"canonical\" href=\"https:\/\/doppelwetten.com\/de\/die-ewo-cashback-strategie\/\" \/>\n<meta property=\"og:locale\" content=\"de_DE\" \/>\n<meta property=\"og:type\" content=\"article\" \/>\n<meta property=\"og:title\" content=\"Die Ewo-Cashback-Strategie - DoppelWetten\" \/>\n<meta property=\"og:description\" content=\"Die Ewo-Cashback-Strategie Ich m\u00f6chte Euch meine pers\u00f6nliche Cashback-Strategie mit Hilfe von eWallet-Optimizer vorstellen: Das Grundprinzip der Strategie ist, so viel [&hellip;]\" \/>\n<meta property=\"og:url\" content=\"https:\/\/doppelwetten.com\/de\/die-ewo-cashback-strategie\/\" \/>\n<meta property=\"og:site_name\" content=\"DoppelWetten\" \/>\n<meta property=\"article:modified_time\" content=\"2021-07-14T01:25:14+00:00\" \/>\n<meta property=\"og:image\" content=\"https:\/\/doppelwetten.com\/wp-content\/uploads\/2020\/07\/register-new-account-1.png\" \/>\n<meta name=\"twitter:card\" content=\"summary_large_image\" \/>\n<meta name=\"twitter:site\" content=\"@doppelwetten\" \/>\n<meta name=\"twitter:label1\" content=\"Gesch\u00e4tzte Lesezeit\" \/>\n\t<meta name=\"twitter:data1\" content=\"8 Minuten\" \/>\n<script type=\"application\/ld+json\" class=\"yoast-schema-graph\">{\"@context\":\"https:\/\/schema.org\",\"@graph\":[{\"@type\":\"WebPage\",\"@id\":\"https:\/\/doppelwetten.com\/de\/die-ewo-cashback-strategie\/\",\"url\":\"https:\/\/doppelwetten.com\/de\/die-ewo-cashback-strategie\/\",\"name\":\"Die Ewo-Cashback-Strategie - DoppelWetten\",\"isPartOf\":{\"@id\":\"https:\/\/doppelwetten.com\/#website\"},\"datePublished\":\"2021-06-28T20:40:41+00:00\",\"dateModified\":\"2021-07-14T01:25:14+00:00\",\"breadcrumb\":{\"@id\":\"https:\/\/doppelwetten.com\/de\/die-ewo-cashback-strategie\/#breadcrumb\"},\"inLanguage\":\"de-DE\",\"potentialAction\":[{\"@type\":\"ReadAction\",\"target\":[\"https:\/\/doppelwetten.com\/de\/die-ewo-cashback-strategie\/\"]}]},{\"@type\":\"BreadcrumbList\",\"@id\":\"https:\/\/doppelwetten.com\/de\/die-ewo-cashback-strategie\/#breadcrumb\",\"itemListElement\":[{\"@type\":\"ListItem\",\"position\":1,\"name\":\"Home\",\"item\":\"https:\/\/doppelwetten.com\/de\/\"},{\"@type\":\"ListItem\",\"position\":2,\"name\":\"Die Ewo-Cashback-Strategie\"}]},{\"@type\":\"WebSite\",\"@id\":\"https:\/\/doppelwetten.com\/#website\",\"url\":\"https:\/\/doppelwetten.com\/\",\"name\":\"DoppelWetten\",\"description\":\"risikolosen Wetten (Schritt f\u00fcr Schritt)\",\"publisher\":{\"@id\":\"https:\/\/doppelwetten.com\/#organization\"},\"potentialAction\":[{\"@type\":\"SearchAction\",\"target\":{\"@type\":\"EntryPoint\",\"urlTemplate\":\"https:\/\/doppelwetten.com\/?s={search_term_string}\"},\"query-input\":\"required name=search_term_string\"}],\"inLanguage\":\"de-DE\"},{\"@type\":\"Organization\",\"@id\":\"https:\/\/doppelwetten.com\/#organization\",\"name\":\"DoppelWetten\",\"url\":\"https:\/\/doppelwetten.com\/\",\"logo\":{\"@type\":\"ImageObject\",\"inLanguage\":\"de-DE\",\"@id\":\"https:\/\/doppelwetten.com\/#\/schema\/logo\/image\/\",\"url\":\"https:\/\/doppelwetten.com\/wp-content\/uploads\/2021\/05\/google-logo-size.png\",\"contentUrl\":\"https:\/\/doppelwetten.com\/wp-content\/uploads\/2021\/05\/google-logo-size.png\",\"caption\":\"DoppelWetten\"},\"image\":{\"@id\":\"https:\/\/doppelwetten.com\/#\/schema\/logo\/image\/\"},\"sameAs\":[\"https:\/\/twitter.com\/doppelwetten\"]}]}<\/script>\n<!-- \/ Yoast SEO plugin. -->","yoast_head_json":{"title":"Die Ewo-Cashback-Strategie - DoppelWetten","robots":{"index":"index","follow":"follow","max-snippet":"max-snippet:-1","max-image-preview":"max-image-preview:large","max-video-preview":"max-video-preview:-1"},"canonical":"https:\/\/doppelwetten.com\/de\/die-ewo-cashback-strategie\/","og_locale":"de_DE","og_type":"article","og_title":"Die Ewo-Cashback-Strategie - DoppelWetten","og_description":"Die Ewo-Cashback-Strategie Ich m\u00f6chte Euch meine pers\u00f6nliche Cashback-Strategie mit Hilfe von eWallet-Optimizer vorstellen: Das Grundprinzip der Strategie ist, so viel [&hellip;]","og_url":"https:\/\/doppelwetten.com\/de\/die-ewo-cashback-strategie\/","og_site_name":"DoppelWetten","article_modified_time":"2021-07-14T01:25:14+00:00","og_image":[{"url":"https:\/\/doppelwetten.com\/wp-content\/uploads\/2020\/07\/register-new-account-1.png"}],"twitter_card":"summary_large_image","twitter_site":"@doppelwetten","twitter_misc":{"Gesch\u00e4tzte Lesezeit":"8 Minuten"},"schema":{"@context":"https:\/\/schema.org","@graph":[{"@type":"WebPage","@id":"https:\/\/doppelwetten.com\/de\/die-ewo-cashback-strategie\/","url":"https:\/\/doppelwetten.com\/de\/die-ewo-cashback-strategie\/","name":"Die Ewo-Cashback-Strategie - DoppelWetten","isPartOf":{"@id":"https:\/\/doppelwetten.com\/#website"},"datePublished":"2021-06-28T20:40:41+00:00","dateModified":"2021-07-14T01:25:14+00:00","breadcrumb":{"@id":"https:\/\/doppelwetten.com\/de\/die-ewo-cashback-strategie\/#breadcrumb"},"inLanguage":"de-DE","potentialAction":[{"@type":"ReadAction","target":["https:\/\/doppelwetten.com\/de\/die-ewo-cashback-strategie\/"]}]},{"@type":"BreadcrumbList","@id":"https:\/\/doppelwetten.com\/de\/die-ewo-cashback-strategie\/#breadcrumb","itemListElement":[{"@type":"ListItem","position":1,"name":"Home","item":"https:\/\/doppelwetten.com\/de\/"},{"@type":"ListItem","position":2,"name":"Die Ewo-Cashback-Strategie"}]},{"@type":"WebSite","@id":"https:\/\/doppelwetten.com\/#website","url":"https:\/\/doppelwetten.com\/","name":"DoppelWetten","description":"risikolosen Wetten (Schritt f\u00fcr Schritt)","publisher":{"@id":"https:\/\/doppelwetten.com\/#organization"},"potentialAction":[{"@type":"SearchAction","target":{"@type":"EntryPoint","urlTemplate":"https:\/\/doppelwetten.com\/?s={search_term_string}"},"query-input":"required name=search_term_string"}],"inLanguage":"de-DE"},{"@type":"Organization","@id":"https:\/\/doppelwetten.com\/#organization","name":"DoppelWetten","url":"https:\/\/doppelwetten.com\/","logo":{"@type":"ImageObject","inLanguage":"de-DE","@id":"https:\/\/doppelwetten.com\/#\/schema\/logo\/image\/","url":"https:\/\/doppelwetten.com\/wp-content\/uploads\/2021\/05\/google-logo-size.png","contentUrl":"https:\/\/doppelwetten.com\/wp-content\/uploads\/2021\/05\/google-logo-size.png","caption":"DoppelWetten"},"image":{"@id":"https:\/\/doppelwetten.com\/#\/schema\/logo\/image\/"},"sameAs":["https:\/\/twitter.com\/doppelwetten"]}]}},"_links":{"self":[{"href":"https:\/\/doppelwetten.com\/de\/wp-json\/wp\/v2\/pages\/25834"}],"collection":[{"href":"https:\/\/doppelwetten.com\/de\/wp-json\/wp\/v2\/pages"}],"about":[{"href":"https:\/\/doppelwetten.com\/de\/wp-json\/wp\/v2\/types\/page"}],"author":[{"embeddable":true,"href":"https:\/\/doppelwetten.com\/de\/wp-json\/wp\/v2\/users\/1"}],"replies":[{"embeddable":true,"href":"https:\/\/doppelwetten.com\/de\/wp-json\/wp\/v2\/comments?post=25834"}],"version-history":[{"count":5,"href":"https:\/\/doppelwetten.com\/de\/wp-json\/wp\/v2\/pages\/25834\/revisions"}],"predecessor-version":[{"id":25951,"href":"https:\/\/doppelwetten.com\/de\/wp-json\/wp\/v2\/pages\/25834\/revisions\/25951"}],"wp:attachment":[{"href":"https:\/\/doppelwetten.com\/de\/wp-json\/wp\/v2\/media?parent=25834"}],"curies":[{"name":"wp","href":"https:\/\/api.w.org\/{rel}","templated":true}]}}