{"id":25717,"date":"2021-06-19T15:23:04","date_gmt":"2021-06-19T15:23:04","guid":{"rendered":"https:\/\/doppelwetten.com\/was-ist-die-haftung-bei-einer-wettboerse\/"},"modified":"2021-06-19T18:48:05","modified_gmt":"2021-06-19T18:48:05","slug":"was-ist-die-haftung-bei-einer-wettboerse","status":"publish","type":"page","link":"https:\/\/doppelwetten.com\/de\/was-ist-die-haftung-bei-einer-wettboerse\/","title":{"rendered":"Was ist die Haftung bei einer Wettb\u00f6rse?"},"content":{"rendered":"<h2>Was ist die Haftung bei einer Wettb\u00f6rse?<\/h2>\n<p>Wenn Du Wettb\u00f6rsen benutzt, ist es unerl\u00e4sslich, dass Du verstehst, was die Haftung ist und was der Unterschied zwischen dem Einsatz und der Haftung ist.<\/p>\n<p>Dieser Artikel erl\u00e4utert die Haftung bei der Wettb\u00f6rse und worauf Du besonders achten musst, wenn Du eine Lay-Wette platzierst.<\/p>\n<p>Die Haftung ist etwas, das zu Verwirrung f\u00fchren kann, besonders wenn Du Wetten layst. Die Haftung ist, was Du verlierst, wenn Deine Wette verliert.<\/p>\n<p>Wenn Du ganz normal eine Wette bei einem Buchmacher platzierst, ist die Haftung einfach zu kalkulieren, da sie Deinem Einsatz entspricht. Wenn Du also 10\u20ac auf ein Spiel setzt, ist der Betrag, den Du verlieren kannst, 10\u20ac. Wenn wir jedoch Wetten layen, sieht die Haftung anders aus. Die Formel ist wie folgt: Einsatz x Quote \u2013 Einsatz = Haftung. Wenn Du z. B. eine Wette mit einer Quote von 6,00 und einem Einsatz von 10\u20ac layst, w\u00e4re Deine Haftung 10 x 6 \u2013 10 = 50\u20ac. Wie Du siehst, kann die Haftung bei einer Lay-Wette betr\u00e4chtlich h\u00f6her sein als die Back-Haftung.<\/p>\n<p>Es ist wichtig, vorsichtig zu sein und Deine Wette zu \u00fcberpr\u00fcfen, bevor Du sie setzt, da es sehr teuer werden kann, wenn Du aus Versehen auf eine falsche Lay-Quote setzt, die sehr viel h\u00f6her ist. Es ist z. B. ein Riesenunterschied, ob Du zu einer Quote von 4,10 oder 41 layst, wenn Deine Lay-Wette verliert. Wie in den folgenden Screenshots verdeutlicht wird, ist Deine Haftung bei einem Einsatz von 10\u20ac und einer Quote von 4,10 31\u20ac, aber 400\u20ac, wenn Du aus Versehen einen anderen Markt zu einer Quote von 41 layst.<\/p>\n<h2><img loading=\"lazy\" class=\"size-medium wp-image-25708 aligncenter\" src=\"https:\/\/doppelwetten.com\/wp-content\/uploads\/2021\/06\/201-300x61.png\" alt=\"Matched betting liability\" width=\"300\" height=\"61\" srcset=\"https:\/\/doppelwetten.com\/wp-content\/uploads\/2021\/06\/201-300x61.png 300w, https:\/\/doppelwetten.com\/wp-content\/uploads\/2021\/06\/201-50x10.png 50w, https:\/\/doppelwetten.com\/wp-content\/uploads\/2021\/06\/201.png 314w\" sizes=\"(max-width: 300px) 100vw, 300px\" \/><\/h2>\n[images style=&#8220;0&#8243; image=&#8220;https%3A%2F%2Fdoppelwetten.com%2Fwp-content%2Fuploads%2F2021%2F06%2F202.png&#8220; width=&#8220;315&#8243; align=&#8220;center&#8220; top_margin=&#8220;0&#8243; full_width=&#8220;Y&#8220;]\n<p>Die Wettb\u00f6rsen erlauben es Dir nicht, eine Wette zu platzieren, wenn Du nicht genug Geld auf Deinem Konto hast, um die Haftung abzudecken. Du kannst daher nie mehr Geld verlieren, als Du auf Deinem Wettb\u00f6rsen-Konto hast. Es ist jedoch trotzdem Pech, eine Wette zu verlieren, die Du eigentlich gar nicht setzen wolltest.<\/p>\n<p>Wenn Du doch einen Fehler machst, kannst Du die gleiche Wette backen, so dass sie sich gegenseitig aufheben. Du hast vielleicht am Ende einen kleinen Verlust, aber das ist immer noch besser, als einen hohen Geldbetrag zu verlieren.<\/p>\n<h2><span lang=\"EN-GB\">Hohe Quoten gewinnen manchmal<\/span><\/h2>\n<p>Es gibt keine sicheren Wetten. Wenn Du Wetten mit hohen Quoten layst, wirst Du die Mehrzahl Deiner Wetten gewinnen. Bisweilen jedoch gewinnen auch hohe Quoten, was m\u00f6glicherweise all den Profit, den Du gemacht hast, wieder ausradieren k\u00f6nnte.<\/p>\n<h2><span lang=\"EN-GB\">Haftungen heben sich gegenseitig auf<\/span><\/h2>\n<p>Und schlie\u00dflich, wenn Du mehr als eine Auswahl in demselben Spiel layst, werden die Haftungen nicht addiert. Wenn Du z. B. layst, dass Deutschland gewinnt, und auch layst, dass Deutschland unentschieden spielt, werden sich Deine Wetten teilweise gegeneinander aufheben und Deine gesamte Haftung reduzieren. Wenn Du \u00fcber 2,5 Tore backst und layst, k\u00f6nnten sich Deine Wetten, abh\u00e4ngig von den Quoten, vollst\u00e4ndig gegeneinander aufheben, und das Resultat Deiner Wetten 0\u20ac sein, unabh\u00e4ngig davon, wie viele Tore im Spiel erzielt wurden, da Du sowohl auf unter 2,5 Tore, als auch \u00fcber 2,5 Tore gesetzt hast.<\/p>\n","protected":false},"excerpt":{"rendered":"<p>Was ist die Haftung bei einer Wettb\u00f6rse? Wenn Du Wettb\u00f6rsen benutzt, ist es unerl\u00e4sslich, dass Du verstehst, was die Haftung [&hellip;]<\/p>\n","protected":false},"author":1,"featured_media":25712,"parent":0,"menu_order":0,"comment_status":"closed","ping_status":"closed","template":"","meta":{"_mi_skip_tracking":false},"yoast_head":"<!-- This site is optimized with the Yoast SEO plugin v19.13 - https:\/\/yoast.com\/wordpress\/plugins\/seo\/ -->\n<title>Was ist die Haftung bei einer Wettb\u00f6rse? - Matched Betting<\/title>\n<meta name=\"description\" content=\"Wenn Du Wettb\u00f6rsen benutzt, ist es unerl\u00e4sslich, dass Du verstehst, was die Haftung ist und was der Unterschied zwischen dem Einsatz und der Haftung ist.\" \/>\n<meta name=\"robots\" content=\"index, follow, max-snippet:-1, max-image-preview:large, max-video-preview:-1\" \/>\n<link rel=\"canonical\" href=\"https:\/\/doppelwetten.com\/de\/was-ist-die-haftung-bei-einer-wettboerse\/\" \/>\n<meta property=\"og:locale\" content=\"de_DE\" \/>\n<meta property=\"og:type\" content=\"article\" \/>\n<meta property=\"og:title\" content=\"Was ist die Haftung bei einer Wettb\u00f6rse? - Matched Betting\" \/>\n<meta property=\"og:description\" content=\"Wenn Du Wettb\u00f6rsen benutzt, ist es unerl\u00e4sslich, dass Du verstehst, was die Haftung ist und was der Unterschied zwischen dem Einsatz und der Haftung ist.\" \/>\n<meta property=\"og:url\" content=\"https:\/\/doppelwetten.com\/de\/was-ist-die-haftung-bei-einer-wettboerse\/\" \/>\n<meta property=\"og:site_name\" content=\"DoppelWetten\" \/>\n<meta property=\"article:modified_time\" content=\"2021-06-19T18:48:05+00:00\" \/>\n<meta property=\"og:image\" content=\"https:\/\/doppelwetten.com\/wp-content\/uploads\/2021\/06\/dreamstime_m_105555335-1-compressed.jpg\" \/>\n\t<meta property=\"og:image:width\" content=\"2121\" \/>\n\t<meta property=\"og:image:height\" content=\"1414\" \/>\n\t<meta property=\"og:image:type\" content=\"image\/jpeg\" \/>\n<meta name=\"twitter:card\" content=\"summary_large_image\" \/>\n<meta name=\"twitter:site\" content=\"@doppelwetten\" \/>\n<meta name=\"twitter:label1\" content=\"Gesch\u00e4tzte Lesezeit\" \/>\n\t<meta name=\"twitter:data1\" content=\"3 Minuten\" \/>\n<script type=\"application\/ld+json\" class=\"yoast-schema-graph\">{\"@context\":\"https:\/\/schema.org\",\"@graph\":[{\"@type\":\"WebPage\",\"@id\":\"https:\/\/doppelwetten.com\/de\/was-ist-die-haftung-bei-einer-wettboerse\/\",\"url\":\"https:\/\/doppelwetten.com\/de\/was-ist-die-haftung-bei-einer-wettboerse\/\",\"name\":\"Was ist die Haftung bei einer Wettb\u00f6rse? - Matched Betting\",\"isPartOf\":{\"@id\":\"https:\/\/doppelwetten.com\/#website\"},\"datePublished\":\"2021-06-19T15:23:04+00:00\",\"dateModified\":\"2021-06-19T18:48:05+00:00\",\"description\":\"Wenn Du Wettb\u00f6rsen benutzt, ist es unerl\u00e4sslich, dass Du verstehst, was die Haftung ist und was der Unterschied zwischen dem Einsatz und der Haftung ist.\",\"breadcrumb\":{\"@id\":\"https:\/\/doppelwetten.com\/de\/was-ist-die-haftung-bei-einer-wettboerse\/#breadcrumb\"},\"inLanguage\":\"de-DE\",\"potentialAction\":[{\"@type\":\"ReadAction\",\"target\":[\"https:\/\/doppelwetten.com\/de\/was-ist-die-haftung-bei-einer-wettboerse\/\"]}]},{\"@type\":\"BreadcrumbList\",\"@id\":\"https:\/\/doppelwetten.com\/de\/was-ist-die-haftung-bei-einer-wettboerse\/#breadcrumb\",\"itemListElement\":[{\"@type\":\"ListItem\",\"position\":1,\"name\":\"Home\",\"item\":\"https:\/\/doppelwetten.com\/de\/\"},{\"@type\":\"ListItem\",\"position\":2,\"name\":\"Was ist die Haftung bei einer Wettb\u00f6rse?\"}]},{\"@type\":\"WebSite\",\"@id\":\"https:\/\/doppelwetten.com\/#website\",\"url\":\"https:\/\/doppelwetten.com\/\",\"name\":\"DoppelWetten\",\"description\":\"risikolosen Wetten (Schritt f\u00fcr Schritt)\",\"publisher\":{\"@id\":\"https:\/\/doppelwetten.com\/#organization\"},\"potentialAction\":[{\"@type\":\"SearchAction\",\"target\":{\"@type\":\"EntryPoint\",\"urlTemplate\":\"https:\/\/doppelwetten.com\/?s={search_term_string}\"},\"query-input\":\"required name=search_term_string\"}],\"inLanguage\":\"de-DE\"},{\"@type\":\"Organization\",\"@id\":\"https:\/\/doppelwetten.com\/#organization\",\"name\":\"DoppelWetten\",\"url\":\"https:\/\/doppelwetten.com\/\",\"logo\":{\"@type\":\"ImageObject\",\"inLanguage\":\"de-DE\",\"@id\":\"https:\/\/doppelwetten.com\/#\/schema\/logo\/image\/\",\"url\":\"https:\/\/doppelwetten.com\/wp-content\/uploads\/2021\/05\/google-logo-size.png\",\"contentUrl\":\"https:\/\/doppelwetten.com\/wp-content\/uploads\/2021\/05\/google-logo-size.png\",\"caption\":\"DoppelWetten\"},\"image\":{\"@id\":\"https:\/\/doppelwetten.com\/#\/schema\/logo\/image\/\"},\"sameAs\":[\"https:\/\/twitter.com\/doppelwetten\"]}]}<\/script>\n<!-- \/ Yoast SEO plugin. -->","yoast_head_json":{"title":"Was ist die Haftung bei einer Wettb\u00f6rse? - Matched Betting","description":"Wenn Du Wettb\u00f6rsen benutzt, ist es unerl\u00e4sslich, dass Du verstehst, was die Haftung ist und was der Unterschied zwischen dem Einsatz und der Haftung ist.","robots":{"index":"index","follow":"follow","max-snippet":"max-snippet:-1","max-image-preview":"max-image-preview:large","max-video-preview":"max-video-preview:-1"},"canonical":"https:\/\/doppelwetten.com\/de\/was-ist-die-haftung-bei-einer-wettboerse\/","og_locale":"de_DE","og_type":"article","og_title":"Was ist die Haftung bei einer Wettb\u00f6rse? - Matched Betting","og_description":"Wenn Du Wettb\u00f6rsen benutzt, ist es unerl\u00e4sslich, dass Du verstehst, was die Haftung ist und was der Unterschied zwischen dem Einsatz und der Haftung ist.","og_url":"https:\/\/doppelwetten.com\/de\/was-ist-die-haftung-bei-einer-wettboerse\/","og_site_name":"DoppelWetten","article_modified_time":"2021-06-19T18:48:05+00:00","og_image":[{"width":2121,"height":1414,"url":"https:\/\/doppelwetten.com\/wp-content\/uploads\/2021\/06\/dreamstime_m_105555335-1-compressed.jpg","type":"image\/jpeg"}],"twitter_card":"summary_large_image","twitter_site":"@doppelwetten","twitter_misc":{"Gesch\u00e4tzte Lesezeit":"3 Minuten"},"schema":{"@context":"https:\/\/schema.org","@graph":[{"@type":"WebPage","@id":"https:\/\/doppelwetten.com\/de\/was-ist-die-haftung-bei-einer-wettboerse\/","url":"https:\/\/doppelwetten.com\/de\/was-ist-die-haftung-bei-einer-wettboerse\/","name":"Was ist die Haftung bei einer Wettb\u00f6rse? - Matched Betting","isPartOf":{"@id":"https:\/\/doppelwetten.com\/#website"},"datePublished":"2021-06-19T15:23:04+00:00","dateModified":"2021-06-19T18:48:05+00:00","description":"Wenn Du Wettb\u00f6rsen benutzt, ist es unerl\u00e4sslich, dass Du verstehst, was die Haftung ist und was der Unterschied zwischen dem Einsatz und der Haftung ist.","breadcrumb":{"@id":"https:\/\/doppelwetten.com\/de\/was-ist-die-haftung-bei-einer-wettboerse\/#breadcrumb"},"inLanguage":"de-DE","potentialAction":[{"@type":"ReadAction","target":["https:\/\/doppelwetten.com\/de\/was-ist-die-haftung-bei-einer-wettboerse\/"]}]},{"@type":"BreadcrumbList","@id":"https:\/\/doppelwetten.com\/de\/was-ist-die-haftung-bei-einer-wettboerse\/#breadcrumb","itemListElement":[{"@type":"ListItem","position":1,"name":"Home","item":"https:\/\/doppelwetten.com\/de\/"},{"@type":"ListItem","position":2,"name":"Was ist die Haftung bei einer Wettb\u00f6rse?"}]},{"@type":"WebSite","@id":"https:\/\/doppelwetten.com\/#website","url":"https:\/\/doppelwetten.com\/","name":"DoppelWetten","description":"risikolosen Wetten (Schritt f\u00fcr Schritt)","publisher":{"@id":"https:\/\/doppelwetten.com\/#organization"},"potentialAction":[{"@type":"SearchAction","target":{"@type":"EntryPoint","urlTemplate":"https:\/\/doppelwetten.com\/?s={search_term_string}"},"query-input":"required name=search_term_string"}],"inLanguage":"de-DE"},{"@type":"Organization","@id":"https:\/\/doppelwetten.com\/#organization","name":"DoppelWetten","url":"https:\/\/doppelwetten.com\/","logo":{"@type":"ImageObject","inLanguage":"de-DE","@id":"https:\/\/doppelwetten.com\/#\/schema\/logo\/image\/","url":"https:\/\/doppelwetten.com\/wp-content\/uploads\/2021\/05\/google-logo-size.png","contentUrl":"https:\/\/doppelwetten.com\/wp-content\/uploads\/2021\/05\/google-logo-size.png","caption":"DoppelWetten"},"image":{"@id":"https:\/\/doppelwetten.com\/#\/schema\/logo\/image\/"},"sameAs":["https:\/\/twitter.com\/doppelwetten"]}]}},"_links":{"self":[{"href":"https:\/\/doppelwetten.com\/de\/wp-json\/wp\/v2\/pages\/25717"}],"collection":[{"href":"https:\/\/doppelwetten.com\/de\/wp-json\/wp\/v2\/pages"}],"about":[{"href":"https:\/\/doppelwetten.com\/de\/wp-json\/wp\/v2\/types\/page"}],"author":[{"embeddable":true,"href":"https:\/\/doppelwetten.com\/de\/wp-json\/wp\/v2\/users\/1"}],"replies":[{"embeddable":true,"href":"https:\/\/doppelwetten.com\/de\/wp-json\/wp\/v2\/comments?post=25717"}],"version-history":[{"count":2,"href":"https:\/\/doppelwetten.com\/de\/wp-json\/wp\/v2\/pages\/25717\/revisions"}],"predecessor-version":[{"id":25719,"href":"https:\/\/doppelwetten.com\/de\/wp-json\/wp\/v2\/pages\/25717\/revisions\/25719"}],"wp:featuredmedia":[{"embeddable":true,"href":"https:\/\/doppelwetten.com\/de\/wp-json\/wp\/v2\/media\/25712"}],"wp:attachment":[{"href":"https:\/\/doppelwetten.com\/de\/wp-json\/wp\/v2\/media?parent=25717"}],"curies":[{"name":"wp","href":"https:\/\/api.w.org\/{rel}","templated":true}]}}