{"id":25683,"date":"2021-06-17T20:59:42","date_gmt":"2021-06-17T20:59:42","guid":{"rendered":"https:\/\/doppelwetten.com\/der-ideale-kontostand-bei-orbit\/"},"modified":"2022-01-05T01:20:07","modified_gmt":"2022-01-05T01:20:07","slug":"der-ideale-kontostand-bei-orbit","status":"publish","type":"page","link":"https:\/\/doppelwetten.com\/de\/der-ideale-kontostand-bei-orbit\/","title":{"rendered":"Der ideale Kontostand bei Orbit"},"content":{"rendered":"\r\n\r\n\t<h2 id=\"wie-viel-sollte-man-einzahlen\"><strong>Wie viel sollte man einzahlen?<\/strong><\/h2>\r\n<p>Wie Du sicher inzwischen wei\u00dft, ist der Mindestbetrag, den Du auf Dein Orbit-Konto via Bet-Football einzahlen kannst, 100 Euro. Aber wie weit kommst Du damit? Um ehrlich zu sein: nicht sehr weit &#8230; es kann funktionieren, aber Dein Matched Betting wird recht langsam in Gang kommen und k\u00f6nnte in Frustrationen enden, da Du wahrscheinlich relativ bald weitere Einzahlungen t\u00e4tigen werden musst.<\/p>\r\n<p>Warum w\u00e4re es also eine gute Idee, sofort einen h\u00f6heren Betrag einzuzahlen? Um diese Frage zu beantworten, m\u00fcssen wir zun\u00e4chst einen Blick auf die Haftung werfen.<\/p>\r\n<p><strong>Dein Kontostand bei Orbit muss hoch genug sein, um die Haftung f\u00fcr die jeweiligen Lay-Wetten, die Du platzieren m\u00f6chtest, abzudecken.\u00a0<\/strong>(Lies unseren Leitfaden \u00fcber die Haftung, wenn Du Dir nicht sicher bist, was genau dies bedeutet.)<\/p>\r\n<p>Nehmen wir an, Du machst das Betsson Neukundenangebot, mit einem 100% Bonus von 100\u20ac. Du hast 200\u20ac auf Deinem Betsson Konto und platzierst Deine erste Wette. Die Mindestquote ist 1,80.<\/p>\r\n\t\t\t\t<img src=\"https:\/\/doppelwetten.com\/wp-content\/uploads\/2021\/06\/197.png\" alt=\"197.png\" itemprop=\"image\" title=\"197.png\" onerror=\"this.style.display='none'\"  \/>\r\n\t<p>Die Haftung f\u00fcr Deine Lay-Wette bei einem Back-Einsatz von 200\u20ac ist, wie Du siehst, 167,65\u20ac, deutlich \u00fcber Deinem Kontostand bei Orbit, wenn Du lediglich 100\u20ac eingezahlt hast, selbst wenn Du ein Match mit einer Back-Quote von 1,85, nur knapp \u00fcber der Mindestquote, aussuchst.<\/p>\r\n<p>Du k\u00f6nntest nat\u00fcrlich mehrere kleinere Wetten platzieren, dies wird jedoch l\u00e4nger dauern, und die Chancen, dass Du durch die gesamten Wettanforderungen gehen musst, werden h\u00f6her sein.<\/p>\r\n<p><strong>Der Betrag, den Du f\u00fcr Deine Haftung bei Orbit brauchst, h\u00e4ngt von der jeweiligen Quote ab.\u00a0<\/strong>Deine Haftung berechnet sich immer nach dieser Formel: Lay-Einsatz * Lay-Quote &#8211; Lay-Einsatz.<\/p>\r\n<p>Hier ist ein Beispiel mit h\u00f6heren Quoten:<\/p>\r\n\t\t\t\t<img src=\"https:\/\/doppelwetten.com\/wp-content\/uploads\/2021\/06\/198.png\" alt=\"198.png\" itemprop=\"image\" title=\"198.png\" onerror=\"this.style.display='none'\"  \/>\r\n\t<p>Du wirst sehen, dass der Lay-Einsatz fast der Gleiche ist wie in dem ersten Beispiel,\u00a0<strong>die Haftung ist jedoch wegen der h\u00f6here Quote wesentlich h\u00f6her<\/strong>.<\/p>\r\n<p>Es bleibt nat\u00fcrlich Dir \u00fcberlassen, welche Quote Du ausw\u00e4hlst, Du musst jedoch \u00fcber der Mindestquote f\u00fcr das jeweilige Angebot, das Du gerade machst, bleiben, und da die meisten Willkommensangebote f\u00fcr 100% bis 100\u20ac sind, sollte Deine erste Wette idealerweise f\u00fcr 200\u20ac sein, und daf\u00fcr ben\u00f6tigst Du im Allgemeinen einen Kontostand bei Orbit von mindestens 150\u20ac bis 200\u20ac.<\/p>\r\n<h2 id=\"auszahlen-oder-nicht-auszahlen\"><strong>Auszahlen oder nicht Auszahlen?<\/strong><\/h2>\r\n<p>Wenn Dein erstes Angebot gut gelaufen ist, hast Du gerade Deinen Kontostand bei Orbit um knapp 200\u20ac erh\u00f6ht. Aber was solltest Du jetzt tun? Solltest Du einen Teil dieses Kontostandes abheben, oder alles f\u00fcr zuk\u00fcnftige Angebote behalten?\u00a0<strong>Was ist der ideale Kontostand, den man bei Orbit haben sollte?<\/strong><\/p>\r\n<p>Es gibt wieder keine eindeutige Antwort auf diese Fragen. Wahrscheinlich h\u00e4ngt es haupts\u00e4chlich von Deiner Bankroll ab und ob Du verf\u00fcgbares Geld brauchst, um auf Dein n\u00e4chstes Buchmacher-Konto einzuzahlen.<\/p>\r\n<p>Ein weiterer Faktor ist, wie schnell Du vorgehen m\u00f6chtest. Willst Du sogar mehrere Willkommensangebote zur gleichen Zeit machen? In dem Fall\u00a0<strong>w\u00fcrden wir empfehlen, so viel Geld, wie Du entbehren kannst, auf Deinem Orbit Konto zu lassen<\/strong>.<\/p>\r\n<p>Fr\u00fcher oder sp\u00e4ter passiert es bestimmt, dass Du ein Rollover-Angebot machst und alle Deine Wetten gewinnen. Falls bzw. wenn das passiert, wird Dein Kontostand bei Orbit ziemlich schnell aufgebraucht sein und Du wirst wieder einzahlen m\u00fcssen, mit den entsprechenden Geb\u00fchren.<\/p>\r\n<p><strong>Viele unserer Mitglieder haben immer einen Kontstand von rund 1000\u20ac bei Orbit und lassen nur etwas auszahlen, wenn der Kontostand wesentlich h\u00f6her ist.<\/strong><\/p>\r\n<p>Wenn Du jedoch wirklich das Geld brauchst, um bei Buchmachern einzuzahlen, liegt es nat\u00fcrlich ganz bei Dir, ob Du Auszahlungen t\u00e4tigen m\u00f6chtest, und mach Dir auf jeden Fall keine Sorgen, von Orbit limitiert oder sogar gegubbt zu werden, da so etwas nur bei Buchmachern passiert.<\/p>\r\n<p><strong>Denke jedoch an das Folgende:<\/strong>\u00a0Orbit bietet eine kostenlose Auszahlung pro Woche (Montag bis Sonntag) i. H. v. mindestens 200\u20ac an. Bei einer weiteren Auszahlung in der gleichen Woche werden Geb\u00fchren von 1% berechnet. Wenn Du weniger als 200\u20ac abheben m\u00f6chtest, wird eine Geb\u00fchr von 2\u20ac berechnet.<\/p>\r\n\r\n","protected":false},"excerpt":{"rendered":"<p>Wie viel sollte man einzahlen? Wie Du sicher inzwischen wei\u00dft, ist der Mindestbetrag, den Du auf Dein Orbit-Konto via Bet-Football [&hellip;]<\/p>\n","protected":false},"author":1,"featured_media":0,"parent":0,"menu_order":0,"comment_status":"closed","ping_status":"closed","template":"","meta":{"_mi_skip_tracking":false},"yoast_head":"<!-- This site is optimized with the Yoast SEO plugin v19.13 - https:\/\/yoast.com\/wordpress\/plugins\/seo\/ -->\n<title>What is KYC? - DoppelWetten risk free Matched Betting<\/title>\n<meta name=\"description\" content=\"Having to go through the KYC verification is perfectly normal whenever you sign up to a bookmaker, e-Wallet, betting exchange.\" \/>\n<meta name=\"robots\" content=\"index, follow, max-snippet:-1, max-image-preview:large, max-video-preview:-1\" \/>\n<link rel=\"canonical\" href=\"https:\/\/doppelwetten.com\/de\/der-ideale-kontostand-bei-orbit\/\" \/>\n<meta property=\"og:locale\" content=\"de_DE\" \/>\n<meta property=\"og:type\" content=\"article\" \/>\n<meta property=\"og:title\" content=\"What is KYC? - DoppelWetten risk free Matched Betting\" \/>\n<meta property=\"og:description\" content=\"Having to go through the KYC verification is perfectly normal whenever you sign up to a bookmaker, e-Wallet, betting exchange.\" \/>\n<meta property=\"og:url\" content=\"https:\/\/doppelwetten.com\/de\/der-ideale-kontostand-bei-orbit\/\" \/>\n<meta property=\"og:site_name\" content=\"DoppelWetten\" \/>\n<meta property=\"article:modified_time\" content=\"2022-01-05T01:20:07+00:00\" \/>\n<meta property=\"og:image\" content=\"https:\/\/doppelwetten.com\/wp-content\/uploads\/2021\/06\/197.png\" \/>\n<meta name=\"twitter:card\" content=\"summary_large_image\" \/>\n<meta name=\"twitter:site\" content=\"@doppelwetten\" \/>\n<meta name=\"twitter:label1\" content=\"Gesch\u00e4tzte Lesezeit\" \/>\n\t<meta name=\"twitter:data1\" content=\"3 Minuten\" \/>\n<script type=\"application\/ld+json\" class=\"yoast-schema-graph\">{\"@context\":\"https:\/\/schema.org\",\"@graph\":[{\"@type\":\"WebPage\",\"@id\":\"https:\/\/doppelwetten.com\/de\/der-ideale-kontostand-bei-orbit\/\",\"url\":\"https:\/\/doppelwetten.com\/de\/der-ideale-kontostand-bei-orbit\/\",\"name\":\"What is KYC? - DoppelWetten risk free Matched Betting\",\"isPartOf\":{\"@id\":\"https:\/\/doppelwetten.com\/#website\"},\"datePublished\":\"2021-06-17T20:59:42+00:00\",\"dateModified\":\"2022-01-05T01:20:07+00:00\",\"description\":\"Having to go through the KYC verification is perfectly normal whenever you sign up to a bookmaker, e-Wallet, betting exchange.\",\"breadcrumb\":{\"@id\":\"https:\/\/doppelwetten.com\/de\/der-ideale-kontostand-bei-orbit\/#breadcrumb\"},\"inLanguage\":\"de-DE\",\"potentialAction\":[{\"@type\":\"ReadAction\",\"target\":[\"https:\/\/doppelwetten.com\/de\/der-ideale-kontostand-bei-orbit\/\"]}]},{\"@type\":\"BreadcrumbList\",\"@id\":\"https:\/\/doppelwetten.com\/de\/der-ideale-kontostand-bei-orbit\/#breadcrumb\",\"itemListElement\":[{\"@type\":\"ListItem\",\"position\":1,\"name\":\"Home\",\"item\":\"https:\/\/doppelwetten.com\/de\/\"},{\"@type\":\"ListItem\",\"position\":2,\"name\":\"Der ideale Kontostand bei Orbit\"}]},{\"@type\":\"WebSite\",\"@id\":\"https:\/\/doppelwetten.com\/#website\",\"url\":\"https:\/\/doppelwetten.com\/\",\"name\":\"DoppelWetten\",\"description\":\"risikolosen Wetten (Schritt f\u00fcr Schritt)\",\"publisher\":{\"@id\":\"https:\/\/doppelwetten.com\/#organization\"},\"potentialAction\":[{\"@type\":\"SearchAction\",\"target\":{\"@type\":\"EntryPoint\",\"urlTemplate\":\"https:\/\/doppelwetten.com\/?s={search_term_string}\"},\"query-input\":\"required name=search_term_string\"}],\"inLanguage\":\"de-DE\"},{\"@type\":\"Organization\",\"@id\":\"https:\/\/doppelwetten.com\/#organization\",\"name\":\"DoppelWetten\",\"url\":\"https:\/\/doppelwetten.com\/\",\"logo\":{\"@type\":\"ImageObject\",\"inLanguage\":\"de-DE\",\"@id\":\"https:\/\/doppelwetten.com\/#\/schema\/logo\/image\/\",\"url\":\"https:\/\/doppelwetten.com\/wp-content\/uploads\/2021\/05\/google-logo-size.png\",\"contentUrl\":\"https:\/\/doppelwetten.com\/wp-content\/uploads\/2021\/05\/google-logo-size.png\",\"caption\":\"DoppelWetten\"},\"image\":{\"@id\":\"https:\/\/doppelwetten.com\/#\/schema\/logo\/image\/\"},\"sameAs\":[\"https:\/\/twitter.com\/doppelwetten\"]}]}<\/script>\n<!-- \/ Yoast SEO plugin. -->","yoast_head_json":{"title":"What is KYC? - DoppelWetten risk free Matched Betting","description":"Having to go through the KYC verification is perfectly normal whenever you sign up to a bookmaker, e-Wallet, betting exchange.","robots":{"index":"index","follow":"follow","max-snippet":"max-snippet:-1","max-image-preview":"max-image-preview:large","max-video-preview":"max-video-preview:-1"},"canonical":"https:\/\/doppelwetten.com\/de\/der-ideale-kontostand-bei-orbit\/","og_locale":"de_DE","og_type":"article","og_title":"What is KYC? - DoppelWetten risk free Matched Betting","og_description":"Having to go through the KYC verification is perfectly normal whenever you sign up to a bookmaker, e-Wallet, betting exchange.","og_url":"https:\/\/doppelwetten.com\/de\/der-ideale-kontostand-bei-orbit\/","og_site_name":"DoppelWetten","article_modified_time":"2022-01-05T01:20:07+00:00","og_image":[{"url":"https:\/\/doppelwetten.com\/wp-content\/uploads\/2021\/06\/197.png"}],"twitter_card":"summary_large_image","twitter_site":"@doppelwetten","twitter_misc":{"Gesch\u00e4tzte Lesezeit":"3 Minuten"},"schema":{"@context":"https:\/\/schema.org","@graph":[{"@type":"WebPage","@id":"https:\/\/doppelwetten.com\/de\/der-ideale-kontostand-bei-orbit\/","url":"https:\/\/doppelwetten.com\/de\/der-ideale-kontostand-bei-orbit\/","name":"What is KYC? - DoppelWetten risk free Matched Betting","isPartOf":{"@id":"https:\/\/doppelwetten.com\/#website"},"datePublished":"2021-06-17T20:59:42+00:00","dateModified":"2022-01-05T01:20:07+00:00","description":"Having to go through the KYC verification is perfectly normal whenever you sign up to a bookmaker, e-Wallet, betting exchange.","breadcrumb":{"@id":"https:\/\/doppelwetten.com\/de\/der-ideale-kontostand-bei-orbit\/#breadcrumb"},"inLanguage":"de-DE","potentialAction":[{"@type":"ReadAction","target":["https:\/\/doppelwetten.com\/de\/der-ideale-kontostand-bei-orbit\/"]}]},{"@type":"BreadcrumbList","@id":"https:\/\/doppelwetten.com\/de\/der-ideale-kontostand-bei-orbit\/#breadcrumb","itemListElement":[{"@type":"ListItem","position":1,"name":"Home","item":"https:\/\/doppelwetten.com\/de\/"},{"@type":"ListItem","position":2,"name":"Der ideale Kontostand bei Orbit"}]},{"@type":"WebSite","@id":"https:\/\/doppelwetten.com\/#website","url":"https:\/\/doppelwetten.com\/","name":"DoppelWetten","description":"risikolosen Wetten (Schritt f\u00fcr Schritt)","publisher":{"@id":"https:\/\/doppelwetten.com\/#organization"},"potentialAction":[{"@type":"SearchAction","target":{"@type":"EntryPoint","urlTemplate":"https:\/\/doppelwetten.com\/?s={search_term_string}"},"query-input":"required name=search_term_string"}],"inLanguage":"de-DE"},{"@type":"Organization","@id":"https:\/\/doppelwetten.com\/#organization","name":"DoppelWetten","url":"https:\/\/doppelwetten.com\/","logo":{"@type":"ImageObject","inLanguage":"de-DE","@id":"https:\/\/doppelwetten.com\/#\/schema\/logo\/image\/","url":"https:\/\/doppelwetten.com\/wp-content\/uploads\/2021\/05\/google-logo-size.png","contentUrl":"https:\/\/doppelwetten.com\/wp-content\/uploads\/2021\/05\/google-logo-size.png","caption":"DoppelWetten"},"image":{"@id":"https:\/\/doppelwetten.com\/#\/schema\/logo\/image\/"},"sameAs":["https:\/\/twitter.com\/doppelwetten"]}]}},"_links":{"self":[{"href":"https:\/\/doppelwetten.com\/de\/wp-json\/wp\/v2\/pages\/25683"}],"collection":[{"href":"https:\/\/doppelwetten.com\/de\/wp-json\/wp\/v2\/pages"}],"about":[{"href":"https:\/\/doppelwetten.com\/de\/wp-json\/wp\/v2\/types\/page"}],"author":[{"embeddable":true,"href":"https:\/\/doppelwetten.com\/de\/wp-json\/wp\/v2\/users\/1"}],"replies":[{"embeddable":true,"href":"https:\/\/doppelwetten.com\/de\/wp-json\/wp\/v2\/comments?post=25683"}],"version-history":[{"count":2,"href":"https:\/\/doppelwetten.com\/de\/wp-json\/wp\/v2\/pages\/25683\/revisions"}],"predecessor-version":[{"id":27224,"href":"https:\/\/doppelwetten.com\/de\/wp-json\/wp\/v2\/pages\/25683\/revisions\/27224"}],"wp:attachment":[{"href":"https:\/\/doppelwetten.com\/de\/wp-json\/wp\/v2\/media?parent=25683"}],"curies":[{"name":"wp","href":"https:\/\/api.w.org\/{rel}","templated":true}]}}