{"id":25563,"date":"2021-06-13T20:42:24","date_gmt":"2021-06-13T20:42:24","guid":{"rendered":"https:\/\/doppelwetten.com\/was-ist-kyc\/"},"modified":"2021-07-21T03:12:05","modified_gmt":"2021-07-21T03:12:05","slug":"was-ist-kyc","status":"publish","type":"page","link":"https:\/\/doppelwetten.com\/de\/was-ist-kyc\/","title":{"rendered":"Was ist KYC?"},"content":{"rendered":"\n<h1>\n\t\tWas ist KYC?\n\t<\/h1>\n\t\t\t\t<img loading=\"lazy\" src=\"https:\/\/doppelwetten.com\/wp-content\/uploads\/2021\/07\/kyc-300x197.jpg\" alt=\"kyc\" itemprop=\"image\" height=\"197\" width=\"300\" title=\"kyc\" onerror=\"this.style.display='none'\"  \/>\n\t<p>Eine KYC Verifizierung machen zu m\u00fcssen ist v\u00f6llig normal, wenn Du Dich bei einem Buchmacher, e-Wallet, einer Wettb\u00f6rse oder einer Reihe von anderen finanziellen online Diensten anmeldest.<\/p>\n<p>Know your customer oder KYC ist ein gebr\u00e4uchlicher Begriff f\u00fcr Richtlinien, die Firmen dazu verpflichten, Anstrengungen zu unternehmen, um die Identit\u00e4t ihrer Kunden zu verifizieren.<\/p>\n<p>Banken, digitale Zahlungsdienstleister oder finanzielle Firmen sind dazu verpflichtet, den KYC Prozess f\u00fcr den Kunden zu vervollst\u00e4ndigen, bevor sie ihm vollen Zugang zu allen Dienstleistungen gew\u00e4hren.<\/p>\n<p>Ziel dieses obligatorischen Prozesses ist es, illegale Aktivit\u00e4ten, wie z. B. die Nutzung von Unternehmen zur Geldw\u00e4sche, Bestechung oder Korruption, zu verhindern.<\/p>\n<p>KYC hilft den Beh\u00f6rden und Unternehmen dabei, Kundenaktivit\u00e4ten nachzuverfolgen und Betr\u00fcger im Vorfeld zu identifizieren, und es hilft Unternehmen auch dabei, Betr\u00fcger aus ihren Systemen fernzuhalten.<\/p>\n<h2>Welche Dokumente werden akzeptiert?<\/h2>\n<p>Als Teil des KYC Verifizierungsprozesses wirst Du gebeten werden, Unterlagen vorzulegen, die Deine Identit\u00e4t sowie Adresse belegen.<\/p>\n<p>F\u00fcr die Identit\u00e4tsverifizerung wirst Du aufgefordert werden, eines der folgende Dokumente einzureichen:<\/p>\n<i class=\"icon-circle hb-icon-float-left hb-icon-small hb-icon\" style=\"color:#0099ff\"><\/i>Personalausweis<\/p>\n<i class=\"icon-circle hb-icon-float-left hb-icon-small hb-icon\" style=\"color:#0099ff\"><\/i>Reisepass<\/p>\n<i class=\"icon-circle hb-icon-float-left hb-icon-small hb-icon\" style=\"color:#0099ff\"><\/i>F\u00fchrerschein<\/p>\n<p>F\u00fcr die Adress-Verifizierung wirst Du normalerweise gebeten werden, eins der folgenden Dokumente einzureichen:<\/p>\n<i class=\"icon-circle hb-icon-float-left hb-icon-small hb-icon\" style=\"color:#0099ff\"><\/i>Rechnung eines Versorgungsunternehmens<\/p>\n<i class=\"icon-circle hb-icon-float-left hb-icon-small hb-icon\" style=\"color:#0099ff\"><\/i>Kontoauszug<\/p>\n<i class=\"icon-circle hb-icon-float-left hb-icon-small hb-icon\" style=\"color:#0099ff\"><\/i>Mietvertrag<\/p>\n<i class=\"icon-circle hb-icon-float-left hb-icon-small hb-icon\" style=\"color:#0099ff\"><\/i>Schreiben des Arbeitgebers<\/p>\n<i class=\"icon-circle hb-icon-float-left hb-icon-small hb-icon\" style=\"color:#0099ff\"><\/i>Versicherungsvertrag<\/p>\n<i class=\"icon-circle hb-icon-float-left hb-icon-small hb-icon\" style=\"color:#0099ff\"><\/i>Steuerbescheid<\/p>\n<p>Es ist wichtig, zu bedenken, dass die Dokumente nicht \u00e4lter als drei Monate sein d\u00fcrfen.<\/p>\n<p>Zus\u00e4tzlich wirst Du evtl. auch gebeten werden, die benutzte Zahlungsmethode zu belegen, z. B. mit einer Kopie Deiner Kreditkarte.<\/p>\n<p>Denke daran, dass Du immer den dreistelligen Sicherheitscode abdeckst. Du kannst dies mit einem kleinen St\u00fcck Papier tun, wie unten gezeigt.<\/p>\n\n\t\t\t\t<img src=\"https:\/\/doppelwetten.com\/wp-content\/uploads\/2021\/06\/176.jpg\" alt=\"176.jpg\" itemprop=\"image\" title=\"176.jpg\" onerror=\"this.style.display='none'\"  \/>\n\t\t\t\t<img src=\"https:\/\/doppelwetten.com\/wp-content\/uploads\/2021\/06\/177.jpg\" alt=\"177.jpg\" itemprop=\"image\" title=\"177.jpg\" onerror=\"this.style.display='none'\"  \/>\n\t<p>Es empfiehlt sich jedoch im Allgemeinen, nicht zu viele Informationen unkenntlich zu machen, da dies die Chancen erh\u00f6ht, dass Deine Dokumente zur\u00fcckgewiesen werden. Im besonderen solltest Du nie ein Datum, Deinen vollen Namen und Deine Adresse unkenntlich machen.<\/p>\n<p>Die folgenden Daten werden von den eingereichten Unterlagen gesammelt:<\/p>\n<i class=\"icon-circle hb-icon-float-left hb-icon-small hb-icon\" style=\"color:#0099ff\"><\/i>Voller Name<\/p>\n<i class=\"icon-circle hb-icon-float-left hb-icon-small hb-icon\" style=\"color:#0099ff\"><\/i>Dokumenten-Nummer<\/p>\n<i class=\"icon-circle hb-icon-float-left hb-icon-small hb-icon\" style=\"color:#0099ff\"><\/i>Wohnadresse (f\u00fcr die Adressen-Verifikation)<\/p>\n<i class=\"icon-circle hb-icon-float-left hb-icon-small hb-icon\" style=\"color:#0099ff\"><\/i>Bild der Person<\/p>\n<i class=\"icon-circle hb-icon-float-left hb-icon-small hb-icon\" style=\"color:#0099ff\"><\/i>Geburtsdatum (wird haupts\u00e4chlich ben\u00f6tigt, um die Vollj\u00e4hrigkeit zu pr\u00fcfen)<\/p>\n<i class=\"icon-circle hb-icon-float-left hb-icon-small hb-icon\" style=\"color:#0099ff\"><\/i>Ausstellungs- sowie Ablaufdatum des Dokuments<\/p>\n<i class=\"icon-circle hb-icon-float-left hb-icon-small hb-icon\" style=\"color:#0099ff\"><\/i>Nationalit\u00e4t<\/p>\n<h2>Wie Du die Unterlagen \u00fcbermitteln solltest<\/h2>\n<p>Es gibt verschiedene Wege, die Unterlagen zu erfassen und einzureichen.<\/p>\n<i class=\"icon-circle hb-icon-float-left hb-icon-small hb-icon\" style=\"color:#0099ff\"><\/i>Scan &#8211; Viele Leute haben einen Drucker mit Scan-Funktion.<\/p>\n<i class=\"icon-circle hb-icon-float-left hb-icon-small hb-icon\" style=\"color:#0099ff\"><\/i>Foto &#8211; Du kannst auch einfach ein Foto mit Deinem Handy machen.<\/p>\n<i class=\"icon-circle hb-icon-float-left hb-icon-small hb-icon\" style=\"color:#0099ff\"><\/i>Handy-App- Es gibt einige Scanner Apps f\u00fcr Handys, wo Du mehrere Dokumente genau wie mit einem normalen Scanner einscannen und zusammenstellen kannst. Eine solche App ist Tap Scanner (benutze die kostenlose Version).<\/p>\n<p>Falls Du eine Fehlermeldung bekommst, wenn Du versuchst, die Dokumente hochzuladen, und die Datei ist gr\u00f6\u00dfer als gestattet, kannst Du einen kostenlosen online Kompressor-Service wie z. B. <a href=\"https:\/\/compressor.io\/\" class=\"broken_link\">https:\/\/compressor.io\/<\/a> benutzen. Lade einfach Dein Bild hoch oder ziehe es r\u00fcber, und das Bild wird um 60% bis 90% im Vergleich zur Originalgr\u00f6\u00dfe komprimiert, ohne die Qualit\u00e4t des Bildes zu beeintr\u00e4chtigen.<\/p>\n<h2>Sind meine Daten sicher?<\/h2>\n<p>Ja, Deine Daten sind sicher.<\/p>\n<p>Unternehmen wie EcoPayz und Bet-Football sind sehr streng im Umgang mit den Daten, die sie einholen. Wenn private Informationen missbraucht w\u00fcrden, w\u00e4re dies eine Katastrophe f\u00fcr solche Firmen und w\u00fcrde wahrscheinlich dazu f\u00fchren, dass die betreffende Firma schlie\u00dfen m\u00fcsste, da es nahezu unm\u00f6glich ist, das Vertrauen von Kunden nach solch einer Verletzung der Datensicherheit wiederzugewinnen.<\/p>\n<p>Das Gleiche trifft auf die meisten Buchmacher zu. Manche von ihnen sind b\u00f6rsennotierte Unternehmen, und es ist anzunehmen, dass die Aktienpreise stark fallen w\u00fcrden, wenn eine Verletzung der Datensicherheit entdeckt werden w\u00fcrde.<\/p>\n<h2><strong>Fazit<\/strong><\/h2>\n<p>Know Your Customer oder KYC ist ein Standard-Prozess, mit dem Unternehmen pr\u00fcfen, ob Du bist, wer Du vorgibst, zu sein.<\/p>\n<p>Jeder Buchmacher, jedes e-Wallet oder anderer Dienst wird die gleichen Informationen verlangen.<\/p>\n<p>Indem Du die Unterlagen zur Hand hast (z. B. in einem Ordner in Deinem Computer gespeichert), wist Du eine Menge Zeit sparen.<\/p>\n\n","protected":false},"excerpt":{"rendered":"<p>Was ist KYC? Eine KYC Verifizierung machen zu m\u00fcssen ist v\u00f6llig normal, wenn Du Dich bei einem Buchmacher, e-Wallet, einer [&hellip;]<\/p>\n","protected":false},"author":1,"featured_media":0,"parent":0,"menu_order":0,"comment_status":"closed","ping_status":"closed","template":"","meta":{"_mi_skip_tracking":false},"yoast_head":"<!-- This site is optimized with the Yoast SEO plugin v19.13 - https:\/\/yoast.com\/wordpress\/plugins\/seo\/ -->\n<title>Was ist KYC? - DoppelWetten Matched Betting auf Deutsch<\/title>\n<meta name=\"description\" content=\"Die KYC-Verifizierung durchlaufen zu m\u00fcssen ist v\u00f6llig normal, wenn Sie sich bei einem Buchmacher, einer E-Wallet oder einer Wettb\u00f6rse anmelden.\" \/>\n<meta name=\"robots\" content=\"index, follow, max-snippet:-1, max-image-preview:large, max-video-preview:-1\" \/>\n<link rel=\"canonical\" href=\"https:\/\/doppelwetten.com\/de\/was-ist-kyc\/\" \/>\n<meta property=\"og:locale\" content=\"de_DE\" \/>\n<meta property=\"og:type\" content=\"article\" \/>\n<meta property=\"og:title\" content=\"Was ist KYC? - DoppelWetten Matched Betting auf Deutsch\" \/>\n<meta property=\"og:description\" content=\"Die KYC-Verifizierung durchlaufen zu m\u00fcssen ist v\u00f6llig normal, wenn Sie sich bei einem Buchmacher, einer E-Wallet oder einer Wettb\u00f6rse anmelden.\" \/>\n<meta property=\"og:url\" content=\"https:\/\/doppelwetten.com\/de\/was-ist-kyc\/\" \/>\n<meta property=\"og:site_name\" content=\"DoppelWetten\" \/>\n<meta property=\"article:modified_time\" content=\"2021-07-21T03:12:05+00:00\" \/>\n<meta property=\"og:image\" content=\"https:\/\/doppelwetten.com\/wp-content\/uploads\/2021\/07\/kyc-300x197.jpg\" \/>\n<meta name=\"twitter:card\" content=\"summary_large_image\" \/>\n<meta name=\"twitter:site\" content=\"@doppelwetten\" \/>\n<meta name=\"twitter:label1\" content=\"Gesch\u00e4tzte Lesezeit\" \/>\n\t<meta name=\"twitter:data1\" content=\"3 Minuten\" \/>\n<script type=\"application\/ld+json\" class=\"yoast-schema-graph\">{\"@context\":\"https:\/\/schema.org\",\"@graph\":[{\"@type\":\"WebPage\",\"@id\":\"https:\/\/doppelwetten.com\/de\/was-ist-kyc\/\",\"url\":\"https:\/\/doppelwetten.com\/de\/was-ist-kyc\/\",\"name\":\"Was ist KYC? - DoppelWetten Matched Betting auf Deutsch\",\"isPartOf\":{\"@id\":\"https:\/\/doppelwetten.com\/#website\"},\"datePublished\":\"2021-06-13T20:42:24+00:00\",\"dateModified\":\"2021-07-21T03:12:05+00:00\",\"description\":\"Die KYC-Verifizierung durchlaufen zu m\u00fcssen ist v\u00f6llig normal, wenn Sie sich bei einem Buchmacher, einer E-Wallet oder einer Wettb\u00f6rse anmelden.\",\"breadcrumb\":{\"@id\":\"https:\/\/doppelwetten.com\/de\/was-ist-kyc\/#breadcrumb\"},\"inLanguage\":\"de-DE\",\"potentialAction\":[{\"@type\":\"ReadAction\",\"target\":[\"https:\/\/doppelwetten.com\/de\/was-ist-kyc\/\"]}]},{\"@type\":\"BreadcrumbList\",\"@id\":\"https:\/\/doppelwetten.com\/de\/was-ist-kyc\/#breadcrumb\",\"itemListElement\":[{\"@type\":\"ListItem\",\"position\":1,\"name\":\"Home\",\"item\":\"https:\/\/doppelwetten.com\/de\/\"},{\"@type\":\"ListItem\",\"position\":2,\"name\":\"Was ist KYC?\"}]},{\"@type\":\"WebSite\",\"@id\":\"https:\/\/doppelwetten.com\/#website\",\"url\":\"https:\/\/doppelwetten.com\/\",\"name\":\"DoppelWetten\",\"description\":\"risikolosen Wetten (Schritt f\u00fcr Schritt)\",\"publisher\":{\"@id\":\"https:\/\/doppelwetten.com\/#organization\"},\"potentialAction\":[{\"@type\":\"SearchAction\",\"target\":{\"@type\":\"EntryPoint\",\"urlTemplate\":\"https:\/\/doppelwetten.com\/?s={search_term_string}\"},\"query-input\":\"required name=search_term_string\"}],\"inLanguage\":\"de-DE\"},{\"@type\":\"Organization\",\"@id\":\"https:\/\/doppelwetten.com\/#organization\",\"name\":\"DoppelWetten\",\"url\":\"https:\/\/doppelwetten.com\/\",\"logo\":{\"@type\":\"ImageObject\",\"inLanguage\":\"de-DE\",\"@id\":\"https:\/\/doppelwetten.com\/#\/schema\/logo\/image\/\",\"url\":\"https:\/\/doppelwetten.com\/wp-content\/uploads\/2021\/05\/google-logo-size.png\",\"contentUrl\":\"https:\/\/doppelwetten.com\/wp-content\/uploads\/2021\/05\/google-logo-size.png\",\"caption\":\"DoppelWetten\"},\"image\":{\"@id\":\"https:\/\/doppelwetten.com\/#\/schema\/logo\/image\/\"},\"sameAs\":[\"https:\/\/twitter.com\/doppelwetten\"]}]}<\/script>\n<!-- \/ Yoast SEO plugin. -->","yoast_head_json":{"title":"Was ist KYC? - DoppelWetten Matched Betting auf Deutsch","description":"Die KYC-Verifizierung durchlaufen zu m\u00fcssen ist v\u00f6llig normal, wenn Sie sich bei einem Buchmacher, einer E-Wallet oder einer Wettb\u00f6rse anmelden.","robots":{"index":"index","follow":"follow","max-snippet":"max-snippet:-1","max-image-preview":"max-image-preview:large","max-video-preview":"max-video-preview:-1"},"canonical":"https:\/\/doppelwetten.com\/de\/was-ist-kyc\/","og_locale":"de_DE","og_type":"article","og_title":"Was ist KYC? - DoppelWetten Matched Betting auf Deutsch","og_description":"Die KYC-Verifizierung durchlaufen zu m\u00fcssen ist v\u00f6llig normal, wenn Sie sich bei einem Buchmacher, einer E-Wallet oder einer Wettb\u00f6rse anmelden.","og_url":"https:\/\/doppelwetten.com\/de\/was-ist-kyc\/","og_site_name":"DoppelWetten","article_modified_time":"2021-07-21T03:12:05+00:00","og_image":[{"url":"https:\/\/doppelwetten.com\/wp-content\/uploads\/2021\/07\/kyc-300x197.jpg"}],"twitter_card":"summary_large_image","twitter_site":"@doppelwetten","twitter_misc":{"Gesch\u00e4tzte Lesezeit":"3 Minuten"},"schema":{"@context":"https:\/\/schema.org","@graph":[{"@type":"WebPage","@id":"https:\/\/doppelwetten.com\/de\/was-ist-kyc\/","url":"https:\/\/doppelwetten.com\/de\/was-ist-kyc\/","name":"Was ist KYC? - DoppelWetten Matched Betting auf Deutsch","isPartOf":{"@id":"https:\/\/doppelwetten.com\/#website"},"datePublished":"2021-06-13T20:42:24+00:00","dateModified":"2021-07-21T03:12:05+00:00","description":"Die KYC-Verifizierung durchlaufen zu m\u00fcssen ist v\u00f6llig normal, wenn Sie sich bei einem Buchmacher, einer E-Wallet oder einer Wettb\u00f6rse anmelden.","breadcrumb":{"@id":"https:\/\/doppelwetten.com\/de\/was-ist-kyc\/#breadcrumb"},"inLanguage":"de-DE","potentialAction":[{"@type":"ReadAction","target":["https:\/\/doppelwetten.com\/de\/was-ist-kyc\/"]}]},{"@type":"BreadcrumbList","@id":"https:\/\/doppelwetten.com\/de\/was-ist-kyc\/#breadcrumb","itemListElement":[{"@type":"ListItem","position":1,"name":"Home","item":"https:\/\/doppelwetten.com\/de\/"},{"@type":"ListItem","position":2,"name":"Was ist KYC?"}]},{"@type":"WebSite","@id":"https:\/\/doppelwetten.com\/#website","url":"https:\/\/doppelwetten.com\/","name":"DoppelWetten","description":"risikolosen Wetten (Schritt f\u00fcr Schritt)","publisher":{"@id":"https:\/\/doppelwetten.com\/#organization"},"potentialAction":[{"@type":"SearchAction","target":{"@type":"EntryPoint","urlTemplate":"https:\/\/doppelwetten.com\/?s={search_term_string}"},"query-input":"required name=search_term_string"}],"inLanguage":"de-DE"},{"@type":"Organization","@id":"https:\/\/doppelwetten.com\/#organization","name":"DoppelWetten","url":"https:\/\/doppelwetten.com\/","logo":{"@type":"ImageObject","inLanguage":"de-DE","@id":"https:\/\/doppelwetten.com\/#\/schema\/logo\/image\/","url":"https:\/\/doppelwetten.com\/wp-content\/uploads\/2021\/05\/google-logo-size.png","contentUrl":"https:\/\/doppelwetten.com\/wp-content\/uploads\/2021\/05\/google-logo-size.png","caption":"DoppelWetten"},"image":{"@id":"https:\/\/doppelwetten.com\/#\/schema\/logo\/image\/"},"sameAs":["https:\/\/twitter.com\/doppelwetten"]}]}},"_links":{"self":[{"href":"https:\/\/doppelwetten.com\/de\/wp-json\/wp\/v2\/pages\/25563"}],"collection":[{"href":"https:\/\/doppelwetten.com\/de\/wp-json\/wp\/v2\/pages"}],"about":[{"href":"https:\/\/doppelwetten.com\/de\/wp-json\/wp\/v2\/types\/page"}],"author":[{"embeddable":true,"href":"https:\/\/doppelwetten.com\/de\/wp-json\/wp\/v2\/users\/1"}],"replies":[{"embeddable":true,"href":"https:\/\/doppelwetten.com\/de\/wp-json\/wp\/v2\/comments?post=25563"}],"version-history":[{"count":4,"href":"https:\/\/doppelwetten.com\/de\/wp-json\/wp\/v2\/pages\/25563\/revisions"}],"predecessor-version":[{"id":25991,"href":"https:\/\/doppelwetten.com\/de\/wp-json\/wp\/v2\/pages\/25563\/revisions\/25991"}],"wp:attachment":[{"href":"https:\/\/doppelwetten.com\/de\/wp-json\/wp\/v2\/media?parent=25563"}],"curies":[{"name":"wp","href":"https:\/\/api.w.org\/{rel}","templated":true}]}}