{"id":25236,"date":"2021-06-07T04:51:02","date_gmt":"2021-06-07T04:51:02","guid":{"rendered":"https:\/\/doppelwetten.com\/?page_id=25236"},"modified":"2022-01-05T01:21:02","modified_gmt":"2022-01-05T01:21:02","slug":"free-trial","status":"publish","type":"page","link":"https:\/\/doppelwetten.com\/de\/free-trial\/","title":{"rendered":"Probemitgliedschaft"},"content":{"rendered":"\r\n<h1>\r\n\t\tSUCHST DU NACH EINEM PROFITABLEN UND EINFACHEN WEG, ONLINE GELD ZU VERDIENEN?\r\n\t<\/h1>\r\n\t<p>Mit diesem perfekten Nebenverdienst kannst Du Dein monatliches Einkommen v\u00f6llig zeitungebunden aufstocken.<\/p>\r\n\t\t\t\t<img src=\"https:\/\/doppelwetten.com\/wp-content\/uploads\/2021\/10\/monthly-graph-earnings-de.png\" alt=\"monthly-graph-earnings-de.png\" itemprop=\"image\" title=\"monthly-graph-earnings-de.png\" onerror=\"this.style.display='none'\"  \/>\r\n<section>KOSTENLOSE PROBEMITGLIEDSCHAFT<\/section>\r\n\n\n\n\n\n\n<div class=\"mp_wrapper\">\n\n  <form class=\"mepr-signup-form mepr-form\" method=\"post\" action=\"\/de\/wp-json\/wp\/v2\/pages\/25236#mepr_jump\" novalidate>\n\n    <input type=\"hidden\" id=\"mepr_process_signup_form\" name=\"mepr_process_signup_form\" value=\"Y\" \/>\n\n    <input type=\"hidden\" id=\"mepr_product_id\" name=\"mepr_product_id\" value=\"21053\" \/>\n\n\n\n    \n\n\n    \n      <div class=\"mp-form-row mepr_bold mepr_price\">\n\n              <div class=\"custom-text-price\">\n\n        <label>Preis:<\/label>\n\n        <div class=\"mepr_price_cell\">\n\n          Kostenlos for 14 Tage\n        <\/div>\n\n      <\/div>\n\n      <\/div>\n\n    \n\n\n    \n\n\n    \n    <div class=\"register-wrapper\">\n      <div class=\"mp-form-row mepr_first_name\">\n\n        <div class=\"mp-form-label\">\n\n          <label>Vorname*<\/label>\n\n          <span class=\"cc-error\">Vorname erforderlich<\/span>\n\n        <\/div>\n\n        <input type=\"text\" name=\"user_first_name\" id=\"user_first_name\" class=\"mepr-form-input\" value=\"\" required \/>\n\n      <\/div>\n\n      <div class=\"mp-form-row mepr_last_name\">\n\n        <div class=\"mp-form-label\">\n\n          <label>Nachname*<\/label>\n\n          <span class=\"cc-error\">Nachname erforderlich<\/span>\n\n        <\/div>\n\n        <input type=\"text\" name=\"user_last_name\" id=\"user_last_name\" class=\"mepr-form-input\" value=\"\" required \/>\n\n      <\/div>\n\n    \n\n\n    \n<div class=\"mp-form-row mepr_custom_field mepr_mepr_email_address mepr-field-required\">\n      <div class=\"mp-form-label\">\n      <label for=\"mepr_email_address\">E-Mail-Adresse:*<\/label>\n      <span class=\"cc-error\">Email address ist erforderlich<\/span>\n    <\/div>\n    <input type=\"text\" name=\"mepr_email_address\" id=\"mepr_email_address\" class=\"mepr-form-input \" value=\"\" required \/><\/div>\n\n<div class=\"mp-form-row mepr_custom_field mepr_mepr_land\">\n      <div class=\"mp-form-label\">\n      <label for=\"mepr_land\">Land:<\/label>\n      <span class=\"cc-error\">Land ist nicht g\u00fcltig<\/span>\n    <\/div>\n            <select name=\"mepr_land\" id=\"mepr_land\" class=\"mepr-form-input mepr-select-field  \"  >\n          <option value=\"deutschland\" >Deutschland<\/option><option value=\"oesterreich\" >\u00d6sterreich<\/option><option value=\"schweiz\" >Schweiz<\/option><option value=\"sonstiges\" >Sonstiges<\/option>        <\/select>\n        <\/div>\n\n\n\n    \n      <input type=\"hidden\" class=\"mepr-geo-country\" name=\"mepr-geo-country\" value=\"\" \/>\n\n\n\n      \n      <div class=\"mp-form-row mepr_email\">\n\n        <div class=\"mp-form-label\">\n\n          <label>E-Mail-Adresse<\/label>\n\n          <span class=\"cc-error\">Ung\u00fcltige E-Mail-Adresse<\/span>\n\n        <\/div>\n\n        <input type=\"email\" name=\"user_email\" id=\"user_email\" class=\"mepr-form-input\" value=\"\" required \/>\n\n      <\/div>\n\n      \n      \n      \n        <div class=\"mp-form-row mepr_password\">\n\n          <div class=\"mp-form-label\">\n\n            <label>Passwort*<\/label>\n\n            <span class=\"cc-error\">Ung\u00fcltiges Passwort<\/span>\n\n          <\/div>\n\n          <input type=\"password\" name=\"mepr_user_password\" id=\"mepr_user_password\" class=\"mepr-form-input mepr-password\" value=\"\" required \/>\n\n        <\/div>\n\n        <div class=\"mp-form-row mepr_password_confirm\">\n\n          <div class=\"mp-form-label\">\n\n            <label>Best\u00e4tigen<\/label>\n\n            <span class=\"cc-error\">Passwort-Best\u00e4tigung stimmt nicht \u00fcberein<\/span>\n\n          <\/div>\n\n          <input type=\"password\" name=\"mepr_user_password_confirm\" id=\"mepr_user_password_confirm\" class=\"mepr-form-input mepr-password-confirm\" value=\"\" required \/>\n\n        <\/div>\n\n            <div class=\"mp-form-row mp-password-strength-area\">\n      <span class=\"mp-password-strength-display mp-nopass\">Passwortst\u00e4rke<\/span>\n\n              <span>&nbsp;<small><em>Das Passwort muss \"Medium\" oder st\u00e4rker sein.<\/em><\/small><\/span>\n      \n      <input type=\"hidden\" name=\"mp-pass-strength\" class=\"mp-pass-strength\" value=\"0\" \/>\n    <\/div>\n    \n        \n      \n    \n\n\n    \n    \n\n\n    \n      <input type=\"hidden\" id=\"mepr_coupon_code-21053\" name=\"mepr_coupon_code\" value=\"\" \/>\n\n    \n\n\n    \n\n\n    \n      <div class=\"mp-form-row\">\n\n        <span for=\"mepr_agree_to_privacy_policy\" class=\"policy-checkbox mepr-checkbox-fields mepr-form-inputs\" required>\n\n          <input type=\"checkbox\" name=\"mepr_agree_to_privacy_policy\" id=\"mepr_agree_to_privacy_policy\" \/>\n\n          I accept the <a href=\"https:\/\/doppelwetten.com\/datenschutzerklarung\/\" target=\"_blank\">privacy policy<\/a> and confirm I am over 18 years old\n        <\/span>\n\n      <\/div>\n\n    \n\n\n    \n    \n\n\n    <div class=\"mepr_spacer\">&nbsp;<\/div>\n\n\n\n    <div class=\"mp-form-submit\">\n\n      \n      <input type=\"text\" id=\"mepr_no_val\" name=\"mepr_no_val\" class=\"mepr-form-input\" autocomplete=\"off\" \/>\n\n\n\n      <input type=\"submit\" class=\"mepr-submit\" value=\"Jetzt probieren\" \/>\n\n      <img src=\"https:\/\/doppelwetten.com\/wp-admin\/images\/loading.gif\" style=\"display: none;\" class=\"mepr-loading-gif\" \/>\n\n      <span class=\"mepr-form-has-errors\">Bitte behebe die oben genannten Fehler.<\/span>\n\n\n    <\/div>\n\n  <\/div>\n  <\/form>\n\n<\/div>\r\n<img src=\"https:\/\/doppelwetten.com\/wp-content\/uploads\/2020\/08\/payment-icons-1.png\" alt=\"Payment Options\" \/>\r\n<a href=\"https:\/\/doppelwetten.com\/registration\/\">No to trial period? Go to pricing page here<\/a>\r\n\t<h1>In der kostenlosen Mitgliedschaft enthalten:<\/h1>\r\n\t<p><img loading=\"lazy\" src=\"https:\/\/doppelwetten.com\/wp-content\/uploads\/2021\/07\/first-profit.png\" alt=\"\" width=\"100\" height=\"100\" \/><\/p>\r\n<p>8 LEICHT ZU BEFOLGENDE LEKTIONEN<\/p>\r\n\t<p><img loading=\"lazy\" src=\"https:\/\/doppelwetten.com\/wp-content\/uploads\/2021\/07\/easy-to-follow.png\" alt=\"\" width=\"100\" height=\"100\" \/><\/p>\r\n<p>EXKLUSIVE VIDEO-LEITF\u00c4DEN<\/p>\r\n\t<p><img loading=\"lazy\" src=\"https:\/\/doppelwetten.com\/wp-content\/uploads\/2021\/07\/learn.png\" alt=\"\" width=\"100\" height=\"100\" \/><\/p>\r\n<p>VOLLST\u00c4NDIGE SCHRITT-F\u00dcR-SCHRITT LEITF\u00c4DEN<\/p>\r\n\t<p><img loading=\"lazy\" src=\"https:\/\/doppelwetten.com\/wp-content\/uploads\/2021\/07\/easy-to-use.png\" alt=\"\" width=\"100\" height=\"100\" \/><\/p>\r\n<p>FORTSCHRITTE WERDEN SICHTBAR GETRACKT<\/p>\r\n\t<h2><strong>M\u00f6chtest Du jetzt vollen Zugang erhalten? Dann melde Dich f\u00fcr unsere monatliche Mitgliedschaft an.<\/strong><\/h2>\r\n<p><a href=\"https:\/\/doppelwetten.com\/de\/registration\">HIER GEHT&#8217;S ZUR ANMELDUNG<\/a><\/p>\r\n\r\n","protected":false},"excerpt":{"rendered":"<p>SUCHST DU NACH EINEM PROFITABLEN UND EINFACHEN WEG, ONLINE GELD ZU VERDIENEN? Mit diesem perfekten Nebenverdienst kannst Du Dein monatliches [&hellip;]<\/p>\n","protected":false},"author":1,"featured_media":0,"parent":0,"menu_order":0,"comment_status":"closed","ping_status":"closed","template":"","meta":{"_mi_skip_tracking":false},"yoast_head":"<!-- This site is optimized with the Yoast SEO plugin v19.13 - https:\/\/yoast.com\/wordpress\/plugins\/seo\/ -->\n<title>Probemitgliedschaft - DoppelWetten<\/title>\n<meta name=\"robots\" content=\"index, follow, max-snippet:-1, max-image-preview:large, max-video-preview:-1\" \/>\n<link rel=\"canonical\" href=\"https:\/\/doppelwetten.com\/de\/free-trial\/\" \/>\n<meta property=\"og:locale\" content=\"de_DE\" \/>\n<meta property=\"og:type\" content=\"article\" \/>\n<meta property=\"og:title\" content=\"Probemitgliedschaft - DoppelWetten\" \/>\n<meta property=\"og:description\" content=\"SUCHST DU NACH EINEM PROFITABLEN UND EINFACHEN WEG, ONLINE GELD ZU VERDIENEN? Mit diesem perfekten Nebenverdienst kannst Du Dein monatliches [&hellip;]\" \/>\n<meta property=\"og:url\" content=\"https:\/\/doppelwetten.com\/de\/free-trial\/\" \/>\n<meta property=\"og:site_name\" content=\"DoppelWetten\" \/>\n<meta property=\"article:modified_time\" content=\"2022-01-05T01:21:02+00:00\" \/>\n<meta property=\"og:image\" content=\"https:\/\/doppelwetten.com\/wp-content\/uploads\/2021\/10\/monthly-graph-earnings-de.png\" \/>\n<meta name=\"twitter:card\" content=\"summary_large_image\" \/>\n<meta name=\"twitter:site\" content=\"@doppelwetten\" \/>\n<script type=\"application\/ld+json\" class=\"yoast-schema-graph\">{\"@context\":\"https:\/\/schema.org\",\"@graph\":[{\"@type\":\"WebPage\",\"@id\":\"https:\/\/doppelwetten.com\/de\/free-trial\/\",\"url\":\"https:\/\/doppelwetten.com\/de\/free-trial\/\",\"name\":\"Probemitgliedschaft - DoppelWetten\",\"isPartOf\":{\"@id\":\"https:\/\/doppelwetten.com\/#website\"},\"datePublished\":\"2021-06-07T04:51:02+00:00\",\"dateModified\":\"2022-01-05T01:21:02+00:00\",\"breadcrumb\":{\"@id\":\"https:\/\/doppelwetten.com\/de\/free-trial\/#breadcrumb\"},\"inLanguage\":\"de-DE\",\"potentialAction\":[{\"@type\":\"ReadAction\",\"target\":[\"https:\/\/doppelwetten.com\/de\/free-trial\/\"]}]},{\"@type\":\"BreadcrumbList\",\"@id\":\"https:\/\/doppelwetten.com\/de\/free-trial\/#breadcrumb\",\"itemListElement\":[{\"@type\":\"ListItem\",\"position\":1,\"name\":\"Home\",\"item\":\"https:\/\/doppelwetten.com\/de\/\"},{\"@type\":\"ListItem\",\"position\":2,\"name\":\"Probemitgliedschaft\"}]},{\"@type\":\"WebSite\",\"@id\":\"https:\/\/doppelwetten.com\/#website\",\"url\":\"https:\/\/doppelwetten.com\/\",\"name\":\"DoppelWetten\",\"description\":\"risikolosen Wetten (Schritt f\u00fcr Schritt)\",\"publisher\":{\"@id\":\"https:\/\/doppelwetten.com\/#organization\"},\"potentialAction\":[{\"@type\":\"SearchAction\",\"target\":{\"@type\":\"EntryPoint\",\"urlTemplate\":\"https:\/\/doppelwetten.com\/?s={search_term_string}\"},\"query-input\":\"required name=search_term_string\"}],\"inLanguage\":\"de-DE\"},{\"@type\":\"Organization\",\"@id\":\"https:\/\/doppelwetten.com\/#organization\",\"name\":\"DoppelWetten\",\"url\":\"https:\/\/doppelwetten.com\/\",\"logo\":{\"@type\":\"ImageObject\",\"inLanguage\":\"de-DE\",\"@id\":\"https:\/\/doppelwetten.com\/#\/schema\/logo\/image\/\",\"url\":\"https:\/\/doppelwetten.com\/wp-content\/uploads\/2021\/05\/google-logo-size.png\",\"contentUrl\":\"https:\/\/doppelwetten.com\/wp-content\/uploads\/2021\/05\/google-logo-size.png\",\"caption\":\"DoppelWetten\"},\"image\":{\"@id\":\"https:\/\/doppelwetten.com\/#\/schema\/logo\/image\/\"},\"sameAs\":[\"https:\/\/twitter.com\/doppelwetten\"]}]}<\/script>\n<!-- \/ Yoast SEO plugin. -->","yoast_head_json":{"title":"Probemitgliedschaft - DoppelWetten","robots":{"index":"index","follow":"follow","max-snippet":"max-snippet:-1","max-image-preview":"max-image-preview:large","max-video-preview":"max-video-preview:-1"},"canonical":"https:\/\/doppelwetten.com\/de\/free-trial\/","og_locale":"de_DE","og_type":"article","og_title":"Probemitgliedschaft - DoppelWetten","og_description":"SUCHST DU NACH EINEM PROFITABLEN UND EINFACHEN WEG, ONLINE GELD ZU VERDIENEN? Mit diesem perfekten Nebenverdienst kannst Du Dein monatliches [&hellip;]","og_url":"https:\/\/doppelwetten.com\/de\/free-trial\/","og_site_name":"DoppelWetten","article_modified_time":"2022-01-05T01:21:02+00:00","og_image":[{"url":"https:\/\/doppelwetten.com\/wp-content\/uploads\/2021\/10\/monthly-graph-earnings-de.png"}],"twitter_card":"summary_large_image","twitter_site":"@doppelwetten","schema":{"@context":"https:\/\/schema.org","@graph":[{"@type":"WebPage","@id":"https:\/\/doppelwetten.com\/de\/free-trial\/","url":"https:\/\/doppelwetten.com\/de\/free-trial\/","name":"Probemitgliedschaft - DoppelWetten","isPartOf":{"@id":"https:\/\/doppelwetten.com\/#website"},"datePublished":"2021-06-07T04:51:02+00:00","dateModified":"2022-01-05T01:21:02+00:00","breadcrumb":{"@id":"https:\/\/doppelwetten.com\/de\/free-trial\/#breadcrumb"},"inLanguage":"de-DE","potentialAction":[{"@type":"ReadAction","target":["https:\/\/doppelwetten.com\/de\/free-trial\/"]}]},{"@type":"BreadcrumbList","@id":"https:\/\/doppelwetten.com\/de\/free-trial\/#breadcrumb","itemListElement":[{"@type":"ListItem","position":1,"name":"Home","item":"https:\/\/doppelwetten.com\/de\/"},{"@type":"ListItem","position":2,"name":"Probemitgliedschaft"}]},{"@type":"WebSite","@id":"https:\/\/doppelwetten.com\/#website","url":"https:\/\/doppelwetten.com\/","name":"DoppelWetten","description":"risikolosen Wetten (Schritt f\u00fcr Schritt)","publisher":{"@id":"https:\/\/doppelwetten.com\/#organization"},"potentialAction":[{"@type":"SearchAction","target":{"@type":"EntryPoint","urlTemplate":"https:\/\/doppelwetten.com\/?s={search_term_string}"},"query-input":"required name=search_term_string"}],"inLanguage":"de-DE"},{"@type":"Organization","@id":"https:\/\/doppelwetten.com\/#organization","name":"DoppelWetten","url":"https:\/\/doppelwetten.com\/","logo":{"@type":"ImageObject","inLanguage":"de-DE","@id":"https:\/\/doppelwetten.com\/#\/schema\/logo\/image\/","url":"https:\/\/doppelwetten.com\/wp-content\/uploads\/2021\/05\/google-logo-size.png","contentUrl":"https:\/\/doppelwetten.com\/wp-content\/uploads\/2021\/05\/google-logo-size.png","caption":"DoppelWetten"},"image":{"@id":"https:\/\/doppelwetten.com\/#\/schema\/logo\/image\/"},"sameAs":["https:\/\/twitter.com\/doppelwetten"]}]}},"_links":{"self":[{"href":"https:\/\/doppelwetten.com\/de\/wp-json\/wp\/v2\/pages\/25236"}],"collection":[{"href":"https:\/\/doppelwetten.com\/de\/wp-json\/wp\/v2\/pages"}],"about":[{"href":"https:\/\/doppelwetten.com\/de\/wp-json\/wp\/v2\/types\/page"}],"author":[{"embeddable":true,"href":"https:\/\/doppelwetten.com\/de\/wp-json\/wp\/v2\/users\/1"}],"replies":[{"embeddable":true,"href":"https:\/\/doppelwetten.com\/de\/wp-json\/wp\/v2\/comments?post=25236"}],"version-history":[{"count":6,"href":"https:\/\/doppelwetten.com\/de\/wp-json\/wp\/v2\/pages\/25236\/revisions"}],"predecessor-version":[{"id":27294,"href":"https:\/\/doppelwetten.com\/de\/wp-json\/wp\/v2\/pages\/25236\/revisions\/27294"}],"wp:attachment":[{"href":"https:\/\/doppelwetten.com\/de\/wp-json\/wp\/v2\/media?parent=25236"}],"curies":[{"name":"wp","href":"https:\/\/api.w.org\/{rel}","templated":true}]}}