{"id":21168,"date":"2020-02-11T23:50:45","date_gmt":"2020-02-11T23:50:45","guid":{"rendered":"https:\/\/doppelwetten.com\/der-sequential-dutching-rechner\/"},"modified":"2020-08-24T20:21:18","modified_gmt":"2020-08-24T20:21:18","slug":"der-sequential-dutching-rechner","status":"publish","type":"page","link":"https:\/\/doppelwetten.com\/de\/der-sequential-dutching-rechner\/","title":{"rendered":"Der Sequential Dutching Rechner"},"content":{"rendered":"\n<p>Der Sequential Dutching Rechner kann benutzt werden, um risikofreien Gewinn aus Kombiwetten zu machen, bei denen Du nicht Deine Wettb\u00f6rse benutzen willst, um die einzelnen Auswahlen zu layen, sondern andere Buchmacher.<\/p>\n\n\n\n<p>Du w\u00fcrdest dies zum Beispiel bei Tennis-Kombiwetten-Angeboten tun, wo Du aufgrund der unterschiedlichen Tennis-Wettregeln keine Wettb\u00f6rse nutzen kannst.<\/p>\n\n\n\n<h2><strong>Erste Ansicht<\/strong><\/h2>\n\n\n\n<p>In dem zweiten\nScreenshot weiter unten kannst Du sehen, wie der Rechner ausgef\u00fcllt aussieht.<\/p>\n\n\n\n<p>Als Beispiel\nhaben wir eine vierfache Kombiwette ausgew\u00e4hlt; der Rechner kann jedoch f\u00fcr\nKombiwetten mit bis zu sechs Auswahlen benutzt werden. Die einzige Anforderung\nist, dass sich die verschiedenen Events nicht \u00fcberschneiden d\u00fcrfen; d. h. jeder\nTeil der Kombiwette muss beendet sein, bevor der n\u00e4chste beginnt. Sie d\u00fcrfen\nsich nicht \u00fcberschneiden, weil der Ausgang des vorigen Teils bestimmt, wie viel\nman auf das n\u00e4chste Spiel setzen muss oder ob man aufh\u00f6ren sollte, zu setzen.\nDer Ausgang des ersten Spiels bestimmt somit, welche Handlung Du f\u00fcr das zweite\nSpiel vornehmen musst.<\/p>\n\n\n\n<p>So wie dieser\nRechner konzipiert ist, solltest Du jede Auswahl einzeln dutchen, d. h. nachdem\nDu die gesamte Kombiwette bei Deinem ersten Buchmacher gesetzt hast, solltest\nDu eine Wette auf den entgegengesetzten Ausgang der ersten Auswahl bei einem\nzweiten Buchmacher setzen (wenn Du z. B. die erste Auswahl Deiner Kombiwette\nbei Buchmacher 1 auf Spieler 1 eines Tennisspiels gesetzt hast, solltest Du\neine Wette auf Spieler 2 bei dem zweiten Buchmacher f\u00fcr die erste Auswahl\nsetzen) und auf das Ergebnis warten.<\/p>\n\n\n\n<p><strong>Beachte:<\/strong> \u201aBuchmacher 2\u2018 muss nicht der gleiche f\u00fcr alle Auswahlen sein; Du kannst\neine beliebige Anzahl verschiedener Buchmacher f\u00fcr die einzelnen Auswahlen\nverwenden.<\/p>\n\n\n\n<p>Nur wenn die\nerste Auswahl Deiner Kombiwette gewinnt, solltest Du die zweite Auswahl bei\nBuchmacher 2 setzen. Sobald eine Auswahl Deiner Kombiwette verliert, solltest\nDu aufh\u00f6ren, weiter zu setzen.<\/p>\n\n\n\n<p>Wir k\u00f6nnen dies mit dem folgenden Screenshot verdeutlichen.<\/p>\n\n\n\n<figure class=\"wp-block-image size-large\"><img loading=\"lazy\" width=\"605\" height=\"224\" src=\"https:\/\/doppelwetten.com\/wp-content\/uploads\/2020\/02\/buchmaker-german.png\" alt=\"\" class=\"wp-image-21170\" srcset=\"https:\/\/doppelwetten.com\/wp-content\/uploads\/2020\/02\/buchmaker-german.png 605w, https:\/\/doppelwetten.com\/wp-content\/uploads\/2020\/02\/buchmaker-german-300x111.png 300w, https:\/\/doppelwetten.com\/wp-content\/uploads\/2020\/02\/buchmaker-german-50x19.png 50w\" sizes=\"(max-width: 605px) 100vw, 605px\" \/><\/figure>\n\n\n\n<p>In diesem Beispiel hat Deine erste Auswahl gewonnen, was in einem Verlust bei Buchmacher 2 von 33,46\u20ac resultierte (Deinem Einsatz), und die zweite Auswahl hat dann verloren. Deine Kombiwette bei Buchmacher 1 hat jetzt verloren, was in der Spalte \u201aBuchmacher 1\u2018 als -50\u20ac angezeigt wird (Dein verlorener Einsatz). Dein zweiter vom Rechner angegebener Einsatz war 54,04\u20ac, und bei einer Quote von2,50 ist Dein Nettogewinn bei Buchmacher 2 81,05\u20ac. Insgesamt resultiert dies in einem Verlust von 2,41\u20ac, und dies ist gleich f\u00fcr alle Ausg\u00e4nge.<\/p>\n\n\n\n<p>Wenn alle\nAuswahlen gewinnen w\u00fcrden, erg\u00e4be dies das Resultat, das Du in der letzten\nZeile oben sehen kannst. Du w\u00fcrdest alle Deine Eins\u00e4tze bei Buchmacher 2\nverlieren, jedoch bei Buchmacher 1 gewinnen, was wiederum den gleichen\nGesamtverlust ergeben w\u00fcrde.<\/p>\n\n\n\n<p>Mit dieser\nVorgehensweise sicherst Du Dir einen gleichbleibenden Gewinn\/Verlust, egal was\nder Ausgang ist. Dies wird im Abschnitt Profit-Aufschl\u00fcsselung weiter unten\nnoch genauer erkl\u00e4rt.<\/p>\n\n\n\n<p><strong>Bitte beachte:<\/strong> der Rechner braucht alle Angaben zu den einzelnen Quoten und Provisionen, um auch nur den ersten Buchmacher 2-Einsatz auszurechnen, also musst Du sie gleich am Anfang eintragen, in chronologischer Reihenfolge, selbst wenn Du anfangs nur die erste Auswahl setzt und evtl. keine weiteren setzen musst.<\/p>\n\n\n\n<figure class=\"wp-block-image size-large\"><img loading=\"lazy\" width=\"605\" height=\"241\" src=\"https:\/\/doppelwetten.com\/wp-content\/uploads\/2020\/02\/buchmaker-second.png\" alt=\"\" class=\"wp-image-21172\" srcset=\"https:\/\/doppelwetten.com\/wp-content\/uploads\/2020\/02\/buchmaker-second.png 605w, https:\/\/doppelwetten.com\/wp-content\/uploads\/2020\/02\/buchmaker-second-300x120.png 300w, https:\/\/doppelwetten.com\/wp-content\/uploads\/2020\/02\/buchmaker-second-50x20.png 50w\" sizes=\"(max-width: 605px) 100vw, 605px\" \/><\/figure>\n\n\n\n<figure class=\"wp-block-image size-large\"><img loading=\"lazy\" width=\"605\" height=\"241\" src=\"https:\/\/doppelwetten.com\/wp-content\/uploads\/2020\/02\/buchmaker-third.png\" alt=\"\" class=\"wp-image-21174\" srcset=\"https:\/\/doppelwetten.com\/wp-content\/uploads\/2020\/02\/buchmaker-third.png 605w, https:\/\/doppelwetten.com\/wp-content\/uploads\/2020\/02\/buchmaker-third-300x120.png 300w, https:\/\/doppelwetten.com\/wp-content\/uploads\/2020\/02\/buchmaker-third-50x20.png 50w\" sizes=\"(max-width: 605px) 100vw, 605px\" \/><\/figure>\n\n\n\n<h2><strong>Zeile f\u00fcr Zeile<\/strong><\/h2>\n\n\n\n<h2><strong>Hellblauer\nAbschnitt<\/strong><\/h2>\n\n\n\n<p>Einsatz: trage\nhier Deinen Einsatz bei Buchmacher 1 ein.<\/p>\n\n\n\n<p>Gesamte Quote: trage\nhier die gesamte Quote bei Buchmacher 1 ein. Sie sollte auf Deinem Wettschein\nangezeigt werden und wird ausgerechnet, indem man alle Quoten der einzelnen\nAuswahlen miteinander multipliziert.<\/p>\n\n\n\n<p>Auswahlen: die\nAnzahl der Auswahlen in Deiner Kombiwette. Du kannst eine Anzahl zwischen 2 und\n6 Auswahlen anklicken.<\/p>\n\n\n\n<p>Provision: trage\n5% ein, wenn Dein Buchmacher die deutsche Wettsteuer berechnet.<\/p>\n\n\n\n<h2><strong>Dunkelblauer\nAbschnitt<\/strong><\/h2>\n\n\n\n<p>Auswahl: die\nNummern Deiner einzelnen Auswahlen, in der Reihenfolge, in der die Events\nstattfinden werden.<\/p>\n\n\n\n<p>Quote: trage die Quoten bei Buchmacher 2 f\u00fcr Deine Auswahlen ein (es k\u00f6nnen mehrere verschiedene Buchmacher sein). Wann immer Du eine Gegenwette f\u00fcr eine zus\u00e4tzliche Auswahl setzen musst, \u00fcberpr\u00fcfe noch einmal die Quoten bei Buchmacher 2 und trage die neue Quote in den Rechner ein, um einen \u00fcberarbeiteten Einsatz f\u00fcr Deine n\u00e4chste Auswahl zu errechnen.<\/p>\n\n\n\n<p>Provision: wenn die jeweiligen Buchmacher, die Du f\u00fcr die verschiedenen Auswahlen nutzt, die deutsche Wettsteuer berechnen, tr\u00e4gst Du hier 5% ein.<\/p>\n\n\n\n<p>Empfohlener\nEinsatz: alle empfohlenen Eins\u00e4tze werden von dem Rechner f\u00fcr Dich\nausgerechnet, und Du kannst nun die erste Auswahl bei Buchmacher 2 setzen. Beachte,\ndass Du, wie oben erkl\u00e4rt, nur dann den zweite Einsatz bei Buchmacher 2 setzen\nsolltest, falls und sobald die erste Auswahl gewonnen (und bei Buchmacher 2\nverloren) hat, und nachdem Du mit den m\u00f6glicherweise ge\u00e4nderten Quoten f\u00fcr die\nzweite Auswahl neu berechnet hast.<\/p>\n\n\n\n<h2><strong>Abschnitt\nProfit-Aufschl\u00fcsselung<\/strong><\/h2>\n\n\n\n<p>In diesem\nAbschnitt kannst Du eine detaillierte Aufstellung aller m\u00f6glichen Ausg\u00e4nge\nDeiner Wette sehen.<\/p>\n\n\n\n<p>Wette: die\nm\u00f6glichen Resultate der Kombiwette. Ein rotes L hei\u00dft, dass die Auswahl bei\nBuchmacher 1 verloren hat. In diesem Fall solltest Du keine weiteren\nGegenwetten setzen, und dies bedeutet, dass die Kombiwette abgeschlossen ist. Ein\ngr\u00fcnes W bedeutet, dass die Auswahl gewonnen hat, und Du wirst weiter Gegenwetten\nbei Buchmacher 2 setzen, bis eine Auswahl verliert. Eine Reihe von gr\u00fcnen Ws\nbedeutet, dass alle Auswahlen gewonnen haben, und Deine Kombiwette bei\nBuchmacher 1 hat gewonnen.<\/p>\n\n\n\n<p>Buchmacher 1: da\nalle Auswahlen gewinnen m\u00fcssen, damit die Kombiwette bei Buchmacher 1 gewinnt,\nzeigt diese Spalte Deinen verlorenen Einsatz an in allen F\u00e4llen, in denen eine\nAuswahl verloren hat, und Deinen Gewinn, falls alle Auswahlen gewonnen haben\n(abz\u00fcglich der Provision).<\/p>\n\n\n\n<p>Buchmacher 2: diese\nSpalte zeigt Deine Gewinne bei Buchmacher 2 an, falls die Auswahl verliert\n(abz\u00fcglich der Provision), und Deinen Verlust bei Buchmacher 2 (Dein Einsatz)\nf\u00fcr die einzelnen Teile der Wette, falls die Auswahlen gewinnen.<\/p>\n\n\n\n<p>Gesamt: hier werden die Ergebnisse der jeweiligen Reihen angezeigt. Sie\nsind f\u00fcr alle m\u00f6glichen Ausg\u00e4nge gleich.<\/p>\n\n\n\n<p>Falls Du\nirgendwelche Fragen zu diesem Leitfaden hast, stelle sie bitte im <a href=\"https:\/\/forum.doppelwetten.com\/\">Forum<\/a>.<\/p>\n","protected":false},"excerpt":{"rendered":"<p>Der Sequential Dutching Rechner kann benutzt werden, um risikofreien Gewinn aus Kombiwetten zu machen, bei denen Du nicht Deine Wettb\u00f6rse [&hellip;]<\/p>\n","protected":false},"author":232,"featured_media":0,"parent":0,"menu_order":0,"comment_status":"closed","ping_status":"closed","template":"","meta":{"_mi_skip_tracking":false},"yoast_head":"<!-- This site is optimized with the Yoast SEO plugin v19.13 - https:\/\/yoast.com\/wordpress\/plugins\/seo\/ -->\n<title>Der Sequential Dutching Rechner - DoppelWetten<\/title>\n<meta name=\"robots\" content=\"index, follow, max-snippet:-1, max-image-preview:large, max-video-preview:-1\" \/>\n<link rel=\"canonical\" href=\"https:\/\/doppelwetten.com\/de\/der-sequential-dutching-rechner\/\" \/>\n<meta property=\"og:locale\" content=\"de_DE\" \/>\n<meta property=\"og:type\" content=\"article\" \/>\n<meta property=\"og:title\" content=\"Der Sequential Dutching Rechner - DoppelWetten\" \/>\n<meta property=\"og:description\" content=\"Der Sequential Dutching Rechner kann benutzt werden, um risikofreien Gewinn aus Kombiwetten zu machen, bei denen Du nicht Deine Wettb\u00f6rse [&hellip;]\" \/>\n<meta property=\"og:url\" content=\"https:\/\/doppelwetten.com\/de\/der-sequential-dutching-rechner\/\" \/>\n<meta property=\"og:site_name\" content=\"DoppelWetten\" \/>\n<meta property=\"article:modified_time\" content=\"2020-08-24T20:21:18+00:00\" \/>\n<meta property=\"og:image\" content=\"https:\/\/doppelwetten.com\/wp-content\/uploads\/2020\/02\/buchmaker-german.png\" \/>\n<meta name=\"twitter:card\" content=\"summary_large_image\" \/>\n<meta name=\"twitter:site\" content=\"@doppelwetten\" \/>\n<meta name=\"twitter:label1\" content=\"Gesch\u00e4tzte Lesezeit\" \/>\n\t<meta name=\"twitter:data1\" content=\"5 Minuten\" \/>\n<script type=\"application\/ld+json\" class=\"yoast-schema-graph\">{\"@context\":\"https:\/\/schema.org\",\"@graph\":[{\"@type\":\"WebPage\",\"@id\":\"https:\/\/doppelwetten.com\/de\/der-sequential-dutching-rechner\/\",\"url\":\"https:\/\/doppelwetten.com\/de\/der-sequential-dutching-rechner\/\",\"name\":\"Der Sequential Dutching Rechner - DoppelWetten\",\"isPartOf\":{\"@id\":\"https:\/\/doppelwetten.com\/#website\"},\"datePublished\":\"2020-02-11T23:50:45+00:00\",\"dateModified\":\"2020-08-24T20:21:18+00:00\",\"breadcrumb\":{\"@id\":\"https:\/\/doppelwetten.com\/de\/der-sequential-dutching-rechner\/#breadcrumb\"},\"inLanguage\":\"de-DE\",\"potentialAction\":[{\"@type\":\"ReadAction\",\"target\":[\"https:\/\/doppelwetten.com\/de\/der-sequential-dutching-rechner\/\"]}]},{\"@type\":\"BreadcrumbList\",\"@id\":\"https:\/\/doppelwetten.com\/de\/der-sequential-dutching-rechner\/#breadcrumb\",\"itemListElement\":[{\"@type\":\"ListItem\",\"position\":1,\"name\":\"Home\",\"item\":\"https:\/\/doppelwetten.com\/de\/\"},{\"@type\":\"ListItem\",\"position\":2,\"name\":\"Der Sequential Dutching Rechner\"}]},{\"@type\":\"WebSite\",\"@id\":\"https:\/\/doppelwetten.com\/#website\",\"url\":\"https:\/\/doppelwetten.com\/\",\"name\":\"DoppelWetten\",\"description\":\"risikolosen Wetten (Schritt f\u00fcr Schritt)\",\"publisher\":{\"@id\":\"https:\/\/doppelwetten.com\/#organization\"},\"potentialAction\":[{\"@type\":\"SearchAction\",\"target\":{\"@type\":\"EntryPoint\",\"urlTemplate\":\"https:\/\/doppelwetten.com\/?s={search_term_string}\"},\"query-input\":\"required name=search_term_string\"}],\"inLanguage\":\"de-DE\"},{\"@type\":\"Organization\",\"@id\":\"https:\/\/doppelwetten.com\/#organization\",\"name\":\"DoppelWetten\",\"url\":\"https:\/\/doppelwetten.com\/\",\"logo\":{\"@type\":\"ImageObject\",\"inLanguage\":\"de-DE\",\"@id\":\"https:\/\/doppelwetten.com\/#\/schema\/logo\/image\/\",\"url\":\"https:\/\/doppelwetten.com\/wp-content\/uploads\/2021\/05\/google-logo-size.png\",\"contentUrl\":\"https:\/\/doppelwetten.com\/wp-content\/uploads\/2021\/05\/google-logo-size.png\",\"caption\":\"DoppelWetten\"},\"image\":{\"@id\":\"https:\/\/doppelwetten.com\/#\/schema\/logo\/image\/\"},\"sameAs\":[\"https:\/\/twitter.com\/doppelwetten\"]}]}<\/script>\n<!-- \/ Yoast SEO plugin. -->","yoast_head_json":{"title":"Der Sequential Dutching Rechner - DoppelWetten","robots":{"index":"index","follow":"follow","max-snippet":"max-snippet:-1","max-image-preview":"max-image-preview:large","max-video-preview":"max-video-preview:-1"},"canonical":"https:\/\/doppelwetten.com\/de\/der-sequential-dutching-rechner\/","og_locale":"de_DE","og_type":"article","og_title":"Der Sequential Dutching Rechner - DoppelWetten","og_description":"Der Sequential Dutching Rechner kann benutzt werden, um risikofreien Gewinn aus Kombiwetten zu machen, bei denen Du nicht Deine Wettb\u00f6rse [&hellip;]","og_url":"https:\/\/doppelwetten.com\/de\/der-sequential-dutching-rechner\/","og_site_name":"DoppelWetten","article_modified_time":"2020-08-24T20:21:18+00:00","og_image":[{"url":"https:\/\/doppelwetten.com\/wp-content\/uploads\/2020\/02\/buchmaker-german.png"}],"twitter_card":"summary_large_image","twitter_site":"@doppelwetten","twitter_misc":{"Gesch\u00e4tzte Lesezeit":"5 Minuten"},"schema":{"@context":"https:\/\/schema.org","@graph":[{"@type":"WebPage","@id":"https:\/\/doppelwetten.com\/de\/der-sequential-dutching-rechner\/","url":"https:\/\/doppelwetten.com\/de\/der-sequential-dutching-rechner\/","name":"Der Sequential Dutching Rechner - DoppelWetten","isPartOf":{"@id":"https:\/\/doppelwetten.com\/#website"},"datePublished":"2020-02-11T23:50:45+00:00","dateModified":"2020-08-24T20:21:18+00:00","breadcrumb":{"@id":"https:\/\/doppelwetten.com\/de\/der-sequential-dutching-rechner\/#breadcrumb"},"inLanguage":"de-DE","potentialAction":[{"@type":"ReadAction","target":["https:\/\/doppelwetten.com\/de\/der-sequential-dutching-rechner\/"]}]},{"@type":"BreadcrumbList","@id":"https:\/\/doppelwetten.com\/de\/der-sequential-dutching-rechner\/#breadcrumb","itemListElement":[{"@type":"ListItem","position":1,"name":"Home","item":"https:\/\/doppelwetten.com\/de\/"},{"@type":"ListItem","position":2,"name":"Der Sequential Dutching Rechner"}]},{"@type":"WebSite","@id":"https:\/\/doppelwetten.com\/#website","url":"https:\/\/doppelwetten.com\/","name":"DoppelWetten","description":"risikolosen Wetten (Schritt f\u00fcr Schritt)","publisher":{"@id":"https:\/\/doppelwetten.com\/#organization"},"potentialAction":[{"@type":"SearchAction","target":{"@type":"EntryPoint","urlTemplate":"https:\/\/doppelwetten.com\/?s={search_term_string}"},"query-input":"required name=search_term_string"}],"inLanguage":"de-DE"},{"@type":"Organization","@id":"https:\/\/doppelwetten.com\/#organization","name":"DoppelWetten","url":"https:\/\/doppelwetten.com\/","logo":{"@type":"ImageObject","inLanguage":"de-DE","@id":"https:\/\/doppelwetten.com\/#\/schema\/logo\/image\/","url":"https:\/\/doppelwetten.com\/wp-content\/uploads\/2021\/05\/google-logo-size.png","contentUrl":"https:\/\/doppelwetten.com\/wp-content\/uploads\/2021\/05\/google-logo-size.png","caption":"DoppelWetten"},"image":{"@id":"https:\/\/doppelwetten.com\/#\/schema\/logo\/image\/"},"sameAs":["https:\/\/twitter.com\/doppelwetten"]}]}},"_links":{"self":[{"href":"https:\/\/doppelwetten.com\/de\/wp-json\/wp\/v2\/pages\/21168"}],"collection":[{"href":"https:\/\/doppelwetten.com\/de\/wp-json\/wp\/v2\/pages"}],"about":[{"href":"https:\/\/doppelwetten.com\/de\/wp-json\/wp\/v2\/types\/page"}],"author":[{"embeddable":true,"href":"https:\/\/doppelwetten.com\/de\/wp-json\/wp\/v2\/users\/232"}],"replies":[{"embeddable":true,"href":"https:\/\/doppelwetten.com\/de\/wp-json\/wp\/v2\/comments?post=21168"}],"version-history":[{"count":5,"href":"https:\/\/doppelwetten.com\/de\/wp-json\/wp\/v2\/pages\/21168\/revisions"}],"predecessor-version":[{"id":23330,"href":"https:\/\/doppelwetten.com\/de\/wp-json\/wp\/v2\/pages\/21168\/revisions\/23330"}],"wp:attachment":[{"href":"https:\/\/doppelwetten.com\/de\/wp-json\/wp\/v2\/media?parent=21168"}],"curies":[{"name":"wp","href":"https:\/\/api.w.org\/{rel}","templated":true}]}}