{"id":17801,"date":"2019-10-24T01:48:36","date_gmt":"2019-10-24T01:48:36","guid":{"rendered":"https:\/\/doppelwetten.com\/?page_id=17801"},"modified":"2019-10-24T20:03:51","modified_gmt":"2019-10-24T20:03:51","slug":"erhoehe-deinen-profit-indem-du-freiwetten-auf-kombiwetten-platzierst","status":"publish","type":"page","link":"https:\/\/doppelwetten.com\/de\/erhoehe-deinen-profit-indem-du-freiwetten-auf-kombiwetten-platzierst\/","title":{"rendered":"Erh\u00f6he Deinen Profit, indem Du Freiwetten auf Kombiwetten platzierst"},"content":{"rendered":"<div class=\"shortcode-wrapper shortcode-content-box clearfix\"><div class=\"hb-box-cont light-style\" style=\"background-color: #4c89bf\"><div class=\"hb-box-cont-body\"> Willst Du Deinen Profit aus Freiwetten erh\u00f6hen? In diesem Guide werde ich Dir eine wenig bekannte Strategie zeigen, die Deinen Profit aus Freiwetten erh\u00f6hen wird. Indem Du diese Strategie nutzt, wirst Du sicherstellen, dass Du ca. 80% der Freiwette in Bargeld verwandelst. Jetzt zeige ich Dir, wie das geht. <\/div><\/div><\/div>\n\r\n\r\n\r\n<h2><strong>Erh\u00f6he Deinen Profit, indem Du Freiwetten auf Kombiwetten setzt<\/strong><\/h2>\r\n\r\n\r\n\r\n<p>Vielleicht wei\u00dft Du schon, dass Du Deinen Profit erh\u00f6hst, wenn Du Freiwetten auf h\u00f6here Quoten setzt.<\/p>\r\n\r\n\r\n\r\n<p>Bist Du Dir nicht sicher, warum?<\/p>\r\n\r\n\r\n\r\n<p>Dann empfehle ich Dir, unseren Leitfaden \u00fcber <a href=\"https:\/\/doppelwetten.com\/de\/knowledge-base\/warum-erhaelt-man-nicht-e10-beim-einsatz-einer-e10-gratiswette\/\">Profiterh\u00f6hung aus Freiwetten<\/a> zu lesen, der alles erkl\u00e4rt, was Du wissen musst.<\/p>\r\n\r\n\r\n\r\n<h2>Aber wie kannst Du Deinen Profit sogar noch mehr erh\u00f6hen?<\/h2>\r\n\r\n\r\n\r\n<p>Einfach.<\/p>\r\n\r\n\r\n\r\n<p>Setze Deine Freiwetten auf Kombiwetten.<\/p>\r\n\r\n\r\n\r\n<p>\u00dcber den Daumen geschlagen solltest Du versuchen, ca. 75% des Wertes der Freiwette zu erzielen. Wenn Du z. B. eine 10\u20ac Freiwette hast, solltest Du ca. 7,50\u20ac daraus verdienen.<\/p>\r\n\r\n\r\n\r\n<p>Es ist jedoch nicht immer ganz einfach, gute Matches zu finden, also bekommst Du vielleicht bisweilen nur 70% oder sogar nur 65% des Wertes der Freiwette.<\/p>\r\n\r\n\r\n\r\n<p>Au\u00dferdem sieht es verd\u00e4chtig aus, wenn Du normalerweise auf niedrigere Quoten wettest, aber jede Freiwette auf h\u00f6here Quoten gesetzt wird, z. B. auf Augsburg bei einem Ausw\u00e4rtsspiel bei Bayern M\u00fcnchen zu einer Quote von 7,00. So etwas k\u00f6nnte irgendwann zu einem <a href=\"https:\/\/doppelwetten.com\/de\/knowledge-base\/kontoerhaltung\/\">gegubbten Konto<\/a> f\u00fchren.<\/p>\r\n\r\n\r\n\r\n<p>Wenn Du jedoch Deine Freiwette auf eine Kombiwette setzt, wirst Du nicht nur Deinen Profit erh\u00f6hen, sondern es sieht auch gleichzeitig so aus, als ob Du eine Mug-Wette platzierst.<\/p>\r\n\r\n\r\n\r\n<p>Der letzte Vorteil davon, Freiwetten auf Kombiwetten zu setzen, ist, dass Deine Back-Wette mit gr\u00f6\u00dferer Wahrscheinlichkeit verlieren wird. Also wird Dein Geld auf Dein Konto bei der Wettb\u00f6rse \u201e\u00fcberwiesen\u201d und kann dann f\u00fcr neue Lay-Wetten genutzt werden.<\/p>\r\n\r\n\r\n\r\n<h2>Beispiel<\/h2>\r\n\r\n\r\n\r\n<p>In dem untenstehenden ersten Beispiel konntest Du nur ein gutes Match zu einer Quote von 4,00 finden.<\/p>\r\n\r\n\r\n\r\n<p>Daher wird Dein Profit aus der Freiwette 13,29\u20ac sein.<\/p>\r\n\r\n\r\n\r\n<p>Dies ist eine Konvertierungsrate von weniger als 67%.<\/p>\r\n\r\n\r\n\r\n<figure class=\"wp-block-image\"><img loading=\"lazy\" width=\"604\" height=\"335\" class=\"wp-image-17805\" src=\"https:\/\/doppelwetten.com\/wp-content\/uploads\/2019\/10\/profit-de-1.jpg\" alt=\"\" srcset=\"https:\/\/doppelwetten.com\/wp-content\/uploads\/2019\/10\/profit-de-1.jpg 604w, https:\/\/doppelwetten.com\/wp-content\/uploads\/2019\/10\/profit-de-1-300x166.jpg 300w\" sizes=\"(max-width: 604px) 100vw, 604px\" \/><\/figure>\r\n\r\n\r\n\r\n<p>In dem anderen untenstehenden Beispiel habe ich meine 20\u20ac Freiwette auf eine Kombiwette mit zwei Auswahlen statt einer Einzelwette gesetzt, und ich habe die gleichen Quoten von 4,00\/4,1 verwendet.<\/p>\r\n\r\n\r\n\r\n<p>Wie Du sehen kannst, hat sich der Profit nun auf 16\u20ac erh\u00f6ht, was einer Konvertierungsrate von 80% entspricht.<\/p>\r\n\r\n\r\n\r\n<p>Wie Du sehen kannst, hat sich der Profit nun auf 16\u20ac erh\u00f6ht, was einer Konvertierungsrate von 80% entspricht.<\/p>\r\n\r\n\r\n\r\n<figure class=\"wp-block-image\"><img loading=\"lazy\" width=\"604\" height=\"257\" class=\"wp-image-17807\" src=\"https:\/\/doppelwetten.com\/wp-content\/uploads\/2019\/10\/profit-de-2.jpg\" alt=\"\" srcset=\"https:\/\/doppelwetten.com\/wp-content\/uploads\/2019\/10\/profit-de-2.jpg 604w, https:\/\/doppelwetten.com\/wp-content\/uploads\/2019\/10\/profit-de-2-300x128.jpg 300w\" sizes=\"(max-width: 604px) 100vw, 604px\" \/><\/figure>\r\n\r\n\r\n\r\n<figure class=\"wp-block-image\"><img loading=\"lazy\" width=\"604\" height=\"181\" class=\"wp-image-17809\" src=\"https:\/\/doppelwetten.com\/wp-content\/uploads\/2019\/10\/profit-de-3.jpg\" alt=\"\" srcset=\"https:\/\/doppelwetten.com\/wp-content\/uploads\/2019\/10\/profit-de-3.jpg 604w, https:\/\/doppelwetten.com\/wp-content\/uploads\/2019\/10\/profit-de-3-300x90.jpg 300w\" sizes=\"(max-width: 604px) 100vw, 604px\" \/><\/figure>\r\n\r\n\r\n\r\n<h2>Der Ablauf Schritt f\u00fcr Schritt<\/h2>\r\n\r\n\r\n\r\n<p>In diesem Schritt-f\u00fcr-Schritt Ablauf kannst Du sehen, wie auch Du diese Technik verwenden kannst.<\/p>\r\n\r\n\r\n\r\n<p>Hierbei wird angenommen, dass Du bei Beginn bereits eine Freiwette hast.<\/p>\r\n\r\n\r\n\r\n<h2>Schritt 1<\/h2>\r\n\r\n\r\n\r\n<p>\u00d6ffne den <a href=\"https:\/\/doppelwetten.com\/de\/oddsmatcher\/\">DoppelWetten Oddsmatcher<\/a> und den <a href=\"https:\/\/doppelwetten.com\/de\/sequential-lay-rechner\/\">Sequential Lay Rechner<\/a>.<\/p>\r\n\r\n\r\n\r\n<h2>Schritt 2<\/h2>\r\n\r\n\r\n\r\n<p>Benutze den Oddsmatcher Filter, um passende Matches zu finden.<\/p>\r\n\r\n\r\n\r\n<p>In diesem Beispiel haben wir eine Freiwette bei Bet365 und wir wollen die Wetten entweder bei Betfair oder bei Matchbook layen.<\/p>\r\n\r\n\r\n\r\n<p>Ich suche au\u00dferdem lediglich nach Quoten \u00fcber 3,00, um zu vermeiden, dass niedrigere Quoten angezeigt werden.<\/p>\r\n\r\n\r\n\r\n<figure class=\"wp-block-image\"><img loading=\"lazy\" width=\"604\" height=\"181\" class=\"wp-image-17811\" src=\"https:\/\/doppelwetten.com\/wp-content\/uploads\/2019\/10\/profit-de-4.jpg\" alt=\"\" srcset=\"https:\/\/doppelwetten.com\/wp-content\/uploads\/2019\/10\/profit-de-4.jpg 604w, https:\/\/doppelwetten.com\/wp-content\/uploads\/2019\/10\/profit-de-4-300x90.jpg 300w\" sizes=\"(max-width: 604px) 100vw, 604px\" \/><\/figure>\r\n\r\n\r\n\r\n<h2>Schritt 3<\/h2>\r\n\r\n\r\n\r\n<p>W\u00e4hle zwei Spiele aus den Suchergebnissen aus.<\/p>\r\n\r\n\r\n\r\n<p>Ich w\u00e4hle ein Unentschieden in dem Spiel zwischen Everton und Arsenal sowie ein Unentschieden in dem Spiel zwischen Birmingham und Leeds aus.<\/p>\r\n\r\n\r\n\r\n<p>Die Gesamtquote f\u00fcr die beiden Spiele ist 3,70 x 3,50 = 12,95.<\/p>\r\n\r\n\r\n\r\n<p>Ich habe die beiden Spiele ausgew\u00e4hlt, da sie aus bekannten Ligen sind, und auf ein Unentschieden zu wetten ist viel weniger verd\u00e4chtig als auf den Au\u00dfenseiter zu wetten.<\/p>\r\n\r\n\r\n\r\n<p><strong>Beachte, dass die Spiele nicht zur gleichen Zeit gespielt werden d\u00fcrfen, d. h. das erste Spiel muss beendet sein, bevor das n\u00e4chste beginnt. Denn die Handlung, die Du f\u00fcr das zweite Spiel ausf\u00fchren musst, h\u00e4ngt von dem Ausgang des ersten Spiels ab.<\/strong><\/p>\r\n\r\n\r\n\r\n<figure class=\"wp-block-image\"><img loading=\"lazy\" width=\"605\" height=\"335\" class=\"wp-image-17813\" src=\"https:\/\/doppelwetten.com\/wp-content\/uploads\/2019\/10\/profit-de-5.jpg\" alt=\"\" srcset=\"https:\/\/doppelwetten.com\/wp-content\/uploads\/2019\/10\/profit-de-5.jpg 605w, https:\/\/doppelwetten.com\/wp-content\/uploads\/2019\/10\/profit-de-5-300x166.jpg 300w\" sizes=\"(max-width: 605px) 100vw, 605px\" \/><\/figure>\r\n\r\n\r\n\r\n<h2>Schritt 4<\/h2>\r\n\r\n\r\n\r\n<p>Gehe zum Wettanbieter, bei dem Du die Freiwette hast. In diesem Beispiel ist es Bet365.<\/p>\r\n\r\n\r\n\r\n<p>Finde die Spiele und setze die Freiwette als eine Kombiwette.<\/p>\r\n\r\n\r\n\r\n<figure class=\"wp-block-image\"><img loading=\"lazy\" width=\"276\" height=\"479\" class=\"wp-image-17815\" src=\"https:\/\/doppelwetten.com\/wp-content\/uploads\/2019\/10\/profit-de-6.jpg\" alt=\"\" srcset=\"https:\/\/doppelwetten.com\/wp-content\/uploads\/2019\/10\/profit-de-6.jpg 276w, https:\/\/doppelwetten.com\/wp-content\/uploads\/2019\/10\/profit-de-6-173x300.jpg 173w\" sizes=\"(max-width: 276px) 100vw, 276px\" \/><\/figure>\r\n\r\n\r\n\r\n<h2>Schritt 5<\/h2>\r\n\r\n\r\n\r\n<p>F\u00fclle den <a href=\"https:\/\/doppelwetten.com\/de\/sequential-lay-rechner\/\">Sequential Lay Rechner<\/a> mit allen Angaben aus.<\/p>\r\n\r\n\r\n\r\n<figure class=\"wp-block-image\"><img loading=\"lazy\" width=\"604\" height=\"260\" class=\"wp-image-17817\" src=\"https:\/\/doppelwetten.com\/wp-content\/uploads\/2019\/10\/profit-de-7.jpg\" alt=\"\" srcset=\"https:\/\/doppelwetten.com\/wp-content\/uploads\/2019\/10\/profit-de-7.jpg 604w, https:\/\/doppelwetten.com\/wp-content\/uploads\/2019\/10\/profit-de-7-300x129.jpg 300w\" sizes=\"(max-width: 604px) 100vw, 604px\" \/><\/figure>\r\n\r\n\r\n\r\n<figure class=\"wp-block-image\"><img loading=\"lazy\" width=\"941\" height=\"277\" class=\"wp-image-17819\" src=\"https:\/\/doppelwetten.com\/wp-content\/uploads\/2019\/10\/profit-de-8.jpg\" alt=\"\" srcset=\"https:\/\/doppelwetten.com\/wp-content\/uploads\/2019\/10\/profit-de-8.jpg 941w, https:\/\/doppelwetten.com\/wp-content\/uploads\/2019\/10\/profit-de-8-300x88.jpg 300w, https:\/\/doppelwetten.com\/wp-content\/uploads\/2019\/10\/profit-de-8-768x226.jpg 768w\" sizes=\"(max-width: 941px) 100vw, 941px\" \/><\/figure>\r\n\r\n\r\n\r\n<h2>Schritt 6<\/h2>\r\n\r\n\r\n\r\n<p>Laye die erste Wette mit dem vorgegebenen Betrag bei der Wettb\u00f6rse.<\/p>\r\n\r\n\r\n\r\n<p>Du solltest einen Screenshot von dem ausgef\u00fcllten Sequential Lay Rechner machen, damit Du die Informationen wieder aufrufen kannst.<\/p>\r\n\r\n\r\n\r\n<p>Tipp: achte darauf, dass Du genug Geld auf Deinem Konto bei der Wettb\u00f6rse hast, um falls erforderlich beide Wetten zu layen.<\/p>\r\n\r\n\r\n\r\n<h2>Schritt 7<\/h2>\r\n\r\n\r\n\r\n<p><strong>Die erste Back-Wette hat verloren<\/strong>: Wenn die erste Teilwette Deiner Kombiwette verliert, brauchst Du keine weiteren Lay-Wetten zu platzieren. Dein Profit ist jetzt auf Deinem Konto bei der Wettb\u00f6rse.<\/p>\r\n\r\n\r\n\r\n<p><strong>Die erste Back-Wette hat gewonnen<\/strong>: Laye das zweite Spiel der Kombiwette bei der Wettb\u00f6rse. Finde den Screenshot, den Du genommen hast, und f\u00fclle den Sequential Lay Rechner wieder mit den Informationen aus.<\/p>\r\n\r\n\r\n\r\n<p>Denke daran, die Lay-Quoten f\u00fcr das zweite Spiel zu pr\u00fcfen, da sie sich seit dem letzten Mal ge\u00e4ndert haben k\u00f6nnten.<\/p>\r\n\r\n\r\n\r\n<h2>Schritt 8<\/h2>\r\n\r\n\r\n\r\n<p><strong>Die zweite Back-Wette hat verloren<\/strong>: Dein Profit ist jetzt auf Deinem Konto bei der Wettb\u00f6rse.<\/p>\r\n\r\n\r\n\r\n<p><strong>Die zweite Back-Wette hat gewonnen<\/strong>: Dein Profit ist jetzt auf Deinem Konto bei dem Wettanbieter.<\/p>\r\n\r\n\r\n\r\n<p>Freue Dich \u00fcber Deinen extra Gewinn.<\/p>\r\n\r\n\r\n\r\n<h2>Wie Du Deinen Profit noch mehr erh\u00f6hen kannst<\/h2>\r\n\r\n\r\n\r\n<p>Vielleicht hast Du schon die Underlay-Funktion unter ,Modus\u2019 im Sequential Lay Rechner gesehen.<\/p>\r\n\r\n\r\n\r\n<figure class=\"wp-block-image\"><img loading=\"lazy\" width=\"808\" height=\"163\" class=\"wp-image-17821\" src=\"https:\/\/doppelwetten.com\/wp-content\/uploads\/2019\/10\/profit-de-9.jpg\" alt=\"\" srcset=\"https:\/\/doppelwetten.com\/wp-content\/uploads\/2019\/10\/profit-de-9.jpg 808w, https:\/\/doppelwetten.com\/wp-content\/uploads\/2019\/10\/profit-de-9-300x61.jpg 300w, https:\/\/doppelwetten.com\/wp-content\/uploads\/2019\/10\/profit-de-9-768x155.jpg 768w\" sizes=\"(max-width: 808px) 100vw, 808px\" \/><\/figure>\r\n\r\n\r\n\r\n<p>Wenn Du zum Underlay-Modus wechselst, variiert der Profit, den Du aus der Freiwette machst, abh\u00e4ngig davon, ob die Kombiwette gewinnt oder verliert. Denke daran: wenn Du h\u00f6here Quoten w\u00e4hlst, ist es wahrscheinlicher, dass mindestens eine der beiden Auswahlen verliert.<\/p>\r\n\r\n\r\n\r\n<p>W\u00e4hle einen Prozentsatz in dem Feld ,Underlay Prozentsatz\u2019, das sich \u00f6ffnet. Ich habe 86% ausgew\u00e4hlt, Du kannst jedoch verschiedene Prozents\u00e4tze ausprobieren und darauf achten, wie dies Deinen Profit ver\u00e4ndert, wobei es auch darauf ankommt, wie viel Du dem Zufall \u00fcberlassen willst.<\/p>\r\n\r\n\r\n\r\n<figure class=\"wp-block-image\"><img loading=\"lazy\" width=\"903\" height=\"226\" class=\"wp-image-17823\" src=\"https:\/\/doppelwetten.com\/wp-content\/uploads\/2019\/10\/profit-de-10.jpg\" alt=\"\" srcset=\"https:\/\/doppelwetten.com\/wp-content\/uploads\/2019\/10\/profit-de-10.jpg 903w, https:\/\/doppelwetten.com\/wp-content\/uploads\/2019\/10\/profit-de-10-300x75.jpg 300w, https:\/\/doppelwetten.com\/wp-content\/uploads\/2019\/10\/profit-de-10-768x192.jpg 768w\" sizes=\"(max-width: 903px) 100vw, 903px\" \/><\/figure>\r\n\r\n\r\n\r\n<p>Hier ist die Profit-Aufschl\u00fcsselung derselben Freiwette mit einem Underlay Prozentsatz von 86%:<\/p>\r\n\r\n\r\n\r\n<figure class=\"wp-block-image\"><img loading=\"lazy\" width=\"911\" height=\"286\" class=\"wp-image-17825\" src=\"https:\/\/doppelwetten.com\/wp-content\/uploads\/2019\/10\/profit-de-11.jpg\" alt=\"\" srcset=\"https:\/\/doppelwetten.com\/wp-content\/uploads\/2019\/10\/profit-de-11.jpg 911w, https:\/\/doppelwetten.com\/wp-content\/uploads\/2019\/10\/profit-de-11-300x94.jpg 300w, https:\/\/doppelwetten.com\/wp-content\/uploads\/2019\/10\/profit-de-11-768x241.jpg 768w\" sizes=\"(max-width: 911px) 100vw, 911px\" \/><\/figure>\r\n\r\n\r\n\r\n<p>Wie Du sehen kannst, ist Dein Profit aus der Freiwette nun 17,20\u20ac, wenn eine oder beide Teilwetten verlieren, was der wahrscheinlichere Ausgang ist, und wenn beide Teilwetten gewinnen, hast Du immer noch einen kleinen Profit von 2,06\u20ac.<\/p>\r\n","protected":false},"excerpt":{"rendered":"<p>Erh\u00f6he Deinen Profit, indem Du Freiwetten auf Kombiwetten setzt Vielleicht wei\u00dft Du schon, dass Du Deinen Profit erh\u00f6hst, wenn Du [&hellip;]<\/p>\n","protected":false},"author":232,"featured_media":0,"parent":0,"menu_order":0,"comment_status":"closed","ping_status":"closed","template":"","meta":{"_mi_skip_tracking":false},"yoast_head":"<!-- This site is optimized with the Yoast SEO plugin v19.13 - https:\/\/yoast.com\/wordpress\/plugins\/seo\/ -->\n<title>Erh\u00f6he Deinen Profit aus Freiwetten (mit geheimer Strategie)<\/title>\n<meta name=\"description\" content=\"Profit aus Freiwetten erh\u00f6hen\" \/>\n<meta name=\"robots\" content=\"index, follow, max-snippet:-1, max-image-preview:large, max-video-preview:-1\" \/>\n<link rel=\"canonical\" href=\"https:\/\/doppelwetten.com\/de\/erhoehe-deinen-profit-indem-du-freiwetten-auf-kombiwetten-platzierst\/\" \/>\n<meta property=\"og:locale\" content=\"de_DE\" \/>\n<meta property=\"og:type\" content=\"article\" \/>\n<meta property=\"og:title\" content=\"Erh\u00f6he Deinen Profit aus Freiwetten (mit geheimer Strategie)\" \/>\n<meta property=\"og:description\" content=\"Profit aus Freiwetten erh\u00f6hen\" \/>\n<meta property=\"og:url\" content=\"https:\/\/doppelwetten.com\/de\/erhoehe-deinen-profit-indem-du-freiwetten-auf-kombiwetten-platzierst\/\" \/>\n<meta property=\"og:site_name\" content=\"DoppelWetten\" \/>\n<meta property=\"article:modified_time\" content=\"2019-10-24T20:03:51+00:00\" \/>\n<meta property=\"og:image\" content=\"https:\/\/doppelwetten.com\/wp-content\/uploads\/2019\/10\/profit-de-1.jpg\" \/>\n<meta name=\"twitter:card\" content=\"summary_large_image\" \/>\n<meta name=\"twitter:site\" content=\"@doppelwetten\" \/>\n<meta name=\"twitter:label1\" content=\"Gesch\u00e4tzte Lesezeit\" \/>\n\t<meta name=\"twitter:data1\" content=\"5 Minuten\" \/>\n<script type=\"application\/ld+json\" class=\"yoast-schema-graph\">{\"@context\":\"https:\/\/schema.org\",\"@graph\":[{\"@type\":\"WebPage\",\"@id\":\"https:\/\/doppelwetten.com\/de\/erhoehe-deinen-profit-indem-du-freiwetten-auf-kombiwetten-platzierst\/\",\"url\":\"https:\/\/doppelwetten.com\/de\/erhoehe-deinen-profit-indem-du-freiwetten-auf-kombiwetten-platzierst\/\",\"name\":\"Erh\u00f6he Deinen Profit aus Freiwetten (mit geheimer Strategie)\",\"isPartOf\":{\"@id\":\"https:\/\/doppelwetten.com\/#website\"},\"datePublished\":\"2019-10-24T01:48:36+00:00\",\"dateModified\":\"2019-10-24T20:03:51+00:00\",\"description\":\"Profit aus Freiwetten erh\u00f6hen\",\"breadcrumb\":{\"@id\":\"https:\/\/doppelwetten.com\/de\/erhoehe-deinen-profit-indem-du-freiwetten-auf-kombiwetten-platzierst\/#breadcrumb\"},\"inLanguage\":\"de-DE\",\"potentialAction\":[{\"@type\":\"ReadAction\",\"target\":[\"https:\/\/doppelwetten.com\/de\/erhoehe-deinen-profit-indem-du-freiwetten-auf-kombiwetten-platzierst\/\"]}]},{\"@type\":\"BreadcrumbList\",\"@id\":\"https:\/\/doppelwetten.com\/de\/erhoehe-deinen-profit-indem-du-freiwetten-auf-kombiwetten-platzierst\/#breadcrumb\",\"itemListElement\":[{\"@type\":\"ListItem\",\"position\":1,\"name\":\"Home\",\"item\":\"https:\/\/doppelwetten.com\/de\/\"},{\"@type\":\"ListItem\",\"position\":2,\"name\":\"Erh\u00f6he Deinen Profit, indem Du Freiwetten auf Kombiwetten platzierst\"}]},{\"@type\":\"WebSite\",\"@id\":\"https:\/\/doppelwetten.com\/#website\",\"url\":\"https:\/\/doppelwetten.com\/\",\"name\":\"DoppelWetten\",\"description\":\"risikolosen Wetten (Schritt f\u00fcr Schritt)\",\"publisher\":{\"@id\":\"https:\/\/doppelwetten.com\/#organization\"},\"potentialAction\":[{\"@type\":\"SearchAction\",\"target\":{\"@type\":\"EntryPoint\",\"urlTemplate\":\"https:\/\/doppelwetten.com\/?s={search_term_string}\"},\"query-input\":\"required name=search_term_string\"}],\"inLanguage\":\"de-DE\"},{\"@type\":\"Organization\",\"@id\":\"https:\/\/doppelwetten.com\/#organization\",\"name\":\"DoppelWetten\",\"url\":\"https:\/\/doppelwetten.com\/\",\"logo\":{\"@type\":\"ImageObject\",\"inLanguage\":\"de-DE\",\"@id\":\"https:\/\/doppelwetten.com\/#\/schema\/logo\/image\/\",\"url\":\"https:\/\/doppelwetten.com\/wp-content\/uploads\/2021\/05\/google-logo-size.png\",\"contentUrl\":\"https:\/\/doppelwetten.com\/wp-content\/uploads\/2021\/05\/google-logo-size.png\",\"caption\":\"DoppelWetten\"},\"image\":{\"@id\":\"https:\/\/doppelwetten.com\/#\/schema\/logo\/image\/\"},\"sameAs\":[\"https:\/\/twitter.com\/doppelwetten\"]}]}<\/script>\n<!-- \/ Yoast SEO plugin. -->","yoast_head_json":{"title":"Erh\u00f6he Deinen Profit aus Freiwetten (mit geheimer Strategie)","description":"Profit aus Freiwetten erh\u00f6hen","robots":{"index":"index","follow":"follow","max-snippet":"max-snippet:-1","max-image-preview":"max-image-preview:large","max-video-preview":"max-video-preview:-1"},"canonical":"https:\/\/doppelwetten.com\/de\/erhoehe-deinen-profit-indem-du-freiwetten-auf-kombiwetten-platzierst\/","og_locale":"de_DE","og_type":"article","og_title":"Erh\u00f6he Deinen Profit aus Freiwetten (mit geheimer Strategie)","og_description":"Profit aus Freiwetten erh\u00f6hen","og_url":"https:\/\/doppelwetten.com\/de\/erhoehe-deinen-profit-indem-du-freiwetten-auf-kombiwetten-platzierst\/","og_site_name":"DoppelWetten","article_modified_time":"2019-10-24T20:03:51+00:00","og_image":[{"url":"https:\/\/doppelwetten.com\/wp-content\/uploads\/2019\/10\/profit-de-1.jpg"}],"twitter_card":"summary_large_image","twitter_site":"@doppelwetten","twitter_misc":{"Gesch\u00e4tzte Lesezeit":"5 Minuten"},"schema":{"@context":"https:\/\/schema.org","@graph":[{"@type":"WebPage","@id":"https:\/\/doppelwetten.com\/de\/erhoehe-deinen-profit-indem-du-freiwetten-auf-kombiwetten-platzierst\/","url":"https:\/\/doppelwetten.com\/de\/erhoehe-deinen-profit-indem-du-freiwetten-auf-kombiwetten-platzierst\/","name":"Erh\u00f6he Deinen Profit aus Freiwetten (mit geheimer Strategie)","isPartOf":{"@id":"https:\/\/doppelwetten.com\/#website"},"datePublished":"2019-10-24T01:48:36+00:00","dateModified":"2019-10-24T20:03:51+00:00","description":"Profit aus Freiwetten erh\u00f6hen","breadcrumb":{"@id":"https:\/\/doppelwetten.com\/de\/erhoehe-deinen-profit-indem-du-freiwetten-auf-kombiwetten-platzierst\/#breadcrumb"},"inLanguage":"de-DE","potentialAction":[{"@type":"ReadAction","target":["https:\/\/doppelwetten.com\/de\/erhoehe-deinen-profit-indem-du-freiwetten-auf-kombiwetten-platzierst\/"]}]},{"@type":"BreadcrumbList","@id":"https:\/\/doppelwetten.com\/de\/erhoehe-deinen-profit-indem-du-freiwetten-auf-kombiwetten-platzierst\/#breadcrumb","itemListElement":[{"@type":"ListItem","position":1,"name":"Home","item":"https:\/\/doppelwetten.com\/de\/"},{"@type":"ListItem","position":2,"name":"Erh\u00f6he Deinen Profit, indem Du Freiwetten auf Kombiwetten platzierst"}]},{"@type":"WebSite","@id":"https:\/\/doppelwetten.com\/#website","url":"https:\/\/doppelwetten.com\/","name":"DoppelWetten","description":"risikolosen Wetten (Schritt f\u00fcr Schritt)","publisher":{"@id":"https:\/\/doppelwetten.com\/#organization"},"potentialAction":[{"@type":"SearchAction","target":{"@type":"EntryPoint","urlTemplate":"https:\/\/doppelwetten.com\/?s={search_term_string}"},"query-input":"required name=search_term_string"}],"inLanguage":"de-DE"},{"@type":"Organization","@id":"https:\/\/doppelwetten.com\/#organization","name":"DoppelWetten","url":"https:\/\/doppelwetten.com\/","logo":{"@type":"ImageObject","inLanguage":"de-DE","@id":"https:\/\/doppelwetten.com\/#\/schema\/logo\/image\/","url":"https:\/\/doppelwetten.com\/wp-content\/uploads\/2021\/05\/google-logo-size.png","contentUrl":"https:\/\/doppelwetten.com\/wp-content\/uploads\/2021\/05\/google-logo-size.png","caption":"DoppelWetten"},"image":{"@id":"https:\/\/doppelwetten.com\/#\/schema\/logo\/image\/"},"sameAs":["https:\/\/twitter.com\/doppelwetten"]}]}},"_links":{"self":[{"href":"https:\/\/doppelwetten.com\/de\/wp-json\/wp\/v2\/pages\/17801"}],"collection":[{"href":"https:\/\/doppelwetten.com\/de\/wp-json\/wp\/v2\/pages"}],"about":[{"href":"https:\/\/doppelwetten.com\/de\/wp-json\/wp\/v2\/types\/page"}],"author":[{"embeddable":true,"href":"https:\/\/doppelwetten.com\/de\/wp-json\/wp\/v2\/users\/232"}],"replies":[{"embeddable":true,"href":"https:\/\/doppelwetten.com\/de\/wp-json\/wp\/v2\/comments?post=17801"}],"version-history":[{"count":5,"href":"https:\/\/doppelwetten.com\/de\/wp-json\/wp\/v2\/pages\/17801\/revisions"}],"predecessor-version":[{"id":17859,"href":"https:\/\/doppelwetten.com\/de\/wp-json\/wp\/v2\/pages\/17801\/revisions\/17859"}],"wp:attachment":[{"href":"https:\/\/doppelwetten.com\/de\/wp-json\/wp\/v2\/media?parent=17801"}],"curies":[{"name":"wp","href":"https:\/\/api.w.org\/{rel}","templated":true}]}}