{"id":17641,"date":"2019-10-04T01:59:04","date_gmt":"2019-10-04T01:59:04","guid":{"rendered":"https:\/\/doppelwetten.com\/extreme-underlaying\/"},"modified":"2022-11-15T13:11:38","modified_gmt":"2022-11-15T13:11:38","slug":"extreme-underlaying","status":"publish","type":"page","link":"https:\/\/doppelwetten.com\/de\/extreme-underlaying\/","title":{"rendered":"Extreme Underlaying"},"content":{"rendered":"<p><strong>ACHTUNG: Die in diesem Leitfaden vorgestellten Techniken beinhalten komplizierte Berechnungen und sollten nur von bereits erfahrenen Matched Wettenden benutzt werden.<\/strong><\/p>\n<div class=\"shortcode-wrapper shortcode-content-box clearfix\"><div class=\"hb-box-cont light-style\" style=\"background-color: #4c89bf\"><div class=\"hb-box-cont-body\">\n<p>Habt Ihr Euch schon mal gefragt, wie Ihr am besten Bonus-Angebote mit hohen Umsatzanforderungen angeht?<\/p>\n<p>Oder habt Ihr sie vielleicht links liegen gelassen, weil Ihr nicht das Risiko eingehen wolltet, 2.000\u20ac, 3.000\u20ac oder sogar 4.000\u20ac umsetzen zu m\u00fcssen?<\/p>\n<p>Dann lest weiter! Hier bekommt Ihr die Antwort auf die uns immer wieder gestellte Frage, wie man diese Bonus-Angebote <strong>risikolos und vor allem mit garantiertem Gewinn<\/strong>, unabh\u00e4ngig vom Wettverlauf, durchspielen kann.<\/p>\n<p><strong>Die Technik des Extreme Underlaying ist von DoppelWetten Mitglied Dennis entwickelt worden, und dieser Leitfaden ist mit seiner Mitarbeit entstanden.<\/strong><\/p>\n<\/div><\/div><\/div>\n<p>Bei diesem Leitfaden gehen wir davon aus, dass Ihr bereits mit der Technik des <a href=\"https:\/\/doppelwetten.com\/de\/knowledge-base\/underlaying\/\">Underlayings<\/a> vertraut bist.<\/p>\n<p>Underlaying ist eine prima Methode f\u00fcr Rollover-Angebote, und man kann damit sicherstellen, dass man mit einem noch intaken Bonus in den Rollover startet, falls die erste Wette beim Wettanbieter gewinnt.<\/p>\n<p>Aber selbst wenn man noch den gesamten Bonus hat, bei einer Wettanforderung von beispielsweise 1.000\u20ac und einem Verlust, dank der deutschen Wettsteuer und der Lay-Provision, von ca. 10\u20ac pro 100\u20ac Wette, k\u00f6nnte es sein, dass am Ende nicht mehr so viel vom Bonus \u00fcbrig bleibt.<\/p>\n<p>Und es gibt ja auch noch solche enormen Wettanforderungen wie 10 x Einzahlung plus Bonus, wobei man dann leicht bei 2.000\u20ac landet, f\u00fcr einen Bonus von 100\u20ac.<\/p>\n<p>Auch Reload-Angebote haben oft \u00e4hnliche Umsatzanforderungen wie Willkommensboni, und hierbei ist es au\u00dferdem oft der Fall, dass der Bonus sich nur auf z. B. 50% des Einzahlungsbetrags bel\u00e4uft.<\/p>\n<p>Was alle diese Szenarien gemeinsam haben, ist dass <strong>der Gewinn, den wir aus den Angeboten herausholen, stark variiert<\/strong>, da es eben darauf ankommt, ob wir die erste Wette gewinnen oder nicht, und selbst bei h\u00f6heren Quoten ist es alles andere als garantiert, dass unsere Back-Wette verliert.<\/p>\n<p>Was k\u00f6nnen wir also tun, um diese Unsicherheit auszuschalten und schon vor der ersten Wette sicherzustellen, dass wir mit einem Profit aus dem Angebot herausgehen, egal wie viele Wetten wir setzen m\u00fcssen?<\/p>\n<p><strong>Schritt-f\u00fcr-Schritt Leitfaden f\u00fcr das \u201aExtreme Underlaying\u2018<\/strong><\/p>\n<p><i class=\"icon\">1<\/i>Als erstes musst Du bestimmen, was Dein voraussichtlicher Verlust sein wird, wenn Du bei einem Angebot die gesamten restlichen Umsatzanforderungen erf\u00fcllen musst.<\/p>\n<p>Hierbei gehen wir im Allgemeinen von einem Verlust von 10\u20ac pro 100\u20ac Wette aus. Wenn der jeweilige Wettanbieter nicht die deutsche Wettsteuer berechnet, k\u00f6nnen wir einen Verlust von 5\u20ac annehmen.<\/p>\n<p>Wenn die Quoten bei dem Wettanbeiter \u00fcberdurchschnittlich gut sind, k\u00f6nnte man den voraussichtlichen Verlust noch weiter reduzieren. Wir werden weiter unten einige Beispiele durchgehen.<\/p>\n<p><i class=\"icon\">2<\/i>Um den voraussichtlichen restlichen Verlust zu bestimmen, teilst Du die verbleibende Umsatzanforderung durch den Betrag der einzelnen Wetten und multiplizierst dann mit dem Verlust pro Wette.<\/p>\n<p><strong>Zum Beispiel:<\/strong> bei einer verbleibenden Wettanforderung von 800\u20ac (10 x Bonusbetrag von 100\u20ac minus der ersten Wette von 200\u20ac) und einem voraussichtlichen Verlust von 10\u20ac pro 100\u20ac Wette ergibt dies einen voraussichtlichen Verlust von 80\u20ac. 800\u20ac \/ 100\u20ac * 10\u20ac = 80\u20ac. <strong>Diesen Betrag brauchen wir f\u00fcr die Underlay-Einstellungen im Oddsmatcher Rechner (siehe Beispiele weiter unten).<\/strong><\/p>\n<p><i class=\"icon\">3<\/i>Der Betrag des Bonus und der Prozentsatz auf die Einzahlung, sowie der Betrag der Einzahlung, sind f\u00fcr die Berechnungen nicht relevant.<\/p>\n<p><i class=\"icon\">4<\/i>Wir suchen nun ganz normal im <a href=\"https:\/\/doppelwetten.com\/de\/oddsmatcher\/\">Oddsmatcher<\/a> nach den besten Matches, wobei wir eine <strong>Mindestquote von 3,00<\/strong> im Filter eintragen, denn wir wollen nach M\u00f6glichkeit die erste Wette verlieren. Au\u00dferdem ist bei niedrigeren Quoten der Unterschied zwischen Plus- und Minuswert (siehe Punkt 6 weiter unten) zu niedrig. Mit h\u00f6heren Quoten k\u00f6nnen wir unseren sicheren Gewinn maximieren.<\/p>\n<p><i class=\"icon\">5<\/i>Dann suchen wir ein geeignetes Spiel aus.<\/p>\n<p><i class=\"icon\">6<\/i>Im Oddsmatcher Rechner tragen wir den Betrag f\u00fcr unsere Wette ein. Wenn es bei dem Angebot keinen H\u00f6chstbetrag pro Wette gibt, setzen wir den Gesamtbetrag von Einzahlung und Bonus. Dann klicken wir auf \u201aErweiterter Modus\u2018.<\/p>\n<p><i class=\"icon\">7<\/i>Jetzt verschieben wir den Slider so weit nach links, dass der <strong>gr\u00fcne Betrag<\/strong> (Wette beim Buchmacher gewinnt) und der <strong>rote Betrag<\/strong> (Laywette bei der Wettb\u00f6rse gewinnt) zusammen so genau wie m\u00f6glich den <strong>voraussichtlichen Verlust<\/strong> (siehe Punkt 2 oben) ergeben.<\/p>\n<p><strong>Tipp:<\/strong> es kann sein, dass Du den Betrag, der im K\u00e4stchen links unten vorgegeben ist, auf einen niedrigeren Betrag \u00e4ndern musst.<\/p>\n<p><strong>Beispiele<\/strong><\/p>\n<p><strong><u>Einzahlung 100<\/u><\/strong><strong><u>\u20ac<\/u><\/strong><strong><u>, Bonus 100<\/u><\/strong><strong><u>\u20ac<\/u><\/strong><strong><u>, Umsatzanforderung 2.000<\/u><\/strong><strong><u>\u20ac<\/u><\/strong><\/p>\n<p><img loading=\"lazy\" class=\"alignnone size-full wp-image-17633\" src=\"https:\/\/doppelwetten.com\/wp-content\/uploads\/2019\/10\/extreme-underlaying.png\" alt=\"\" width=\"601\" height=\"375\" srcset=\"https:\/\/doppelwetten.com\/wp-content\/uploads\/2019\/10\/extreme-underlaying.png 601w, https:\/\/doppelwetten.com\/wp-content\/uploads\/2019\/10\/extreme-underlaying-300x187.png 300w\" sizes=\"(max-width: 601px) 100vw, 601px\" \/><\/p>\n<p>Die verbleibende Umsatzanforderung nach der ersten Wette ist 1.800\u20ac, und der voraussichtliche Verlust hieraus (siehe Schritt 2 weiter oben) ist 180\u20ac. 128,38\u20ac + 51,61\u20ac = 179,99\u20ac.<\/p>\n<p>Wenn die erste Wette verliert, haben wir einen Gewinn von <strong>48,39\u20ac<\/strong> erzielt (100\u20ac Bonus \u2013 51,61\u20ac).<\/p>\n<p>Wenn die erste Wette gewinnt, haben wir zun\u00e4chst ein Plus von 128,38\u20ac, m\u00fcssen aber dann die Umsatzanforderungen erf\u00fcllen, also 100\u20ac Bonus + 128,38\u20ac &#8211; 180\u20ac = <strong>48,38\u20ac<\/strong>.<\/p>\n<p><strong><u>Einzahlung 200<\/u><\/strong><strong><u>\u20ac<\/u><\/strong><strong><u>, Bonus 100<\/u><\/strong><strong><u>\u20ac<\/u><\/strong><strong><u>, Umsatzanforderung 1.200<\/u><\/strong><strong><u>\u20ac<\/u><\/strong><\/p>\n<p><img loading=\"lazy\" class=\"alignnone size-full wp-image-17635\" src=\"https:\/\/doppelwetten.com\/wp-content\/uploads\/2019\/10\/extreme-underlaying-2.png\" alt=\"\" width=\"601\" height=\"372\" srcset=\"https:\/\/doppelwetten.com\/wp-content\/uploads\/2019\/10\/extreme-underlaying-2.png 601w, https:\/\/doppelwetten.com\/wp-content\/uploads\/2019\/10\/extreme-underlaying-2-300x186.png 300w\" sizes=\"(max-width: 601px) 100vw, 601px\" \/><\/p>\n<p>Die verbleibende Umsatzanforderung nach der ersten Wette ist 900\u20ac, und der voraussichtliche Verlust hieraus ist 90\u20ac. 32,33\u20ac + 57,67\u20ac = 90\u20ac.<\/p>\n<p>Wenn die erste Wette verliert, haben wir einen Gewinn von <strong>42,33\u20ac<\/strong> erzielt (100\u20ac Bonus \u2013 57,67\u20ac).<\/p>\n<p>Wenn die erste Wette gewinnt, haben wir zun\u00e4chst ein Plus von 32,33\u20ac, m\u00fcssen aber dann die Umsatzanforderungen erf\u00fcllen, also 100\u20ac Bonus + 32,33\u20ac &#8211; 90\u20ac = <strong>42,33\u20ac<\/strong>.<\/p>\n<p><strong><u>Einzahlung 200<\/u><\/strong><strong><u>\u20ac<\/u><\/strong><strong><u>, Bonus 200<\/u><\/strong><strong><u>\u20ac<\/u><\/strong><strong><u>, Umsatzanforderung 4.000<\/u><\/strong><strong><u>\u20ac<\/u><\/strong><strong><u>, Wettanbieter berechnet keine Wettsteuer<\/u><\/strong><\/p>\n<p><img loading=\"lazy\" class=\"alignnone size-full wp-image-17637\" src=\"https:\/\/doppelwetten.com\/wp-content\/uploads\/2019\/10\/extreme-underlaying-3.png\" alt=\"\" width=\"601\" height=\"376\" srcset=\"https:\/\/doppelwetten.com\/wp-content\/uploads\/2019\/10\/extreme-underlaying-3.png 601w, https:\/\/doppelwetten.com\/wp-content\/uploads\/2019\/10\/extreme-underlaying-3-300x188.png 300w\" sizes=\"(max-width: 601px) 100vw, 601px\" \/><\/p>\n<p>Die verbleibende Umsatzanforderung nach der ersten Wette ist 3.600\u20ac, und der voraussichtliche Verlust hieraus ist 144\u20ac (hierbei habe ich einen Verlust von 4\u20ac pro Wette angenommen, da die Quoten bei diesem Wettanbieter sehr gut sind und keine Wettsteuer abgezogen wird). 78,88\u20ac + 65,11\u20ac = 143,99\u20ac.<\/p>\n<p>Wenn die erste Wette verliert, haben wir einen Gewinn von <strong>134,89\u20ac<\/strong> erzielt (200\u20ac Bonus \u2013 65,11\u20ac).<\/p>\n<p>Wenn die erste Wette gewinnt, haben wir zun\u00e4chst ein Plus von 78,88\u20ac, m\u00fcssen aber dann die Umsatzanforderungen erf\u00fcllen, also 200\u20ac Bonus + 78,88\u20ac &#8211; 144\u20ac = <strong>134,88\u20ac<\/strong>.<\/p>\n<p>Wie bereits oben erw\u00e4hnt, ist es bei dieser Technik wichtig, etwas h\u00f6here Quoten zu w\u00e4hlen, da dies zu einem geringeren Verlust f\u00fchrt, falls die erste Wette verliert, und gleichzeitig zu einem h\u00f6heren Gewinn, falls die erste Wette gewinnt.<\/p>\n<p>Was ist, wenn die erste Wette gewinnt, man aber dann trotzdem nicht den gesamten Rollover durchspielen muss? Umso besser! Dann hat man am Ende noch mehr Gewinn \u00fcbrig, da wir mit der ersten Wette schon f\u00fcr den voraussichtlichen Verlust aus dem gesamten Rollover \u201avorgesorgt\u2018 haben.<\/p>\n<p>Falls Du irgendwelche Fragen zu diesem Leitfaden hast, stelle sie bitte im <a href=\"https:\/\/forum.doppelwetten.com\">Forum<\/a>.<\/p>\n","protected":false},"excerpt":{"rendered":"<p>ACHTUNG: Die in diesem Leitfaden vorgestellten Techniken beinhalten komplizierte Berechnungen und sollten nur von bereits erfahrenen Matched Wettenden benutzt werden. [&hellip;]<\/p>\n","protected":false},"author":232,"featured_media":0,"parent":0,"menu_order":0,"comment_status":"closed","ping_status":"closed","template":"","meta":{"_mi_skip_tracking":false},"yoast_head":"<!-- This site is optimized with the Yoast SEO plugin v19.13 - https:\/\/yoast.com\/wordpress\/plugins\/seo\/ -->\n<title>Extreme Underlaying - DoppelWetten<\/title>\n<meta name=\"robots\" content=\"index, follow, max-snippet:-1, max-image-preview:large, max-video-preview:-1\" \/>\n<link rel=\"canonical\" href=\"https:\/\/doppelwetten.com\/de\/extreme-underlaying\/\" \/>\n<meta property=\"og:locale\" content=\"de_DE\" \/>\n<meta property=\"og:type\" content=\"article\" \/>\n<meta property=\"og:title\" content=\"Extreme Underlaying - DoppelWetten\" \/>\n<meta property=\"og:description\" content=\"ACHTUNG: Die in diesem Leitfaden vorgestellten Techniken beinhalten komplizierte Berechnungen und sollten nur von bereits erfahrenen Matched Wettenden benutzt werden. [&hellip;]\" \/>\n<meta property=\"og:url\" content=\"https:\/\/doppelwetten.com\/de\/extreme-underlaying\/\" \/>\n<meta property=\"og:site_name\" content=\"DoppelWetten\" \/>\n<meta property=\"article:modified_time\" content=\"2022-11-15T13:11:38+00:00\" \/>\n<meta property=\"og:image\" content=\"https:\/\/doppelwetten.com\/wp-content\/uploads\/2019\/10\/extreme-underlaying.png\" \/>\n<meta name=\"twitter:card\" content=\"summary_large_image\" \/>\n<meta name=\"twitter:site\" content=\"@doppelwetten\" \/>\n<meta name=\"twitter:label1\" content=\"Gesch\u00e4tzte Lesezeit\" \/>\n\t<meta name=\"twitter:data1\" content=\"6 Minuten\" \/>\n<script type=\"application\/ld+json\" class=\"yoast-schema-graph\">{\"@context\":\"https:\/\/schema.org\",\"@graph\":[{\"@type\":\"WebPage\",\"@id\":\"https:\/\/doppelwetten.com\/de\/extreme-underlaying\/\",\"url\":\"https:\/\/doppelwetten.com\/de\/extreme-underlaying\/\",\"name\":\"Extreme Underlaying - DoppelWetten\",\"isPartOf\":{\"@id\":\"https:\/\/doppelwetten.com\/#website\"},\"datePublished\":\"2019-10-04T01:59:04+00:00\",\"dateModified\":\"2022-11-15T13:11:38+00:00\",\"breadcrumb\":{\"@id\":\"https:\/\/doppelwetten.com\/de\/extreme-underlaying\/#breadcrumb\"},\"inLanguage\":\"de-DE\",\"potentialAction\":[{\"@type\":\"ReadAction\",\"target\":[\"https:\/\/doppelwetten.com\/de\/extreme-underlaying\/\"]}]},{\"@type\":\"BreadcrumbList\",\"@id\":\"https:\/\/doppelwetten.com\/de\/extreme-underlaying\/#breadcrumb\",\"itemListElement\":[{\"@type\":\"ListItem\",\"position\":1,\"name\":\"Home\",\"item\":\"https:\/\/doppelwetten.com\/de\/\"},{\"@type\":\"ListItem\",\"position\":2,\"name\":\"Extreme Underlaying\"}]},{\"@type\":\"WebSite\",\"@id\":\"https:\/\/doppelwetten.com\/#website\",\"url\":\"https:\/\/doppelwetten.com\/\",\"name\":\"DoppelWetten\",\"description\":\"risikolosen Wetten (Schritt f\u00fcr Schritt)\",\"publisher\":{\"@id\":\"https:\/\/doppelwetten.com\/#organization\"},\"potentialAction\":[{\"@type\":\"SearchAction\",\"target\":{\"@type\":\"EntryPoint\",\"urlTemplate\":\"https:\/\/doppelwetten.com\/?s={search_term_string}\"},\"query-input\":\"required name=search_term_string\"}],\"inLanguage\":\"de-DE\"},{\"@type\":\"Organization\",\"@id\":\"https:\/\/doppelwetten.com\/#organization\",\"name\":\"DoppelWetten\",\"url\":\"https:\/\/doppelwetten.com\/\",\"logo\":{\"@type\":\"ImageObject\",\"inLanguage\":\"de-DE\",\"@id\":\"https:\/\/doppelwetten.com\/#\/schema\/logo\/image\/\",\"url\":\"https:\/\/doppelwetten.com\/wp-content\/uploads\/2021\/05\/google-logo-size.png\",\"contentUrl\":\"https:\/\/doppelwetten.com\/wp-content\/uploads\/2021\/05\/google-logo-size.png\",\"caption\":\"DoppelWetten\"},\"image\":{\"@id\":\"https:\/\/doppelwetten.com\/#\/schema\/logo\/image\/\"},\"sameAs\":[\"https:\/\/twitter.com\/doppelwetten\"]}]}<\/script>\n<!-- \/ Yoast SEO plugin. -->","yoast_head_json":{"title":"Extreme Underlaying - DoppelWetten","robots":{"index":"index","follow":"follow","max-snippet":"max-snippet:-1","max-image-preview":"max-image-preview:large","max-video-preview":"max-video-preview:-1"},"canonical":"https:\/\/doppelwetten.com\/de\/extreme-underlaying\/","og_locale":"de_DE","og_type":"article","og_title":"Extreme Underlaying - DoppelWetten","og_description":"ACHTUNG: Die in diesem Leitfaden vorgestellten Techniken beinhalten komplizierte Berechnungen und sollten nur von bereits erfahrenen Matched Wettenden benutzt werden. [&hellip;]","og_url":"https:\/\/doppelwetten.com\/de\/extreme-underlaying\/","og_site_name":"DoppelWetten","article_modified_time":"2022-11-15T13:11:38+00:00","og_image":[{"url":"https:\/\/doppelwetten.com\/wp-content\/uploads\/2019\/10\/extreme-underlaying.png"}],"twitter_card":"summary_large_image","twitter_site":"@doppelwetten","twitter_misc":{"Gesch\u00e4tzte Lesezeit":"6 Minuten"},"schema":{"@context":"https:\/\/schema.org","@graph":[{"@type":"WebPage","@id":"https:\/\/doppelwetten.com\/de\/extreme-underlaying\/","url":"https:\/\/doppelwetten.com\/de\/extreme-underlaying\/","name":"Extreme Underlaying - DoppelWetten","isPartOf":{"@id":"https:\/\/doppelwetten.com\/#website"},"datePublished":"2019-10-04T01:59:04+00:00","dateModified":"2022-11-15T13:11:38+00:00","breadcrumb":{"@id":"https:\/\/doppelwetten.com\/de\/extreme-underlaying\/#breadcrumb"},"inLanguage":"de-DE","potentialAction":[{"@type":"ReadAction","target":["https:\/\/doppelwetten.com\/de\/extreme-underlaying\/"]}]},{"@type":"BreadcrumbList","@id":"https:\/\/doppelwetten.com\/de\/extreme-underlaying\/#breadcrumb","itemListElement":[{"@type":"ListItem","position":1,"name":"Home","item":"https:\/\/doppelwetten.com\/de\/"},{"@type":"ListItem","position":2,"name":"Extreme Underlaying"}]},{"@type":"WebSite","@id":"https:\/\/doppelwetten.com\/#website","url":"https:\/\/doppelwetten.com\/","name":"DoppelWetten","description":"risikolosen Wetten (Schritt f\u00fcr Schritt)","publisher":{"@id":"https:\/\/doppelwetten.com\/#organization"},"potentialAction":[{"@type":"SearchAction","target":{"@type":"EntryPoint","urlTemplate":"https:\/\/doppelwetten.com\/?s={search_term_string}"},"query-input":"required name=search_term_string"}],"inLanguage":"de-DE"},{"@type":"Organization","@id":"https:\/\/doppelwetten.com\/#organization","name":"DoppelWetten","url":"https:\/\/doppelwetten.com\/","logo":{"@type":"ImageObject","inLanguage":"de-DE","@id":"https:\/\/doppelwetten.com\/#\/schema\/logo\/image\/","url":"https:\/\/doppelwetten.com\/wp-content\/uploads\/2021\/05\/google-logo-size.png","contentUrl":"https:\/\/doppelwetten.com\/wp-content\/uploads\/2021\/05\/google-logo-size.png","caption":"DoppelWetten"},"image":{"@id":"https:\/\/doppelwetten.com\/#\/schema\/logo\/image\/"},"sameAs":["https:\/\/twitter.com\/doppelwetten"]}]}},"_links":{"self":[{"href":"https:\/\/doppelwetten.com\/de\/wp-json\/wp\/v2\/pages\/17641"}],"collection":[{"href":"https:\/\/doppelwetten.com\/de\/wp-json\/wp\/v2\/pages"}],"about":[{"href":"https:\/\/doppelwetten.com\/de\/wp-json\/wp\/v2\/types\/page"}],"author":[{"embeddable":true,"href":"https:\/\/doppelwetten.com\/de\/wp-json\/wp\/v2\/users\/232"}],"replies":[{"embeddable":true,"href":"https:\/\/doppelwetten.com\/de\/wp-json\/wp\/v2\/comments?post=17641"}],"version-history":[{"count":2,"href":"https:\/\/doppelwetten.com\/de\/wp-json\/wp\/v2\/pages\/17641\/revisions"}],"predecessor-version":[{"id":29866,"href":"https:\/\/doppelwetten.com\/de\/wp-json\/wp\/v2\/pages\/17641\/revisions\/29866"}],"wp:attachment":[{"href":"https:\/\/doppelwetten.com\/de\/wp-json\/wp\/v2\/media?parent=17641"}],"curies":[{"name":"wp","href":"https:\/\/api.w.org\/{rel}","templated":true}]}}