{"id":17299,"date":"2019-08-30T20:21:35","date_gmt":"2019-08-30T20:21:35","guid":{"rendered":"https:\/\/doppelwetten.com\/offers-for-existing-customers-reload-offers\/"},"modified":"2021-11-18T01:58:08","modified_gmt":"2021-11-18T01:58:08","slug":"offers-for-existing-customers-reload-offers","status":"publish","type":"page","link":"https:\/\/doppelwetten.com\/de\/offers-for-existing-customers-reload-offers\/","title":{"rendered":"Angebote f\u00fcr Bestandskunden (Reload-Angebote)"},"content":{"rendered":"\n\n\t<h1>Angebote f\u00fcr Bestandskunden<br \/>\n(Reload-Angebote)<\/h1>\n<p>Eine der h\u00e4ufigsten Fragen in Bezug auf Matched Betting ist, \u201eWas ist, wenn ich all die Willkommensangebote durch habe?&#8220;.<\/p>\n<p><strong>Die einfache Antwort ist, Reload-Angebote.\u00a0<\/strong><\/p>\n<p>Ein Reload-Angebot ist ein Angebot eines Wettanbieters, z. B. eine Freiwette oder ein Bonus, das nur an Bestandskunden gerichtet ist.<\/p>\n<p>Die Neukundenangebote sind toll und man kann Tausende von Euro damit verdienen, aber Du kannst sie nur ein Mal wahrnehmen.<\/p>\n<p>Das Gute bei Reload-Angeboten ist, dass sie jede Woche zur Verf\u00fcgung stehen.<\/p>\n<p>Bei besonderen Events wie dem DFB Pokalfinale oder dem Champions League Finale steigt die Anzahl von Angeboten.<\/p>\n<p>Um ein Bild davon zu bekommen, w\u00fcrde ich Dir empfehlen, meinen Blog-Post dar\u00fcber zu lesen, wie ich\u00a0\u20ac177 an dem Champions League Finale verdient habe. Das <u>sind 177<\/u>\u20ac von Reload-Angeboten nur von einem einzigen Spiel.<\/p>\n<ul>\n<li><a href=\"https:\/\/doppelwetten.com\/de\/free-trial\/\">F\u00fcr Premium-Mitgliedschaft anmelden<\/a><\/li>\n<\/ul>\n<h2>Wie findet man die Reload-Angebote?<\/h2>\n<p>Ein Weg, die Reload-Angebote zu finden, ist durch alle Wettanbieter zu gehen und nachzusehen, welche Angebote verf\u00fcgbar sind.<\/p>\n<p>Das ist jedoch extrem zeitaufwendig, und Du verbringst Zeit mit Suchen, anstatt Matched Wetten zu platzieren und Geld zu verdienen.<\/p>\n<p><strong>Die eindeutig bessere Option<\/strong> ist, im DoppelWetten Forum nachzugucken.<\/p>\n<p>Als Teil unseres Service f\u00fcr unsere Premium-Mitglieder durchsucht unser tolles Support Team regelm\u00e4\u00dfig alle Wettanbieter nach verf\u00fcgbaren Reload-Angeboten.<\/p>\nAnstatt also durch \u00fcber 70 verschiedene Wettanbieter zu gehen, kannst Du Dich einfach im Forum einloggen und das Angebot, das Du machen m\u00f6chtest, heraussuchen.<br \/>\n<img src=\"https:\/\/doppelwetten.com\/wp-content\/uploads\/2019\/08\/123.png\" \/>\n<h2>Regelm\u00e4\u00dfige\/w\u00f6chentliche Angebote<\/h2>\n<p>Wir haben au\u00dferdem alle Wettclubs und alle laufenden Angebote mit aufgenommen, die wir finden konnten .<\/p>\nDiese Angebote sind jede Woche erh\u00e4ltlich, und man kann hierdurch prima ein regelm\u00e4\u00dfiges Einkommen von Matched Betting generieren.<br \/>\n<img src=\"https:\/\/doppelwetten.com\/wp-content\/uploads\/2019\/08\/Unbenannt-1-1024x511.png\" \/>\n<h2>Casino-Angebote<\/h2>\n<p>Magst Du Casino-Angebote?<\/p>\nDann bist Du hier auch richtig. In unserem Forum kannst Du auch eine Auswahl an verf\u00fcgbaren Casino-Angeboten finden.<br \/>\n<img src=\"https:\/\/doppelwetten.com\/wp-content\/uploads\/2019\/08\/Unbenannt1.png\" \/>\n<h2>Aber das ist noch nicht alles<\/h2>\n<p>Jedes Angebot beinhaltet auch:<\/p>\n<i class=\"hb-moon-seven-segment-1 hb-icon-float-left hb-icon-small hb-icon\" style=\"color:#0099ff\"><\/i> Den Namen des Wettanbieters<\/p>\n<i class=\"hb-moon-seven-segment-2 hb-icon-float-left hb-icon-small hb-icon\" style=\"color:#0099ff\"><\/i> Die wesentlichen Bedingungen<\/p>\n<i class=\"hb-moon-seven-segment-3 hb-icon-float-left hb-icon-small hb-icon\" style=\"color:#0099ff\"><\/i> Einen Link zu dem Schritt-f\u00fcr-Schritt Leitfaden f\u00fcr das konkrete Angebot<\/p>\n<i class=\"hb-moon-seven-segment-4 hb-icon-float-left hb-icon-small hb-icon\" style=\"color:#0099ff\"><\/i> Einen direkten Link zum Angebot, damit Du es leicht finden kannst<br \/>\n<img src=\"https:\/\/doppelwetten.com\/wp-content\/uploads\/2019\/08\/124-1024x393.png\" \/>\n<p>H\u00f6r auf, Zeit mit Suchen zu verbringen und fang stattdessen an, zu verdienen. Dies ist nur eins der aufregenden Features, die in unserer Premium-Mitgliedschaft enthalten sind.<\/p>\n<p><strong>Worauf wartest Du also noch?<\/strong><\/p>\n<p>Melde Dich jetzt an und fang an, Geld mit Reload-Angeboten zu verdienen.<\/p>\n<ul>\n<li><a href=\"https:\/\/doppelwetten.com\/de\/free-trial\/\">F\u00fcr Premium-Mitgliedschaft anmelden<\/a><\/li>\n<\/ul>\n\n","protected":false},"excerpt":{"rendered":"<p>Angebote f\u00fcr Bestandskunden (Reload-Angebote) Eine der h\u00e4ufigsten Fragen in Bezug auf Matched Betting ist, \u201eWas ist, wenn ich all die [&hellip;]<\/p>\n","protected":false},"author":1,"featured_media":0,"parent":0,"menu_order":0,"comment_status":"closed","ping_status":"closed","template":"","meta":{"_mi_skip_tracking":false},"yoast_head":"<!-- This site is optimized with the Yoast SEO plugin v19.13 - https:\/\/yoast.com\/wordpress\/plugins\/seo\/ -->\n<title>Angebote f\u00fcr Bestandskunden (Reload-Angebote) - DoppelWetten<\/title>\n<meta name=\"robots\" content=\"index, follow, max-snippet:-1, max-image-preview:large, max-video-preview:-1\" \/>\n<link rel=\"canonical\" href=\"https:\/\/doppelwetten.com\/de\/offers-for-existing-customers-reload-offers\/\" \/>\n<meta property=\"og:locale\" content=\"de_DE\" \/>\n<meta property=\"og:type\" content=\"article\" \/>\n<meta property=\"og:title\" content=\"Angebote f\u00fcr Bestandskunden (Reload-Angebote) - DoppelWetten\" \/>\n<meta property=\"og:description\" content=\"Angebote f\u00fcr Bestandskunden (Reload-Angebote) Eine der h\u00e4ufigsten Fragen in Bezug auf Matched Betting ist, \u201eWas ist, wenn ich all die [&hellip;]\" \/>\n<meta property=\"og:url\" content=\"https:\/\/doppelwetten.com\/de\/offers-for-existing-customers-reload-offers\/\" \/>\n<meta property=\"og:site_name\" content=\"DoppelWetten\" \/>\n<meta property=\"article:modified_time\" content=\"2021-11-18T01:58:08+00:00\" \/>\n<meta property=\"og:image\" content=\"https:\/\/doppelwetten.com\/wp-content\/uploads\/2019\/08\/123.png\" \/>\n<meta name=\"twitter:card\" content=\"summary_large_image\" \/>\n<meta name=\"twitter:site\" content=\"@doppelwetten\" \/>\n<meta name=\"twitter:label1\" content=\"Gesch\u00e4tzte Lesezeit\" \/>\n\t<meta name=\"twitter:data1\" content=\"2 Minuten\" \/>\n<script type=\"application\/ld+json\" class=\"yoast-schema-graph\">{\"@context\":\"https:\/\/schema.org\",\"@graph\":[{\"@type\":\"WebPage\",\"@id\":\"https:\/\/doppelwetten.com\/de\/offers-for-existing-customers-reload-offers\/\",\"url\":\"https:\/\/doppelwetten.com\/de\/offers-for-existing-customers-reload-offers\/\",\"name\":\"Angebote f\u00fcr Bestandskunden (Reload-Angebote) - DoppelWetten\",\"isPartOf\":{\"@id\":\"https:\/\/doppelwetten.com\/#website\"},\"datePublished\":\"2019-08-30T20:21:35+00:00\",\"dateModified\":\"2021-11-18T01:58:08+00:00\",\"breadcrumb\":{\"@id\":\"https:\/\/doppelwetten.com\/de\/offers-for-existing-customers-reload-offers\/#breadcrumb\"},\"inLanguage\":\"de-DE\",\"potentialAction\":[{\"@type\":\"ReadAction\",\"target\":[\"https:\/\/doppelwetten.com\/de\/offers-for-existing-customers-reload-offers\/\"]}]},{\"@type\":\"BreadcrumbList\",\"@id\":\"https:\/\/doppelwetten.com\/de\/offers-for-existing-customers-reload-offers\/#breadcrumb\",\"itemListElement\":[{\"@type\":\"ListItem\",\"position\":1,\"name\":\"Home\",\"item\":\"https:\/\/doppelwetten.com\/de\/\"},{\"@type\":\"ListItem\",\"position\":2,\"name\":\"Angebote f\u00fcr Bestandskunden (Reload-Angebote)\"}]},{\"@type\":\"WebSite\",\"@id\":\"https:\/\/doppelwetten.com\/#website\",\"url\":\"https:\/\/doppelwetten.com\/\",\"name\":\"DoppelWetten\",\"description\":\"risikolosen Wetten (Schritt f\u00fcr Schritt)\",\"publisher\":{\"@id\":\"https:\/\/doppelwetten.com\/#organization\"},\"potentialAction\":[{\"@type\":\"SearchAction\",\"target\":{\"@type\":\"EntryPoint\",\"urlTemplate\":\"https:\/\/doppelwetten.com\/?s={search_term_string}\"},\"query-input\":\"required name=search_term_string\"}],\"inLanguage\":\"de-DE\"},{\"@type\":\"Organization\",\"@id\":\"https:\/\/doppelwetten.com\/#organization\",\"name\":\"DoppelWetten\",\"url\":\"https:\/\/doppelwetten.com\/\",\"logo\":{\"@type\":\"ImageObject\",\"inLanguage\":\"de-DE\",\"@id\":\"https:\/\/doppelwetten.com\/#\/schema\/logo\/image\/\",\"url\":\"https:\/\/doppelwetten.com\/wp-content\/uploads\/2021\/05\/google-logo-size.png\",\"contentUrl\":\"https:\/\/doppelwetten.com\/wp-content\/uploads\/2021\/05\/google-logo-size.png\",\"caption\":\"DoppelWetten\"},\"image\":{\"@id\":\"https:\/\/doppelwetten.com\/#\/schema\/logo\/image\/\"},\"sameAs\":[\"https:\/\/twitter.com\/doppelwetten\"]}]}<\/script>\n<!-- \/ Yoast SEO plugin. -->","yoast_head_json":{"title":"Angebote f\u00fcr Bestandskunden (Reload-Angebote) - DoppelWetten","robots":{"index":"index","follow":"follow","max-snippet":"max-snippet:-1","max-image-preview":"max-image-preview:large","max-video-preview":"max-video-preview:-1"},"canonical":"https:\/\/doppelwetten.com\/de\/offers-for-existing-customers-reload-offers\/","og_locale":"de_DE","og_type":"article","og_title":"Angebote f\u00fcr Bestandskunden (Reload-Angebote) - DoppelWetten","og_description":"Angebote f\u00fcr Bestandskunden (Reload-Angebote) Eine der h\u00e4ufigsten Fragen in Bezug auf Matched Betting ist, \u201eWas ist, wenn ich all die [&hellip;]","og_url":"https:\/\/doppelwetten.com\/de\/offers-for-existing-customers-reload-offers\/","og_site_name":"DoppelWetten","article_modified_time":"2021-11-18T01:58:08+00:00","og_image":[{"url":"https:\/\/doppelwetten.com\/wp-content\/uploads\/2019\/08\/123.png"}],"twitter_card":"summary_large_image","twitter_site":"@doppelwetten","twitter_misc":{"Gesch\u00e4tzte Lesezeit":"2 Minuten"},"schema":{"@context":"https:\/\/schema.org","@graph":[{"@type":"WebPage","@id":"https:\/\/doppelwetten.com\/de\/offers-for-existing-customers-reload-offers\/","url":"https:\/\/doppelwetten.com\/de\/offers-for-existing-customers-reload-offers\/","name":"Angebote f\u00fcr Bestandskunden (Reload-Angebote) - DoppelWetten","isPartOf":{"@id":"https:\/\/doppelwetten.com\/#website"},"datePublished":"2019-08-30T20:21:35+00:00","dateModified":"2021-11-18T01:58:08+00:00","breadcrumb":{"@id":"https:\/\/doppelwetten.com\/de\/offers-for-existing-customers-reload-offers\/#breadcrumb"},"inLanguage":"de-DE","potentialAction":[{"@type":"ReadAction","target":["https:\/\/doppelwetten.com\/de\/offers-for-existing-customers-reload-offers\/"]}]},{"@type":"BreadcrumbList","@id":"https:\/\/doppelwetten.com\/de\/offers-for-existing-customers-reload-offers\/#breadcrumb","itemListElement":[{"@type":"ListItem","position":1,"name":"Home","item":"https:\/\/doppelwetten.com\/de\/"},{"@type":"ListItem","position":2,"name":"Angebote f\u00fcr Bestandskunden (Reload-Angebote)"}]},{"@type":"WebSite","@id":"https:\/\/doppelwetten.com\/#website","url":"https:\/\/doppelwetten.com\/","name":"DoppelWetten","description":"risikolosen Wetten (Schritt f\u00fcr Schritt)","publisher":{"@id":"https:\/\/doppelwetten.com\/#organization"},"potentialAction":[{"@type":"SearchAction","target":{"@type":"EntryPoint","urlTemplate":"https:\/\/doppelwetten.com\/?s={search_term_string}"},"query-input":"required name=search_term_string"}],"inLanguage":"de-DE"},{"@type":"Organization","@id":"https:\/\/doppelwetten.com\/#organization","name":"DoppelWetten","url":"https:\/\/doppelwetten.com\/","logo":{"@type":"ImageObject","inLanguage":"de-DE","@id":"https:\/\/doppelwetten.com\/#\/schema\/logo\/image\/","url":"https:\/\/doppelwetten.com\/wp-content\/uploads\/2021\/05\/google-logo-size.png","contentUrl":"https:\/\/doppelwetten.com\/wp-content\/uploads\/2021\/05\/google-logo-size.png","caption":"DoppelWetten"},"image":{"@id":"https:\/\/doppelwetten.com\/#\/schema\/logo\/image\/"},"sameAs":["https:\/\/twitter.com\/doppelwetten"]}]}},"_links":{"self":[{"href":"https:\/\/doppelwetten.com\/de\/wp-json\/wp\/v2\/pages\/17299"}],"collection":[{"href":"https:\/\/doppelwetten.com\/de\/wp-json\/wp\/v2\/pages"}],"about":[{"href":"https:\/\/doppelwetten.com\/de\/wp-json\/wp\/v2\/types\/page"}],"author":[{"embeddable":true,"href":"https:\/\/doppelwetten.com\/de\/wp-json\/wp\/v2\/users\/1"}],"replies":[{"embeddable":true,"href":"https:\/\/doppelwetten.com\/de\/wp-json\/wp\/v2\/comments?post=17299"}],"version-history":[{"count":5,"href":"https:\/\/doppelwetten.com\/de\/wp-json\/wp\/v2\/pages\/17299\/revisions"}],"predecessor-version":[{"id":27343,"href":"https:\/\/doppelwetten.com\/de\/wp-json\/wp\/v2\/pages\/17299\/revisions\/27343"}],"wp:attachment":[{"href":"https:\/\/doppelwetten.com\/de\/wp-json\/wp\/v2\/media?parent=17299"}],"curies":[{"name":"wp","href":"https:\/\/api.w.org\/{rel}","templated":true}]}}