{"id":16805,"date":"2019-07-01T06:43:40","date_gmt":"2019-07-01T06:43:40","guid":{"rendered":"https:\/\/doppelwetten.com\/orbit-exchange-user-guide\/"},"modified":"2022-11-16T12:10:05","modified_gmt":"2022-11-16T12:10:05","slug":"orbit-exchange-user-guide","status":"publish","type":"page","link":"https:\/\/doppelwetten.com\/de\/orbit-exchange-user-guide\/","title":{"rendered":"Anleitung f\u00fcr die Orbit Wettb\u00f6rse"},"content":{"rendered":"<h2>Einloggen<\/h2>\n<p>Benutze den Nutzernamen und das Passwort, das Du per E-Mail von Bet-Football erhalten hast, um Dich einzuloggen.<\/p>\n<p><img loading=\"lazy\" class=\" wp-image-16761 alignnone\" src=\"https:\/\/doppelwetten.com\/wp-content\/uploads\/2019\/06\/22.png\" alt=\"Orbit Exchange user guide\" width=\"414\" height=\"444\" srcset=\"https:\/\/doppelwetten.com\/wp-content\/uploads\/2019\/06\/22.png 644w, https:\/\/doppelwetten.com\/wp-content\/uploads\/2019\/06\/22-280x300.png 280w\" sizes=\"(max-width: 414px) 100vw, 414px\" \/><\/p>\n<p>Schreibe entweder den Nutzernamen und das Passwort in die unten gezeigten Felder oder kopiere sie und f\u00fcge sie ein.<\/p>\n<h1><img loading=\"lazy\" class=\" wp-image-16764 alignnone\" src=\"https:\/\/doppelwetten.com\/wp-content\/uploads\/2019\/06\/4.png\" alt=\"Orbit Exchange user guide\" width=\"744\" height=\"350\" srcset=\"https:\/\/doppelwetten.com\/wp-content\/uploads\/2019\/06\/4.png 1920w, https:\/\/doppelwetten.com\/wp-content\/uploads\/2019\/06\/4-300x141.png 300w, https:\/\/doppelwetten.com\/wp-content\/uploads\/2019\/06\/4-768x361.png 768w, https:\/\/doppelwetten.com\/wp-content\/uploads\/2019\/06\/4-1024x482.png 1024w\" sizes=\"(max-width: 744px) 100vw, 744px\" \/><\/h1>\n<h2>Beim ersten Einloggen<\/h2>\n<p>Beim ersten Mal, das Du Dich einloggst, empfehle ich Dir, drei Dinge zu tun.<\/p>\n<p><strong>Erstens solltest Du pr\u00fcfen, dass Dein Kontostand mit dem Betrag, den Du \u00fcberwiesen hast, \u00fcbereinstimmt. <\/strong><\/p>\n<p><strong><img loading=\"lazy\" class=\"wp-image-16769 alignnone\" src=\"https:\/\/doppelwetten.com\/wp-content\/uploads\/2019\/06\/3.png\" alt=\"Orbit Exchange User Guide\" width=\"751\" height=\"353\" srcset=\"https:\/\/doppelwetten.com\/wp-content\/uploads\/2019\/06\/3.png 1920w, https:\/\/doppelwetten.com\/wp-content\/uploads\/2019\/06\/3-300x141.png 300w, https:\/\/doppelwetten.com\/wp-content\/uploads\/2019\/06\/3-768x361.png 768w, https:\/\/doppelwetten.com\/wp-content\/uploads\/2019\/06\/3-1024x482.png 1024w\" sizes=\"(max-width: 751px) 100vw, 751px\" \/><\/strong><\/p>\n<p><strong>W\u00e4hle ein neues Passwort. <\/strong><\/p>\n<p>Klicke auf den unten gezeigten kleinen Button.<\/p>\n<p><img loading=\"lazy\" class=\" wp-image-16771 alignnone\" src=\"https:\/\/doppelwetten.com\/wp-content\/uploads\/2019\/06\/5.png\" alt=\"Orbit Exchange User Guide\" width=\"755\" height=\"355\" srcset=\"https:\/\/doppelwetten.com\/wp-content\/uploads\/2019\/06\/5.png 1920w, https:\/\/doppelwetten.com\/wp-content\/uploads\/2019\/06\/5-300x141.png 300w, https:\/\/doppelwetten.com\/wp-content\/uploads\/2019\/06\/5-768x361.png 768w, https:\/\/doppelwetten.com\/wp-content\/uploads\/2019\/06\/5-1024x482.png 1024w\" sizes=\"(max-width: 755px) 100vw, 755px\" \/><\/p>\n<p><img loading=\"lazy\" class=\"wp-image-16774 alignnone\" src=\"https:\/\/doppelwetten.com\/wp-content\/uploads\/2019\/06\/6.png\" alt=\"Orbit Exchange User Guide\" width=\"460\" height=\"297\" srcset=\"https:\/\/doppelwetten.com\/wp-content\/uploads\/2019\/06\/6.png 714w, https:\/\/doppelwetten.com\/wp-content\/uploads\/2019\/06\/6-300x194.png 300w\" sizes=\"(max-width: 460px) 100vw, 460px\" \/><\/p>\n<p>Gib das alte Passwort aus dem Bet-Football E-Mail ein und w\u00e4hle ein neues. Dann klicke auf OK.<\/p>\n<p><strong>\u00c4ndere die vorgegebenen Wettbetr\u00e4ge. <\/strong><\/p>\n<p>Gehe zu Settings.<\/p>\n<p><img loading=\"lazy\" class=\"wp-image-16769 alignnone\" src=\"https:\/\/doppelwetten.com\/wp-content\/uploads\/2019\/06\/3.png\" alt=\"Orbit Exchange User Guide\" width=\"746\" height=\"351\" srcset=\"https:\/\/doppelwetten.com\/wp-content\/uploads\/2019\/06\/3.png 1920w, https:\/\/doppelwetten.com\/wp-content\/uploads\/2019\/06\/3-300x141.png 300w, https:\/\/doppelwetten.com\/wp-content\/uploads\/2019\/06\/3-768x361.png 768w, https:\/\/doppelwetten.com\/wp-content\/uploads\/2019\/06\/3-1024x482.png 1024w\" sizes=\"(max-width: 746px) 100vw, 746px\" \/><\/p>\n<p>Bei der Wettb\u00f6rse Orbit gibt es ein Feature, mit dem Du mithilfe einiger vorgegebener Betr\u00e4ge eine Wette schnell setzen kannst.<\/p>\n<p><img loading=\"lazy\" class=\" wp-image-16777 alignnone\" src=\"https:\/\/doppelwetten.com\/wp-content\/uploads\/2019\/06\/01.png\" alt=\"Orbit Exchange User Guide\" width=\"405\" height=\"338\" srcset=\"https:\/\/doppelwetten.com\/wp-content\/uploads\/2019\/06\/01.png 541w, https:\/\/doppelwetten.com\/wp-content\/uploads\/2019\/06\/01-300x251.png 300w\" sizes=\"(max-width: 405px) 100vw, 405px\" \/><\/p>\n<p>In dem Screenshot habe ich meine ge\u00e4ndert, aber als ich mich das erste Mal eingeloggt habe, waren die Betr\u00e4ge sehr hoch, und Du solltest nicht riskieren, aus Versehen auf einen hohen Betrag zu klicken.<\/p>\n<p>Um Deine vorgegebenen Betr\u00e4ge zu \u00e4ndern, klicke auf Settings und w\u00e4hle dann den Reiter Settings aus.<\/p>\n<p><img loading=\"lazy\" class=\" wp-image-16780 alignnone\" src=\"https:\/\/doppelwetten.com\/wp-content\/uploads\/2019\/06\/1.png\" alt=\"Orbit Exchange User Guide\" width=\"753\" height=\"354\" srcset=\"https:\/\/doppelwetten.com\/wp-content\/uploads\/2019\/06\/1.png 1920w, https:\/\/doppelwetten.com\/wp-content\/uploads\/2019\/06\/1-300x141.png 300w, https:\/\/doppelwetten.com\/wp-content\/uploads\/2019\/06\/1-768x361.png 768w, https:\/\/doppelwetten.com\/wp-content\/uploads\/2019\/06\/1-1024x482.png 1024w\" sizes=\"(max-width: 753px) 100vw, 753px\" \/><\/p>\n<p>\u00c4ndere dann die Zahlen wie unten gezeigt und klicke auf Save.<\/p>\n<h2><img loading=\"lazy\" class=\" wp-image-16782 alignnone\" src=\"https:\/\/doppelwetten.com\/wp-content\/uploads\/2019\/06\/2.png\" alt=\"Orbit Exchange User Guide\" width=\"755\" height=\"355\" srcset=\"https:\/\/doppelwetten.com\/wp-content\/uploads\/2019\/06\/2.png 1920w, https:\/\/doppelwetten.com\/wp-content\/uploads\/2019\/06\/2-300x141.png 300w, https:\/\/doppelwetten.com\/wp-content\/uploads\/2019\/06\/2-768x361.png 768w, https:\/\/doppelwetten.com\/wp-content\/uploads\/2019\/06\/2-1024x482.png 1024w\" sizes=\"(max-width: 755px) 100vw, 755px\" \/><\/h2>\n<h2>Die Hauptseite<\/h2>\n<p>Im Untenstehenden werde ich durch einige der Features gehen, die auf der Hauptseite verf\u00fcgbar sind.<\/p>\n<p><img loading=\"lazy\" class=\" wp-image-16784 alignnone\" src=\"https:\/\/doppelwetten.com\/wp-content\/uploads\/2019\/06\/7.png\" alt=\"Orbit Exchange User Guide\" width=\"749\" height=\"352\" srcset=\"https:\/\/doppelwetten.com\/wp-content\/uploads\/2019\/06\/7.png 1920w, https:\/\/doppelwetten.com\/wp-content\/uploads\/2019\/06\/7-300x141.png 300w, https:\/\/doppelwetten.com\/wp-content\/uploads\/2019\/06\/7-768x361.png 768w, https:\/\/doppelwetten.com\/wp-content\/uploads\/2019\/06\/7-1024x482.png 1024w\" sizes=\"(max-width: 749px) 100vw, 749px\" \/><\/p>\n<p><i class=\"icon\">1<\/i>\u201eContextual Help\u201d ist ein cooles Feature, das sehr n\u00fctzlich sein kann, wenn Wettb\u00f6rsen noch neu f\u00fcr Dich sind. Leider ist der erkl\u00e4rende Text nur in Englisch verf\u00fcgbar. Wenn es eingeschaltet ist, erscheint eine kleine Textbox, wenn Du die Maus \u00fcber bestimmte Stellen h\u00e4ltst. Ein Beispiel hierf\u00fcr siehst Du neben der Nummer 2 in dem roten Kreis.<\/p>\n<p><i class=\"icon\">2<\/i>Dies ist die Textbox, die erscheint, wenn \u201eContextual Help\u201d eingeschaltet ist. Wenn Du dieses Feature nicht anhaben m\u00f6chtest, klicke einfach auf den Button neben der Nummer 1 im roten Kreis, damit da off anstatt on steht.<\/p>\n<p><i class=\"icon\">3<\/i>Hier sind einige hilfreiche Anleitungen, die Dir zum Beispiel zeigen, wie man eine Lay-Wette platziert.<\/p>\n<p><i class=\"icon\">4<\/i>Dies sind Live-Spiele.<\/p>\n<p><i class=\"icon\">5<\/i>Wenn Du auf irgendwelche Quoten klickst, werden sie hier im Wettschein erscheinen.<\/p>\n<p><i class=\"icon\">6<\/i>Klicke auf den Reiter Open Bets, um bereits platzierte, aber noch offene Wetten zu sehen.<\/p>\n<p><i class=\"icon\">7<\/i>Unter Popular Links findest Du die beliebtesten Events, auf die Du wetten kannst.<\/p>\n<h2>My Bets<\/h2>\n<p>Unter My Bets kannst Du derzeitige und vergangene Wetten sehen.<\/p>\n<p>Du kannst auch nachsehen, ob eine Wette gematched oder ungematched ist.<\/p>\n<p><img loading=\"lazy\" class=\" wp-image-16787 alignnone\" src=\"https:\/\/doppelwetten.com\/wp-content\/uploads\/2019\/06\/9.png\" alt=\"Orbit Exchange User Guide\" width=\"751\" height=\"353\" srcset=\"https:\/\/doppelwetten.com\/wp-content\/uploads\/2019\/06\/9.png 1920w, https:\/\/doppelwetten.com\/wp-content\/uploads\/2019\/06\/9-300x141.png 300w, https:\/\/doppelwetten.com\/wp-content\/uploads\/2019\/06\/9-768x361.png 768w, https:\/\/doppelwetten.com\/wp-content\/uploads\/2019\/06\/9-1024x482.png 1024w\" sizes=\"(max-width: 751px) 100vw, 751px\" \/><\/p>\n<p><img loading=\"lazy\" class=\" wp-image-16789 alignnone\" src=\"https:\/\/doppelwetten.com\/wp-content\/uploads\/2019\/06\/8.png\" alt=\"Orbit Exchange User Guide\" width=\"745\" height=\"99\" srcset=\"https:\/\/doppelwetten.com\/wp-content\/uploads\/2019\/06\/8.png 1920w, https:\/\/doppelwetten.com\/wp-content\/uploads\/2019\/06\/8-300x40.png 300w, https:\/\/doppelwetten.com\/wp-content\/uploads\/2019\/06\/8-768x102.png 768w, https:\/\/doppelwetten.com\/wp-content\/uploads\/2019\/06\/8-1024x136.png 1024w\" sizes=\"(max-width: 745px) 100vw, 745px\" \/><\/p>\n<p><i class=\"icon\">1<\/i>Offene Wetten. Du kannst dann ausw\u00e4hlen, entweder Wetten, die gematched sind, zu sehen, oder solche, die nicht gematched sind.<\/p>\n<p><i class=\"icon\">2<\/i>Klicke auf diesen Reiter, um Deine Wetthistorie zu sehen.<\/p>\n<p><i class=\"icon\">3<\/i>Wenn Du Deine Wetten sehen willst, die nicht gematched sind.<\/p>\n<p><i class=\"icon\">4<\/i>Und wenn Du Deine Wetten sehen willst, die gematched sind.<\/p>\n<p><i class=\"icon\">5<\/i>Hier kannst Du den Zeitraum, den Du sehen willst, anpassen. Wenn Du keine Wetten siehst, versuche, den Zeitraum zu erweitern.<\/p>\n<h2>Betting Profit and Loss<\/h2>\n<p>Unter Profit and Loss kannst Du nachvollziehen, ob Dein Orbit-Konto \u00fcber einen bestimmten Zeitraum hinweg einen Profit oder Verlust hat.<\/p>\n<p>Dieser Bereich ist vielleicht weniger relevant, da Du auch in Betracht ziehen musst, welche Gelder Du auf Deinen Buchmacher-Konten hast.<\/p>\n<p>Wenn Du einen Verlust bei Deinem Orbit-Konto hast, wirst Du einen Profit bei Deinen Buchmacher-Konten haben.<\/p>\n<p><img loading=\"lazy\" class=\" wp-image-16792 alignnone\" src=\"https:\/\/doppelwetten.com\/wp-content\/uploads\/2019\/06\/10.png\" alt=\"Orbit Exchange User Guide\" width=\"755\" height=\"355\" srcset=\"https:\/\/doppelwetten.com\/wp-content\/uploads\/2019\/06\/10.png 1920w, https:\/\/doppelwetten.com\/wp-content\/uploads\/2019\/06\/10-300x141.png 300w, https:\/\/doppelwetten.com\/wp-content\/uploads\/2019\/06\/10-768x361.png 768w, https:\/\/doppelwetten.com\/wp-content\/uploads\/2019\/06\/10-1024x482.png 1024w\" sizes=\"(max-width: 755px) 100vw, 755px\" \/><\/p>\n<p>W\u00e4hle den Zeitraum und den Sport, den Du pr\u00fcfen willst, aus.<\/p>\n<h2><img loading=\"lazy\" class=\" wp-image-16794 alignnone\" src=\"https:\/\/doppelwetten.com\/wp-content\/uploads\/2019\/06\/12.png\" alt=\"Orbit Exchange User Guide\" width=\"753\" height=\"153\" srcset=\"https:\/\/doppelwetten.com\/wp-content\/uploads\/2019\/06\/12.png 1920w, https:\/\/doppelwetten.com\/wp-content\/uploads\/2019\/06\/12-300x61.png 300w, https:\/\/doppelwetten.com\/wp-content\/uploads\/2019\/06\/12-768x156.png 768w, https:\/\/doppelwetten.com\/wp-content\/uploads\/2019\/06\/12-1024x208.png 1024w\" sizes=\"(max-width: 753px) 100vw, 753px\" \/><\/h2>\n<h2>Account Statement<\/h2>\n<p>Unter Account Statement findest Du einen kompletten \u00dcberblick \u00fcber alle Deine Transaktionen.<\/p>\n<p>Das bedeutet, Du kannst Einzahlungen und Auszahlungen sowie den Ausgang aller Wetten, die Du platziert hast, nachverfolgen.<\/p>\n<p><img loading=\"lazy\" class=\" wp-image-16796 alignnone\" src=\"https:\/\/doppelwetten.com\/wp-content\/uploads\/2019\/06\/11.png\" alt=\"Orbit Exchange User Guide\" width=\"744\" height=\"350\" srcset=\"https:\/\/doppelwetten.com\/wp-content\/uploads\/2019\/06\/11.png 1920w, https:\/\/doppelwetten.com\/wp-content\/uploads\/2019\/06\/11-300x141.png 300w, https:\/\/doppelwetten.com\/wp-content\/uploads\/2019\/06\/11-768x361.png 768w, https:\/\/doppelwetten.com\/wp-content\/uploads\/2019\/06\/11-1024x482.png 1024w\" sizes=\"(max-width: 744px) 100vw, 744px\" \/><\/p>\n<h2><img loading=\"lazy\" class=\" wp-image-16798 alignnone\" src=\"https:\/\/doppelwetten.com\/wp-content\/uploads\/2019\/06\/13.png\" alt=\"Orbit Exchange User Guide\" width=\"745\" height=\"111\" srcset=\"https:\/\/doppelwetten.com\/wp-content\/uploads\/2019\/06\/13.png 1920w, https:\/\/doppelwetten.com\/wp-content\/uploads\/2019\/06\/13-300x45.png 300w, https:\/\/doppelwetten.com\/wp-content\/uploads\/2019\/06\/13-768x114.png 768w, https:\/\/doppelwetten.com\/wp-content\/uploads\/2019\/06\/13-1024x153.png 1024w\" sizes=\"(max-width: 745px) 100vw, 745px\" \/><\/h2>\n<h2>Eine Wette platzieren<\/h2>\n<p>So wie bei allen Wettb\u00f6rsen sind Back-Wetten blau hinterlegt und Lay-Wetten rosa, damit man einfach zwischen den beiden Wettarten unterscheiden kann.<\/p>\n<p><img loading=\"lazy\" class=\" wp-image-16800 alignnone\" src=\"https:\/\/doppelwetten.com\/wp-content\/uploads\/2019\/06\/14.png\" alt=\"Orbit Exchange User Guide\" width=\"751\" height=\"353\" srcset=\"https:\/\/doppelwetten.com\/wp-content\/uploads\/2019\/06\/14.png 1920w, https:\/\/doppelwetten.com\/wp-content\/uploads\/2019\/06\/14-300x141.png 300w, https:\/\/doppelwetten.com\/wp-content\/uploads\/2019\/06\/14-768x361.png 768w, https:\/\/doppelwetten.com\/wp-content\/uploads\/2019\/06\/14-1024x482.png 1024w\" sizes=\"(max-width: 751px) 100vw, 751px\" \/><\/p>\n<p><i class=\"icon\">1<\/i>Hier kannst Du sehen, um welches Event es sich handelt.<\/p>\n<p><i class=\"icon\">2<\/i>Hier wird die Wettart bzw. der Markt angezeigt. In diesem Fall ist es Match Odds (Spielergebnis).<\/p>\n<p><i class=\"icon\">3<\/i>Klicke auf die anderen Reiter, um andere Wettarten bzw. M\u00e4rkte zu sehen.<\/p>\n<p><i class=\"icon\">4<\/i>Hier werden beliebte M\u00e4rkte angezeigt. Scrolle runter, um mehr zu sehen.<\/p>\n<p><i class=\"icon\">5<\/i>Die besten derzeit verf\u00fcgbaren Back-Quoten.<\/p>\n<p><i class=\"icon\">6<\/i>Die besten derzeit verf\u00fcgbaren Lay-Quoten.<\/p>\n<p><i class=\"icon\">7<\/i>Auf dem Wettschein kannst Du die ausgew\u00e4hlten Quoten sehen.<\/p>\n<p><i class=\"icon\">8<\/i>Und den Einsatz. Tipp: der Mindesteinsatz f\u00fcr Lay-Wetten bei Orbit ist 6\u20ac. Wenn Du einen niedrigeren Lay-Betrag setzen musst, z. B. um eine 5\u20ac Freiwette zu layen, solltest Du nach M\u00f6glichkeit zwei Freiwetten zusammen layen, um \u00fcber den Mindestbetrag zu kommen. Oder benutze die Gelegenheit, um eine &#8218;Mug-Wette&#8216; zu setzen.<\/p>\n<p><i class=\"icon\">9<\/i>Du kannst auch die Haftung sehen. Denke stets daran, die Haftung mit der Haftung im <a href=\"https:\/\/doppelwetten.com\/oddsmatcher\/\">Oddsmatcher<\/a> bzw. anderen Rechnern zu vergleichen.<\/p>\n<p>Bitte melde Dich bei Fragen im <a href=\"https:\/\/forum.doppelwetten.com\/\">Forum<\/a>.<\/p>\n","protected":false},"excerpt":{"rendered":"<p>Einloggen Benutze den Nutzernamen und das Passwort, das Du per E-Mail von Bet-Football erhalten hast, um Dich einzuloggen. Schreibe entweder [&hellip;]<\/p>\n","protected":false},"author":1,"featured_media":0,"parent":0,"menu_order":0,"comment_status":"closed","ping_status":"closed","template":"","meta":{"_mi_skip_tracking":false},"yoast_head":"<!-- This site is optimized with the Yoast SEO plugin v19.13 - https:\/\/yoast.com\/wordpress\/plugins\/seo\/ -->\n<title>Anleitung f\u00fcr die Orbit Wettb\u00f6rse - Low commission for DoppelWetten members<\/title>\n<meta name=\"description\" content=\"Orbit Exchange User Guide | Reduced commission for all DoppelWetten Members | Read how you can get our low commission | Matched Betting Germany\" \/>\n<meta name=\"robots\" content=\"index, follow, max-snippet:-1, max-image-preview:large, max-video-preview:-1\" \/>\n<link rel=\"canonical\" href=\"https:\/\/doppelwetten.com\/de\/orbit-exchange-user-guide\/\" \/>\n<meta property=\"og:locale\" content=\"de_DE\" \/>\n<meta property=\"og:type\" content=\"article\" \/>\n<meta property=\"og:title\" content=\"Anleitung f\u00fcr die Orbit Wettb\u00f6rse - Low commission for DoppelWetten members\" \/>\n<meta property=\"og:description\" content=\"Orbit Exchange User Guide | Reduced commission for all DoppelWetten Members | Read how you can get our low commission | Matched Betting Germany\" \/>\n<meta property=\"og:url\" content=\"https:\/\/doppelwetten.com\/de\/orbit-exchange-user-guide\/\" \/>\n<meta property=\"og:site_name\" content=\"DoppelWetten\" \/>\n<meta property=\"article:modified_time\" content=\"2022-11-16T12:10:05+00:00\" \/>\n<meta property=\"og:image\" content=\"https:\/\/doppelwetten.com\/wp-content\/uploads\/2019\/06\/22.png\" \/>\n<meta name=\"twitter:card\" content=\"summary_large_image\" \/>\n<meta name=\"twitter:site\" content=\"@doppelwetten\" \/>\n<meta name=\"twitter:label1\" content=\"Gesch\u00e4tzte Lesezeit\" \/>\n\t<meta name=\"twitter:data1\" content=\"7 Minuten\" \/>\n<script type=\"application\/ld+json\" class=\"yoast-schema-graph\">{\"@context\":\"https:\/\/schema.org\",\"@graph\":[{\"@type\":\"WebPage\",\"@id\":\"https:\/\/doppelwetten.com\/de\/orbit-exchange-user-guide\/\",\"url\":\"https:\/\/doppelwetten.com\/de\/orbit-exchange-user-guide\/\",\"name\":\"Anleitung f\u00fcr die Orbit Wettb\u00f6rse - Low commission for DoppelWetten members\",\"isPartOf\":{\"@id\":\"https:\/\/doppelwetten.com\/#website\"},\"datePublished\":\"2019-07-01T06:43:40+00:00\",\"dateModified\":\"2022-11-16T12:10:05+00:00\",\"description\":\"Orbit Exchange User Guide | Reduced commission for all DoppelWetten Members | Read how you can get our low commission | Matched Betting Germany\",\"breadcrumb\":{\"@id\":\"https:\/\/doppelwetten.com\/de\/orbit-exchange-user-guide\/#breadcrumb\"},\"inLanguage\":\"de-DE\",\"potentialAction\":[{\"@type\":\"ReadAction\",\"target\":[\"https:\/\/doppelwetten.com\/de\/orbit-exchange-user-guide\/\"]}]},{\"@type\":\"BreadcrumbList\",\"@id\":\"https:\/\/doppelwetten.com\/de\/orbit-exchange-user-guide\/#breadcrumb\",\"itemListElement\":[{\"@type\":\"ListItem\",\"position\":1,\"name\":\"Home\",\"item\":\"https:\/\/doppelwetten.com\/de\/\"},{\"@type\":\"ListItem\",\"position\":2,\"name\":\"Anleitung f\u00fcr die Orbit Wettb\u00f6rse\"}]},{\"@type\":\"WebSite\",\"@id\":\"https:\/\/doppelwetten.com\/#website\",\"url\":\"https:\/\/doppelwetten.com\/\",\"name\":\"DoppelWetten\",\"description\":\"risikolosen Wetten (Schritt f\u00fcr Schritt)\",\"publisher\":{\"@id\":\"https:\/\/doppelwetten.com\/#organization\"},\"potentialAction\":[{\"@type\":\"SearchAction\",\"target\":{\"@type\":\"EntryPoint\",\"urlTemplate\":\"https:\/\/doppelwetten.com\/?s={search_term_string}\"},\"query-input\":\"required name=search_term_string\"}],\"inLanguage\":\"de-DE\"},{\"@type\":\"Organization\",\"@id\":\"https:\/\/doppelwetten.com\/#organization\",\"name\":\"DoppelWetten\",\"url\":\"https:\/\/doppelwetten.com\/\",\"logo\":{\"@type\":\"ImageObject\",\"inLanguage\":\"de-DE\",\"@id\":\"https:\/\/doppelwetten.com\/#\/schema\/logo\/image\/\",\"url\":\"https:\/\/doppelwetten.com\/wp-content\/uploads\/2021\/05\/google-logo-size.png\",\"contentUrl\":\"https:\/\/doppelwetten.com\/wp-content\/uploads\/2021\/05\/google-logo-size.png\",\"caption\":\"DoppelWetten\"},\"image\":{\"@id\":\"https:\/\/doppelwetten.com\/#\/schema\/logo\/image\/\"},\"sameAs\":[\"https:\/\/twitter.com\/doppelwetten\"]}]}<\/script>\n<!-- \/ Yoast SEO plugin. -->","yoast_head_json":{"title":"Anleitung f\u00fcr die Orbit Wettb\u00f6rse - Low commission for DoppelWetten members","description":"Orbit Exchange User Guide | Reduced commission for all DoppelWetten Members | Read how you can get our low commission | Matched Betting Germany","robots":{"index":"index","follow":"follow","max-snippet":"max-snippet:-1","max-image-preview":"max-image-preview:large","max-video-preview":"max-video-preview:-1"},"canonical":"https:\/\/doppelwetten.com\/de\/orbit-exchange-user-guide\/","og_locale":"de_DE","og_type":"article","og_title":"Anleitung f\u00fcr die Orbit Wettb\u00f6rse - Low commission for DoppelWetten members","og_description":"Orbit Exchange User Guide | Reduced commission for all DoppelWetten Members | Read how you can get our low commission | Matched Betting Germany","og_url":"https:\/\/doppelwetten.com\/de\/orbit-exchange-user-guide\/","og_site_name":"DoppelWetten","article_modified_time":"2022-11-16T12:10:05+00:00","og_image":[{"url":"https:\/\/doppelwetten.com\/wp-content\/uploads\/2019\/06\/22.png"}],"twitter_card":"summary_large_image","twitter_site":"@doppelwetten","twitter_misc":{"Gesch\u00e4tzte Lesezeit":"7 Minuten"},"schema":{"@context":"https:\/\/schema.org","@graph":[{"@type":"WebPage","@id":"https:\/\/doppelwetten.com\/de\/orbit-exchange-user-guide\/","url":"https:\/\/doppelwetten.com\/de\/orbit-exchange-user-guide\/","name":"Anleitung f\u00fcr die Orbit Wettb\u00f6rse - Low commission for DoppelWetten members","isPartOf":{"@id":"https:\/\/doppelwetten.com\/#website"},"datePublished":"2019-07-01T06:43:40+00:00","dateModified":"2022-11-16T12:10:05+00:00","description":"Orbit Exchange User Guide | Reduced commission for all DoppelWetten Members | Read how you can get our low commission | Matched Betting Germany","breadcrumb":{"@id":"https:\/\/doppelwetten.com\/de\/orbit-exchange-user-guide\/#breadcrumb"},"inLanguage":"de-DE","potentialAction":[{"@type":"ReadAction","target":["https:\/\/doppelwetten.com\/de\/orbit-exchange-user-guide\/"]}]},{"@type":"BreadcrumbList","@id":"https:\/\/doppelwetten.com\/de\/orbit-exchange-user-guide\/#breadcrumb","itemListElement":[{"@type":"ListItem","position":1,"name":"Home","item":"https:\/\/doppelwetten.com\/de\/"},{"@type":"ListItem","position":2,"name":"Anleitung f\u00fcr die Orbit Wettb\u00f6rse"}]},{"@type":"WebSite","@id":"https:\/\/doppelwetten.com\/#website","url":"https:\/\/doppelwetten.com\/","name":"DoppelWetten","description":"risikolosen Wetten (Schritt f\u00fcr Schritt)","publisher":{"@id":"https:\/\/doppelwetten.com\/#organization"},"potentialAction":[{"@type":"SearchAction","target":{"@type":"EntryPoint","urlTemplate":"https:\/\/doppelwetten.com\/?s={search_term_string}"},"query-input":"required name=search_term_string"}],"inLanguage":"de-DE"},{"@type":"Organization","@id":"https:\/\/doppelwetten.com\/#organization","name":"DoppelWetten","url":"https:\/\/doppelwetten.com\/","logo":{"@type":"ImageObject","inLanguage":"de-DE","@id":"https:\/\/doppelwetten.com\/#\/schema\/logo\/image\/","url":"https:\/\/doppelwetten.com\/wp-content\/uploads\/2021\/05\/google-logo-size.png","contentUrl":"https:\/\/doppelwetten.com\/wp-content\/uploads\/2021\/05\/google-logo-size.png","caption":"DoppelWetten"},"image":{"@id":"https:\/\/doppelwetten.com\/#\/schema\/logo\/image\/"},"sameAs":["https:\/\/twitter.com\/doppelwetten"]}]}},"_links":{"self":[{"href":"https:\/\/doppelwetten.com\/de\/wp-json\/wp\/v2\/pages\/16805"}],"collection":[{"href":"https:\/\/doppelwetten.com\/de\/wp-json\/wp\/v2\/pages"}],"about":[{"href":"https:\/\/doppelwetten.com\/de\/wp-json\/wp\/v2\/types\/page"}],"author":[{"embeddable":true,"href":"https:\/\/doppelwetten.com\/de\/wp-json\/wp\/v2\/users\/1"}],"replies":[{"embeddable":true,"href":"https:\/\/doppelwetten.com\/de\/wp-json\/wp\/v2\/comments?post=16805"}],"version-history":[{"count":5,"href":"https:\/\/doppelwetten.com\/de\/wp-json\/wp\/v2\/pages\/16805\/revisions"}],"predecessor-version":[{"id":29876,"href":"https:\/\/doppelwetten.com\/de\/wp-json\/wp\/v2\/pages\/16805\/revisions\/29876"}],"wp:attachment":[{"href":"https:\/\/doppelwetten.com\/de\/wp-json\/wp\/v2\/media?parent=16805"}],"curies":[{"name":"wp","href":"https:\/\/api.w.org\/{rel}","templated":true}]}}