{"id":16592,"date":"2019-06-27T00:05:04","date_gmt":"2019-06-27T00:05:04","guid":{"rendered":"https:\/\/doppelwetten.com\/vorgehen-bei-lay-wetten-die-nicht-gematched-oder-teilweise-nicht-gematched-sind\/"},"modified":"2022-11-15T13:04:19","modified_gmt":"2022-11-15T13:04:19","slug":"vorgehen-bei-lay-wetten-die-nicht-gematched-oder-teilweise-nicht-gematched-sind","status":"publish","type":"page","link":"https:\/\/doppelwetten.com\/de\/vorgehen-bei-lay-wetten-die-nicht-gematched-oder-teilweise-nicht-gematched-sind\/","title":{"rendered":"Vorgehen bei Lay-Wetten, die nicht gematched oder teilweise nicht gematched sind"},"content":{"rendered":"\n<p><p>Eines der h\u00e4ufigsten Probleme, das beim Setzen der Lay-Wetten auftreten kann, ist dass der Betrag, den Du als Deine Lay-Wette setzen willst, bei Deiner Wettb\u00f6rse nicht gematched oder nur teilweise gematched wird. Dies bedeutet praktisch, dass Deine Lay-Wette nicht platziert wurde, oder dass nur ein Teil davon platziert wurde.<\/p> <p>Allein aufgrund der Tatsache, dass Du als Matched Wettender eine recht hohe Anzahl von Wetten platzieren wirst, <strong>ist dies ein Problem, dem Du unweigerlich fr\u00fcher oder sp\u00e4ter gegen\u00fcber stehen wirst<\/strong>, und es ist daher nicht schlecht, sich auf diese Szenarien vorzubereiten, bevor sie wirklich eintreten.<\/p> <h1><strong>Warum habe ich eine Wette, die nicht gematched ist?<\/strong><\/h1> <p>Der Grund f\u00fcr eine Wette, die nicht gematched oder teilweise gematched ist: es gibt zu bestimmten Quoten nicht genug Liquidit\u00e4t, wenn Du gerade dabei bist, Deine Lay-Wette zu platzieren.<\/p> <p>Du solltest Dich stets im Oddsmatcher vergewissern, ob die Liquidit\u00e4t f\u00fcr die Lay-Wette, die Du platzieren m\u00f6chtest, ausreichend ist. Beachte bitte, dass wenn Du Orbit als Wettb\u00f6rse benutzt, die Liquidit\u00e4t die gleiche wie bei Betfair sein sollte, wie im Oddsmatcher angegeben.<\/p> <p>Die Liquidit\u00e4t wird an zwei Stellen angegeben. Erstens in der Liste von Spielen, die vom Oddsmatcher f\u00fcr Deine spezifische Suche angezeigt werden:<\/p> <p><img loading=\"lazy\" width=\"601\" height=\"83\" class=\"alignnone size-full wp-image-16580\" src=\"https:\/\/doppelwetten.com\/wp-content\/uploads\/2019\/06\/venezuela.png\" alt=\"\" srcset=\"https:\/\/doppelwetten.com\/wp-content\/uploads\/2019\/06\/venezuela.png 601w, https:\/\/doppelwetten.com\/wp-content\/uploads\/2019\/06\/venezuela-300x41.png 300w\" sizes=\"(max-width: 601px) 100vw, 601px\" \/><\/p> <p>Und zweitens, wenn Du den Rechner f\u00fcr das Spiel \u00f6ffnest, das Du ausgew\u00e4hlt hast:<\/p> <p><img loading=\"lazy\" width=\"601\" height=\"336\" class=\"alignnone size-full wp-image-16582\" src=\"https:\/\/doppelwetten.com\/wp-content\/uploads\/2019\/06\/marktdetails.png\" alt=\"\" srcset=\"https:\/\/doppelwetten.com\/wp-content\/uploads\/2019\/06\/marktdetails.png 601w, https:\/\/doppelwetten.com\/wp-content\/uploads\/2019\/06\/marktdetails-300x168.png 300w\" sizes=\"(max-width: 601px) 100vw, 601px\" \/><\/p> <p>Wie Du siehst, wenn Du eine Wette i. H. v. 100\u20ac platzieren m\u00f6chtest, ist der empfohlene Lay-Betrag 93,77\u20ac, es sind jedoch lediglich 43,21\u20ac bei Betfair verf\u00fcgbar. An diesem Punkt k\u00f6nntest Du dieses spezielle Spiel verlassen und eins suchen, wo die Liquidit\u00e4t ausreichend ist.<\/p> <p>Die Liquidit\u00e4t k\u00f6nnte sich jedoch verringern, w\u00e4hrend Du Deine Lay-Wette platzierst. Die Quoten k\u00f6nnten sich \u00e4ndern, w\u00e4hrend Du gerade dabei bist, oder jemand anderes k\u00f6nnte gerade vor Dir eine Wette platziert haben.<\/p> <p>Hier sollte man sich in Erinnerung rufen, dass es bei Wettb\u00f6rsen im Gegensatz zu einer Wette bei einem Buchmacher keine Garantie gibt, dass man eine Wette zu den angegebenen Quoten platzieren kann. Es h\u00e4ngt alles davon ab, ob jemand anderes bereit ist, eine Back-Wette zu den entsprechenden Quoten zu setzen oder nicht.<\/p> <h2><strong>Was passiert, wenn ich bei meiner Wettb\u00f6rse eine Wette habe, die nicht gematched oder nur teilweise gematched ist?<\/strong><\/h2> <p>Deine Wette bleibt im Markt und kommt in eine Warteschlange, bis sie jemand matched. Es ist gut m\u00f6glich, dass dies passiert, also k\u00f6nntest Du warten, und oft ist es tats\u00e4chlich so, dass Wetten, die nicht gematched sind, schlie\u00dflich doch noch gematched werden. Wenn das Spiel bald anf\u00e4ngt, ist dies jedoch keine gute Option. Wenn Du nichts tust und die Wette immer noch nicht gematched ist, wenn das Spiel anf\u00e4ngt, wird sie storniert. Keine ideale Situation, da Du eine aktive Back-Wette hast, und Dein Risiko ist dann nicht durch die entsprechende Lay-Wette abgedeckt.<\/p> <p><strong>Es gibt einige Vorsichtsma\u00dfnahmen, die Du treffen kannst, <\/strong>um das Risiko von Wetten, die nicht gematched oder nur teilweise gematched sind, zu minimieren:<\/p> <p><br><i class=\"icon\">1<\/i>Platziere keine Lay-Wette, wenn Du im Oddsmatcher sehen kannst, dass die Liquidit\u00e4t nicht ausreichend ist. Verringere entweder den Betrag oder suche ein anderes Match.<\/p> <p><br><i class=\"icon\">2<\/i>Pr\u00fcfe die Lay-Quoten und die Liquidit\u00e4t noch einmal sorgf\u00e4ltig, wenn Du bei Deiner Wettb\u00f6rse eingeloggt bist. Falls f\u00fcr die vom Oddsmatcher vorgeschlagenen Quoten nicht gen\u00fcgend Liquidit\u00e4t vorhanden ist, suche die n\u00e4chsth\u00f6heren Quoten bei Deiner Wettb\u00f6rse, trage diese Quoten (falls die Liquidit\u00e4t f\u00fcr diese Quoten ausreichend ist) in den Oddsmatcher ein und lasse Dir den Lay-Betrag neu ausrechnen. Falls der Verlust von der Matched Wette dann zu hoch ist, breche den Vorgang ab und suche ein anderes Match.<\/p> <p><br><i class=\"icon\">3<\/i>Wenn alles bei Deiner Wettb\u00f6rse genauso ist wie vom Oddsmatcher berechnet, setze Deine Back-Wette und Deine Lay-Wette sofort, ohne zu lange zu warten.<\/p> <p><br><i class=\"icon\">4<\/i>Falls sich die Quote\/Liability \u00e4ndert, nachdem Du Deinen Einsatz eingetragen hast und Deine Back-Wette platziert hast, aber noch nicht die Lay-Wette, storniere einfach die Lay-Wette, die Du eingetragen hast. Siehe den nachstehenden Screenshot von einer Lay-Wette, die gerade bei Orbit platziert werden soll.<\/p> <p><img loading=\"lazy\" width=\"601\" height=\"177\" class=\"wp-image-16584 size-full\" src=\"https:\/\/doppelwetten.com\/wp-content\/uploads\/2019\/06\/colombia.png\" alt=\"\" srcset=\"https:\/\/doppelwetten.com\/wp-content\/uploads\/2019\/06\/colombia.png 601w, https:\/\/doppelwetten.com\/wp-content\/uploads\/2019\/06\/colombia-300x88.png 300w\" sizes=\"(max-width: 601px) 100vw, 601px\" \/><\/p> <p>In dem Fall kannst Du nicht ein besseres Match suchen, da Du bereits Deine Back-Wette platziert hast, also musst Du einfach die n\u00e4chstbesten verf\u00fcgbaren Lay-Quoten suchen (anstatt der Lay-Quote von 2,36 im Screenshot, w\u00e4hle die 2,38 rechts davon mit der h\u00f6heren Liquidit\u00e4t aus), sie in den Oddsmatcher eintragen, den Oddsmatcher neu berechnen lassen und dann Deinen neu berechneten Lay-Einsatz zu der neuen Quote setzen. Dein Verlust wird etwas h\u00f6her sein, aber Du wirst keine Wette haben, die nicht gematched ist.<\/p> <h2><strong>Was Du tun kannst, wenn Du eine Wette hast, die nicht gematched ist<\/strong><\/h2> <p>Zun\u00e4chst einmal, keine Panik, und lass die Wette nicht einfach laufen, in der Hoffnung, dass alles okay sein wird. Das ist Gl\u00fccksspiel und wird nicht empfohlen.<\/p> <p>Denke daran, Du kannst eine Lay-Wette, die nicht gematched ist, immer stornieren. Befolge einfach die Anleitungen im Schritt 4 oben, jederzeit vor Spielanfang, falls Deine Wette nicht in der Zwischenzeit gematched wird. Nat\u00fcrlich k\u00f6nnte die Wette auch teilweise gematched werden (darauf wird im n\u00e4chsten Abschnitt eingegangen), also k\u00f6nnte es besser sein, sie gleich zu stornieren und einfach eine neue zu den n\u00e4chsth\u00f6heren Quoten zu platzieren, nachdem Du Deinen Einsatz neu errechnet hast.<\/p> <h2><strong>Vorgehen bei einer Wette, die teilweise gematched ist<\/strong><\/h2> <p>Das ist etwas komplizierter, denn ein Teil Deiner Lay-Wette ist gematched worden und kann nicht mehr storniert werden.<\/p> <p><strong>Immer noch kein Grund zur Panik<\/strong>, denn der DoppelWetten Rechner hat eine sehr hilfreiche Funktion, die Deinen korrekten Lay-Betrag ausrechnet, wenn bereits ein teilweiser Lay-Betrag gesetzt ist.<\/p> <p>Als erstes stornierst Du bei Orbit den Teil Deiner Lay-Wette, der nicht gematched ist. Alles, was Du dann noch machen musst, ist, alle Angaben, einschlie\u00dflich der neuen verf\u00fcgbaren Lay-Quote, in den Rechner einzutragen, und er berechnet Dir Deinen neuen Teil-Lay-Betrag. Hier ist ein Screenshot, und ich habe das Kolumbien v Chile Spiel von dem Orbit Screenshot weiter oben benutzt, unter der Annahme, dass die neue Lay-Quote 2,38 ist und 47\u20ac zu einer Quote von 2,36 platziert worden waren, wie oben gezeigt.<\/p> <p><img loading=\"lazy\" width=\"601\" height=\"212\" class=\"alignnone size-full wp-image-16598\" src=\"https:\/\/doppelwetten.com\/wp-content\/uploads\/2019\/06\/qualifying-de.png\" alt=\"\" srcset=\"https:\/\/doppelwetten.com\/wp-content\/uploads\/2019\/06\/qualifying-de.png 601w, https:\/\/doppelwetten.com\/wp-content\/uploads\/2019\/06\/qualifying-de-300x106.png 300w\" sizes=\"(max-width: 601px) 100vw, 601px\" \/><img loading=\"lazy\" width=\"601\" height=\"260\" class=\"alignnone size-full wp-image-16588\" src=\"https:\/\/doppelwetten.com\/wp-content\/uploads\/2019\/06\/partlay.png\" alt=\"\" srcset=\"https:\/\/doppelwetten.com\/wp-content\/uploads\/2019\/06\/partlay.png 601w, https:\/\/doppelwetten.com\/wp-content\/uploads\/2019\/06\/partlay-300x130.png 300w\" sizes=\"(max-width: 601px) 100vw, 601px\" \/><\/p> <p>Der Rechner wird Dir Deinen neuen, gesamten Verlust\/Gewinn ausrechnen, und er wird Dir auch die Haftung f\u00fcr Deine neue Teil-Lay-Wette anzeigen.<\/p> <p>Noch Fragen? Schau beim <a href=\"https:\/\/forum.doppelwetten.com\">Forum<\/a> vorbei, wo Du auch alle neuesten Angebote siehst.<\/p><\/p>\n","protected":false},"excerpt":{"rendered":"<p>Eines der h\u00e4ufigsten Probleme, das beim Setzen der Lay-Wetten auftreten kann, ist dass der Betrag, den Du als Deine Lay-Wette [&hellip;]<\/p>\n","protected":false},"author":232,"featured_media":0,"parent":0,"menu_order":0,"comment_status":"closed","ping_status":"closed","template":"","meta":{"_mi_skip_tracking":false},"yoast_head":"<!-- This site is optimized with the Yoast SEO plugin v19.13 - https:\/\/yoast.com\/wordpress\/plugins\/seo\/ -->\n<title>Vorgehen bei Lay-Wetten, die nicht gematched oder teilweise nicht gematched sind - DoppelWetten<\/title>\n<meta name=\"robots\" content=\"index, follow, max-snippet:-1, max-image-preview:large, max-video-preview:-1\" \/>\n<link rel=\"canonical\" href=\"https:\/\/doppelwetten.com\/de\/vorgehen-bei-lay-wetten-die-nicht-gematched-oder-teilweise-nicht-gematched-sind\/\" \/>\n<meta property=\"og:locale\" content=\"de_DE\" \/>\n<meta property=\"og:type\" content=\"article\" \/>\n<meta property=\"og:title\" content=\"Vorgehen bei Lay-Wetten, die nicht gematched oder teilweise nicht gematched sind - DoppelWetten\" \/>\n<meta property=\"og:description\" content=\"Eines der h\u00e4ufigsten Probleme, das beim Setzen der Lay-Wetten auftreten kann, ist dass der Betrag, den Du als Deine Lay-Wette [&hellip;]\" \/>\n<meta property=\"og:url\" content=\"https:\/\/doppelwetten.com\/de\/vorgehen-bei-lay-wetten-die-nicht-gematched-oder-teilweise-nicht-gematched-sind\/\" \/>\n<meta property=\"og:site_name\" content=\"DoppelWetten\" \/>\n<meta property=\"article:modified_time\" content=\"2022-11-15T13:04:19+00:00\" \/>\n<meta property=\"og:image\" content=\"https:\/\/doppelwetten.com\/wp-content\/uploads\/2019\/06\/venezuela.png\" \/>\n<meta name=\"twitter:card\" content=\"summary_large_image\" \/>\n<meta name=\"twitter:site\" content=\"@doppelwetten\" \/>\n<meta name=\"twitter:label1\" content=\"Gesch\u00e4tzte Lesezeit\" \/>\n\t<meta name=\"twitter:data1\" content=\"6 Minuten\" \/>\n<script type=\"application\/ld+json\" class=\"yoast-schema-graph\">{\"@context\":\"https:\/\/schema.org\",\"@graph\":[{\"@type\":\"WebPage\",\"@id\":\"https:\/\/doppelwetten.com\/de\/vorgehen-bei-lay-wetten-die-nicht-gematched-oder-teilweise-nicht-gematched-sind\/\",\"url\":\"https:\/\/doppelwetten.com\/de\/vorgehen-bei-lay-wetten-die-nicht-gematched-oder-teilweise-nicht-gematched-sind\/\",\"name\":\"Vorgehen bei Lay-Wetten, die nicht gematched oder teilweise nicht gematched sind - DoppelWetten\",\"isPartOf\":{\"@id\":\"https:\/\/doppelwetten.com\/#website\"},\"datePublished\":\"2019-06-27T00:05:04+00:00\",\"dateModified\":\"2022-11-15T13:04:19+00:00\",\"breadcrumb\":{\"@id\":\"https:\/\/doppelwetten.com\/de\/vorgehen-bei-lay-wetten-die-nicht-gematched-oder-teilweise-nicht-gematched-sind\/#breadcrumb\"},\"inLanguage\":\"de-DE\",\"potentialAction\":[{\"@type\":\"ReadAction\",\"target\":[\"https:\/\/doppelwetten.com\/de\/vorgehen-bei-lay-wetten-die-nicht-gematched-oder-teilweise-nicht-gematched-sind\/\"]}]},{\"@type\":\"BreadcrumbList\",\"@id\":\"https:\/\/doppelwetten.com\/de\/vorgehen-bei-lay-wetten-die-nicht-gematched-oder-teilweise-nicht-gematched-sind\/#breadcrumb\",\"itemListElement\":[{\"@type\":\"ListItem\",\"position\":1,\"name\":\"Home\",\"item\":\"https:\/\/doppelwetten.com\/de\/\"},{\"@type\":\"ListItem\",\"position\":2,\"name\":\"Vorgehen bei Lay-Wetten, die nicht gematched oder teilweise nicht gematched sind\"}]},{\"@type\":\"WebSite\",\"@id\":\"https:\/\/doppelwetten.com\/#website\",\"url\":\"https:\/\/doppelwetten.com\/\",\"name\":\"DoppelWetten\",\"description\":\"risikolosen Wetten (Schritt f\u00fcr Schritt)\",\"publisher\":{\"@id\":\"https:\/\/doppelwetten.com\/#organization\"},\"potentialAction\":[{\"@type\":\"SearchAction\",\"target\":{\"@type\":\"EntryPoint\",\"urlTemplate\":\"https:\/\/doppelwetten.com\/?s={search_term_string}\"},\"query-input\":\"required name=search_term_string\"}],\"inLanguage\":\"de-DE\"},{\"@type\":\"Organization\",\"@id\":\"https:\/\/doppelwetten.com\/#organization\",\"name\":\"DoppelWetten\",\"url\":\"https:\/\/doppelwetten.com\/\",\"logo\":{\"@type\":\"ImageObject\",\"inLanguage\":\"de-DE\",\"@id\":\"https:\/\/doppelwetten.com\/#\/schema\/logo\/image\/\",\"url\":\"https:\/\/doppelwetten.com\/wp-content\/uploads\/2021\/05\/google-logo-size.png\",\"contentUrl\":\"https:\/\/doppelwetten.com\/wp-content\/uploads\/2021\/05\/google-logo-size.png\",\"caption\":\"DoppelWetten\"},\"image\":{\"@id\":\"https:\/\/doppelwetten.com\/#\/schema\/logo\/image\/\"},\"sameAs\":[\"https:\/\/twitter.com\/doppelwetten\"]}]}<\/script>\n<!-- \/ Yoast SEO plugin. -->","yoast_head_json":{"title":"Vorgehen bei Lay-Wetten, die nicht gematched oder teilweise nicht gematched sind - DoppelWetten","robots":{"index":"index","follow":"follow","max-snippet":"max-snippet:-1","max-image-preview":"max-image-preview:large","max-video-preview":"max-video-preview:-1"},"canonical":"https:\/\/doppelwetten.com\/de\/vorgehen-bei-lay-wetten-die-nicht-gematched-oder-teilweise-nicht-gematched-sind\/","og_locale":"de_DE","og_type":"article","og_title":"Vorgehen bei Lay-Wetten, die nicht gematched oder teilweise nicht gematched sind - DoppelWetten","og_description":"Eines der h\u00e4ufigsten Probleme, das beim Setzen der Lay-Wetten auftreten kann, ist dass der Betrag, den Du als Deine Lay-Wette [&hellip;]","og_url":"https:\/\/doppelwetten.com\/de\/vorgehen-bei-lay-wetten-die-nicht-gematched-oder-teilweise-nicht-gematched-sind\/","og_site_name":"DoppelWetten","article_modified_time":"2022-11-15T13:04:19+00:00","og_image":[{"url":"https:\/\/doppelwetten.com\/wp-content\/uploads\/2019\/06\/venezuela.png"}],"twitter_card":"summary_large_image","twitter_site":"@doppelwetten","twitter_misc":{"Gesch\u00e4tzte Lesezeit":"6 Minuten"},"schema":{"@context":"https:\/\/schema.org","@graph":[{"@type":"WebPage","@id":"https:\/\/doppelwetten.com\/de\/vorgehen-bei-lay-wetten-die-nicht-gematched-oder-teilweise-nicht-gematched-sind\/","url":"https:\/\/doppelwetten.com\/de\/vorgehen-bei-lay-wetten-die-nicht-gematched-oder-teilweise-nicht-gematched-sind\/","name":"Vorgehen bei Lay-Wetten, die nicht gematched oder teilweise nicht gematched sind - DoppelWetten","isPartOf":{"@id":"https:\/\/doppelwetten.com\/#website"},"datePublished":"2019-06-27T00:05:04+00:00","dateModified":"2022-11-15T13:04:19+00:00","breadcrumb":{"@id":"https:\/\/doppelwetten.com\/de\/vorgehen-bei-lay-wetten-die-nicht-gematched-oder-teilweise-nicht-gematched-sind\/#breadcrumb"},"inLanguage":"de-DE","potentialAction":[{"@type":"ReadAction","target":["https:\/\/doppelwetten.com\/de\/vorgehen-bei-lay-wetten-die-nicht-gematched-oder-teilweise-nicht-gematched-sind\/"]}]},{"@type":"BreadcrumbList","@id":"https:\/\/doppelwetten.com\/de\/vorgehen-bei-lay-wetten-die-nicht-gematched-oder-teilweise-nicht-gematched-sind\/#breadcrumb","itemListElement":[{"@type":"ListItem","position":1,"name":"Home","item":"https:\/\/doppelwetten.com\/de\/"},{"@type":"ListItem","position":2,"name":"Vorgehen bei Lay-Wetten, die nicht gematched oder teilweise nicht gematched sind"}]},{"@type":"WebSite","@id":"https:\/\/doppelwetten.com\/#website","url":"https:\/\/doppelwetten.com\/","name":"DoppelWetten","description":"risikolosen Wetten (Schritt f\u00fcr Schritt)","publisher":{"@id":"https:\/\/doppelwetten.com\/#organization"},"potentialAction":[{"@type":"SearchAction","target":{"@type":"EntryPoint","urlTemplate":"https:\/\/doppelwetten.com\/?s={search_term_string}"},"query-input":"required name=search_term_string"}],"inLanguage":"de-DE"},{"@type":"Organization","@id":"https:\/\/doppelwetten.com\/#organization","name":"DoppelWetten","url":"https:\/\/doppelwetten.com\/","logo":{"@type":"ImageObject","inLanguage":"de-DE","@id":"https:\/\/doppelwetten.com\/#\/schema\/logo\/image\/","url":"https:\/\/doppelwetten.com\/wp-content\/uploads\/2021\/05\/google-logo-size.png","contentUrl":"https:\/\/doppelwetten.com\/wp-content\/uploads\/2021\/05\/google-logo-size.png","caption":"DoppelWetten"},"image":{"@id":"https:\/\/doppelwetten.com\/#\/schema\/logo\/image\/"},"sameAs":["https:\/\/twitter.com\/doppelwetten"]}]}},"_links":{"self":[{"href":"https:\/\/doppelwetten.com\/de\/wp-json\/wp\/v2\/pages\/16592"}],"collection":[{"href":"https:\/\/doppelwetten.com\/de\/wp-json\/wp\/v2\/pages"}],"about":[{"href":"https:\/\/doppelwetten.com\/de\/wp-json\/wp\/v2\/types\/page"}],"author":[{"embeddable":true,"href":"https:\/\/doppelwetten.com\/de\/wp-json\/wp\/v2\/users\/232"}],"replies":[{"embeddable":true,"href":"https:\/\/doppelwetten.com\/de\/wp-json\/wp\/v2\/comments?post=16592"}],"version-history":[{"count":5,"href":"https:\/\/doppelwetten.com\/de\/wp-json\/wp\/v2\/pages\/16592\/revisions"}],"predecessor-version":[{"id":29861,"href":"https:\/\/doppelwetten.com\/de\/wp-json\/wp\/v2\/pages\/16592\/revisions\/29861"}],"wp:attachment":[{"href":"https:\/\/doppelwetten.com\/de\/wp-json\/wp\/v2\/media?parent=16592"}],"curies":[{"name":"wp","href":"https:\/\/api.w.org\/{rel}","templated":true}]}}