{"id":16047,"date":"2019-05-31T05:05:09","date_gmt":"2019-05-31T05:05:09","guid":{"rendered":"https:\/\/doppelwetten.com\/?page_id=16047"},"modified":"2022-11-16T12:19:22","modified_gmt":"2022-11-16T12:19:22","slug":"wettregeln-fuer-tennis","status":"publish","type":"page","link":"https:\/\/doppelwetten.com\/de\/wettregeln-fuer-tennis\/","title":{"rendered":"Wettregeln f\u00fcr Tennis"},"content":{"rendered":"\n\n\t<p>Vielleicht schlie\u00dft Du normalerweise die meisten Deiner Matched Wetten auf Fu\u00dfball ab, Du solltest jedoch nicht andere Sportarten wie z. B. Tennis vernachl\u00e4ssigen. Besonders w\u00e4hrend der gro\u00dfen \u201aGrand Slam&#8216; Turniere haben Buchmacher oft sehr lukrative Angebote, die Du nutzen kannst. <strong>Du solltest jedoch \u00fcber die speziellen Regeln Bescheid wissen, die bei Tennisspielen Anwendung finden<\/strong>, damit Du keine b\u00f6se \u00dcberraschung erlebst, wenn Deine Wetten ausgewertet werden.<\/p>\n<p>Alle Buchmacher haben sehr detaillierte \u201aWettregeln&#8216;, die alle Einzelheiten der angebotenen Sportarten genau regeln. Sie k\u00f6nnen sehr kompliziert sein, und es ist extrem langwierig, sich hindurchzufinden, aber wir haben die ganze Arbeit f\u00fcr Dich gemacht und haben eine n\u00fctzliche Liste von Buchmachern und Wettb\u00f6rsen erstellt, die <strong>gem\u00e4\u00df den Hauptregeln, die sie anwenden, gruppiert sind<\/strong>. Du findest die Liste am Ende dieses Leitfadens, also befrage einfach die Liste, wenn Du eine Matched Wette auf Tennis platzieren willst, zusammen mit den folgenden Erl\u00e4uterungen, und schon ist es Spiel, Satz und Sieg f\u00fcr Dich!<\/p>\n<p><strong>Hast Du schon mal von den Sonderregeln f\u00fcr Tennis geh\u00f6rt? <\/strong>Wir sprechen hier von den Regeln, die die Wetten auf den Gewinner des Tennis-Matches angehen. Hierbei kann es sich um eine vor dem Match oder live platzierte Wette handeln, die darauf platziert wird, dass einer der beiden Spieler das gesamte Match gewinnt.<\/p>\n<p>Es passiert \u00f6fters, dass ein Spieler das Spiel aufgibt, z. B. wegen einer Verletzung, oder einer der Spieler wird disqualifiziert, und <strong>verschiedene Buchmacher (und Wettb\u00f6rsen) wenden unterschiedliche Regeln an<\/strong> in Bezug darauf, ob eine Wette abgerechnet und ausgezahlt (oder verloren) wird, oder ob sie aufgehoben wird. Es kommt darauf an, wie weit das Match zu dem Zeitpunkt, an dem der Spieler aufgibt bzw. disqualifiziert wird, schon fortgeschritten ist.<\/p>\n<p>Wir werden die verschiedenen Regeln nun im Einzelnen erl\u00e4utern, und im Rahmen dieses Leitfadens beschr\u00e4nken wir uns nur auf die drei Hauptregeln, da alle deutschen Buchmacher und Wettb\u00f6rsen in einer dieser drei Kategorien fallen.<\/p>\n<h1><strong>Die verschiedenen Wettregeln<\/strong><\/h1>\n<p><i>1<\/i><strong>1 Satz Beendet<\/strong><\/p>\n<p>Dies bedeutet, dass sobald ein Satz beendet wurde, alle Wetten g\u00fcltig sind, selbst wenn ein Spieler danach aufgibt. Wenn ein Spieler w\u00e4hrend dem ersten Satz aufgibt, werden alle Wetten f\u00fcr ung\u00fcltig erkl\u00e4rt.<\/p>\n<p>Einige Buchmacher, <strong>sowie alle Wettb\u00f6rsen<\/strong>, fallen in diese Kategorie.<\/p>\n<p><i>2<\/i><strong>Match Beendet<\/strong><\/p>\n<p>Die Wette ist nur dann g\u00fcltig, wenn das gesamte Match beendet worden ist. Wenn ein Spieler zu irgendeinem Zeitpunkt vor Ende des Matches aufgibt, ist die Wette ung\u00fcltig.<\/p>\n<p><i>3<\/i><strong>Match Beendet (au\u00dfer eine Disqualifikation)<\/strong><\/p>\n<p>Die Wette ist nur dann g\u00fcltig, wenn das gesamte Match beendet worden ist. Wenn ein Spieler jedoch disqualifiziert wird, werden Wetten auf den Spieler, der zur n\u00e4chsten Runde weitergeht, als gewonnen ausgewertet. Nur einige Buchmacher fallen in diese Kategorie.<\/p>\n<h2><strong>Laying oder Dutching?<\/strong><\/h2>\n<p>Wie oben erw\u00e4hnt, fallen alle Wettb\u00f6rsen in die erste Kategorie. Wenn Du daher eine Matched Wette platzieren willst und sie normal bei der Wettb\u00f6rse layen willst, musst Du unbedingt sicherstellen, dass Dein Buchmacher auch in die erste Kategorie f\u00e4llt, d. h. die gleiche Regel anwendet.<\/p>\n<p><strong>Warum ist das wichtig?<\/strong> Nehmen wir an, Du hast bei William Hill eine Wette darauf abgeschlossen, dass Spieler A das Match gewinnt, und Du hast die Wette bei Deiner Wettb\u00f6rse gelayed. Im zweiten Satz gibt Spieler B verletzt auf. Deine Wette bei William Hill wird f\u00fcr ung\u00fcltig erkl\u00e4rt, da dieser Buchmacher die \u201aMatch Beendet&#8216;-Regel anwendet, und das Match ist nicht beendet worden. Deine Wette bei der Wettb\u00f6rse ist jedoch noch g\u00fcltig, da der erste Satz beendet worden ist. Du wirst daher Deine Haftung verlieren, ohne dass Du die andere Seite der Matched Wette gewinnst, und Du hast daher insgesamt einen Verlust.<\/p>\n<p><strong>Aber das ist kein Grund zur Sorge<\/strong> <strong>&#8211;<\/strong> wenn der Buchmacher, den Du benutzen willst, nicht in die gleiche Kategorie wie die Wettb\u00f6rsen f\u00e4llt, kannst Du immer noch das Angebot wahrnehmen, indem Du <strong>stattdessen Dutching benutzt<\/strong>. Suche Dir einfach einen anderen Buchmacher aus der gleichen Kategorie heraus und benutze den DoppelWetten <a href=\"https:\/\/doppelwetten.com\/de\/dutch-matcher\/\">Dutcher<\/a>, um ein passendes Match zu finden. Da es bei Tennisspielen nur zwei Outcomes gibt, ist <a href=\"https:\/\/doppelwetten.com\/de\/knowledge-base\/dutching\/\">Dutching<\/a> in jedem Fall eine sehr gute Option f\u00fcr Tennisspiele.<\/p>\n<p>Hier ist die Liste von Buchmachern\/Wettb\u00f6rsen, in die drei Hauptkategorien sortiert. Wir haben die deutschen AGBs der Buchmacher sorgf\u00e4ltig speziell in Bezug auf diesen Aspekt gepr\u00fcft; falls Du jedoch irgendwelche Fehler bemerkst, oder falls sich etwas ge\u00e4ndert hat, teile uns dies bitte im <a href=\"https:\/\/forum.doppelwetten.com\">Forum<\/a> mit.<\/p>\n<table>\n<tbody>\n<tr>\n<td><strong>1 Satz Beendet<\/strong><\/td>\n<td><strong>Match Beendet<\/strong><\/td>\n<td><strong>Match Beendet (au\u00dfer eine Disqualifikation)<\/strong><\/td>\n<\/tr>\n<tr>\n<td>1XBet<br \/>\n888sport<br \/>\nBet3000<br \/>\nBetdaq<br \/>\nBetfair<br \/>\nBetfair Sportsbook<br \/>\nBetolimp<br \/>\nBetrebels<br \/>\nBetsafe<br \/>\nBetsson<br \/>\nBwin<br \/>\nCasino Winner<br \/>\nCoolbet<br \/>\nDafabet<br \/>\nGenting<br \/>\nLadbrokes<br \/>\nLeo Vegas<br \/>\nMatchbook<br \/>\nMr Green<br \/>\nMybet<br \/>\nNordicBet<br \/>\nOrbit<br \/>\nParty Poker<br \/>\nPinnacle<br \/>\nRedBet<br \/>\nSmarkets<br \/>\nSportingbet<br \/>\nUnibet<br \/>\nZigZagSport<\/td>\n<td>10bet<br \/>\n12bet<br \/>\n138<br \/>\n18bet<br \/>\n24Bettle<br \/>\nAdmiral<br \/>\nBet11<br \/>\nBet90<br \/>\nBetano<br \/>\nBet-at-home<br \/>\nBetboro<br \/>\nBetBull<br \/>\nBetClic<br \/>\nBetfinal<br \/>\nBetfirst<br \/>\nBetHard<br \/>\nBetive<br \/>\nBet Regal<br \/>\nBetser<br \/>\nBetworld<br \/>\nCampeonbet<br \/>\nCampobet<br \/>\nCherryCasino<br \/>\nCircus.be<br \/>\nComeOn<br \/>\nEnergyBet<br \/>\nExpekt<br \/>\nFansBet<br \/>\nGuts<br \/>\nHPYBet<br \/>\nIntertops<br \/>\nKaramba<br \/>\nLSBet<br \/>\nLVBet<br \/>\nMalina Sports<br \/>\nMansionBet<br \/>\nMobileBet<br \/>\nMoPlay<br \/>\nNeobet<br \/>\nNetbet<br \/>\nNightrush<br \/>\nNovibet<br \/>\nOHMBet<br \/>\nRedsBet<br \/>\nReloadbet<br \/>\nRoyal Panda<br \/>\nRunbet<br \/>\nSchnellwetten<br \/>\nSportsbet.io<br \/>\nSunmaker<br \/>\nSunnyplayer<br \/>\nTipbet<br \/>\nTipico<br \/>\nTitanbet<br \/>\nTLCBet<br \/>\nTonybet<br \/>\nWetten.com<br \/>\nWetten.tv<br \/>\nWilliam Hill<br \/>\nWinner<br \/>\nXTip<br \/>\nZulabet<\/td>\n<td>Bet365<br \/>\nBetget<br \/>\nBetVictor<br \/>\nBetway<br \/>\nBTTY<br \/>\nSkybet<br \/>\nSTSBet<br \/>\nVBet<\/td>\n<\/tr>\n<\/tbody>\n<\/table>\n\n","protected":false},"excerpt":{"rendered":"<p>Vielleicht schlie\u00dft Du normalerweise die meisten Deiner Matched Wetten auf Fu\u00dfball ab, Du solltest jedoch nicht andere Sportarten wie z. [&hellip;]<\/p>\n","protected":false},"author":232,"featured_media":0,"parent":0,"menu_order":0,"comment_status":"closed","ping_status":"closed","template":"","meta":{"_mi_skip_tracking":false},"yoast_head":"<!-- This site is optimized with the Yoast SEO plugin v19.13 - https:\/\/yoast.com\/wordpress\/plugins\/seo\/ -->\n<title>Wettregeln f\u00fcr Tennis - DoppelWetten<\/title>\n<meta name=\"robots\" content=\"index, follow, max-snippet:-1, max-image-preview:large, max-video-preview:-1\" \/>\n<link rel=\"canonical\" href=\"https:\/\/doppelwetten.com\/de\/wettregeln-fuer-tennis\/\" \/>\n<meta property=\"og:locale\" content=\"de_DE\" \/>\n<meta property=\"og:type\" content=\"article\" \/>\n<meta property=\"og:title\" content=\"Wettregeln f\u00fcr Tennis - DoppelWetten\" \/>\n<meta property=\"og:description\" content=\"Vielleicht schlie\u00dft Du normalerweise die meisten Deiner Matched Wetten auf Fu\u00dfball ab, Du solltest jedoch nicht andere Sportarten wie z. [&hellip;]\" \/>\n<meta property=\"og:url\" content=\"https:\/\/doppelwetten.com\/de\/wettregeln-fuer-tennis\/\" \/>\n<meta property=\"og:site_name\" content=\"DoppelWetten\" \/>\n<meta property=\"article:modified_time\" content=\"2022-11-16T12:19:22+00:00\" \/>\n<meta name=\"twitter:card\" content=\"summary_large_image\" \/>\n<meta name=\"twitter:site\" content=\"@doppelwetten\" \/>\n<meta name=\"twitter:label1\" content=\"Gesch\u00e4tzte Lesezeit\" \/>\n\t<meta name=\"twitter:data1\" content=\"4 Minuten\" \/>\n<script type=\"application\/ld+json\" class=\"yoast-schema-graph\">{\"@context\":\"https:\/\/schema.org\",\"@graph\":[{\"@type\":\"WebPage\",\"@id\":\"https:\/\/doppelwetten.com\/de\/wettregeln-fuer-tennis\/\",\"url\":\"https:\/\/doppelwetten.com\/de\/wettregeln-fuer-tennis\/\",\"name\":\"Wettregeln f\u00fcr Tennis - DoppelWetten\",\"isPartOf\":{\"@id\":\"https:\/\/doppelwetten.com\/#website\"},\"datePublished\":\"2019-05-31T05:05:09+00:00\",\"dateModified\":\"2022-11-16T12:19:22+00:00\",\"breadcrumb\":{\"@id\":\"https:\/\/doppelwetten.com\/de\/wettregeln-fuer-tennis\/#breadcrumb\"},\"inLanguage\":\"de-DE\",\"potentialAction\":[{\"@type\":\"ReadAction\",\"target\":[\"https:\/\/doppelwetten.com\/de\/wettregeln-fuer-tennis\/\"]}]},{\"@type\":\"BreadcrumbList\",\"@id\":\"https:\/\/doppelwetten.com\/de\/wettregeln-fuer-tennis\/#breadcrumb\",\"itemListElement\":[{\"@type\":\"ListItem\",\"position\":1,\"name\":\"Home\",\"item\":\"https:\/\/doppelwetten.com\/de\/\"},{\"@type\":\"ListItem\",\"position\":2,\"name\":\"Wettregeln f\u00fcr Tennis\"}]},{\"@type\":\"WebSite\",\"@id\":\"https:\/\/doppelwetten.com\/#website\",\"url\":\"https:\/\/doppelwetten.com\/\",\"name\":\"DoppelWetten\",\"description\":\"risikolosen Wetten (Schritt f\u00fcr Schritt)\",\"publisher\":{\"@id\":\"https:\/\/doppelwetten.com\/#organization\"},\"potentialAction\":[{\"@type\":\"SearchAction\",\"target\":{\"@type\":\"EntryPoint\",\"urlTemplate\":\"https:\/\/doppelwetten.com\/?s={search_term_string}\"},\"query-input\":\"required name=search_term_string\"}],\"inLanguage\":\"de-DE\"},{\"@type\":\"Organization\",\"@id\":\"https:\/\/doppelwetten.com\/#organization\",\"name\":\"DoppelWetten\",\"url\":\"https:\/\/doppelwetten.com\/\",\"logo\":{\"@type\":\"ImageObject\",\"inLanguage\":\"de-DE\",\"@id\":\"https:\/\/doppelwetten.com\/#\/schema\/logo\/image\/\",\"url\":\"https:\/\/doppelwetten.com\/wp-content\/uploads\/2021\/05\/google-logo-size.png\",\"contentUrl\":\"https:\/\/doppelwetten.com\/wp-content\/uploads\/2021\/05\/google-logo-size.png\",\"caption\":\"DoppelWetten\"},\"image\":{\"@id\":\"https:\/\/doppelwetten.com\/#\/schema\/logo\/image\/\"},\"sameAs\":[\"https:\/\/twitter.com\/doppelwetten\"]}]}<\/script>\n<!-- \/ Yoast SEO plugin. -->","yoast_head_json":{"title":"Wettregeln f\u00fcr Tennis - DoppelWetten","robots":{"index":"index","follow":"follow","max-snippet":"max-snippet:-1","max-image-preview":"max-image-preview:large","max-video-preview":"max-video-preview:-1"},"canonical":"https:\/\/doppelwetten.com\/de\/wettregeln-fuer-tennis\/","og_locale":"de_DE","og_type":"article","og_title":"Wettregeln f\u00fcr Tennis - DoppelWetten","og_description":"Vielleicht schlie\u00dft Du normalerweise die meisten Deiner Matched Wetten auf Fu\u00dfball ab, Du solltest jedoch nicht andere Sportarten wie z. [&hellip;]","og_url":"https:\/\/doppelwetten.com\/de\/wettregeln-fuer-tennis\/","og_site_name":"DoppelWetten","article_modified_time":"2022-11-16T12:19:22+00:00","twitter_card":"summary_large_image","twitter_site":"@doppelwetten","twitter_misc":{"Gesch\u00e4tzte Lesezeit":"4 Minuten"},"schema":{"@context":"https:\/\/schema.org","@graph":[{"@type":"WebPage","@id":"https:\/\/doppelwetten.com\/de\/wettregeln-fuer-tennis\/","url":"https:\/\/doppelwetten.com\/de\/wettregeln-fuer-tennis\/","name":"Wettregeln f\u00fcr Tennis - DoppelWetten","isPartOf":{"@id":"https:\/\/doppelwetten.com\/#website"},"datePublished":"2019-05-31T05:05:09+00:00","dateModified":"2022-11-16T12:19:22+00:00","breadcrumb":{"@id":"https:\/\/doppelwetten.com\/de\/wettregeln-fuer-tennis\/#breadcrumb"},"inLanguage":"de-DE","potentialAction":[{"@type":"ReadAction","target":["https:\/\/doppelwetten.com\/de\/wettregeln-fuer-tennis\/"]}]},{"@type":"BreadcrumbList","@id":"https:\/\/doppelwetten.com\/de\/wettregeln-fuer-tennis\/#breadcrumb","itemListElement":[{"@type":"ListItem","position":1,"name":"Home","item":"https:\/\/doppelwetten.com\/de\/"},{"@type":"ListItem","position":2,"name":"Wettregeln f\u00fcr Tennis"}]},{"@type":"WebSite","@id":"https:\/\/doppelwetten.com\/#website","url":"https:\/\/doppelwetten.com\/","name":"DoppelWetten","description":"risikolosen Wetten (Schritt f\u00fcr Schritt)","publisher":{"@id":"https:\/\/doppelwetten.com\/#organization"},"potentialAction":[{"@type":"SearchAction","target":{"@type":"EntryPoint","urlTemplate":"https:\/\/doppelwetten.com\/?s={search_term_string}"},"query-input":"required name=search_term_string"}],"inLanguage":"de-DE"},{"@type":"Organization","@id":"https:\/\/doppelwetten.com\/#organization","name":"DoppelWetten","url":"https:\/\/doppelwetten.com\/","logo":{"@type":"ImageObject","inLanguage":"de-DE","@id":"https:\/\/doppelwetten.com\/#\/schema\/logo\/image\/","url":"https:\/\/doppelwetten.com\/wp-content\/uploads\/2021\/05\/google-logo-size.png","contentUrl":"https:\/\/doppelwetten.com\/wp-content\/uploads\/2021\/05\/google-logo-size.png","caption":"DoppelWetten"},"image":{"@id":"https:\/\/doppelwetten.com\/#\/schema\/logo\/image\/"},"sameAs":["https:\/\/twitter.com\/doppelwetten"]}]}},"_links":{"self":[{"href":"https:\/\/doppelwetten.com\/de\/wp-json\/wp\/v2\/pages\/16047"}],"collection":[{"href":"https:\/\/doppelwetten.com\/de\/wp-json\/wp\/v2\/pages"}],"about":[{"href":"https:\/\/doppelwetten.com\/de\/wp-json\/wp\/v2\/types\/page"}],"author":[{"embeddable":true,"href":"https:\/\/doppelwetten.com\/de\/wp-json\/wp\/v2\/users\/232"}],"replies":[{"embeddable":true,"href":"https:\/\/doppelwetten.com\/de\/wp-json\/wp\/v2\/comments?post=16047"}],"version-history":[{"count":5,"href":"https:\/\/doppelwetten.com\/de\/wp-json\/wp\/v2\/pages\/16047\/revisions"}],"predecessor-version":[{"id":29879,"href":"https:\/\/doppelwetten.com\/de\/wp-json\/wp\/v2\/pages\/16047\/revisions\/29879"}],"wp:attachment":[{"href":"https:\/\/doppelwetten.com\/de\/wp-json\/wp\/v2\/media?parent=16047"}],"curies":[{"name":"wp","href":"https:\/\/api.w.org\/{rel}","templated":true}]}}