{"id":15604,"date":"2019-05-03T21:52:00","date_gmt":"2019-05-03T21:52:00","guid":{"rendered":"https:\/\/doppelwetten.com\/membership-features\/"},"modified":"2021-07-14T01:01:36","modified_gmt":"2021-07-14T01:01:36","slug":"features-der-mitgliedschaft","status":"publish","type":"page","link":"https:\/\/doppelwetten.com\/de\/features-der-mitgliedschaft\/","title":{"rendered":"Features der Mitgliedschaft"},"content":{"rendered":"\r\n<div class=\"membership-features\">\r\n<div class=\"money-text-container features-container\">\r\n<h1 style=\"margin-top: 10px; line-height: 36px; color: #000;\">In unserer Premium-<br \/>Mitgliedschaft sind<br \/>viele coole Features<br \/>enthalten<\/h1>\r\n<div class=\"features-desktop\">\r\n<ul style=\"margin-bottom: 10px;\">\r\n<li><i class=\"icon-circle hb-icon-float-left hb-icon-small hb-icon\" style=\"color:#0099ff\"><\/i>Der Oddsmatcher<\/li>\r\n<li><i class=\"icon-circle hb-icon-float-left hb-icon-small hb-icon\" style=\"color:#0099ff\"><\/i>Schritt-f\u00fcr-Schritt Leitf\u00e4den f\u00fcr Anf\u00e4nger<\/li>\r\n<li><i class=\"icon-circle hb-icon-float-left hb-icon-small hb-icon\" style=\"color:#0099ff\"><\/i>Matched Betting Rechner<\/li>\r\n<li><i class=\"icon-circle hb-icon-float-left hb-icon-small hb-icon\" style=\"color:#0099ff\"><\/i>Der Dutch Matcher<\/li>\r\n<li><i class=\"icon-circle hb-icon-float-left hb-icon-small hb-icon\" style=\"color:#0099ff\"><\/i>Matched Betting Leitf\u00e4den<\/li>\r\n<li><i class=\"icon-circle hb-icon-float-left hb-icon-small hb-icon\" style=\"color:#0099ff\"><\/i>Das Matched Betting Forum<\/li>\r\n<li><i class=\"icon-circle hb-icon-float-left hb-icon-small hb-icon\" style=\"color:#0099ff\"><\/i>Video-Anleitungen<\/li>\r\n<\/ul>\r\n<p><a class=\"primary\" style=\"text-transform: none; width: 320px !important; color: #fff !important;\" href=\"https:\/\/doppelwetten.com\/de\/the-oddsmatcher\/\">Entdecke Sie Hier<\/a><\/p>\r\n<\/div>\r\n<div class=\"money-home-mobile\"><img src=\"https:\/\/doppelwetten.com\/wp-content\/uploads\/2019\/05\/membership-features.jpg\" alt=\"doppelwetten betting\" \/><\/div>\r\n<\/div>\r\n<\/div>\r\n\r\n<div class=\"features-mobile\">\r\n<ul style=\"margin-bottom: 10px;\">\r\n<li><i class=\"icon-circle hb-icon-float-left hb-icon-small hb-icon\" style=\"color:#0099ff\"><\/i>Der Oddsmatcher<\/li>\r\n<li><i class=\"icon-circle hb-icon-float-left hb-icon-small hb-icon\" style=\"color:#0099ff\"><\/i>Schritt-f\u00fcr-Schritt Leitf\u00e4den f\u00fcr Anf\u00e4nger<\/li>\r\n<li><i class=\"icon-circle hb-icon-float-left hb-icon-small hb-icon\" style=\"color:#0099ff\"><\/i>Matched Betting Rechner<\/li>\r\n<li><i class=\"icon-circle hb-icon-float-left hb-icon-small hb-icon\" style=\"color:#0099ff\"><\/i>Der Dutch Matcher<\/li>\r\n<li><i class=\"icon-circle hb-icon-float-left hb-icon-small hb-icon\" style=\"color:#0099ff\"><\/i>Matched Betting Leitf\u00e4den<\/li>\r\n<li><i class=\"icon-circle hb-icon-float-left hb-icon-small hb-icon\" style=\"color:#0099ff\"><\/i>Das Matched Betting Forum<\/li>\r\n<li><i class=\"icon-circle hb-icon-float-left hb-icon-small hb-icon\" style=\"color:#0099ff\"><\/i>Video-Anleitungen<\/li>\r\n<\/ul>\r\n<p><a class=\"primary\" style=\"text-transform: none; color: #fff !important;\" href=\"https:\/\/doppelwetten.com\/de\/the-oddsmatcher\/\">Entdecke Sie Hier<\/a><\/p>\r\n<\/div>\r\n<div class=\"money-home-mobile\"><img src=\"https:\/\/doppelwetten.com\/wp-content\/uploads\/2019\/05\/membership-features.jpg\" alt=\"doppelwetten betting\" \/><\/div>","protected":false},"excerpt":{"rendered":"<p>In unserer Premium-Mitgliedschaft sindviele coole Featuresenthalten Der Oddsmatcher Schritt-f\u00fcr-Schritt Leitf\u00e4den f\u00fcr Anf\u00e4nger Matched Betting Rechner Der Dutch Matcher Matched Betting [&hellip;]<\/p>\n","protected":false},"author":1,"featured_media":0,"parent":0,"menu_order":0,"comment_status":"closed","ping_status":"closed","template":"","meta":{"_mi_skip_tracking":false},"yoast_head":"<!-- This site is optimized with the Yoast SEO plugin v19.13 - https:\/\/yoast.com\/wordpress\/plugins\/seo\/ -->\n<title>Features der Mitgliedschaft - DoppelWetten<\/title>\n<meta name=\"robots\" content=\"index, follow, max-snippet:-1, max-image-preview:large, max-video-preview:-1\" \/>\n<link rel=\"canonical\" href=\"https:\/\/doppelwetten.com\/de\/features-der-mitgliedschaft\/\" \/>\n<meta property=\"og:locale\" content=\"de_DE\" \/>\n<meta property=\"og:type\" content=\"article\" \/>\n<meta property=\"og:title\" content=\"Features der Mitgliedschaft - DoppelWetten\" \/>\n<meta property=\"og:description\" content=\"In unserer Premium-Mitgliedschaft sindviele coole Featuresenthalten Der Oddsmatcher Schritt-f\u00fcr-Schritt Leitf\u00e4den f\u00fcr Anf\u00e4nger Matched Betting Rechner Der Dutch Matcher Matched Betting [&hellip;]\" \/>\n<meta property=\"og:url\" content=\"https:\/\/doppelwetten.com\/de\/features-der-mitgliedschaft\/\" \/>\n<meta property=\"og:site_name\" content=\"DoppelWetten\" \/>\n<meta property=\"article:modified_time\" content=\"2021-07-14T01:01:36+00:00\" \/>\n<meta property=\"og:image\" content=\"https:\/\/doppelwetten.com\/wp-content\/uploads\/2019\/05\/membership-features.jpg\" \/>\n<meta name=\"twitter:card\" content=\"summary_large_image\" \/>\n<meta name=\"twitter:site\" content=\"@doppelwetten\" \/>\n<meta name=\"twitter:label1\" content=\"Gesch\u00e4tzte Lesezeit\" \/>\n\t<meta name=\"twitter:data1\" content=\"1 Minute\" \/>\n<script type=\"application\/ld+json\" class=\"yoast-schema-graph\">{\"@context\":\"https:\/\/schema.org\",\"@graph\":[{\"@type\":\"WebPage\",\"@id\":\"https:\/\/doppelwetten.com\/de\/features-der-mitgliedschaft\/\",\"url\":\"https:\/\/doppelwetten.com\/de\/features-der-mitgliedschaft\/\",\"name\":\"Features der Mitgliedschaft - DoppelWetten\",\"isPartOf\":{\"@id\":\"https:\/\/doppelwetten.com\/#website\"},\"datePublished\":\"2019-05-03T21:52:00+00:00\",\"dateModified\":\"2021-07-14T01:01:36+00:00\",\"breadcrumb\":{\"@id\":\"https:\/\/doppelwetten.com\/de\/features-der-mitgliedschaft\/#breadcrumb\"},\"inLanguage\":\"de-DE\",\"potentialAction\":[{\"@type\":\"ReadAction\",\"target\":[\"https:\/\/doppelwetten.com\/de\/features-der-mitgliedschaft\/\"]}]},{\"@type\":\"BreadcrumbList\",\"@id\":\"https:\/\/doppelwetten.com\/de\/features-der-mitgliedschaft\/#breadcrumb\",\"itemListElement\":[{\"@type\":\"ListItem\",\"position\":1,\"name\":\"Home\",\"item\":\"https:\/\/doppelwetten.com\/de\/\"},{\"@type\":\"ListItem\",\"position\":2,\"name\":\"Features der Mitgliedschaft\"}]},{\"@type\":\"WebSite\",\"@id\":\"https:\/\/doppelwetten.com\/#website\",\"url\":\"https:\/\/doppelwetten.com\/\",\"name\":\"DoppelWetten\",\"description\":\"risikolosen Wetten (Schritt f\u00fcr Schritt)\",\"publisher\":{\"@id\":\"https:\/\/doppelwetten.com\/#organization\"},\"potentialAction\":[{\"@type\":\"SearchAction\",\"target\":{\"@type\":\"EntryPoint\",\"urlTemplate\":\"https:\/\/doppelwetten.com\/?s={search_term_string}\"},\"query-input\":\"required name=search_term_string\"}],\"inLanguage\":\"de-DE\"},{\"@type\":\"Organization\",\"@id\":\"https:\/\/doppelwetten.com\/#organization\",\"name\":\"DoppelWetten\",\"url\":\"https:\/\/doppelwetten.com\/\",\"logo\":{\"@type\":\"ImageObject\",\"inLanguage\":\"de-DE\",\"@id\":\"https:\/\/doppelwetten.com\/#\/schema\/logo\/image\/\",\"url\":\"https:\/\/doppelwetten.com\/wp-content\/uploads\/2021\/05\/google-logo-size.png\",\"contentUrl\":\"https:\/\/doppelwetten.com\/wp-content\/uploads\/2021\/05\/google-logo-size.png\",\"caption\":\"DoppelWetten\"},\"image\":{\"@id\":\"https:\/\/doppelwetten.com\/#\/schema\/logo\/image\/\"},\"sameAs\":[\"https:\/\/twitter.com\/doppelwetten\"]}]}<\/script>\n<!-- \/ Yoast SEO plugin. -->","yoast_head_json":{"title":"Features der Mitgliedschaft - DoppelWetten","robots":{"index":"index","follow":"follow","max-snippet":"max-snippet:-1","max-image-preview":"max-image-preview:large","max-video-preview":"max-video-preview:-1"},"canonical":"https:\/\/doppelwetten.com\/de\/features-der-mitgliedschaft\/","og_locale":"de_DE","og_type":"article","og_title":"Features der Mitgliedschaft - DoppelWetten","og_description":"In unserer Premium-Mitgliedschaft sindviele coole Featuresenthalten Der Oddsmatcher Schritt-f\u00fcr-Schritt Leitf\u00e4den f\u00fcr Anf\u00e4nger Matched Betting Rechner Der Dutch Matcher Matched Betting [&hellip;]","og_url":"https:\/\/doppelwetten.com\/de\/features-der-mitgliedschaft\/","og_site_name":"DoppelWetten","article_modified_time":"2021-07-14T01:01:36+00:00","og_image":[{"url":"https:\/\/doppelwetten.com\/wp-content\/uploads\/2019\/05\/membership-features.jpg"}],"twitter_card":"summary_large_image","twitter_site":"@doppelwetten","twitter_misc":{"Gesch\u00e4tzte Lesezeit":"1 Minute"},"schema":{"@context":"https:\/\/schema.org","@graph":[{"@type":"WebPage","@id":"https:\/\/doppelwetten.com\/de\/features-der-mitgliedschaft\/","url":"https:\/\/doppelwetten.com\/de\/features-der-mitgliedschaft\/","name":"Features der Mitgliedschaft - DoppelWetten","isPartOf":{"@id":"https:\/\/doppelwetten.com\/#website"},"datePublished":"2019-05-03T21:52:00+00:00","dateModified":"2021-07-14T01:01:36+00:00","breadcrumb":{"@id":"https:\/\/doppelwetten.com\/de\/features-der-mitgliedschaft\/#breadcrumb"},"inLanguage":"de-DE","potentialAction":[{"@type":"ReadAction","target":["https:\/\/doppelwetten.com\/de\/features-der-mitgliedschaft\/"]}]},{"@type":"BreadcrumbList","@id":"https:\/\/doppelwetten.com\/de\/features-der-mitgliedschaft\/#breadcrumb","itemListElement":[{"@type":"ListItem","position":1,"name":"Home","item":"https:\/\/doppelwetten.com\/de\/"},{"@type":"ListItem","position":2,"name":"Features der Mitgliedschaft"}]},{"@type":"WebSite","@id":"https:\/\/doppelwetten.com\/#website","url":"https:\/\/doppelwetten.com\/","name":"DoppelWetten","description":"risikolosen Wetten (Schritt f\u00fcr Schritt)","publisher":{"@id":"https:\/\/doppelwetten.com\/#organization"},"potentialAction":[{"@type":"SearchAction","target":{"@type":"EntryPoint","urlTemplate":"https:\/\/doppelwetten.com\/?s={search_term_string}"},"query-input":"required name=search_term_string"}],"inLanguage":"de-DE"},{"@type":"Organization","@id":"https:\/\/doppelwetten.com\/#organization","name":"DoppelWetten","url":"https:\/\/doppelwetten.com\/","logo":{"@type":"ImageObject","inLanguage":"de-DE","@id":"https:\/\/doppelwetten.com\/#\/schema\/logo\/image\/","url":"https:\/\/doppelwetten.com\/wp-content\/uploads\/2021\/05\/google-logo-size.png","contentUrl":"https:\/\/doppelwetten.com\/wp-content\/uploads\/2021\/05\/google-logo-size.png","caption":"DoppelWetten"},"image":{"@id":"https:\/\/doppelwetten.com\/#\/schema\/logo\/image\/"},"sameAs":["https:\/\/twitter.com\/doppelwetten"]}]}},"_links":{"self":[{"href":"https:\/\/doppelwetten.com\/de\/wp-json\/wp\/v2\/pages\/15604"}],"collection":[{"href":"https:\/\/doppelwetten.com\/de\/wp-json\/wp\/v2\/pages"}],"about":[{"href":"https:\/\/doppelwetten.com\/de\/wp-json\/wp\/v2\/types\/page"}],"author":[{"embeddable":true,"href":"https:\/\/doppelwetten.com\/de\/wp-json\/wp\/v2\/users\/1"}],"replies":[{"embeddable":true,"href":"https:\/\/doppelwetten.com\/de\/wp-json\/wp\/v2\/comments?post=15604"}],"version-history":[{"count":5,"href":"https:\/\/doppelwetten.com\/de\/wp-json\/wp\/v2\/pages\/15604\/revisions"}],"predecessor-version":[{"id":25947,"href":"https:\/\/doppelwetten.com\/de\/wp-json\/wp\/v2\/pages\/15604\/revisions\/25947"}],"wp:attachment":[{"href":"https:\/\/doppelwetten.com\/de\/wp-json\/wp\/v2\/media?parent=15604"}],"curies":[{"name":"wp","href":"https:\/\/api.w.org\/{rel}","templated":true}]}}