{"id":15281,"date":"2019-04-24T07:09:40","date_gmt":"2019-04-24T07:09:40","guid":{"rendered":"https:\/\/www.doppelwetten.com\/der-rechner-fur-vorzeitige-auszahlungen\/"},"modified":"2019-11-21T22:51:35","modified_gmt":"2019-11-21T22:51:35","slug":"der-rechner-fur-vorzeitige-auszahlungen","status":"publish","type":"page","link":"https:\/\/doppelwetten.com\/de\/der-rechner-fur-vorzeitige-auszahlungen\/","title":{"rendered":"Der Rechner f\u00fcr vorzeitige Auszahlungen"},"content":{"rendered":"\n<p>Mit dem <a href=\"https:\/\/doppelwetten.com\/de\/vorzeitige-auszahlung-rechner\/\">Rechner\nf\u00fcr vorzeitige Auszahlungen<\/a> kann man risikofreien Profit von einem\n,2-Up-Angebot\u2019 machen, bei dem der Buchmacher Deinen Gewinn auszahlt, sobald\ndas Team, auf das Du gewettet hast, mit zwei Toren in F\u00fchrung geht, egal was\ndas Endergebnis nach der vollen Spielzeit ist.<\/p>\n\n\n\n<p><strong>Wenn Deine Back-Wette vorzeitig gewonnen ist, brauchst Du Deine Lay-Wette nicht mehr, und Du hast jetzt die M\u00f6glichkeit, einen Profit aus der noch ausstehenden Lay-Wette zu machen.<\/strong> <\/p>\n\n\n\n<p>Mit diesem Rechner kannst Du den genauen Lay-Einsatz ausrechnen, den Du bei Deiner Wettb\u00f6rse setzen musst, um die Lay-Wette zu stornieren, falls Du nicht die Cashout-Funktion benutzen willst (falls Du evtl. noch andere Lay-Wetten auf dem gleichen Markt hast, die Du behalten m\u00f6chtest) oder wenn Deine Wettb\u00f6rse keinen Cashout anbietet.<\/p>\n\n\n\n<p>Wenn Du mehr \u00fcber 2-Up-Angebote und wie sie gespielt werden k\u00f6nnen, herausfinden m\u00f6chtest, lies unseren <a href=\"https:\/\/doppelwetten.com\/de\/knowledge-base\/2-up-angebot-leitfaden\/\">2-Up Leitfaden<\/a> und unseren Boom Blog Post.<\/p>\n\n\n\n<p>Mit dem Rechner f\u00fcr vorzeitige Auszahlungen kannst Du verschiedene Optionen nutzen, um Deinen Back-Einsatz bei der Wettb\u00f6rse und potentiellen Profit auszurechnen, die alle in diesem Leitfaden erkl\u00e4rt werden.<\/p>\n\n\n\n<h1><strong>Erste Ansicht<\/strong><\/h1>\n\n\n\n<p>In dem untenstehenden Screenshot kannst Du sehen, wie der Rechner komplett\nausgef\u00fcllt aussieht.<\/p>\n\n\n\n<p>In unserem Beispiel haben wir eine Wette auf den Sieg eines Teams\nplatziert, zu einer Quote von 3, und wir haben ganz normal eine Lay-Wette\nplatziert, zu einer Quote von 3,2. <strong>Unser\nTeam ist mit zwei Toren in F\u00fchrung gegangen, und der Buchmacher hat ausgezahlt.<\/strong><\/p>\n\n\n\n<p>Wir finden dann die Back-Quote f\u00fcr unser Team bei der Wettb\u00f6rse (die Quoten sind jetzt deutlich gesunken, da es wahrscheinlich ist, dass unser Team gewinnt), und wir geben die Back-Quote bei der Wettb\u00f6rse, in diesem Fall 1,2, in dem Abschnitt \u201aVorzeitige Auszahlung\u2018 ein. <\/p>\n\n\n\n<p>Der Rechner rechnet dann unseren idealen Back-Einsatz aus, den wir bei unserer Wettb\u00f6rse setzen sollten, damit wir unabh\u00e4ngig vom Ausgang des Spiels immer den gleichen Profit erhalten.<\/p>\n\n\n\n<p><strong>Beachte bitte:<\/strong> unsere qualifizierende Wette kann nicht auf ein Unentschieden sein; sie muss auf eines der beiden Teams sein.<\/p>\n\n\n\n<figure class=\"wp-block-image\"><img loading=\"lazy\" width=\"577\" height=\"596\" src=\"https:\/\/www.doppelwetten.com\/wp-content\/uploads\/2019\/04\/angaben-1.jpg\" alt=\"\" class=\"wp-image-15283\" srcset=\"https:\/\/doppelwetten.com\/wp-content\/uploads\/2019\/04\/angaben-1.jpg 577w, https:\/\/doppelwetten.com\/wp-content\/uploads\/2019\/04\/angaben-1-290x300.jpg 290w\" sizes=\"(max-width: 577px) 100vw, 577px\" \/><\/figure>\n\n\n\n<h2><strong>Zeile f\u00fcr Zeile<\/strong><\/h2>\n\n\n\n<p><strong>Blauer Abschnitt Angaben zur Wette<\/strong><\/p>\n\n\n\n<i class=\"icon-circle hb-icon-float-left hb-icon-small hb-icon\" style=\"color:#0099ff\"><\/i><strong>Back-Einsatz:<\/strong> pr\u00fcfe, was der H\u00f6chstbetrag ist, der bei diesem Angebot eingesetzt werden kann. Wenn es keinen H\u00f6chstbetrag gibt, kannst Du einen beliebigen Betrag setzen, denke jedoch an die <a href=\"https:\/\/doppelwetten.com\/de\/knowledge-base\/kontoerhaltung\/\">Kontoerhaltung<\/a>.<\/p>\n\n\n\n<i class=\"icon-circle hb-icon-float-left hb-icon-small hb-icon\" style=\"color:#0099ff\"><\/i><strong>Back-Quote:<\/strong> trage hier die Buchmacher-Quote ein.<\/p>\n\n\n\n<i class=\"icon-circle hb-icon-float-left hb-icon-small hb-icon\" style=\"color:#0099ff\"><\/i><strong>Back-Provision:<\/strong> trage 5% ein, wenn Dein Buchmacher die <a href=\"https:\/\/doppelwetten.com\/de\/knowledge-base\/die-deutsche-wettsteuer\/\">deutsche Wettsteuer<\/a> abzieht.<\/p>\n\n\n\n<p><strong>Rosa Lay Abschnitt<\/strong><\/p>\n\n\n\n<i class=\"icon-circle hb-icon-float-left hb-icon-small hb-icon\" style=\"color:#0099ff\"><\/i><strong>Lay-Quote:<\/strong> trage hier die Quote f\u00fcr Deine Auswahl bei der Wettb\u00f6rse ein.<\/p>\n\n\n\n<i class=\"icon-circle hb-icon-float-left hb-icon-small hb-icon\" style=\"color:#0099ff\"><\/i><strong>Lay-Provision:<\/strong> die Provision, die von Deiner Wettb\u00f6rse berechnet wird. Wir benutzen Matchbook, haben also 1,7% eingetragen.<\/p>\n\n\n\n<i class=\"icon-circle hb-icon-float-left hb-icon-small hb-icon\" style=\"color:#0099ff\"><\/i><strong>Lay-Einsatz:<\/strong> dieser wird von dem Rechner f\u00fcr Dich ausgerechnet und ist genau der Gleiche wie Dein urspr\u00fcnglicher Lay-Einsatz, den Du bereits gesetzt hast, und der Dir vom <a href=\"https:\/\/doppelwetten.com\/de\/oddsmatcher\/\">Oddsmatcher<\/a> oder dem normalen <a href=\"https:\/\/doppelwetten.com\/de\/matched-betting-calculator\/\">Matched Betting-Rechner<\/a> ausgerechnet wurde.<\/p>\n\n\n\n<i class=\"icon-circle hb-icon-float-left hb-icon-small hb-icon\" style=\"color:#0099ff\"><\/i><strong>Haftung:<\/strong> Deine Haftung bei der Wettb\u00f6rse, falls Deine Lay-Wette verliert. Mit der zus\u00e4tzlichen Back-Wette, die Du bei Deiner Wettb\u00f6rse setzen wirst, wirst Du diese Haftung reduzieren oder eliminieren.<\/p>\n\n\n\n<p><strong>Grauer Abschnitt Vorzeitige Auszahlung<\/strong><\/p>\n\n\n\n<i class=\"icon-circle hb-icon-float-left hb-icon-small hb-icon\" style=\"color:#0099ff\"><\/i><strong>Hat der Buchmacher vorzeitig ausgezahlt?:<\/strong> w\u00e4hle ,Ja\u2019 aus, wenn der Buchmacher vorzeitig ausgezahlt hat.<\/p>\n\n\n\n<i class=\"icon-circle hb-icon-float-left hb-icon-small hb-icon\" style=\"color:#0099ff\"><\/i><strong>Back-Quote bei der Wettb\u00f6rse:<\/strong> trage hier die derzeitige Back-Quote f\u00fcr Dein Team bei Deiner Wettb\u00f6rse ein.<\/p>\n\n\n\n<i class=\"icon-circle hb-icon-float-left hb-icon-small hb-icon\" style=\"color:#0099ff\"><\/i><strong>Back-Einsatz:<\/strong> der Betrag, den Du bei Deiner Wettb\u00f6rse setzen solltest, um Deine urspr\u00fcngliche Lay-Wette auszugleichen.<\/p>\n\n\n\n<p><strong>Abschnitt Profit-Aufschl\u00fcsselung<\/strong><\/p>\n\n\n\n<p>In diesem Abschnitt siehst Du detaillierte Betr\u00e4ge\nzu allen m\u00f6glichen Ausg\u00e4ngen Deiner Wetten.<\/p>\n\n\n\n<i class=\"icon-circle hb-icon-float-left hb-icon-small hb-icon\" style=\"color:#0099ff\"><\/i><strong>Buchmacher-Spalte:<\/strong> da der Buchmacher Deine Wette bereits als Gewinn ausgezahlt hat, hast Du gewonnen, selbst wenn Dein Team schlussendlich unentschieden spielt oder verliert. Daher sind die Betr\u00e4ge, die in dieser Spalte angezeigt werden, Dein Gewinn aus der Back-Wette (minus Back-Provision) f\u00fcr alle Ergebnisse.<\/p>\n\n\n\n<i class=\"icon-circle hb-icon-float-left hb-icon-small hb-icon\" style=\"color:#0099ff\"><\/i><strong>Wettb\u00f6rsen-Spalte:<\/strong> hier wird Dein Verlust bei der Wettb\u00f6rse angezeigt, welcher sich aus Deiner urspr\u00fcnglichen Lay-Wette und Deiner anschlie\u00dfenden Back-Wette zusammensetzt. Wenn der erweiterte Modus des Rechners ausgeschaltet ist, rechnet der Rechner immer die Betr\u00e4ge f\u00fcr einen vollen Cashout der Lay-Wette aus.<\/p>\n\n\n\n<i class=\"icon-circle hb-icon-float-left hb-icon-small hb-icon\" style=\"color:#0099ff\"><\/i><strong>Gesamt-Spalte:<\/strong> hier werden die Gesamtbetr\u00e4ge der jeweiligen Reihen angezeigt. Wenn der erweiterte Modus ausgeschaltet ist, sind die Gesamtbetr\u00e4ge f\u00fcr alle m\u00f6glichen Ausg\u00e4nge gleich, und wenn der erweiterte Modus eingeschaltet ist, ergeben sich unterschiedliche Betr\u00e4ge. Dies wird im n\u00e4chsten Abschnitt n\u00e4her erl\u00e4utert.<\/p>\n\n\n\n<p><strong>Erweiterter Modus<\/strong><\/p>\n\n\n\n<p>Mit diesem Modus kannst Du nur einen Teil Deines Profits absichern und den Rest dem Zufall \u00fcberlassen, f\u00fcr einen kleineren Gewinn, wenn Deine Back-Wette gewinnt, und einen gr\u00f6\u00dferen Gewinn, wenn sie nicht gewinnt. Wie Du siehst, sind die Berechnungen die gleichen wie im normalen Modus, wenn der Schieberegler auf 100% ist, da Du einen Cashout von 100% Deiner Lay-Wette machst.<\/p>\n\n\n\n<figure class=\"wp-block-image\"><img loading=\"lazy\" width=\"601\" height=\"323\" src=\"https:\/\/www.doppelwetten.com\/wp-content\/uploads\/2019\/04\/angebot-100.jpg\" alt=\"\" class=\"wp-image-15287\" srcset=\"https:\/\/doppelwetten.com\/wp-content\/uploads\/2019\/04\/angebot-100.jpg 601w, https:\/\/doppelwetten.com\/wp-content\/uploads\/2019\/04\/angebot-100-300x161.jpg 300w\" sizes=\"(max-width: 601px) 100vw, 601px\" \/><\/figure>\n\n\n\n<p>Wenn Du den Schieberegler auf 0% schiebst, bedeutet dies, dass Du \u00fcberhaupt keine Back-Wette platzierst, und wenn Dein Team schlie\u00dflich gewinnt, hast Du Deinen qualifizierenden Verlust, da Deine Lay-Wette noch intakt ist; wenn Dein Team jedoch unentschieden spielt oder verliert, gewinnt sowohl Deine Back-Wette, als auch Deine Lay-Wette.<\/p>\n\n\n\n<figure class=\"wp-block-image\"><img loading=\"lazy\" width=\"605\" height=\"346\" src=\"https:\/\/www.doppelwetten.com\/wp-content\/uploads\/2019\/04\/angebot-9.jpg\" alt=\"\" class=\"wp-image-15289\" srcset=\"https:\/\/doppelwetten.com\/wp-content\/uploads\/2019\/04\/angebot-9.jpg 605w, https:\/\/doppelwetten.com\/wp-content\/uploads\/2019\/04\/angebot-9-300x172.jpg 300w\" sizes=\"(max-width: 605px) 100vw, 605px\" \/><\/figure>\n\n\n\n<p>Wenn Du nur einen Teil Deines Profits absichern willst, kannst Du den Schieberegler auf jede gew\u00fcnschte Prozentzahl schieben, und der korrekte Back-Einsatz wird f\u00fcr Dich ausgerechnet. Wenn Du z. B. 50% absichern willst, w\u00fcrden die Berechnungen wie folgt aussehen:<\/p>\n\n\n\n<figure class=\"wp-block-image\"><img loading=\"lazy\" width=\"601\" height=\"350\" src=\"https:\/\/www.doppelwetten.com\/wp-content\/uploads\/2019\/04\/angebot-50.jpg\" alt=\"\" class=\"wp-image-15291\" srcset=\"https:\/\/doppelwetten.com\/wp-content\/uploads\/2019\/04\/angebot-50.jpg 601w, https:\/\/doppelwetten.com\/wp-content\/uploads\/2019\/04\/angebot-50-300x175.jpg 300w\" sizes=\"(max-width: 601px) 100vw, 601px\" \/><\/figure>\n\n\n\n<p><strong>Wie entscheidest Du, ob Du 0%, 100% oder irgendwas dazwischen absicherst?<\/strong> Das h\u00e4ngt von Deiner pers\u00f6nlichen\nRisikobereitschaft ab, und auch davon, f\u00fcr wie wahrscheinlich Du es h\u00e4ltst,\ndass Dein Team das Spiel nach einer zwei-Tore-F\u00fchrung nicht gewinnt. Wenn Dein\nTeam relativ fr\u00fch im Spiel mit zwei Toren in F\u00fchrung geht, k\u00f6nntest Du Dich\nentscheiden, zu warten, bis das andere Team noch ein Tor schie\u00dft, da dann die\nBack-Quoten auf Dein Team wieder hoch gehen werden, was Deinen Profit erh\u00f6hen\nw\u00fcrde.<\/p>\n\n\n\n<p>Letztendlich kommt es darauf an, ob Du einen\ngarantieren, kleineren Profit vorziehst, oder die M\u00f6glichkeit eines gr\u00f6\u00dferen\nGewinns.<\/p>\n\n\n\n<p>Wenn Du Fragen zu diesem Leitfaden hast, stelle sie bitte im <a href=\"https:\/\/forum.doppelwetten.com\">Forum<\/a>.<\/p>\n","protected":false},"excerpt":{"rendered":"<p>Mit dem Rechner f\u00fcr vorzeitige Auszahlungen kann man risikofreien Profit von einem ,2-Up-Angebot\u2019 machen, bei dem der Buchmacher Deinen Gewinn [&hellip;]<\/p>\n","protected":false},"author":232,"featured_media":0,"parent":0,"menu_order":0,"comment_status":"closed","ping_status":"closed","template":"","meta":{"_mi_skip_tracking":false},"yoast_head":"<!-- This site is optimized with the Yoast SEO plugin v19.13 - https:\/\/yoast.com\/wordpress\/plugins\/seo\/ -->\n<title>Der Rechner f\u00fcr vorzeitige Auszahlungen - DoppelWetten<\/title>\n<meta name=\"robots\" content=\"index, follow, max-snippet:-1, max-image-preview:large, max-video-preview:-1\" \/>\n<link rel=\"canonical\" href=\"https:\/\/doppelwetten.com\/de\/der-rechner-fur-vorzeitige-auszahlungen\/\" \/>\n<meta property=\"og:locale\" content=\"de_DE\" \/>\n<meta property=\"og:type\" content=\"article\" \/>\n<meta property=\"og:title\" content=\"Der Rechner f\u00fcr vorzeitige Auszahlungen - DoppelWetten\" \/>\n<meta property=\"og:description\" content=\"Mit dem Rechner f\u00fcr vorzeitige Auszahlungen kann man risikofreien Profit von einem ,2-Up-Angebot\u2019 machen, bei dem der Buchmacher Deinen Gewinn [&hellip;]\" \/>\n<meta property=\"og:url\" content=\"https:\/\/doppelwetten.com\/de\/der-rechner-fur-vorzeitige-auszahlungen\/\" \/>\n<meta property=\"og:site_name\" content=\"DoppelWetten\" \/>\n<meta property=\"article:modified_time\" content=\"2019-11-21T22:51:35+00:00\" \/>\n<meta property=\"og:image\" content=\"https:\/\/www.doppelwetten.com\/wp-content\/uploads\/2019\/04\/angaben-1.jpg\" \/>\n<meta name=\"twitter:card\" content=\"summary_large_image\" \/>\n<meta name=\"twitter:site\" content=\"@doppelwetten\" \/>\n<meta name=\"twitter:label1\" content=\"Gesch\u00e4tzte Lesezeit\" \/>\n\t<meta name=\"twitter:data1\" content=\"6 Minuten\" \/>\n<script type=\"application\/ld+json\" class=\"yoast-schema-graph\">{\"@context\":\"https:\/\/schema.org\",\"@graph\":[{\"@type\":\"WebPage\",\"@id\":\"https:\/\/doppelwetten.com\/de\/der-rechner-fur-vorzeitige-auszahlungen\/\",\"url\":\"https:\/\/doppelwetten.com\/de\/der-rechner-fur-vorzeitige-auszahlungen\/\",\"name\":\"Der Rechner f\u00fcr vorzeitige Auszahlungen - DoppelWetten\",\"isPartOf\":{\"@id\":\"https:\/\/doppelwetten.com\/#website\"},\"datePublished\":\"2019-04-24T07:09:40+00:00\",\"dateModified\":\"2019-11-21T22:51:35+00:00\",\"breadcrumb\":{\"@id\":\"https:\/\/doppelwetten.com\/de\/der-rechner-fur-vorzeitige-auszahlungen\/#breadcrumb\"},\"inLanguage\":\"de-DE\",\"potentialAction\":[{\"@type\":\"ReadAction\",\"target\":[\"https:\/\/doppelwetten.com\/de\/der-rechner-fur-vorzeitige-auszahlungen\/\"]}]},{\"@type\":\"BreadcrumbList\",\"@id\":\"https:\/\/doppelwetten.com\/de\/der-rechner-fur-vorzeitige-auszahlungen\/#breadcrumb\",\"itemListElement\":[{\"@type\":\"ListItem\",\"position\":1,\"name\":\"Home\",\"item\":\"https:\/\/doppelwetten.com\/de\/\"},{\"@type\":\"ListItem\",\"position\":2,\"name\":\"Der Rechner f\u00fcr vorzeitige Auszahlungen\"}]},{\"@type\":\"WebSite\",\"@id\":\"https:\/\/doppelwetten.com\/#website\",\"url\":\"https:\/\/doppelwetten.com\/\",\"name\":\"DoppelWetten\",\"description\":\"risikolosen Wetten (Schritt f\u00fcr Schritt)\",\"publisher\":{\"@id\":\"https:\/\/doppelwetten.com\/#organization\"},\"potentialAction\":[{\"@type\":\"SearchAction\",\"target\":{\"@type\":\"EntryPoint\",\"urlTemplate\":\"https:\/\/doppelwetten.com\/?s={search_term_string}\"},\"query-input\":\"required name=search_term_string\"}],\"inLanguage\":\"de-DE\"},{\"@type\":\"Organization\",\"@id\":\"https:\/\/doppelwetten.com\/#organization\",\"name\":\"DoppelWetten\",\"url\":\"https:\/\/doppelwetten.com\/\",\"logo\":{\"@type\":\"ImageObject\",\"inLanguage\":\"de-DE\",\"@id\":\"https:\/\/doppelwetten.com\/#\/schema\/logo\/image\/\",\"url\":\"https:\/\/doppelwetten.com\/wp-content\/uploads\/2021\/05\/google-logo-size.png\",\"contentUrl\":\"https:\/\/doppelwetten.com\/wp-content\/uploads\/2021\/05\/google-logo-size.png\",\"caption\":\"DoppelWetten\"},\"image\":{\"@id\":\"https:\/\/doppelwetten.com\/#\/schema\/logo\/image\/\"},\"sameAs\":[\"https:\/\/twitter.com\/doppelwetten\"]}]}<\/script>\n<!-- \/ Yoast SEO plugin. -->","yoast_head_json":{"title":"Der Rechner f\u00fcr vorzeitige Auszahlungen - DoppelWetten","robots":{"index":"index","follow":"follow","max-snippet":"max-snippet:-1","max-image-preview":"max-image-preview:large","max-video-preview":"max-video-preview:-1"},"canonical":"https:\/\/doppelwetten.com\/de\/der-rechner-fur-vorzeitige-auszahlungen\/","og_locale":"de_DE","og_type":"article","og_title":"Der Rechner f\u00fcr vorzeitige Auszahlungen - DoppelWetten","og_description":"Mit dem Rechner f\u00fcr vorzeitige Auszahlungen kann man risikofreien Profit von einem ,2-Up-Angebot\u2019 machen, bei dem der Buchmacher Deinen Gewinn [&hellip;]","og_url":"https:\/\/doppelwetten.com\/de\/der-rechner-fur-vorzeitige-auszahlungen\/","og_site_name":"DoppelWetten","article_modified_time":"2019-11-21T22:51:35+00:00","og_image":[{"url":"https:\/\/www.doppelwetten.com\/wp-content\/uploads\/2019\/04\/angaben-1.jpg"}],"twitter_card":"summary_large_image","twitter_site":"@doppelwetten","twitter_misc":{"Gesch\u00e4tzte Lesezeit":"6 Minuten"},"schema":{"@context":"https:\/\/schema.org","@graph":[{"@type":"WebPage","@id":"https:\/\/doppelwetten.com\/de\/der-rechner-fur-vorzeitige-auszahlungen\/","url":"https:\/\/doppelwetten.com\/de\/der-rechner-fur-vorzeitige-auszahlungen\/","name":"Der Rechner f\u00fcr vorzeitige Auszahlungen - DoppelWetten","isPartOf":{"@id":"https:\/\/doppelwetten.com\/#website"},"datePublished":"2019-04-24T07:09:40+00:00","dateModified":"2019-11-21T22:51:35+00:00","breadcrumb":{"@id":"https:\/\/doppelwetten.com\/de\/der-rechner-fur-vorzeitige-auszahlungen\/#breadcrumb"},"inLanguage":"de-DE","potentialAction":[{"@type":"ReadAction","target":["https:\/\/doppelwetten.com\/de\/der-rechner-fur-vorzeitige-auszahlungen\/"]}]},{"@type":"BreadcrumbList","@id":"https:\/\/doppelwetten.com\/de\/der-rechner-fur-vorzeitige-auszahlungen\/#breadcrumb","itemListElement":[{"@type":"ListItem","position":1,"name":"Home","item":"https:\/\/doppelwetten.com\/de\/"},{"@type":"ListItem","position":2,"name":"Der Rechner f\u00fcr vorzeitige Auszahlungen"}]},{"@type":"WebSite","@id":"https:\/\/doppelwetten.com\/#website","url":"https:\/\/doppelwetten.com\/","name":"DoppelWetten","description":"risikolosen Wetten (Schritt f\u00fcr Schritt)","publisher":{"@id":"https:\/\/doppelwetten.com\/#organization"},"potentialAction":[{"@type":"SearchAction","target":{"@type":"EntryPoint","urlTemplate":"https:\/\/doppelwetten.com\/?s={search_term_string}"},"query-input":"required name=search_term_string"}],"inLanguage":"de-DE"},{"@type":"Organization","@id":"https:\/\/doppelwetten.com\/#organization","name":"DoppelWetten","url":"https:\/\/doppelwetten.com\/","logo":{"@type":"ImageObject","inLanguage":"de-DE","@id":"https:\/\/doppelwetten.com\/#\/schema\/logo\/image\/","url":"https:\/\/doppelwetten.com\/wp-content\/uploads\/2021\/05\/google-logo-size.png","contentUrl":"https:\/\/doppelwetten.com\/wp-content\/uploads\/2021\/05\/google-logo-size.png","caption":"DoppelWetten"},"image":{"@id":"https:\/\/doppelwetten.com\/#\/schema\/logo\/image\/"},"sameAs":["https:\/\/twitter.com\/doppelwetten"]}]}},"_links":{"self":[{"href":"https:\/\/doppelwetten.com\/de\/wp-json\/wp\/v2\/pages\/15281"}],"collection":[{"href":"https:\/\/doppelwetten.com\/de\/wp-json\/wp\/v2\/pages"}],"about":[{"href":"https:\/\/doppelwetten.com\/de\/wp-json\/wp\/v2\/types\/page"}],"author":[{"embeddable":true,"href":"https:\/\/doppelwetten.com\/de\/wp-json\/wp\/v2\/users\/232"}],"replies":[{"embeddable":true,"href":"https:\/\/doppelwetten.com\/de\/wp-json\/wp\/v2\/comments?post=15281"}],"version-history":[{"count":5,"href":"https:\/\/doppelwetten.com\/de\/wp-json\/wp\/v2\/pages\/15281\/revisions"}],"predecessor-version":[{"id":18636,"href":"https:\/\/doppelwetten.com\/de\/wp-json\/wp\/v2\/pages\/15281\/revisions\/18636"}],"wp:attachment":[{"href":"https:\/\/doppelwetten.com\/de\/wp-json\/wp\/v2\/media?parent=15281"}],"curies":[{"name":"wp","href":"https:\/\/api.w.org\/{rel}","templated":true}]}}