{"id":14851,"date":"2019-04-05T02:27:56","date_gmt":"2019-04-05T02:27:56","guid":{"rendered":"https:\/\/doppelwetten.com\/?page_id=14851"},"modified":"2022-12-01T10:06:19","modified_gmt":"2022-12-01T10:06:19","slug":"der-sequential-lay-rechner","status":"publish","type":"page","link":"https:\/\/doppelwetten.com\/de\/der-sequential-lay-rechner\/","title":{"rendered":"Der Sequential Lay Rechner"},"content":{"rendered":"\n<p>Der Sequential Lay Rechner kann benutzt werden, um risikofreien Gewinn aus\nKombi-Wetten zu machen.<\/p>\n\n\n\n<p>Ein umfassender Leitfaden \u00fcber die verschiedenen M\u00f6glichkeiten, aus\nKombiwetten Gewinn zu machen, wird demn\u00e4chst auf der DoppelWetten Seite\nver\u00f6ffentlicht.<\/p>\n\n\n\n<p>Bei dem Sequential Lay Rechner k\u00f6nnen verschiedene Optionen, die\nLay-Eins\u00e4tze und die entsprechenden Gewinne auszurechnen, ber\u00fccksichtigt werden,\ndie alle in diesem Leitfaden erkl\u00e4rt werden.<\/p>\n\n\n\n<h2 class=\"has-text-align-center\"><strong>Erste Ansicht<\/strong><\/h2>\n\n\n\n<p>In dem zweiten Screenshot weiter unten kannst Du sehen, wie der Rechner\nausgef\u00fcllt in der normalen Wettart und dem Standard-Modus aussieht.<\/p>\n\n\n\n<p>Als Beispiel haben wir eine dreifache Kombiwette ausgew\u00e4hlt; der Rechner\nkann jedoch f\u00fcr Kombiwetten mit bis zu sechs Auswahlen benutzt werden. Die\neinzige Anforderung ist, dass sich <strong>die\nverschiedenen Events nicht \u00fcberschneiden d\u00fcrfen<\/strong>, d. h. jeder Teil der\nKombiwette muss beendet sein, bevor der n\u00e4chste beginnt. Sie d\u00fcrfen sich nicht\n\u00fcberschneiden, weil der Ausgang des vorigen Teils bestimmt, wie viel man auf\ndas n\u00e4chste Spiel setzen muss oder ob man aufh\u00f6ren sollte, zu layen. Der Ausgang des ersten\nSpiels bestimmt somit, welche Handlung Du f\u00fcr das zweite Spiel vornehmen musst.<\/p>\n\n\n\n<p>So wie dieser Rechner konzipiert ist, solltest Du jede Auswahl einzeln layen, d. h. nachdem Du die gesamte Kombiwette bei Deinem Buchmacher gesetzt hast, solltest Du <strong>den ersten Lay-Einsatz setzen und auf das Ergebnis warten<\/strong>. Nur wenn die erste Auswahl Deiner Kombiwette gewinnt, solltest Du die zweite Auswahl layen. <strong>Sobald eine Auswahl Deiner Kombiwette verliert, solltest Du aufh\u00f6ren, zu layen<\/strong>. Wir k\u00f6nnen dies mit dem folgenden Screenshot verdeutlichen.<\/p>\n\n\n\n<figure class=\"wp-block-image\"><img loading=\"lazy\" width=\"601\" height=\"250\" src=\"https:\/\/doppelwetten.com\/wp-content\/uploads\/2019\/04\/profit-1.png\" alt=\"\" class=\"wp-image-14852\" srcset=\"https:\/\/doppelwetten.com\/wp-content\/uploads\/2019\/04\/profit-1.png 601w, https:\/\/doppelwetten.com\/wp-content\/uploads\/2019\/04\/profit-1-300x125.png 300w\" sizes=\"(max-width: 601px) 100vw, 601px\" \/><\/figure>\n\n\n\n<p>In diesem Beispiel hat Deine erste Auswahl gewonnen, was in einem Verlust\nbei der Wettb\u00f6rse von 7,61\u20ac resultiert (Dein Lay-Einsatz), und die\nzweite Auswahl hat dann verloren. Deine Kombiwette bei dem Buchmacher hat jetzt\nverloren, was in der Spalte \u201aBuchmacher\u2018 als -20\u20ac angezeigt wird (Dein\nverlorener Einsatz). Dein zweiter vom Rechner angegebener Lay-Einsatz war 26,30\u20ac, den\nDu nun gewonnen hast, und insgesamt resultiert dies in einem Verlust von 1,31\u20ac, und\ndies ist gleich f\u00fcr alle Ausg\u00e4nge.<\/p>\n\n\n\n<p>Wenn alle Auswahlen gewinnen w\u00fcrden, erg\u00e4be dies das Resultat, das Du in\nder letzten Zeile oben sehen kannst. Du w\u00fcrdest alle Deine Lay-Eins\u00e4tze\nverlieren, jedoch beim Buchmacher gewinnen, was wiederum den gleichen Gesamtverlust\nergeben w\u00fcrde.<\/p>\n\n\n\n<p>Mit dieser Vorgehensweise sicherst Du Dir einen gleichbleibenden\nGewinn\/Verlust, egal was der Ausgang ist (im normalen Rechner-Modus). Dies wird\nim Abschnitt Profit-Aufschl\u00fcsselung weiter unten noch genauer erkl\u00e4rt.<\/p>\n\n\n\n<p><strong>Bitte beachte:<\/strong> der Rechner braucht alle Angaben zu den einzelnen Lay-Quoten und Provisionen, um auch nur den ersten Lay-Einsatz auszurechnen, also musst Du sie gleich am Anfang eintragen, in chronologischer Reihenfolge, selbst wenn Du anfangs nur die erste Auswahl layst und evtl. keine weiteren layen musst.<\/p>\n\n\n\n<figure class=\"wp-block-image\"><img loading=\"lazy\" width=\"601\" height=\"296\" src=\"https:\/\/doppelwetten.com\/wp-content\/uploads\/2019\/04\/normal-calculator-2.png\" alt=\"\" class=\"wp-image-14854\" srcset=\"https:\/\/doppelwetten.com\/wp-content\/uploads\/2019\/04\/normal-calculator-2.png 601w, https:\/\/doppelwetten.com\/wp-content\/uploads\/2019\/04\/normal-calculator-2-300x148.png 300w\" sizes=\"(max-width: 601px) 100vw, 601px\" \/><\/figure>\n\n\n\n<figure class=\"wp-block-image\"><img loading=\"lazy\" width=\"601\" height=\"224\" src=\"https:\/\/doppelwetten.com\/wp-content\/uploads\/2019\/04\/normal-calculator-profit-3.png\" alt=\"\" class=\"wp-image-14856\" srcset=\"https:\/\/doppelwetten.com\/wp-content\/uploads\/2019\/04\/normal-calculator-profit-3.png 601w, https:\/\/doppelwetten.com\/wp-content\/uploads\/2019\/04\/normal-calculator-profit-3-300x112.png 300w\" sizes=\"(max-width: 601px) 100vw, 601px\" \/><\/figure>\n\n\n\n<h2 class=\"has-text-align-center\"><strong>Zeile f\u00fcr\nZeile<\/strong><\/h2>\n\n\n\n<h2><strong>Blauer Abschnitt<\/strong><\/h2>\n\n\n\n<p> <i class=\"icon-circle hb-icon-float-left hb-icon-small hb-icon\" style=\"color:#0099ff\"><\/i><strong>Wettart:<\/strong> in diesem Dropdown kannst Du zwischen ,Normal\u2019 und ,Freiwette (SNR)\u2019 w\u00e4hlen. In dem obigen Beispiel ist der Rechner auf die ,normale\u2019 Wettart eingestellt.<\/p>\n\n\n\n<i class=\"icon-circle hb-icon-float-left hb-icon-small hb-icon\" style=\"color:#0099ff\"><\/i><strong>Modus:<\/strong> hier kannst Du zwischen den Modi ,Standard\u2019 und ,Underlay\u2019 w\u00e4hlen. Der Underlay-Modus wird sp\u00e4ter noch ausf\u00fchrlicher erkl\u00e4rt.<\/p>\n\n\n\n<i class=\"icon-circle hb-icon-float-left hb-icon-small hb-icon\" style=\"color:#0099ff\"><\/i><strong>Back-Einsatz:<\/strong> trage hier Deinen Back-Einsatz bei dem Buchmacher ein.<\/p>\n\n\n\n<i class=\"icon-circle hb-icon-float-left hb-icon-small hb-icon\" style=\"color:#0099ff\"><\/i><strong>Gesamte Back-Quote:<\/strong> trage hier die gesamte Back-Quote ein. Sie sollte auf Deinem Wettschein angezeigt werden und wird ausgerechnet, indem man alle Back-Quoten der einzelnen Auswahlen miteinander multipliziert.<\/p>\n\n\n\n<i class=\"icon-circle hb-icon-float-left hb-icon-small hb-icon\" style=\"color:#0099ff\"><\/i><strong>Auswahlen:<\/strong> die Anzahl der Auswahlen in Deiner Kombiwette. Du kannst eine Anzahl zwischen 2 und 6 Auswahlen anklicken.<\/p>\n\n\n\n<i class=\"icon-circle hb-icon-float-left hb-icon-small hb-icon\" style=\"color:#0099ff\"><\/i><strong>Back-Provision:<\/strong> trage 5% ein, wenn Dein Buchmacher die deutsche Wettsteuer berechnet.<\/p>\n\n\n\n<h2><strong>Rosa Abschnitt<\/strong><\/h2>\n\n\n\n<i class=\"icon-circle hb-icon-float-left hb-icon-small hb-icon\" style=\"color:#0099ff\"><\/i><strong>Auswahl: <\/strong>die Nummern Deiner einzelnen Lay-Wetten, in der Reihenfolge, in der die Events stattfinden werden.<\/p>\n\n\n\n<i class=\"icon-circle hb-icon-float-left hb-icon-small hb-icon\" style=\"color:#0099ff\"><\/i><strong>Lay-Quote:<\/strong> trage die Quoten bei der Wettb\u00f6rse f\u00fcr Deine Auswahlen ein. Wann immer Du eine zus\u00e4tzliche Auswahl layen musst, <strong>\u00fcberpr\u00fcfe noch einmal die Quoten bei der Wettb\u00f6rse und trage die neue Lay-Quote in den Rechner ein<\/strong>, um einen \u00fcberarbeiteten Lay-Einsatz f\u00fcr Deine n\u00e4chste Auswahl zu errechnen.<\/p>\n\n\n\n<i class=\"icon-circle hb-icon-float-left hb-icon-small hb-icon\" style=\"color:#0099ff\"><\/i><strong>Lay-Provision:<\/strong> die Provision, die von Deiner Wettb\u00f6rse berechnet wird. Wenn Du f\u00fcr die verschiedenen Auswahlen unterschiedliche Wettb\u00f6rsen nutzt, kannst Du selbstverst\u00e4ndlich unterschiedliche Provisionen f\u00fcr die einzelnen Auswahlen eintragen.<\/p>\n\n\n\n<i class=\"icon-circle hb-icon-float-left hb-icon-small hb-icon\" style=\"color:#0099ff\"><\/i><strong>Empfohlener Einsatz:<\/strong> alle empfohlenen Eins\u00e4tze werden von dem Rechner f\u00fcr Dich ausgerechnet, und Du kannst nun die erste Auswahl layen. <strong>Beachte<\/strong>, dass Du, wie oben erkl\u00e4rt, nur dann die zweite Auswahl layen solltest, falls und sobald die erste Auswahl gewonnen (bei der Wettb\u00f6rse verloren) hat, und nachdem Du mit den m\u00f6glicherweise ge\u00e4nderten Quoten f\u00fcr die zweite Auswahl neu berechnet hast.<\/p>\n\n\n\n<h2><strong>Abschnitt Profit-Aufschl\u00fcsselung<\/strong><\/h2>\n\n\n\n<p>In diesem Abschnitt kannst Du eine detaillierte\nAufstellung aller m\u00f6glichen Ausg\u00e4nge Deiner Wette sehen.<\/p>\n\n\n\n<i class=\"icon-circle hb-icon-float-left hb-icon-small hb-icon\" style=\"color:#0099ff\"><\/i><strong>Wette:<\/strong> die m\u00f6glichen Resultate der Kombiwette. Ein rotes L hei\u00dft, dass die Back-Auswahl verloren hat. In diesem Fall solltest Du nicht mehr layen, und dies bedeutet, dass die Kombiwette abgeschlossen ist &nbsp;Ein gr\u00fcnes W bedeutet, dass die Back-Auswahl gewonnen hat, und Du wirst weiter layen, bis eine Auswahl verliert. Eine Reihe von gr\u00fcnen Ws bedeutet, dass alle Auswahlen gewinnen, und Deine Wette bei dem Buchmacher gewinnt.<\/p>\n\n\n\n<i class=\"icon-circle hb-icon-float-left hb-icon-small hb-icon\" style=\"color:#0099ff\"><\/i><strong>Buchmacher:<\/strong> da alle Auswahlen gewinnen m\u00fcssen, damit die Kombiwette beim Buchmacher gewinnt, zeigt diese Spalte Deinen verlorenen Einsatz an in allen F\u00e4llen, in denen eine Auswahl verloren hat, und Deinen Back-Gewinn, falls alle Auswahlen gewonnen haben (abz\u00fcglich der Back-Provision).<\/p>\n\n\n\n<i class=\"icon-circle hb-icon-float-left hb-icon-small hb-icon\" style=\"color:#0099ff\"><\/i><strong>Wettb\u00f6rse:<\/strong> diese Spalte zeigt Deine Gewinne bei der Wettb\u00f6rse an, falls die Auswahl verliert (abz\u00fcglich der Lay-Provision), und Deinen Verlust bei der Wettb\u00f6rse (Deine Haftung) f\u00fcr die einzelnen Teile der Wette, falls die Auswahlen gewinnen.<\/p>\n\n\n\n<i class=\"icon-circle hb-icon-float-left hb-icon-small hb-icon\" style=\"color:#0099ff\"><\/i><strong>Gesamt:<\/strong> hier werden die Ergebnisse der jeweiligen Reihen angezeigt. Im ,Standard\u2018-Modus sind die Gesamtbetr\u00e4ge f\u00fcr alle m\u00f6glichen Ausg\u00e4nge gleich, und im \u201aUnderlay\u2018-Modus unterscheiden sich die Betr\u00e4ge. Dies wird im n\u00e4chsten Abschnitt noch n\u00e4her erl\u00e4utert.<\/p>\n\n\n\n<h2><strong>Zwischen den verschiedenen Modi\nausw\u00e4hlen<\/strong><\/h2>\n\n\n\n<i class=\"icon-circle hb-icon-float-left hb-icon-small hb-icon\" style=\"color:#0099ff\"><\/i><strong>Standard-Modus:<\/strong> wenn Du diesen Modus ausw\u00e4hlst, werden Deine Gewinne unabh\u00e4ngig von den Ergebnissen der Wetten gleich sein, d. h. egal ob nur einige Auswahlen Deiner Kombiwette gewinnen, alle oder gar keine. Dies trifft sowohl auf die ,normale\u2019, als auch auf die ,Freiwette (SNR)\u2019 Wettart zu.<\/p>\n\n\n\n<figure class=\"wp-block-image\"><img loading=\"lazy\" width=\"601\" height=\"245\" src=\"https:\/\/doppelwetten.com\/wp-content\/uploads\/2019\/04\/standard-4.png\" alt=\"\" class=\"wp-image-14858\" srcset=\"https:\/\/doppelwetten.com\/wp-content\/uploads\/2019\/04\/standard-4.png 601w, https:\/\/doppelwetten.com\/wp-content\/uploads\/2019\/04\/standard-4-300x122.png 300w\" sizes=\"(max-width: 601px) 100vw, 601px\" \/><\/figure>\n\n\n\n<figure class=\"wp-block-image\"><img loading=\"lazy\" width=\"601\" height=\"198\" src=\"https:\/\/doppelwetten.com\/wp-content\/uploads\/2019\/04\/standard-profit-breakdown-5.png\" alt=\"\" class=\"wp-image-14860\" srcset=\"https:\/\/doppelwetten.com\/wp-content\/uploads\/2019\/04\/standard-profit-breakdown-5.png 601w, https:\/\/doppelwetten.com\/wp-content\/uploads\/2019\/04\/standard-profit-breakdown-5-300x99.png 300w\" sizes=\"(max-width: 601px) 100vw, 601px\" \/><\/figure>\n\n\n\n<i class=\"icon-circle hb-icon-float-left hb-icon-small hb-icon\" style=\"color:#0099ff\"><\/i><strong>Underlay-Modus:<\/strong> mit dieser Methode wird sich Dein Profit abh\u00e4ngig von dem Underlay Prozentsatz, den Du ausw\u00e4hlst, und auch von den gesamten Back- und Lay-Quoten, unterscheiden. In dem folgenden Beispiel hast Du einen Profit, wenn die Back-Wette gewinnt, d. h. alle Auswahlen gewinnen. Wenn entweder die erste oder zweite Auswahl verliert, hast Du einen Verlust. <strong>Beachte, dass das Underlay Prozentsatz-Feld erscheint, wenn Du \u201aUnderlay\u2018 ausw\u00e4hlst.<\/strong> Mit dem Underlay Prozentsatz kannst Du ausw\u00e4hlen, wie viel Du underlayen willst. Trage einen Prozentsatz ein und achte darauf, wie sich die Betr\u00e4ge in der Profit-Aufschl\u00fcsselung ver\u00e4ndern.<\/p>\n\n\n\n<figure class=\"wp-block-image\"><img loading=\"lazy\" width=\"601\" height=\"278\" src=\"https:\/\/doppelwetten.com\/wp-content\/uploads\/2019\/04\/underlay-80-6.png\" alt=\"\" class=\"wp-image-14862\" srcset=\"https:\/\/doppelwetten.com\/wp-content\/uploads\/2019\/04\/underlay-80-6.png 601w, https:\/\/doppelwetten.com\/wp-content\/uploads\/2019\/04\/underlay-80-6-300x139.png 300w\" sizes=\"(max-width: 601px) 100vw, 601px\" \/><\/figure>\n\n\n\n<figure class=\"wp-block-image\"><img loading=\"lazy\" width=\"601\" height=\"194\" src=\"https:\/\/doppelwetten.com\/wp-content\/uploads\/2019\/04\/underlay-80-profit-7.png\" alt=\"\" class=\"wp-image-14864\" srcset=\"https:\/\/doppelwetten.com\/wp-content\/uploads\/2019\/04\/underlay-80-profit-7.png 601w, https:\/\/doppelwetten.com\/wp-content\/uploads\/2019\/04\/underlay-80-profit-7-300x97.png 300w\" sizes=\"(max-width: 601px) 100vw, 601px\" \/><\/figure>\n\n\n\n<p><strong>Wie kannst Du zwischen den verschiedenen Modi ausw\u00e4hlen?<\/strong> Es gibt zwei Szenarien, in denen Du evtl.\nunderlayen m\u00f6chtest:<\/p>\n\n\n\n<p><i class=\"icon\">1<\/i>Deine Back-Quoten sind h\u00f6her als Deine gesamten Lay-Quoten. Das kann zum Beispiel bei einem Quotenboost der Fall sein. Indem Du Underlaying benutzt, kannst Du einen h\u00f6heren Gewinn machen, wenn Deine Wette gewinnt, dabei jedoch keinen Verlust machen, falls eine Auswahl verliert. Dies wird in dem folgenden Screenshot deutlich gemacht. <strong>Beachte, dass die Back-Quoten in dem folgenden Beispiel wegen dem Quotenboost h\u00f6her als die Lay-Quoten sind.<\/strong><\/p>\n\n\n\n<figure class=\"wp-block-image\"><img loading=\"lazy\" width=\"601\" height=\"279\" src=\"https:\/\/doppelwetten.com\/wp-content\/uploads\/2019\/04\/underlay-100-8.png\" alt=\"\" class=\"wp-image-14866\" srcset=\"https:\/\/doppelwetten.com\/wp-content\/uploads\/2019\/04\/underlay-100-8.png 601w, https:\/\/doppelwetten.com\/wp-content\/uploads\/2019\/04\/underlay-100-8-300x139.png 300w\" sizes=\"(max-width: 601px) 100vw, 601px\" \/><\/figure>\n\n\n\n<figure class=\"wp-block-image\"><img loading=\"lazy\" width=\"601\" height=\"197\" src=\"https:\/\/doppelwetten.com\/wp-content\/uploads\/2019\/04\/underlay-100-profit-9.png\" alt=\"\" class=\"wp-image-14868\" srcset=\"https:\/\/doppelwetten.com\/wp-content\/uploads\/2019\/04\/underlay-100-profit-9.png 601w, https:\/\/doppelwetten.com\/wp-content\/uploads\/2019\/04\/underlay-100-profit-9-300x98.png 300w\" sizes=\"(max-width: 601px) 100vw, 601px\" \/><\/figure>\n\n\n\n<p><i class=\"icon\">2<\/i>Du hast eine Freiwette, aus der Du gem\u00e4\u00df dem folgenden Screenshot im normalen Modus einen garantieren Profit von 16,47\u20ac erhalten w\u00fcrdest:<\/p>\n\n\n\n<figure class=\"wp-block-image\"><img loading=\"lazy\" width=\"601\" height=\"296\" src=\"https:\/\/doppelwetten.com\/wp-content\/uploads\/2019\/04\/free-bet-10.png\" alt=\"\" class=\"wp-image-14870\" srcset=\"https:\/\/doppelwetten.com\/wp-content\/uploads\/2019\/04\/free-bet-10.png 601w, https:\/\/doppelwetten.com\/wp-content\/uploads\/2019\/04\/free-bet-10-300x148.png 300w\" sizes=\"(max-width: 601px) 100vw, 601px\" \/><\/figure>\n\n\n\n<figure class=\"wp-block-image\"><img loading=\"lazy\" width=\"601\" height=\"232\" src=\"https:\/\/doppelwetten.com\/wp-content\/uploads\/2019\/04\/free-bet-profit-11.png\" alt=\"\" class=\"wp-image-14872\" srcset=\"https:\/\/doppelwetten.com\/wp-content\/uploads\/2019\/04\/free-bet-profit-11.png 601w, https:\/\/doppelwetten.com\/wp-content\/uploads\/2019\/04\/free-bet-profit-11-300x116.png 300w\" sizes=\"(max-width: 601px) 100vw, 601px\" \/><\/figure>\n\n\n\n<p>Wenn Du jedoch Underlaying benutzt und Deinen potentiellen Gewinn, falls eine Auswahl verliert, um nur 0,47\u20ac auf 16\u20ac reduzierst, erh\u00f6ht sich, wie Du siehst, Dein Profit dramatisch, falls die gesamte Kombiwette gewinnt.<\/p>\n\n\n\n<figure class=\"wp-block-image\"><img loading=\"lazy\" width=\"601\" height=\"331\" src=\"https:\/\/doppelwetten.com\/wp-content\/uploads\/2019\/04\/free-bet-12.png\" alt=\"\" class=\"wp-image-14874\" srcset=\"https:\/\/doppelwetten.com\/wp-content\/uploads\/2019\/04\/free-bet-12.png 601w, https:\/\/doppelwetten.com\/wp-content\/uploads\/2019\/04\/free-bet-12-300x165.png 300w\" sizes=\"(max-width: 601px) 100vw, 601px\" \/><\/figure>\n\n\n\n<figure class=\"wp-block-image\"><img loading=\"lazy\" width=\"601\" height=\"225\" src=\"https:\/\/doppelwetten.com\/wp-content\/uploads\/2019\/04\/free-bet-profit-13.png\" alt=\"\" class=\"wp-image-14876\" srcset=\"https:\/\/doppelwetten.com\/wp-content\/uploads\/2019\/04\/free-bet-profit-13.png 601w, https:\/\/doppelwetten.com\/wp-content\/uploads\/2019\/04\/free-bet-profit-13-300x112.png 300w\" sizes=\"(max-width: 601px) 100vw, 601px\" \/><\/figure>\n\n\n\n<p>In unserem in K\u00fcrze erscheinenden\nKombiwetten-Leitfaden kannst Du mehr \u00fcber verschiedene Strategien, die Du f\u00fcr\nKombiwetten verfolgen k\u00f6nntest, lesen. Unsere allgemeine Empfehlung w\u00e4re, Dich\nmit den verschiedenen Modi dieses Rechners vertraut zu machen, indem Du\nverschiedene Betr\u00e4ge und Prozentzahlen ausprobierst. Ziehe alle Optionen in\nBetracht und denke dar\u00fcber nach, wie viel Du dem Zufall \u00fcberlassen m\u00f6chtest und\nwie viel Profit Du sichern m\u00f6chtest.<\/p>\n\n\n\n<p>Falls Du irgendwelche Fragen zu diesem Leitfaden hast, stelle sie bitte im <a href=\"https:\/\/forum.doppelwetten.com\">Forum<\/a>.<\/p>\n","protected":false},"excerpt":{"rendered":"<p>Der Sequential Lay Rechner kann benutzt werden, um risikofreien Gewinn aus Kombi-Wetten zu machen. Ein umfassender Leitfaden \u00fcber die verschiedenen [&hellip;]<\/p>\n","protected":false},"author":232,"featured_media":0,"parent":0,"menu_order":0,"comment_status":"closed","ping_status":"closed","template":"","meta":{"_mi_skip_tracking":false},"yoast_head":"<!-- This site is optimized with the Yoast SEO plugin v19.13 - https:\/\/yoast.com\/wordpress\/plugins\/seo\/ -->\n<title>Der Sequential Lay Rechner - DoppelWetten<\/title>\n<meta name=\"robots\" content=\"index, follow, max-snippet:-1, max-image-preview:large, max-video-preview:-1\" \/>\n<link rel=\"canonical\" href=\"https:\/\/doppelwetten.com\/de\/der-sequential-lay-rechner\/\" \/>\n<meta property=\"og:locale\" content=\"de_DE\" \/>\n<meta property=\"og:type\" content=\"article\" \/>\n<meta property=\"og:title\" content=\"Der Sequential Lay Rechner - DoppelWetten\" \/>\n<meta property=\"og:description\" content=\"Der Sequential Lay Rechner kann benutzt werden, um risikofreien Gewinn aus Kombi-Wetten zu machen. Ein umfassender Leitfaden \u00fcber die verschiedenen [&hellip;]\" \/>\n<meta property=\"og:url\" content=\"https:\/\/doppelwetten.com\/de\/der-sequential-lay-rechner\/\" \/>\n<meta property=\"og:site_name\" content=\"DoppelWetten\" \/>\n<meta property=\"article:modified_time\" content=\"2022-12-01T10:06:19+00:00\" \/>\n<meta property=\"og:image\" content=\"https:\/\/doppelwetten.com\/wp-content\/uploads\/2019\/04\/profit-1.png\" \/>\n<meta name=\"twitter:card\" content=\"summary_large_image\" \/>\n<meta name=\"twitter:site\" content=\"@doppelwetten\" \/>\n<meta name=\"twitter:label1\" content=\"Gesch\u00e4tzte Lesezeit\" \/>\n\t<meta name=\"twitter:data1\" content=\"9 Minuten\" \/>\n<script type=\"application\/ld+json\" class=\"yoast-schema-graph\">{\"@context\":\"https:\/\/schema.org\",\"@graph\":[{\"@type\":\"WebPage\",\"@id\":\"https:\/\/doppelwetten.com\/de\/der-sequential-lay-rechner\/\",\"url\":\"https:\/\/doppelwetten.com\/de\/der-sequential-lay-rechner\/\",\"name\":\"Der Sequential Lay Rechner - DoppelWetten\",\"isPartOf\":{\"@id\":\"https:\/\/doppelwetten.com\/#website\"},\"datePublished\":\"2019-04-05T02:27:56+00:00\",\"dateModified\":\"2022-12-01T10:06:19+00:00\",\"breadcrumb\":{\"@id\":\"https:\/\/doppelwetten.com\/de\/der-sequential-lay-rechner\/#breadcrumb\"},\"inLanguage\":\"de-DE\",\"potentialAction\":[{\"@type\":\"ReadAction\",\"target\":[\"https:\/\/doppelwetten.com\/de\/der-sequential-lay-rechner\/\"]}]},{\"@type\":\"BreadcrumbList\",\"@id\":\"https:\/\/doppelwetten.com\/de\/der-sequential-lay-rechner\/#breadcrumb\",\"itemListElement\":[{\"@type\":\"ListItem\",\"position\":1,\"name\":\"Home\",\"item\":\"https:\/\/doppelwetten.com\/de\/\"},{\"@type\":\"ListItem\",\"position\":2,\"name\":\"Der Sequential Lay Rechner\"}]},{\"@type\":\"WebSite\",\"@id\":\"https:\/\/doppelwetten.com\/#website\",\"url\":\"https:\/\/doppelwetten.com\/\",\"name\":\"DoppelWetten\",\"description\":\"risikolosen Wetten (Schritt f\u00fcr Schritt)\",\"publisher\":{\"@id\":\"https:\/\/doppelwetten.com\/#organization\"},\"potentialAction\":[{\"@type\":\"SearchAction\",\"target\":{\"@type\":\"EntryPoint\",\"urlTemplate\":\"https:\/\/doppelwetten.com\/?s={search_term_string}\"},\"query-input\":\"required name=search_term_string\"}],\"inLanguage\":\"de-DE\"},{\"@type\":\"Organization\",\"@id\":\"https:\/\/doppelwetten.com\/#organization\",\"name\":\"DoppelWetten\",\"url\":\"https:\/\/doppelwetten.com\/\",\"logo\":{\"@type\":\"ImageObject\",\"inLanguage\":\"de-DE\",\"@id\":\"https:\/\/doppelwetten.com\/#\/schema\/logo\/image\/\",\"url\":\"https:\/\/doppelwetten.com\/wp-content\/uploads\/2021\/05\/google-logo-size.png\",\"contentUrl\":\"https:\/\/doppelwetten.com\/wp-content\/uploads\/2021\/05\/google-logo-size.png\",\"caption\":\"DoppelWetten\"},\"image\":{\"@id\":\"https:\/\/doppelwetten.com\/#\/schema\/logo\/image\/\"},\"sameAs\":[\"https:\/\/twitter.com\/doppelwetten\"]}]}<\/script>\n<!-- \/ Yoast SEO plugin. -->","yoast_head_json":{"title":"Der Sequential Lay Rechner - DoppelWetten","robots":{"index":"index","follow":"follow","max-snippet":"max-snippet:-1","max-image-preview":"max-image-preview:large","max-video-preview":"max-video-preview:-1"},"canonical":"https:\/\/doppelwetten.com\/de\/der-sequential-lay-rechner\/","og_locale":"de_DE","og_type":"article","og_title":"Der Sequential Lay Rechner - DoppelWetten","og_description":"Der Sequential Lay Rechner kann benutzt werden, um risikofreien Gewinn aus Kombi-Wetten zu machen. Ein umfassender Leitfaden \u00fcber die verschiedenen [&hellip;]","og_url":"https:\/\/doppelwetten.com\/de\/der-sequential-lay-rechner\/","og_site_name":"DoppelWetten","article_modified_time":"2022-12-01T10:06:19+00:00","og_image":[{"url":"https:\/\/doppelwetten.com\/wp-content\/uploads\/2019\/04\/profit-1.png"}],"twitter_card":"summary_large_image","twitter_site":"@doppelwetten","twitter_misc":{"Gesch\u00e4tzte Lesezeit":"9 Minuten"},"schema":{"@context":"https:\/\/schema.org","@graph":[{"@type":"WebPage","@id":"https:\/\/doppelwetten.com\/de\/der-sequential-lay-rechner\/","url":"https:\/\/doppelwetten.com\/de\/der-sequential-lay-rechner\/","name":"Der Sequential Lay Rechner - DoppelWetten","isPartOf":{"@id":"https:\/\/doppelwetten.com\/#website"},"datePublished":"2019-04-05T02:27:56+00:00","dateModified":"2022-12-01T10:06:19+00:00","breadcrumb":{"@id":"https:\/\/doppelwetten.com\/de\/der-sequential-lay-rechner\/#breadcrumb"},"inLanguage":"de-DE","potentialAction":[{"@type":"ReadAction","target":["https:\/\/doppelwetten.com\/de\/der-sequential-lay-rechner\/"]}]},{"@type":"BreadcrumbList","@id":"https:\/\/doppelwetten.com\/de\/der-sequential-lay-rechner\/#breadcrumb","itemListElement":[{"@type":"ListItem","position":1,"name":"Home","item":"https:\/\/doppelwetten.com\/de\/"},{"@type":"ListItem","position":2,"name":"Der Sequential Lay Rechner"}]},{"@type":"WebSite","@id":"https:\/\/doppelwetten.com\/#website","url":"https:\/\/doppelwetten.com\/","name":"DoppelWetten","description":"risikolosen Wetten (Schritt f\u00fcr Schritt)","publisher":{"@id":"https:\/\/doppelwetten.com\/#organization"},"potentialAction":[{"@type":"SearchAction","target":{"@type":"EntryPoint","urlTemplate":"https:\/\/doppelwetten.com\/?s={search_term_string}"},"query-input":"required name=search_term_string"}],"inLanguage":"de-DE"},{"@type":"Organization","@id":"https:\/\/doppelwetten.com\/#organization","name":"DoppelWetten","url":"https:\/\/doppelwetten.com\/","logo":{"@type":"ImageObject","inLanguage":"de-DE","@id":"https:\/\/doppelwetten.com\/#\/schema\/logo\/image\/","url":"https:\/\/doppelwetten.com\/wp-content\/uploads\/2021\/05\/google-logo-size.png","contentUrl":"https:\/\/doppelwetten.com\/wp-content\/uploads\/2021\/05\/google-logo-size.png","caption":"DoppelWetten"},"image":{"@id":"https:\/\/doppelwetten.com\/#\/schema\/logo\/image\/"},"sameAs":["https:\/\/twitter.com\/doppelwetten"]}]}},"_links":{"self":[{"href":"https:\/\/doppelwetten.com\/de\/wp-json\/wp\/v2\/pages\/14851"}],"collection":[{"href":"https:\/\/doppelwetten.com\/de\/wp-json\/wp\/v2\/pages"}],"about":[{"href":"https:\/\/doppelwetten.com\/de\/wp-json\/wp\/v2\/types\/page"}],"author":[{"embeddable":true,"href":"https:\/\/doppelwetten.com\/de\/wp-json\/wp\/v2\/users\/232"}],"replies":[{"embeddable":true,"href":"https:\/\/doppelwetten.com\/de\/wp-json\/wp\/v2\/comments?post=14851"}],"version-history":[{"count":3,"href":"https:\/\/doppelwetten.com\/de\/wp-json\/wp\/v2\/pages\/14851\/revisions"}],"predecessor-version":[{"id":29927,"href":"https:\/\/doppelwetten.com\/de\/wp-json\/wp\/v2\/pages\/14851\/revisions\/29927"}],"wp:attachment":[{"href":"https:\/\/doppelwetten.com\/de\/wp-json\/wp\/v2\/media?parent=14851"}],"curies":[{"name":"wp","href":"https:\/\/api.w.org\/{rel}","templated":true}]}}