{"id":14440,"date":"2019-03-20T10:26:47","date_gmt":"2019-03-20T10:26:47","guid":{"rendered":"https:\/\/doppelwetten.com\/the-risk-free-equal-profit-calculator\/"},"modified":"2019-09-27T05:19:49","modified_gmt":"2019-09-27T05:19:49","slug":"the-risk-free-equal-profit-calculator","status":"publish","type":"page","link":"https:\/\/doppelwetten.com\/de\/the-risk-free-equal-profit-calculator\/","title":{"rendered":"Der Rechner f\u00fcr risikofreie Wetten"},"content":{"rendered":"<p>Dieser Rechner wird benutzt, um einen risikofreien, garantierten Gewinn aus einem \u201eWette x und bekomme eine x Freiwette, wenn die erste Wette verliert\u201d Angebot zu machen.<\/p>\n<p>Die Angebote f\u00fcr risikofreie Wetten werden in unserem Leitfaden <a href=\"https:\/\/doppelwetten.com\/de\/knowledge-base\/anleitung-wette-ex-und-erhalte-eine-ex-gratiswette\/\">Wette \u20acx und erhalte eine \u20acx Gratiwette falls die erste Wette verliert<\/a> n\u00e4her erl\u00e4utert. Von den vier Strategien, die in dem Leitfaden erkl\u00e4rt werden, w\u00fcrdest Du den Rechner f\u00fcr risikofreie Wetten f\u00fcr die erste Strategie, \u201eStrategie 1 &#8211; Risikofrei mit gleichem Gewinn (Risikofrei)\u201d benutzen.<\/p>\n<h1 style=\"text-align: center;\"><strong>Erste Ansicht<\/strong><\/h1>\n<p>In dem folgenden Screenshot kannst Du den Rechner komplett ausgef\u00fcllt sehen.<\/p>\n<p>Ein typisches Beispiel f\u00fcr ein Angebot f\u00fcr eine risikofreie Wette ist, dass man eine Wette \u00fcber mindestens 10\u20ac platzieren muss, und wenn diese qualifizierende Wette verliert, bekommt man eine Freiwette von 10\u20ac.<\/p>\n<p><img loading=\"lazy\" class=\"alignnone size-full wp-image-14462\" src=\"https:\/\/doppelwetten.com\/wp-content\/uploads\/2019\/03\/risk-free-de.png\" alt=\"\" width=\"601\" height=\"477\" srcset=\"https:\/\/doppelwetten.com\/wp-content\/uploads\/2019\/03\/risk-free-de.png 601w, https:\/\/doppelwetten.com\/wp-content\/uploads\/2019\/03\/risk-free-de-300x238.png 300w\" sizes=\"(max-width: 601px) 100vw, 601px\" \/>.<\/p>\n<h2 style=\"text-align: center;\"><strong>Zeile f\u00fcr Zeile<\/strong><\/h2>\n<h2><strong>Grauer \u201eAngaben zur Wette\u201d Abschnitt<\/strong><\/h2>\n<p><strong><i class=\"icon-circle hb-icon-float-left hb-icon-small hb-icon\" style=\"color:#0099ff\"><\/i>Back-Einsatz:<\/strong> f\u00fcr ein Angebot, bei dem man eine potentielle Freiwette in H\u00f6he der qualifizierenden Wette bis zu 10\u20ac bekommt, w\u00e4re Dein Back-Einsatz 10\u20ac.<\/p>\n<p><strong><i class=\"icon-circle hb-icon-float-left hb-icon-small hb-icon\" style=\"color:#0099ff\"><\/i>Back-Quote:<\/strong> trage hier die Buchmacher-Quote ein.<\/p>\n<p><strong><i class=\"icon-circle hb-icon-float-left hb-icon-small hb-icon\" style=\"color:#0099ff\"><\/i>Back-Provision:<\/strong> trage hier 5% ein, falls Dein Buchmacher die deutsche Wettsteuer abzieht.<\/p>\n<p><strong><i class=\"icon-circle hb-icon-float-left hb-icon-small hb-icon\" style=\"color:#0099ff\"><\/i>Lay-Quote:<\/strong> trage hier die Quote bei der Wettb\u00f6rse f\u00fcr Deine Auswahl ein.<\/p>\n<p><strong><i class=\"icon-circle hb-icon-float-left hb-icon-small hb-icon\" style=\"color:#0099ff\"><\/i>Betrag der Freiwette:<\/strong> der Wert Deiner potentiellen Freiwette; in diesem Fall 10\u20ac.<\/p>\n<p><strong><i class=\"icon-circle hb-icon-float-left hb-icon-small hb-icon\" style=\"color:#0099ff\"><\/i>Lay-Provision:<\/strong> die Provision, die von Deiner Wettb\u00f6rse berechnet wird. Wir haben Matchbook benutzt (jetzt nicht mehr in Deutschland verf\u00fcgbar), und daher haben wir 1,7% eingetragen.<\/p>\n<p><strong><i class=\"icon-circle hb-icon-float-left hb-icon-small hb-icon\" style=\"color:#0099ff\"><\/i>Profitanteil aus der Freiwette:<\/strong> der Profit, den Du erwartungsgem\u00e4\u00df aus der Freiwette behalten wirst, ausgedr\u00fcckt als ein Prozentsatz des Wertes der Freiwette. Wie in unserem Leitfaden <a href=\"https:\/\/doppelwetten.com\/de\/knowledge-base\/warum-erhaelt-man-nicht-e10-beim-einsatz-einer-e10-gratiswette\/\">Warum erh\u00e4lt man nicht \u20ac10 beim Einsatz einer \u20ac10 Gratiswette?<\/a> erkl\u00e4rt wird, kann man im Allgemeinen erwarten, einen Profit von 70% bis 80% des Wertes einer Gratiswette zu machen (abh\u00e4ngig von Faktoren wie den Quoten, die zu dem Zeitpunkt, an dem Du die Freiwette setzt, verf\u00fcgbar sind oder ob der Buchmacher die Wettsteuer berechnet). Manche Buchmacher haben Angebote, bei denen man den Einsatz nicht als Freiwette, sondern als \u201eCash\u201d zur\u00fcck bekommt. Wenn das der Fall ist, trage 100% f\u00fcr den Profitanteil aus der Freiwette ein. In unserem Beispiel haben wir 75% ausgew\u00e4hlt.<\/p>\n<h2><strong>Rosa \u2018Idealer Lay-Einsatz\u2019 Abschnitt<\/strong><\/h2>\n<p><strong><i class=\"icon-circle hb-icon-float-left hb-icon-small hb-icon\" style=\"color:#0099ff\"><\/i>Lay-Einsatz:<\/strong> Dies wird vom Rechner f\u00fcr Dich ausgerechnet.<\/p>\n<p><strong><i class=\"icon-circle hb-icon-float-left hb-icon-small hb-icon\" style=\"color:#0099ff\"><\/i>Haftung:<\/strong> Deine Haftung bei der Wettb\u00f6rse, falls Deine Lay-Wette verliert. Wenn Deine Lay-Wette verliert, wird Dein Verlust niedriger sein als Dein Gewinn aus der gewonnenen Back-Wette, also hast Du am Ende einen Gesamtgewinn, obwohl Du nicht Deine Freiwette bekommst. Mehr Einzelheiten zu den Betr\u00e4gen kannst Du in dem Abschnitt Profit-Aufschl\u00fcsselung weiter unten sehen.<\/p>\n<h2><strong>Abschnitt Profit-Aufschl\u00fcsselung<\/strong><\/h2>\n<p>In diesem Abschnitt kannst Du die genauen Betr\u00e4ge f\u00fcr die m\u00f6glichen Ausg\u00e4nge Deiner Wette sehen.<\/p>\n<p><strong><i class=\"icon-circle hb-icon-float-left hb-icon-small hb-icon\" style=\"color:#0099ff\"><\/i>Wette gewinnt (beim Buchmacher):<\/strong> zeigt Deinen Gewinn beim Buchmacher, minus Back-Provision (Wettsteuer), und Deinen Verlust bei der Wettb\u00f6rse (Deine Haftung). Keine Freiwette, da Deine Back-Wette gewonnen hat.<\/p>\n<p><strong><i class=\"icon-circle hb-icon-float-left hb-icon-small hb-icon\" style=\"color:#0099ff\"><\/i>Wette verliert (Gewinn bei der Wettb\u00f6rse):<\/strong> zeigt Deinen verlorenen Back-Einsatz, den Lay-Einsatz, den Du gewonnen hast (minus Lay-Provision), und den gesch\u00e4tzten Wert der Freiwette, die Du vom Buchmacher bekommst.<\/p>\n<p><strong>Beachte bitte: <\/strong>Jetzt musst Du noch die Freiwette platzieren, um den gesch\u00e4tzten Profit von 7,50\u20ac tats\u00e4chlich zu bekommen. Vergiss also nicht, Dir einen Vermerk zu machen, um Dich daran zu erinnern, Deine Freiwette zu bekommen und zu platzieren, falls Deine erste Wette verliert. Eine gute M\u00f6glichkeit, solche Sachen nachzuhalten, ist unser Matched Betting Profit-Tracker Spread Sheet, das man in diesem <a href=\"https:\/\/doppelwetten.com\/de\/knowledge-base\/matched-betting-profit-tracker\/\">Leitfaden<\/a> herunterladen kann, und das einen Abschnitt enth\u00e4lt, wo Du alle Deine ausstehenden Freiwetten auflisten kannst.<\/p>\n<p><strong><i class=\"icon-circle hb-icon-float-left hb-icon-small hb-icon\" style=\"color:#0099ff\"><\/i>Gesamt-Spalte:<\/strong> hier werden die Gesamtbetr\u00e4ge aus den jeweiligen Reihen angezeigt. Wie Du sehen kannst, sind sie genau gleich, was auch das Ziel dieser Strategie f\u00fcr risikofreie Wetten ist.<\/p>\n<p>Falls Du irgendwelche Fragen zu dieser Anleitung hast, stelle Sie bitte im <a href=\"https:\/\/forum.doppelwetten.com\">Forum<\/a>.<\/p>\n","protected":false},"excerpt":{"rendered":"<p>Dieser Rechner wird benutzt, um einen risikofreien, garantierten Gewinn aus einem \u201eWette x und bekomme eine x Freiwette, wenn die [&hellip;]<\/p>\n","protected":false},"author":232,"featured_media":0,"parent":0,"menu_order":0,"comment_status":"closed","ping_status":"closed","template":"","meta":{"_mi_skip_tracking":false},"yoast_head":"<!-- This site is optimized with the Yoast SEO plugin v19.13 - https:\/\/yoast.com\/wordpress\/plugins\/seo\/ -->\n<title>Der Rechner f\u00fcr risikofreie Wetten - DoppelWetten<\/title>\n<meta name=\"robots\" content=\"index, follow, max-snippet:-1, max-image-preview:large, max-video-preview:-1\" \/>\n<link rel=\"canonical\" href=\"https:\/\/doppelwetten.com\/de\/the-risk-free-equal-profit-calculator\/\" \/>\n<meta property=\"og:locale\" content=\"de_DE\" \/>\n<meta property=\"og:type\" content=\"article\" \/>\n<meta property=\"og:title\" content=\"Der Rechner f\u00fcr risikofreie Wetten - DoppelWetten\" \/>\n<meta property=\"og:description\" content=\"Dieser Rechner wird benutzt, um einen risikofreien, garantierten Gewinn aus einem \u201eWette x und bekomme eine x Freiwette, wenn die [&hellip;]\" \/>\n<meta property=\"og:url\" content=\"https:\/\/doppelwetten.com\/de\/the-risk-free-equal-profit-calculator\/\" \/>\n<meta property=\"og:site_name\" content=\"DoppelWetten\" \/>\n<meta property=\"article:modified_time\" content=\"2019-09-27T05:19:49+00:00\" \/>\n<meta property=\"og:image\" content=\"https:\/\/doppelwetten.com\/wp-content\/uploads\/2019\/03\/risk-free-de.png\" \/>\n<meta name=\"twitter:card\" content=\"summary_large_image\" \/>\n<meta name=\"twitter:site\" content=\"@doppelwetten\" \/>\n<meta name=\"twitter:label1\" content=\"Gesch\u00e4tzte Lesezeit\" \/>\n\t<meta name=\"twitter:data1\" content=\"4 Minuten\" \/>\n<script type=\"application\/ld+json\" class=\"yoast-schema-graph\">{\"@context\":\"https:\/\/schema.org\",\"@graph\":[{\"@type\":\"WebPage\",\"@id\":\"https:\/\/doppelwetten.com\/de\/the-risk-free-equal-profit-calculator\/\",\"url\":\"https:\/\/doppelwetten.com\/de\/the-risk-free-equal-profit-calculator\/\",\"name\":\"Der Rechner f\u00fcr risikofreie Wetten - DoppelWetten\",\"isPartOf\":{\"@id\":\"https:\/\/doppelwetten.com\/#website\"},\"datePublished\":\"2019-03-20T10:26:47+00:00\",\"dateModified\":\"2019-09-27T05:19:49+00:00\",\"breadcrumb\":{\"@id\":\"https:\/\/doppelwetten.com\/de\/the-risk-free-equal-profit-calculator\/#breadcrumb\"},\"inLanguage\":\"de-DE\",\"potentialAction\":[{\"@type\":\"ReadAction\",\"target\":[\"https:\/\/doppelwetten.com\/de\/the-risk-free-equal-profit-calculator\/\"]}]},{\"@type\":\"BreadcrumbList\",\"@id\":\"https:\/\/doppelwetten.com\/de\/the-risk-free-equal-profit-calculator\/#breadcrumb\",\"itemListElement\":[{\"@type\":\"ListItem\",\"position\":1,\"name\":\"Home\",\"item\":\"https:\/\/doppelwetten.com\/de\/\"},{\"@type\":\"ListItem\",\"position\":2,\"name\":\"Der Rechner f\u00fcr risikofreie Wetten\"}]},{\"@type\":\"WebSite\",\"@id\":\"https:\/\/doppelwetten.com\/#website\",\"url\":\"https:\/\/doppelwetten.com\/\",\"name\":\"DoppelWetten\",\"description\":\"risikolosen Wetten (Schritt f\u00fcr Schritt)\",\"publisher\":{\"@id\":\"https:\/\/doppelwetten.com\/#organization\"},\"potentialAction\":[{\"@type\":\"SearchAction\",\"target\":{\"@type\":\"EntryPoint\",\"urlTemplate\":\"https:\/\/doppelwetten.com\/?s={search_term_string}\"},\"query-input\":\"required name=search_term_string\"}],\"inLanguage\":\"de-DE\"},{\"@type\":\"Organization\",\"@id\":\"https:\/\/doppelwetten.com\/#organization\",\"name\":\"DoppelWetten\",\"url\":\"https:\/\/doppelwetten.com\/\",\"logo\":{\"@type\":\"ImageObject\",\"inLanguage\":\"de-DE\",\"@id\":\"https:\/\/doppelwetten.com\/#\/schema\/logo\/image\/\",\"url\":\"https:\/\/doppelwetten.com\/wp-content\/uploads\/2021\/05\/google-logo-size.png\",\"contentUrl\":\"https:\/\/doppelwetten.com\/wp-content\/uploads\/2021\/05\/google-logo-size.png\",\"caption\":\"DoppelWetten\"},\"image\":{\"@id\":\"https:\/\/doppelwetten.com\/#\/schema\/logo\/image\/\"},\"sameAs\":[\"https:\/\/twitter.com\/doppelwetten\"]}]}<\/script>\n<!-- \/ Yoast SEO plugin. -->","yoast_head_json":{"title":"Der Rechner f\u00fcr risikofreie Wetten - DoppelWetten","robots":{"index":"index","follow":"follow","max-snippet":"max-snippet:-1","max-image-preview":"max-image-preview:large","max-video-preview":"max-video-preview:-1"},"canonical":"https:\/\/doppelwetten.com\/de\/the-risk-free-equal-profit-calculator\/","og_locale":"de_DE","og_type":"article","og_title":"Der Rechner f\u00fcr risikofreie Wetten - DoppelWetten","og_description":"Dieser Rechner wird benutzt, um einen risikofreien, garantierten Gewinn aus einem \u201eWette x und bekomme eine x Freiwette, wenn die [&hellip;]","og_url":"https:\/\/doppelwetten.com\/de\/the-risk-free-equal-profit-calculator\/","og_site_name":"DoppelWetten","article_modified_time":"2019-09-27T05:19:49+00:00","og_image":[{"url":"https:\/\/doppelwetten.com\/wp-content\/uploads\/2019\/03\/risk-free-de.png"}],"twitter_card":"summary_large_image","twitter_site":"@doppelwetten","twitter_misc":{"Gesch\u00e4tzte Lesezeit":"4 Minuten"},"schema":{"@context":"https:\/\/schema.org","@graph":[{"@type":"WebPage","@id":"https:\/\/doppelwetten.com\/de\/the-risk-free-equal-profit-calculator\/","url":"https:\/\/doppelwetten.com\/de\/the-risk-free-equal-profit-calculator\/","name":"Der Rechner f\u00fcr risikofreie Wetten - DoppelWetten","isPartOf":{"@id":"https:\/\/doppelwetten.com\/#website"},"datePublished":"2019-03-20T10:26:47+00:00","dateModified":"2019-09-27T05:19:49+00:00","breadcrumb":{"@id":"https:\/\/doppelwetten.com\/de\/the-risk-free-equal-profit-calculator\/#breadcrumb"},"inLanguage":"de-DE","potentialAction":[{"@type":"ReadAction","target":["https:\/\/doppelwetten.com\/de\/the-risk-free-equal-profit-calculator\/"]}]},{"@type":"BreadcrumbList","@id":"https:\/\/doppelwetten.com\/de\/the-risk-free-equal-profit-calculator\/#breadcrumb","itemListElement":[{"@type":"ListItem","position":1,"name":"Home","item":"https:\/\/doppelwetten.com\/de\/"},{"@type":"ListItem","position":2,"name":"Der Rechner f\u00fcr risikofreie Wetten"}]},{"@type":"WebSite","@id":"https:\/\/doppelwetten.com\/#website","url":"https:\/\/doppelwetten.com\/","name":"DoppelWetten","description":"risikolosen Wetten (Schritt f\u00fcr Schritt)","publisher":{"@id":"https:\/\/doppelwetten.com\/#organization"},"potentialAction":[{"@type":"SearchAction","target":{"@type":"EntryPoint","urlTemplate":"https:\/\/doppelwetten.com\/?s={search_term_string}"},"query-input":"required name=search_term_string"}],"inLanguage":"de-DE"},{"@type":"Organization","@id":"https:\/\/doppelwetten.com\/#organization","name":"DoppelWetten","url":"https:\/\/doppelwetten.com\/","logo":{"@type":"ImageObject","inLanguage":"de-DE","@id":"https:\/\/doppelwetten.com\/#\/schema\/logo\/image\/","url":"https:\/\/doppelwetten.com\/wp-content\/uploads\/2021\/05\/google-logo-size.png","contentUrl":"https:\/\/doppelwetten.com\/wp-content\/uploads\/2021\/05\/google-logo-size.png","caption":"DoppelWetten"},"image":{"@id":"https:\/\/doppelwetten.com\/#\/schema\/logo\/image\/"},"sameAs":["https:\/\/twitter.com\/doppelwetten"]}]}},"_links":{"self":[{"href":"https:\/\/doppelwetten.com\/de\/wp-json\/wp\/v2\/pages\/14440"}],"collection":[{"href":"https:\/\/doppelwetten.com\/de\/wp-json\/wp\/v2\/pages"}],"about":[{"href":"https:\/\/doppelwetten.com\/de\/wp-json\/wp\/v2\/types\/page"}],"author":[{"embeddable":true,"href":"https:\/\/doppelwetten.com\/de\/wp-json\/wp\/v2\/users\/232"}],"replies":[{"embeddable":true,"href":"https:\/\/doppelwetten.com\/de\/wp-json\/wp\/v2\/comments?post=14440"}],"version-history":[{"count":6,"href":"https:\/\/doppelwetten.com\/de\/wp-json\/wp\/v2\/pages\/14440\/revisions"}],"predecessor-version":[{"id":21002,"href":"https:\/\/doppelwetten.com\/de\/wp-json\/wp\/v2\/pages\/14440\/revisions\/21002"}],"wp:attachment":[{"href":"https:\/\/doppelwetten.com\/de\/wp-json\/wp\/v2\/media?parent=14440"}],"curies":[{"name":"wp","href":"https:\/\/api.w.org\/{rel}","templated":true}]}}