{"id":14349,"date":"2019-03-19T03:25:00","date_gmt":"2019-03-19T03:25:00","guid":{"rendered":"https:\/\/doppelwetten.com\/der-trigger-wetten-rechner\/"},"modified":"2019-03-20T10:52:29","modified_gmt":"2019-03-20T10:52:29","slug":"der-trigger-wetten-rechner","status":"publish","type":"page","link":"https:\/\/doppelwetten.com\/de\/der-trigger-wetten-rechner\/","title":{"rendered":"Der Trigger Wetten Rechner"},"content":{"rendered":"<p>Mit dem <a href=\"https:\/\/doppelwetten.com\/de\/trigger-bet-rechner\/\">Trigger Wetten Rechner<\/a> kannst Du sicherstellen, dass Du einen garantierten Profit aus einem Trigger Wetten Angebot machst.<\/p>\n<p>F\u00fcr mehr Informationen \u00fcber Trigger Wetten Angebote und wie sie gespielt werden k\u00f6nnen, lies bitte unseren <a href=\"https:\/\/doppelwetten.com\/de\/knowledge-base\/trigger-wetten-angebote\/\">Trigger Wetten Leitfaden<\/a>.<\/p>\n<p>Der Trigger Wetten Rechner beinhaltet mehrere Optionen, Deinen Trigger Lay Einsatz und Profit zu berechnen, die alle in diesem Leitfaden erkl\u00e4rt werden.<\/p>\n<h1 style=\"text-align: center;\">Erste Ansicht<\/h1>\n<p>In dem Streenshot weiter unten kannst Du den Rechner komplett ausgef\u00fcllt sehen.<\/p>\n<p>Als Beispiel haben wir ein \u201aBore Draw\u2018-Angebot benutzt, mit einer Freiwette von bis zu 20\u20ac, falls das Spiel in einem torlosen Unentschieden endet.<\/p>\n<p>Wir setzen daher einen Back-Einsatz von 20\u20ac auf eine qualifizierende Auswahl und layen die Wette normal. Dann platzieren wir noch eine Trigger Lay-Wette gegen ein Ergebnis von 0-0.<\/p>\n<p><strong>Bitte beachte<\/strong>: wie in unserem Trigger Wetten Leitfaden erl\u00e4utert, kann unsere qualifizierende Wette nicht auf 0-0 oder ein Unentschieden sein, da das bedeuten w\u00fcrde, dass unsere Wette gewinnen w\u00fcrde, wenn das Spiel 0-0 ausgeht, und wir w\u00fcrden nicht die Freiwette bekommen.<\/p>\n<p><img loading=\"lazy\" class=\"alignnone size-full wp-image-14350\" src=\"https:\/\/doppelwetten.com\/wp-content\/uploads\/2019\/03\/trigger-bet-1.jpg\" alt=\"\" width=\"601\" height=\"661\" srcset=\"https:\/\/doppelwetten.com\/wp-content\/uploads\/2019\/03\/trigger-bet-1.jpg 601w, https:\/\/doppelwetten.com\/wp-content\/uploads\/2019\/03\/trigger-bet-1-273x300.jpg 273w\" sizes=\"(max-width: 601px) 100vw, 601px\" \/><\/p>\n<h1 style=\"text-align: center;\">Zeile f\u00fcr Zeile<\/h1>\n<p><strong>Blauer Back-Abschnitt<\/strong><\/p>\n<i class=\"icon-circle hb-icon-float-left hb-icon-small hb-icon\" style=\"color:#0099ff\"><\/i> <strong>Back-Einsatz<\/strong>: f\u00fcr ein Angebot, bei dem Du eine Freiwette im Wert Deiner qualifizierenden Wette bis zu 20\u20ac bekommst, w\u00e4re Dein Back-Einsatz 20\u20ac.<\/p>\n<i class=\"icon-circle hb-icon-float-left hb-icon-small hb-icon\" style=\"color:#0099ff\"><\/i> <strong>Back-Quote<\/strong>: gib die Buchmacher-Quote hier ein.<\/p>\n<i class=\"icon-circle hb-icon-float-left hb-icon-small hb-icon\" style=\"color:#0099ff\"><\/i> <strong>Betrag der Freiwette<\/strong>: der Wert Deiner potentiellen Freiwette; in diesem Fall 20\u20ac.<\/p>\n<i class=\"icon-circle hb-icon-float-left hb-icon-small hb-icon\" style=\"color:#0099ff\"><\/i> <strong>Profitanteil aus der Freiwette<\/strong>: der Profit, den Du voraussichtlich aus der Freiwette behalten wirst, als Prozentsatz des Wertes der Freiwette. Wie in unserem Leitfaden <a href=\"https:\/\/doppelwetten.com\/de\/knowledge-base\/warum-erhaelt-man-nicht-e10-beim-einsatz-einer-e10-gratiswette\/\">Warum erh\u00e4lt man nicht \u20ac10 beim Einsatz einer \u20ac10 Gratiswette? <\/a>erkl\u00e4rt, kannst Du im Allgemeinen davon ausgehen, dass Du einen Profit von 70% bis 80% des Wertes einer Freiwette machen wirst (abh\u00e4ngig von Faktoren wie den Quoten, die zu dem Zeitpunkt verf\u00fcgbar sind, an dem Du die Freiwette setzt, oder ob der Buchmacher die Wettsteuer berechnet). Manche Buchmacher haben Angebote, bei denen Du Deinen Einsatz nicht als Freiwette, sondern als \u201aCash\u2018 zur\u00fcck bekommst. Wenn das der Fall ist, ist der Profitanteil aus der Freiwette 100%. In unserem Beispiel haben wir 75% ausgew\u00e4hlt.<\/p>\n<i class=\"icon-circle hb-icon-float-left hb-icon-small hb-icon\" style=\"color:#0099ff\"><\/i> <strong>Back-Provision<\/strong>: wenn der Buchmacher die deutsche Wettsteuer abzieht, trage hier 5% ein.<\/p>\n<p><strong>Rosa Lay-Abschnitt<\/strong><\/p>\n<i class=\"icon-circle hb-icon-float-left hb-icon-small hb-icon\" style=\"color:#0099ff\"><\/i> <strong>Lay-Quote<\/strong>: trage die Quote bei der Wettb\u00f6rse f\u00fcr Deine Auswahl hier ein.<\/p>\n<i class=\"icon-circle hb-icon-float-left hb-icon-small hb-icon\" style=\"color:#0099ff\"><\/i> <strong>Lay-Provision<\/strong>: die Provision, die von Deiner Wettb\u00f6rse berechnet wird. Wir benutzen Matchbook, also haben wir 1,7% eingetragen.<\/p>\n<i class=\"icon-circle hb-icon-float-left hb-icon-small hb-icon\" style=\"color:#0099ff\"><\/i> <strong>Lay-Einsatz<\/strong>: dies wird von dem Rechner f\u00fcr Dich berechnet und ist genau das Gleiche wie Dein normaler Lay-Einsatz, der von dem normalen Matched Betting Rechner ausgerechnet w\u00fcrde.<\/p>\n<i class=\"icon-circle hb-icon-float-left hb-icon-small hb-icon\" style=\"color:#0099ff\"><\/i> <strong>Haftung<\/strong>: Deine Haftung bei der Wettb\u00f6rse, falls Deine Lay-Wette verliert. Denke daran, dass Deine Back-Wette in dem Fall gewinnen w\u00fcrde. Du kannst mehr Einzelheiten zu den Betr\u00e4gen in dem Teil \u201eProfit-Aufschl\u00fcsselung\u201d, der weiter unten erkl\u00e4rt wird, sehen.<\/p>\n<p><strong>Grauer Trigger Wetten Lay-Abschnitt<\/strong><\/p>\n<i class=\"icon-circle hb-icon-float-left hb-icon-small hb-icon\" style=\"color:#0099ff\"><\/i> <strong>Methode<\/strong>: in dem Dropdown kannst Du gem\u00e4\u00df dem folgenden Screenshot zwischen \u201eNormal\u201d, \u201eUnderlay\u201d, \u201eOverlay\u201d und \u201eKein Lay\u201d w\u00e4hlen. Weiter unten in diesem Leitfaden werde ich n\u00e4her erkl\u00e4ren, wie man zwischen den verschiedenen Methoden w\u00e4hlt.<\/p>\n<p><img loading=\"lazy\" class=\"alignnone size-full wp-image-14353\" src=\"https:\/\/doppelwetten.com\/wp-content\/uploads\/2019\/03\/trigger-lay-1.jpg\" alt=\"\" width=\"452\" height=\"176\" srcset=\"https:\/\/doppelwetten.com\/wp-content\/uploads\/2019\/03\/trigger-lay-1.jpg 452w, https:\/\/doppelwetten.com\/wp-content\/uploads\/2019\/03\/trigger-lay-1-300x117.jpg 300w\" sizes=\"(max-width: 452px) 100vw, 452px\" \/><\/p>\n<i class=\"icon-circle hb-icon-float-left hb-icon-small hb-icon\" style=\"color:#0099ff\"><\/i> <strong>Lay-Provision<\/strong>: trage hier die Provision ein, die von Deiner Wettb\u00f6rse berechnet wird. Vielleicht benutzt Du f\u00fcr die Trigger Lay-Wette eine andere Wettb\u00f6rse (z. B. wenn der Markt \u201egenaues Ergebnis\u201d bei Matchbook nicht verf\u00fcgbar ist), und es ist daher n\u00fctzlich, eine andere Lay-Provision eingeben zu k\u00f6nnen. In unserem Beispiel haben wir 3% eingetragen.<\/p>\n<i class=\"icon-circle hb-icon-float-left hb-icon-small hb-icon\" style=\"color:#0099ff\"><\/i> <strong>Lay-Quote<\/strong>: trage die Quote f\u00fcr den Trigger bei der Wettb\u00f6rse hier ein, d. h. was immer die Lay-Quote f\u00fcr das genaue Ergebnis 0-0 bei Deiner Wettb\u00f6rse ist.<\/p>\n<i class=\"icon-circle hb-icon-float-left hb-icon-small hb-icon\" style=\"color:#0099ff\"><\/i> <strong>Haftung<\/strong>: hier wird Deine Haftung f\u00fcr die Trigger Lay-Wette angezeigt, falls die Wette verliert (was auch hei\u00dft, dass Du Deine Freiwette von dem Buchmacher bekommst).<\/p>\n<i class=\"icon-circle hb-icon-float-left hb-icon-small hb-icon\" style=\"color:#0099ff\"><\/i> <strong>Lay-Einsatz<\/strong>: der Betrag, den Du bei Deiner Wettb\u00f6rse setzen solltest, um den Trigger zu layen. In diesem Fall layst Du das genaue Ergebnis 0-0.<\/p>\n<p><strong>Abschnitt Profit-Aufschl\u00fcsselung<\/strong><\/p>\n<p>In diesem Abschnitt siehst Du detaillierte Betr\u00e4ge zu allen m\u00f6glichen Ausg\u00e4ngen Deiner Wetten.<\/p>\n<i class=\"icon-circle hb-icon-float-left hb-icon-small hb-icon\" style=\"color:#0099ff\"><\/i> <strong>Wenn die Wette gewinnt<\/strong>: f\u00fcr \u201eWenn die Wette gewinnt\u201d gibt es lediglich eine Reihe, da bei einem Gewinn Deiner Back-Wette dies automatisch bedeutet, dass Deine Trigger Lay-Wette ebenfalls gewinnt, da sich die beiden Ergebnisse gegenseitig ausschlie\u00dfen. Wenn Du Deine Back-Wette auf ein Ergebnis, dass nicht ein Unentschieden oder 0-0 ist, platziert hast, und sie gewinnt, kann das Ergebnis nicht 0-0 sein, und daher wird Deine Trigger Lay-Wette auch gewonnen haben. Und weil das Ergebnis nicht 0-0 war, bekommst Du auch nicht Deine Freiwette. In der Buchmacher-Spalte kannst Du Deinen Gewinn aus der Back-Wette sehen, ggf. minus Provision, und in der Wettb\u00f6rsen-Spalte wird Deine Haftung aus der qualifizierenden Wette angezeigt. Die Trigger Lay Wetten-Spalte zeigt Deinen Gewinn aus der Trigger-Wette an, minus der Trigger Lay-Provision.<\/p>\n<i class=\"icon-circle hb-icon-float-left hb-icon-small hb-icon\" style=\"color:#0099ff\"><\/i> <strong>Wette verliert und Trigger gewinnt<\/strong>: zeigt Deinen verlorenen Back-Einsatz, den Lay-Einsatz, den Du gewonnen hast (minus Lay-Provision), und da der Trigger gewonnen hat (das Ergebnis war 0-0), verlierst Du auch Deinen Trigger Lay-Einsatz, aber Du bekommst Deine Freiwette von dem Buchmacher.<\/p>\n<i class=\"icon-circle hb-icon-float-left hb-icon-small hb-icon\" style=\"color:#0099ff\"><\/i> <strong>Wette verliert und Trigger verliert<\/strong>: zeigt Deinen verlorenen Back-Einsatz, den Lay-Einsatz, den Du gewonnen hast (minus Lay-Provision), und da der Trigger verloren hat (das Ergebnis war nicht 0-0), gewinnst Du Deine Trigger Lay-Wette (minus Trigger Lay-Provision), Du bekommst jedoch nicht Deine Freiwette.<\/p>\n<i class=\"icon-circle hb-icon-float-left hb-icon-small hb-icon\" style=\"color:#0099ff\"><\/i> <strong>Gesamt-Spalte<\/strong>: hier werden die Gesamtbetr\u00e4ge der jeweiligen Reihen angezeigt. Im \u201aNormalen\u2018 Modus sind die Gesamtbetr\u00e4ge f\u00fcr alle m\u00f6glichen Ausg\u00e4nge gleich, und bei den \u201aUnderlay\u2018, \u201aOverlay\u2018 und \u201aKein Lay\u2018 Modi ergeben sich jeweils unterschiedliche Gesamtbetr\u00e4ge. Dies wird im n\u00e4chsten Abschnitt n\u00e4her erl\u00e4utert.<\/p>\n<p><strong>Zwischen den verschiedenen Methoden ausw\u00e4hlen<\/strong><\/p>\n<i class=\"icon-circle hb-icon-float-left hb-icon-small hb-icon\" style=\"color:#0099ff\"><\/i> <strong>Normale Methode<\/strong>: wenn Du diese Methode w\u00e4hlst, hast Du immer den gleichen Profit, egal ob der Trigger gewinnt oder verliert.<\/p>\n<p><img loading=\"lazy\" class=\"alignnone size-full wp-image-14355\" src=\"https:\/\/doppelwetten.com\/wp-content\/uploads\/2019\/03\/profit-2.jpg\" alt=\"\" width=\"601\" height=\"183\" srcset=\"https:\/\/doppelwetten.com\/wp-content\/uploads\/2019\/03\/profit-2.jpg 601w, https:\/\/doppelwetten.com\/wp-content\/uploads\/2019\/03\/profit-2-300x91.jpg 300w\" sizes=\"(max-width: 601px) 100vw, 601px\" \/><\/p>\n<i class=\"icon-circle hb-icon-float-left hb-icon-small hb-icon\" style=\"color:#0099ff\"><\/i> <strong>Underlay-Methode<\/strong>: bei dieser Methode machst Du nur dann einen Profit, wenn der Trigger eintritt. Wenn er nicht eintritt, ist Dein Profit\/Verlust null.<\/p>\n<p><img loading=\"lazy\" class=\"alignnone size-full wp-image-14357\" src=\"https:\/\/doppelwetten.com\/wp-content\/uploads\/2019\/03\/profit-3.jpg\" alt=\"\" width=\"601\" height=\"183\" srcset=\"https:\/\/doppelwetten.com\/wp-content\/uploads\/2019\/03\/profit-3.jpg 601w, https:\/\/doppelwetten.com\/wp-content\/uploads\/2019\/03\/profit-3-300x91.jpg 300w\" sizes=\"(max-width: 601px) 100vw, 601px\" \/><\/p>\n<i class=\"icon-circle hb-icon-float-left hb-icon-small hb-icon\" style=\"color:#0099ff\"><\/i> Overlay-Methode: bei dieser Methode machst Du nur dann einen Profit, wenn der Trigger nicht eintritt. Wenn er doch eintritt, ist Dein Profit\/Verlust null.<\/p>\n<p><img loading=\"lazy\" class=\"alignnone size-full wp-image-14359\" src=\"https:\/\/doppelwetten.com\/wp-content\/uploads\/2019\/03\/profit-4.jpg\" alt=\"\" width=\"601\" height=\"183\" srcset=\"https:\/\/doppelwetten.com\/wp-content\/uploads\/2019\/03\/profit-4.jpg 601w, https:\/\/doppelwetten.com\/wp-content\/uploads\/2019\/03\/profit-4-300x91.jpg 300w\" sizes=\"(max-width: 601px) 100vw, 601px\" \/><\/p>\n<i class=\"icon-circle hb-icon-float-left hb-icon-small hb-icon\" style=\"color:#0099ff\"><\/i> <strong>Kein Lay-Methode<\/strong>: bei dieser Methode hast Du einen qualifizierenden Verlust, wenn der Trigger nicht eintritt, und wenn er doch eintritt, hast Du den Profit aus der Freiwette abz\u00fcglich Deinem qualifizierenden Verlust. Wie du sehen kannst, resultiert dies potentiell in dem h\u00f6chsten Profit.<\/p>\n<p><img loading=\"lazy\" class=\"alignnone size-full wp-image-14361\" src=\"https:\/\/doppelwetten.com\/wp-content\/uploads\/2019\/03\/profit-5.jpg\" alt=\"\" width=\"601\" height=\"183\" srcset=\"https:\/\/doppelwetten.com\/wp-content\/uploads\/2019\/03\/profit-5.jpg 601w, https:\/\/doppelwetten.com\/wp-content\/uploads\/2019\/03\/profit-5-300x91.jpg 300w\" sizes=\"(max-width: 601px) 100vw, 601px\" \/><\/p>\n<p><strong>Wie kannst Du zwischen den verschiedenen Methoden ausw\u00e4hlen?<\/strong> Dies h\u00e4ngt von Deiner pers\u00f6nlichen Risikobereitschaft ab, und auch davon, f\u00fcr wie wahrscheinlich Du es h\u00e4ltst, dass ein bestimmter Trigger eintritt. Wenn Du denkst, dass er wahrscheinlich eintreten wird, k\u00f6nntest Du die Underlay-Methode probieren, da dies potentiell einen h\u00f6heren Profit ergibt, als wenn Du die normale Methode anwenden w\u00fcrdest.<\/p>\n<p>Wenn Du jedoch denkst, dass der Trigger wahrscheinlich nicht eintreten wird, m\u00f6chtest Du vielleicht die Overlay-Methode probieren. Die Kein Lay-Methode k\u00f6nnte Deine einzige Option sein, wenn der Trigger nicht gelayed werden kann, z. B. wenn der Markt genaues Ergebnis bei der Wettb\u00f6rse nicht verf\u00fcgbar ist.<\/p>\n<p>Falls Du irgendwelche Fragen zu diesem Leitfaden hast, stelle sie bitte im <a href=\"https:\/\/forum.doppelwetten.com\/\">Forum<\/a>.<\/p>\n","protected":false},"excerpt":{"rendered":"<p>Mit dem Trigger Wetten Rechner kannst Du sicherstellen, dass Du einen garantierten Profit aus einem Trigger Wetten Angebot machst. F\u00fcr [&hellip;]<\/p>\n","protected":false},"author":232,"featured_media":0,"parent":0,"menu_order":0,"comment_status":"closed","ping_status":"closed","template":"","meta":{"_mi_skip_tracking":false},"yoast_head":"<!-- This site is optimized with the Yoast SEO plugin v19.13 - https:\/\/yoast.com\/wordpress\/plugins\/seo\/ -->\n<title>Der Trigger Wetten Rechner - DoppelWetten<\/title>\n<meta name=\"robots\" content=\"index, follow, max-snippet:-1, max-image-preview:large, max-video-preview:-1\" \/>\n<link rel=\"canonical\" href=\"https:\/\/doppelwetten.com\/de\/der-trigger-wetten-rechner\/\" \/>\n<meta property=\"og:locale\" content=\"de_DE\" \/>\n<meta property=\"og:type\" content=\"article\" \/>\n<meta property=\"og:title\" content=\"Der Trigger Wetten Rechner - DoppelWetten\" \/>\n<meta property=\"og:description\" content=\"Mit dem Trigger Wetten Rechner kannst Du sicherstellen, dass Du einen garantierten Profit aus einem Trigger Wetten Angebot machst. F\u00fcr [&hellip;]\" \/>\n<meta property=\"og:url\" content=\"https:\/\/doppelwetten.com\/de\/der-trigger-wetten-rechner\/\" \/>\n<meta property=\"og:site_name\" content=\"DoppelWetten\" \/>\n<meta property=\"article:modified_time\" content=\"2019-03-20T10:52:29+00:00\" \/>\n<meta property=\"og:image\" content=\"https:\/\/doppelwetten.com\/wp-content\/uploads\/2019\/03\/trigger-bet-1.jpg\" \/>\n<meta name=\"twitter:card\" content=\"summary_large_image\" \/>\n<meta name=\"twitter:site\" content=\"@doppelwetten\" \/>\n<meta name=\"twitter:label1\" content=\"Gesch\u00e4tzte Lesezeit\" \/>\n\t<meta name=\"twitter:data1\" content=\"7 Minuten\" \/>\n<script type=\"application\/ld+json\" class=\"yoast-schema-graph\">{\"@context\":\"https:\/\/schema.org\",\"@graph\":[{\"@type\":\"WebPage\",\"@id\":\"https:\/\/doppelwetten.com\/de\/der-trigger-wetten-rechner\/\",\"url\":\"https:\/\/doppelwetten.com\/de\/der-trigger-wetten-rechner\/\",\"name\":\"Der Trigger Wetten Rechner - DoppelWetten\",\"isPartOf\":{\"@id\":\"https:\/\/doppelwetten.com\/#website\"},\"datePublished\":\"2019-03-19T03:25:00+00:00\",\"dateModified\":\"2019-03-20T10:52:29+00:00\",\"breadcrumb\":{\"@id\":\"https:\/\/doppelwetten.com\/de\/der-trigger-wetten-rechner\/#breadcrumb\"},\"inLanguage\":\"de-DE\",\"potentialAction\":[{\"@type\":\"ReadAction\",\"target\":[\"https:\/\/doppelwetten.com\/de\/der-trigger-wetten-rechner\/\"]}]},{\"@type\":\"BreadcrumbList\",\"@id\":\"https:\/\/doppelwetten.com\/de\/der-trigger-wetten-rechner\/#breadcrumb\",\"itemListElement\":[{\"@type\":\"ListItem\",\"position\":1,\"name\":\"Home\",\"item\":\"https:\/\/doppelwetten.com\/de\/\"},{\"@type\":\"ListItem\",\"position\":2,\"name\":\"Der Trigger Wetten Rechner\"}]},{\"@type\":\"WebSite\",\"@id\":\"https:\/\/doppelwetten.com\/#website\",\"url\":\"https:\/\/doppelwetten.com\/\",\"name\":\"DoppelWetten\",\"description\":\"risikolosen Wetten (Schritt f\u00fcr Schritt)\",\"publisher\":{\"@id\":\"https:\/\/doppelwetten.com\/#organization\"},\"potentialAction\":[{\"@type\":\"SearchAction\",\"target\":{\"@type\":\"EntryPoint\",\"urlTemplate\":\"https:\/\/doppelwetten.com\/?s={search_term_string}\"},\"query-input\":\"required name=search_term_string\"}],\"inLanguage\":\"de-DE\"},{\"@type\":\"Organization\",\"@id\":\"https:\/\/doppelwetten.com\/#organization\",\"name\":\"DoppelWetten\",\"url\":\"https:\/\/doppelwetten.com\/\",\"logo\":{\"@type\":\"ImageObject\",\"inLanguage\":\"de-DE\",\"@id\":\"https:\/\/doppelwetten.com\/#\/schema\/logo\/image\/\",\"url\":\"https:\/\/doppelwetten.com\/wp-content\/uploads\/2021\/05\/google-logo-size.png\",\"contentUrl\":\"https:\/\/doppelwetten.com\/wp-content\/uploads\/2021\/05\/google-logo-size.png\",\"caption\":\"DoppelWetten\"},\"image\":{\"@id\":\"https:\/\/doppelwetten.com\/#\/schema\/logo\/image\/\"},\"sameAs\":[\"https:\/\/twitter.com\/doppelwetten\"]}]}<\/script>\n<!-- \/ Yoast SEO plugin. -->","yoast_head_json":{"title":"Der Trigger Wetten Rechner - DoppelWetten","robots":{"index":"index","follow":"follow","max-snippet":"max-snippet:-1","max-image-preview":"max-image-preview:large","max-video-preview":"max-video-preview:-1"},"canonical":"https:\/\/doppelwetten.com\/de\/der-trigger-wetten-rechner\/","og_locale":"de_DE","og_type":"article","og_title":"Der Trigger Wetten Rechner - DoppelWetten","og_description":"Mit dem Trigger Wetten Rechner kannst Du sicherstellen, dass Du einen garantierten Profit aus einem Trigger Wetten Angebot machst. F\u00fcr [&hellip;]","og_url":"https:\/\/doppelwetten.com\/de\/der-trigger-wetten-rechner\/","og_site_name":"DoppelWetten","article_modified_time":"2019-03-20T10:52:29+00:00","og_image":[{"url":"https:\/\/doppelwetten.com\/wp-content\/uploads\/2019\/03\/trigger-bet-1.jpg"}],"twitter_card":"summary_large_image","twitter_site":"@doppelwetten","twitter_misc":{"Gesch\u00e4tzte Lesezeit":"7 Minuten"},"schema":{"@context":"https:\/\/schema.org","@graph":[{"@type":"WebPage","@id":"https:\/\/doppelwetten.com\/de\/der-trigger-wetten-rechner\/","url":"https:\/\/doppelwetten.com\/de\/der-trigger-wetten-rechner\/","name":"Der Trigger Wetten Rechner - DoppelWetten","isPartOf":{"@id":"https:\/\/doppelwetten.com\/#website"},"datePublished":"2019-03-19T03:25:00+00:00","dateModified":"2019-03-20T10:52:29+00:00","breadcrumb":{"@id":"https:\/\/doppelwetten.com\/de\/der-trigger-wetten-rechner\/#breadcrumb"},"inLanguage":"de-DE","potentialAction":[{"@type":"ReadAction","target":["https:\/\/doppelwetten.com\/de\/der-trigger-wetten-rechner\/"]}]},{"@type":"BreadcrumbList","@id":"https:\/\/doppelwetten.com\/de\/der-trigger-wetten-rechner\/#breadcrumb","itemListElement":[{"@type":"ListItem","position":1,"name":"Home","item":"https:\/\/doppelwetten.com\/de\/"},{"@type":"ListItem","position":2,"name":"Der Trigger Wetten Rechner"}]},{"@type":"WebSite","@id":"https:\/\/doppelwetten.com\/#website","url":"https:\/\/doppelwetten.com\/","name":"DoppelWetten","description":"risikolosen Wetten (Schritt f\u00fcr Schritt)","publisher":{"@id":"https:\/\/doppelwetten.com\/#organization"},"potentialAction":[{"@type":"SearchAction","target":{"@type":"EntryPoint","urlTemplate":"https:\/\/doppelwetten.com\/?s={search_term_string}"},"query-input":"required name=search_term_string"}],"inLanguage":"de-DE"},{"@type":"Organization","@id":"https:\/\/doppelwetten.com\/#organization","name":"DoppelWetten","url":"https:\/\/doppelwetten.com\/","logo":{"@type":"ImageObject","inLanguage":"de-DE","@id":"https:\/\/doppelwetten.com\/#\/schema\/logo\/image\/","url":"https:\/\/doppelwetten.com\/wp-content\/uploads\/2021\/05\/google-logo-size.png","contentUrl":"https:\/\/doppelwetten.com\/wp-content\/uploads\/2021\/05\/google-logo-size.png","caption":"DoppelWetten"},"image":{"@id":"https:\/\/doppelwetten.com\/#\/schema\/logo\/image\/"},"sameAs":["https:\/\/twitter.com\/doppelwetten"]}]}},"_links":{"self":[{"href":"https:\/\/doppelwetten.com\/de\/wp-json\/wp\/v2\/pages\/14349"}],"collection":[{"href":"https:\/\/doppelwetten.com\/de\/wp-json\/wp\/v2\/pages"}],"about":[{"href":"https:\/\/doppelwetten.com\/de\/wp-json\/wp\/v2\/types\/page"}],"author":[{"embeddable":true,"href":"https:\/\/doppelwetten.com\/de\/wp-json\/wp\/v2\/users\/232"}],"replies":[{"embeddable":true,"href":"https:\/\/doppelwetten.com\/de\/wp-json\/wp\/v2\/comments?post=14349"}],"version-history":[{"count":3,"href":"https:\/\/doppelwetten.com\/de\/wp-json\/wp\/v2\/pages\/14349\/revisions"}],"predecessor-version":[{"id":14448,"href":"https:\/\/doppelwetten.com\/de\/wp-json\/wp\/v2\/pages\/14349\/revisions\/14448"}],"wp:attachment":[{"href":"https:\/\/doppelwetten.com\/de\/wp-json\/wp\/v2\/media?parent=14349"}],"curies":[{"name":"wp","href":"https:\/\/api.w.org\/{rel}","templated":true}]}}