{"id":14229,"date":"2019-03-15T20:34:27","date_gmt":"2019-03-15T20:34:27","guid":{"rendered":"https:\/\/doppelwetten.com\/matched-betting-profit-tracker\/"},"modified":"2021-11-19T00:16:39","modified_gmt":"2021-11-19T00:16:39","slug":"matched-betting-profit-tracker","status":"publish","type":"page","link":"https:\/\/doppelwetten.com\/de\/matched-betting-profit-tracker\/","title":{"rendered":"Matched Betting Profit-Tracker"},"content":{"rendered":"\n\n\t<div class=\"shortcode-wrapper shortcode-content-box clearfix\"><div class=\"hb-box-cont light-style\" style=\"background-color: #4c89bf\"><div class=\"hb-box-cont-body\">Wie kannst Du Deinen Gewinn aus Matched Betting am besten verfolgen?<\/p>\n<p>Das Beste am Matched Betting ist sicherlich, zu sehen, wie Deine <strong>Verdienste Monat um Monat anwachsen<\/strong>.<\/p>\n<p>Dieser Leitfaden liefert Dir einen <strong>einfachen und leicht zu benutzenden Profit-Tracker<\/strong>.<\/p>\n<p>Fangen wir an.<\/p>\n<\/div><\/div><\/div>\n<h1>Matched Betting Profit-Tracker<\/h1>\n<p>Deinen Matched Betting Verlauf nachzuhalten macht nicht nur Spa\u00df, sondern kann Deinen Gewinn sogar noch erh\u00f6hen.<\/p>\n<p>Normalerweise ist das Eintippen von Zahlen in eine Excel-Tabelle nicht gerade die angenehmste Zeitbesch\u00e4ftigung, aber sobald Du anf\u00e4ngst, den Verlauf Deines monatlichen Matched Betting Gewinns zu sehen, lohnt es sich eigentlich ganz sch\u00f6n.<\/p>\n<p>Au\u00dferdem ist es wichtig, alles organisiert zu halten, damit Du keine <a href=\"https:\/\/doppelwetten.com\/de\/knowledge-base\/warum-erhaelt-man-nicht-e10-beim-einsatz-einer-e10-gratiswette\/\">Freiwette<\/a> verpasst, f\u00fcr die Du Dich bereits qualifiziert hast oder den \u00dcberblick dar\u00fcber verlierst, wie viele Wetten Du noch abschlie\u00dfen musst, bevor Du ein Neukundenangebot abgeschlossen hast.<\/p>\n<p>Dieser Leitfaden zeigt Dir einen Weg, all das oben genannte zu tun, ohne zu viel Zeit mit Dateneingaben zu verbringen.<\/p>\n<p>Dies ist eine relativ <strong>einfache und leicht zu bedienende<\/strong> Excel-Tabelle, die mir in den letzten 4 Matched Betting Jahren gute Dienste geleistet hat.<\/p>\n<p>Im Laufe der Zeit habe ich zwar kleinere Ver\u00e4nderungen vorgenommen, aber im Gro\u00dfen und Ganzen ist sie die gleiche Excel-Tabelle, die ich benutzt habe, als ich mit Matched Betting angefangen habe.<\/p>\n<h2>Den Profit-Tracker herunterladen<\/h2>\n<p>Du kannst den Profit-Tracker \u00fcber diesen Link herunterladen: <a href=\"https:\/\/doppelwetten.com\/wp-content\/uploads\/2019\/03\/Matched-Betting-Profit-Tracker-Spread-Sheet_DE-1.xlsx\">Matched Betting Profit Tracker Spread Sheet<\/a>.<\/p>\n<p>Oder indem Du auf das Excel-Logo klickst.<\/p>\n<p><a href=\"https:\/\/doppelwetten.com\/wp-content\/uploads\/2019\/03\/Matched-Betting-Profit-Tracker-Spread-Sheet_DE-1.xlsx\"><img loading=\"lazy\" src=\"https:\/\/doppelwetten.com\/wp-content\/uploads\/2019\/03\/excel.png\" alt=\"Matched Betting Profit Tracker\" width=\"227\" height=\"222\" \/><\/a><\/p>\n<h2><strong>Die 4 Reiter<\/strong><\/h2>\n<p>Wenn Du die Tabelle \u00f6ffnest und auf den unteren Rand des Bildschirms guckst, siehst Du vier Reiter.<\/p>\n<i class=\"hb-moon-seven-segment-1 hb-icon-float-left hb-icon-medium hb-icon\" style=\"color:#0099ff\"><\/i>Matchbet pl<\/p>\n<i class=\"hb-moon-seven-segment-2 hb-icon-float-left hb-icon-medium hb-icon\" style=\"color:#0099ff\"><\/i>Statistiken<\/p>\n<i class=\"hb-moon-seven-segment-3 hb-icon-float-left hb-icon-medium hb-icon\" style=\"color:#0099ff\"><\/i>Anmeldedaten<\/p>\n<i class=\"hb-moon-seven-segment-4 hb-icon-float-left hb-icon-medium hb-icon\" style=\"color:#0099ff\"><\/i>Neukundenangebote &#8211; Verlauf<\/p>\n<p><img loading=\"lazy\" src=\"https:\/\/doppelwetten.com\/wp-content\/uploads\/2019\/03\/93.png\" alt=\"Matched Betting Profit Tracker\" width=\"647\" height=\"36\" \/><\/p>\n<p>Jeder Reiter hat eine andere Funktion und wird unten im Einzelnen erl\u00e4utert.<\/p>\n<h2><strong>Matchbet pl<\/strong><\/h2>\n<p>Der erste Reiter ist der, den Du am meisten benutzen wirst.<\/p>\n<p>Hier verfolgst Du alle Deine Matched Wetten und Deinen monatlichen Profit.<\/p>\n<i class=\"icon-circle hb-icon-float-left hb-icon-small hb-icon\" style=\"color:#0099ff\"><\/i><strong>Datum<\/strong>: das Datum, an dem das Ereignis stattfindet.<\/p>\n<i class=\"icon-circle hb-icon-float-left hb-icon-small hb-icon\" style=\"color:#0099ff\"><\/i><strong>Gepr\u00fcft<\/strong>: in diese Spalte tr\u00e4gst Du ein Kreuz ein, wenn das Ereignis stattgefunden hat und Du gepr\u00fcft hast, dass alles richtig ist, z. B. Dein Gewinn.<\/p>\n<i class=\"icon-circle hb-icon-float-left hb-icon-small hb-icon\" style=\"color:#0099ff\"><\/i><strong>Spiel<\/strong>: trage hier das Ereignis ein, auf das Du eine Matched Wette platziert hast.<\/p>\n<i class=\"icon-circle hb-icon-float-left hb-icon-small hb-icon\" style=\"color:#0099ff\"><\/i><strong>Auswahl<\/strong>: f\u00fcge das Ergebnis von dem Ereignis, auf das Du eine Matched Wette platziert hast, hier hinzu.<\/p>\n<i class=\"icon-circle hb-icon-float-left hb-icon-small hb-icon\" style=\"color:#0099ff\"><\/i><strong>Angebot<\/strong>: trage besondere Einzelheiten des Angebots ein, deren Du Dir bewusst sein musst. Beispielsweise k\u00f6nntest Du eine Freiwette bekommen, falls die Back-Wette verliert. Trage das hier ein. Falls Deine Back-Wette verliert, mache Dir eine Notiz unter der blauen Reihe, dass Du auf eine Freiwette, z. B. von Bet365, wartest, um sicherzustellen, dass Du nicht vergisst, Deine Freiwetten zu nutzen.<\/p>\n<i class=\"icon-circle hb-icon-float-left hb-icon-small hb-icon\" style=\"color:#0099ff\"><\/i><strong>Art<\/strong>: vermerke, welche Art von Wette Du platziert hast, z. B. eine qualifizierende Wette.<\/p>\n<i class=\"icon-circle hb-icon-float-left hb-icon-small hb-icon\" style=\"color:#0099ff\"><\/i><strong>Back<\/strong>: trage hier den Buchmacher ein, bei dem Du Deine Back-Wette platziert hast.<\/p>\n<i class=\"icon-circle hb-icon-float-left hb-icon-small hb-icon\" style=\"color:#0099ff\"><\/i><strong>Lay<\/strong>: trage hier die Wettb\u00f6rse ein, bei der Du Deine Lay-Wette platziert hast.<\/p>\n<i class=\"icon-circle hb-icon-float-left hb-icon-small hb-icon\" style=\"color:#0099ff\"><\/i><strong>Ergebnis<\/strong>: f\u00fcge schlie\u00dflich das Ergebnis Deiner Wette ein, z. B. wie viel Du von Deiner Freiwette verdienen wirst. Das Ergebnis wird Dir von dem Rechner, den Du benutzt hast, angezeigt.<\/p>\n<p>Unter der blauen Linie \u201eFreiwetten&#8220; tr\u00e4gst Du Freiwetten ein, f\u00fcr die Du Dich qualifiziert hast, die Du jedoch noch nicht erhalten hast.<\/p>\n<p>Es w\u00e4re doch schade, sich f\u00fcr eine Freiwette zu qualifizieren und sie dann nicht zu nutzen.<\/p>\n<p><img loading=\"lazy\" src=\"https:\/\/doppelwetten.com\/wp-content\/uploads\/2019\/03\/95.png\" alt=\"Matched Betting Profit Tracker\" width=\"1128\" height=\"72\" \/><\/p>\n<p>Die gelben Boxen oben links rechnen Deinen monatlichen sowie Gesamtprofit auf.<\/p>\n<p>Der monatliche Profit wird automatisch aus der Spalte \u201eErgebnis&#8220; \u00fcbertragen, und der Gesamtprofit wird automatisch von dem Reiter \u201eStatistiken&#8220; \u00fcbertragen.<\/p>\n<p><img loading=\"lazy\" src=\"https:\/\/doppelwetten.com\/wp-content\/uploads\/2019\/03\/96.png\" alt=\"Matched Betting Profit Tracker\" width=\"997\" height=\"305\" \/><\/p>\n<h2><strong>Statistiken<\/strong><\/h2>\n<p>Der Zweck des Statistiken-Reiters ist es, einen \u00dcberblick \u00fcber die Finanzen sowie das Wettverhalten zu schaffen.<\/p>\n<i class=\"hb-moon-seven-segment-1 hb-icon-float-left hb-icon-medium hb-icon\" style=\"color:#0099ff\"><\/i>Die Wetten, die Du unter dem Matchbet pl Reiter eintr\u00e4gst, werden automatisch hier registriert. Es ist sinnvoll, dies zu tun, um zu sehen, welche Buchmacher Du am meisten nutzt, und bei denen Du daher besonders vorsichtig sein musst, um nicht von ihnen <a href=\"https:\/\/doppelwetten.com\/de\/knowledge-base\/kontoerhaltung\/\">gegubbt<\/a> zu werden.<\/p>\n<p>Beachte, dass Du<a href=\"https:\/\/doppelwetten.com\/de\/neukunden-angebote\/\"> neue Buchmacher<\/a> manuell hinzuf\u00fcgen musst. Du kannst dies tun, indem Du die Formel =COUNTIF(&#8218;Matchbet pl&#8216;!$H$5:$H$8504;&#8220;<strong>mobilebet<\/strong>&#8222;) in eine neue Zelle kopierst und den Namen des Buchmachers \u00e4nderst.<\/p>\n<i class=\"hb-moon-seven-segment-2 hb-icon-float-left hb-icon-medium hb-icon\" style=\"color:#0099ff\"><\/i>In diesem Abschnitt kannst Du Deine Zahlungsmethode eintragen. Dies ist daher n\u00fctzlich, da Du eine Auszahlung fast immer mit derselben Karte oder auf dasselbe Konto vornehmen musst wie bei der Einzahlung.<\/p>\n<p>Du kannst auch ausstehende Auszahlungen verfolgen, damit Du sp\u00e4ter Dein Konto \u00fcberpr\u00fcfen und sicherstellen kannst, dass Du Dein Geld tats\u00e4chlich erhalten hast.<\/p>\n<p>Es ist auch n\u00fctzlich, die Geldbetr\u00e4ge nachzuhalten, die Du in jedem Buchmacherkonto hast. Ich aktualisiere diesen Abschnitt normalerweise einmal im Monat. Wenn Du Deinen gesamten Einzahlungs-\/Auszahlungsbetrag unter Abschnitt 3 von Deinem Saldo in Abschnitt 2 abziehst, sollte dies Deinem Gesamtprofit entsprechen. So kannst Du schnell pr\u00fcfen, ob alles stimmt.<\/p>\n<i class=\"hb-moon-seven-segment-3 hb-icon-float-left hb-icon-medium hb-icon\" style=\"color:#0099ff\"><\/i>In diesem Abschnitt kannst Du das Geld vermerken, das Du bei Deinen verschiedenen Buchmacherkonten ein- und auszahlst.<\/p>\n<i class=\"hb-moon-seven-segment-4 hb-icon-float-left hb-icon-medium hb-icon\" style=\"color:#0099ff\"><\/i>Hier kannst Du Deinen Gesamtprofit sehen. Die Zahlen werden von Abschnitt 5 hinzugef\u00fcgt.<\/p>\n<i class=\"hb-moon-seven-segment-5 hb-icon-float-left hb-icon-medium hb-icon\" style=\"color:#0099ff\"><\/i>In diesem Abschnitt kannst Du Deinen monatlichen Profit hinzuf\u00fcgen. Auf diesem Weg kannst Du den Fortschritt, den Du machst, indem Du mehr Buchmacherkonten er\u00f6ffnest und an mehr Angeboten teilnimmst, gut sehen.<\/p>\n<h2><strong>Anmeldedaten<\/strong><\/h2>\n<p>Dieser Reiter erkl\u00e4rt sich eigentlich selbst.<\/p>\n<p>Bei so <a href=\"https:\/\/doppelwetten.com\/de\/neukunden-angebote\/\">vielen Buchmacherkonten<\/a> kann es sehr schwierig werden, alle Benutzernamen und Passw\u00f6rter nachzuhalten.<\/p>\n<p>Nat\u00fcrlich kannst Du auch z. B. den Passwort-Manager von Chrome benutzen, aber ich habe gerne ein Backup f\u00fcr alle F\u00e4lle.<\/p>\n<p>Du musst hier nur die Seite, den Benutzernamen und das dazugeh\u00f6rige Passwort eintragen.<\/p>\n<h2>Neukundenangebote &#8211; Verlauf<\/h2>\n<p>Unter Neukundenangebote &#8211; Verlauf tr\u00e4gst Du alle Deine Neukundenangebote ein.<\/p>\n<p>Die Eingaben k\u00f6nnen vom \u201eMatchbet pl&#8220; Reiter kopiert werden.<\/p>\n<p>Wie Du sehen kannst, habe ich am Bet365 Neukundenangebot 71,30\u20ac verdient.<\/p>\n<p>Wenn Du die Umsatzanforderungen erf\u00fcllt hast, kannst Du dann den Profit zum \u201eMatchbet pl&#8220; Reiter wie unten gezeigt hinzuf\u00fcgen.<\/p>\n<p><img loading=\"lazy\" src=\"https:\/\/doppelwetten.com\/wp-content\/uploads\/2019\/03\/101.png\" alt=\"\" width=\"980\" height=\"418\" \/><\/p>\n<h2><strong>Individuelle Anpassung<\/strong><\/h2>\n<p>Die Excel-Tabelle ist zwar gebrauchsfertig, so wie sie ist, aber vielleicht fehlen ja noch Features, die Du ben\u00f6tigst.<\/p>\n<p>Die Tabelle kann problemlos Deinen Bed\u00fcrfnissen angepasst werden, und Du kannst auch gem\u00e4\u00df Deinen Excel-F\u00e4higkeiten noch erweiterte Features einbauen.<\/p>\n<p>Du solltest jedoch eins bedenken.<\/p>\n<p>Wenn es l\u00e4nger dauert, die Daten in die Tabelle einzutragen, als eine Matched Wette zu platzieren, solltest Du Dir \u00fcberlegen, ob es den Aufwand wirklich wert ist.<\/p>\n<p>Viel Spa\u00df mit dem Profit-Tracker.<\/p>\n<h2><strong>Alternativer Profit-Tracker<\/strong><\/h2>\n<p>Hier ist ein alternativer Profit-Tracker, der freundlicherweise von unserem Mitglied Hunter erstellt worden ist.<\/p>\n<a href=\"https:\/\/doppelwetten.com\/wp-content\/uploads\/2020\/03\/Profit-Tracker.xlsx\">Profit-Tracker-Alt.-1-1<\/a><a href=\"https:\/\/doppelwetten.com\/wp-content\/uploads\/2020\/03\/Profit-Tracker.xlsx\" download=\"\">Download<\/a>\n\n","protected":false},"excerpt":{"rendered":"<p>Matched Betting Profit-Tracker Deinen Matched Betting Verlauf nachzuhalten macht nicht nur Spa\u00df, sondern kann Deinen Gewinn sogar noch erh\u00f6hen. Normalerweise [&hellip;]<\/p>\n","protected":false},"author":1,"featured_media":0,"parent":0,"menu_order":0,"comment_status":"closed","ping_status":"closed","template":"","meta":{"_mi_skip_tracking":false},"yoast_head":"<!-- This site is optimized with the Yoast SEO plugin v19.13 - https:\/\/yoast.com\/wordpress\/plugins\/seo\/ -->\n<title>Matched Betting Profit-Tracker - DoppelWetten<\/title>\n<meta name=\"robots\" content=\"index, follow, max-snippet:-1, max-image-preview:large, max-video-preview:-1\" \/>\n<link rel=\"canonical\" href=\"https:\/\/doppelwetten.com\/de\/matched-betting-profit-tracker\/\" \/>\n<meta property=\"og:locale\" content=\"de_DE\" \/>\n<meta property=\"og:type\" content=\"article\" \/>\n<meta property=\"og:title\" content=\"Matched Betting Profit-Tracker - DoppelWetten\" \/>\n<meta property=\"og:description\" content=\"Matched Betting Profit-Tracker Deinen Matched Betting Verlauf nachzuhalten macht nicht nur Spa\u00df, sondern kann Deinen Gewinn sogar noch erh\u00f6hen. Normalerweise [&hellip;]\" \/>\n<meta property=\"og:url\" content=\"https:\/\/doppelwetten.com\/de\/matched-betting-profit-tracker\/\" \/>\n<meta property=\"og:site_name\" content=\"DoppelWetten\" \/>\n<meta property=\"article:modified_time\" content=\"2021-11-19T00:16:39+00:00\" \/>\n<meta property=\"og:image\" content=\"https:\/\/doppelwetten.com\/wp-content\/uploads\/2019\/03\/excel.png\" \/>\n<meta name=\"twitter:card\" content=\"summary_large_image\" \/>\n<meta name=\"twitter:site\" content=\"@doppelwetten\" \/>\n<meta name=\"twitter:label1\" content=\"Gesch\u00e4tzte Lesezeit\" \/>\n\t<meta name=\"twitter:data1\" content=\"7 Minuten\" \/>\n<script type=\"application\/ld+json\" class=\"yoast-schema-graph\">{\"@context\":\"https:\/\/schema.org\",\"@graph\":[{\"@type\":\"WebPage\",\"@id\":\"https:\/\/doppelwetten.com\/de\/matched-betting-profit-tracker\/\",\"url\":\"https:\/\/doppelwetten.com\/de\/matched-betting-profit-tracker\/\",\"name\":\"Matched Betting Profit-Tracker - DoppelWetten\",\"isPartOf\":{\"@id\":\"https:\/\/doppelwetten.com\/#website\"},\"datePublished\":\"2019-03-15T20:34:27+00:00\",\"dateModified\":\"2021-11-19T00:16:39+00:00\",\"breadcrumb\":{\"@id\":\"https:\/\/doppelwetten.com\/de\/matched-betting-profit-tracker\/#breadcrumb\"},\"inLanguage\":\"de-DE\",\"potentialAction\":[{\"@type\":\"ReadAction\",\"target\":[\"https:\/\/doppelwetten.com\/de\/matched-betting-profit-tracker\/\"]}]},{\"@type\":\"BreadcrumbList\",\"@id\":\"https:\/\/doppelwetten.com\/de\/matched-betting-profit-tracker\/#breadcrumb\",\"itemListElement\":[{\"@type\":\"ListItem\",\"position\":1,\"name\":\"Home\",\"item\":\"https:\/\/doppelwetten.com\/de\/\"},{\"@type\":\"ListItem\",\"position\":2,\"name\":\"Matched Betting Profit-Tracker\"}]},{\"@type\":\"WebSite\",\"@id\":\"https:\/\/doppelwetten.com\/#website\",\"url\":\"https:\/\/doppelwetten.com\/\",\"name\":\"DoppelWetten\",\"description\":\"risikolosen Wetten (Schritt f\u00fcr Schritt)\",\"publisher\":{\"@id\":\"https:\/\/doppelwetten.com\/#organization\"},\"potentialAction\":[{\"@type\":\"SearchAction\",\"target\":{\"@type\":\"EntryPoint\",\"urlTemplate\":\"https:\/\/doppelwetten.com\/?s={search_term_string}\"},\"query-input\":\"required name=search_term_string\"}],\"inLanguage\":\"de-DE\"},{\"@type\":\"Organization\",\"@id\":\"https:\/\/doppelwetten.com\/#organization\",\"name\":\"DoppelWetten\",\"url\":\"https:\/\/doppelwetten.com\/\",\"logo\":{\"@type\":\"ImageObject\",\"inLanguage\":\"de-DE\",\"@id\":\"https:\/\/doppelwetten.com\/#\/schema\/logo\/image\/\",\"url\":\"https:\/\/doppelwetten.com\/wp-content\/uploads\/2021\/05\/google-logo-size.png\",\"contentUrl\":\"https:\/\/doppelwetten.com\/wp-content\/uploads\/2021\/05\/google-logo-size.png\",\"caption\":\"DoppelWetten\"},\"image\":{\"@id\":\"https:\/\/doppelwetten.com\/#\/schema\/logo\/image\/\"},\"sameAs\":[\"https:\/\/twitter.com\/doppelwetten\"]}]}<\/script>\n<!-- \/ Yoast SEO plugin. -->","yoast_head_json":{"title":"Matched Betting Profit-Tracker - DoppelWetten","robots":{"index":"index","follow":"follow","max-snippet":"max-snippet:-1","max-image-preview":"max-image-preview:large","max-video-preview":"max-video-preview:-1"},"canonical":"https:\/\/doppelwetten.com\/de\/matched-betting-profit-tracker\/","og_locale":"de_DE","og_type":"article","og_title":"Matched Betting Profit-Tracker - DoppelWetten","og_description":"Matched Betting Profit-Tracker Deinen Matched Betting Verlauf nachzuhalten macht nicht nur Spa\u00df, sondern kann Deinen Gewinn sogar noch erh\u00f6hen. Normalerweise [&hellip;]","og_url":"https:\/\/doppelwetten.com\/de\/matched-betting-profit-tracker\/","og_site_name":"DoppelWetten","article_modified_time":"2021-11-19T00:16:39+00:00","og_image":[{"url":"https:\/\/doppelwetten.com\/wp-content\/uploads\/2019\/03\/excel.png"}],"twitter_card":"summary_large_image","twitter_site":"@doppelwetten","twitter_misc":{"Gesch\u00e4tzte Lesezeit":"7 Minuten"},"schema":{"@context":"https:\/\/schema.org","@graph":[{"@type":"WebPage","@id":"https:\/\/doppelwetten.com\/de\/matched-betting-profit-tracker\/","url":"https:\/\/doppelwetten.com\/de\/matched-betting-profit-tracker\/","name":"Matched Betting Profit-Tracker - DoppelWetten","isPartOf":{"@id":"https:\/\/doppelwetten.com\/#website"},"datePublished":"2019-03-15T20:34:27+00:00","dateModified":"2021-11-19T00:16:39+00:00","breadcrumb":{"@id":"https:\/\/doppelwetten.com\/de\/matched-betting-profit-tracker\/#breadcrumb"},"inLanguage":"de-DE","potentialAction":[{"@type":"ReadAction","target":["https:\/\/doppelwetten.com\/de\/matched-betting-profit-tracker\/"]}]},{"@type":"BreadcrumbList","@id":"https:\/\/doppelwetten.com\/de\/matched-betting-profit-tracker\/#breadcrumb","itemListElement":[{"@type":"ListItem","position":1,"name":"Home","item":"https:\/\/doppelwetten.com\/de\/"},{"@type":"ListItem","position":2,"name":"Matched Betting Profit-Tracker"}]},{"@type":"WebSite","@id":"https:\/\/doppelwetten.com\/#website","url":"https:\/\/doppelwetten.com\/","name":"DoppelWetten","description":"risikolosen Wetten (Schritt f\u00fcr Schritt)","publisher":{"@id":"https:\/\/doppelwetten.com\/#organization"},"potentialAction":[{"@type":"SearchAction","target":{"@type":"EntryPoint","urlTemplate":"https:\/\/doppelwetten.com\/?s={search_term_string}"},"query-input":"required name=search_term_string"}],"inLanguage":"de-DE"},{"@type":"Organization","@id":"https:\/\/doppelwetten.com\/#organization","name":"DoppelWetten","url":"https:\/\/doppelwetten.com\/","logo":{"@type":"ImageObject","inLanguage":"de-DE","@id":"https:\/\/doppelwetten.com\/#\/schema\/logo\/image\/","url":"https:\/\/doppelwetten.com\/wp-content\/uploads\/2021\/05\/google-logo-size.png","contentUrl":"https:\/\/doppelwetten.com\/wp-content\/uploads\/2021\/05\/google-logo-size.png","caption":"DoppelWetten"},"image":{"@id":"https:\/\/doppelwetten.com\/#\/schema\/logo\/image\/"},"sameAs":["https:\/\/twitter.com\/doppelwetten"]}]}},"_links":{"self":[{"href":"https:\/\/doppelwetten.com\/de\/wp-json\/wp\/v2\/pages\/14229"}],"collection":[{"href":"https:\/\/doppelwetten.com\/de\/wp-json\/wp\/v2\/pages"}],"about":[{"href":"https:\/\/doppelwetten.com\/de\/wp-json\/wp\/v2\/types\/page"}],"author":[{"embeddable":true,"href":"https:\/\/doppelwetten.com\/de\/wp-json\/wp\/v2\/users\/1"}],"replies":[{"embeddable":true,"href":"https:\/\/doppelwetten.com\/de\/wp-json\/wp\/v2\/comments?post=14229"}],"version-history":[{"count":5,"href":"https:\/\/doppelwetten.com\/de\/wp-json\/wp\/v2\/pages\/14229\/revisions"}],"predecessor-version":[{"id":27375,"href":"https:\/\/doppelwetten.com\/de\/wp-json\/wp\/v2\/pages\/14229\/revisions\/27375"}],"wp:attachment":[{"href":"https:\/\/doppelwetten.com\/de\/wp-json\/wp\/v2\/media?parent=14229"}],"curies":[{"name":"wp","href":"https:\/\/api.w.org\/{rel}","templated":true}]}}