{"id":13855,"date":"2019-03-10T14:57:11","date_gmt":"2019-03-10T14:57:11","guid":{"rendered":"https:\/\/doppelwetten.com\/der-matched-betting-rechner\/"},"modified":"2022-12-01T10:01:15","modified_gmt":"2022-12-01T10:01:15","slug":"der-matched-betting-rechner","status":"publish","type":"page","link":"https:\/\/doppelwetten.com\/de\/der-matched-betting-rechner\/","title":{"rendered":"Der Matched Betting Rechner"},"content":{"rendered":"<h1 style=\"text-align: center;\"><strong>Der Matched Betting Rechner<\/strong><\/h1>\n<p>Der Matched Betting Rechner ist ein \u00e4u\u00dferst n\u00fctzliches Tool.<\/p>\n<p>Die Darstellung des potentiellen Gewinns und das Ausrechnen Deiner Lay-Eins\u00e4tze sind nur zwei seiner vielen wertvollen Eigenschaften.<\/p>\n<p>Dieser Leitfaden zeigt Dir, wie Du das Beste aus dem Matched Betting Rechner herausholen kannst.<\/p>\n<p>Der Matched Betting Rechner ist dem Oddsmatcher Rechner in Bezug auf seine Funktionen sehr \u00e4hnlich.<\/p>\n<p>Du wirst den separaten MB-Rechner haups\u00e4chlich zu den folgenden Gelegenheiten benutzen:<\/p>\n<p><i class=\"icon\">1<\/i>Wenn der Buchmacher, bei dem Du eine Wette platzieren willst, nicht im Oddsmatcher enthalten ist, oder<\/p>\n<p><i class=\"icon\">2<\/i>Wenn Du eine Live-Wette platzierst (in-play), da Live-Ereignisse nicht im Oddsmatcher enthalten sind.<\/p>\n<h2 style=\"text-align: center;\"><strong>Erste Ansicht<\/strong><\/h2>\n<p>Im Screenshot weiter unten kannst Du sehen, wie der Rechner im einfachen Modus aussieht.<\/p>\n<p>Dies ist die Standardeinstellung, in der sich der Rechner \u00f6ffnet; Du kannst jedoch einfach zu dem erweiterten Modus umschalten, entweder bevor Du die Angaben zu Deiner Wette eingetragen hast, oder danach.<\/p>\n<p>Auf den erweiterten Modus gehen wir sp\u00e4ter in diesem Leitfaden noch im Einzelnen ein.<\/p>\n<h2 style=\"text-align: center;\"><strong>MB-Rechner im einfachen Modus<\/strong><\/h2>\n<p><img loading=\"lazy\" class=\" wp-image-13866 aligncenter\" src=\"https:\/\/doppelwetten.com\/wp-content\/uploads\/2019\/03\/50.png\" alt=\"Matched Betting Rechner\" width=\"947\" height=\"547\" srcset=\"https:\/\/doppelwetten.com\/wp-content\/uploads\/2019\/03\/50.png 1197w, https:\/\/doppelwetten.com\/wp-content\/uploads\/2019\/03\/50-300x173.png 300w, https:\/\/doppelwetten.com\/wp-content\/uploads\/2019\/03\/50-768x444.png 768w, https:\/\/doppelwetten.com\/wp-content\/uploads\/2019\/03\/50-1024x592.png 1024w\" sizes=\"(max-width: 947px) 100vw, 947px\" \/><\/p>\n<h2 style=\"text-align: center;\"><strong>Zeile f\u00fcr Zeile<\/strong><\/h2>\n<i class=\"icon-circle hb-icon-float-left hb-icon-small hb-icon\" style=\"color:#0099ff\"><\/i>Erste Zeile: hier kannst Du Deine Wettart ausw\u00e4hlen, je nachdem, ob Du eine qualifizierende Wette oder eine Freiwette platzierst. Die Standardeinstellung, in der sich der Rechner \u00f6ffnet, ist \u201aNormal (Qualifizierende Wette)\u2018, aber wenn Du eine Freiwette ausrechnen m\u00f6chtest, klicke einfach auf entweder \u201aFreiwette SNR\u2018 oder \u201aFreiwette SR\u2018. In dem obigen Beispiel befindet sich der Rechner im Modus f\u00fcr eine qualifizierende Wette.<\/p>\n<i class=\"icon-circle hb-icon-float-left hb-icon-small hb-icon\" style=\"color:#0099ff\"><\/i>Oben rechts kannst Du zum erweiterten Modus wechseln.<\/p>\n<i class=\"icon-circle hb-icon-float-left hb-icon-small hb-icon\" style=\"color:#0099ff\"><\/i>Darunter, im blauen Abschnitt, solltest Du die Angaben f\u00fcr Deine Back-Wette eingeben. Trage Deinen Back-Einsatz in das \u201aEinsatz\u2018-Feld ein, Deine Back-Quote in das \u201aQuote\u2019-Feld, und die Back-Provision, falls der Buchmacher die Wettsteuer berechnet, in das \u201aProvision (%)\u2019-Feld. In dem obigen Beispiel platzieren wir eine Wette von 10\u20ac mit einer Back-Quote von 4,00, und der Buchmacher zieht 5% Wettsteuer ab.<\/p>\n<i class=\"icon-circle hb-icon-float-left hb-icon-small hb-icon\" style=\"color:#0099ff\"><\/i>In dem rosa Abschnitt darunter musst Du nur die Lay-Quote in das Feld \u201aQuote\u2019 eintragen, und die Lay-Provision, die von Deiner Wettb\u00f6rse berechnet wird, in das Feld \u201aProvision (%)\u2019. In diesem Beispiel ist die Lay-Quote 4,2 und die Wettb\u00f6rse ist Matchbook, mit einer Standard-Provision von 1,7%.<\/p>\n<i class=\"icon-circle hb-icon-float-left hb-icon-small hb-icon\" style=\"color:#0099ff\"><\/i>Links darunter ist der Abschnitt \u201aErgebnis\u2019. Der Rechner hat f\u00fcr Dich ausgerechnet, dass bei einer Quote von 4,2 der Lay-Betrag, den Du bei der Wettb\u00f6rse setzen solltest, 9,08\u20ac betr\u00e4gt. Falls Deine Lay-Wette verliert, hast Du eine Haftung von 29,07\u20ac. Und Dein Gesamtprofit, egal wie die Wette ausgeht, ist -1,07\u20ac.<\/p>\n<i class=\"icon-circle hb-icon-float-left hb-icon-small hb-icon\" style=\"color:#0099ff\"><\/i>Rechts vom \u201aErgebnis\u2019-Abschnitt ist die detailliertere \u201aProfit-Aufschl\u00fcsselung\u2019. Hier kannst Du Deine jeweiligen Gewinne und Verluste sowohl bei dem Buchmacher, als auch bei der Wettb\u00f6rse, sehen, und zwar \u201aWenn die Back-Wette gewinnt\u2019, in blau hinterlegt, und \u201aWenn die Lay-Wette gewinnt\u2019, in rosa hinterlegt. In diesem Beispiel ist Dein Nettogewinn beim Buchmacher im Fall, dass die Back-Wette gewinnt, 28\u20ac (nach Abzug der Wettsteuer), und Du verlierst Deine Haftung bei der Wettb\u00f6rse. Im Fall, dass die Lay-Wette gewinnt, verlierst Du Deinen Einsatz bei dem Buchmacher, und Du gewinnst Deinen Einsatz bei der Wettb\u00f6rse (nach Abzug der Lay-Provision).<\/p>\n<i class=\"icon-circle hb-icon-float-left hb-icon-small hb-icon\" style=\"color:#0099ff\"><\/i>Unten rechts kannst Du noch mal den Gesamtprofit sehen, den Du an dieser Wette verdienen wirst. Da der Rechner im einfachen Modus ist, ist das Ergebnis das gleiche f\u00fcr einen Gewinn der Back-Wette und der Lay-Wette. Mach Dir keine Gedanken \u00fcber den Unterschied von 1 Cent; hierbei handelt es sich nur um einen Rundungsunterschied, der bei kleineren Betr\u00e4gen vorkommen kann.<\/p>\n<h2 style=\"text-align: center;\"><strong>Wettarten<\/strong><\/h2>\n<p><strong>Normal<\/strong><\/p>\n<p>Wenn Du eine qualifizierende Wette setzt, solltest Du den normalen Modus verwenden. Du setzt hierbei eine Wette mit Deinem eigenen Geld (ein Bonus z\u00e4hlt in Bezug auf die Berechnungen auch als Dein eigenes Geld).<\/p>\n<p><strong>Freiwette (SNR\/stake not returned)<\/strong><\/p>\n<p>99% aller Freiwetten sind SNR-Wetten.<\/p>\n<p>Eine SNR-Wette hei\u00dft, dass falls Deine Freiwette gewinnt, der Einsatz nicht im Gewinn enthalten ist.<\/p>\n<p>Zum Beispiel: ein Buchmacher gibt Dir eine 10\u20ac SNR-Freiwette und Du wettest auf eine Auswahl mit einer Quote von 5,00.<\/p>\n<p>Wenn Deine Auswahl gewinnt, w\u00fcrdest Du 40\u20ac zur\u00fcckerhalten (anstatt 50\u20ac), da der Gratiseinsatz von 10\u20ac nicht ausgezahlt wird.<\/p>\n<p>Eine n\u00e4here Erl\u00e4uterung dar\u00fcber, wie Du Deinen <a href=\"https:\/\/doppelwetten.com\/de\/knowledge-base\/warum-erhaelt-man-nicht-e10-beim-einsatz-einer-e10-gratiswette\/\">Ertrag aus Freiwetten erh\u00f6hen<\/a> kannst, findest Du in diesem Leitfaden.<\/p>\n<p><strong>Freiwette (SR\/stake returned)<\/strong><\/p>\n<p>Eine SR-Wette hei\u00dft, dass Dein Wetteinsatz auch mit ausbezahlt wird, wenn Deine Wette gewinnt.<\/p>\n<p>Zum Beispiel: ein Buchmacher gibt Dir eine 10\u20ac SR-Freiwette, und Du wettest auf eine Auswahl mit einer Quote von 5,00.<\/p>\n<p>Wenn Deine Auswahl gewinnt, w\u00fcrdest Du 50\u20ac zur\u00fcckerhalten (anstatt von 40\u20ac in dem SNR-Beispiel), da der Gratiseinsatz von 10\u20ac auch mit ausgezahlt wird.<\/p>\n<p><strong>Zu einer anderen Wettart wechseln:<\/strong> klicke einfach auf den entsprechenden Button (\u201aFreiwette SNR\u2019 oder \u201aFreiwette SR\u2019), und der Rechner wechselt auf diese Wettart. Du kannst dies auch noch tun, nachdem Du alle Angaben eingetragen hast. Alle Einzelheiten in Bezug darauf, wie Du die Betr\u00e4ge etc. eingibst, sind die gleichen, wie sie oben f\u00fcr die qualifizierende Wettart erkl\u00e4rt wurden.<\/p>\n<h2 style=\"text-align: center;\"><strong>MB-Rechner im erweiterten Modus<\/strong><\/h2>\n<p>Der folgende Screenshot zeigt den MB-Rechner mit aktiviertem erweiterten Modus. Die Einzelheiten der Wette, d. h. der Betrag, die Quoten und die Provisionen, sind die gleichen wie in dem obigen Beispiel f\u00fcr den einfachen Modus.<\/p>\n<p><img loading=\"lazy\" class=\" wp-image-13869 aligncenter\" src=\"https:\/\/doppelwetten.com\/wp-content\/uploads\/2019\/03\/51.png\" alt=\"Matched Betting Rechner\" width=\"947\" height=\"915\" srcset=\"https:\/\/doppelwetten.com\/wp-content\/uploads\/2019\/03\/51.png 1193w, https:\/\/doppelwetten.com\/wp-content\/uploads\/2019\/03\/51-300x290.png 300w, https:\/\/doppelwetten.com\/wp-content\/uploads\/2019\/03\/51-768x742.png 768w, https:\/\/doppelwetten.com\/wp-content\/uploads\/2019\/03\/51-1024x990.png 1024w\" sizes=\"(max-width: 947px) 100vw, 947px\" \/><\/p>\n<p>Beachte, dass die Felder \u201aErgebnis\u2019 und \u201aProfit-Aufschl\u00fcsselung\u2019, sowie auch das \u201aStandard\u2019-Feld ganz unten, genau die gleichen sind wie im einfachen Modus. Das hei\u00dft, selbst wenn der Rechner im erweiterten Modus ist, kannst Du Dich immer noch entscheiden, den Standard-Betrag zu layen, 9,08\u20ac in diesem Beispiel, mit dem gleichen Gewinnbetrag, egal ob Deine Back- oder Lay-Wette gewinnt. Was jetzt anders ist, sind die Underlay- und Overlay-Felder links und rechts neben dem Standard-Feld. Diese werden unten im Einzelnen erkl\u00e4rt.<\/p>\n<p><strong>Underlay<\/strong><\/p>\n<p>Der Rechner berechnet Deinen Underlay-Einsatz so, dass Dein Profit\/Verlust 0,00\u20ac ist, wenn Deine Back-Wette gewinnt. Wenn Deine Lay-Wette gewinnt, ist Dein Verlust etwas h\u00f6her als im Standard-Modus, -1,40\u20ac in diesem Beispiel, anstatt -1,07\u20ac. Wenn Du eine Wette underlayst, ist Dein Lay-Einsatz immer niedriger als der f\u00fcr gleichen Profit ben\u00f6tigte Lay-Einsatz. In diesem Fall ist er 8,75\u20ac, anstatt 9,08\u20ac im Standard-Modus. Unter dem ben\u00f6tigten Lay-Einsatz kannst Du auch Deine gesamte Haftung bei der Wettb\u00f6rse sehen. Da Dein Lay-Einsatz im Underlay-Modus niedriger ist, ist Deine Haftung ebenfalls niedriger.<\/p>\n<p>Bitte lies unseren Leitfaden \u00fcber <a href=\"https:\/\/doppelwetten.com\/de\/knowledge-base\/underlaying\/\">Underlaying<\/a>, wo diese Methode genauer erl\u00e4utert wird.<\/p>\n<p><strong>Overlay<\/strong><\/p>\n<p>Der Rechner berechnet Deinen Overlay-Einsatz so, dass Dein Profit\/Verlust 0,00\u20ac ist, wenn Deine Lay-Wette gewinnt. Wenn Deine Back-Wette gewinnt, ist Dein Verlust h\u00f6her als im Standard-Modus, -4,54\u20ac in diesem Beispiel, anstatt -1,06\u20ac. Wenn Du eine Wette overlayst, ist Dein Lay-Einsatz immer h\u00f6her als der f\u00fcr gleichen Profit ben\u00f6tigte Lay-Einsatz. In diesem Fall ist er 10,17\u20ac, anstatt 9,08\u20ac im Standard-Modus. Unter dem ben\u00f6tigten Lay-Einsatz kannst Du auch Deine gesamte Haftung bei der Wettb\u00f6rse sehen. Da Dein Lay-Einsatz im Overlay-Modus h\u00f6her ist, ist Deine Haftung ebenfalls h\u00f6her.<\/p>\n<p>Bitte lies unseren Leitfaden \u00fcber <a href=\"https:\/\/doppelwetten.com\/de\/knowledge-base\/overlaying\/\">Overlaying<\/a>, wo diese Methode genauer erl\u00e4utert wird.<\/p>\n<h2 style=\"text-align: center;\"><strong>Der Schieberegler<\/strong><\/h2>\n<p>Vielleicht m\u00f6chtest Du einen anderen Betrag layen, der irgendwo zwischen Standard und Underlay, oder zwischen Standard und Overlay liegt, so dass Du nicht einen potentiellen Profit\/Verlust von 0,00\u20ac hast, sondern einen etwas kleineren Profit\/Verlust als im Standardmodus, im Fall, dass entweder Deine Back- oder Lay-Wette gewinnt.<\/p>\n<p>Mit dem Schieberegler kannst Du den Lay-Betrag frei w\u00e4hlen und einstellen, und sobald Du den Schieberegler entweder nach links oder nach rechts verschiebst, wirst Du sehen, dass sich der Lay-Einsatz und die Haftung in den Feldern \u201aErgebnis\u2018 und \u201aProfit-Aufschl\u00fcsselung\u2018 entsprechend ver\u00e4ndern.<\/p>\n<p><img loading=\"lazy\" class=\"size-full wp-image-13871 aligncenter\" src=\"https:\/\/doppelwetten.com\/wp-content\/uploads\/2019\/03\/52.png\" alt=\"Matched Betting Rechner\" width=\"939\" height=\"312\" srcset=\"https:\/\/doppelwetten.com\/wp-content\/uploads\/2019\/03\/52.png 939w, https:\/\/doppelwetten.com\/wp-content\/uploads\/2019\/03\/52-300x100.png 300w, https:\/\/doppelwetten.com\/wp-content\/uploads\/2019\/03\/52-768x255.png 768w\" sizes=\"(max-width: 939px) 100vw, 939px\" \/><\/p>\n<p>In dem Screenshot oben ist der Schieberegler nach links bis auf 8,90\u20ac (Underlaying) verschoben worden, was zu einem etwas niedrigeren Verlust im Fall, dass die Back-Wette gewinnt, und einem etwas h\u00f6heren Verlust im Fall, das die Lay-Wette gewinnt, f\u00fchrt (-0,48\u20ac bzw. -1,25\u20ac).<\/p>\n<p>Wenn wir den Schieberegler weiter nach links schieben w\u00fcrden, w\u00fcrden wir irgendwann zu dem Lay-Einsatz von 8,75\u20ac aus dem obigen Underlay-Beispiel kommen, mit einem Profit\/Verlust von 0,00\u20ac.<\/p>\n<p>Nat\u00fcrlich kannst Du den Schieberegler auch nach rechts schieben, was dann den Betrag eines Overlay-Einsatzes ver\u00e4ndert.<\/p>\n<p><strong>Aktualisierung:<\/strong> Der MB Rechner hat jetzt auch eine Part-Lay Funktion. Bitte lies die separate <a href=\"https:\/\/doppelwetten.com\/de\/knowledge-base\/die-part-lay-funktion-des-mb-rechners\/\">Anleitung f\u00fcr die Part-Lay Funktion<\/a> f\u00fcr mehr Informationen hier\u00fcber.<\/p>\n<p>Falls Du Fragen zu diesem Leitfaden hast, kannst Du sie gerne im <a href=\"https:\/\/forum.doppelwetten.com\">Forum<\/a> stellen.<\/p>\n<p>&nbsp;<\/p>\n","protected":false},"excerpt":{"rendered":"<p>Der Matched Betting Rechner Der Matched Betting Rechner ist ein \u00e4u\u00dferst n\u00fctzliches Tool. Die Darstellung des potentiellen Gewinns und das [&hellip;]<\/p>\n","protected":false},"author":1,"featured_media":0,"parent":0,"menu_order":0,"comment_status":"closed","ping_status":"closed","template":"","meta":{"_mi_skip_tracking":false},"yoast_head":"<!-- This site is optimized with the Yoast SEO plugin v19.13 - https:\/\/yoast.com\/wordpress\/plugins\/seo\/ -->\n<title>Der Matched Betting Rechner - DoppelWetten<\/title>\n<meta name=\"robots\" content=\"index, follow, max-snippet:-1, max-image-preview:large, max-video-preview:-1\" \/>\n<link rel=\"canonical\" href=\"https:\/\/doppelwetten.com\/de\/der-matched-betting-rechner\/\" \/>\n<meta property=\"og:locale\" content=\"de_DE\" \/>\n<meta property=\"og:type\" content=\"article\" \/>\n<meta property=\"og:title\" content=\"Der Matched Betting Rechner - DoppelWetten\" \/>\n<meta property=\"og:description\" content=\"Der Matched Betting Rechner Der Matched Betting Rechner ist ein \u00e4u\u00dferst n\u00fctzliches Tool. Die Darstellung des potentiellen Gewinns und das [&hellip;]\" \/>\n<meta property=\"og:url\" content=\"https:\/\/doppelwetten.com\/de\/der-matched-betting-rechner\/\" \/>\n<meta property=\"og:site_name\" content=\"DoppelWetten\" \/>\n<meta property=\"article:modified_time\" content=\"2022-12-01T10:01:15+00:00\" \/>\n<meta property=\"og:image\" content=\"https:\/\/doppelwetten.com\/wp-content\/uploads\/2019\/03\/50.png\" \/>\n<meta name=\"twitter:card\" content=\"summary_large_image\" \/>\n<meta name=\"twitter:site\" content=\"@doppelwetten\" \/>\n<meta name=\"twitter:label1\" content=\"Gesch\u00e4tzte Lesezeit\" \/>\n\t<meta name=\"twitter:data1\" content=\"7 Minuten\" \/>\n<script type=\"application\/ld+json\" class=\"yoast-schema-graph\">{\"@context\":\"https:\/\/schema.org\",\"@graph\":[{\"@type\":\"WebPage\",\"@id\":\"https:\/\/doppelwetten.com\/de\/der-matched-betting-rechner\/\",\"url\":\"https:\/\/doppelwetten.com\/de\/der-matched-betting-rechner\/\",\"name\":\"Der Matched Betting Rechner - DoppelWetten\",\"isPartOf\":{\"@id\":\"https:\/\/doppelwetten.com\/#website\"},\"datePublished\":\"2019-03-10T14:57:11+00:00\",\"dateModified\":\"2022-12-01T10:01:15+00:00\",\"breadcrumb\":{\"@id\":\"https:\/\/doppelwetten.com\/de\/der-matched-betting-rechner\/#breadcrumb\"},\"inLanguage\":\"de-DE\",\"potentialAction\":[{\"@type\":\"ReadAction\",\"target\":[\"https:\/\/doppelwetten.com\/de\/der-matched-betting-rechner\/\"]}]},{\"@type\":\"BreadcrumbList\",\"@id\":\"https:\/\/doppelwetten.com\/de\/der-matched-betting-rechner\/#breadcrumb\",\"itemListElement\":[{\"@type\":\"ListItem\",\"position\":1,\"name\":\"Home\",\"item\":\"https:\/\/doppelwetten.com\/de\/\"},{\"@type\":\"ListItem\",\"position\":2,\"name\":\"Der Matched Betting Rechner\"}]},{\"@type\":\"WebSite\",\"@id\":\"https:\/\/doppelwetten.com\/#website\",\"url\":\"https:\/\/doppelwetten.com\/\",\"name\":\"DoppelWetten\",\"description\":\"risikolosen Wetten (Schritt f\u00fcr Schritt)\",\"publisher\":{\"@id\":\"https:\/\/doppelwetten.com\/#organization\"},\"potentialAction\":[{\"@type\":\"SearchAction\",\"target\":{\"@type\":\"EntryPoint\",\"urlTemplate\":\"https:\/\/doppelwetten.com\/?s={search_term_string}\"},\"query-input\":\"required name=search_term_string\"}],\"inLanguage\":\"de-DE\"},{\"@type\":\"Organization\",\"@id\":\"https:\/\/doppelwetten.com\/#organization\",\"name\":\"DoppelWetten\",\"url\":\"https:\/\/doppelwetten.com\/\",\"logo\":{\"@type\":\"ImageObject\",\"inLanguage\":\"de-DE\",\"@id\":\"https:\/\/doppelwetten.com\/#\/schema\/logo\/image\/\",\"url\":\"https:\/\/doppelwetten.com\/wp-content\/uploads\/2021\/05\/google-logo-size.png\",\"contentUrl\":\"https:\/\/doppelwetten.com\/wp-content\/uploads\/2021\/05\/google-logo-size.png\",\"caption\":\"DoppelWetten\"},\"image\":{\"@id\":\"https:\/\/doppelwetten.com\/#\/schema\/logo\/image\/\"},\"sameAs\":[\"https:\/\/twitter.com\/doppelwetten\"]}]}<\/script>\n<!-- \/ Yoast SEO plugin. -->","yoast_head_json":{"title":"Der Matched Betting Rechner - DoppelWetten","robots":{"index":"index","follow":"follow","max-snippet":"max-snippet:-1","max-image-preview":"max-image-preview:large","max-video-preview":"max-video-preview:-1"},"canonical":"https:\/\/doppelwetten.com\/de\/der-matched-betting-rechner\/","og_locale":"de_DE","og_type":"article","og_title":"Der Matched Betting Rechner - DoppelWetten","og_description":"Der Matched Betting Rechner Der Matched Betting Rechner ist ein \u00e4u\u00dferst n\u00fctzliches Tool. Die Darstellung des potentiellen Gewinns und das [&hellip;]","og_url":"https:\/\/doppelwetten.com\/de\/der-matched-betting-rechner\/","og_site_name":"DoppelWetten","article_modified_time":"2022-12-01T10:01:15+00:00","og_image":[{"url":"https:\/\/doppelwetten.com\/wp-content\/uploads\/2019\/03\/50.png"}],"twitter_card":"summary_large_image","twitter_site":"@doppelwetten","twitter_misc":{"Gesch\u00e4tzte Lesezeit":"7 Minuten"},"schema":{"@context":"https:\/\/schema.org","@graph":[{"@type":"WebPage","@id":"https:\/\/doppelwetten.com\/de\/der-matched-betting-rechner\/","url":"https:\/\/doppelwetten.com\/de\/der-matched-betting-rechner\/","name":"Der Matched Betting Rechner - DoppelWetten","isPartOf":{"@id":"https:\/\/doppelwetten.com\/#website"},"datePublished":"2019-03-10T14:57:11+00:00","dateModified":"2022-12-01T10:01:15+00:00","breadcrumb":{"@id":"https:\/\/doppelwetten.com\/de\/der-matched-betting-rechner\/#breadcrumb"},"inLanguage":"de-DE","potentialAction":[{"@type":"ReadAction","target":["https:\/\/doppelwetten.com\/de\/der-matched-betting-rechner\/"]}]},{"@type":"BreadcrumbList","@id":"https:\/\/doppelwetten.com\/de\/der-matched-betting-rechner\/#breadcrumb","itemListElement":[{"@type":"ListItem","position":1,"name":"Home","item":"https:\/\/doppelwetten.com\/de\/"},{"@type":"ListItem","position":2,"name":"Der Matched Betting Rechner"}]},{"@type":"WebSite","@id":"https:\/\/doppelwetten.com\/#website","url":"https:\/\/doppelwetten.com\/","name":"DoppelWetten","description":"risikolosen Wetten (Schritt f\u00fcr Schritt)","publisher":{"@id":"https:\/\/doppelwetten.com\/#organization"},"potentialAction":[{"@type":"SearchAction","target":{"@type":"EntryPoint","urlTemplate":"https:\/\/doppelwetten.com\/?s={search_term_string}"},"query-input":"required name=search_term_string"}],"inLanguage":"de-DE"},{"@type":"Organization","@id":"https:\/\/doppelwetten.com\/#organization","name":"DoppelWetten","url":"https:\/\/doppelwetten.com\/","logo":{"@type":"ImageObject","inLanguage":"de-DE","@id":"https:\/\/doppelwetten.com\/#\/schema\/logo\/image\/","url":"https:\/\/doppelwetten.com\/wp-content\/uploads\/2021\/05\/google-logo-size.png","contentUrl":"https:\/\/doppelwetten.com\/wp-content\/uploads\/2021\/05\/google-logo-size.png","caption":"DoppelWetten"},"image":{"@id":"https:\/\/doppelwetten.com\/#\/schema\/logo\/image\/"},"sameAs":["https:\/\/twitter.com\/doppelwetten"]}]}},"_links":{"self":[{"href":"https:\/\/doppelwetten.com\/de\/wp-json\/wp\/v2\/pages\/13855"}],"collection":[{"href":"https:\/\/doppelwetten.com\/de\/wp-json\/wp\/v2\/pages"}],"about":[{"href":"https:\/\/doppelwetten.com\/de\/wp-json\/wp\/v2\/types\/page"}],"author":[{"embeddable":true,"href":"https:\/\/doppelwetten.com\/de\/wp-json\/wp\/v2\/users\/1"}],"replies":[{"embeddable":true,"href":"https:\/\/doppelwetten.com\/de\/wp-json\/wp\/v2\/comments?post=13855"}],"version-history":[{"count":4,"href":"https:\/\/doppelwetten.com\/de\/wp-json\/wp\/v2\/pages\/13855\/revisions"}],"predecessor-version":[{"id":29921,"href":"https:\/\/doppelwetten.com\/de\/wp-json\/wp\/v2\/pages\/13855\/revisions\/29921"}],"wp:attachment":[{"href":"https:\/\/doppelwetten.com\/de\/wp-json\/wp\/v2\/media?parent=13855"}],"curies":[{"name":"wp","href":"https:\/\/api.w.org\/{rel}","templated":true}]}}