{"id":13808,"date":"2019-03-08T05:17:26","date_gmt":"2019-03-08T05:17:26","guid":{"rendered":"https:\/\/doppelwetten.com\/?page_id=13808"},"modified":"2022-11-16T12:21:40","modified_gmt":"2022-11-16T12:21:40","slug":"bonus-angebote-mit-umsatzanforderungen","status":"publish","type":"page","link":"https:\/\/doppelwetten.com\/de\/bonus-angebote-mit-umsatzanforderungen\/","title":{"rendered":"Bonus-Angebote mit Umsatzanforderungen"},"content":{"rendered":"<p>Bist Du Dir noch nicht sicher, wie Bonus-Angebote mit Umsatzanforderungen in der Praxis funktionieren?<\/p>\n<p>Keine Sorge, damit bist Du nicht allein, denn dies ist die h\u00e4ufigste Frage, die uns von neuen Matched Wettenden gestellt wird.<\/p>\n<p>Hier bei DoppelWetten LIEBEN wir <a href=\"https:\/\/doppelwetten.com\/de\/neukunden-angebote\/\">Neukundenangebote mit Einzahlungsboni<\/a> (und <a href=\"https:\/\/doppelwetten.com\/de\/angebot-fur-bestandskunden\/\">Reload-Einzahlungsboni<\/a>), denn sie k\u00f6nnen extrem lukrativ sein, und man kann sie ohne Schwierigkeiten durchspielen.<\/p>\n<p>Oft ge\u00e4u\u00dferte Bedenken sind, dass falls die Back-Wetten immer gewinnen, man mehr und mehr Geld bei der Wettb\u00f6rse einzahlen muss, w\u00e4hrend man sich durch die Umsatzbedingungen spielt. Hierbei sollte man Folgendes bedenken:<\/p>\n<p><i class=\"icon\">1<\/i>Es ist sehr unwahrscheinlich, dass ALLE Deiner Back-Wetten gewinnen, und keine Deiner Lay-Wetten.<\/p>\n<p><i class=\"icon\">2<\/i>Du schiebst praktisch nur Dein Geld zwischen dem Buchmacher und Deiner Wettb\u00f6rse hin und her, bis Du genug Wetten f\u00fcr die Umsatzanforderungen platziert hast oder bis all Dein Geld bei Deiner Wettb\u00f6rse ist. Falls Dein gesamtes Geld am Ende auf Deinem Buchmacher-Konto ist, kannst Du es alles abheben, sobald der Bonus freigespielt ist, und ebenso Deinen Kontostand bei Deiner <a href=\"https:\/\/doppelwetten.com\/de\/was-ist-eine-wettboerse\/\">Wettb\u00f6rse<\/a>, falls Du ihn nicht mehr brauchst (wir empfehlen jedoch, einen gewissen Kontostand bei der Wettb\u00f6rse f\u00fcr das n\u00e4chste Angebot aufrechtzuerhalten).<\/p>\n<p>Mit jeder Wette geht Dein Geld entweder auf Dein Buchmacher-Konto oder auf Dein Konto bei Deiner Wettb\u00f6rse, denn beim Matched Betting platzieren wir immer zwei Wetten, die praktisch symmetrisch sind, oder sich gegenseitig aufheben.<\/p>\n<p>Wenn Du ein <a href=\"https:\/\/doppelwetten.com\/de\/neukunden-angebote\/\">Bonus-Angebot mit Umsatzanforderungen<\/a> durchspielst, verlierst Du daher nie mehr als den qualifizierenden Verlust aus jeder einzelnen Wette, und am Ende der Umsatzbedingungen ist Dein Geld entweder auf dem Buchmacher-Konto, bei Deiner Wettb\u00f6rse, oder auf beide verteilt.<\/p>\n<p>Bei den meisten Buchmacher-Neukundenangeboten wird Deine Ersteinzahlung bis zu einem zus\u00e4tzlichen Betrag von \u20ac100 verdoppelt. Das bedeutet, Du bekommst einen Bonus von \u20ac100, wenn Du \u20ac100 auf Dein Buchmacher-Konto einzahlst.<\/p>\n<p>Dieses Geld kann jedoch nicht ausgezahlt werden, bis Du die Umsatzbedingungen erf\u00fcllt hast. Das Ziel von Matched Betting ist, die Umsatzbedingungen durch Setzen auf alle Ergebnisse z. B. eines Fu\u00dfballspiels zu vervollst\u00e4ndigen. Dabei verlierst Du bei jeder Wette einen kleinen Betrag. Du wirst jedoch die Umsatzbedingungen erf\u00fcllen, bevor Du den Bonus von \u20ac100 verloren hast.<\/p>\n<p>Nehmen wir an, dass Du den Bonus 6 Mal durchspielen musst (6 x \u20ac100 = \u20ac600), zu Mindestquoten von 1,80. Nehmen wir weiter an, dass dies Dein erstes Neukundenangebot ist, und abgesehen von den \u20ac100, die Du bei Deinem ersten Buchmacher eingezahlt hast, hast Du auch \u20ac200 bei Deiner Wettb\u00f6rse eingezahlt.<\/p>\n<p><strong>Es gibt zwei m\u00f6gliche Szenarien:<\/strong><\/p>\n<h1 style=\"font-size: 36px;\">Beispiel 1 \u2013 Das Buchmacher-Konto geht vor Abschluss der Umsatzbedingungen auf \u20ac0<\/h1>\n<p>100% Einzahlungsbonus bis \u20ac100. Gesamte Umsatzanforderung \u20ac600.<\/p>\n<p>F\u00fcr dieses Beispiel haben wir eine Einzahlung von \u20ac100 get\u00e4tigt, um den vollen Bonus von \u20ac100 zu erhalten. Also haben wir \u20ac200 auf dem Buchmacher-Konto und m\u00fcssen \u20ac600 setzen, um die Umsatzbedingungen zu erf\u00fcllen und den Bonus in auszahlbares Geld umzuwandeln.<\/p>\n<table width=\"643\">\n<tbody>\n<tr class=\"rollover\">\n<td width=\"136\"><strong>Spiel<\/strong><\/td>\n<td width=\"109\"><strong>Wette<\/strong><\/td>\n<td width=\"75\"><strong>Wettein-satz<\/strong><\/td>\n<td width=\"95\"><strong>Buchmacher-Wette gewonnen oder verloren<\/strong><\/td>\n<td width=\"113\"><strong>Qualifizierender Verlust<\/strong><\/td>\n<td width=\"113\"><strong>Gesamtgewinn<\/strong><\/td>\n<\/tr>\n<tr>\n<td width=\"136\"><strong>Neukundenbonus<\/strong><\/td>\n<td width=\"109\"><strong>&nbsp;<\/strong><\/td>\n<td width=\"75\"><strong>&nbsp;<\/strong><\/td>\n<td width=\"95\"><strong>&nbsp;<\/strong><\/td>\n<td width=\"113\"><strong>&nbsp;<\/strong><\/td>\n<td width=\"113\"><strong>\u20ac100<\/strong><\/td>\n<\/tr>\n<tr>\n<td width=\"136\">Liverpool v Manchester United<\/td>\n<td width=\"109\">Unentschieden<\/td>\n<td width=\"75\">\u20ac50<\/td>\n<td width=\"95\">Verloren<\/td>\n<td width=\"113\">\u20ac-4,93<\/td>\n<td width=\"113\">\u20ac95,07<\/td>\n<\/tr>\n<tr>\n<td width=\"136\">Augsburg v Leverkusen<\/td>\n<td width=\"109\">Augsburg<\/td>\n<td width=\"75\">\u20ac50<\/td>\n<td width=\"95\">Verloren<\/td>\n<td width=\"113\">\u20ac-6,50<\/td>\n<td width=\"113\">\u20ac88,57<\/td>\n<\/tr>\n<tr>\n<td width=\"136\">Hoffenheim v Wolfsburg<\/td>\n<td width=\"109\">Wolfsburg<\/td>\n<td width=\"75\">\u20ac50<\/td>\n<td width=\"95\">Verloren<\/td>\n<td width=\"113\">\u20ac-3,60<\/td>\n<td width=\"113\">\u20ac84,97<\/td>\n<\/tr>\n<tr>\n<td width=\"136\">Bayern M\u00fcnchen v Hamburg<\/td>\n<td width=\"109\">Unentschieden<\/td>\n<td width=\"75\">\u20ac50<\/td>\n<td width=\"95\">Verloren<\/td>\n<td width=\"113\">\u20ac-4,67<\/td>\n<td width=\"113\">\u20ac80,30<\/td>\n<\/tr>\n<tr>\n<td width=\"136\"><strong>Gesamtgewinn<\/strong><\/td>\n<td width=\"109\"><strong>&nbsp;<\/strong><\/td>\n<td width=\"75\">\u20ac200<\/td>\n<td width=\"95\">&nbsp;<\/td>\n<td width=\"113\">\u20ac-19,70<\/td>\n<td width=\"113\"><strong>\u20ac80,30<\/strong><\/td>\n<\/tr>\n<\/tbody>\n<\/table>\n<p>Wie oben angezeigt, haben alle Back-Wetten (Buchmacher-Wetten) \u2018verloren\u2019, was bedeutet, dass wir kein Geld mehr auf dem Buchmacher-Konto haben. Daher m\u00fcssen wir keine Umsatzbedingungen mehr erf\u00fcllen. Der Profit von \u20ac80,30 ist auf unserem Konto bei der Wettb\u00f6rse.<\/p>\n<p>Dies ist das ideale Szenario f\u00fcr Neukundenangebote.<\/p>\n<p><strong><u>Bitte beachte:<\/u><\/strong> In unseren Leitf\u00e4den f\u00fcr Neukundenangebote wirst Du lesen, dass wir im Allgemeinen empfehlen, sowohl Einzahlung als auch Bonus in einer einzigen Wette zu platzieren. Wenn diese Wette verliert, wird Dein gesamtes Geld bei Deiner Wettb\u00f6rse sein, und Du brauchst keine Umsatzbedingungen mehr zu erf\u00fcllen, genauso wie in dem obigen Beispiel. Daf\u00fcr brauchst Du jedoch einen h\u00f6heren Kontostand bei Deiner Wettb\u00f6rse, und Deine Haftung bei Deiner Wettb\u00f6rse h\u00e4ngt auch von den Quoten f\u00fcr das von Dir ausgew\u00e4hlte Spiel ab. Manche Matched Wettende w\u00e4hlen h\u00f6here Quoten f\u00fcr die erste Wette aus, damit die Wahrscheinlichkeit, dass diese Wette verliert, h\u00f6her ist, und in dem Fall brauchst Du von Anfang an einen h\u00f6heren Kontostand bei Deiner Wettb\u00f6rse, wie in dem folgenden Beispiel:<\/p>\n<h1><img loading=\"lazy\" class=\"alignnone size-full wp-image-13810\" src=\"https:\/\/doppelwetten.com\/wp-content\/uploads\/2019\/03\/rollover.png\" alt=\"\" width=\"601\" height=\"322\" srcset=\"https:\/\/doppelwetten.com\/wp-content\/uploads\/2019\/03\/rollover.png 601w, https:\/\/doppelwetten.com\/wp-content\/uploads\/2019\/03\/rollover-300x161.png 300w\" sizes=\"(max-width: 601px) 100vw, 601px\" \/><\/h1>\n<h2><strong>Beispiel 2 \u2013 Erf\u00fcllung der Umsatzbedingungen<\/strong><\/h2>\n<p>100% Einzahlungsbonus bis \u20ac100. Gesamte Umsatzanforderung \u20ac600.<\/p>\n<p>F\u00fcr dieses Beispiel haben wir eine Einzahlung von \u20ac100 get\u00e4tigt, um den vollen Bonus von \u20ac100 zu erhalten. Also haben wir \u20ac200 auf dem Buchmacher-Konto und m\u00fcssen \u20ac600 setzen, um die Umsatzbedingungen zu erf\u00fcllen und den Bonus in auszahlbares Geld umzuwandeln.<\/p>\n<p>Der Einfachheit halber habe ich die Gewinne aus den Wetten nicht mit aufgef\u00fchrt.<\/p>\n<table width=\"652\">\n<tbody>\n<tr class=\"rollover\">\n<td width=\"138\"><strong>Spiel<\/strong><\/td>\n<td width=\"108\"><strong>Wette<\/strong><\/td>\n<td width=\"71\"><strong>Wettein-satz<\/strong><\/td>\n<td width=\"109\"><strong>Buchmacher-Wette gewonnen oder verloren<\/strong><\/td>\n<td width=\"113\"><strong>Qualifizierender Verlust<\/strong><\/td>\n<td width=\"113\"><strong>Gesamtgewinn<\/strong><\/td>\n<\/tr>\n<tr>\n<td width=\"138\"><strong>Neukundenbonus<\/strong><\/td>\n<td width=\"108\"><strong>&nbsp;<\/strong><\/td>\n<td width=\"71\"><strong>&nbsp;<\/strong><\/td>\n<td width=\"109\"><strong>&nbsp;<\/strong><\/td>\n<td width=\"113\"><strong>&nbsp;<\/strong><\/td>\n<td width=\"113\"><strong>\u20ac100<\/strong><\/td>\n<\/tr>\n<tr>\n<td width=\"138\">Liverpool v Manchester United<\/td>\n<td width=\"108\">Unentschieden<\/td>\n<td width=\"71\">\u20ac50<\/td>\n<td width=\"109\">Verloren<\/td>\n<td width=\"113\">\u20ac-4,93<\/td>\n<td width=\"113\">\u20ac95,07<\/td>\n<\/tr>\n<tr>\n<td width=\"138\">Augsburg v Leverkusen<\/td>\n<td width=\"108\">Augsburg<\/td>\n<td width=\"71\">\u20ac50<\/td>\n<td width=\"109\">Gewonnen<\/td>\n<td width=\"113\">\u20ac-6,5<\/td>\n<td width=\"113\">\u20ac88,57<\/td>\n<\/tr>\n<tr>\n<td width=\"138\">Hoffenheim v Wolfsburg<\/td>\n<td width=\"108\">Wolfsburg<\/td>\n<td width=\"71\">\u20ac50<\/td>\n<td width=\"109\">Verloren<\/td>\n<td width=\"113\">\u20ac-3,6<\/td>\n<td width=\"113\">\u20ac84,97<\/td>\n<\/tr>\n<tr>\n<td width=\"138\">Bayern M\u00fcnchen v Hamburg<\/td>\n<td width=\"108\">Unentschieden<\/td>\n<td width=\"71\">\u20ac50<\/td>\n<td width=\"109\">Gewonnen<\/td>\n<td width=\"113\">\u20ac-4,67<\/td>\n<td width=\"113\">\u20ac80,3<\/td>\n<\/tr>\n<tr>\n<td width=\"138\">Chelsea v Southampton<\/td>\n<td width=\"108\">Southampton<\/td>\n<td width=\"71\">\u20ac50<\/td>\n<td width=\"109\">Verloren<\/td>\n<td width=\"113\">\u20ac-4,17<\/td>\n<td width=\"113\">\u20ac76,13<\/td>\n<\/tr>\n<tr>\n<td width=\"138\">Barcelona v Real Madrid<\/td>\n<td width=\"108\">Unentschieden<\/td>\n<td width=\"71\">\u20ac50<\/td>\n<td width=\"109\">Verloren<\/td>\n<td width=\"113\">\u20ac-3,65<\/td>\n<td width=\"113\">\u20ac72,48<\/td>\n<\/tr>\n<tr>\n<td width=\"138\">Schalke v Hertha Berlin<\/td>\n<td width=\"108\">Hertha Berlin<\/td>\n<td width=\"71\">\u20ac50<\/td>\n<td width=\"109\">Gewonnen<\/td>\n<td width=\"113\">\u20ac-4,02<\/td>\n<td width=\"113\">\u20ac68,46<\/td>\n<\/tr>\n<tr>\n<td width=\"138\">Stuttgart v Hannover 96<\/td>\n<td width=\"108\">Unentschieden<\/td>\n<td width=\"71\">\u20ac50<\/td>\n<td width=\"109\">Verloren<\/td>\n<td width=\"113\">\u20ac-2,54<\/td>\n<td width=\"113\">\u20ac65,92<\/td>\n<\/tr>\n<tr>\n<td width=\"138\">FC Burnley v Leicester City<\/td>\n<td width=\"108\">Burnley<\/td>\n<td width=\"71\">\u20ac50<\/td>\n<td width=\"109\">Gewonnen<\/td>\n<td width=\"113\">\u20ac-5,40<\/td>\n<td width=\"113\">\u20ac60,52<\/td>\n<\/tr>\n<tr>\n<td width=\"138\">Swansea v Everton<\/td>\n<td width=\"108\">Swansea<\/td>\n<td width=\"71\">\u20ac50<\/td>\n<td width=\"109\">Gewonnen<\/td>\n<td width=\"113\">\u20ac-3,13<\/td>\n<td width=\"113\">\u20ac57,39<\/td>\n<\/tr>\n<tr>\n<td width=\"138\">Eintracht Frankfurt v 1. FC K\u00f6ln<\/td>\n<td width=\"108\">1. FC K\u00f6ln<\/td>\n<td width=\"71\">\u20ac50<\/td>\n<td width=\"109\">Verloren<\/td>\n<td width=\"113\">\u20ac-1,25<\/td>\n<td width=\"113\">\u20ac56,14<\/td>\n<\/tr>\n<tr>\n<td width=\"138\">Crystal Palace v Brighton<\/td>\n<td width=\"108\">Unentschieden<\/td>\n<td width=\"71\">\u20ac50<\/td>\n<td width=\"109\">Gewonnen<\/td>\n<td width=\"113\">\u20ac-1,98<\/td>\n<td width=\"113\">\u20ac54,16<\/td>\n<\/tr>\n<tr>\n<td width=\"138\"><strong>Gesamtgewinn<\/strong><\/td>\n<td width=\"108\"><strong>&nbsp;<\/strong><\/td>\n<td width=\"71\"><strong>\u20ac600<\/strong><\/td>\n<td width=\"109\"><strong>&nbsp;<\/strong><\/td>\n<td width=\"113\"><strong>\u20ac-45,84<\/strong><\/td>\n<td width=\"113\"><strong>\u20ac54,16<\/strong><\/td>\n<\/tr>\n<\/tbody>\n<\/table>\n<p>Wie in der obigen Tabelle gezeigt wird, hast Du nach Erf\u00fcllung der Umsatzbedingungen einen Profit von \u20ac54,16 gemacht, und Du kannst Dein Geld auszahlen lassen.<\/p>\n<p>Wenn Du dich jedoch entschlie\u00dft, zu Anfang eine einzige Wette \u00fcber \u20ac200 zu platzieren, zu der Mindestquote von 1,80, und angenommen, diese erste Wette gewinnt, wirst Du \u20ac342 auf Deinem Buchmacher-Konto haben, und Dein Kontostand bei Deiner Wettb\u00f6rse wird nur noch ca. \u20ac40 betragen, je nach dem Betrag Deiner Haftung und der Lay-Quote dieser ersten Wette.<\/p>\n<p>Du wirst wahrscheinlich jetzt Deinen Kontostand bei Deiner Wettb\u00f6rse erh\u00f6hen m\u00fcssen, au\u00dfer wenn Du Dich entschlie\u00dft, als n\u00e4chstes eine Wette \u00fcber nur \u20ac50 zu setzen, in der Hoffnung, dass sie verliert und sich dadurch Dein Kontostand bei Deiner Wettb\u00f6rse erh\u00f6ht.<\/p>\n<p>Nehmen wir an, dass Du eine weitere Wette von \u20ac200 platzierst, nachdem Du Deinen Kontostand bei Deiner Wettb\u00f6rse erh\u00f6ht hast (um wie viel h\u00e4ngt von den Quoten ab, die Du ausw\u00e4hlst, und wir schlagen vor, dass Du verschiedene Matches ausprobierst und dabei auf die Haftung in den jeweiligen Berechnungen schaust).<\/p>\n<p>Falls diese zweite Wette verliert, hast Du nur noch \u20ac142 \u00fcbrig, die Du noch setzen musst, und mit Deinem nun h\u00f6heren Kontostand bei Deiner Wettb\u00f6rse sollte das kein Problem sein.<\/p>\n<p>Deine n\u00e4chste Wette k\u00f6nnte also f\u00fcr die gesamten \u20ac142 sein, die Du noch \u00fcbrig hast. Jetzt k\u00f6nntest Du wieder h\u00f6here Quoten versuchen (pr\u00fcfe, ob Du genug Geld bei Deiner Wettb\u00f6rse f\u00fcr die im <a href=\"https:\/\/doppelwetten.com\/de\/oddsmatcher\/\">Oddsmatcher-Rechner<\/a> angegebene Haftung hast).<\/p>\n<p>Wenn die Wette verliert, wirst Du kein Geld mehr auf Deinem Buchmacher-Konto haben.<\/p>\n<p>Falls sie wieder gewinnt, musst Du mehr Wetten setzen und wieder bei Deiner Wettb\u00f6rse einzahlen.<\/p>\n<p>Es ist schwierig, zu sagen, wie der Prozess ablaufen k\u00f6nnte, da das f\u00fcr die Liability ben\u00f6tigte Geld von den jeweiligen Quoten und dem Ausgang der einzelnen Wetten abh\u00e4ngt. Denke jedoch daran, selbst wenn einige Deiner Wetten w\u00e4hrend des Ablaufes gewinnen, musst Du vielleicht doch nicht die gesamten Umsatzbedingungen erf\u00fcllen, wenn alle weiteren Wetten verlieren.<\/p>\n<p>Pr\u00fcfe in den Angebotsbedingungen, wie viel Zeit Du daf\u00fcr hast, den erforderlichen Betrag durchzuspielen. Wie lange der Prozess dauert, h\u00e4ngt davon ab, wie schnell Du die Wetten platzieren willst, wie viele Events gerade stattfinden und wie die Verf\u00fcgbarkeit von guten \u201aMatches\u2018 ist. Wenn Du immer Wetten i. H. v. \u20ac200 platzierst, musst Du dies drei Mal tun, und selbst wenn die Angebotsbedingungen 30 Tage angeben, sollte dies mehr als genug Zeit sein.<\/p>\n<p><strong><u>Ein paar n\u00fctzliche Tipps<\/u><\/strong><\/p>\n<p><i class=\"icon\">1<\/i>Es ist auf jeden Fall eine gute Idee, eine gr\u00f6\u00dfere \u2018Bankroll\u2019 zu haben oder aufzubauen, damit man nicht st\u00e4ndig auf das Wettb\u00f6rsen-Konto einzahlen muss. Ich habe mittlerweile immer ca. \u20ac1,000 auf meinem Wettb\u00f6rsen-Konto, und das ist genug, um durch zwei Neukundenangebote gleichzeitig zu gehen.<\/p>\n<p><i class=\"icon\">2<\/i>Ich w\u00e4hle f\u00fcr gew\u00f6hnlich h\u00f6here Quoten f\u00fcr meine erste Wette aus (wof\u00fcr man gem\u00e4\u00df dem obigen Beispiel ca. \u20ac500 bei der Wettb\u00f6rse ben\u00f6tigt), um die Chancen zu erh\u00f6hen, dass meine erste Wette beim Buchmacher verliert.<\/p>\n<p><i class=\"icon\">3<\/i>Benutze <a href=\"https:\/\/doppelwetten.com\/de\/knowledge-base\/underlaying\/\">Underlaying<\/a>. Du brauchst einen etwas niedrigeren Betrag bei Deiner Wettb\u00f6rse, und Dein Bonus wird noch intakt sein, wenn Deine erste Wette beim Buchmacher gewinnt.<\/p>\n<p><i class=\"icon\">4<\/i>Wenn Du noch keinen ausreichenden Betrag zur Verf\u00fcgung hast, zahle einen kleineren Betrag ein und baue Deine Bankroll langsam auf. Selbst im unwahrscheinlichen Fall, dass alle Deine Back-Wetten gewinnen, brauchst Du nicht so einen hohen Kontostand bei Deiner Wettb\u00f6rse, weil Deine Umsatzbedingungen niedriger sind. Du k\u00f6nntest auch anfangs wie in den Beispielen zur Erf\u00fcllung der Umsatzbedingungen kleinere Wetten abschlie\u00dfen.<\/p>\n<p><i class=\"icon\">5<\/i>Versuche, gute \u201aMatches\u2018 zu finden, um Deine qualifizierenden Verluste pro Wette auf ein Minimum zu beschr\u00e4nken. Wenn Du keine guten Matches finden kannst (mindestens 95% oder 96%), warte bis sp\u00e4ter oder bis zu einem anderen Tag.<\/p>\n<p>Gehe zum <a href=\"https:\/\/forum.doppelwetten.com\">Forum<\/a> f\u00fcr die neuesten Angebote.<\/p>\n","protected":false},"excerpt":{"rendered":"<p>Bist Du Dir noch nicht sicher, wie Bonus-Angebote mit Umsatzanforderungen in der Praxis funktionieren? Keine Sorge, damit bist Du nicht [&hellip;]<\/p>\n","protected":false},"author":232,"featured_media":0,"parent":0,"menu_order":0,"comment_status":"closed","ping_status":"closed","template":"","meta":{"_mi_skip_tracking":false},"yoast_head":"<!-- This site is optimized with the Yoast SEO plugin v19.13 - https:\/\/yoast.com\/wordpress\/plugins\/seo\/ -->\n<title>Bonus-Angebote mit Umsatzanforderungen - DoppelWetten<\/title>\n<meta name=\"robots\" content=\"index, follow, max-snippet:-1, max-image-preview:large, max-video-preview:-1\" \/>\n<link rel=\"canonical\" href=\"https:\/\/doppelwetten.com\/de\/bonus-angebote-mit-umsatzanforderungen\/\" \/>\n<meta property=\"og:locale\" content=\"de_DE\" \/>\n<meta property=\"og:type\" content=\"article\" \/>\n<meta property=\"og:title\" content=\"Bonus-Angebote mit Umsatzanforderungen - DoppelWetten\" \/>\n<meta property=\"og:description\" content=\"Bist Du Dir noch nicht sicher, wie Bonus-Angebote mit Umsatzanforderungen in der Praxis funktionieren? Keine Sorge, damit bist Du nicht [&hellip;]\" \/>\n<meta property=\"og:url\" content=\"https:\/\/doppelwetten.com\/de\/bonus-angebote-mit-umsatzanforderungen\/\" \/>\n<meta property=\"og:site_name\" content=\"DoppelWetten\" \/>\n<meta property=\"article:modified_time\" content=\"2022-11-16T12:21:40+00:00\" \/>\n<meta property=\"og:image\" content=\"https:\/\/doppelwetten.com\/wp-content\/uploads\/2019\/03\/rollover.png\" \/>\n<meta name=\"twitter:card\" content=\"summary_large_image\" \/>\n<meta name=\"twitter:site\" content=\"@doppelwetten\" \/>\n<meta name=\"twitter:label1\" content=\"Gesch\u00e4tzte Lesezeit\" \/>\n\t<meta name=\"twitter:data1\" content=\"7 Minuten\" \/>\n<script type=\"application\/ld+json\" class=\"yoast-schema-graph\">{\"@context\":\"https:\/\/schema.org\",\"@graph\":[{\"@type\":\"WebPage\",\"@id\":\"https:\/\/doppelwetten.com\/de\/bonus-angebote-mit-umsatzanforderungen\/\",\"url\":\"https:\/\/doppelwetten.com\/de\/bonus-angebote-mit-umsatzanforderungen\/\",\"name\":\"Bonus-Angebote mit Umsatzanforderungen - DoppelWetten\",\"isPartOf\":{\"@id\":\"https:\/\/doppelwetten.com\/#website\"},\"datePublished\":\"2019-03-08T05:17:26+00:00\",\"dateModified\":\"2022-11-16T12:21:40+00:00\",\"breadcrumb\":{\"@id\":\"https:\/\/doppelwetten.com\/de\/bonus-angebote-mit-umsatzanforderungen\/#breadcrumb\"},\"inLanguage\":\"de-DE\",\"potentialAction\":[{\"@type\":\"ReadAction\",\"target\":[\"https:\/\/doppelwetten.com\/de\/bonus-angebote-mit-umsatzanforderungen\/\"]}]},{\"@type\":\"BreadcrumbList\",\"@id\":\"https:\/\/doppelwetten.com\/de\/bonus-angebote-mit-umsatzanforderungen\/#breadcrumb\",\"itemListElement\":[{\"@type\":\"ListItem\",\"position\":1,\"name\":\"Home\",\"item\":\"https:\/\/doppelwetten.com\/de\/\"},{\"@type\":\"ListItem\",\"position\":2,\"name\":\"Bonus-Angebote mit Umsatzanforderungen\"}]},{\"@type\":\"WebSite\",\"@id\":\"https:\/\/doppelwetten.com\/#website\",\"url\":\"https:\/\/doppelwetten.com\/\",\"name\":\"DoppelWetten\",\"description\":\"risikolosen Wetten (Schritt f\u00fcr Schritt)\",\"publisher\":{\"@id\":\"https:\/\/doppelwetten.com\/#organization\"},\"potentialAction\":[{\"@type\":\"SearchAction\",\"target\":{\"@type\":\"EntryPoint\",\"urlTemplate\":\"https:\/\/doppelwetten.com\/?s={search_term_string}\"},\"query-input\":\"required name=search_term_string\"}],\"inLanguage\":\"de-DE\"},{\"@type\":\"Organization\",\"@id\":\"https:\/\/doppelwetten.com\/#organization\",\"name\":\"DoppelWetten\",\"url\":\"https:\/\/doppelwetten.com\/\",\"logo\":{\"@type\":\"ImageObject\",\"inLanguage\":\"de-DE\",\"@id\":\"https:\/\/doppelwetten.com\/#\/schema\/logo\/image\/\",\"url\":\"https:\/\/doppelwetten.com\/wp-content\/uploads\/2021\/05\/google-logo-size.png\",\"contentUrl\":\"https:\/\/doppelwetten.com\/wp-content\/uploads\/2021\/05\/google-logo-size.png\",\"caption\":\"DoppelWetten\"},\"image\":{\"@id\":\"https:\/\/doppelwetten.com\/#\/schema\/logo\/image\/\"},\"sameAs\":[\"https:\/\/twitter.com\/doppelwetten\"]}]}<\/script>\n<!-- \/ Yoast SEO plugin. -->","yoast_head_json":{"title":"Bonus-Angebote mit Umsatzanforderungen - DoppelWetten","robots":{"index":"index","follow":"follow","max-snippet":"max-snippet:-1","max-image-preview":"max-image-preview:large","max-video-preview":"max-video-preview:-1"},"canonical":"https:\/\/doppelwetten.com\/de\/bonus-angebote-mit-umsatzanforderungen\/","og_locale":"de_DE","og_type":"article","og_title":"Bonus-Angebote mit Umsatzanforderungen - DoppelWetten","og_description":"Bist Du Dir noch nicht sicher, wie Bonus-Angebote mit Umsatzanforderungen in der Praxis funktionieren? Keine Sorge, damit bist Du nicht [&hellip;]","og_url":"https:\/\/doppelwetten.com\/de\/bonus-angebote-mit-umsatzanforderungen\/","og_site_name":"DoppelWetten","article_modified_time":"2022-11-16T12:21:40+00:00","og_image":[{"url":"https:\/\/doppelwetten.com\/wp-content\/uploads\/2019\/03\/rollover.png"}],"twitter_card":"summary_large_image","twitter_site":"@doppelwetten","twitter_misc":{"Gesch\u00e4tzte Lesezeit":"7 Minuten"},"schema":{"@context":"https:\/\/schema.org","@graph":[{"@type":"WebPage","@id":"https:\/\/doppelwetten.com\/de\/bonus-angebote-mit-umsatzanforderungen\/","url":"https:\/\/doppelwetten.com\/de\/bonus-angebote-mit-umsatzanforderungen\/","name":"Bonus-Angebote mit Umsatzanforderungen - DoppelWetten","isPartOf":{"@id":"https:\/\/doppelwetten.com\/#website"},"datePublished":"2019-03-08T05:17:26+00:00","dateModified":"2022-11-16T12:21:40+00:00","breadcrumb":{"@id":"https:\/\/doppelwetten.com\/de\/bonus-angebote-mit-umsatzanforderungen\/#breadcrumb"},"inLanguage":"de-DE","potentialAction":[{"@type":"ReadAction","target":["https:\/\/doppelwetten.com\/de\/bonus-angebote-mit-umsatzanforderungen\/"]}]},{"@type":"BreadcrumbList","@id":"https:\/\/doppelwetten.com\/de\/bonus-angebote-mit-umsatzanforderungen\/#breadcrumb","itemListElement":[{"@type":"ListItem","position":1,"name":"Home","item":"https:\/\/doppelwetten.com\/de\/"},{"@type":"ListItem","position":2,"name":"Bonus-Angebote mit Umsatzanforderungen"}]},{"@type":"WebSite","@id":"https:\/\/doppelwetten.com\/#website","url":"https:\/\/doppelwetten.com\/","name":"DoppelWetten","description":"risikolosen Wetten (Schritt f\u00fcr Schritt)","publisher":{"@id":"https:\/\/doppelwetten.com\/#organization"},"potentialAction":[{"@type":"SearchAction","target":{"@type":"EntryPoint","urlTemplate":"https:\/\/doppelwetten.com\/?s={search_term_string}"},"query-input":"required name=search_term_string"}],"inLanguage":"de-DE"},{"@type":"Organization","@id":"https:\/\/doppelwetten.com\/#organization","name":"DoppelWetten","url":"https:\/\/doppelwetten.com\/","logo":{"@type":"ImageObject","inLanguage":"de-DE","@id":"https:\/\/doppelwetten.com\/#\/schema\/logo\/image\/","url":"https:\/\/doppelwetten.com\/wp-content\/uploads\/2021\/05\/google-logo-size.png","contentUrl":"https:\/\/doppelwetten.com\/wp-content\/uploads\/2021\/05\/google-logo-size.png","caption":"DoppelWetten"},"image":{"@id":"https:\/\/doppelwetten.com\/#\/schema\/logo\/image\/"},"sameAs":["https:\/\/twitter.com\/doppelwetten"]}]}},"_links":{"self":[{"href":"https:\/\/doppelwetten.com\/de\/wp-json\/wp\/v2\/pages\/13808"}],"collection":[{"href":"https:\/\/doppelwetten.com\/de\/wp-json\/wp\/v2\/pages"}],"about":[{"href":"https:\/\/doppelwetten.com\/de\/wp-json\/wp\/v2\/types\/page"}],"author":[{"embeddable":true,"href":"https:\/\/doppelwetten.com\/de\/wp-json\/wp\/v2\/users\/232"}],"replies":[{"embeddable":true,"href":"https:\/\/doppelwetten.com\/de\/wp-json\/wp\/v2\/comments?post=13808"}],"version-history":[{"count":5,"href":"https:\/\/doppelwetten.com\/de\/wp-json\/wp\/v2\/pages\/13808\/revisions"}],"predecessor-version":[{"id":29882,"href":"https:\/\/doppelwetten.com\/de\/wp-json\/wp\/v2\/pages\/13808\/revisions\/29882"}],"wp:attachment":[{"href":"https:\/\/doppelwetten.com\/de\/wp-json\/wp\/v2\/media?parent=13808"}],"curies":[{"name":"wp","href":"https:\/\/api.w.org\/{rel}","templated":true}]}}