{"id":13761,"date":"2019-03-07T22:34:49","date_gmt":"2019-03-07T22:34:49","guid":{"rendered":"https:\/\/doppelwetten.com\/the-best-betting-brokers\/"},"modified":"2022-08-01T02:39:17","modified_gmt":"2022-08-01T02:39:17","slug":"the-best-betting-brokers","status":"publish","type":"page","link":"https:\/\/doppelwetten.com\/de\/the-best-betting-brokers\/","title":{"rendered":"Die besten Wettbroker"},"content":{"rendered":"\n\n\t<p>Hier bei DoppelWetten geben wir nur Empfehlungen und Links zu\u00a0<a href=\"https:\/\/doppelwetten.com\/de\/was-ist-ein-wettbroker\/\">Wettbrokern<\/a>, die wir selbst getestet und ausprobiert haben.<\/p>\n<p>Wir w\u00fcrden sehr gerne \u00fcber Deine Erfahrungen h\u00f6ren und w\u00e4ren Dir dankbar, wenn Du sie mit uns teilen w\u00fcrdest. So k\u00f6nnen wir sicherstellen, dass unsere Empfehlungen und Leitf\u00e4den stets die neuesten Informationen enthalten.<\/p>\n<h1>Bet-football<\/h1>\n<p><img loading=\"lazy\" src=\"https:\/\/doppelwetten.com\/wp-content\/uploads\/2019\/06\/20.jpg\" alt=\"\" width=\"389\" height=\"138\" \/><\/p>\n<h2><strong>Review<\/strong><\/h2>\n<p><a href=\"https:\/\/www.bet-football.com\/en\/DoppelWetten\">Bet-Football<\/a> bietet Zugang zur Wettb\u00f6rse Orbit.<\/p>\n<p>Orbit ist eine White Label Betfair Wettb\u00f6rse, die die Quoten und die Liquidit\u00e4t von Betfair wiederspiegelt.<\/p>\n<p>Orbit ist zur Zeit aufgrund der <strong>g\u00fcnstigen 3,5% Provision, einem exklusiven Angebot f\u00fcr DoppelWetten Mitglieder<\/strong>, unsere bevorzugte Wettb\u00f6rse. Au\u00dferdem ist die Seite sehr einfach zu nutzen.<\/p>\n<p>Um die exklusive niedrige Provisionrate zu bekommen, musst Du lediglich DoppelWetten in dem unten gezeigten Dropdown ausw\u00e4hlen oder Dich \u00fcber diesen <a href=\"https:\/\/www.bet-football.com\/en\/DoppelWetten\">Link bei B<\/a><a href=\"https:\/\/www.bet-football.com\/en\/DoppelWetten\">et-Football<\/a> anmelden.<\/p>\n<p>.<img loading=\"lazy\" src=\"https:\/\/doppelwetten.com\/wp-content\/uploads\/2019\/06\/26.png\" alt=\"Bet-football\" width=\"876\" height=\"412\" \/><\/p>\n<p>Du bekommst \u00fcber Bet-Footballs benutzerfreundliche, mehrsprachige Webseite Zugang zu Orbit. Deutsch ist einer der m\u00f6glichen Sprachen, wodurch die Nutzung der Seite sehr vereinfacht wird.<\/p>\n<p>Unser Schritt-f\u00fcr-Schritt <a href=\"https:\/\/doppelwetten.com\/de\/bet-football-sign-up-guide\/\">Leitfaden f\u00fcr Die Registrierung bei Bet-Football<\/a> f\u00fchrt Dich durch den Anmeldeprozess, der im Vergleich zu anderen Wettbrokern sehr problemlos ist.<\/p>\n<p>Mit direktem Zugang zu einer ausgezeichneten Wettb\u00f6rse ist Bet-Football die beste Wahl f\u00fcr alle Matched Wettenden.<\/p>\n<p>Zugang zu einer Wettb\u00f6rse zu haben ist beim Matched Betting unerl\u00e4sslich, und mit unserer niedrigeren Provision kannst Du sicher sein, nicht nur die besten Quoten zu bekommen, sondern auch Deinen Profit zu erh\u00f6hen.<\/p>\n<p>Gem\u00e4\u00df der Bet-Football Webseite bietet der Broker seine Dienste f\u00fcr schlaue und gewiefte Spieler an, was nat\u00fcrlich auf Matched Wettende genau zutrifft.<\/p>\n<h2><strong>Vorteile<\/strong><\/h2>\n<i class=\"icon-circle hb-icon-float-left hb-icon-small hb-icon\" style=\"color:#0099ff\"><\/i>Niedrigere Provision f\u00fcr DoppelWetten Mitglieder.<\/p>\n<i class=\"icon-circle hb-icon-float-left hb-icon-small hb-icon\" style=\"color:#0099ff\"><\/i>Zugang zu Orbit, die zur Zeit unsere bevorzugte Wettb\u00f6rse ist<\/p>\n<i class=\"icon-circle hb-icon-float-left hb-icon-small hb-icon\" style=\"color:#0099ff\"><\/i>Webseite auf Deutsch<\/p>\n<i class=\"icon-circle hb-icon-float-left hb-icon-small hb-icon\" style=\"color:#0099ff\"><\/i>Mindesteinzahlungsbetrag von 100\u20ac<\/p>\n<i class=\"icon-circle hb-icon-float-left hb-icon-small hb-icon\" style=\"color:#0099ff\"><\/i>Man kann \u00fcber Skrill einzahlen, was auch von vielen Buchmachern akzeptiert wird<\/p>\n<h2><strong>Nachteile<\/strong><\/h2>\n<i class=\"icon-circle hb-icon-float-left hb-icon-small hb-icon\" style=\"color:#0099ff\"><\/i>Kein Live Chat (man bekommt jedoch schnell eine Antwort per E-Mail)<\/p>\n<i class=\"icon-circle hb-icon-float-left hb-icon-small hb-icon\" style=\"color:#0099ff\"><\/i>Zur Zeit nur eine Zahlungsmethode, obwohl noch mehr in Arbeit sind<\/p>\n<h2><strong>Verf\u00fcgbare Wettb\u00f6rsen<\/strong><\/h2>\n<i class=\"icon-circle hb-icon-float-left hb-icon-small hb-icon\" style=\"color:#0099ff\"><\/i>Orbit<\/p>\n<p><img loading=\"lazy\" src=\"https:\/\/doppelwetten.com\/wp-content\/uploads\/2019\/06\/orbit-logo.jpg\" alt=\"Bet-football\" width=\"367\" height=\"137\" \/><\/p>\n<h2>Verf\u00fcgbare Zahlungsmethoden<\/h2>\n<h2><img loading=\"lazy\" src=\"https:\/\/doppelwetten.com\/wp-content\/uploads\/2019\/06\/27.png\" alt=\"Bet-football\" width=\"287\" height=\"133\" \/><\/h2>\n<p>&nbsp;<\/p>\n<h1>Premium Tradings<\/h1>\n<h2><a href=\"https:\/\/www.premiumtradings.com\/en\/register\/index\/?utm_source=doppelwetten&amp;utm_medium=site&amp;utm_campaign=2103dplwet\" class=\"broken_link\"><img loading=\"lazy\" src=\"https:\/\/doppelwetten.com\/wp-content\/uploads\/2019\/04\/premium-tradings.png\" alt=\"\" width=\"300\" height=\"85\" \/><\/a><\/h2>\n\n\n\n<h2><strong>Review<\/strong><\/h2>\n<p>Premium Tradings bietet seine Services bereits seit mehr als 7 Jahren auf einer einfach zu nutzenden, mehrsprachigen Webseite an. Deutsch ist eine der Sprachen, die zur Auswahl stehen, was die Nutzung der Seite wesentlich einfacher macht.<\/p>\n<p>Der Hauptvorteil der Nutzung des Premium Tradings Angebotes ist, Zugang zu drei verschiedenen Wettb\u00f6rsen zu bekommen. Ich kenne keinen anderen Wettbroker, der so viele Wettb\u00f6rsen anbietet.<\/p>\n<p>Unser Schritt-f\u00fcr-Schritt Leitfaden f\u00fcr die Registrierung bei Premium Tradings f\u00fchrt Dich durch den Anmeldeprozess. Es gibt verschiedene Wege, sich anzumelden, und mit Hilfe des hervorragenden Kunden-Supports kannst Du heute noch Zugang zu drei verschiedenen Wettb\u00f6rsen bekommen.<\/p>\n<p>Mit verschiedenen zur Auswahl stehenden Wettb\u00f6rsen ist Premium Tradings eine tolle Wahl f\u00fcr alle Matched Wettende.<\/p>\n<p>Zugang zu einer Wettb\u00f6rse zu haben, ist beim Matched Betting ausschlaggebend, und mit mehreren Wettb\u00f6rsen zur Auswahl stellst Du sicher, dass Du immer die besten Quoten bekommst und somit Deinen Profit erh\u00f6hst.<\/p>\n<h2><strong>Vorteile<\/strong><\/h2>\n<i class=\"icon-circle hb-icon-float-left hb-icon-small hb-icon\" style=\"color:#0099ff\"><\/i>Webseite auf Deutsch<\/p>\n<i class=\"icon-circle hb-icon-float-left hb-icon-small hb-icon\" style=\"color:#0099ff\"><\/i>Gro\u00dfe Anzahl an Wettb\u00f6rsen<\/p>\n<i class=\"icon-circle hb-icon-float-left hb-icon-small hb-icon\" style=\"color:#0099ff\"><\/i>Live Chat<\/p>\n<h2><strong>Nachteile<\/strong><\/h2>\n<i class=\"icon-circle hb-icon-float-left hb-icon-small hb-icon\" style=\"color:#0099ff\"><\/i>Nicht der einfachste Anmeldeprozess<\/p>\n<i class=\"icon-circle hb-icon-float-left hb-icon-small hb-icon\" style=\"color:#0099ff\"><\/i>Keine beliebten Zahlungsmethoden<\/p>\n<h2><strong>Verf\u00fcgbare Wettb\u00f6rsen<\/strong><\/h2>\n<i class=\"icon-circle hb-icon-float-left hb-icon-small hb-icon\" style=\"color:#0099ff\"><\/i>Orbit<\/p>\n<i class=\"icon-circle hb-icon-float-left hb-icon-small hb-icon\" style=\"color:#0099ff\"><\/i>Fair Exchange powered by Betfair<\/p>\n<i class=\"icon-circle hb-icon-float-left hb-icon-small hb-icon\" style=\"color:#0099ff\"><\/i>7Truft<\/p>\n<i class=\"icon-circle hb-icon-float-left hb-icon-small hb-icon\" style=\"color:#0099ff\"><\/i>Citibet<\/p>\n<h2><strong>Verf\u00fcgbare Zahlungsmethoden<\/strong><\/h2>\n<img loading=\"lazy\" src=\"https:\/\/doppelwetten.com\/wp-content\/uploads\/2019\/04\/bitcoin.png\" alt=\"bitcoin\" width=\"300\" height=\"85\" \/>\n<img loading=\"lazy\" src=\"https:\/\/doppelwetten.com\/wp-content\/uploads\/2019\/04\/ecopayz.png\" alt=\"ecopayz\" width=\"300\" height=\"85\" \/>\n<img loading=\"lazy\" src=\"https:\/\/doppelwetten.com\/wp-content\/uploads\/2019\/04\/bank-wire.png\" alt=\"bank-wire\" width=\"300\" height=\"85\" \/>\n<h2><strong>Easysportbet<\/strong><\/h2>\n<h2><img loading=\"lazy\" src=\"https:\/\/doppelwetten.com\/wp-content\/uploads\/2019\/04\/easy-sportbet.png\" alt=\"\" width=\"300\" height=\"85\" \/><\/h2>\n<h2><strong>Review<\/strong><\/h2>\n<p>Easysportbet ist 2013 gegr\u00fcndet worden, besteht also schon seit einigen Jahren, was immer ein gutes Zeichen ist, wenn man einen Wettbroker ausw\u00e4hlt.<\/p>\n<p>Der Hauptvorteil des Angebots von Easysportbet ist, dass man Zugang zu dem White Label Betfair-Klon Betkeen bekommt.<\/p>\n<p>Unser <a href=\"https:\/\/doppelwetten.com\/de\/step-by-step-betkeen-sign-up-guide\/\">Schritt-f\u00fcr-Schritt Leitfaden f\u00fcr die Registrierung bei Betkeen<\/a> f\u00fchrt Dich durch den gesamten Anmeldeprozess. Er ist problemlos, und Dein Konto wird im Handumdrehen erstellt sein.<\/p>\n<p>Mit einer niedrigen Mindestanforderung f\u00fcr Einzahlungen ist es ein toller Wettbroker, falls Du noch relativ neu beim Matched Betting bist, oder f\u00fcr Leute mit einer kleineren Bankroll. Erfahrenere Matched Wettende profitieren jedoch auch von der niedrigen Betfair-Provision. Betkeen berechnet jedoch doppelte Provision, d. h. sowohl auf gewonnene, als auch auf verlorene Wetten. Es hat sich auch in der letzten Zeit herausgestellt, dass die Lay-Quoten bei Betkeen durchgehend h\u00f6her als die bei Betfair sind.<\/p>\n<p>Unser <a href=\"https:\/\/doppelwetten.com\/de\/betkeen-user-guide\/\">Betkeen Leitfaden<\/a> ist alles, was Du brauchst, um anzufangen.<\/p>\n<h2><strong>Vorteile<\/strong><\/h2>\n<i class=\"icon-circle hb-icon-float-left hb-icon-small hb-icon\" style=\"color:#0099ff\"><\/i>Niedrigere Betfair Provision<\/p>\n<i class=\"icon-circle hb-icon-float-left hb-icon-small hb-icon\" style=\"color:#0099ff\"><\/i>Niedrige Mindesteinzahlung<\/p>\n<h2><strong>Nachteile<\/strong><\/h2>\n<i class=\"icon-circle hb-icon-float-left hb-icon-small hb-icon\" style=\"color:#0099ff\"><\/i>Die Webseite ist nicht in Deutsch verf\u00fcgbar<\/p>\n<i class=\"icon-circle hb-icon-float-left hb-icon-small hb-icon\" style=\"color:#0099ff\"><\/i>Kein Live Chat (aber man bekommt f\u00fcr gew\u00f6hnlich eine schnelle Antwort per E-Mail)<\/p>\n<i class=\"icon-circle hb-icon-float-left hb-icon-small hb-icon\" style=\"color:#0099ff\"><\/i>Es ist nicht sehr einfach, auf dieser Plattform das gew\u00fcnschte Spiel zu finden<\/p>\n<i class=\"icon-circle hb-icon-float-left hb-icon-small hb-icon\" style=\"color:#0099ff\"><\/i>Doppelte Provisionsstruktur<\/p>\n<i class=\"icon-circle hb-icon-float-left hb-icon-small hb-icon\" style=\"color:#0099ff\"><\/i>Die Quoten folgen nicht mehr den Betfair-Quoten<\/p>\n<h2><strong>Verf\u00fcgbare Wettb\u00f6rsen<\/strong><\/h2>\n<i class=\"icon-circle hb-icon-float-left hb-icon-small hb-icon\" style=\"color:#0099ff\"><\/i>Betkeen<\/p>\n<h2><strong>Verf\u00fcgbare Zahlungsmethoden<\/strong><\/h2>\n\n","protected":false},"excerpt":{"rendered":"<p>Hier bei DoppelWetten geben wir nur Empfehlungen und Links zu\u00a0Wettbrokern, die wir selbst getestet und ausprobiert haben. Wir w\u00fcrden sehr [&hellip;]<\/p>\n","protected":false},"author":1,"featured_media":0,"parent":0,"menu_order":0,"comment_status":"closed","ping_status":"closed","template":"","meta":{"_mi_skip_tracking":false},"yoast_head":"<!-- This site is optimized with the Yoast SEO plugin v19.13 - https:\/\/yoast.com\/wordpress\/plugins\/seo\/ -->\n<title>Die besten Wettbroker - DoppelWetten<\/title>\n<meta name=\"robots\" content=\"index, follow, max-snippet:-1, max-image-preview:large, max-video-preview:-1\" \/>\n<link rel=\"canonical\" href=\"https:\/\/doppelwetten.com\/de\/the-best-betting-brokers\/\" \/>\n<meta property=\"og:locale\" content=\"de_DE\" \/>\n<meta property=\"og:type\" content=\"article\" \/>\n<meta property=\"og:title\" content=\"Die besten Wettbroker - DoppelWetten\" \/>\n<meta property=\"og:description\" content=\"Hier bei DoppelWetten geben wir nur Empfehlungen und Links zu\u00a0Wettbrokern, die wir selbst getestet und ausprobiert haben. Wir w\u00fcrden sehr [&hellip;]\" \/>\n<meta property=\"og:url\" content=\"https:\/\/doppelwetten.com\/de\/the-best-betting-brokers\/\" \/>\n<meta property=\"og:site_name\" content=\"DoppelWetten\" \/>\n<meta property=\"article:modified_time\" content=\"2022-08-01T02:39:17+00:00\" \/>\n<meta property=\"og:image\" content=\"https:\/\/doppelwetten.com\/wp-content\/uploads\/2019\/06\/20.jpg\" \/>\n<meta name=\"twitter:card\" content=\"summary_large_image\" \/>\n<meta name=\"twitter:site\" content=\"@doppelwetten\" \/>\n<meta name=\"twitter:label1\" content=\"Gesch\u00e4tzte Lesezeit\" \/>\n\t<meta name=\"twitter:data1\" content=\"5 Minuten\" \/>\n<script type=\"application\/ld+json\" class=\"yoast-schema-graph\">{\"@context\":\"https:\/\/schema.org\",\"@graph\":[{\"@type\":\"WebPage\",\"@id\":\"https:\/\/doppelwetten.com\/de\/the-best-betting-brokers\/\",\"url\":\"https:\/\/doppelwetten.com\/de\/the-best-betting-brokers\/\",\"name\":\"Die besten Wettbroker - DoppelWetten\",\"isPartOf\":{\"@id\":\"https:\/\/doppelwetten.com\/#website\"},\"datePublished\":\"2019-03-07T22:34:49+00:00\",\"dateModified\":\"2022-08-01T02:39:17+00:00\",\"breadcrumb\":{\"@id\":\"https:\/\/doppelwetten.com\/de\/the-best-betting-brokers\/#breadcrumb\"},\"inLanguage\":\"de-DE\",\"potentialAction\":[{\"@type\":\"ReadAction\",\"target\":[\"https:\/\/doppelwetten.com\/de\/the-best-betting-brokers\/\"]}]},{\"@type\":\"BreadcrumbList\",\"@id\":\"https:\/\/doppelwetten.com\/de\/the-best-betting-brokers\/#breadcrumb\",\"itemListElement\":[{\"@type\":\"ListItem\",\"position\":1,\"name\":\"Home\",\"item\":\"https:\/\/doppelwetten.com\/de\/\"},{\"@type\":\"ListItem\",\"position\":2,\"name\":\"Die besten Wettbroker\"}]},{\"@type\":\"WebSite\",\"@id\":\"https:\/\/doppelwetten.com\/#website\",\"url\":\"https:\/\/doppelwetten.com\/\",\"name\":\"DoppelWetten\",\"description\":\"risikolosen Wetten (Schritt f\u00fcr Schritt)\",\"publisher\":{\"@id\":\"https:\/\/doppelwetten.com\/#organization\"},\"potentialAction\":[{\"@type\":\"SearchAction\",\"target\":{\"@type\":\"EntryPoint\",\"urlTemplate\":\"https:\/\/doppelwetten.com\/?s={search_term_string}\"},\"query-input\":\"required name=search_term_string\"}],\"inLanguage\":\"de-DE\"},{\"@type\":\"Organization\",\"@id\":\"https:\/\/doppelwetten.com\/#organization\",\"name\":\"DoppelWetten\",\"url\":\"https:\/\/doppelwetten.com\/\",\"logo\":{\"@type\":\"ImageObject\",\"inLanguage\":\"de-DE\",\"@id\":\"https:\/\/doppelwetten.com\/#\/schema\/logo\/image\/\",\"url\":\"https:\/\/doppelwetten.com\/wp-content\/uploads\/2021\/05\/google-logo-size.png\",\"contentUrl\":\"https:\/\/doppelwetten.com\/wp-content\/uploads\/2021\/05\/google-logo-size.png\",\"caption\":\"DoppelWetten\"},\"image\":{\"@id\":\"https:\/\/doppelwetten.com\/#\/schema\/logo\/image\/\"},\"sameAs\":[\"https:\/\/twitter.com\/doppelwetten\"]}]}<\/script>\n<!-- \/ Yoast SEO plugin. -->","yoast_head_json":{"title":"Die besten Wettbroker - DoppelWetten","robots":{"index":"index","follow":"follow","max-snippet":"max-snippet:-1","max-image-preview":"max-image-preview:large","max-video-preview":"max-video-preview:-1"},"canonical":"https:\/\/doppelwetten.com\/de\/the-best-betting-brokers\/","og_locale":"de_DE","og_type":"article","og_title":"Die besten Wettbroker - DoppelWetten","og_description":"Hier bei DoppelWetten geben wir nur Empfehlungen und Links zu\u00a0Wettbrokern, die wir selbst getestet und ausprobiert haben. Wir w\u00fcrden sehr [&hellip;]","og_url":"https:\/\/doppelwetten.com\/de\/the-best-betting-brokers\/","og_site_name":"DoppelWetten","article_modified_time":"2022-08-01T02:39:17+00:00","og_image":[{"url":"https:\/\/doppelwetten.com\/wp-content\/uploads\/2019\/06\/20.jpg"}],"twitter_card":"summary_large_image","twitter_site":"@doppelwetten","twitter_misc":{"Gesch\u00e4tzte Lesezeit":"5 Minuten"},"schema":{"@context":"https:\/\/schema.org","@graph":[{"@type":"WebPage","@id":"https:\/\/doppelwetten.com\/de\/the-best-betting-brokers\/","url":"https:\/\/doppelwetten.com\/de\/the-best-betting-brokers\/","name":"Die besten Wettbroker - DoppelWetten","isPartOf":{"@id":"https:\/\/doppelwetten.com\/#website"},"datePublished":"2019-03-07T22:34:49+00:00","dateModified":"2022-08-01T02:39:17+00:00","breadcrumb":{"@id":"https:\/\/doppelwetten.com\/de\/the-best-betting-brokers\/#breadcrumb"},"inLanguage":"de-DE","potentialAction":[{"@type":"ReadAction","target":["https:\/\/doppelwetten.com\/de\/the-best-betting-brokers\/"]}]},{"@type":"BreadcrumbList","@id":"https:\/\/doppelwetten.com\/de\/the-best-betting-brokers\/#breadcrumb","itemListElement":[{"@type":"ListItem","position":1,"name":"Home","item":"https:\/\/doppelwetten.com\/de\/"},{"@type":"ListItem","position":2,"name":"Die besten Wettbroker"}]},{"@type":"WebSite","@id":"https:\/\/doppelwetten.com\/#website","url":"https:\/\/doppelwetten.com\/","name":"DoppelWetten","description":"risikolosen Wetten (Schritt f\u00fcr Schritt)","publisher":{"@id":"https:\/\/doppelwetten.com\/#organization"},"potentialAction":[{"@type":"SearchAction","target":{"@type":"EntryPoint","urlTemplate":"https:\/\/doppelwetten.com\/?s={search_term_string}"},"query-input":"required name=search_term_string"}],"inLanguage":"de-DE"},{"@type":"Organization","@id":"https:\/\/doppelwetten.com\/#organization","name":"DoppelWetten","url":"https:\/\/doppelwetten.com\/","logo":{"@type":"ImageObject","inLanguage":"de-DE","@id":"https:\/\/doppelwetten.com\/#\/schema\/logo\/image\/","url":"https:\/\/doppelwetten.com\/wp-content\/uploads\/2021\/05\/google-logo-size.png","contentUrl":"https:\/\/doppelwetten.com\/wp-content\/uploads\/2021\/05\/google-logo-size.png","caption":"DoppelWetten"},"image":{"@id":"https:\/\/doppelwetten.com\/#\/schema\/logo\/image\/"},"sameAs":["https:\/\/twitter.com\/doppelwetten"]}]}},"_links":{"self":[{"href":"https:\/\/doppelwetten.com\/de\/wp-json\/wp\/v2\/pages\/13761"}],"collection":[{"href":"https:\/\/doppelwetten.com\/de\/wp-json\/wp\/v2\/pages"}],"about":[{"href":"https:\/\/doppelwetten.com\/de\/wp-json\/wp\/v2\/types\/page"}],"author":[{"embeddable":true,"href":"https:\/\/doppelwetten.com\/de\/wp-json\/wp\/v2\/users\/1"}],"replies":[{"embeddable":true,"href":"https:\/\/doppelwetten.com\/de\/wp-json\/wp\/v2\/comments?post=13761"}],"version-history":[{"count":5,"href":"https:\/\/doppelwetten.com\/de\/wp-json\/wp\/v2\/pages\/13761\/revisions"}],"predecessor-version":[{"id":29433,"href":"https:\/\/doppelwetten.com\/de\/wp-json\/wp\/v2\/pages\/13761\/revisions\/29433"}],"wp:attachment":[{"href":"https:\/\/doppelwetten.com\/de\/wp-json\/wp\/v2\/media?parent=13761"}],"curies":[{"name":"wp","href":"https:\/\/api.w.org\/{rel}","templated":true}]}}