{"id":13153,"date":"2019-02-24T20:07:14","date_gmt":"2019-02-24T20:07:14","guid":{"rendered":"https:\/\/doppelwetten.com\/betkeen-user-guide\/"},"modified":"2022-11-09T10:51:23","modified_gmt":"2022-11-09T10:51:23","slug":"betkeen-user-guide","status":"publish","type":"page","link":"https:\/\/doppelwetten.com\/de\/betkeen-user-guide\/","title":{"rendered":"Betkeen Leitfaden"},"content":{"rendered":"\n<h1>\n\t\tBetkeen Leitfaden\n\t<\/h1>\n\t<p>Nachdem Du Dich bei <a href=\"https:\/\/doppelwetten.com\/de\/step-by-step-betkeen-sign-up-guide\/\">Betkeen angemeldet<\/a> hast, ist es nun Zeit, die Seite und ihre Funktionen kennenzulernen.<\/p>\n<h2>Einloggen<\/h2>\n<p>Du kannst Dich \u00fcber die <a href=\"https:\/\/betkeen.easysportbet.co.uk\/Account\/Login\" class=\"broken_link\">Betkeen Webseite<\/a>\u00a0einloggen.<\/p>\n<p><img loading=\"lazy\" src=\"https:\/\/doppelwetten.com\/wp-content\/uploads\/2019\/02\/23.png\" alt=\"Betkeen\" width=\"512\" height=\"241\" \/><\/p>\n<p>Oder\u00a0\u00fcber den Link von Deinem Easysportbet-Konto.<\/p>\n<p><img loading=\"lazy\" src=\"https:\/\/doppelwetten.com\/wp-content\/uploads\/2019\/02\/18.png\" alt=\"Betkeen\" width=\"517\" height=\"243\" \/><\/p>\n<h2>Erste Ansicht<\/h2>\n<p>Hier ist die erste Seite, die Du siehst, wenn Du Dich in Dein Betkeen-Konto einloggst.<\/p>\n<p>Im nachstehenden gehe ich kurz durch die wesentlichen Funktionen.<\/p>\n<p><i>1<\/i>Das auf Deinem Konto verf\u00fcgbare Geld. Aus Datenschutzgr\u00fcnden habe ich meins unkenntlich gemacht; Du wirst jedoch Deinen Kontostand sehen k\u00f6nnen.<\/p>\n<p><i>2<\/i>Hier kannst Du die Angaben zu Deinem Konto sehen, Dein Passwort \u00e4ndern etc.<\/p>\n<p><i>3<\/i>Brauchst Du Hilfe? Du kannst Betkeen auf verschiedene Arten kontaktieren, z. B. E-Mail, Facebook Messenger und Skype.<\/p>\n<p><i>4<\/i>Die sehr n\u00fctzliche Suchfunktion. F\u00fcr mich ist dies der beste Weg, die Spiele, auf die ich wetten will, zu finden.<\/p>\n<p><i>5<\/i>In dem Men\u00fc auf der linken Seite des Bildschirms kannst Du das Spiel, das Du ausgew\u00e4hlt hast, manuell suchen.<\/p>\n<p><i>6<\/i>Wichtige Ereignisse werden in diesem Bereich gelistet. Hier kann man ein Spiel auch schnell finden.<\/p>\n<h2>Informationen zu Deinem Konto<\/h2>\n<p>Unter \u201eMy Account&#8220; kannst Du alles zu Deinem Konto und Deinen Wetten finden.<\/p>\n<p>Hier sind einige n\u00fctzliche Funktionen.<\/p>\n<p>All my bets: eine Liste aller Wetten, die Du platziert hast, einschlie\u00dflich der Eins\u00e4tze, Quoten und ob Deine Wette gewonnen oder verloren hat.<\/p>\n<p>Transaction history: Hier kannst Du alle Ein- und Auszahlungen sehen, die Du vorgenommen hast.<\/p>\n<p>Overall Betkeen result: In diesem Abschnitt kannst Du die Ergebnisse des Betkeen Shared Funds-Programms sehen. Dies wird weiter unten noch n\u00e4her erl\u00e4utert.<\/p>\n<h2>Deine Wette finden<\/h2>\n<h2><strong>Methode 1<\/strong><\/h2>\n<p>Meine bevorzugte Methode, das Spiel zu finden, das ich gerade suche, ist mit der Suchfunktion oben links auf dem Bildschirm.<\/p>\n<p>Bei diesem Suchvorgang suche ich ein Borussia Dortmund Spiel, und zwar das Spielergebnis. Ich habe \u201edortmund&#8220; eingegeben und bekomme eine Liste von Spielen mit Borussia Dortmund.<\/p>\n<p>Wenn es zu viele Resultate gibt, kann ich die Suche auf z. B. das Spielergebnis einschr\u00e4nken.<\/p>\n<p><img loading=\"lazy\" src=\"https:\/\/doppelwetten.com\/wp-content\/uploads\/2019\/02\/27-1.png\" alt=\"Betkeen\" width=\"1920\" height=\"903\" \/><\/p>\n<h2><strong>Methode 2<\/strong><\/h2>\n<p>Die zweite Methode, das von Dir gesuchte Spiel zu finden, ist \u00fcber das Men\u00fc auf der linken Seite des Bildschirms. Du kannst z. B. auf \u201eSoccer&#8220; gehen und dann Champions League ausw\u00e4hlen, wenn Du ein Champions League-Spiel suchst.<\/p>\n<p><img loading=\"lazy\" src=\"https:\/\/doppelwetten.com\/wp-content\/uploads\/2019\/02\/30.png\" alt=\"Betkeen\" width=\"1920\" height=\"903\" \/><\/p>\n<h2>Deine Wette platzieren<\/h2>\n<p>Wenn Du das von Dir gesuchte Spiel gefunden hast, kannst Du die Lay-Wette platzieren.<\/p>\n<p><i>1<\/i>Denke daran, dass die Lay-Quoten immer rosa sind. Die Back-Quoten sind blau.<\/p>\n<p><i>2<\/i>In diesem Beispiel will ich Dortmund layen. Also schaue ich auf die Linie mit Dortmund.<\/p>\n<p><i>3<\/i>In dem Wettschein kannst Du alle Informationen \u00fcber die Wette, die Du gerade platzierst, sehen.<\/p>\n<p><i>4<\/i>Die Wettart, in diesem Fall eine Lay-Wette.<\/p>\n<p><i>5<\/i>Die Auswahl, in diesem Beispiel Dortmund.<\/p>\n<p><i>6<\/i>Die Lay-Quote.<\/p>\n<p><i>7<\/i>Der Wetteinsatz.<\/p>\n<p><i>8<\/i>Hier kannst Du den Profit sehen, falls die Wette gewinnt, und die Haftung, falls sie verliert. In diesem Beispiel ist die Haftung 10,36\u20ac.<\/p>\n<p><i>9<\/i>Wenn Du bereit bist, kannst Du hier klicken, um die Wette zu platzieren.<\/p>\n<h2>Betfair im Oddsmatcher benutzen<\/h2>\n<p>Betkeen ist eine <a href=\"\/?p=12875\" class=\"broken_link\">Betfair White Label Wettb\u00f6rse<\/a>. Das bedeutet, dass sie ein Betfair-Klon mit denselben Quoten und Liquidit\u00e4ten ist. <strong>Aktualisierung: Bitte beachte, dass die Betkeen Lay-Quoten in letzter Zeit durchgehend \u00fcber denen von Betfair gelegen haben.<\/strong><\/p>\n<p>Das Gute daran ist, dass Du einfach nach Betfair im <a href=\"https:\/\/doppelwetten.com\/oddsmatcher\/\">Oddsmatcher<\/a>\u00a0suchen kannst.<\/p>\n<p><img loading=\"lazy\" src=\"https:\/\/doppelwetten.com\/wp-content\/uploads\/2019\/03\/41.png\" alt=\"Betkeen\" width=\"1177\" height=\"779\" \/><\/p>\n<h2>Betkeen Provision<\/h2>\n<p>Die Provision ist 1,5% pro Wette im \u201eGambling&#8220;-Modus, oder 1,7% pro Markt im \u201eTrading&#8220;-Modus.<\/p>\n<p>Du benutzt den \u201eGambling&#8220;-Modus.<\/p>\n<p><b>Gambling-Modus<\/b>\u00a0:<\/p>\n<p>Im Gambling-Modus wird die Provision in Prozent auf jede bei Betkeen platzierte Wette berechnet, egal ob sie gewinnt oder verliert.<\/p>\n<p>Alle Wetten, die auf einen bestimmten Markt platziert wurden, sind unabh\u00e4ngig voneinander. Daher wird die Provision auf jede Wette berechnet und nicht wie im Trading-Modus auf den Bruttoverdienst von einem einzelnen Markt.<\/p>\n<p><b>Trading-Modus<\/b>\u00a0:<\/p>\n<p>Im Trading-Modus wird die Provision in Prozent nur auf Deinen Bruttogewinn\/-verlust auf einen Markt berechnet. Im Gegensatz zum Gambling-Modus wird keine Provision pro Wette abgezogen.<\/p>\n<h2>Betkeen Provision und der Oddsmatcher<\/h2>\n<p>Im Oddsmatcher wird die Betfair-Provision nur auf gewinnende Wetten berechnet.<\/p>\n<p>Daher empfehlen wir, die Betfair-Provision manuell auf 3% abzu\u00e4ndern, um eine genauere Berechnung der Provision zu erm\u00f6glichen.<\/p>\n<h2>Auszahlung<\/h2>\n<p>Wenn Du eine Auzahlung vornehmen m\u00f6chtest, musst Du zuerst zu \u201emy account&#8220; gehen und das Geld zur\u00fcck auf Dein Easysportbet-Konto transferieren.<\/p>\n<p>Von Deinem Easysportbet-Konto kannst Du dann \u00fcber das Men\u00fc auf der linken Seite des Bildschirms eine Auszahlung beantragen.<\/p>\n<h2>Betkeen Shared Funds-Programm<\/h2>\n<p>Das Betkeen Shared Funds-Programm ist eine besondere Eigenschaft und ein guter Weg, m\u00f6glicherweise etwas zus\u00e4tzliches Geld zu verdienen.<\/p>\n<p>Du musst nichts weiter unternehmen, da jeder Betkeen-Nutzer automatisch an diesem obligatorischen Programm teilnimmt.<\/p>\n<p>Das Programm funktioniert folgenderma\u00dfen.<\/p>\n<p>Jede Woche werden die Gesamtverluste oder -gewinne aller registrierten Betkeen-Nutzer ausgerechnet.<\/p>\n<h2><strong>Globaler Verlust<\/strong><\/h2>\n<p>In einer Woche, in der der Gesamtgewinn\/-verlust negativ ist, d. h. in der Betkeen-Kunden insgesamt mehr verloren als gewonnen haben, wird ein Teil des Betkeen-Profits an Kunden, die in der Woche einen negativen Kontostand haben, umverteilt. Kunden mit einem positiven Kontostand sind davon nicht betroffen.<\/p>\n<p>In einer Woche, in der Betkeen einen Gewinn gemacht hat, Du jedoch einen Verlust, zahlt Dir Betkeen etwas Geld auf Dein Konto.<\/p>\n<p>Denke daran, dass falls Du in einer Woche bei Betkeen einen Verlust gemacht hast, Du bei Deinen Buchmacher-Konten einen Gewinn gemacht hast.<\/p>\n<h2><strong>Globaler Gewinn\u00a0<\/strong><\/h2>\n<p>In einer Woche, in der der Gesamtgewinn\/-verlust positiv ist, d. h. in der Betkeen-Kunden insgesamt mehr gewonnen als verloren haben, wird Betkeen einen Teil des Profits von Kunden, die in der Woche einen positiven Kontostand haben, absch\u00f6pfen. Kunden mit einem negativen Kontostand sind davon nicht betroffen.<\/p>\n<p>Unter \u201eMy account&#8220; kannst Du den Gesamtgewinn\/-verlust einsehen.<\/p>\n<p>Zum Zeitpunkt der Verfassung dieses Leitfadens ist seit 72 Wochen durchgehend Geld an Betkeen-Kunden r\u00fcckerstattet worden.<\/p>\n<p><img loading=\"lazy\" src=\"https:\/\/doppelwetten.com\/wp-content\/uploads\/2019\/02\/32-1.png\" alt=\"Betkeen\" width=\"1920\" height=\"903\" \/><\/p>\n\n","protected":false},"excerpt":{"rendered":"<p>Betkeen Leitfaden Nachdem Du Dich bei Betkeen angemeldet hast, ist es nun Zeit, die Seite und ihre Funktionen kennenzulernen. Einloggen [&hellip;]<\/p>\n","protected":false},"author":1,"featured_media":0,"parent":0,"menu_order":0,"comment_status":"closed","ping_status":"closed","template":"","meta":{"_mi_skip_tracking":false},"yoast_head":"<!-- This site is optimized with the Yoast SEO plugin v19.13 - https:\/\/yoast.com\/wordpress\/plugins\/seo\/ -->\n<title>Betkeen Leitfaden - DoppelWetten<\/title>\n<meta name=\"robots\" content=\"index, follow, max-snippet:-1, max-image-preview:large, max-video-preview:-1\" \/>\n<link rel=\"canonical\" href=\"https:\/\/doppelwetten.com\/de\/betkeen-user-guide\/\" \/>\n<meta property=\"og:locale\" content=\"de_DE\" \/>\n<meta property=\"og:type\" content=\"article\" \/>\n<meta property=\"og:title\" content=\"Betkeen Leitfaden - DoppelWetten\" \/>\n<meta property=\"og:description\" content=\"Betkeen Leitfaden Nachdem Du Dich bei Betkeen angemeldet hast, ist es nun Zeit, die Seite und ihre Funktionen kennenzulernen. Einloggen [&hellip;]\" \/>\n<meta property=\"og:url\" content=\"https:\/\/doppelwetten.com\/de\/betkeen-user-guide\/\" \/>\n<meta property=\"og:site_name\" content=\"DoppelWetten\" \/>\n<meta property=\"article:modified_time\" content=\"2022-11-09T10:51:23+00:00\" \/>\n<meta property=\"og:image\" content=\"https:\/\/doppelwetten.com\/wp-content\/uploads\/2019\/02\/23.png\" \/>\n<meta name=\"twitter:card\" content=\"summary_large_image\" \/>\n<meta name=\"twitter:site\" content=\"@doppelwetten\" \/>\n<meta name=\"twitter:label1\" content=\"Gesch\u00e4tzte Lesezeit\" \/>\n\t<meta name=\"twitter:data1\" content=\"5 Minuten\" \/>\n<script type=\"application\/ld+json\" class=\"yoast-schema-graph\">{\"@context\":\"https:\/\/schema.org\",\"@graph\":[{\"@type\":\"WebPage\",\"@id\":\"https:\/\/doppelwetten.com\/de\/betkeen-user-guide\/\",\"url\":\"https:\/\/doppelwetten.com\/de\/betkeen-user-guide\/\",\"name\":\"Betkeen Leitfaden - DoppelWetten\",\"isPartOf\":{\"@id\":\"https:\/\/doppelwetten.com\/#website\"},\"datePublished\":\"2019-02-24T20:07:14+00:00\",\"dateModified\":\"2022-11-09T10:51:23+00:00\",\"breadcrumb\":{\"@id\":\"https:\/\/doppelwetten.com\/de\/betkeen-user-guide\/#breadcrumb\"},\"inLanguage\":\"de-DE\",\"potentialAction\":[{\"@type\":\"ReadAction\",\"target\":[\"https:\/\/doppelwetten.com\/de\/betkeen-user-guide\/\"]}]},{\"@type\":\"BreadcrumbList\",\"@id\":\"https:\/\/doppelwetten.com\/de\/betkeen-user-guide\/#breadcrumb\",\"itemListElement\":[{\"@type\":\"ListItem\",\"position\":1,\"name\":\"Home\",\"item\":\"https:\/\/doppelwetten.com\/de\/\"},{\"@type\":\"ListItem\",\"position\":2,\"name\":\"Betkeen Leitfaden\"}]},{\"@type\":\"WebSite\",\"@id\":\"https:\/\/doppelwetten.com\/#website\",\"url\":\"https:\/\/doppelwetten.com\/\",\"name\":\"DoppelWetten\",\"description\":\"risikolosen Wetten (Schritt f\u00fcr Schritt)\",\"publisher\":{\"@id\":\"https:\/\/doppelwetten.com\/#organization\"},\"potentialAction\":[{\"@type\":\"SearchAction\",\"target\":{\"@type\":\"EntryPoint\",\"urlTemplate\":\"https:\/\/doppelwetten.com\/?s={search_term_string}\"},\"query-input\":\"required name=search_term_string\"}],\"inLanguage\":\"de-DE\"},{\"@type\":\"Organization\",\"@id\":\"https:\/\/doppelwetten.com\/#organization\",\"name\":\"DoppelWetten\",\"url\":\"https:\/\/doppelwetten.com\/\",\"logo\":{\"@type\":\"ImageObject\",\"inLanguage\":\"de-DE\",\"@id\":\"https:\/\/doppelwetten.com\/#\/schema\/logo\/image\/\",\"url\":\"https:\/\/doppelwetten.com\/wp-content\/uploads\/2021\/05\/google-logo-size.png\",\"contentUrl\":\"https:\/\/doppelwetten.com\/wp-content\/uploads\/2021\/05\/google-logo-size.png\",\"caption\":\"DoppelWetten\"},\"image\":{\"@id\":\"https:\/\/doppelwetten.com\/#\/schema\/logo\/image\/\"},\"sameAs\":[\"https:\/\/twitter.com\/doppelwetten\"]}]}<\/script>\n<!-- \/ Yoast SEO plugin. -->","yoast_head_json":{"title":"Betkeen Leitfaden - DoppelWetten","robots":{"index":"index","follow":"follow","max-snippet":"max-snippet:-1","max-image-preview":"max-image-preview:large","max-video-preview":"max-video-preview:-1"},"canonical":"https:\/\/doppelwetten.com\/de\/betkeen-user-guide\/","og_locale":"de_DE","og_type":"article","og_title":"Betkeen Leitfaden - DoppelWetten","og_description":"Betkeen Leitfaden Nachdem Du Dich bei Betkeen angemeldet hast, ist es nun Zeit, die Seite und ihre Funktionen kennenzulernen. Einloggen [&hellip;]","og_url":"https:\/\/doppelwetten.com\/de\/betkeen-user-guide\/","og_site_name":"DoppelWetten","article_modified_time":"2022-11-09T10:51:23+00:00","og_image":[{"url":"https:\/\/doppelwetten.com\/wp-content\/uploads\/2019\/02\/23.png"}],"twitter_card":"summary_large_image","twitter_site":"@doppelwetten","twitter_misc":{"Gesch\u00e4tzte Lesezeit":"5 Minuten"},"schema":{"@context":"https:\/\/schema.org","@graph":[{"@type":"WebPage","@id":"https:\/\/doppelwetten.com\/de\/betkeen-user-guide\/","url":"https:\/\/doppelwetten.com\/de\/betkeen-user-guide\/","name":"Betkeen Leitfaden - DoppelWetten","isPartOf":{"@id":"https:\/\/doppelwetten.com\/#website"},"datePublished":"2019-02-24T20:07:14+00:00","dateModified":"2022-11-09T10:51:23+00:00","breadcrumb":{"@id":"https:\/\/doppelwetten.com\/de\/betkeen-user-guide\/#breadcrumb"},"inLanguage":"de-DE","potentialAction":[{"@type":"ReadAction","target":["https:\/\/doppelwetten.com\/de\/betkeen-user-guide\/"]}]},{"@type":"BreadcrumbList","@id":"https:\/\/doppelwetten.com\/de\/betkeen-user-guide\/#breadcrumb","itemListElement":[{"@type":"ListItem","position":1,"name":"Home","item":"https:\/\/doppelwetten.com\/de\/"},{"@type":"ListItem","position":2,"name":"Betkeen Leitfaden"}]},{"@type":"WebSite","@id":"https:\/\/doppelwetten.com\/#website","url":"https:\/\/doppelwetten.com\/","name":"DoppelWetten","description":"risikolosen Wetten (Schritt f\u00fcr Schritt)","publisher":{"@id":"https:\/\/doppelwetten.com\/#organization"},"potentialAction":[{"@type":"SearchAction","target":{"@type":"EntryPoint","urlTemplate":"https:\/\/doppelwetten.com\/?s={search_term_string}"},"query-input":"required name=search_term_string"}],"inLanguage":"de-DE"},{"@type":"Organization","@id":"https:\/\/doppelwetten.com\/#organization","name":"DoppelWetten","url":"https:\/\/doppelwetten.com\/","logo":{"@type":"ImageObject","inLanguage":"de-DE","@id":"https:\/\/doppelwetten.com\/#\/schema\/logo\/image\/","url":"https:\/\/doppelwetten.com\/wp-content\/uploads\/2021\/05\/google-logo-size.png","contentUrl":"https:\/\/doppelwetten.com\/wp-content\/uploads\/2021\/05\/google-logo-size.png","caption":"DoppelWetten"},"image":{"@id":"https:\/\/doppelwetten.com\/#\/schema\/logo\/image\/"},"sameAs":["https:\/\/twitter.com\/doppelwetten"]}]}},"_links":{"self":[{"href":"https:\/\/doppelwetten.com\/de\/wp-json\/wp\/v2\/pages\/13153"}],"collection":[{"href":"https:\/\/doppelwetten.com\/de\/wp-json\/wp\/v2\/pages"}],"about":[{"href":"https:\/\/doppelwetten.com\/de\/wp-json\/wp\/v2\/types\/page"}],"author":[{"embeddable":true,"href":"https:\/\/doppelwetten.com\/de\/wp-json\/wp\/v2\/users\/1"}],"replies":[{"embeddable":true,"href":"https:\/\/doppelwetten.com\/de\/wp-json\/wp\/v2\/comments?post=13153"}],"version-history":[{"count":5,"href":"https:\/\/doppelwetten.com\/de\/wp-json\/wp\/v2\/pages\/13153\/revisions"}],"predecessor-version":[{"id":29820,"href":"https:\/\/doppelwetten.com\/de\/wp-json\/wp\/v2\/pages\/13153\/revisions\/29820"}],"wp:attachment":[{"href":"https:\/\/doppelwetten.com\/de\/wp-json\/wp\/v2\/media?parent=13153"}],"curies":[{"name":"wp","href":"https:\/\/api.w.org\/{rel}","templated":true}]}}