{"id":13124,"date":"2019-02-24T18:30:44","date_gmt":"2019-02-24T18:30:44","guid":{"rendered":"https:\/\/doppelwetten.com\/step-by-step-betkeen-sign-up-guide\/"},"modified":"2021-11-18T04:18:26","modified_gmt":"2021-11-18T04:18:26","slug":"step-by-step-betkeen-sign-up-guide","status":"publish","type":"page","link":"https:\/\/doppelwetten.com\/de\/step-by-step-betkeen-sign-up-guide\/","title":{"rendered":"Schritt-f\u00fcr-Schritt Leitfaden f\u00fcr die Registrierung bei Betkeen"},"content":{"rendered":"\n\n\t<h1>Schritt-f\u00fcr-Schritt Leitfaden f\u00fcr die Registrierung bei Betkeen<\/h1>\n<p><img loading=\"lazy\" src=\"https:\/\/doppelwetten.com\/wp-content\/uploads\/2019\/02\/logo.png\" alt=\"Betkeen\" width=\"238\" height=\"52\" \/><\/p>\n<p><a href=\"http:\/\/easysportbet.co.uk\/en\/\" class=\"broken_link\">Easysportbet<\/a> ist ein Wettbroker, und Teil seines Service ist der Zugang zu der Wettb\u00f6rse Betkeen.<\/p>\n<p>Wir empfehlen Dir, unseren Blog-Post \u00fcber <a href=\"https:\/\/doppelwetten.com\/de\/what-is-a-betting-broker\/\">Wettbroker<\/a> zu lesen.<\/p>\n<p>Betkeen ist ein sogenanntes White Label der Wettb\u00f6rse Betfair. Dies bedeutet, dass die Quoten und die Liquidit\u00e4t so wie bei Betfair sein sollten, das Betfair-Logo jedoch nicht verwendet wird.<\/p>\n<p>Das ist wichtig, da Betkeen nicht im <a href=\"https:\/\/doppelwetten.com\/oddsmatcher\/\">Oddsmatcher<\/a> gelistet ist. Betfair dagegen ist im Oddsmatcher enthalten. Wenn Du also ein Match mit Betfair siehst, ist dies mit Betkeen austauschbar, und Du hast dieselben Quoten und dieselbe Liquidit\u00e4t. <strong>Aktualisierung: Bitte beachte, dass die Betkeen Lay-Quoten in letzter Zeit durchgehend \u00fcber denen von Betfair gelegen haben.<\/strong><\/p>\n<p>Dieser Leitfaden f\u00fchrt Dich Schritt f\u00fcr Schritt durch den Registrierungsprozess.<\/p>\n<h2>Schritt 1<\/h2>\n<p>Gehe zu www.easysportbet.co.uk und klicke auf den Button \u201ejoin for free&#8220;.<\/p>\n<p><img src=\"https:\/\/doppelwetten.com\/wp-content\/uploads\/2019\/02\/1-1-1024x482.png\" \/><\/p>\n<h2>Schritt 2<\/h2>\n<p>F\u00fclle das Anmeldeformular aus und klicke auf \u201ecreate my account&#8220;, wenn Du fertig bist.<\/p>\n<p><img src=\"https:\/\/doppelwetten.com\/wp-content\/uploads\/2019\/02\/2-1024x789.png\" \/><\/p>\n<h2>Schritt 3<\/h2>\n<p>Jetzt wirst Du die unten gezeigte Nachricht sehen.<\/p>\n<p>Gehe zu Deiner E-Mail-Inbox und finde die E-Mail von Easysportbet. Wenn Du sie nicht sehen kannst, suche in Deinem Spamordner.<\/p>\n<p><img src=\"https:\/\/doppelwetten.com\/wp-content\/uploads\/2019\/02\/3-1024x482.png\" \/><\/p>\n<h2>Schritt 4<\/h2>\n<p>\u00d6ffne die E-Mail und klicke auf den Link, um Dein Konto zu aktivieren.<\/p>\n<p><img src=\"https:\/\/doppelwetten.com\/wp-content\/uploads\/2019\/02\/4-1024x512.png\" \/><\/p>\n<h2>Schritt 5<\/h2>\n<p>Prima. Dein Konto ist nun aktiviert, und Du kannst Dein Konto jetzt verifizieren, damit Du eine Einzahlung vornehmen kannst. Klicke auf \u201eGo to my account&#8220;.<\/p>\n<p><img src=\"https:\/\/doppelwetten.com\/wp-content\/uploads\/2019\/02\/5-1024x482.png\" \/><\/p>\n<h2>Schritt 6<\/h2>\n<p>Gehe im Bildschirmmen\u00fc auf der linken Seite unter \u201eMy account&#8220; auf \u201eVerification (KYC)&#8220;. KYC steht f\u00fcr \u201eKnow Your Customer&#8220;, und hierbei handelt es sich um einen Standardprozess, mit dem Buchmacher und Wettb\u00f6rsen Deine Identit\u00e4t \u00fcberpr\u00fcfen.<\/p>\n<p><img src=\"https:\/\/doppelwetten.com\/wp-content\/uploads\/2019\/02\/6-1024x482.png\" \/><\/p>\n<h2>Schritt 7<\/h2>\n<p>Trage Deine Angaben in das Formular ein und klicke auf \u201eSave my data&#8220;.<\/p>\n<p><img src=\"https:\/\/doppelwetten.com\/wp-content\/uploads\/2019\/02\/7-1024x482.png\" \/><\/p>\n<h2>Schritt 8<\/h2>\n<p>Unter \u201eAccount information&#8220; kannst Du jetzt auf \u201eVerify&#8220; klicken.<\/p>\n<p><img src=\"https:\/\/doppelwetten.com\/wp-content\/uploads\/2019\/02\/8-1024x482.png\" \/><\/p>\n<h2>Schritt 9<\/h2>\n<p>Um Dein Konto zu verifizieren, musst Du einen Identit\u00e4tsnachweis und einen Addressennachweis an kyc@easysportbet.co.uk senden.<\/p>\n<p>Identit\u00e4tsnachweis:<\/p>\n<i class=\"icon-circle-blank hb-icon-float-left hb-icon-small hb-icon\" style=\"color:#0099ff\"><\/i>Reisepass<\/p>\n<i class=\"icon-circle-blank hb-icon-float-left hb-icon-small hb-icon\" style=\"color:#0099ff\"><\/i>F\u00fchrerschein (ein Foto von beiden Seiten)<\/p>\n<i class=\"icon-circle-blank hb-icon-float-left hb-icon-small hb-icon\" style=\"color:#0099ff\"><\/i>Personalausweis (ein Foto von beiden Seiten)<\/p>\n<p>Sowie<\/p>\n<p>Adressennachweis:<\/p>\n<i class=\"icon-circle-blank hb-icon-float-left hb-icon-small hb-icon\" style=\"color:#0099ff\"><\/i>Rechnung eines Versorgungsunternehmens (nicht \u00e4lter als 3 Monate)<\/p>\n<i class=\"icon-circle-blank hb-icon-float-left hb-icon-small hb-icon\" style=\"color:#0099ff\"><\/i>Kontoauszug (nicht \u00e4lter als 3 Monate)<\/p>\n<i class=\"icon-circle-blank hb-icon-float-left hb-icon-small hb-icon\" style=\"color:#0099ff\"><\/i>Steuerbescheid (nicht \u00e4lter als 3 Monate)<\/p>\n<p>Ich finde, dass es am einfachsten ist, ein Foto mit meinem Handy zu machen (achte darauf, dass alles klar und leserlich ist und dass man alle vier Ecken sehen kann) und dann das Bild an meine eigene E-Mail-Adresse zu schicken. Ich w\u00fcrde Dir empfehlen, die Fotos auf Deinem Computer zu speichern, da Du sie vielleicht in Zukunft wieder brauchst, wenn Du neue Buchmacherkonten er\u00f6ffnest.<\/p>\n<p>Du solltest normalerweise eine Antwort innerhalb von 1 bis 2 Stunden bekommen.<\/p>\n<p><img src=\"https:\/\/doppelwetten.com\/wp-content\/uploads\/2019\/02\/9-1024x482.png\" \/><\/p>\n<h2>Schritt 10<\/h2>\n<p>Unten ist die E-Mail, die ich an Betkeen gesandt habe. Du kannst gerne den gleichen Text in Deiner E-Mail verwenden.<\/p>\n<p><img src=\"https:\/\/doppelwetten.com\/wp-content\/uploads\/2019\/02\/10.png\" \/><\/p>\n<h2>Schritt 11<\/h2>\n<p>Ungef\u00e4hr eine Stunde sp\u00e4ter habe ich die Best\u00e4tigung von Betkeen bekommen, dass mein Konto verifiziert worden ist.<\/p>\n<p><img src=\"https:\/\/doppelwetten.com\/wp-content\/uploads\/2019\/02\/11-1024x392.png\" \/><\/p>\n<h2>Schritt 12<\/h2>\n<p>Jetzt bist Du soweit, dass Du eine Einzahlung auf Dein Easysportbet-Konto vornehmen kannst. Easysportbet ist das Hauptkonto, und von dort kannst Du das Geld auf Dein Betkeen-Konto transferieren.<\/p>\n<p>Ich habe Sofort\u00fcberweisung genutzt, um meine Einzahlung zu t\u00e4tigen, da hierbei 0% Geb\u00fchren anfallen und es schnell und einfach geht. Du kannst nat\u00fcrlich die Methode ausw\u00e4hlen, die Dir am besten passt.<\/p>\n<p><img src=\"https:\/\/doppelwetten.com\/wp-content\/uploads\/2019\/02\/12-1024x482.png\" \/><\/p>\n<h2>Schritt 13<\/h2>\n<p>F\u00fcr dieses Beispiel habe ich 25\u20ac eingezahlt (der Mindestbetrag f\u00fcr eine Einzahlung).<\/p>\n<p>Ich w\u00fcrde jedoch empfehlen, dass Du mindestens 100\u20ac einzahlst, damit Du genug Geld in Deinem Konto hast, um die Wetten f\u00fcr ein Neukundenangebot zu matchen.<\/p>\n<p><img src=\"https:\/\/doppelwetten.com\/wp-content\/uploads\/2019\/02\/13-1024x482.png\" \/><\/p>\n<h2>Schritt 14<\/h2>\n<p>Sobald Du die Best\u00e4tigung siehst, dass Deine Einzahlung erfolgreich war, klicke auf \u201eBack to Merchant&#8220;.<\/p>\n<p><img src=\"https:\/\/doppelwetten.com\/wp-content\/uploads\/2019\/02\/14-1024x482.png\" \/><\/p>\n<h2>Schritt 15<\/h2>\n<p>Oben links kannst Du Deinen Kontostand sehen.<\/p>\n<p>Jetzt musst Du Dein Betkeen-Konto aktivieren und Dein Geld transferieren.<\/p>\n<p>Klicke auf das gro\u00dfe Betkeen-Banner.<\/p>\n<p><img src=\"https:\/\/doppelwetten.com\/wp-content\/uploads\/2019\/02\/15-1024x482.png\" \/><\/p>\n<h2>Schritt 16<\/h2>\n<p>Klicke auf \u201eActivate Betkeen&#8220;.<\/p>\n<p><img src=\"https:\/\/doppelwetten.com\/wp-content\/uploads\/2019\/02\/16-1024x482.png\" \/><\/p>\n<h2>Schritt 17<\/h2>\n<p>Dein Betkeen-Konto ist jetzt aktiviert. Klicke auf \u201eYour Betkeen login&#8220;, um zum n\u00e4chsten Schritt zu kommen.<\/p>\n<p><img src=\"https:\/\/doppelwetten.com\/wp-content\/uploads\/2019\/02\/17-1024x482.png\" \/><\/p>\n<h2>Schritt 18<\/h2>\n<p>Der Link neben \u201eURL Platform&#8220; ist Dein Link zur Betkeen Log-in Seite.<\/p>\n<p>Unter dem Link findest Du Deine Log-in Angaben. Ich habe meine unkenntlich gemacht, aber Deine pers\u00f6nlichen Angaben werden f\u00fcr Dich sichtbar sein.<\/p>\n<p>Bevor Du Dich bei Betkeen einloggst, musst Du Geld von Deinem Easysportbet-Konto auf Dein Betkeen-Konto transferieren.<\/p>\n<p>Klicke entweder auf \u201eDeposit on Betkeen&#8220; oder auf \u201eTransfer&#8220; in dem Men\u00fc auf der linken Seite.<\/p>\n<p><img src=\"https:\/\/doppelwetten.com\/wp-content\/uploads\/2019\/02\/18-1024x482.png\" \/><\/p>\n<h2>Schritt 19<\/h2>\n<p>Gebe den Betrag ein, den Du transferieren m\u00f6chtest und klicke auf \u201eRequest to transfer&#8220;.<\/p>\n<p><img src=\"https:\/\/doppelwetten.com\/wp-content\/uploads\/2019\/02\/19-1024x482.png\" \/><\/p>\n<h2>Schritt 20<\/h2>\n<p>Transfer erfolgreich.<\/p>\n<p><img src=\"https:\/\/doppelwetten.com\/wp-content\/uploads\/2019\/02\/20-1024x482.png\" \/><\/p>\n<h2>Schritt 21<\/h2>\n<p>Klicke auf den in Schritt 18 angegebenen Link, um zur Betkeen Log-in Seite zu gehen, und trage Deine Log-in Angaben ein.<\/p>\n<p><img src=\"https:\/\/doppelwetten.com\/wp-content\/uploads\/2019\/02\/23-1024x482.png\" \/><\/p>\n<h2>Schritt 22<\/h2>\n<p>Bei Deinem ersten Log-in wirst Du gebeten, die Gesch\u00e4ftsbedingungen zu akzeptieren. Wir empfehlen immer, dass Du sie liest, bevor Du sie akzeptierst. Sobald Du bereit bist, klicke auf den Best\u00e4tigungs-Button am Ende der Seite.<\/p>\n<img src=\"https:\/\/doppelwetten.com\/wp-content\/uploads\/2019\/02\/24-884x1024.png\" \/><br \/>\nJetzt bist Du startklar.\n<p>Wir empfehlen, dass Du auch unseren <a href=\"https:\/\/doppelwetten.com\/de\/betkeen-user-guide\/\">Betkeen Leitfaden<\/a> liest.<\/p>\n\n","protected":false},"excerpt":{"rendered":"<p>Schritt-f\u00fcr-Schritt Leitfaden f\u00fcr die Registrierung bei Betkeen Easysportbet ist ein Wettbroker, und Teil seines Service ist der Zugang zu der [&hellip;]<\/p>\n","protected":false},"author":1,"featured_media":0,"parent":0,"menu_order":0,"comment_status":"closed","ping_status":"closed","template":"","meta":{"_mi_skip_tracking":false},"yoast_head":"<!-- This site is optimized with the Yoast SEO plugin v19.13 - https:\/\/yoast.com\/wordpress\/plugins\/seo\/ -->\n<title>Schritt-f\u00fcr-Schritt Leitfaden f\u00fcr die Registrierung bei Betkeen - DoppelWetten<\/title>\n<meta name=\"robots\" content=\"index, follow, max-snippet:-1, max-image-preview:large, max-video-preview:-1\" \/>\n<link rel=\"canonical\" href=\"https:\/\/doppelwetten.com\/de\/step-by-step-betkeen-sign-up-guide\/\" \/>\n<meta property=\"og:locale\" content=\"de_DE\" \/>\n<meta property=\"og:type\" content=\"article\" \/>\n<meta property=\"og:title\" content=\"Schritt-f\u00fcr-Schritt Leitfaden f\u00fcr die Registrierung bei Betkeen - DoppelWetten\" \/>\n<meta property=\"og:description\" content=\"Schritt-f\u00fcr-Schritt Leitfaden f\u00fcr die Registrierung bei Betkeen Easysportbet ist ein Wettbroker, und Teil seines Service ist der Zugang zu der [&hellip;]\" \/>\n<meta property=\"og:url\" content=\"https:\/\/doppelwetten.com\/de\/step-by-step-betkeen-sign-up-guide\/\" \/>\n<meta property=\"og:site_name\" content=\"DoppelWetten\" \/>\n<meta property=\"article:modified_time\" content=\"2021-11-18T04:18:26+00:00\" \/>\n<meta property=\"og:image\" content=\"https:\/\/doppelwetten.com\/wp-content\/uploads\/2019\/02\/logo.png\" \/>\n<meta name=\"twitter:card\" content=\"summary_large_image\" \/>\n<meta name=\"twitter:site\" content=\"@doppelwetten\" \/>\n<meta name=\"twitter:label1\" content=\"Gesch\u00e4tzte Lesezeit\" \/>\n\t<meta name=\"twitter:data1\" content=\"4 Minuten\" \/>\n<script type=\"application\/ld+json\" class=\"yoast-schema-graph\">{\"@context\":\"https:\/\/schema.org\",\"@graph\":[{\"@type\":\"WebPage\",\"@id\":\"https:\/\/doppelwetten.com\/de\/step-by-step-betkeen-sign-up-guide\/\",\"url\":\"https:\/\/doppelwetten.com\/de\/step-by-step-betkeen-sign-up-guide\/\",\"name\":\"Schritt-f\u00fcr-Schritt Leitfaden f\u00fcr die Registrierung bei Betkeen - DoppelWetten\",\"isPartOf\":{\"@id\":\"https:\/\/doppelwetten.com\/#website\"},\"datePublished\":\"2019-02-24T18:30:44+00:00\",\"dateModified\":\"2021-11-18T04:18:26+00:00\",\"breadcrumb\":{\"@id\":\"https:\/\/doppelwetten.com\/de\/step-by-step-betkeen-sign-up-guide\/#breadcrumb\"},\"inLanguage\":\"de-DE\",\"potentialAction\":[{\"@type\":\"ReadAction\",\"target\":[\"https:\/\/doppelwetten.com\/de\/step-by-step-betkeen-sign-up-guide\/\"]}]},{\"@type\":\"BreadcrumbList\",\"@id\":\"https:\/\/doppelwetten.com\/de\/step-by-step-betkeen-sign-up-guide\/#breadcrumb\",\"itemListElement\":[{\"@type\":\"ListItem\",\"position\":1,\"name\":\"Home\",\"item\":\"https:\/\/doppelwetten.com\/de\/\"},{\"@type\":\"ListItem\",\"position\":2,\"name\":\"Schritt-f\u00fcr-Schritt Leitfaden f\u00fcr die Registrierung bei Betkeen\"}]},{\"@type\":\"WebSite\",\"@id\":\"https:\/\/doppelwetten.com\/#website\",\"url\":\"https:\/\/doppelwetten.com\/\",\"name\":\"DoppelWetten\",\"description\":\"risikolosen Wetten (Schritt f\u00fcr Schritt)\",\"publisher\":{\"@id\":\"https:\/\/doppelwetten.com\/#organization\"},\"potentialAction\":[{\"@type\":\"SearchAction\",\"target\":{\"@type\":\"EntryPoint\",\"urlTemplate\":\"https:\/\/doppelwetten.com\/?s={search_term_string}\"},\"query-input\":\"required name=search_term_string\"}],\"inLanguage\":\"de-DE\"},{\"@type\":\"Organization\",\"@id\":\"https:\/\/doppelwetten.com\/#organization\",\"name\":\"DoppelWetten\",\"url\":\"https:\/\/doppelwetten.com\/\",\"logo\":{\"@type\":\"ImageObject\",\"inLanguage\":\"de-DE\",\"@id\":\"https:\/\/doppelwetten.com\/#\/schema\/logo\/image\/\",\"url\":\"https:\/\/doppelwetten.com\/wp-content\/uploads\/2021\/05\/google-logo-size.png\",\"contentUrl\":\"https:\/\/doppelwetten.com\/wp-content\/uploads\/2021\/05\/google-logo-size.png\",\"caption\":\"DoppelWetten\"},\"image\":{\"@id\":\"https:\/\/doppelwetten.com\/#\/schema\/logo\/image\/\"},\"sameAs\":[\"https:\/\/twitter.com\/doppelwetten\"]}]}<\/script>\n<!-- \/ Yoast SEO plugin. -->","yoast_head_json":{"title":"Schritt-f\u00fcr-Schritt Leitfaden f\u00fcr die Registrierung bei Betkeen - DoppelWetten","robots":{"index":"index","follow":"follow","max-snippet":"max-snippet:-1","max-image-preview":"max-image-preview:large","max-video-preview":"max-video-preview:-1"},"canonical":"https:\/\/doppelwetten.com\/de\/step-by-step-betkeen-sign-up-guide\/","og_locale":"de_DE","og_type":"article","og_title":"Schritt-f\u00fcr-Schritt Leitfaden f\u00fcr die Registrierung bei Betkeen - DoppelWetten","og_description":"Schritt-f\u00fcr-Schritt Leitfaden f\u00fcr die Registrierung bei Betkeen Easysportbet ist ein Wettbroker, und Teil seines Service ist der Zugang zu der [&hellip;]","og_url":"https:\/\/doppelwetten.com\/de\/step-by-step-betkeen-sign-up-guide\/","og_site_name":"DoppelWetten","article_modified_time":"2021-11-18T04:18:26+00:00","og_image":[{"url":"https:\/\/doppelwetten.com\/wp-content\/uploads\/2019\/02\/logo.png"}],"twitter_card":"summary_large_image","twitter_site":"@doppelwetten","twitter_misc":{"Gesch\u00e4tzte Lesezeit":"4 Minuten"},"schema":{"@context":"https:\/\/schema.org","@graph":[{"@type":"WebPage","@id":"https:\/\/doppelwetten.com\/de\/step-by-step-betkeen-sign-up-guide\/","url":"https:\/\/doppelwetten.com\/de\/step-by-step-betkeen-sign-up-guide\/","name":"Schritt-f\u00fcr-Schritt Leitfaden f\u00fcr die Registrierung bei Betkeen - DoppelWetten","isPartOf":{"@id":"https:\/\/doppelwetten.com\/#website"},"datePublished":"2019-02-24T18:30:44+00:00","dateModified":"2021-11-18T04:18:26+00:00","breadcrumb":{"@id":"https:\/\/doppelwetten.com\/de\/step-by-step-betkeen-sign-up-guide\/#breadcrumb"},"inLanguage":"de-DE","potentialAction":[{"@type":"ReadAction","target":["https:\/\/doppelwetten.com\/de\/step-by-step-betkeen-sign-up-guide\/"]}]},{"@type":"BreadcrumbList","@id":"https:\/\/doppelwetten.com\/de\/step-by-step-betkeen-sign-up-guide\/#breadcrumb","itemListElement":[{"@type":"ListItem","position":1,"name":"Home","item":"https:\/\/doppelwetten.com\/de\/"},{"@type":"ListItem","position":2,"name":"Schritt-f\u00fcr-Schritt Leitfaden f\u00fcr die Registrierung bei Betkeen"}]},{"@type":"WebSite","@id":"https:\/\/doppelwetten.com\/#website","url":"https:\/\/doppelwetten.com\/","name":"DoppelWetten","description":"risikolosen Wetten (Schritt f\u00fcr Schritt)","publisher":{"@id":"https:\/\/doppelwetten.com\/#organization"},"potentialAction":[{"@type":"SearchAction","target":{"@type":"EntryPoint","urlTemplate":"https:\/\/doppelwetten.com\/?s={search_term_string}"},"query-input":"required name=search_term_string"}],"inLanguage":"de-DE"},{"@type":"Organization","@id":"https:\/\/doppelwetten.com\/#organization","name":"DoppelWetten","url":"https:\/\/doppelwetten.com\/","logo":{"@type":"ImageObject","inLanguage":"de-DE","@id":"https:\/\/doppelwetten.com\/#\/schema\/logo\/image\/","url":"https:\/\/doppelwetten.com\/wp-content\/uploads\/2021\/05\/google-logo-size.png","contentUrl":"https:\/\/doppelwetten.com\/wp-content\/uploads\/2021\/05\/google-logo-size.png","caption":"DoppelWetten"},"image":{"@id":"https:\/\/doppelwetten.com\/#\/schema\/logo\/image\/"},"sameAs":["https:\/\/twitter.com\/doppelwetten"]}]}},"_links":{"self":[{"href":"https:\/\/doppelwetten.com\/de\/wp-json\/wp\/v2\/pages\/13124"}],"collection":[{"href":"https:\/\/doppelwetten.com\/de\/wp-json\/wp\/v2\/pages"}],"about":[{"href":"https:\/\/doppelwetten.com\/de\/wp-json\/wp\/v2\/types\/page"}],"author":[{"embeddable":true,"href":"https:\/\/doppelwetten.com\/de\/wp-json\/wp\/v2\/users\/1"}],"replies":[{"embeddable":true,"href":"https:\/\/doppelwetten.com\/de\/wp-json\/wp\/v2\/comments?post=13124"}],"version-history":[{"count":5,"href":"https:\/\/doppelwetten.com\/de\/wp-json\/wp\/v2\/pages\/13124\/revisions"}],"predecessor-version":[{"id":27357,"href":"https:\/\/doppelwetten.com\/de\/wp-json\/wp\/v2\/pages\/13124\/revisions\/27357"}],"wp:attachment":[{"href":"https:\/\/doppelwetten.com\/de\/wp-json\/wp\/v2\/media?parent=13124"}],"curies":[{"name":"wp","href":"https:\/\/api.w.org\/{rel}","templated":true}]}}