{"id":12829,"date":"2019-02-14T21:14:53","date_gmt":"2019-02-14T21:14:53","guid":{"rendered":"https:\/\/doppelwetten.com\/oddsmatcher-user-guide\/"},"modified":"2021-10-22T03:12:17","modified_gmt":"2021-10-22T03:12:17","slug":"oddsmatcher-user-guide","status":"publish","type":"page","link":"https:\/\/doppelwetten.com\/de\/oddsmatcher-user-guide\/","title":{"rendered":"Anleitung f\u00fcr den Oddsmatcher"},"content":{"rendered":"\n\n<h1 id=\"anleitung-fuer-den-oddsmatcher\">Anleitung f\u00fcr den Oddsmatcher<\/h1>\n<p><strong>Was macht der Oddsmatcher?<\/strong><\/p>\n<p>Er sucht und vergleicht automatisch die Quoten aller Buchmacher und Wettb\u00f6rsen, um die besten Matched Betting M\u00f6glichkeiten zu finden.<\/p>\n<p>Er zeigt dann die Quoten mit der gr\u00f6\u00dften \u00dcbereinstimmung zwischen Buchmacher und Wettb\u00f6rsen in einer einfach zu lesenden Liste an &#8211; innerhalb von Sekunden.<\/p>\n<h2 id=\"erste-ansicht\">Erste Ansicht<\/h2>\n<p>Wenn Du den Oddsmatcher \u00f6ffnest, bekommst Du eine \u00dcbersicht \u00fcber die besten \u00dcbereinstimmungen zwischen allen Buchmachern und Wettb\u00f6rsen im System des Oddsmatchers.<\/p>\n\t\t\t\t<img src=\"https:\/\/doppelwetten.com\/wp-content\/uploads\/2019\/03\/69-1024x626.png\" alt=\"69-1024x626.png\" itemprop=\"image\" title=\"69-1024x626.png\" onerror=\"this.style.display='none'\"  \/>\n<h2 id=\"suche-aktualisieren\">Suche aktualisieren<\/h2>\n<p>Du kannst durch Anklicken des kleinen Aktualisierungs-Buttons oben rechts Deine Suche jederzeit aktualisieren.<\/p>\n\t\t\t\t<img src=\"https:\/\/doppelwetten.com\/wp-content\/plugins\/bb-plugin\/img\/pixel.png\" alt=\"\" itemprop=\"image\" onerror=\"this.style.display='none'\"  \/>\n\t\t\t\t<img src=\"https:\/\/doppelwetten.com\/wp-content\/uploads\/2019\/03\/70-1024x626.png\" alt=\"70-1024x626.png\" itemprop=\"image\" title=\"70-1024x626.png\" onerror=\"this.style.display='none'\"  \/>\n<h2 id=\"zeile-fuer-zeile\">Zeile f\u00fcr Zeile<\/h2>\n\t\t\t\t<img src=\"https:\/\/doppelwetten.com\/wp-content\/uploads\/2019\/03\/71-1024x294.png\" alt=\"71-1024x294.png\" itemprop=\"image\" title=\"71-1024x294.png\" onerror=\"this.style.display='none'\"  \/>\n<p>Die \u201eDatum\/Uhrzeit&#8220;-Spalte zeigt, wann das Event stattfindet.<\/p>\n<p>Das kleine Fu\u00dfballsymbol zeigt uns an, dass es ein Fu\u00dfballspiel ist.<\/p>\n<p>Die \u201eDetails&#8220;-Spalte zeigt das Sportereignis an (Spartak v Zenit St Petersburg in der ersten Zeile).<\/p>\n<p>Die \u201eWette&#8220;-Spalte zeigt an, welche Auswahl man BACKEN und LAYEN sollte (in anderen Worten, welches Ergebnis man BACKEN und LAYEN sollte). In diesem Fall ist die Auswahl Zenit St Petersburg. Das bedeutet, dass du beim Buchmacher darauf wettest, dass Zenit St Petersburg gewinnt. Gleichzeit layst Du bei der Wettb\u00f6rse, dass Zenit St Petersburg nicht gewinnt.<\/p>\n<p>Bei der \u201eArt&#8220;-Spalte\u00a0 handelt es sich um die Art des Marktes. In diesem Fall ist es das Spielergebnis, im Gegensatz zu beispielsweise einer Wette auf das genaue Ergebnis.<\/p>\n<p>Die \u201eBewertung&#8220; gibt wieder, wie nah die BACK und LAY Quoten zueinander liegen (96,84). Je h\u00f6her die Zahl, desto \u00e4hnlicher die Quoten. Je n\u00e4her die Quoten zueinander liegen, desto besser die \u00dcbereinstimmung und umso h\u00f6her der Profit. Bewertungen \u00fcber 100 werden in rot hervorgehoben. Diese sollten vermieden werden, da sie Arbs sind (siehe\u00a0<a href=\"https:\/\/doppelwetten.com\/de\/matched-betting-glossar\/\">Glossar<\/a>).<\/p>\n<p>Die SNR (%)-Spalte zeigt an, wie viel Geld Du an einer Freiwette verdienst. Wir versuchen normalerweise, Quoten \u00fcber 5,00 auszuw\u00e4hlen. Warum, erkl\u00e4ren wir in unserem Leitfaden \u201e<a href=\"https:\/\/doppelwetten.com\/de\/knowledge-base\/warum-erhaelt-man-nicht-e10-beim-einsatz-einer-e10-gratiswette\/\">Warum erh\u00e4lt man nicht \u20ac10 beim Einsatz einer \u20ac10 Gratiswette?&#8220;<\/a>. Bei SNR Freiwetten solltest Du versuchen, zwischen 70% und 80% Gewinn zu erzielen.<\/p>\n<p>Das kleine \u201ei&#8220; in einem blauen Kreis. Durch Anklicken dieses Symbols \u00f6ffnest Du den Oddsmatcher Rechner. Wenn der Rechner nicht automatisch erscheint, klicke auf \u201eMatch-Rechner&#8220;. Auf den Rechner werden wir weiter unten noch im Einzelnen eingehen.<\/p>\n<p>Die \u201eBuchmacher&#8220;-Spalte zeigt den Namen des Buchmachers und ist auch gleichzeitig ein schneller Link zu der entsprechenden Webseite. Hier platzierst Du die BACK-Wette.<\/p>\n<p>Die \u201eBACK&#8220;-Spalte teilt uns mit, welche BACK-Quoten bei dem Buchmacher erh\u00e4ltlich sind.<\/p>\n<p>Die Spalte \u201eWettb\u00f6rse&#8220; zeigt den Namen der Wettb\u00f6rse an und ist auch gleichzeitig ein schneller Link zu der entsprechenden Webseite. Hier platzierst Du die LAY-Wette.<\/p>\n<p>Die \u201eLAY&#8220;-Spalte teilt uns mit, welche LAY-Quoten bei der Wettb\u00f6rse erh\u00e4ltlich sind.<\/p>\n<p>Die Spalte \u201eLiquidit\u00e4t&#8220; teilt uns mit, wie viel f\u00fcr Lay-Wetten zu den Quoten bei der Wettb\u00f6rse\u00a0 verf\u00fcgbar ist. In diesem Beispiel sind 20,36\u20ac f\u00fcr LAY-Wetten verf\u00fcgbar. Wenn wir einen h\u00f6heren Betrag als 20,36\u20ac layen wollen, sollten wie eine andere Auswahl suchen.<\/p>\n<h2 id=\"der-oddsmatcher-rechner-einfacher-modus\">Der Oddsmatcher Rechner (Einfacher Modus)<\/h2>\n<p>Hoffentlich erkennst Du den Rechner von meinem\u00a0<a href=\"https:\/\/doppelwetten.com\/de\/matched-betting-anfaengerkurs\/\">Matched Betting Leitfaden<\/a>\u00a0wieder.<\/p>\n<p>Das Spiel in diesem Beispiel ist Manchester City gegen Schalke.<\/p>\n<p>Wie Du sehen kannst, sagt Dir der Oddsmatcher Rechner genau, wie viel Du wetten musst, und was das Ergebnis sein wird.<\/p>\n<p>In dem obigen Beispiel werde ich 0,50\u20ac verlieren, wenn ich 10\u20ac auf ein Unentschieden bei dem Buchmacher VBet setze und 10,01\u20ac bei der Wettb\u00f6rse Matchbook laye.<\/p>\n<p>Du kannst den Einsatz bei Bedarf ab\u00e4ndern, und Du solltest stets daran denken, von normal (qualifizierende Wette) auf Freiwette umzustellen, je nachdem, welche Art von Wette Du gerade platzierst.<\/p>\n<p>Oben links kannst Du einige Einzelheiten \u00fcber das ausgew\u00e4hlte Match sehen.<\/p>\n<p>Unter den Matchdetails kannst Du die Back- und Lay-Quoten, den Buchmacher und die Wettb\u00f6rse sehen. Es gibt auch direkte Links zum Buchmacher und zu der Wettb\u00f6rse.<\/p>\n<p>Der kleine Button unten links kann dazu benutzt werden, den Rechner auszublenden bzw. anzuzeigen.<\/p>\n<p>Oben rechts kannst Du die verschiedenen Wettarten sehen. Sie werden weiter unten noch n\u00e4her erl\u00e4utert.<\/p>\n<p>Unter den Wettarten kannst Du Deinen Einsatz, die Quoten beim Buchmacher und bei der Wettb\u00f6rse sowie die Provision sehen. Du kannst diese Felder auch manuell ab\u00e4ndern.<\/p>\n<p>Unten rechts kannst Du eine komplette \u00dcbersicht Deiner Wette sehen.<\/p>\n\t\t\t\t<img src=\"https:\/\/doppelwetten.com\/wp-content\/uploads\/2019\/03\/72-1024x551.png\" alt=\"72-1024x551.png\" itemprop=\"image\" title=\"72-1024x551.png\" onerror=\"this.style.display='none'\"  \/>\n<h2 id=\"der-oddsmatcher-rechner-erweiterter-modus\">Der Oddsmatcher Rechner (Erweiterter Modus)<\/h2>\n<p>Zwecks\u00a0<a href=\"https:\/\/doppelwetten.com\/de\/knowledge-base\/overlaying\/\">overlaying<\/a>\u00a0und\u00a0<a href=\"https:\/\/doppelwetten.com\/de\/knowledge-base\/underlaying\/\">underlaying<\/a>\u00a0k\u00f6nnen die Betr\u00e4ge ganz bequem im erweiterten Modus des Rechners manuell angepasst werden.<\/p>\n<p>Ziehe einfach den Schieberegler zu dem Punkt, an dem Du mit den jeweiligen Betr\u00e4gen zufrieden bist. Alles wird sofort f\u00fcr Dich ausgerechnet.<\/p>\n\t\t\t\t<img src=\"https:\/\/doppelwetten.com\/wp-content\/uploads\/2019\/03\/73-1024x631.png\" alt=\"73-1024x631.png\" itemprop=\"image\" title=\"73-1024x631.png\" onerror=\"this.style.display='none'\"  \/>\n<h2 id=\"wettart\">Wettart<\/h2>\n<h2 id=\"normal\"><strong>Normal<\/strong><\/h2>\n<p>Wenn Du eine qualifizierende Wette setzt, solltest Du den normalen Modus verwenden. Du setzt hierbei eine Wette mit Deinem eigenen Geld.<\/p>\n<h2 id=\"freiwette-snr-stake-not-returned\"><strong>Freiwette (SNR\/stake not returned)<\/strong><\/h2>\n<p>99% aller Freiwetten sind SNR-Wetten.<\/p>\n<p>Eine SNR-Wette hei\u00dft, dass falls Deine Freiwette gewinnt, der Einsatz nicht im Gewinn enthalten ist.<\/p>\n<p>Zum Beispiel: ein Buchmacher gibt Dir eine 10\u20ac SNR-Freiwette und Du wettest auf eine Auswahl mit einer Quote von 5,00.<\/p>\n<p>Wenn Deine Auswahl gewinnt, w\u00fcrdest Du 40\u20ac zur\u00fcckerhalten (anstatt 50\u20ac), da der Gratiseinsatz von 10\u20ac nicht ausgezahlt wird.<\/p>\n<p>Eine n\u00e4here Erl\u00e4uterung dar\u00fcber, wie Du Deinen\u00a0<a href=\"https:\/\/doppelwetten.com\/de\/knowledge-base\/warum-erhaelt-man-nicht-e10-beim-einsatz-einer-e10-gratiswette\/\">Ertrag aus Freiwetten erh\u00f6hen<\/a>\u00a0kannst, findest Du in diesem Leitfaden.<\/p>\n<h2 id=\"freiwette-sr-stake-returned\"><strong>Freiwette (SR\/stake returned)<\/strong><\/h2>\n<p>Eine SR-Wette hei\u00dft, dass Dein Wetteinsatz auch mit ausbezahlt wird, wenn Deine Wette gewinnt.<\/p>\n<p>Zum Beispiel: ein Buchmacher gibt Dir eine 10\u20ac SR-Freiwette, und Du wettest auf eine Auswahl mit einer Quote von 5,00.<\/p>\n<p>Wenn Deine Auswahl gewinnt, w\u00fcrdest Du 50\u20ac zur\u00fcckerhalten (anstatt von 40\u20ac in dem SNR-Beispiel), da der Gratiseinsatz von 10\u20ac auch mit ausgezahlt wird.<\/p>\n\t\t\t\t<img src=\"https:\/\/doppelwetten.com\/wp-content\/uploads\/2019\/03\/74.png\" alt=\"74.png\" itemprop=\"image\" title=\"74.png\" onerror=\"this.style.display='none'\"  \/>\n<h2 id=\"oddsmatcher-filter\">Oddsmatcher Filter<\/h2>\n<p>Nehmen wir an, Du hast Deine Suche so gefiltert, dass nur Spiele von dem Buchmacher Tipico und der Wettb\u00f6rse Matchbook angezeigt werden.<\/p>\n<p>Nehmen wir an, dass Du ein Angebot bei Tipico gefunden hast, bei dem Du eine Gratiswette bekommst, wenn Du eine qualifizierende Wette platzierst.<\/p>\n<p>Um Zeit zu sparen, filterst Du Deine Suche, und um Deinen Profit zu maximieren, findest Du Die beste \u00dcbereinstimmung. Die Alternative ist, dies manuell zu tun, was nahezu unm\u00f6glich ist, da Du tausende von Wettkombinationen durchsuchen m\u00fcsstest.<\/p>\n\t\t\t\t<img src=\"https:\/\/doppelwetten.com\/wp-content\/uploads\/2019\/03\/75.png\" alt=\"75.png\" itemprop=\"image\" title=\"75.png\" onerror=\"this.style.display='none'\"  \/>\n<p>Unter \u201eSportarten einschr\u00e4nken&#8220; kannst Du den Sport, auf den Du wetten willst, z. B. Fu\u00dfball, ausw\u00e4hlen<\/p>\n<p>Mit \u201eM\u00e4rkte einschr\u00e4nken&#8220; kannst Du den Markt, an dem Du Interesse hast, z. B. das Spielergebnis, einschr\u00e4nken<\/p>\n<p>Unter \u201eBuchmacher einschr\u00e4nken&#8220; kannst Du die Buchmacher ausw\u00e4hlen, die Du haben willst. Dies ist eine volle Liste und wird auch deaktivierte Buchmacher beinhalten, obwohl diese nicht in Deiner Standardsuche angezeigt werden<\/p>\n<p>Unter \u201eWettb\u00f6rsen einschr\u00e4nken&#8220; solltest Du die Wettb\u00f6rsen ausw\u00e4hlen, zu denen Du Zugang hast<\/p>\n<p>Unter \u201eBewertung&#8220; kannst Du einen Bereich f\u00fcr den Grad der \u00dcbereinstimmung angeben. Denke daran, dass alles \u00fcber 100% ein Arb ist, welcher vermieden werden sollte. Der Oddsmatcher zeigt Dir diese in rot an.<\/p>\n<p>Unter \u201eQuoten&#8220; kannst Du den Quotenbereich angeben, den Du suchst. Wenn Du z. B. eine Freiwette platzieren willst, solltest Du eine Mindestquote von 5,00 eingeben, um zu vermeiden, dass niedrigere Quoten in Deiner Suche mit eingeschlossen werden<\/p>\n<p>Du kannst Deine Suche unter \u201eMin. Liquidit\u00e4t&#8220; spezifizieren, um sicherzustellen, dass bei der Wettb\u00f6rse genug Liquidit\u00e4t vorhanden ist, um Deine Wette zu layen<\/p>\n<p>Unter \u201eZeit des Ereignis&#8220; kannst Du spezifizieren, wie weit in die Zukunft der Oddsmatcher suchen soll. Ich\u00a0 w\u00fcrde empfehlen, Wetten nicht mehr als 7 Tage vor dem Ereignis zu platzieren, da dies in den Augen der Buchmacher etwas suspekt aussieht, und es blockiert au\u00dferdem Dein Geld f\u00fcr eine Woche<\/p>\n<h2 id=\"filterbeispiel-fuer-das-bet365-neukundenangebot\">Filterbeispiel f\u00fcr das Bet365 Neukundenangebot<\/h2>\n<p>Link zum\u00a0<a href=\"https:\/\/doppelwetten.com\/de\/guide\/bet365-neukundenbonus\/\">Bet365 Neukundenangebot Leitfaden<\/a>.<\/p>\n\t\t\t\t<img src=\"https:\/\/doppelwetten.com\/wp-content\/uploads\/2019\/03\/64-1024x292.png\" alt=\"64-1024x292.png\" itemprop=\"image\" title=\"64-1024x292.png\" onerror=\"this.style.display='none'\"  \/>\n\t<p>Bitte stelle etwaige Fragen im\u00a0<a href=\"https:\/\/forum.doppelwetten.com\/\">Forum<\/a>.<\/p>\n\n","protected":false},"excerpt":{"rendered":"<p>Anleitung f\u00fcr den Oddsmatcher Was macht der Oddsmatcher? Er sucht und vergleicht automatisch die Quoten aller Buchmacher und Wettb\u00f6rsen, um [&hellip;]<\/p>\n","protected":false},"author":1,"featured_media":0,"parent":0,"menu_order":0,"comment_status":"closed","ping_status":"closed","template":"","meta":{"_mi_skip_tracking":false},"yoast_head":"<!-- This site is optimized with the Yoast SEO plugin v19.13 - https:\/\/yoast.com\/wordpress\/plugins\/seo\/ -->\n<title>Anleitung f\u00fcr den Oddsmatcher - DoppelWetten<\/title>\n<meta name=\"robots\" content=\"index, follow, max-snippet:-1, max-image-preview:large, max-video-preview:-1\" \/>\n<link rel=\"canonical\" href=\"https:\/\/doppelwetten.com\/de\/oddsmatcher-user-guide\/\" \/>\n<meta property=\"og:locale\" content=\"de_DE\" \/>\n<meta property=\"og:type\" content=\"article\" \/>\n<meta property=\"og:title\" content=\"Anleitung f\u00fcr den Oddsmatcher - DoppelWetten\" \/>\n<meta property=\"og:description\" content=\"Anleitung f\u00fcr den Oddsmatcher Was macht der Oddsmatcher? Er sucht und vergleicht automatisch die Quoten aller Buchmacher und Wettb\u00f6rsen, um [&hellip;]\" \/>\n<meta property=\"og:url\" content=\"https:\/\/doppelwetten.com\/de\/oddsmatcher-user-guide\/\" \/>\n<meta property=\"og:site_name\" content=\"DoppelWetten\" \/>\n<meta property=\"article:modified_time\" content=\"2021-10-22T03:12:17+00:00\" \/>\n<meta property=\"og:image\" content=\"https:\/\/doppelwetten.com\/wp-content\/uploads\/2019\/03\/69-1024x626.png\" \/>\n<meta name=\"twitter:card\" content=\"summary_large_image\" \/>\n<meta name=\"twitter:site\" content=\"@doppelwetten\" \/>\n<meta name=\"twitter:label1\" content=\"Gesch\u00e4tzte Lesezeit\" \/>\n\t<meta name=\"twitter:data1\" content=\"6 Minuten\" \/>\n<script type=\"application\/ld+json\" class=\"yoast-schema-graph\">{\"@context\":\"https:\/\/schema.org\",\"@graph\":[{\"@type\":\"WebPage\",\"@id\":\"https:\/\/doppelwetten.com\/de\/oddsmatcher-user-guide\/\",\"url\":\"https:\/\/doppelwetten.com\/de\/oddsmatcher-user-guide\/\",\"name\":\"Anleitung f\u00fcr den Oddsmatcher - DoppelWetten\",\"isPartOf\":{\"@id\":\"https:\/\/doppelwetten.com\/#website\"},\"datePublished\":\"2019-02-14T21:14:53+00:00\",\"dateModified\":\"2021-10-22T03:12:17+00:00\",\"breadcrumb\":{\"@id\":\"https:\/\/doppelwetten.com\/de\/oddsmatcher-user-guide\/#breadcrumb\"},\"inLanguage\":\"de-DE\",\"potentialAction\":[{\"@type\":\"ReadAction\",\"target\":[\"https:\/\/doppelwetten.com\/de\/oddsmatcher-user-guide\/\"]}]},{\"@type\":\"BreadcrumbList\",\"@id\":\"https:\/\/doppelwetten.com\/de\/oddsmatcher-user-guide\/#breadcrumb\",\"itemListElement\":[{\"@type\":\"ListItem\",\"position\":1,\"name\":\"Home\",\"item\":\"https:\/\/doppelwetten.com\/de\/\"},{\"@type\":\"ListItem\",\"position\":2,\"name\":\"Anleitung f\u00fcr den Oddsmatcher\"}]},{\"@type\":\"WebSite\",\"@id\":\"https:\/\/doppelwetten.com\/#website\",\"url\":\"https:\/\/doppelwetten.com\/\",\"name\":\"DoppelWetten\",\"description\":\"risikolosen Wetten (Schritt f\u00fcr Schritt)\",\"publisher\":{\"@id\":\"https:\/\/doppelwetten.com\/#organization\"},\"potentialAction\":[{\"@type\":\"SearchAction\",\"target\":{\"@type\":\"EntryPoint\",\"urlTemplate\":\"https:\/\/doppelwetten.com\/?s={search_term_string}\"},\"query-input\":\"required name=search_term_string\"}],\"inLanguage\":\"de-DE\"},{\"@type\":\"Organization\",\"@id\":\"https:\/\/doppelwetten.com\/#organization\",\"name\":\"DoppelWetten\",\"url\":\"https:\/\/doppelwetten.com\/\",\"logo\":{\"@type\":\"ImageObject\",\"inLanguage\":\"de-DE\",\"@id\":\"https:\/\/doppelwetten.com\/#\/schema\/logo\/image\/\",\"url\":\"https:\/\/doppelwetten.com\/wp-content\/uploads\/2021\/05\/google-logo-size.png\",\"contentUrl\":\"https:\/\/doppelwetten.com\/wp-content\/uploads\/2021\/05\/google-logo-size.png\",\"caption\":\"DoppelWetten\"},\"image\":{\"@id\":\"https:\/\/doppelwetten.com\/#\/schema\/logo\/image\/\"},\"sameAs\":[\"https:\/\/twitter.com\/doppelwetten\"]}]}<\/script>\n<!-- \/ Yoast SEO plugin. -->","yoast_head_json":{"title":"Anleitung f\u00fcr den Oddsmatcher - DoppelWetten","robots":{"index":"index","follow":"follow","max-snippet":"max-snippet:-1","max-image-preview":"max-image-preview:large","max-video-preview":"max-video-preview:-1"},"canonical":"https:\/\/doppelwetten.com\/de\/oddsmatcher-user-guide\/","og_locale":"de_DE","og_type":"article","og_title":"Anleitung f\u00fcr den Oddsmatcher - DoppelWetten","og_description":"Anleitung f\u00fcr den Oddsmatcher Was macht der Oddsmatcher? Er sucht und vergleicht automatisch die Quoten aller Buchmacher und Wettb\u00f6rsen, um [&hellip;]","og_url":"https:\/\/doppelwetten.com\/de\/oddsmatcher-user-guide\/","og_site_name":"DoppelWetten","article_modified_time":"2021-10-22T03:12:17+00:00","og_image":[{"url":"https:\/\/doppelwetten.com\/wp-content\/uploads\/2019\/03\/69-1024x626.png"}],"twitter_card":"summary_large_image","twitter_site":"@doppelwetten","twitter_misc":{"Gesch\u00e4tzte Lesezeit":"6 Minuten"},"schema":{"@context":"https:\/\/schema.org","@graph":[{"@type":"WebPage","@id":"https:\/\/doppelwetten.com\/de\/oddsmatcher-user-guide\/","url":"https:\/\/doppelwetten.com\/de\/oddsmatcher-user-guide\/","name":"Anleitung f\u00fcr den Oddsmatcher - DoppelWetten","isPartOf":{"@id":"https:\/\/doppelwetten.com\/#website"},"datePublished":"2019-02-14T21:14:53+00:00","dateModified":"2021-10-22T03:12:17+00:00","breadcrumb":{"@id":"https:\/\/doppelwetten.com\/de\/oddsmatcher-user-guide\/#breadcrumb"},"inLanguage":"de-DE","potentialAction":[{"@type":"ReadAction","target":["https:\/\/doppelwetten.com\/de\/oddsmatcher-user-guide\/"]}]},{"@type":"BreadcrumbList","@id":"https:\/\/doppelwetten.com\/de\/oddsmatcher-user-guide\/#breadcrumb","itemListElement":[{"@type":"ListItem","position":1,"name":"Home","item":"https:\/\/doppelwetten.com\/de\/"},{"@type":"ListItem","position":2,"name":"Anleitung f\u00fcr den Oddsmatcher"}]},{"@type":"WebSite","@id":"https:\/\/doppelwetten.com\/#website","url":"https:\/\/doppelwetten.com\/","name":"DoppelWetten","description":"risikolosen Wetten (Schritt f\u00fcr Schritt)","publisher":{"@id":"https:\/\/doppelwetten.com\/#organization"},"potentialAction":[{"@type":"SearchAction","target":{"@type":"EntryPoint","urlTemplate":"https:\/\/doppelwetten.com\/?s={search_term_string}"},"query-input":"required name=search_term_string"}],"inLanguage":"de-DE"},{"@type":"Organization","@id":"https:\/\/doppelwetten.com\/#organization","name":"DoppelWetten","url":"https:\/\/doppelwetten.com\/","logo":{"@type":"ImageObject","inLanguage":"de-DE","@id":"https:\/\/doppelwetten.com\/#\/schema\/logo\/image\/","url":"https:\/\/doppelwetten.com\/wp-content\/uploads\/2021\/05\/google-logo-size.png","contentUrl":"https:\/\/doppelwetten.com\/wp-content\/uploads\/2021\/05\/google-logo-size.png","caption":"DoppelWetten"},"image":{"@id":"https:\/\/doppelwetten.com\/#\/schema\/logo\/image\/"},"sameAs":["https:\/\/twitter.com\/doppelwetten"]}]}},"_links":{"self":[{"href":"https:\/\/doppelwetten.com\/de\/wp-json\/wp\/v2\/pages\/12829"}],"collection":[{"href":"https:\/\/doppelwetten.com\/de\/wp-json\/wp\/v2\/pages"}],"about":[{"href":"https:\/\/doppelwetten.com\/de\/wp-json\/wp\/v2\/types\/page"}],"author":[{"embeddable":true,"href":"https:\/\/doppelwetten.com\/de\/wp-json\/wp\/v2\/users\/1"}],"replies":[{"embeddable":true,"href":"https:\/\/doppelwetten.com\/de\/wp-json\/wp\/v2\/comments?post=12829"}],"version-history":[{"count":6,"href":"https:\/\/doppelwetten.com\/de\/wp-json\/wp\/v2\/pages\/12829\/revisions"}],"predecessor-version":[{"id":27229,"href":"https:\/\/doppelwetten.com\/de\/wp-json\/wp\/v2\/pages\/12829\/revisions\/27229"}],"wp:attachment":[{"href":"https:\/\/doppelwetten.com\/de\/wp-json\/wp\/v2\/media?parent=12829"}],"curies":[{"name":"wp","href":"https:\/\/api.w.org\/{rel}","templated":true}]}}