{"id":12345,"date":"2019-01-27T11:09:15","date_gmt":"2019-01-27T11:09:15","guid":{"rendered":"https:\/\/doppelwetten.com\/step-by-step-guides-for-beginners\/"},"modified":"2021-11-18T03:31:06","modified_gmt":"2021-11-18T03:31:06","slug":"schritt-fuer-schritt-leitfaeden-fuer-anfaenger","status":"publish","type":"page","link":"https:\/\/doppelwetten.com\/de\/schritt-fuer-schritt-leitfaeden-fuer-anfaenger\/","title":{"rendered":"Schritt-f\u00fcr-Schritt Leitf\u00e4den f\u00fcr Anf\u00e4nger"},"content":{"rendered":"\n\n\t<h1><strong>Schritt-f\u00fcr-Schritt Leitf\u00e4den f\u00fcr Anf\u00e4nger<\/strong><\/h1>\n<p>Wir haben alle mal mit Matched Betting angefangen, und hier bei DoppelWetten wollen wir sicherstellen, dass Du sofort durchstarten und Geld verdienen kannst.<\/p>\n<p>Deswegen haben wir den Matched Betting Leitfaden f\u00fcr Anf\u00e4nger erstellt, der in der Premium-Mitgliedschaft enthalten ist.<\/p>\n<p>In diesem <strong>einfach zu folgenden Schritt-f\u00fcr-Schritt Leitfaden<\/strong> f\u00fchren wir Dich durch den gesamten Prozess, wie Du mit dem Neukundenangebot eines Buchmachers Geld verdienst.<\/p>\n<p>Damit wirst Du im Handumdrehen zu einem Matched Betting Experten.<\/p>\n<p><img loading=\"lazy\" src=\"https:\/\/doppelwetten.com\/wp-content\/uploads\/2019\/01\/anf\u00e4ngerkurs.png\" alt=\"Schritt-f\u00fcr-Schritt Leitf\u00e4den f\u00fcr Anf\u00e4nger\" width=\"1297\" height=\"336\" \/><\/p>\n<ul>\n<li><a href=\"https:\/\/doppelwetten.com\/de\/matched-betting-calculators\/\">Hier geht&#8217;s zu unserem n\u00e4chsten coolen Feature<\/a><\/li>\n<li><a href=\"https:\/\/doppelwetten.com\/de\/free-trial\">Jetzt kostenlos testen<\/a><\/li>\n<\/ul>\n<h2><strong>Moment mal, es gibt noch mehr!<\/strong><\/h2>\n<p>Wir haben nicht nur einen Schritt-f\u00fcr-Schritt Leitfaden, um Dich durch Dein erstes Neukundenangebot zu f\u00fchren.<\/p>\n<p>Als Teil Deiner Premium-Mitgliedschaft bekommst Du auch Schritt-f\u00fcr-Schritt Leitf\u00e4den f\u00fcr<a href=\"https:\/\/doppelwetten.com\/de\/neukunden-angebote\/\">\u00a0Neukundenangebote<\/a> von \u00fcber 60 Buchmachern.<\/p>\n<p>Das sind <strong>Tausende von Euro Gewinn<\/strong>, die nur auf Dich warten.<\/p>\n<p><img loading=\"lazy\" src=\"https:\/\/doppelwetten.com\/wp-content\/uploads\/2019\/01\/12-1.png\" alt=\"Schritt-f\u00fcr-Schritt Leitf\u00e4den f\u00fcr Anf\u00e4nger\" width=\"1180\" height=\"719\" \/><\/p>\n<p>Mit den DoppelWetten Schritt-f\u00fcr-Schritt Leitf\u00e4den kannst Du Deinen Gewinn mit einem Mindestma\u00df an Zeit maximieren, und das ist nur einer der aufregenden Bestandteile, die in dem Leistungspaket unserer Premium-Mitgliedschaft enthalten sind.<\/p>\n<p><strong>Also, worauf wartest Du noch?<\/strong><\/p>\n<p>Melde Dich jetzt an und fange sofort an, zu verdienen.<\/p>\n<ul>\n<li><a href=\"https:\/\/doppelwetten.com\/de\/matched-betting-calculators\/\">Hier geht&#8217;s zu unserem n\u00e4chsten coolen Feature<\/a><\/li>\n<li><a href=\"https:\/\/doppelwetten.com\/de\/free-trial\">Jetzt kostenlos testen<\/a><\/li>\n<\/ul>\n\n","protected":false},"excerpt":{"rendered":"<p>Schritt-f\u00fcr-Schritt Leitf\u00e4den f\u00fcr Anf\u00e4nger Wir haben alle mal mit Matched Betting angefangen, und hier bei DoppelWetten wollen wir sicherstellen, dass [&hellip;]<\/p>\n","protected":false},"author":1,"featured_media":0,"parent":0,"menu_order":0,"comment_status":"closed","ping_status":"closed","template":"","meta":{"_mi_skip_tracking":false},"yoast_head":"<!-- This site is optimized with the Yoast SEO plugin v19.13 - https:\/\/yoast.com\/wordpress\/plugins\/seo\/ -->\n<title>Schritt-f\u00fcr-Schritt Leitf\u00e4den f\u00fcr Anf\u00e4nger - DoppelWetten<\/title>\n<meta name=\"robots\" content=\"index, follow, max-snippet:-1, max-image-preview:large, max-video-preview:-1\" \/>\n<link rel=\"canonical\" href=\"https:\/\/doppelwetten.com\/de\/schritt-fuer-schritt-leitfaeden-fuer-anfaenger\/\" \/>\n<meta property=\"og:locale\" content=\"de_DE\" \/>\n<meta property=\"og:type\" content=\"article\" \/>\n<meta property=\"og:title\" content=\"Schritt-f\u00fcr-Schritt Leitf\u00e4den f\u00fcr Anf\u00e4nger - DoppelWetten\" \/>\n<meta property=\"og:description\" content=\"Schritt-f\u00fcr-Schritt Leitf\u00e4den f\u00fcr Anf\u00e4nger Wir haben alle mal mit Matched Betting angefangen, und hier bei DoppelWetten wollen wir sicherstellen, dass [&hellip;]\" \/>\n<meta property=\"og:url\" content=\"https:\/\/doppelwetten.com\/de\/schritt-fuer-schritt-leitfaeden-fuer-anfaenger\/\" \/>\n<meta property=\"og:site_name\" content=\"DoppelWetten\" \/>\n<meta property=\"article:modified_time\" content=\"2021-11-18T03:31:06+00:00\" \/>\n<meta property=\"og:image\" content=\"https:\/\/doppelwetten.com\/wp-content\/uploads\/2019\/01\/12-1.png\" \/>\n<meta name=\"twitter:card\" content=\"summary_large_image\" \/>\n<meta name=\"twitter:site\" content=\"@doppelwetten\" \/>\n<meta name=\"twitter:label1\" content=\"Gesch\u00e4tzte Lesezeit\" \/>\n\t<meta name=\"twitter:data1\" content=\"1 Minute\" \/>\n<script type=\"application\/ld+json\" class=\"yoast-schema-graph\">{\"@context\":\"https:\/\/schema.org\",\"@graph\":[{\"@type\":\"WebPage\",\"@id\":\"https:\/\/doppelwetten.com\/de\/schritt-fuer-schritt-leitfaeden-fuer-anfaenger\/\",\"url\":\"https:\/\/doppelwetten.com\/de\/schritt-fuer-schritt-leitfaeden-fuer-anfaenger\/\",\"name\":\"Schritt-f\u00fcr-Schritt Leitf\u00e4den f\u00fcr Anf\u00e4nger - DoppelWetten\",\"isPartOf\":{\"@id\":\"https:\/\/doppelwetten.com\/#website\"},\"datePublished\":\"2019-01-27T11:09:15+00:00\",\"dateModified\":\"2021-11-18T03:31:06+00:00\",\"breadcrumb\":{\"@id\":\"https:\/\/doppelwetten.com\/de\/schritt-fuer-schritt-leitfaeden-fuer-anfaenger\/#breadcrumb\"},\"inLanguage\":\"de-DE\",\"potentialAction\":[{\"@type\":\"ReadAction\",\"target\":[\"https:\/\/doppelwetten.com\/de\/schritt-fuer-schritt-leitfaeden-fuer-anfaenger\/\"]}]},{\"@type\":\"BreadcrumbList\",\"@id\":\"https:\/\/doppelwetten.com\/de\/schritt-fuer-schritt-leitfaeden-fuer-anfaenger\/#breadcrumb\",\"itemListElement\":[{\"@type\":\"ListItem\",\"position\":1,\"name\":\"Home\",\"item\":\"https:\/\/doppelwetten.com\/de\/\"},{\"@type\":\"ListItem\",\"position\":2,\"name\":\"Schritt-f\u00fcr-Schritt Leitf\u00e4den f\u00fcr Anf\u00e4nger\"}]},{\"@type\":\"WebSite\",\"@id\":\"https:\/\/doppelwetten.com\/#website\",\"url\":\"https:\/\/doppelwetten.com\/\",\"name\":\"DoppelWetten\",\"description\":\"risikolosen Wetten (Schritt f\u00fcr Schritt)\",\"publisher\":{\"@id\":\"https:\/\/doppelwetten.com\/#organization\"},\"potentialAction\":[{\"@type\":\"SearchAction\",\"target\":{\"@type\":\"EntryPoint\",\"urlTemplate\":\"https:\/\/doppelwetten.com\/?s={search_term_string}\"},\"query-input\":\"required name=search_term_string\"}],\"inLanguage\":\"de-DE\"},{\"@type\":\"Organization\",\"@id\":\"https:\/\/doppelwetten.com\/#organization\",\"name\":\"DoppelWetten\",\"url\":\"https:\/\/doppelwetten.com\/\",\"logo\":{\"@type\":\"ImageObject\",\"inLanguage\":\"de-DE\",\"@id\":\"https:\/\/doppelwetten.com\/#\/schema\/logo\/image\/\",\"url\":\"https:\/\/doppelwetten.com\/wp-content\/uploads\/2021\/05\/google-logo-size.png\",\"contentUrl\":\"https:\/\/doppelwetten.com\/wp-content\/uploads\/2021\/05\/google-logo-size.png\",\"caption\":\"DoppelWetten\"},\"image\":{\"@id\":\"https:\/\/doppelwetten.com\/#\/schema\/logo\/image\/\"},\"sameAs\":[\"https:\/\/twitter.com\/doppelwetten\"]}]}<\/script>\n<!-- \/ Yoast SEO plugin. -->","yoast_head_json":{"title":"Schritt-f\u00fcr-Schritt Leitf\u00e4den f\u00fcr Anf\u00e4nger - DoppelWetten","robots":{"index":"index","follow":"follow","max-snippet":"max-snippet:-1","max-image-preview":"max-image-preview:large","max-video-preview":"max-video-preview:-1"},"canonical":"https:\/\/doppelwetten.com\/de\/schritt-fuer-schritt-leitfaeden-fuer-anfaenger\/","og_locale":"de_DE","og_type":"article","og_title":"Schritt-f\u00fcr-Schritt Leitf\u00e4den f\u00fcr Anf\u00e4nger - DoppelWetten","og_description":"Schritt-f\u00fcr-Schritt Leitf\u00e4den f\u00fcr Anf\u00e4nger Wir haben alle mal mit Matched Betting angefangen, und hier bei DoppelWetten wollen wir sicherstellen, dass [&hellip;]","og_url":"https:\/\/doppelwetten.com\/de\/schritt-fuer-schritt-leitfaeden-fuer-anfaenger\/","og_site_name":"DoppelWetten","article_modified_time":"2021-11-18T03:31:06+00:00","og_image":[{"url":"https:\/\/doppelwetten.com\/wp-content\/uploads\/2019\/01\/12-1.png"}],"twitter_card":"summary_large_image","twitter_site":"@doppelwetten","twitter_misc":{"Gesch\u00e4tzte Lesezeit":"1 Minute"},"schema":{"@context":"https:\/\/schema.org","@graph":[{"@type":"WebPage","@id":"https:\/\/doppelwetten.com\/de\/schritt-fuer-schritt-leitfaeden-fuer-anfaenger\/","url":"https:\/\/doppelwetten.com\/de\/schritt-fuer-schritt-leitfaeden-fuer-anfaenger\/","name":"Schritt-f\u00fcr-Schritt Leitf\u00e4den f\u00fcr Anf\u00e4nger - DoppelWetten","isPartOf":{"@id":"https:\/\/doppelwetten.com\/#website"},"datePublished":"2019-01-27T11:09:15+00:00","dateModified":"2021-11-18T03:31:06+00:00","breadcrumb":{"@id":"https:\/\/doppelwetten.com\/de\/schritt-fuer-schritt-leitfaeden-fuer-anfaenger\/#breadcrumb"},"inLanguage":"de-DE","potentialAction":[{"@type":"ReadAction","target":["https:\/\/doppelwetten.com\/de\/schritt-fuer-schritt-leitfaeden-fuer-anfaenger\/"]}]},{"@type":"BreadcrumbList","@id":"https:\/\/doppelwetten.com\/de\/schritt-fuer-schritt-leitfaeden-fuer-anfaenger\/#breadcrumb","itemListElement":[{"@type":"ListItem","position":1,"name":"Home","item":"https:\/\/doppelwetten.com\/de\/"},{"@type":"ListItem","position":2,"name":"Schritt-f\u00fcr-Schritt Leitf\u00e4den f\u00fcr Anf\u00e4nger"}]},{"@type":"WebSite","@id":"https:\/\/doppelwetten.com\/#website","url":"https:\/\/doppelwetten.com\/","name":"DoppelWetten","description":"risikolosen Wetten (Schritt f\u00fcr Schritt)","publisher":{"@id":"https:\/\/doppelwetten.com\/#organization"},"potentialAction":[{"@type":"SearchAction","target":{"@type":"EntryPoint","urlTemplate":"https:\/\/doppelwetten.com\/?s={search_term_string}"},"query-input":"required name=search_term_string"}],"inLanguage":"de-DE"},{"@type":"Organization","@id":"https:\/\/doppelwetten.com\/#organization","name":"DoppelWetten","url":"https:\/\/doppelwetten.com\/","logo":{"@type":"ImageObject","inLanguage":"de-DE","@id":"https:\/\/doppelwetten.com\/#\/schema\/logo\/image\/","url":"https:\/\/doppelwetten.com\/wp-content\/uploads\/2021\/05\/google-logo-size.png","contentUrl":"https:\/\/doppelwetten.com\/wp-content\/uploads\/2021\/05\/google-logo-size.png","caption":"DoppelWetten"},"image":{"@id":"https:\/\/doppelwetten.com\/#\/schema\/logo\/image\/"},"sameAs":["https:\/\/twitter.com\/doppelwetten"]}]}},"_links":{"self":[{"href":"https:\/\/doppelwetten.com\/de\/wp-json\/wp\/v2\/pages\/12345"}],"collection":[{"href":"https:\/\/doppelwetten.com\/de\/wp-json\/wp\/v2\/pages"}],"about":[{"href":"https:\/\/doppelwetten.com\/de\/wp-json\/wp\/v2\/types\/page"}],"author":[{"embeddable":true,"href":"https:\/\/doppelwetten.com\/de\/wp-json\/wp\/v2\/users\/1"}],"replies":[{"embeddable":true,"href":"https:\/\/doppelwetten.com\/de\/wp-json\/wp\/v2\/comments?post=12345"}],"version-history":[{"count":5,"href":"https:\/\/doppelwetten.com\/de\/wp-json\/wp\/v2\/pages\/12345\/revisions"}],"predecessor-version":[{"id":27354,"href":"https:\/\/doppelwetten.com\/de\/wp-json\/wp\/v2\/pages\/12345\/revisions\/27354"}],"wp:attachment":[{"href":"https:\/\/doppelwetten.com\/de\/wp-json\/wp\/v2\/media?parent=12345"}],"curies":[{"name":"wp","href":"https:\/\/api.w.org\/{rel}","templated":true}]}}