{"id":11455,"date":"2019-01-18T04:03:02","date_gmt":"2019-01-18T04:03:02","guid":{"rendered":"https:\/\/doppelwetten.com\/matched-betting-video-leitfaden\/"},"modified":"2021-11-19T00:19:37","modified_gmt":"2021-11-19T00:19:37","slug":"matched-betting-video-leitfaden","status":"publish","type":"page","link":"https:\/\/doppelwetten.com\/de\/matched-betting-video-leitfaden\/","title":{"rendered":"Matched Betting Video-Leitf\u00e4den"},"content":{"rendered":"\n\n\t<h1><strong>Matched Betting Video-Leitf\u00e4den<\/strong><\/h1>\n<p>Schriftliche Leitf\u00e4den sind prima, aber manchmal ist es auch sch\u00f6n, anzusehen, wie etwas gemacht wird, bevor man es selber ausprobiert.<\/p>\n<p>Und genau deswegen haben wir eine Reihe von leicht zu folgenden Matched Betting Video-Leitf\u00e4den erstellt, um Dir zu helfen, <strong>jeden Schritt des Matched Betting Vorgangs zu verstehen<\/strong>.<\/p>\n<p>Alle Video-Leitf\u00e4den sind <strong>in unserer Premium-Mitglieschaft enthalten<\/strong>, Du kannst sie jedoch auch umsonst auf unserem <a href=\"https:\/\/www.youtube.com\/channel\/UC6Vw4_o4oyjo4O81IclzS8g?view_as=subscriber\">YouTube-Kanal<\/a> anschauen.<\/p>\n<p>Wir erneuern und verbessern st\u00e4ndig unsere Trainingsmaterialien, und neue Videos werden regelm\u00e4\u00dfig hinzugef\u00fcgt.<\/p>\n<p>Wir nehmen auch gerne W\u00fcnsche entgegen, wenn Du meinst, dass ein Video zu einem speziellen Thema noch fehlt.<\/p>\n<p><img loading=\"lazy\" src=\"https:\/\/doppelwetten.com\/wp-content\/uploads\/2019\/01\/videos-de.png\" alt=\"\" width=\"1212\" height=\"602\" \/><\/p>\n<ul>\n<li><a href=\"https:\/\/doppelwetten.com\/de\/free-trial\/\">kostenlos testen<\/a><\/li>\n<li><a href=\"https:\/\/doppelwetten.com\/de\/offers-for-existing-customers-reload-offers\/\">Hier geht&#8217;s zu unserem n\u00e4chsten coolen Feature<\/a><\/li>\n<\/ul>\n<h2><strong>DoppelWetten YouTube-Kanal<\/strong><\/h2>\n<p><img loading=\"lazy\" src=\"https:\/\/doppelwetten.com\/wp-content\/uploads\/2019\/01\/9.png\" alt=\"Matched Betting Video Guides\" width=\"448\" height=\"170\" \/><\/p>\n<p>Unsere Matched Betting Videos gibt es auch auf YouTube auf unserem\u00a0<u><a href=\"https:\/\/www.youtube.com\/channel\/UC6Vw4_o4oyjo4O81IclzS8g\/videos?view_as=subscriber\">DoppelWetten Kanal<\/a><\/u>.<\/p>\n<p>Du kannst Dich gerne bei unserem Kanal anmelden und sagen, dass Dir unsere Videos gefallen.<\/p>\n<p>Mit den DoppelWetten Matched Betting Video-Leitf\u00e4den kannst Du Deinen Gewinn mit einem Mindestma\u00df an Zeit maximieren, und das ist nur einer der aufregenden Bestandteile, die in dem Leistungspaket unserer Premium-Mitgliedschaft enthalten sind.<\/p>\n<p><strong>Also, worauf wartest Du noch?<\/strong><\/p>\n<p>Melde Dich jetzt an, fang an zu gucken und zu verdienen.<\/p>\n<ul>\n<li><a href=\"https:\/\/doppelwetten.com\/de\/free-trial\/\">kostenlos testen<\/a><\/li>\n<li><a href=\"https:\/\/doppelwetten.com\/de\/offers-for-existing-customers-reload-offers\/\">Hier geht&#8217;s zu unserem n\u00e4chsten coolen Feature<\/a><\/li>\n<\/ul>\n\n","protected":false},"excerpt":{"rendered":"<p>Matched Betting Video-Leitf\u00e4den Schriftliche Leitf\u00e4den sind prima, aber manchmal ist es auch sch\u00f6n, anzusehen, wie etwas gemacht wird, bevor man [&hellip;]<\/p>\n","protected":false},"author":1,"featured_media":0,"parent":0,"menu_order":0,"comment_status":"closed","ping_status":"closed","template":"","meta":{"_mi_skip_tracking":false},"yoast_head":"<!-- This site is optimized with the Yoast SEO plugin v19.13 - https:\/\/yoast.com\/wordpress\/plugins\/seo\/ -->\n<title>Matched Betting Video-Leitf\u00e4den - DoppelWetten<\/title>\n<meta name=\"robots\" content=\"index, follow, max-snippet:-1, max-image-preview:large, max-video-preview:-1\" \/>\n<link rel=\"canonical\" href=\"https:\/\/doppelwetten.com\/de\/matched-betting-video-leitfaden\/\" \/>\n<meta property=\"og:locale\" content=\"de_DE\" \/>\n<meta property=\"og:type\" content=\"article\" \/>\n<meta property=\"og:title\" content=\"Matched Betting Video-Leitf\u00e4den - DoppelWetten\" \/>\n<meta property=\"og:description\" content=\"Matched Betting Video-Leitf\u00e4den Schriftliche Leitf\u00e4den sind prima, aber manchmal ist es auch sch\u00f6n, anzusehen, wie etwas gemacht wird, bevor man [&hellip;]\" \/>\n<meta property=\"og:url\" content=\"https:\/\/doppelwetten.com\/de\/matched-betting-video-leitfaden\/\" \/>\n<meta property=\"og:site_name\" content=\"DoppelWetten\" \/>\n<meta property=\"article:modified_time\" content=\"2021-11-19T00:19:37+00:00\" \/>\n<meta property=\"og:image\" content=\"https:\/\/doppelwetten.com\/wp-content\/uploads\/2019\/01\/videos-de.png\" \/>\n<meta name=\"twitter:card\" content=\"summary_large_image\" \/>\n<meta name=\"twitter:site\" content=\"@doppelwetten\" \/>\n<meta name=\"twitter:label1\" content=\"Gesch\u00e4tzte Lesezeit\" \/>\n\t<meta name=\"twitter:data1\" content=\"1 Minute\" \/>\n<script type=\"application\/ld+json\" class=\"yoast-schema-graph\">{\"@context\":\"https:\/\/schema.org\",\"@graph\":[{\"@type\":\"WebPage\",\"@id\":\"https:\/\/doppelwetten.com\/de\/matched-betting-video-leitfaden\/\",\"url\":\"https:\/\/doppelwetten.com\/de\/matched-betting-video-leitfaden\/\",\"name\":\"Matched Betting Video-Leitf\u00e4den - DoppelWetten\",\"isPartOf\":{\"@id\":\"https:\/\/doppelwetten.com\/#website\"},\"datePublished\":\"2019-01-18T04:03:02+00:00\",\"dateModified\":\"2021-11-19T00:19:37+00:00\",\"breadcrumb\":{\"@id\":\"https:\/\/doppelwetten.com\/de\/matched-betting-video-leitfaden\/#breadcrumb\"},\"inLanguage\":\"de-DE\",\"potentialAction\":[{\"@type\":\"ReadAction\",\"target\":[\"https:\/\/doppelwetten.com\/de\/matched-betting-video-leitfaden\/\"]}]},{\"@type\":\"BreadcrumbList\",\"@id\":\"https:\/\/doppelwetten.com\/de\/matched-betting-video-leitfaden\/#breadcrumb\",\"itemListElement\":[{\"@type\":\"ListItem\",\"position\":1,\"name\":\"Home\",\"item\":\"https:\/\/doppelwetten.com\/de\/\"},{\"@type\":\"ListItem\",\"position\":2,\"name\":\"Matched Betting Video-Leitf\u00e4den\"}]},{\"@type\":\"WebSite\",\"@id\":\"https:\/\/doppelwetten.com\/#website\",\"url\":\"https:\/\/doppelwetten.com\/\",\"name\":\"DoppelWetten\",\"description\":\"risikolosen Wetten (Schritt f\u00fcr Schritt)\",\"publisher\":{\"@id\":\"https:\/\/doppelwetten.com\/#organization\"},\"potentialAction\":[{\"@type\":\"SearchAction\",\"target\":{\"@type\":\"EntryPoint\",\"urlTemplate\":\"https:\/\/doppelwetten.com\/?s={search_term_string}\"},\"query-input\":\"required name=search_term_string\"}],\"inLanguage\":\"de-DE\"},{\"@type\":\"Organization\",\"@id\":\"https:\/\/doppelwetten.com\/#organization\",\"name\":\"DoppelWetten\",\"url\":\"https:\/\/doppelwetten.com\/\",\"logo\":{\"@type\":\"ImageObject\",\"inLanguage\":\"de-DE\",\"@id\":\"https:\/\/doppelwetten.com\/#\/schema\/logo\/image\/\",\"url\":\"https:\/\/doppelwetten.com\/wp-content\/uploads\/2021\/05\/google-logo-size.png\",\"contentUrl\":\"https:\/\/doppelwetten.com\/wp-content\/uploads\/2021\/05\/google-logo-size.png\",\"caption\":\"DoppelWetten\"},\"image\":{\"@id\":\"https:\/\/doppelwetten.com\/#\/schema\/logo\/image\/\"},\"sameAs\":[\"https:\/\/twitter.com\/doppelwetten\"]}]}<\/script>\n<!-- \/ Yoast SEO plugin. -->","yoast_head_json":{"title":"Matched Betting Video-Leitf\u00e4den - DoppelWetten","robots":{"index":"index","follow":"follow","max-snippet":"max-snippet:-1","max-image-preview":"max-image-preview:large","max-video-preview":"max-video-preview:-1"},"canonical":"https:\/\/doppelwetten.com\/de\/matched-betting-video-leitfaden\/","og_locale":"de_DE","og_type":"article","og_title":"Matched Betting Video-Leitf\u00e4den - DoppelWetten","og_description":"Matched Betting Video-Leitf\u00e4den Schriftliche Leitf\u00e4den sind prima, aber manchmal ist es auch sch\u00f6n, anzusehen, wie etwas gemacht wird, bevor man [&hellip;]","og_url":"https:\/\/doppelwetten.com\/de\/matched-betting-video-leitfaden\/","og_site_name":"DoppelWetten","article_modified_time":"2021-11-19T00:19:37+00:00","og_image":[{"url":"https:\/\/doppelwetten.com\/wp-content\/uploads\/2019\/01\/videos-de.png"}],"twitter_card":"summary_large_image","twitter_site":"@doppelwetten","twitter_misc":{"Gesch\u00e4tzte Lesezeit":"1 Minute"},"schema":{"@context":"https:\/\/schema.org","@graph":[{"@type":"WebPage","@id":"https:\/\/doppelwetten.com\/de\/matched-betting-video-leitfaden\/","url":"https:\/\/doppelwetten.com\/de\/matched-betting-video-leitfaden\/","name":"Matched Betting Video-Leitf\u00e4den - DoppelWetten","isPartOf":{"@id":"https:\/\/doppelwetten.com\/#website"},"datePublished":"2019-01-18T04:03:02+00:00","dateModified":"2021-11-19T00:19:37+00:00","breadcrumb":{"@id":"https:\/\/doppelwetten.com\/de\/matched-betting-video-leitfaden\/#breadcrumb"},"inLanguage":"de-DE","potentialAction":[{"@type":"ReadAction","target":["https:\/\/doppelwetten.com\/de\/matched-betting-video-leitfaden\/"]}]},{"@type":"BreadcrumbList","@id":"https:\/\/doppelwetten.com\/de\/matched-betting-video-leitfaden\/#breadcrumb","itemListElement":[{"@type":"ListItem","position":1,"name":"Home","item":"https:\/\/doppelwetten.com\/de\/"},{"@type":"ListItem","position":2,"name":"Matched Betting Video-Leitf\u00e4den"}]},{"@type":"WebSite","@id":"https:\/\/doppelwetten.com\/#website","url":"https:\/\/doppelwetten.com\/","name":"DoppelWetten","description":"risikolosen Wetten (Schritt f\u00fcr Schritt)","publisher":{"@id":"https:\/\/doppelwetten.com\/#organization"},"potentialAction":[{"@type":"SearchAction","target":{"@type":"EntryPoint","urlTemplate":"https:\/\/doppelwetten.com\/?s={search_term_string}"},"query-input":"required name=search_term_string"}],"inLanguage":"de-DE"},{"@type":"Organization","@id":"https:\/\/doppelwetten.com\/#organization","name":"DoppelWetten","url":"https:\/\/doppelwetten.com\/","logo":{"@type":"ImageObject","inLanguage":"de-DE","@id":"https:\/\/doppelwetten.com\/#\/schema\/logo\/image\/","url":"https:\/\/doppelwetten.com\/wp-content\/uploads\/2021\/05\/google-logo-size.png","contentUrl":"https:\/\/doppelwetten.com\/wp-content\/uploads\/2021\/05\/google-logo-size.png","caption":"DoppelWetten"},"image":{"@id":"https:\/\/doppelwetten.com\/#\/schema\/logo\/image\/"},"sameAs":["https:\/\/twitter.com\/doppelwetten"]}]}},"_links":{"self":[{"href":"https:\/\/doppelwetten.com\/de\/wp-json\/wp\/v2\/pages\/11455"}],"collection":[{"href":"https:\/\/doppelwetten.com\/de\/wp-json\/wp\/v2\/pages"}],"about":[{"href":"https:\/\/doppelwetten.com\/de\/wp-json\/wp\/v2\/types\/page"}],"author":[{"embeddable":true,"href":"https:\/\/doppelwetten.com\/de\/wp-json\/wp\/v2\/users\/1"}],"replies":[{"embeddable":true,"href":"https:\/\/doppelwetten.com\/de\/wp-json\/wp\/v2\/comments?post=11455"}],"version-history":[{"count":5,"href":"https:\/\/doppelwetten.com\/de\/wp-json\/wp\/v2\/pages\/11455\/revisions"}],"predecessor-version":[{"id":27377,"href":"https:\/\/doppelwetten.com\/de\/wp-json\/wp\/v2\/pages\/11455\/revisions\/27377"}],"wp:attachment":[{"href":"https:\/\/doppelwetten.com\/de\/wp-json\/wp\/v2\/media?parent=11455"}],"curies":[{"name":"wp","href":"https:\/\/api.w.org\/{rel}","templated":true}]}}