{"id":10980,"date":"2018-12-14T11:17:07","date_gmt":"2018-12-14T11:17:07","guid":{"rendered":"https:\/\/doppelwetten.com\/2-up-guide\/"},"modified":"2022-11-09T10:28:06","modified_gmt":"2022-11-09T10:28:06","slug":"2-up-angebot-leitfaden","status":"publish","type":"page","link":"https:\/\/doppelwetten.com\/de\/2-up-angebot-leitfaden\/","title":{"rendered":"2-Up Angebot Leitfaden"},"content":{"rendered":"<h2>In diesem Leitfaden werde ich Dir zeigen, wie Du von dem 2-Up-Angebot (Angebot f\u00fcr vorzeitige Auszahlung bei einer 2 Tore-F\u00fchrung) profitieren kannst.<\/h2>\n<p>Dies kann ein sehr lukratives Angebot sein, mit sehr viel Spielraum f\u00fcr individuelle Strategien! Es kann auch sehr aufregend sein, wenn Du das Spiel, auf das Du gewettet hast, live anschaust.<\/p>\n<h1><strong>Wo man das 2-Up Angebot finden kann<\/strong><\/h1>\n<p>Zur Zeit wird das Angebot f\u00fcr vorzeitige Auszahlung von Bet365 und Betano angeboten. In diesem Leitfaden konzentrieren wir uns auf das Angebot von Bet365.<\/p>\n<p><img loading=\"lazy\" class=\"alignnone size-full wp-image-10943\" src=\"https:\/\/doppelwetten.com\/wp-content\/uploads\/2018\/12\/vorzeitige.png\" alt=\"\" width=\"601\" height=\"179\" srcset=\"https:\/\/doppelwetten.com\/wp-content\/uploads\/2018\/12\/vorzeitige.png 601w, https:\/\/doppelwetten.com\/wp-content\/uploads\/2018\/12\/vorzeitige-300x89.png 300w\" sizes=\"(max-width: 601px) 100vw, 601px\" \/><\/p>\n<p>Das Angebot ist f\u00fcr Wetten auf die erste und zweite Bundesliga, sowie Champions League und Europa League Spiele in der Gruppenphase.<\/p>\n<p>Nur Wetten, die auf einen Gewinn eines der beiden Teams gesetzt werden, qualifizieren sich f\u00fcr dieses Angebot.<\/p>\n<p>Es gibt keinen H\u00f6chsteinsatz und keine Mindestquoten.<\/p>\n<h2><strong>Das Angebot im Einzelnen<\/strong><\/h2>\n<p>Das Angebot selbst ist recht einfach.<\/p>\n<p>Du setzt eine Wette darauf, dass entweder Team A oder Team B gewinnt, und sobald Dein Team eine 2 Tore-F\u00fchrung erzielt, rechnet Bet365 Deine Wette ab und zahlt Deinen Gewinn aus, unabh\u00e4ngig davon, ob Deine Wette schlussendlich gewinnt oder nicht.<\/p>\n<p>Falls das Spiel schlie\u00dflich in einem Unentschieden endet oder das andere Team gewinnt, kannst Du Deinen Gewinn trotzdem behalten.<\/p>\n<h2><strong>Wie kannst Du von dem 2-Up-Angebot profitieren?<\/strong><\/h2>\n<p>Das Angebot f\u00fcr vorzeitige Auszahlung funktioniert wie eine Trigger-Wette, d. h. der Trigger ist, dass das Team, auf das Du gewettet hast, mit zwei Toren in F\u00fchrung geht. Falls das nicht passiert, hast Du lediglich einen qualifizierenden Verlust (da Du die qualifizierende Wette gelayed hast), aber keinen Profit. Wie bei allen Trigger-Wetten-Angeboten ist es wichtig, den qualifizierenden Verlust auf ein Minimum zu beschr\u00e4nken, da es sein kann, dass der Trigger nicht eintritt.<\/p>\n<p>In diesem speziellen Fall kann es zwar bei einigen Teams und in bestimmten Spielen gut und gerne der Fall sein, dass sie mit zwei Toren in F\u00fchrung gehen, es ist jedoch weitaus weniger wahrscheinlich, dass sie dann nicht auch das Spiel gewinnen. Wenn dies nicht so w\u00e4re, w\u00fcrden Buchmacher diese Aktion \u00fcberhaupt nicht anbieten.<\/p>\n<p>Wenn der Trigger tats\u00e4chlich eintritt, gibt es verschiedene Strategien, die Du benutzen kannst, um von dem Angebot zu profitieren, und ich werde sie alle weiter unten erkl\u00e4ren. Welche Strategie Du ausw\u00e4hlst, h\u00e4ngt davon ab, in welcher Phase das Spiel zu dem Zeitpunkt ist, zu dem der Buchmacher auszahlt, sowie von Deiner Risikobereitschaft.<\/p>\n<h2><strong>Strategie 1 \u2013 Nichts tun, wenn der Trigger eintritt<\/strong><\/h2>\n<p>Wenn Du Dich f\u00fcr diese Strategie entscheidest, setzt Du lediglich eine qualifizierende Wette auf den Gewinn eines der beiden Teams und layst die Wette ganz normal bei Deiner Wettb\u00f6rse.<\/p>\n<h2><strong><u>M\u00f6gliche Ausg\u00e4nge<\/u><\/strong><\/h2>\n<p><i class=\"icon\">1<\/i>Dein Team geht w\u00e4hrend des gesamten Spiels nie mit zwei Toren in F\u00fchrung. Du hast den Verlust aus deiner qualifizierenden Wette.<\/p>\n<p><i class=\"icon\">2<\/i>Dein Team geht mit zwei Toren in F\u00fchrung und gewinnt dann das Spiel. Du hast den Verlust aus deiner qualifizierenden Wette.<\/p>\n<p><i class=\"icon\">3<\/i>Dein Team geht mit zwei Toren in F\u00fchrung und gewinnt dann nicht das Spiel. Du hast einen relativ hohen Gewinn, da sowohl Deine Back-, als auch Deine Lay-Wette gewinnt.<\/p>\n<p>Die Vorteile dieser Strategie sind erstens, dass Du m\u00f6glicherweise einen hohen Gewinn hast, und zweitens, dass Du das Spiel nicht verfolgen musst.<\/p>\n<p>Der Nachteil ist, dass Du bei einer gro\u00dfen Anzahl von Spielen einen Verlust aus der qualifizierenden Wette hast und keinen Profit, und dies ist der wahrscheinlichste Ausgang.<\/p>\n<h2><strong>Strategie 2 \u2013 Vorzeitige Auszahlung bei der Wettb\u00f6rse, wenn der Trigger eintritt<\/strong><\/h2>\n<p>Um diese Strategie zu verfolgen, musst Du das Spiel entweder angucken oder es zumindest online verfolgen.<\/p>\n<p>Der Gedanke hinter dieser Strategie ist, dass Du, sobald Deine Back-Wette vom Buchmacher ausgezahlt worden ist, eine alleinstehende Lay-Wette hast, die voraussichtlich verlieren wird, also versuchst Du, sie aufzuheben, da Du sie nicht mehr als Gegenwette zu Deiner Back-Wette brauchst.<\/p>\n<p>Hierbei bitte beachten: falls es bei Deiner Wettb\u00f6rse nicht m\u00f6glich ist, einen Cashout auf Wetten zu machen, gibst Du stattdessen eine Back-Wette auf Deiner Wettb\u00f6rse ab, was im Prinzip das Gleiche ist.<\/p>\n<p>Wenn Du mehrere Lay-Wetten auf das gleiche Spiel und Ergebnis auf Deiner Wettb\u00f6rse abgegeben hast, w\u00fcrde ein Cashout au\u00dferdem bedeuten, dass diese Wetten alle aufgehoben w\u00fcrden.<\/p>\n<h2><strong><u>Schrittweise Anleitung<\/u><\/strong><\/h2>\n<p><i class=\"icon\">1<\/i>Finde mit dem <a href=\"https:\/\/doppelwetten.com\/de\/oddsmatcher\/\">Oddsmatcher<\/a> ein passendes Spiel aus einer der qualifizierenden Ligen. Stelle den Filter wie in dem folgenden Screen Shot ein.<\/p>\n<p><img loading=\"lazy\" class=\"alignnone size-full wp-image-14972\" src=\"https:\/\/doppelwetten.com\/wp-content\/uploads\/2019\/04\/filter-2-up-1.jpg\" alt=\"\" width=\"601\" height=\"252\" srcset=\"https:\/\/doppelwetten.com\/wp-content\/uploads\/2019\/04\/filter-2-up-1.jpg 601w, https:\/\/doppelwetten.com\/wp-content\/uploads\/2019\/04\/filter-2-up-1-300x126.jpg 300w\" sizes=\"(max-width: 601px) 100vw, 601px\" \/><\/p>\n<p><i class=\"icon\">2<\/i>W\u00e4hle einen der Eintr\u00e4ge von der Liste (aber kein Unentschieden). Setze Deine Back-Wette bei Bet365 und Deine Lay-Wette bei Deiner Wettb\u00f6rse.<\/p>\n<p><i class=\"icon\">3<\/i>Sobald Dein Team mit zwei Toren in F\u00fchrung geht, vergewissere Dich, dass Bet365 ausgezahlt hat. Wenn Du Dich einloggst, bekommst Du hier\u00fcber eine Nachricht.<\/p>\n<p><i class=\"icon\">4<\/i>Du solltest bereits den DoppelWetten <a href=\"https:\/\/doppelwetten.com\/de\/vorzeitige-auszahlung-rechner\/\">Rechner f\u00fcr vorzeitige Auszahlungen<\/a> parat und die meisten Angaben ausgef\u00fcllt haben, damit Du schnell reagieren kannst. Du kannst unter Tools auf den Rechner zugreifen.<\/p>\n<p><i class=\"icon\">5<\/i>Platziere Deine Back-Wette bei Deiner Wettb\u00f6rse, gem\u00e4\u00df den unten erl\u00e4uterten Optionen.<\/p>\n<p>Das untenstehende Beispiel basiert auf einer pre-Match-Wette auf das Champions League-Spiel zwischen Man Utd und Barcelona. Die Wette ist darauf, dass Barcelona gewinnt, unter der Annahme, dass sie in dem Spiel eine zwei Tore-F\u00fchrung erzielen, und dass die Quote auf einen Gewinn danach 1,20 ist.<\/p>\n<p><img loading=\"lazy\" class=\"alignnone size-full wp-image-14974\" src=\"https:\/\/doppelwetten.com\/wp-content\/uploads\/2019\/04\/breakdown-2-up.jpg\" alt=\"\" width=\"601\" height=\"572\" srcset=\"https:\/\/doppelwetten.com\/wp-content\/uploads\/2019\/04\/breakdown-2-up.jpg 601w, https:\/\/doppelwetten.com\/wp-content\/uploads\/2019\/04\/breakdown-2-up-300x286.jpg 300w\" sizes=\"(max-width: 601px) 100vw, 601px\" \/><\/p>\n<h2><strong><u>Zeilenweise Erl\u00e4uterung der Rechner-Angaben<\/u><\/strong><\/h2>\n<p><strong>Back-Einsatz<\/strong>: Trage hier den Einsatz Deiner Back-Wette bei Bet365 ein. \u20ac50 in diesem Beispiel, aber denke daran, dass es bei diesem Angebot keinen H\u00f6chsteinsatz gibt.<\/p>\n<p><strong>Back-Quote<\/strong>: Die Quote bei Bet365, in diesem Beispiel 2,00.<\/p>\n<p><strong>Back-Provision:<\/strong> Da Bet365 die <a href=\"https:\/\/doppelwetten.com\/de\/knowledge-base\/die-deutsche-wettsteuer\/\">deutsche Wettsteuer<\/a> berechnet, haben wir hier 5% eingetragen.<\/p>\n<p><strong>Lay-Quote<\/strong>: Die pre-Match Lay-Quote bei Deiner Wettb\u00f6rse, zu der Du Deine Lay-Wette platziert hast, in diesem Beispiel 2,11.<\/p>\n<p><strong>Lay-Provision<\/strong>: Die Provision Deiner Wettb\u00f6rse. Da wir Matchbook benutzt haben (jetzt nicht mehr zug\u00e4nglich), haben wir 1,70 eingetragen.<\/p>\n<p><strong>Lay-Einsatz<\/strong>: Der von dem Oddsmatcher errechnete Einsatz f\u00fcr Deine Lay-Wette bei Deiner Wettb\u00f6rse.<\/p>\n<p><strong>Haftung<\/strong>: Die Haftung wird automatisch ausgef\u00fcllt und sollte die Gleiche sein, die Dir beim Setzen Deiner Lay-Wette angezeigt wurde.<\/p>\n<p><strong>Hat der Buchmacher vorzeitig ausgezahlt?:<\/strong> Wenn der Buchmacher vorzeitig ausgezahlt hat, solltest Du dies auf \u2018JA\u2019 \u00e4ndern.<\/p>\n<p><strong>Back-Quote bei der Wettb\u00f6rse<\/strong>: Die derzeitige Back-Quote bei Deiner Wettb\u00f6rse (in den blauen Feldern bei Deiner Wettb\u00f6rse). Es handelt sich um einen f\u00fcr dieses Beispiel angenommenen Wert.<\/p>\n<p><strong>Back-Einsatz:<\/strong> Der Back-Einsatz wird errechnet, und dies ist der Betrag, den Du auf die Back-Wette bei Deiner Wettb\u00f6rse setzen solltest.<\/p>\n<p><strong>Profit-Aufschl\u00fcsselung:<\/strong> In diesem Teil kannst Du sehen, dass wenn Du bei Deiner Wettb\u00f6rse eine Back-Wette von \u20ac79,81 auf Dein Team setzt, Dein garantierter Gewinn \u20ac10,58 sein wird, unabh\u00e4ngig davon, wie das Spiel ausgeht.<\/p>\n<h2><strong><u>Verschiedene Optionen f\u00fcr das Cashout<\/u><\/strong><\/h2>\n<p>Je nachdem, in welcher Phase sich das Spiel befindet, und je nach Deiner Risikobereitschaft, entscheidest Du Dich vielleicht, Deine Back-Wette nicht sofort zu setzen, sondern darauf zu warten, bis das andere Team (noch) ein Tor erzielt. Das w\u00fcrde hei\u00dfen, dass die Back-Quoten auf einen Gewinn Deines Teams bei Deiner Wettb\u00f6rse hoch gehen, und das w\u00fcrde zu einem h\u00f6heren Gewinn f\u00fchren. Aber genausogut kann es nat\u00fcrlich sein, dass Dein Team ein weiteres Tor erzielt, und seine Quoten werden dann noch weiter herunter gehen.<\/p>\n<p>Falls Du Dich wirklich nicht entscheiden kannst, m\u00f6chtest Du vielleicht die n\u00fctzliche \u2018Erweiterter Modus\u2019-Funktion benutzen, die Du in dem grauen Feld des <a href=\"https:\/\/doppelwetten.com\/de\/vorzeitige-auszahlung-rechner\/\">Rechners<\/a> siehst. Hiermit kannst Du einen Teil des Profits sichern und den Rest dem Zufall \u00fcberlassen, mit der M\u00f6glichkeit, einen h\u00f6heren Gewinn zu erzielen. Wenn Du den erweiterten Modus auf \u201aAN\u2019 schaltest, \u00f6ffnet sich ein Schieberegler, der von 0% bis 100% geht, so wie in dem folgenden Screenshot.<\/p>\n<p><img loading=\"lazy\" class=\"alignnone size-full wp-image-14976\" src=\"https:\/\/doppelwetten.com\/wp-content\/uploads\/2019\/04\/payout-2-up.jpg\" alt=\"\" width=\"601\" height=\"345\" srcset=\"https:\/\/doppelwetten.com\/wp-content\/uploads\/2019\/04\/payout-2-up.jpg 601w, https:\/\/doppelwetten.com\/wp-content\/uploads\/2019\/04\/payout-2-up-300x172.jpg 300w\" sizes=\"(max-width: 601px) 100vw, 601px\" \/><\/p>\n<p>Wie Du siehst, sicherst Du bei der Einstellung des Schiebereglers auf 50% einen Gewinn von \u20ac2,60, indem Du eine Back-Wette von nur \u20ac39,91 auf Dein Team bei Deiner Wettb\u00f6rse platzierst; wenn jedoch Dein Team unentschieden spielt oder verliert, ist Dein Gewinn \u20ac50,39.<\/p>\n<p>Wenn Du den Schieberegler auf 0% einstellst, w\u00e4re das das Gleiche wie \u00fcberhaupt keine Back-Wette zu setzen, und dann h\u00e4ttest Du Deinen qualifizierenden Verlust, wenn Dein Team gewinnt, und die Gewinne von Deiner Back- und Deiner Lay-Wette bei den anderen beiden Ausg\u00e4ngen.<\/p>\n<h2>Einige abschlie\u00dfende Anmerkungen<\/h2>\n<p><i class=\"icon\">1<\/i>Wie oben erw\u00e4hnt, kann es eine Weile dauern, bis Du bei diesem Angebot einen Gewinn erzielst, selbst wenn Du es regelm\u00e4\u00dfig machst. Vielleicht musst Du auch ein bisschen Zeit damit verbringen, zu recherchieren, bei welchen Teams es am wahrscheinlichsten ist, dass sie eine zwei Tore-F\u00fchrung wieder aufgeben.<\/p>\n<p><i class=\"icon\">2<\/i>Wenn Du auf den Favoriten wettest, ist es wahrscheinlicher, dass dieses Team mit zwei Toren in F\u00fchrung geht, aber wenn das passiert, werden die Quoten f\u00fcr einen Gewinn des Teams sehr niedrig sein. Wenn Du jedoch auf das andere Team setzt, ist es weniger wahrscheinlich, dass der Trigger eintritt, aber wenn es passiert, wird Dein Gewinn viel h\u00f6her sein.<\/p>\n<p><i class=\"icon\">3<\/i>Keine Sorge, wenn Du andere Lay-Wetten auf das gleiche Ergebnis gesetzt hast, denn mit dem Rechner f\u00fcr vorzeitige Auszahlungen hebst Du nur die Lay-Wette auf, die sich auf dieses Angebot bezieht.<\/p>\n<p><i class=\"icon\">4<\/i>Mach Dir auch keine Sorgen, wenn Dein Kontostand bei Deiner Wettb\u00f6rse niedrig ist, denn wenn Du eine Back-Wette platzierst, reduzierst Du Deine Verbindlichkeit, und Dein Kontostand wird sich sogar erh\u00f6hen, nachdem Du die Back-Wette gesetzt hast.<\/p>\n<p><i class=\"icon\">5<\/i>Wie oben erw\u00e4hnt, gibt es zwar bei diesem speziellen Angebot keinen H\u00f6chsteinsatz, Du solltest jedoch daran denken, dass es merkw\u00fcrdig aussehen w\u00fcrde, wenn Du pl\u00f6tzlich viel h\u00f6here Wetten als zuvor abgeben w\u00fcrdest, und dies k\u00f6nnte dazu f\u00fchren, dass Dein Konto \u2018gegubbt\u2019 wird. F\u00fcr weitere Informationen lies bitte unseren Leitfaden \u00fcber die <a href=\"https:\/\/doppelwetten.com\/de\/knowledge-base\/kontoerhaltung\/\">Kontoerhaltung<\/a>.<\/p>\n<p>Falls Du Fragen zu diesem Leitfaden hast, kannst Du sie gerne im <a href=\"https:\/\/forum.doppelwetten.com\">Forum<\/a> stellen, wo Du auch immer die neuesten Angebote findest.<\/p>\n","protected":false},"excerpt":{"rendered":"<p>In diesem Leitfaden werde ich Dir zeigen, wie Du von dem 2-Up-Angebot (Angebot f\u00fcr vorzeitige Auszahlung bei einer 2 Tore-F\u00fchrung) [&hellip;]<\/p>\n","protected":false},"author":232,"featured_media":0,"parent":0,"menu_order":0,"comment_status":"closed","ping_status":"closed","template":"","meta":{"_mi_skip_tracking":false},"yoast_head":"<!-- This site is optimized with the Yoast SEO plugin v19.13 - https:\/\/yoast.com\/wordpress\/plugins\/seo\/ -->\n<title>2-Up Angebot Leitfaden - Daran verdienen (schrittweise Anleitung)<\/title>\n<meta name=\"description\" content=\"2-Up Leitfaden | von dem Bet365-Angebot f\u00fcr vorzeitige Auszahlung profitieren | funktioniert auch bei eingeschr\u00e4nkten Konten | schrittweise Anleitung\" \/>\n<meta name=\"robots\" content=\"index, follow, max-snippet:-1, max-image-preview:large, max-video-preview:-1\" \/>\n<link rel=\"canonical\" href=\"https:\/\/doppelwetten.com\/de\/2-up-angebot-leitfaden\/\" \/>\n<meta property=\"og:locale\" content=\"de_DE\" \/>\n<meta property=\"og:type\" content=\"article\" \/>\n<meta property=\"og:title\" content=\"2-Up Angebot Leitfaden - Daran verdienen (schrittweise Anleitung)\" \/>\n<meta property=\"og:description\" content=\"2-Up Leitfaden | von dem Bet365-Angebot f\u00fcr vorzeitige Auszahlung profitieren | funktioniert auch bei eingeschr\u00e4nkten Konten | schrittweise Anleitung\" \/>\n<meta property=\"og:url\" content=\"https:\/\/doppelwetten.com\/de\/2-up-angebot-leitfaden\/\" \/>\n<meta property=\"og:site_name\" content=\"DoppelWetten\" \/>\n<meta property=\"article:modified_time\" content=\"2022-11-09T10:28:06+00:00\" \/>\n<meta property=\"og:image\" content=\"https:\/\/doppelwetten.com\/wp-content\/uploads\/2018\/12\/vorzeitige.png\" \/>\n<meta name=\"twitter:card\" content=\"summary_large_image\" \/>\n<meta name=\"twitter:site\" content=\"@doppelwetten\" \/>\n<meta name=\"twitter:label1\" content=\"Gesch\u00e4tzte Lesezeit\" \/>\n\t<meta name=\"twitter:data1\" content=\"8 Minuten\" \/>\n<script type=\"application\/ld+json\" class=\"yoast-schema-graph\">{\"@context\":\"https:\/\/schema.org\",\"@graph\":[{\"@type\":\"WebPage\",\"@id\":\"https:\/\/doppelwetten.com\/de\/2-up-angebot-leitfaden\/\",\"url\":\"https:\/\/doppelwetten.com\/de\/2-up-angebot-leitfaden\/\",\"name\":\"2-Up Angebot Leitfaden - Daran verdienen (schrittweise Anleitung)\",\"isPartOf\":{\"@id\":\"https:\/\/doppelwetten.com\/#website\"},\"datePublished\":\"2018-12-14T11:17:07+00:00\",\"dateModified\":\"2022-11-09T10:28:06+00:00\",\"description\":\"2-Up Leitfaden | von dem Bet365-Angebot f\u00fcr vorzeitige Auszahlung profitieren | funktioniert auch bei eingeschr\u00e4nkten Konten | schrittweise Anleitung\",\"breadcrumb\":{\"@id\":\"https:\/\/doppelwetten.com\/de\/2-up-angebot-leitfaden\/#breadcrumb\"},\"inLanguage\":\"de-DE\",\"potentialAction\":[{\"@type\":\"ReadAction\",\"target\":[\"https:\/\/doppelwetten.com\/de\/2-up-angebot-leitfaden\/\"]}]},{\"@type\":\"BreadcrumbList\",\"@id\":\"https:\/\/doppelwetten.com\/de\/2-up-angebot-leitfaden\/#breadcrumb\",\"itemListElement\":[{\"@type\":\"ListItem\",\"position\":1,\"name\":\"Home\",\"item\":\"https:\/\/doppelwetten.com\/de\/\"},{\"@type\":\"ListItem\",\"position\":2,\"name\":\"2-Up Angebot Leitfaden\"}]},{\"@type\":\"WebSite\",\"@id\":\"https:\/\/doppelwetten.com\/#website\",\"url\":\"https:\/\/doppelwetten.com\/\",\"name\":\"DoppelWetten\",\"description\":\"risikolosen Wetten (Schritt f\u00fcr Schritt)\",\"publisher\":{\"@id\":\"https:\/\/doppelwetten.com\/#organization\"},\"potentialAction\":[{\"@type\":\"SearchAction\",\"target\":{\"@type\":\"EntryPoint\",\"urlTemplate\":\"https:\/\/doppelwetten.com\/?s={search_term_string}\"},\"query-input\":\"required name=search_term_string\"}],\"inLanguage\":\"de-DE\"},{\"@type\":\"Organization\",\"@id\":\"https:\/\/doppelwetten.com\/#organization\",\"name\":\"DoppelWetten\",\"url\":\"https:\/\/doppelwetten.com\/\",\"logo\":{\"@type\":\"ImageObject\",\"inLanguage\":\"de-DE\",\"@id\":\"https:\/\/doppelwetten.com\/#\/schema\/logo\/image\/\",\"url\":\"https:\/\/doppelwetten.com\/wp-content\/uploads\/2021\/05\/google-logo-size.png\",\"contentUrl\":\"https:\/\/doppelwetten.com\/wp-content\/uploads\/2021\/05\/google-logo-size.png\",\"caption\":\"DoppelWetten\"},\"image\":{\"@id\":\"https:\/\/doppelwetten.com\/#\/schema\/logo\/image\/\"},\"sameAs\":[\"https:\/\/twitter.com\/doppelwetten\"]}]}<\/script>\n<!-- \/ Yoast SEO plugin. -->","yoast_head_json":{"title":"2-Up Angebot Leitfaden - Daran verdienen (schrittweise Anleitung)","description":"2-Up Leitfaden | von dem Bet365-Angebot f\u00fcr vorzeitige Auszahlung profitieren | funktioniert auch bei eingeschr\u00e4nkten Konten | schrittweise Anleitung","robots":{"index":"index","follow":"follow","max-snippet":"max-snippet:-1","max-image-preview":"max-image-preview:large","max-video-preview":"max-video-preview:-1"},"canonical":"https:\/\/doppelwetten.com\/de\/2-up-angebot-leitfaden\/","og_locale":"de_DE","og_type":"article","og_title":"2-Up Angebot Leitfaden - Daran verdienen (schrittweise Anleitung)","og_description":"2-Up Leitfaden | von dem Bet365-Angebot f\u00fcr vorzeitige Auszahlung profitieren | funktioniert auch bei eingeschr\u00e4nkten Konten | schrittweise Anleitung","og_url":"https:\/\/doppelwetten.com\/de\/2-up-angebot-leitfaden\/","og_site_name":"DoppelWetten","article_modified_time":"2022-11-09T10:28:06+00:00","og_image":[{"url":"https:\/\/doppelwetten.com\/wp-content\/uploads\/2018\/12\/vorzeitige.png"}],"twitter_card":"summary_large_image","twitter_site":"@doppelwetten","twitter_misc":{"Gesch\u00e4tzte Lesezeit":"8 Minuten"},"schema":{"@context":"https:\/\/schema.org","@graph":[{"@type":"WebPage","@id":"https:\/\/doppelwetten.com\/de\/2-up-angebot-leitfaden\/","url":"https:\/\/doppelwetten.com\/de\/2-up-angebot-leitfaden\/","name":"2-Up Angebot Leitfaden - Daran verdienen (schrittweise Anleitung)","isPartOf":{"@id":"https:\/\/doppelwetten.com\/#website"},"datePublished":"2018-12-14T11:17:07+00:00","dateModified":"2022-11-09T10:28:06+00:00","description":"2-Up Leitfaden | von dem Bet365-Angebot f\u00fcr vorzeitige Auszahlung profitieren | funktioniert auch bei eingeschr\u00e4nkten Konten | schrittweise Anleitung","breadcrumb":{"@id":"https:\/\/doppelwetten.com\/de\/2-up-angebot-leitfaden\/#breadcrumb"},"inLanguage":"de-DE","potentialAction":[{"@type":"ReadAction","target":["https:\/\/doppelwetten.com\/de\/2-up-angebot-leitfaden\/"]}]},{"@type":"BreadcrumbList","@id":"https:\/\/doppelwetten.com\/de\/2-up-angebot-leitfaden\/#breadcrumb","itemListElement":[{"@type":"ListItem","position":1,"name":"Home","item":"https:\/\/doppelwetten.com\/de\/"},{"@type":"ListItem","position":2,"name":"2-Up Angebot Leitfaden"}]},{"@type":"WebSite","@id":"https:\/\/doppelwetten.com\/#website","url":"https:\/\/doppelwetten.com\/","name":"DoppelWetten","description":"risikolosen Wetten (Schritt f\u00fcr Schritt)","publisher":{"@id":"https:\/\/doppelwetten.com\/#organization"},"potentialAction":[{"@type":"SearchAction","target":{"@type":"EntryPoint","urlTemplate":"https:\/\/doppelwetten.com\/?s={search_term_string}"},"query-input":"required name=search_term_string"}],"inLanguage":"de-DE"},{"@type":"Organization","@id":"https:\/\/doppelwetten.com\/#organization","name":"DoppelWetten","url":"https:\/\/doppelwetten.com\/","logo":{"@type":"ImageObject","inLanguage":"de-DE","@id":"https:\/\/doppelwetten.com\/#\/schema\/logo\/image\/","url":"https:\/\/doppelwetten.com\/wp-content\/uploads\/2021\/05\/google-logo-size.png","contentUrl":"https:\/\/doppelwetten.com\/wp-content\/uploads\/2021\/05\/google-logo-size.png","caption":"DoppelWetten"},"image":{"@id":"https:\/\/doppelwetten.com\/#\/schema\/logo\/image\/"},"sameAs":["https:\/\/twitter.com\/doppelwetten"]}]}},"_links":{"self":[{"href":"https:\/\/doppelwetten.com\/de\/wp-json\/wp\/v2\/pages\/10980"}],"collection":[{"href":"https:\/\/doppelwetten.com\/de\/wp-json\/wp\/v2\/pages"}],"about":[{"href":"https:\/\/doppelwetten.com\/de\/wp-json\/wp\/v2\/types\/page"}],"author":[{"embeddable":true,"href":"https:\/\/doppelwetten.com\/de\/wp-json\/wp\/v2\/users\/232"}],"replies":[{"embeddable":true,"href":"https:\/\/doppelwetten.com\/de\/wp-json\/wp\/v2\/comments?post=10980"}],"version-history":[{"count":5,"href":"https:\/\/doppelwetten.com\/de\/wp-json\/wp\/v2\/pages\/10980\/revisions"}],"predecessor-version":[{"id":29810,"href":"https:\/\/doppelwetten.com\/de\/wp-json\/wp\/v2\/pages\/10980\/revisions\/29810"}],"wp:attachment":[{"href":"https:\/\/doppelwetten.com\/de\/wp-json\/wp\/v2\/media?parent=10980"}],"curies":[{"name":"wp","href":"https:\/\/api.w.org\/{rel}","templated":true}]}}