{"id":10705,"date":"2018-12-09T15:04:47","date_gmt":"2018-12-09T15:04:47","guid":{"rendered":"https:\/\/doppelwetten.com\/guide-to-matchbook\/"},"modified":"2021-07-13T01:28:32","modified_gmt":"2021-07-13T01:28:32","slug":"matchbook-leitfaden","status":"publish","type":"page","link":"https:\/\/doppelwetten.com\/de\/matchbook-leitfaden\/","title":{"rendered":"Matchbook Leitfaden"},"content":{"rendered":"<div class=\"shortcode-wrapper shortcode-content-box clearfix\"><div class=\"hb-box-cont light-style\" style=\"background-color: #4c89bf\"><div class=\"hb-box-cont-body\">In diesem Leitfaden zeige ich Euch alles, was ihr braucht, um die Wettb\u00f6rse Matchbook zu benutzen.<\/p>\n<p>Ohne Wettb\u00f6rsen k\u00f6nnte es kein Matched Betting geben.<\/p>\n<p>Durch Wettb\u00f6rsen wird es erm\u00f6glicht, gegen die Buchmacher-Wette zu wetten und <strong>Matched Betting risikofrei zu machen<\/strong>.<\/p>\n<p>In diesem Post werde ich Euch die Seite vorstellen und erkl\u00e4ren, wie Lay-Wetten funktionieren.<\/p>\n<p>Fangen wir an&#8230;<\/p>\n<\/div><\/div><\/div>\n<h1><strong>Matchbook Wettb\u00f6rse<\/strong><\/h1>\n<p>Jeder Matched Wetten-Einsatz besteht aus einer Back-Wette und einer Lay-Wette. Deswegen benutzt man eine Wettb\u00f6rse wie Matchbook bei jeder Matched Betting-Wette.<\/p>\n<p>Es ist wirklich wichtig, die Matchbook Website zu verstehen.<br \/>\nWichtig: Matchbook ist kein Buchmacher. Es ist eine Wettb\u00f6rse und diese erm\u00f6glicht es, Lay-Wetten zu platzieren. Das hei\u00dft, man wettet darauf, dass etwas nicht passieren wird, so wie z.B. dass Manchester United nicht gewinnen wird.<\/p>\n<p>Vielleicht habt Ihr von Betfair, Smarkets oder Betdaq geh\u00f6rt; dies sind alles Wettb\u00f6rsen.<\/p>\n<p>In \u00d6sterreich und der Schweiz hat man als Direktkunde Zugang zu Matchbook. Allerdings berechnet Matchbook au\u00dferhalb von UK 4% Provision. Wenn Ihr Euch trotzdem bei Matchbook anmelden m\u00f6chtet, w\u00e4ren wir Euch dankbar, wenn Ihr Euch \u00fcber <a href=\"https:\/\/www.matchbook.com\" class=\"broken_link\">diesen Link<\/a> anmelden w\u00fcrdet. Danke!<\/p>\n<p>Man kann sich jedoch auch \u00fcber <a href=\"https:\/\/doppelwetten.com\/de\/was-ist-ein-wettbroker\/\">Wettbroker<\/a>\u00a0bei anderen Wettb\u00f6rsen, z. B. sog. Betfair White Label Wettb\u00f6rsen, anmelden.<\/p>\n<p><a href=\"https:\/\/www.matchbook.com\" class=\"broken_link\"><img loading=\"lazy\" class=\"alignnone wp-image-6203\" src=\"https:\/\/doppelwetten.com\/wp-content\/uploads\/2017\/11\/Matchbook-logo.png\" alt=\"\" width=\"339\" height=\"170\" srcset=\"https:\/\/doppelwetten.com\/wp-content\/uploads\/2017\/11\/Matchbook-logo.png 800w, https:\/\/doppelwetten.com\/wp-content\/uploads\/2017\/11\/Matchbook-logo-300x150.png 300w, https:\/\/doppelwetten.com\/wp-content\/uploads\/2017\/11\/Matchbook-logo-768x385.png 768w\" sizes=\"(max-width: 339px) 100vw, 339px\" \/><\/a><\/p>\n<h2><strong>Los geht\u2019s bei Matchbook<\/strong><\/h2>\n<p>Die Bilder der Matchbook-Startseite \u00e4ndern sich st\u00e4ndig, aber der Rest sollte ungef\u00e4hr so aussehen wie dieser Screenshot:<\/p>\n<p><img loading=\"lazy\" class=\"size-full wp-image-6197 alignnone\" src=\"https:\/\/doppelwetten.com\/wp-content\/uploads\/2017\/11\/Capture-1-1.png\" alt=\"Matchbook\" width=\"1282\" height=\"594\" srcset=\"https:\/\/doppelwetten.com\/wp-content\/uploads\/2017\/11\/Capture-1-1.png 1282w, https:\/\/doppelwetten.com\/wp-content\/uploads\/2017\/11\/Capture-1-1-300x139.png 300w, https:\/\/doppelwetten.com\/wp-content\/uploads\/2017\/11\/Capture-1-1-768x356.png 768w, https:\/\/doppelwetten.com\/wp-content\/uploads\/2017\/11\/Capture-1-1-1024x474.png 1024w\" sizes=\"(max-width: 1282px) 100vw, 1282px\" \/><\/p>\n<p>Normalerweise wird man ja direkt vom Oddsmatcher zu dem richtigen Spiel geleitet, aber es gibt auch eine Suchfunktion, die viel Zeit spart, wenn man aus irgendeinem Grund ein Spiel selber auf Matchbook heraussuchen will.<\/p>\n<p>Alternativ kann man das Spiel aber auch manuell suchen, und zwar auf der linken Seite des Bildschirms.<\/p>\n<p><img loading=\"lazy\" class=\"size-full wp-image-6198 alignnone\" src=\"https:\/\/doppelwetten.com\/wp-content\/uploads\/2017\/11\/Capture-6.png\" alt=\"Matchbook\" width=\"1354\" height=\"611\" srcset=\"https:\/\/doppelwetten.com\/wp-content\/uploads\/2017\/11\/Capture-6.png 1354w, https:\/\/doppelwetten.com\/wp-content\/uploads\/2017\/11\/Capture-6-300x135.png 300w, https:\/\/doppelwetten.com\/wp-content\/uploads\/2017\/11\/Capture-6-768x347.png 768w, https:\/\/doppelwetten.com\/wp-content\/uploads\/2017\/11\/Capture-6-1024x462.png 1024w\" sizes=\"(max-width: 1354px) 100vw, 1354px\" \/><\/p>\n<h2><strong>Die Matched Wette Finden<\/strong><\/h2>\n<p>Angenommen, man sucht das Spiel Basel gegen Manchester United. Man gibt einfach Manchester in das Suchfeld ein und w\u00e4hlt das Spiel dann aus der Dropdown-Liste aus.<\/p>\n<p><img loading=\"lazy\" class=\"size-full wp-image-6199 alignnone\" src=\"https:\/\/doppelwetten.com\/wp-content\/uploads\/2017\/11\/Capture-2-1.png\" alt=\"Matchbook\" width=\"740\" height=\"550\" srcset=\"https:\/\/doppelwetten.com\/wp-content\/uploads\/2017\/11\/Capture-2-1.png 740w, https:\/\/doppelwetten.com\/wp-content\/uploads\/2017\/11\/Capture-2-1-300x223.png 300w\" sizes=\"(max-width: 740px) 100vw, 740px\" \/><\/p>\n<p>Sobald ein Spiel ausgew\u00e4hlt wurde, sieht man alle verf\u00fcgbaren Auswahlm\u00f6glichkeiten und Quoten.<\/p>\n<p><img loading=\"lazy\" class=\"size-full wp-image-6201 alignnone\" src=\"https:\/\/doppelwetten.com\/wp-content\/uploads\/2017\/11\/Capture-4-1.png\" alt=\"Matchbook\" width=\"801\" height=\"315\" srcset=\"https:\/\/doppelwetten.com\/wp-content\/uploads\/2017\/11\/Capture-4-1.png 801w, https:\/\/doppelwetten.com\/wp-content\/uploads\/2017\/11\/Capture-4-1-300x118.png 300w, https:\/\/doppelwetten.com\/wp-content\/uploads\/2017\/11\/Capture-4-1-768x302.png 768w\" sizes=\"(max-width: 801px) 100vw, 801px\" \/><\/p>\n<h2><strong>ERKL\u00c4RUNG DER MATCH ODDS<\/strong><\/h2>\n<p>Unter \u201eMatch Odds\u201c sieht man die verf\u00fcgbaren Auswahlm\u00f6glichkeiten. Diese sind hier FC Basel, Manchester United und ein Unentschieden (\u201eDraw\u201c).<\/p>\n<p>Die Quoten f\u00fcr die Back-Wetten sind in blau hinterlegt. Die Back Bet ist die Wette, die man beim Buchmacher platziert, und diese wettet, dass etwas geschehen wird.<\/p>\n<p>Nun zum rosa eingef\u00e4rbten Bereich. Hier geht es um die Lay-Wette, und es ist genau diese Information, die bei Matchbook wichtig ist. Eine Lay-Wette wird platziert, wenn man darauf setzt, dass etwas nicht passiert. Zum Beispiel, dass Manchester United nicht gewinnen wird. Gibt es am Ende ein Unentschieden oder der FC Basel gewinnt das Spiel, dann hat die Lay-Wette gewonnen.<\/p>\n<p>Die kleine Zahl unter den Quoten zeigen den Geldbetrag an, der f\u00fcr die jeweilige Auswahl zur Verf\u00fcgung steht.<\/p>\n<p>So kann man zum Beispiel auf Manchester United setzen, bei einer Quote von 2,02 und mit einem maximalen Einsatz von \u20ac139. Falls man jedoch \u20ac140 setzen w\u00fcrde, w\u00e4re ein Teil der Wette &#8222;unmatched&#8220;. Das hei\u00dft, dass nur ein Teil der Wette platziert wurde, da nicht genug Geld zur Verf\u00fcgung steht. Der Betrag von \u20ac1 w\u00fcrde &#8222;unmatched&#8220; bleiben, bis sich entweder jemand entschlie\u00dft, eine Back-Wette \u00fcber den Betrag abzuschlie\u00dfen, oder bis das Spiel beginnt. Alle Betr\u00e4ge, die noch &#8222;unmatched&#8220; sind, werden zu Spielbeginn auf das Konto zur\u00fcckgezahlt.<\/p>\n<p>Der folgende Abschnitt erkl\u00e4rt das Thema der Haftung; dies wurde bereits im\u00a0<u><a href=\"https:\/\/doppelwetten.com\/de\/matched-betting-anfaengerkurs\/\">Matched Betting Leitfaden<\/a><\/u>\u00a0erw\u00e4hnt. Wer das Thema der Haftung bereits verstanden hat, kann diesen Abschnitt gerne \u00fcberspringen. Ansonsten bitte weiterlesen.<\/p>\n<h2>Haftung<\/h2>\n<p>Haftung stiftet oft etwas Verwirrung, besonders beim Platzieren von Lay-Wetten. Die Haftung ist das Geld, das man verlieren kann, wenn die Lay-Wette verliert. Aber dran denken: verliert man die Haftung an der Wettb\u00f6rse, gewinnt man das Geld beim Buchmacher.<\/p>\n<p>Verliert man beim Buchmacher, ist die Haftung leicht zu berechnen. Sie entspricht dem Einsatz. Setzt man \u20ac10 auf ein Spiel, betr\u00e4gt die Summe Geld, die man verlieren kann, \u20ac10. Bei Lay-Wetten sieht das mit der Haftung anders aus. Die Formel ist wie folgt: (Einsatz x Dezimalquoten) \u2013 Einsatz = Haftung. Platziert man eine Lay-Wette mit einer Quote von 6 und einem Einsatz von \u20ac10, dann w\u00e4re die Haftung (10 x 6) \u2013 10 = \u20ac50.<\/p>\n<p>Somit ist klar, dass die Haftung bei der Abgabe einer Lay-Wette wesentlich h\u00f6her sein kann als die Haftung bei einer Wette beim Buchmacher (der Back-Wette). Aber nochmals, dar\u00fcber braucht man sich keine Sorgen zu machen, denn die Haftung, die entweder beim Bookie oder an der B\u00f6rse verloren geht, wird auf der anderen Seite gewonnen. Es ist jedoch wichtig, zu \u00fcberpr\u00fcfen, dass man gen\u00fcgend Geld auf dem Konto hat, um die Lay-Wette bei Matchbook zu platzieren, bevor man die Back Bet beim Buchmacher platziert.<\/p>\n<p>Das obige Beispiel verdeutlicht, warum ein gr\u00f6\u00dferer Float besser ist als ein zu kleiner. Je gr\u00f6\u00dfer der Float, desto mehr Wetten kann man gleichzeitig setzen und desto mehr Angebote kann man in Anspruch nehmen.<\/p>\n<h2><strong>Lay-Wetten bei Matchbook platzieren<\/strong><\/h2>\n<p>Der\u00a0Matched Betting Leitfaden\u00a0erkl\u00e4rt, dass der Oddsmatcher alle Berechnungen \u00fcbernimmt. Es wird genau angezeigt, wie viel Geld bei der Back-Wette und bei der Lay-Wette gesetzt werden sollte, und welche Auswahl genommen werden soll. Man muss nur noch pr\u00fcfen, ob der Einsatz und die Haftung mit dem Oddsmatcher \u00fcbereinstimmen. \u00c4ndern sich die Quoten, kann man einfach die neuen Quoten zum Oddsmatcher hinzuf\u00fcgen und es wird eine neue Berechnung durchgef\u00fchrt.<\/p>\n","protected":false},"excerpt":{"rendered":"<p>Matchbook Wettb\u00f6rse Jeder Matched Wetten-Einsatz besteht aus einer Back-Wette und einer Lay-Wette. Deswegen benutzt man eine Wettb\u00f6rse wie Matchbook bei [&hellip;]<\/p>\n","protected":false},"author":1,"featured_media":0,"parent":0,"menu_order":0,"comment_status":"closed","ping_status":"closed","template":"","meta":{"_mi_skip_tracking":false},"yoast_head":"<!-- This site is optimized with the Yoast SEO plugin v19.13 - https:\/\/yoast.com\/wordpress\/plugins\/seo\/ -->\n<title>Matchbook Leitfaden - DoppelWetten<\/title>\n<meta name=\"robots\" content=\"index, follow, max-snippet:-1, max-image-preview:large, max-video-preview:-1\" \/>\n<link rel=\"canonical\" href=\"https:\/\/doppelwetten.com\/de\/matchbook-leitfaden\/\" \/>\n<meta property=\"og:locale\" content=\"de_DE\" \/>\n<meta property=\"og:type\" content=\"article\" \/>\n<meta property=\"og:title\" content=\"Matchbook Leitfaden - DoppelWetten\" \/>\n<meta property=\"og:description\" content=\"Matchbook Wettb\u00f6rse Jeder Matched Wetten-Einsatz besteht aus einer Back-Wette und einer Lay-Wette. Deswegen benutzt man eine Wettb\u00f6rse wie Matchbook bei [&hellip;]\" \/>\n<meta property=\"og:url\" content=\"https:\/\/doppelwetten.com\/de\/matchbook-leitfaden\/\" \/>\n<meta property=\"og:site_name\" content=\"DoppelWetten\" \/>\n<meta property=\"article:modified_time\" content=\"2021-07-13T01:28:32+00:00\" \/>\n<meta property=\"og:image\" content=\"https:\/\/doppelwetten.com\/wp-content\/uploads\/2017\/11\/Matchbook-logo.png\" \/>\n<meta name=\"twitter:card\" content=\"summary_large_image\" \/>\n<meta name=\"twitter:site\" content=\"@doppelwetten\" \/>\n<meta name=\"twitter:label1\" content=\"Gesch\u00e4tzte Lesezeit\" \/>\n\t<meta name=\"twitter:data1\" content=\"5 Minuten\" \/>\n<script type=\"application\/ld+json\" class=\"yoast-schema-graph\">{\"@context\":\"https:\/\/schema.org\",\"@graph\":[{\"@type\":\"WebPage\",\"@id\":\"https:\/\/doppelwetten.com\/de\/matchbook-leitfaden\/\",\"url\":\"https:\/\/doppelwetten.com\/de\/matchbook-leitfaden\/\",\"name\":\"Matchbook Leitfaden - DoppelWetten\",\"isPartOf\":{\"@id\":\"https:\/\/doppelwetten.com\/#website\"},\"datePublished\":\"2018-12-09T15:04:47+00:00\",\"dateModified\":\"2021-07-13T01:28:32+00:00\",\"breadcrumb\":{\"@id\":\"https:\/\/doppelwetten.com\/de\/matchbook-leitfaden\/#breadcrumb\"},\"inLanguage\":\"de-DE\",\"potentialAction\":[{\"@type\":\"ReadAction\",\"target\":[\"https:\/\/doppelwetten.com\/de\/matchbook-leitfaden\/\"]}]},{\"@type\":\"BreadcrumbList\",\"@id\":\"https:\/\/doppelwetten.com\/de\/matchbook-leitfaden\/#breadcrumb\",\"itemListElement\":[{\"@type\":\"ListItem\",\"position\":1,\"name\":\"Home\",\"item\":\"https:\/\/doppelwetten.com\/de\/\"},{\"@type\":\"ListItem\",\"position\":2,\"name\":\"Matchbook Leitfaden\"}]},{\"@type\":\"WebSite\",\"@id\":\"https:\/\/doppelwetten.com\/#website\",\"url\":\"https:\/\/doppelwetten.com\/\",\"name\":\"DoppelWetten\",\"description\":\"risikolosen Wetten (Schritt f\u00fcr Schritt)\",\"publisher\":{\"@id\":\"https:\/\/doppelwetten.com\/#organization\"},\"potentialAction\":[{\"@type\":\"SearchAction\",\"target\":{\"@type\":\"EntryPoint\",\"urlTemplate\":\"https:\/\/doppelwetten.com\/?s={search_term_string}\"},\"query-input\":\"required name=search_term_string\"}],\"inLanguage\":\"de-DE\"},{\"@type\":\"Organization\",\"@id\":\"https:\/\/doppelwetten.com\/#organization\",\"name\":\"DoppelWetten\",\"url\":\"https:\/\/doppelwetten.com\/\",\"logo\":{\"@type\":\"ImageObject\",\"inLanguage\":\"de-DE\",\"@id\":\"https:\/\/doppelwetten.com\/#\/schema\/logo\/image\/\",\"url\":\"https:\/\/doppelwetten.com\/wp-content\/uploads\/2021\/05\/google-logo-size.png\",\"contentUrl\":\"https:\/\/doppelwetten.com\/wp-content\/uploads\/2021\/05\/google-logo-size.png\",\"caption\":\"DoppelWetten\"},\"image\":{\"@id\":\"https:\/\/doppelwetten.com\/#\/schema\/logo\/image\/\"},\"sameAs\":[\"https:\/\/twitter.com\/doppelwetten\"]}]}<\/script>\n<!-- \/ Yoast SEO plugin. -->","yoast_head_json":{"title":"Matchbook Leitfaden - DoppelWetten","robots":{"index":"index","follow":"follow","max-snippet":"max-snippet:-1","max-image-preview":"max-image-preview:large","max-video-preview":"max-video-preview:-1"},"canonical":"https:\/\/doppelwetten.com\/de\/matchbook-leitfaden\/","og_locale":"de_DE","og_type":"article","og_title":"Matchbook Leitfaden - DoppelWetten","og_description":"Matchbook Wettb\u00f6rse Jeder Matched Wetten-Einsatz besteht aus einer Back-Wette und einer Lay-Wette. Deswegen benutzt man eine Wettb\u00f6rse wie Matchbook bei [&hellip;]","og_url":"https:\/\/doppelwetten.com\/de\/matchbook-leitfaden\/","og_site_name":"DoppelWetten","article_modified_time":"2021-07-13T01:28:32+00:00","og_image":[{"url":"https:\/\/doppelwetten.com\/wp-content\/uploads\/2017\/11\/Matchbook-logo.png"}],"twitter_card":"summary_large_image","twitter_site":"@doppelwetten","twitter_misc":{"Gesch\u00e4tzte Lesezeit":"5 Minuten"},"schema":{"@context":"https:\/\/schema.org","@graph":[{"@type":"WebPage","@id":"https:\/\/doppelwetten.com\/de\/matchbook-leitfaden\/","url":"https:\/\/doppelwetten.com\/de\/matchbook-leitfaden\/","name":"Matchbook Leitfaden - DoppelWetten","isPartOf":{"@id":"https:\/\/doppelwetten.com\/#website"},"datePublished":"2018-12-09T15:04:47+00:00","dateModified":"2021-07-13T01:28:32+00:00","breadcrumb":{"@id":"https:\/\/doppelwetten.com\/de\/matchbook-leitfaden\/#breadcrumb"},"inLanguage":"de-DE","potentialAction":[{"@type":"ReadAction","target":["https:\/\/doppelwetten.com\/de\/matchbook-leitfaden\/"]}]},{"@type":"BreadcrumbList","@id":"https:\/\/doppelwetten.com\/de\/matchbook-leitfaden\/#breadcrumb","itemListElement":[{"@type":"ListItem","position":1,"name":"Home","item":"https:\/\/doppelwetten.com\/de\/"},{"@type":"ListItem","position":2,"name":"Matchbook Leitfaden"}]},{"@type":"WebSite","@id":"https:\/\/doppelwetten.com\/#website","url":"https:\/\/doppelwetten.com\/","name":"DoppelWetten","description":"risikolosen Wetten (Schritt f\u00fcr Schritt)","publisher":{"@id":"https:\/\/doppelwetten.com\/#organization"},"potentialAction":[{"@type":"SearchAction","target":{"@type":"EntryPoint","urlTemplate":"https:\/\/doppelwetten.com\/?s={search_term_string}"},"query-input":"required name=search_term_string"}],"inLanguage":"de-DE"},{"@type":"Organization","@id":"https:\/\/doppelwetten.com\/#organization","name":"DoppelWetten","url":"https:\/\/doppelwetten.com\/","logo":{"@type":"ImageObject","inLanguage":"de-DE","@id":"https:\/\/doppelwetten.com\/#\/schema\/logo\/image\/","url":"https:\/\/doppelwetten.com\/wp-content\/uploads\/2021\/05\/google-logo-size.png","contentUrl":"https:\/\/doppelwetten.com\/wp-content\/uploads\/2021\/05\/google-logo-size.png","caption":"DoppelWetten"},"image":{"@id":"https:\/\/doppelwetten.com\/#\/schema\/logo\/image\/"},"sameAs":["https:\/\/twitter.com\/doppelwetten"]}]}},"_links":{"self":[{"href":"https:\/\/doppelwetten.com\/de\/wp-json\/wp\/v2\/pages\/10705"}],"collection":[{"href":"https:\/\/doppelwetten.com\/de\/wp-json\/wp\/v2\/pages"}],"about":[{"href":"https:\/\/doppelwetten.com\/de\/wp-json\/wp\/v2\/types\/page"}],"author":[{"embeddable":true,"href":"https:\/\/doppelwetten.com\/de\/wp-json\/wp\/v2\/users\/1"}],"replies":[{"embeddable":true,"href":"https:\/\/doppelwetten.com\/de\/wp-json\/wp\/v2\/comments?post=10705"}],"version-history":[{"count":5,"href":"https:\/\/doppelwetten.com\/de\/wp-json\/wp\/v2\/pages\/10705\/revisions"}],"predecessor-version":[{"id":25926,"href":"https:\/\/doppelwetten.com\/de\/wp-json\/wp\/v2\/pages\/10705\/revisions\/25926"}],"wp:attachment":[{"href":"https:\/\/doppelwetten.com\/de\/wp-json\/wp\/v2\/media?parent=10705"}],"curies":[{"name":"wp","href":"https:\/\/api.w.org\/{rel}","templated":true}]}}